{"id":2488,"date":"2021-04-19T16:02:33","date_gmt":"2021-04-19T16:02:33","guid":{"rendered":"https:\/\/mistersafari.com\/fr\/safari-kenya\/lodges\/angama-mara\/"},"modified":"2021-04-21T15:48:45","modified_gmt":"2021-04-21T15:48:45","slug":"angama-mara","status":"publish","type":"page","link":"https:\/\/mistersafari.com\/fr\/safari-kenya\/lodges\/angama-mara\/","title":{"rendered":"Angama Mara"},"content":{"rendered":"\n<p>Situ\u00e9 aux portes de la R\u00e9serve de Masa\u00ef Mara, le lodge Angama Mara est un endroit combinant luxe et nature \u00e0 la perfection. Si l\u2019on s\u2019arr\u00eate \u00e0 Angama Mara, c\u2019est bien pour ses panoramas \u00e9poustouflants. Mais pas seulement ! D\u00e9couvrez en plus sur cet h\u00e9bergement hors du commun.<\/p>\n\n\n\n<h2 class=\"wp-block-heading\">Pourquoi loger \u00e0 Angama Mara ?<\/h2>\n\n\n\n<p>En Swahili, \u201cAngama\u201d signifie suspendu dans les airs. C\u2019est une traduction tr\u00e8s repr\u00e9sentative puisque ce lodge est litt\u00e9ralement suspendu aux roches de la Vall\u00e9e du Rift. Il surplombe le Triangle de Mara \u00e0 environ 300 m\u00e8tres de hauteur, dans la <a href=\"https:\/\/mistersafari.com\/fr\/safari-kenya\/parcs-reserves\/masai-mara\/\">R\u00e9serve du Masa\u00ef Mara<\/a>.<\/p>\n\n\n\n<p>L\u2019ensemble des infrastructures du lodge ont \u00e9t\u00e9 construites en toile, en bois et en verre. La pr\u00e9dominance des fen\u00eatres et baies vitr\u00e9es permet d\u2019offrir une vue imprenable surplombant la R\u00e9serve.&nbsp;<\/p>\n\n\n\n<p><strong>Chaque espace du lodge, que ce soit les espaces communs ou les suites, dispose d\u2019une vue unique sur le Mara.<\/strong><\/p>\n\n\n\n<p>Dans ce lodge haut de gamme, chaque suite en tente dispose de vues toutes plus \u00e9poustouflantes les unes que les autres. Les larges baies vitr\u00e9es de 11 m\u00e8tres donnent sur les plaines du Masa\u00ef Mara offrant un panorama \u00e0 180\u00b0 depuis chaque lieu de la suite : de votre lit, de la baignoire, du bureau et bien s\u00fbr de la terrasse. Dot\u00e9es d\u2019un minibar gratuit et bien garni, les tentes de 100m2 sont spacieuses avec leur propre terrasse en bois sur\u00e9lev\u00e9e sur pilotis. Leur d\u00e9coration est sobre, plut\u00f4t contemporaine, luxueuse tout en restant proche de la nature.<\/p>\n\n\n\n<p>Le service de restauration propose des plats haut de gamme inspir\u00e9s de la cuisine locale avec des ingr\u00e9dients cultiv\u00e9s dans le potager du lodge. Le chef n\u2019h\u00e9sitera pas \u00e0 adapter ses menus en fonction de vos r\u00e9gimes alimentaires.<\/p>\n\n\n\n<p>Le personnel d\u2019Angama Mara est aux petits soins, des serveurs aux chauffeurs guides en passant par les majordomes. Tous mettent tout en \u0153uvre pour que votre s\u00e9jour soit impeccable. Vous b\u00e9n\u00e9ficierez d\u2019ailleurs d\u2019un majordome attitr\u00e9 d\u00e8s votre arriv\u00e9e.<\/p>\n\n\n\n<figure class=\"wp-block-image size-large\"><img loading=\"lazy\" decoding=\"async\" width=\"1024\" height=\"421\" src=\"https:\/\/mk0mistersafarimcosm.kinstacdn.com\/wp-content\/uploads\/sites\/2\/Angama-Mara-Piscine-1024x421.jpeg\" alt=\"La piscine du Angama Mara\" class=\"wp-image-2555\" srcset=\"https:\/\/mistersafari.com\/fr\/wp-content\/uploads\/sites\/2\/Angama-Mara-Piscine-1024x421.jpeg 1024w, https:\/\/mistersafari.com\/fr\/wp-content\/uploads\/sites\/2\/Angama-Mara-Piscine-300x123.jpeg 300w, https:\/\/mistersafari.com\/fr\/wp-content\/uploads\/sites\/2\/Angama-Mara-Piscine-768x316.jpeg 768w, https:\/\/mistersafari.com\/fr\/wp-content\/uploads\/sites\/2\/Angama-Mara-Piscine.jpeg 1200w\" sizes=\"auto, (max-width: 1024px) 100vw, 1024px\" \/><figcaption>La piscine du Angama Mara &#8211; <a href=\"https:\/\/angama.com\/\" target=\"_blank\" aria-label=\"Source (opens in a new tab)\" rel=\"noreferrer noopener nofollow\" class=\"rank-math-link\">Source<\/a><\/figcaption><\/figure>\n\n\n\n<p>Le lodge dispose d\u2019une piscine \u00e0 d\u00e9bordement, toujours avec cette vue imprenable, et d&rsquo;une salle de fitness. De nombreuses activit\u00e9s sur-mesure sont propos\u00e9es :&nbsp;<\/p>\n\n\n\n<ul class=\"wp-block-list\"><li>safaris en 4&#215;4 ouvert ou \u00e0 pied ;<\/li><li>tours en montgolfi\u00e8re avec petit-d\u00e9jeuner au champagne ;<\/li><li>visite de villages et animations Masa\u00ef ;<\/li><li>visite des lieux du tournage du film \u00ab\u00a0Out of Africa\u00a0\u00bb;<\/li><li>visite du potager ;<\/li><li>studio photo avec cours, location de mat\u00e9riel, \u00e9dition et impression de photos.<\/li><\/ul>\n\n\n\n<h2 class=\"wp-block-heading\">Localisation d\u2019Angama Mara<\/h2>\n\n\n\n<p>Le lodge Angama Mara se situe \u00e0 10 minutes des portes de la <a href=\"https:\/\/mistersafari.com\/fr\/safari-kenya\/parcs-reserves\/masai-mara\/\">R\u00e9serve du Masa\u00ef Mara<\/a>, avec un acc\u00e8s priv\u00e9.<\/p>\n\n\n\n<p>Depuis Nairobi, il faut compter entre 45 minutes et 1h15 de vol jusqu\u2019\u00e0 l\u2019a\u00e9rodrome priv\u00e9 du lodge situ\u00e9 \u00e0 5 minutes en voiture. Des vols commerciaux quotidiens depuis l\u2019a\u00e9roport Wilson \u00e0 Nairobi ou des vols priv\u00e9s depuis l\u2019a\u00e9roport international Jomo Kenyatta vous permettent d\u2019acc\u00e9der rapidement au lodge. En voiture, le trajet dure environ 6h entre l\u2019a\u00e9roport international et le lodge.<\/p>\n\n\n\n<p>Bien \u00e9videmment, depuis Angama Mara, vous atteindrez en quelques minutes seulement la R\u00e9serve du Masa\u00ef Mara. \u00c0 proximit\u00e9, vous pourrez aussi vous rendre relativement facilement au <a href=\"https:\/\/mistersafari.com\/fr\/safari-tanzanie\/parcs-reserves\/parc-national-serengeti\/\">Parc du Serengeti<\/a> en traversant la fronti\u00e8re avec la Tanzanie.<\/p>\n\n\n\n<h2 class=\"wp-block-heading\">\u00c9quipements d\u2019Angama Mara<\/h2>\n\n\n\n<figure class=\"wp-block-table\"><table class=\"has-fixed-layout\"><thead><tr><th class=\"has-text-align-center\" data-align=\"center\"><strong>\u00c9quipement<\/strong><\/th><th class=\"has-text-align-center\" data-align=\"center\"><strong>Oui\/Non<\/strong><\/th><\/tr><\/thead><tbody><tr><td class=\"has-text-align-center\" data-align=\"center\">Wifi<\/td><td class=\"has-text-align-center\" data-align=\"center\">Oui<\/td><\/tr><tr><td class=\"has-text-align-center\" data-align=\"center\">Climatisation<\/td><td class=\"has-text-align-center\" data-align=\"center\">Non<\/td><\/tr><tr><td class=\"has-text-align-center\" data-align=\"center\">Ventilateur<\/td><td class=\"has-text-align-center\" data-align=\"center\">Oui<\/td><\/tr><tr><td class=\"has-text-align-center\" data-align=\"center\">Parking<\/td><td class=\"has-text-align-center\" data-align=\"center\">Oui (payant)<\/td><\/tr><tr><td class=\"has-text-align-center\" data-align=\"center\">Restaurant<\/td><td class=\"has-text-align-center\" data-align=\"center\">Oui<\/td><\/tr><tr><td class=\"has-text-align-center\" data-align=\"center\">Bar<\/td><td class=\"has-text-align-center\" data-align=\"center\">Oui<\/td><\/tr><tr><td class=\"has-text-align-center\" data-align=\"center\">Room service<\/td><td class=\"has-text-align-center\" data-align=\"center\">Oui<\/td><\/tr><tr><td class=\"has-text-align-center\" data-align=\"center\">Balcon\/terrasse priv\u00e9<\/td><td class=\"has-text-align-center\" data-align=\"center\">Oui<\/td><\/tr><tr><td class=\"has-text-align-center\" data-align=\"center\">Pressing<\/td><td class=\"has-text-align-center\" data-align=\"center\">Oui<\/td><\/tr><tr><td class=\"has-text-align-center\" data-align=\"center\">Massage<\/td><td class=\"has-text-align-center\" data-align=\"center\">Oui<\/td><\/tr><tr><td class=\"has-text-align-center\" data-align=\"center\">Piscine<\/td><td class=\"has-text-align-center\" data-align=\"center\">Oui<\/td><\/tr><tr><td class=\"has-text-align-center\" data-align=\"center\">S\u00e9curit\u00e9<\/td><td class=\"has-text-align-center\" data-align=\"center\">Oui<\/td><\/tr><tr><td class=\"has-text-align-center\" data-align=\"center\">Navette a\u00e9roport<\/td><td class=\"has-text-align-center\" data-align=\"center\">Oui<\/td><\/tr><\/tbody><\/table><figcaption>\u00c9quipements d\u2019Angama Mara<\/figcaption><\/figure>\n\n\n\n<h2 class=\"wp-block-heading\">Quels sont les tarifs d\u2019Angama Mara ?<\/h2>\n\n\n\n<figure class=\"wp-block-table\"><table class=\"has-fixed-layout\"><thead><tr><th class=\"has-text-align-center\" data-align=\"center\">Type de chambre<\/th><th class=\"has-text-align-center\" data-align=\"center\">Prestations<\/th><th class=\"has-text-align-center\" data-align=\"center\">Tarif journalier (\u00e0 partir de)<\/th><\/tr><\/thead><tbody><tr><td class=\"has-text-align-center\" data-align=\"center\">Suite<\/td><td class=\"has-text-align-center\" data-align=\"center\">Pension compl\u00e8te incluant aussi les safaris, le pressing et la garde d\u2019enfants<\/td><td class=\"has-text-align-center\" data-align=\"center\">US$1250 \/ nuit \/ voyageur<\/td><\/tr><\/tbody><\/table><figcaption>Tarifs d\u2019Angama Mara<\/figcaption><\/figure>\n\n\n\n<p>Le lodge Angama Mara est compos\u00e9 de deux camps s\u00e9par\u00e9s, contenant chacun 15 tentes. Pour les familles, 4 tentes interconnect\u00e9es ont \u00e9t\u00e9 adapt\u00e9es pour accueillir des enfants d\u00e8s 6 ans.<\/p>\n\n\n\n<figure class=\"wp-block-image size-large\"><img loading=\"lazy\" decoding=\"async\" width=\"1024\" height=\"683\" src=\"https:\/\/mk0mistersafarimcosm.kinstacdn.com\/wp-content\/uploads\/sites\/2\/Angama-Mara-Suite-1024x683.jpeg\" alt=\"Suite au Angama Mara\" class=\"wp-image-2556\" srcset=\"https:\/\/mistersafari.com\/fr\/wp-content\/uploads\/sites\/2\/Angama-Mara-Suite-1024x683.jpeg 1024w, https:\/\/mistersafari.com\/fr\/wp-content\/uploads\/sites\/2\/Angama-Mara-Suite-300x200.jpeg 300w, https:\/\/mistersafari.com\/fr\/wp-content\/uploads\/sites\/2\/Angama-Mara-Suite-768x513.jpeg 768w, https:\/\/mistersafari.com\/fr\/wp-content\/uploads\/sites\/2\/Angama-Mara-Suite.jpeg 1200w\" sizes=\"auto, (max-width: 1024px) 100vw, 1024px\" \/><figcaption>Suite au Angama Mara &#8211; <a href=\"https:\/\/angama.com\/\" target=\"_blank\" aria-label=\"Source (opens in a new tab)\" rel=\"noreferrer noopener nofollow\" class=\"rank-math-link\">Source<\/a><\/figcaption><\/figure>\n\n\n\n<p>Les tarifs des suites varient entre $1250\/nuit\/adulte et $1990\/nuit\/adulte selon la p\u00e9riode de l\u2019ann\u00e9e.<\/p>\n\n\n\n<h2 class=\"wp-block-heading\">Angama Mara : avis clients<\/h2>\n\n\n\n<p>Au jour de la r\u00e9daction de cet article, le lodge Angama Mara obtient la note de 5\/5 avec 241 avis sur Tripadvisor et 4,7\/5 avec 173 avis sur Google.<\/p>\n\n\n\n<p>Les visiteurs complimentent fortement le personnel jug\u00e9 attentif, comp\u00e9tent et \u00e0 l\u2019\u00e9coute des clients. Bien \u00e9videmment, la localisation et la vue du lodge et de chacune des suites font l\u2019unanimit\u00e9. La restauration semble aussi avoir conquis les visiteurs qui ont appr\u00e9ci\u00e9 la qualit\u00e9 des plats et la disponibilit\u00e9 du chef de s\u2019adapter aux exigences de chacun. Enfin, les game drives avec des guides exp\u00e9riment\u00e9s semblent \u00eatre le point fort des s\u00e9jours.<\/p>\n","protected":false},"excerpt":{"rendered":"<p>Situ\u00e9 aux portes de la R\u00e9serve de Masa\u00ef Mara, le lodge Angama Mara est un endroit combinant luxe et nature \u00e0 la perfection. Si l\u2019on s\u2019arr\u00eate \u00e0 Angama Mara, c\u2019est bien pour ses panoramas \u00e9poustouflants. Mais pas seulement ! D\u00e9couvrez en plus sur cet h\u00e9bergement hors du commun. Pourquoi loger \u00e0 Angama Mara ? En &#8230; <a title=\"Angama Mara\" class=\"read-more\" href=\"https:\/\/mistersafari.com\/fr\/safari-kenya\/lodges\/angama-mara\/\" aria-label=\"En savoir plus sur Angama Mara\">Lire la suite<\/a><\/p>\n","protected":false},"author":3,"featured_media":2552,"parent":2470,"menu_order":3,"comment_status":"closed","ping_status":"closed","template":"","meta":{"_acf_changed":false,"footnotes":""},"content_type":[25],"country":[26],"class_list":{"0":"post-2488","1":"page","2":"type-page","3":"status-publish","4":"has-post-thumbnail","6":"content_type-lodge","7":"country-kenya","8":"no-featured-image-padding"},"acf":{"hreflang":null},"_links":{"self":[{"href":"https:\/\/mistersafari.com\/fr\/wp-json\/wp\/v2\/pages\/2488","targetHints":{"allow":["GET"]}}],"collection":[{"href":"https:\/\/mistersafari.com\/fr\/wp-json\/wp\/v2\/pages"}],"about":[{"href":"https:\/\/mistersafari.com\/fr\/wp-json\/wp\/v2\/types\/page"}],"author":[{"embeddable":true,"href":"https:\/\/mistersafari.com\/fr\/wp-json\/wp\/v2\/users\/3"}],"replies":[{"embeddable":true,"href":"https:\/\/mistersafari.com\/fr\/wp-json\/wp\/v2\/comments?post=2488"}],"version-history":[{"count":5,"href":"https:\/\/mistersafari.com\/fr\/wp-json\/wp\/v2\/pages\/2488\/revisions"}],"predecessor-version":[{"id":2559,"href":"https:\/\/mistersafari.com\/fr\/wp-json\/wp\/v2\/pages\/2488\/revisions\/2559"}],"up":[{"embeddable":true,"href":"https:\/\/mistersafari.com\/fr\/wp-json\/wp\/v2\/pages\/2470"}],"wp:featuredmedia":[{"embeddable":true,"href":"https:\/\/mistersafari.com\/fr\/wp-json\/wp\/v2\/media\/2552"}],"wp:attachment":[{"href":"https:\/\/mistersafari.com\/fr\/wp-json\/wp\/v2\/media?parent=2488"}],"wp:term":[{"taxonomy":"content_type","embeddable":true,"href":"https:\/\/mistersafari.com\/fr\/wp-json\/wp\/v2\/content_type?post=2488"},{"taxonomy":"country","embeddable":true,"href":"https:\/\/mistersafari.com\/fr\/wp-json\/wp\/v2\/country?post=2488"}],"curies":[{"name":"wp","href":"https:\/\/api.w.org\/{rel}","templated":true}]}}