{"id":2487,"date":"2021-04-19T16:02:33","date_gmt":"2021-04-19T16:02:33","guid":{"rendered":"https:\/\/mistersafari.com\/fr\/safari-kenya\/lodges\/giraffe-manor\/"},"modified":"2021-05-13T15:19:27","modified_gmt":"2021-05-13T15:19:27","slug":"giraffe-manor","status":"publish","type":"page","link":"https:\/\/mistersafari.com\/fr\/safari-kenya\/lodges\/giraffe-manor\/","title":{"rendered":"Giraffe Manor"},"content":{"rendered":"\n<p>Vous cherchez un h\u00e9bergement hors du commun, vous offrant une exp\u00e9rience inoubliable et vous ouvrant les portes des safaris au Kenya&nbsp;? Le Giraffe Manor, situ\u00e9 pr\u00e8s de Nairobi, est certainement une \u00e9tape incontournable de votre voyage. D\u00e9couvrez en plus sur ce logement insolite, le Giraffe Manor.<\/p>\n\n\n<div id=\"ez-toc-container\" class=\"ez-toc-v2_0_76 counter-flat ez-toc-counter ez-toc-custom ez-toc-container-direction\">\n<div class=\"ez-toc-title-container\"><p class=\"ez-toc-title\" style=\"cursor:inherit\">Sommaire<\/p>\n<\/div><nav><ul class='ez-toc-list ez-toc-list-level-1 ' ><li class='ez-toc-page-1'><a class=\"ez-toc-link ez-toc-heading-1\" href=\"https:\/\/mistersafari.com\/fr\/safari-kenya\/lodges\/giraffe-manor\/#pourquoi-loger-au-giraffe-manor\">Pourquoi loger au Giraffe Manor&nbsp;?<\/a><\/li><li class='ez-toc-page-1'><a class=\"ez-toc-link ez-toc-heading-2\" href=\"https:\/\/mistersafari.com\/fr\/safari-kenya\/lodges\/giraffe-manor\/#localisation-du-giraffe-manor\">Localisation du Giraffe Manor<\/a><\/li><li class='ez-toc-page-1'><a class=\"ez-toc-link ez-toc-heading-3\" href=\"https:\/\/mistersafari.com\/fr\/safari-kenya\/lodges\/giraffe-manor\/#equipements-du-giraffe-manor\">\u00c9quipements du Giraffe Manor<\/a><\/li><li class='ez-toc-page-1'><a class=\"ez-toc-link ez-toc-heading-4\" href=\"https:\/\/mistersafari.com\/fr\/safari-kenya\/lodges\/giraffe-manor\/#quels-sont-les-tarifs-du-giraffe-manor\">Quels sont les tarifs du Giraffe Manor&nbsp;?<\/a><\/li><li class='ez-toc-page-1'><a class=\"ez-toc-link ez-toc-heading-5\" href=\"https:\/\/mistersafari.com\/fr\/safari-kenya\/lodges\/giraffe-manor\/#giraffe-manor-avis-clients\">Giraffe Manor&nbsp;: avis clients<\/a><\/li><\/ul><\/nav><\/div>\n\n\n\n\n<h2 class=\"wp-block-heading\"><span class=\"ez-toc-section\" id=\"pourquoi-loger-au-giraffe-manor\"><\/span>Pourquoi loger au Giraffe Manor&nbsp;?<span class=\"ez-toc-section-end\"><\/span><\/h2>\n\n\n\n<p>Construit en 1932, Giraffe Manor est compos\u00e9 de deux b\u00e2timents&nbsp;: Manor House et son extension, Garden Manor. Il est situ\u00e9 sur un parc de pr\u00e8s de 5 hectares, au milieu d\u2019une vaste for\u00eat indig\u00e8ne. C\u2019est l\u2019une des propri\u00e9t\u00e9s de The Safari Collection, parmi quatre h\u00e9bergements renomm\u00e9s au Kenya. Ce boutique-h\u00f4tel haut de gamme propose 12 chambres, dont une suite familiale, au d\u00e9cor raffin\u00e9 de type explorateur des ann\u00e9es 30.<\/p>\n\n\n\n<p>Ce qui rend Giraffe Manor si insolite, c\u2019est bien \u00e9videmment la pr\u00e9sence de girafes de Rotschild aux portes du lodge. Le manoir participe \u00e0 la protection de cette esp\u00e8ce en danger. Les demoiselles au long cou sont donc habitu\u00e9es \u00e0 la pr\u00e9sence humaine et n&rsquo;h\u00e9sitent pas \u00e0 pointer leur t\u00eate aux fen\u00eatres et balcon de votre chambre dans l\u2019espoir de recevoir une friandise.<\/p>\n\n\n\n<figure class=\"wp-block-image size-large\"><img loading=\"lazy\" decoding=\"async\" width=\"1024\" height=\"683\" src=\"https:\/\/mk0mistersafarimcosm.kinstacdn.com\/wp-content\/uploads\/sites\/2\/Giraffe-Manor-Petit-Dejeuner-1024x683.jpeg\" alt=\"Petit d\u00e9jeuner au Giraffe Manor\" class=\"wp-image-2540\" srcset=\"https:\/\/mistersafari.com\/fr\/wp-content\/uploads\/sites\/2\/Giraffe-Manor-Petit-Dejeuner-1024x683.jpeg 1024w, https:\/\/mistersafari.com\/fr\/wp-content\/uploads\/sites\/2\/Giraffe-Manor-Petit-Dejeuner-300x200.jpeg 300w, https:\/\/mistersafari.com\/fr\/wp-content\/uploads\/sites\/2\/Giraffe-Manor-Petit-Dejeuner-768x512.jpeg 768w, https:\/\/mistersafari.com\/fr\/wp-content\/uploads\/sites\/2\/Giraffe-Manor-Petit-Dejeuner.jpeg 1200w\" sizes=\"auto, (max-width: 1024px) 100vw, 1024px\" \/><figcaption>Un petit-d\u00e9jeuner \u00ab\u00a0classique\u00a0\u00bb au Giraffe Manor &#8211; <a href=\"https:\/\/www.thesafaricollection.com\/\" target=\"_blank\" aria-label=\"Source (opens in a new tab)\" rel=\"noreferrer noopener nofollow\" class=\"rank-math-link\">Source<\/a><\/figcaption><\/figure>\n\n\n\n<p><strong>Un s\u00e9jour au Giraffe Manor est une exp\u00e9rience magique, paisible et incontournable lors d\u2019un safari au Kenya.&nbsp;<\/strong><\/p>\n\n\n\n<p>De nombreuses activit\u00e9s sont propos\u00e9es par ce lodge luxueux. Bien \u00e9videmment, une visite du centre des girafes au sein du parc s\u2019impose pour comprendre le travail effectu\u00e9 par l\u2019AFEW (African Fund for Endangered Wildlife, c\u2019est-\u00e0-dire la fondation pour la protection des esp\u00e8ces menac\u00e9es). Un peu plus loin, la fondation Sheldrick Wildlife Trust accueille des \u00e9l\u00e9phanteaux orphelins. Vous pourrez observer les soigneurs les nourrir et en apprendre plus sur les programmes de r\u00e9insertion.&nbsp;<\/p>\n\n\n\n<p>Un spa est \u00e0 disposition des visiteurs, ainsi que des jeux et activit\u00e9s pour les enfants, des excursions en h\u00e9licopt\u00e8re ou \u00e0 dos de cheval. Giraffe Manor organise \u00e9galement des safaris priv\u00e9s avec guide en 4&#215;4.<\/p>\n\n\n\n<p>Le personnel de ce lodge de luxe parle anglais.<\/p>\n\n\n\n<h2 class=\"wp-block-heading\"><span class=\"ez-toc-section\" id=\"localisation-du-giraffe-manor\"><\/span>Localisation du Giraffe Manor<span class=\"ez-toc-section-end\"><\/span><\/h2>\n\n\n\n<p>Le Giraffe Manor est situ\u00e9 au sud de la ville de Nairobi, la capitale du <a href=\"https:\/\/mistersafari.com\/fr\/safari-kenya\/\" class=\"rank-math-link\">Kenya<\/a>, dans la banlieue de Karen et Langata. L\u2019acc\u00e8s y est tr\u00e8s facile. Le lodge se trouve \u00e0 moins d\u2019une heure de l\u2019a\u00e9roport international Jomo Kenyatta de Nairobi. Des navettes peuvent \u00eatre organis\u00e9es entre l\u2019a\u00e9roport et le lodge. Pour les vols internes, l\u2019a\u00e9roport de Wilson se situe \u00e0 10km.&nbsp;<\/p>\n\n\n\n<p>\u00c0 proximit\u00e9, vous pourrez r\u00e9aliser un safari dans le Parc National de Nairobi. Un peu plus loin, le Parc National de Hells Gate se situe \u00e0 3 heures de route.<\/p>\n\n\n\n<h2 class=\"wp-block-heading\"><span class=\"ez-toc-section\" id=\"equipements-du-giraffe-manor\"><\/span>\u00c9quipements du Giraffe Manor<span class=\"ez-toc-section-end\"><\/span><\/h2>\n\n\n\n<figure class=\"wp-block-table\"><table class=\"has-fixed-layout\"><thead><tr><th class=\"has-text-align-center\" data-align=\"center\">\u00c9quipement<\/th><th class=\"has-text-align-center\" data-align=\"center\">Oui\/Non<\/th><\/tr><\/thead><tbody><tr><td class=\"has-text-align-center\" data-align=\"center\">Wifi<\/td><td class=\"has-text-align-center\" data-align=\"center\">Oui<\/td><\/tr><tr><td class=\"has-text-align-center\" data-align=\"center\">Climatisation<\/td><td class=\"has-text-align-center\" data-align=\"center\">Non<\/td><\/tr><tr><td class=\"has-text-align-center\" data-align=\"center\">Ventilateur<\/td><td class=\"has-text-align-center\" data-align=\"center\">Non<\/td><\/tr><tr><td class=\"has-text-align-center\" data-align=\"center\">Parking<\/td><td class=\"has-text-align-center\" data-align=\"center\">Oui<\/td><\/tr><tr><td class=\"has-text-align-center\" data-align=\"center\">Restaurant<\/td><td class=\"has-text-align-center\" data-align=\"center\">Oui<\/td><\/tr><tr><td class=\"has-text-align-center\" data-align=\"center\">Bar<\/td><td class=\"has-text-align-center\" data-align=\"center\">Oui<\/td><\/tr><tr><td class=\"has-text-align-center\" data-align=\"center\">Room service<\/td><td class=\"has-text-align-center\" data-align=\"center\">Non<\/td><\/tr><tr><td class=\"has-text-align-center\" data-align=\"center\">Balcon\/terrasse priv\u00e9<\/td><td class=\"has-text-align-center\" data-align=\"center\">Oui<\/td><\/tr><tr><td class=\"has-text-align-center\" data-align=\"center\">Pressing<\/td><td class=\"has-text-align-center\" data-align=\"center\">Oui<\/td><\/tr><tr><td class=\"has-text-align-center\" data-align=\"center\">Massage<\/td><td class=\"has-text-align-center\" data-align=\"center\">Oui<\/td><\/tr><tr><td class=\"has-text-align-center\" data-align=\"center\">Piscine<\/td><td class=\"has-text-align-center\" data-align=\"center\">Non<\/td><\/tr><tr><td class=\"has-text-align-center\" data-align=\"center\">S\u00e9curit\u00e9<\/td><td class=\"has-text-align-center\" data-align=\"center\">Oui<\/td><\/tr><tr><td class=\"has-text-align-center\" data-align=\"center\">Navette a\u00e9roport<\/td><td class=\"has-text-align-center\" data-align=\"center\">Oui<\/td><\/tr><\/tbody><\/table><figcaption>\u00c9quipements du Giraffe Manor<\/figcaption><\/figure>\n\n\n\n<p>Chaque suite de Manor House (et une seule de Garden Manor) dispose d\u2019un balcon ou une terrasse priv\u00e9e ou m\u00eame une fen\u00eatre depuis lequel vous pourrez nourrir les girafes. La plupart des chambres, toutes tr\u00e8s spacieuses, poss\u00e8de aussi un salon et une chemin\u00e9e.<\/p>\n\n\n\n<h2 class=\"wp-block-heading\"><span class=\"ez-toc-section\" id=\"quels-sont-les-tarifs-du-giraffe-manor\"><\/span>Quels sont les tarifs du Giraffe Manor&nbsp;?<span class=\"ez-toc-section-end\"><\/span><\/h2>\n\n\n\n<p>Les tarifs 2021 de Giraffe Manor sont les suivants&nbsp;:<\/p>\n\n\n\n<figure class=\"wp-block-table\"><table class=\"has-fixed-layout\"><thead><tr><th class=\"has-text-align-center\" data-align=\"center\">Type de chambre<\/th><th class=\"has-text-align-center\" data-align=\"center\">Prestations<\/th><th class=\"has-text-align-center\" data-align=\"center\">Tarif journalier (\u00e0 partir de)<\/th><\/tr><\/thead><tbody><tr><td class=\"has-text-align-center\" data-align=\"center\">Chambre sup\u00e9rieure<\/td><td class=\"has-text-align-center\" data-align=\"center\">All inclusive<\/td><td class=\"has-text-align-center\" data-align=\"center\">$1375<\/td><\/tr><tr><td class=\"has-text-align-center\" data-align=\"center\">Suite Familliale<\/td><td class=\"has-text-align-center\" data-align=\"center\">All inclusive<\/td><td class=\"has-text-align-center\" data-align=\"center\">$2700<\/td><\/tr><tr><td class=\"has-text-align-center\" data-align=\"center\">Suite Familliale Sup\u00e9rieure<\/td><td class=\"has-text-align-center\" data-align=\"center\">All inclusive<\/td><td class=\"has-text-align-center\" data-align=\"center\">$3000<\/td><\/tr><\/tbody><\/table><figcaption>Tarifs du Giraffe Manor<\/figcaption><\/figure>\n\n\n\n<figure class=\"wp-block-image size-large\"><img loading=\"lazy\" decoding=\"async\" width=\"1024\" height=\"683\" src=\"https:\/\/mk0mistersafarimcosm.kinstacdn.com\/wp-content\/uploads\/sites\/2\/Giraffe-Manor-Diner-romantique-1024x683.jpeg\" alt=\"Diner romantique au Giraffe Manor\" class=\"wp-image-2543\" srcset=\"https:\/\/mistersafari.com\/fr\/wp-content\/uploads\/sites\/2\/Giraffe-Manor-Diner-romantique-1024x683.jpeg 1024w, https:\/\/mistersafari.com\/fr\/wp-content\/uploads\/sites\/2\/Giraffe-Manor-Diner-romantique-300x200.jpeg 300w, https:\/\/mistersafari.com\/fr\/wp-content\/uploads\/sites\/2\/Giraffe-Manor-Diner-romantique-768x512.jpeg 768w, https:\/\/mistersafari.com\/fr\/wp-content\/uploads\/sites\/2\/Giraffe-Manor-Diner-romantique.jpeg 1200w\" sizes=\"auto, (max-width: 1024px) 100vw, 1024px\" \/><figcaption>D\u00eener romantique au Giraffe Manor &#8211; <a href=\"https:\/\/www.thesafaricollection.com\/\" target=\"_blank\" aria-label=\"Source (opens in a new tab)\" rel=\"noreferrer noopener nofollow\" class=\"rank-math-link\">Source<\/a><\/figcaption><\/figure>\n\n\n\n<h2 class=\"wp-block-heading\"><span class=\"ez-toc-section\" id=\"giraffe-manor-avis-clients\"><\/span>Giraffe Manor&nbsp;: avis clients<span class=\"ez-toc-section-end\"><\/span><\/h2>\n\n\n\n<p>Au jour de la r\u00e9daction de cet article, Giraffe Manor compte plus de 1570 avis sur Trip Advisor totalisant la note de 5\/5 et 730 avis Google avec une note de 4,5\/5.<\/p>\n\n\n\n<p>Les commentaires des visiteurs sont tr\u00e8s \u00e9logieux. L\u2019exp\u00e9rience de nourrir les girafes depuis son balcon ou sa chambre est bien \u00e9videmment l\u2019un des \u00e9l\u00e9ments qui ont le plus marqu\u00e9 les voyageurs. Mais ils ont aussi fortement appr\u00e9ci\u00e9 l\u2019accueil, le professionnalisme de l\u2019\u00e9quipe et la s\u00e9curit\u00e9 des voyageurs. La restauration ainsi que la d\u00e9coration des chambres sont aussi mises en avant.&nbsp;<\/p>\n\n\n\n<p>Les tr\u00e8s rares avis n\u00e9gatifs refl\u00e8tent surtout des exp\u00e9riences n\u00e9gatives de la part des visiteurs, par rapport au service du personnel ou de la restauration par exemple. Mais il est difficile de tirer des conclusions au vu du nombre tr\u00e8s faible de commentaires de cette sorte.<\/p>\n","protected":false},"excerpt":{"rendered":"<p>Vous cherchez un h\u00e9bergement hors du commun, vous offrant une exp\u00e9rience inoubliable et vous ouvrant les portes des safaris au Kenya&nbsp;? Le Giraffe Manor, situ\u00e9 pr\u00e8s de Nairobi, est certainement une \u00e9tape incontournable de votre voyage. D\u00e9couvrez en plus sur ce logement insolite, le Giraffe Manor. Pourquoi loger au Giraffe Manor&nbsp;? Construit en 1932, Giraffe &#8230; <a title=\"Giraffe Manor\" class=\"read-more\" href=\"https:\/\/mistersafari.com\/fr\/safari-kenya\/lodges\/giraffe-manor\/\" aria-label=\"En savoir plus sur Giraffe Manor\">Lire la suite<\/a><\/p>\n","protected":false},"author":3,"featured_media":2546,"parent":2470,"menu_order":2,"comment_status":"closed","ping_status":"closed","template":"","meta":{"_acf_changed":false,"footnotes":""},"content_type":[25],"country":[26],"class_list":{"0":"post-2487","1":"page","2":"type-page","3":"status-publish","4":"has-post-thumbnail","6":"content_type-lodge","7":"country-kenya","8":"no-featured-image-padding"},"acf":{"hreflang":null},"_links":{"self":[{"href":"https:\/\/mistersafari.com\/fr\/wp-json\/wp\/v2\/pages\/2487","targetHints":{"allow":["GET"]}}],"collection":[{"href":"https:\/\/mistersafari.com\/fr\/wp-json\/wp\/v2\/pages"}],"about":[{"href":"https:\/\/mistersafari.com\/fr\/wp-json\/wp\/v2\/types\/page"}],"author":[{"embeddable":true,"href":"https:\/\/mistersafari.com\/fr\/wp-json\/wp\/v2\/users\/3"}],"replies":[{"embeddable":true,"href":"https:\/\/mistersafari.com\/fr\/wp-json\/wp\/v2\/comments?post=2487"}],"version-history":[{"count":12,"href":"https:\/\/mistersafari.com\/fr\/wp-json\/wp\/v2\/pages\/2487\/revisions"}],"predecessor-version":[{"id":2548,"href":"https:\/\/mistersafari.com\/fr\/wp-json\/wp\/v2\/pages\/2487\/revisions\/2548"}],"up":[{"embeddable":true,"href":"https:\/\/mistersafari.com\/fr\/wp-json\/wp\/v2\/pages\/2470"}],"wp:featuredmedia":[{"embeddable":true,"href":"https:\/\/mistersafari.com\/fr\/wp-json\/wp\/v2\/media\/2546"}],"wp:attachment":[{"href":"https:\/\/mistersafari.com\/fr\/wp-json\/wp\/v2\/media?parent=2487"}],"wp:term":[{"taxonomy":"content_type","embeddable":true,"href":"https:\/\/mistersafari.com\/fr\/wp-json\/wp\/v2\/content_type?post=2487"},{"taxonomy":"country","embeddable":true,"href":"https:\/\/mistersafari.com\/fr\/wp-json\/wp\/v2\/country?post=2487"}],"curies":[{"name":"wp","href":"https:\/\/api.w.org\/{rel}","templated":true}]}}