{"id":2486,"date":"2021-04-19T16:02:33","date_gmt":"2021-04-19T16:02:33","guid":{"rendered":"https:\/\/mistersafari.com\/fr\/safari-kenya\/lodges\/borana-lodge\/"},"modified":"2021-04-21T15:48:45","modified_gmt":"2021-04-21T15:48:45","slug":"borana-lodge","status":"publish","type":"page","link":"https:\/\/mistersafari.com\/fr\/safari-kenya\/lodges\/borana-lodge\/","title":{"rendered":"Borana Lodge"},"content":{"rendered":"\n<p>Impliqu\u00e9 dans la protection des rhinoc\u00e9ros, le Borana Lodge est un h\u00e9bergement de gamme sup\u00e9rieure situ\u00e9 au c\u0153ur du Kenya. Vous souhaitez en savoir plus sur ce lodge intimiste et familial ? Suivez le guide pour organiser votre s\u00e9jour.<\/p>\n\n\n<div id=\"ez-toc-container\" class=\"ez-toc-v2_0_76 counter-flat ez-toc-counter ez-toc-custom ez-toc-container-direction\">\n<div class=\"ez-toc-title-container\"><p class=\"ez-toc-title\" style=\"cursor:inherit\">Sommaire<\/p>\n<\/div><nav><ul class='ez-toc-list ez-toc-list-level-1 ' ><li class='ez-toc-page-1'><a class=\"ez-toc-link ez-toc-heading-1\" href=\"https:\/\/mistersafari.com\/fr\/safari-kenya\/lodges\/borana-lodge\/#pourquoi-loger-a-borana-lodge\">Pourquoi loger \u00e0 Borana Lodge ?&nbsp;<\/a><\/li><li class='ez-toc-page-1'><a class=\"ez-toc-link ez-toc-heading-2\" href=\"https:\/\/mistersafari.com\/fr\/safari-kenya\/lodges\/borana-lodge\/#localisation-de-borana-lodge\">Localisation de Borana Lodge<\/a><\/li><li class='ez-toc-page-1'><a class=\"ez-toc-link ez-toc-heading-3\" href=\"https:\/\/mistersafari.com\/fr\/safari-kenya\/lodges\/borana-lodge\/#equipements-de-borana-lodge\">Equipements de Borana Lodge<\/a><\/li><li class='ez-toc-page-1'><a class=\"ez-toc-link ez-toc-heading-4\" href=\"https:\/\/mistersafari.com\/fr\/safari-kenya\/lodges\/borana-lodge\/#quels-sont-les-tarifs-de-borana-lodge\">Quels sont les tarifs de Borana Lodge&nbsp;?<\/a><\/li><li class='ez-toc-page-1'><a class=\"ez-toc-link ez-toc-heading-5\" href=\"https:\/\/mistersafari.com\/fr\/safari-kenya\/lodges\/borana-lodge\/#borana-lodge-avis-clients\">Borana Lodge : avis clients<\/a><\/li><\/ul><\/nav><\/div>\n\n\n\n\n<h2 class=\"wp-block-heading\"><span class=\"ez-toc-section\" id=\"pourquoi-loger-a-borana-lodge\"><\/span>Pourquoi loger \u00e0 Borana Lodge ?&nbsp;<span class=\"ez-toc-section-end\"><\/span><\/h2>\n\n\n\n<p>Cr\u00e9\u00e9 en 1993, le Borana Lodge est situ\u00e9 dans l\u2019Aire de Conservation Borana d\u00e9di\u00e9e \u00e0 la protection des rhinoc\u00e9ros. Depuis 2007, tous les b\u00e9n\u00e9fices du lodge sont revers\u00e9s \u00e0 cette structure : en choisissant de vous loger \u00e0 Borana Lodge, vous contribuez directement aux actions de ce sanctuaire pour rhinoc\u00e9ros. L\u2019ensemble des infrastructures ont \u00e9t\u00e9 construites avec des mat\u00e9riaux locaux, par des artisans locaux, toujours dans une optique de respect et de d\u00e9veloppement \u00e9co-responsable de cette zone prot\u00e9g\u00e9e.&nbsp;<\/p>\n\n\n\n<p>Situ\u00e9 en haut d\u2019une colline avec une vue sur le Mont Kenya, le lodge surplombe un point d\u2019eau autour duquel de nombreux animaux se rassemblent. Depuis le confort de votre chambre ou des espaces communs, vous pourrez observer des \u00e9l\u00e9phants, des girafes, des z\u00e8bres et bien s\u00fbr des rhinoc\u00e9ros venus s\u2019abreuver ou se baigner.&nbsp;<\/p>\n\n\n\n<p><strong>Ce lodge haut de gamme est un h\u00e9bergement familial et paisible \u00e0 la fois.&nbsp;<\/strong><\/p>\n\n\n\n<p>C\u2019est un lieu privil\u00e9gi\u00e9 et intime avec seulement 8 chambres isol\u00e9es les unes des autres. Chaque chambre poss\u00e8de une chemin\u00e9e, de grandes baies vitr\u00e9es et une terrasse avec une vue \u00e9poustouflante sur la nature environnante en contrebas et s\u2019\u00e9tendant \u00e0 l\u2019horizon. Avec leur toit de chaume et le bois et la pierre comme mat\u00e9riaux de construction, les logements sont parfaitement int\u00e9gr\u00e9s dans l\u2019environnement naturel. La d\u00e9coration est rustique et raffin\u00e9e \u00e0 la fois.&nbsp;<\/p>\n\n\n\n<p>Les parties communes comprennent un restaurant, plusieurs bars et une piscine \u00e0 d\u00e9bordement avec son panorama imprenable.&nbsp;<\/p>\n\n\n\n<p><strong>Le Borana Lodge est r\u00e9put\u00e9 pour ses balades \u00e0 cheval en pleine savane africaine.<\/strong><\/p>\n\n\n\n<figure class=\"wp-block-image size-large\"><picture><source srcset=\"https:\/\/mistersafari.com\/fr\/wp-content\/uploads\/sites\/2\/Borana-Lodge-Ballade-a-cheval-1024x772.webp 1024w,https:\/\/mistersafari.com\/fr\/wp-content\/uploads\/sites\/2\/Borana-Lodge-Ballade-a-cheval-300x226.webp 300w,https:\/\/mistersafari.com\/fr\/wp-content\/uploads\/sites\/2\/Borana-Lodge-Ballade-a-cheval-768x579.webp 768w,https:\/\/mistersafari.com\/fr\/wp-content\/uploads\/sites\/2\/Borana-Lodge-Ballade-a-cheval.webp 1200w\" sizes=\"auto, (max-width: 1024px) 100vw, 1024px\" type=\"image\/webp\"><img src=\"https:\/\/mistersafari.com\/fr\/wp-content\/uploads\/sites\/2\/Borana-Lodge-Ballade-a-cheval-1024x772.jpeg\" height=\"772\" width=\"1024\" srcset=\"https:\/\/mistersafari.com\/fr\/wp-content\/uploads\/sites\/2\/Borana-Lodge-Ballade-a-cheval-1024x772.jpeg 1024w, https:\/\/mistersafari.com\/fr\/wp-content\/uploads\/sites\/2\/Borana-Lodge-Ballade-a-cheval-300x226.jpeg 300w, https:\/\/mistersafari.com\/fr\/wp-content\/uploads\/sites\/2\/Borana-Lodge-Ballade-a-cheval-768x579.jpeg 768w, https:\/\/mistersafari.com\/fr\/wp-content\/uploads\/sites\/2\/Borana-Lodge-Ballade-a-cheval.jpeg 1200w\" sizes=\"auto, (max-width: 1024px) 100vw, 1024px\" class=\"wp-image-2522 sp-no-webp\" alt=\"Ballade \u00e0 cheval au Borana Lodge\" loading=\"lazy\" decoding=\"async\"  > <\/picture><figcaption>Ballade \u00e0 cheval au Borana Lodge &#8211; <a href=\"https:\/\/www.borana.co.ke\/\" target=\"_blank\" aria-label=\"Source (opens in a new tab)\" rel=\"noreferrer noopener nofollow\" class=\"rank-math-link\">Source<\/a><\/figcaption><\/figure>\n\n\n\n<p>Mais de nombreuses autres activit\u00e9s sont propos\u00e9es dont :&nbsp;<\/p>\n\n\n\n<ul class=\"wp-block-list\"><li>des safaris en 4&#215;4 le matin, en fin d\u2019apr\u00e8s-midi ou le soir ;<\/li><li>des marches guid\u00e9es ;<\/li><li>des sorties en VTT ou en quad ;<\/li><li>des visites de la ferme, d\u2019une \u00e9cole locale ou d\u2019un village Masa\u00ef ;<\/li><li>des visites de la for\u00eat Ngare Ndare.&nbsp;<\/li><\/ul>\n\n\n\n<p>Vous pourrez aussi prendre part aux activit\u00e9s de l\u2019Aire de Conservation et accompagner les \u00e9quipes lors des sorties matinales servant au r\u00e9f\u00e9rencement des rhinos ou lors des sorties en soir\u00e9e pour veiller \u00e0 la s\u00e9curit\u00e9 de l\u2019Aire de Conservation, de la ferme, \u2026&nbsp;<\/p>\n\n\n\n<p>Le Borana Lodge est particuli\u00e8rement adapt\u00e9 aux familles. Les enfants pourront participer \u00e0 des animations d\u00e9di\u00e9es telles que des marches avec l\u2019observation de la faune et de la flore, des cours de cuisine, des balades \u00e0 poney, \u2026 Le personnel n\u2019h\u00e9site pas \u00e0 r\u00e9pondre aux besoins des familles en modifiant l\u2019heure des repas, etc\u2026&nbsp;<\/p>\n\n\n\n<p>La restauration sert une cuisine locale issue du potager du lodge ou de fermes locales.&nbsp;<\/p>\n\n\n\n<h2 class=\"wp-block-heading\"><span class=\"ez-toc-section\" id=\"localisation-de-borana-lodge\"><\/span>Localisation de Borana Lodge<span class=\"ez-toc-section-end\"><\/span><\/h2>\n\n\n\n<p>Le Borana Lodge est situ\u00e9 dans le County de Laikipia, au centre du Kenya pr\u00e8s de la R\u00e9serve de Lewa Downs.&nbsp;<\/p>\n\n\n\n<p>Il faudra compter environ 4 heures de route depuis Nairobi en 4&#215;4, en direction du Nord. Il existe des vols r\u00e9guliers depuis l\u2019a\u00e9roport Wilson de Nairobi jusqu\u2019\u00e0 l\u2019a\u00e9rodrome de Lewa. Puis le trajet dure entre 50 minutes \u00e0 1h30 de route (selon les conditions) jusqu\u2019\u00e0 Borana. Des vols priv\u00e9s jusqu\u2019\u00e0 l\u2019a\u00e9rodrome de Borana sont aussi possibles. Ensuite, un court trajet de 10 minutes de route vous am\u00e8nera au lodge.<\/p>\n\n\n\n<figure class=\"wp-block-image size-large\"><picture><source srcset=\"https:\/\/mistersafari.com\/fr\/wp-content\/uploads\/sites\/2\/Borana-Lodge-Piscine-1024x683.webp 1024w,https:\/\/mistersafari.com\/fr\/wp-content\/uploads\/sites\/2\/Borana-Lodge-Piscine-300x200.webp 300w,https:\/\/mistersafari.com\/fr\/wp-content\/uploads\/sites\/2\/Borana-Lodge-Piscine-768x513.webp 768w,https:\/\/mistersafari.com\/fr\/wp-content\/uploads\/sites\/2\/Borana-Lodge-Piscine.webp 1200w\" sizes=\"auto, (max-width: 1024px) 100vw, 1024px\" type=\"image\/webp\"><img src=\"https:\/\/mistersafari.com\/fr\/wp-content\/uploads\/sites\/2\/Borana-Lodge-Piscine-1024x683.jpeg\" height=\"683\" width=\"1024\" srcset=\"https:\/\/mistersafari.com\/fr\/wp-content\/uploads\/sites\/2\/Borana-Lodge-Piscine-1024x683.jpeg 1024w, https:\/\/mistersafari.com\/fr\/wp-content\/uploads\/sites\/2\/Borana-Lodge-Piscine-300x200.jpeg 300w, https:\/\/mistersafari.com\/fr\/wp-content\/uploads\/sites\/2\/Borana-Lodge-Piscine-768x513.jpeg 768w, https:\/\/mistersafari.com\/fr\/wp-content\/uploads\/sites\/2\/Borana-Lodge-Piscine.jpeg 1200w\" sizes=\"auto, (max-width: 1024px) 100vw, 1024px\" class=\"wp-image-2521 sp-no-webp\" alt=\"Piscine au Borana Lodge\" loading=\"lazy\" decoding=\"async\"  > <\/picture><figcaption>Piscine au Borana Lodge &#8211; <a href=\"https:\/\/www.borana.co.ke\/\" target=\"_blank\" aria-label=\"Source (opens in a new tab)\" rel=\"noreferrer noopener nofollow\" class=\"rank-math-link\">Source<\/a><\/figcaption><\/figure>\n\n\n\n<p>Les <a href=\"https:\/\/mistersafari.com\/fr\/safari-kenya\/parcs-reserves\/\">parcs ou r\u00e9serves du Kenya<\/a> situ\u00e9s \u00e0 proximit\u00e9 du Borana Lodge sont la R\u00e9serve de Lewa Downs ou encore le Parc National du Mont Kenya.&nbsp;<\/p>\n\n\n\n<h2 class=\"wp-block-heading\"><span class=\"ez-toc-section\" id=\"equipements-de-borana-lodge\"><\/span>Equipements de Borana Lodge<span class=\"ez-toc-section-end\"><\/span><\/h2>\n\n\n\n<figure class=\"wp-block-table\"><table class=\"has-fixed-layout\"><thead><tr><th class=\"has-text-align-center\" data-align=\"center\"><strong>\u00c9quipement<\/strong><\/th><th class=\"has-text-align-center\" data-align=\"center\"><strong>Oui\/Non<\/strong><\/th><\/tr><\/thead><tbody><tr><td class=\"has-text-align-center\" data-align=\"center\">Wifi<\/td><td class=\"has-text-align-center\" data-align=\"center\">Oui<\/td><\/tr><tr><td class=\"has-text-align-center\" data-align=\"center\">Climatisation<\/td><td class=\"has-text-align-center\" data-align=\"center\">Non<\/td><\/tr><tr><td class=\"has-text-align-center\" data-align=\"center\">Ventilateur<\/td><td class=\"has-text-align-center\" data-align=\"center\">Non<\/td><\/tr><tr><td class=\"has-text-align-center\" data-align=\"center\">Parking<\/td><td class=\"has-text-align-center\" data-align=\"center\">Oui<\/td><\/tr><tr><td class=\"has-text-align-center\" data-align=\"center\">Restaurant<\/td><td class=\"has-text-align-center\" data-align=\"center\">Oui<\/td><\/tr><tr><td class=\"has-text-align-center\" data-align=\"center\">Bar<\/td><td class=\"has-text-align-center\" data-align=\"center\">Oui<\/td><\/tr><tr><td class=\"has-text-align-center\" data-align=\"center\">Room service<\/td><td class=\"has-text-align-center\" data-align=\"center\">Oui<\/td><\/tr><tr><td class=\"has-text-align-center\" data-align=\"center\">Balcon\/terrasse priv\u00e9<\/td><td class=\"has-text-align-center\" data-align=\"center\">Oui<\/td><\/tr><tr><td class=\"has-text-align-center\" data-align=\"center\">Pressing<\/td><td class=\"has-text-align-center\" data-align=\"center\">Oui<\/td><\/tr><tr><td class=\"has-text-align-center\" data-align=\"center\">Massage<\/td><td class=\"has-text-align-center\" data-align=\"center\">Oui<\/td><\/tr><tr><td class=\"has-text-align-center\" data-align=\"center\">Piscine<\/td><td class=\"has-text-align-center\" data-align=\"center\">Oui<\/td><\/tr><tr><td class=\"has-text-align-center\" data-align=\"center\">S\u00e9curit\u00e9<\/td><td class=\"has-text-align-center\" data-align=\"center\">N\/A<\/td><\/tr><tr><td class=\"has-text-align-center\" data-align=\"center\">Navette a\u00e9roport<\/td><td class=\"has-text-align-center\" data-align=\"center\">Oui<\/td><\/tr><\/tbody><\/table><figcaption>Equipements de Borana Lodge<\/figcaption><\/figure>\n\n\n\n<h2 class=\"wp-block-heading\"><span class=\"ez-toc-section\" id=\"quels-sont-les-tarifs-de-borana-lodge\"><\/span>Quels sont les tarifs de Borana Lodge&nbsp;?<span class=\"ez-toc-section-end\"><\/span><\/h2>\n\n\n\n<figure class=\"wp-block-table\"><table class=\"has-fixed-layout\"><thead><tr><th class=\"has-text-align-center\" data-align=\"center\">Type de chambre<\/th><th class=\"has-text-align-center\" data-align=\"center\">Prestations<\/th><th class=\"has-text-align-center\" data-align=\"center\">Tarif journalier (\u00e0 partir de)<\/th><\/tr><\/thead><tbody><tr><td class=\"has-text-align-center\" data-align=\"center\">Chambre<\/td><td class=\"has-text-align-center\" data-align=\"center\">Pension compl\u00e8te +&nbsp;transferts + safaris et autres activit\u00e9s<\/td><td class=\"has-text-align-center\" data-align=\"center\">$600 \/ adulte sur la base de 2 adultes$300 \/ enfant (5 \u00e0 15 ans)<\/td><\/tr><tr><td class=\"has-text-align-center\" data-align=\"center\">Villa (chambres interconnect\u00e9es)<\/td><td class=\"has-text-align-center\" data-align=\"center\">Pension compl\u00e8te&nbsp;+ transferts + safaris et autres activit\u00e9s<\/td><td class=\"has-text-align-center\" data-align=\"center\">$630 \/ adulte sur la base de 2 adultes$330 \/ enfant (5 \u00e0 15 ans)<\/td><\/tr><\/tbody><\/table><figcaption>Tarifs de Borana Lodge<\/figcaption><\/figure>\n\n\n\n<p>Le Borana Lodge compte quatre chambres avec lit double. \u00c0 celles-ci s\u2019ajoutent deux \u201cvillas\u201d qui se composent de deux chambres (une double et une twin) interconnect\u00e9es par un salon. Elles sont particuli\u00e8rement adapt\u00e9es pour les familles mais aussi les groupes d\u2019amis qui souhaitent disposer d\u2019un espace priv\u00e9. L\u2019une de ces suites familiales poss\u00e8de de sa propre piscine.<\/p>\n\n\n\n<figure class=\"wp-block-image size-large\"><picture><source srcset=\"https:\/\/mistersafari.com\/fr\/wp-content\/uploads\/sites\/2\/Borana-Lodge-Chambre-1024x683.webp 1024w,https:\/\/mistersafari.com\/fr\/wp-content\/uploads\/sites\/2\/Borana-Lodge-Chambre-300x200.webp 300w,https:\/\/mistersafari.com\/fr\/wp-content\/uploads\/sites\/2\/Borana-Lodge-Chambre-768x512.webp 768w,https:\/\/mistersafari.com\/fr\/wp-content\/uploads\/sites\/2\/Borana-Lodge-Chambre.webp 1200w\" sizes=\"auto, (max-width: 1024px) 100vw, 1024px\" type=\"image\/webp\"><img src=\"https:\/\/mistersafari.com\/fr\/wp-content\/uploads\/sites\/2\/Borana-Lodge-Chambre-1024x683.jpeg\" height=\"683\" width=\"1024\" srcset=\"https:\/\/mistersafari.com\/fr\/wp-content\/uploads\/sites\/2\/Borana-Lodge-Chambre-1024x683.jpeg 1024w, https:\/\/mistersafari.com\/fr\/wp-content\/uploads\/sites\/2\/Borana-Lodge-Chambre-300x200.jpeg 300w, https:\/\/mistersafari.com\/fr\/wp-content\/uploads\/sites\/2\/Borana-Lodge-Chambre-768x512.jpeg 768w, https:\/\/mistersafari.com\/fr\/wp-content\/uploads\/sites\/2\/Borana-Lodge-Chambre.jpeg 1200w\" sizes=\"auto, (max-width: 1024px) 100vw, 1024px\" class=\"wp-image-2520 sp-no-webp\" alt=\"Chambre au Borana Lodge\" loading=\"lazy\" decoding=\"async\"  > <\/picture><figcaption>Chambre au Borana Lodge &#8211; <a href=\"https:\/\/www.borana.co.ke\/\" target=\"_blank\" aria-label=\"Source (opens in a new tab)\" rel=\"noreferrer noopener nofollow\" class=\"rank-math-link\">Source<\/a><\/figcaption><\/figure>\n\n\n\n<p><em>Situ\u00e9 en altitude, les nuits sont fra\u00eeches, d\u2019o\u00f9 l\u2019absence de climatisation dans les chambres du lodge.&nbsp;<\/em><\/p>\n\n\n\n<p>\u00c0 ces tarifs, il faudra ajouter le prix d\u2019entr\u00e9e dans l\u2019Aire de Conservation :<\/p>\n\n\n\n<ul class=\"wp-block-list\"><li>$175\/adulte ;<\/li><li>$88\/enfant (5 \u00e0 15 ans).<\/li><\/ul>\n\n\n\n<h2 class=\"wp-block-heading\"><span class=\"ez-toc-section\" id=\"borana-lodge-avis-clients\"><\/span>Borana Lodge : avis clients<span class=\"ez-toc-section-end\"><\/span><\/h2>\n\n\n\n<p>Borana Lodge obtient 9 avis sur Google avec la note de 4,9\/5. Sur Tripadvisor, les 174 avis lui octroient une note moyenne de 5\/5.&nbsp;<\/p>\n\n\n\n<p>D\u2019apr\u00e8s les commentaires, les guides semblent faire l\u2019unanimit\u00e9 aupr\u00e8s des clients. Exp\u00e9riment\u00e9s, passionn\u00e9s et \u00e0 l\u2019\u00e9coute, ils organisent des game drives inoubliables pour les visiteurs. Les autres activit\u00e9s ont aussi conquis de nombreux voyageurs, dont les balades \u00e0 cheval en pleine brousse. La restauration, la piscine et la vue depuis les chambres sont d\u2019autres points forts vant\u00e9s par les clients.&nbsp;<\/p>\n\n\n\n<p>Quelques clients rappellent que la Wi-Fi est peu fiable, mais on doit s\u2019y attendre dans un endroit isol\u00e9 tel que celui-ci.<\/p>\n","protected":false},"excerpt":{"rendered":"<p>Impliqu\u00e9 dans la protection des rhinoc\u00e9ros, le Borana Lodge est un h\u00e9bergement de gamme sup\u00e9rieure situ\u00e9 au c\u0153ur du Kenya. Vous souhaitez en savoir plus sur ce lodge intimiste et familial ? Suivez le guide pour organiser votre s\u00e9jour. Pourquoi loger \u00e0 Borana Lodge ?&nbsp; Cr\u00e9\u00e9 en 1993, le Borana Lodge est situ\u00e9 dans l\u2019Aire &#8230; <a title=\"Borana Lodge\" class=\"read-more\" href=\"https:\/\/mistersafari.com\/fr\/safari-kenya\/lodges\/borana-lodge\/\" aria-label=\"En savoir plus sur Borana Lodge\">Lire la suite<\/a><\/p>\n","protected":false},"author":3,"featured_media":2519,"parent":2470,"menu_order":1,"comment_status":"closed","ping_status":"closed","template":"","meta":{"_acf_changed":false,"footnotes":""},"content_type":[25],"country":[26],"class_list":{"0":"post-2486","1":"page","2":"type-page","3":"status-publish","4":"has-post-thumbnail","6":"content_type-lodge","7":"country-kenya","8":"no-featured-image-padding"},"acf":{"hreflang":null},"_links":{"self":[{"href":"https:\/\/mistersafari.com\/fr\/wp-json\/wp\/v2\/pages\/2486","targetHints":{"allow":["GET"]}}],"collection":[{"href":"https:\/\/mistersafari.com\/fr\/wp-json\/wp\/v2\/pages"}],"about":[{"href":"https:\/\/mistersafari.com\/fr\/wp-json\/wp\/v2\/types\/page"}],"author":[{"embeddable":true,"href":"https:\/\/mistersafari.com\/fr\/wp-json\/wp\/v2\/users\/3"}],"replies":[{"embeddable":true,"href":"https:\/\/mistersafari.com\/fr\/wp-json\/wp\/v2\/comments?post=2486"}],"version-history":[{"count":7,"href":"https:\/\/mistersafari.com\/fr\/wp-json\/wp\/v2\/pages\/2486\/revisions"}],"predecessor-version":[{"id":2564,"href":"https:\/\/mistersafari.com\/fr\/wp-json\/wp\/v2\/pages\/2486\/revisions\/2564"}],"up":[{"embeddable":true,"href":"https:\/\/mistersafari.com\/fr\/wp-json\/wp\/v2\/pages\/2470"}],"wp:featuredmedia":[{"embeddable":true,"href":"https:\/\/mistersafari.com\/fr\/wp-json\/wp\/v2\/media\/2519"}],"wp:attachment":[{"href":"https:\/\/mistersafari.com\/fr\/wp-json\/wp\/v2\/media?parent=2486"}],"wp:term":[{"taxonomy":"content_type","embeddable":true,"href":"https:\/\/mistersafari.com\/fr\/wp-json\/wp\/v2\/content_type?post=2486"},{"taxonomy":"country","embeddable":true,"href":"https:\/\/mistersafari.com\/fr\/wp-json\/wp\/v2\/country?post=2486"}],"curies":[{"name":"wp","href":"https:\/\/api.w.org\/{rel}","templated":true}]}}