{"id":2485,"date":"2021-04-19T16:02:33","date_gmt":"2021-04-19T16:02:33","guid":{"rendered":"https:\/\/mistersafari.com\/fr\/safari-kenya\/lodges\/amboseli-serena-lodge\/"},"modified":"2021-04-21T15:48:45","modified_gmt":"2021-04-21T15:48:45","slug":"amboseli-serena-lodge","status":"publish","type":"page","link":"https:\/\/mistersafari.com\/fr\/safari-kenya\/lodges\/amboseli-serena-lodge\/","title":{"rendered":"Amboseli Serena Lodge"},"content":{"rendered":"\n<p>Amboseli Serena Safari Lodge est un h\u00e9bergement id\u00e9al pour acc\u00e9der aux safaris du Parc Amboseli. Ses prestations de qualit\u00e9 font de ce logement un lieu appr\u00e9ci\u00e9 pour se ressourcer apr\u00e8s les safaris exaltants du Kenya. Voici notre guide complet sur Amboseli Serena Safari Lodge.&nbsp;<\/p>\n\n\n<div id=\"ez-toc-container\" class=\"ez-toc-v2_0_76 counter-flat ez-toc-counter ez-toc-custom ez-toc-container-direction\">\n<div class=\"ez-toc-title-container\"><p class=\"ez-toc-title\" style=\"cursor:inherit\">Sommaire<\/p>\n<\/div><nav><ul class='ez-toc-list ez-toc-list-level-1 ' ><li class='ez-toc-page-1'><a class=\"ez-toc-link ez-toc-heading-1\" href=\"https:\/\/mistersafari.com\/fr\/safari-kenya\/lodges\/amboseli-serena-lodge\/#pourquoi-loger-a-amboseli-serena-safari-lodge\">Pourquoi loger \u00e0 Amboseli Serena Safari Lodge ?<\/a><\/li><li class='ez-toc-page-1'><a class=\"ez-toc-link ez-toc-heading-2\" href=\"https:\/\/mistersafari.com\/fr\/safari-kenya\/lodges\/amboseli-serena-lodge\/#localisation-du-amboseli-serena-safari-lodge\">Localisation du Amboseli Serena Safari Lodge<\/a><\/li><li class='ez-toc-page-1'><a class=\"ez-toc-link ez-toc-heading-3\" href=\"https:\/\/mistersafari.com\/fr\/safari-kenya\/lodges\/amboseli-serena-lodge\/#equipements-du-amboseli-serena-safari-lodge\">Equipements du Amboseli Serena Safari Lodge<\/a><\/li><li class='ez-toc-page-1'><a class=\"ez-toc-link ez-toc-heading-4\" href=\"https:\/\/mistersafari.com\/fr\/safari-kenya\/lodges\/amboseli-serena-lodge\/#quels-sont-les-tarifs-damboseli-serena-safari-lodge\">Quels sont les tarifs d\u2019Amboseli Serena Safari Lodge ?<\/a><\/li><li class='ez-toc-page-1'><a class=\"ez-toc-link ez-toc-heading-5\" href=\"https:\/\/mistersafari.com\/fr\/safari-kenya\/lodges\/amboseli-serena-lodge\/#amboseli-serena-safari-lodge-avis-clients\">Amboseli Serena Safari Lodge : avis clients<\/a><\/li><\/ul><\/nav><\/div>\n\n\n\n\n<h2 class=\"wp-block-heading\"><span class=\"ez-toc-section\" id=\"pourquoi-loger-a-amboseli-serena-safari-lodge\"><\/span>Pourquoi loger \u00e0 Amboseli Serena Safari Lodge ?<span class=\"ez-toc-section-end\"><\/span><\/h2>\n\n\n\n<p>Calme et paisible, Amboseli Serena Safari Lodge est un lodge de gamme sup\u00e9rieure avec pour toile de fond une magnifique vue sur le Mont Kilimandjaro.&nbsp;<\/p>\n\n\n\n<p>Id\u00e9al pour partir en safari dans le <a class=\"rank-math-link\" href=\"https:\/\/mistersafari.com\/fr\/safari-kenya\/parcs-reserves\/parc-amboseli\/\">Parc d\u2019Amboseli<\/a>, vous profitez de la pr\u00e9sence d\u2019animaux d\u00e8s l\u2019enceinte du lodge : les singes, peu sauvages, viennent se balader autour et dans le lodge et qu\u00e9mander de la nourriture. D\u2019autres animaux, tels que des z\u00e8bres ou des \u00e9l\u00e9phants, ont aussi pour habitude de passer devant le lodge en fin de journ\u00e9e. Ils peuvent notamment \u00eatre observ\u00e9s depuis le restaurant ou la terrasse du bar.&nbsp;<\/p>\n\n\n\n<figure class=\"wp-block-image size-large\"><img loading=\"lazy\" decoding=\"async\" width=\"1024\" height=\"655\" src=\"https:\/\/mk0mistersafarimcosm.kinstacdn.com\/wp-content\/uploads\/sites\/2\/Amboseli-Serena-Lodge-Vue-Kilimanjaro-1-1024x655.jpg\" alt=\"Vue sur le kilimandjaro depuis l'Amboseli Serena Lodge\" class=\"wp-image-2496\" srcset=\"https:\/\/mistersafari.com\/fr\/wp-content\/uploads\/sites\/2\/Amboseli-Serena-Lodge-Vue-Kilimanjaro-1-1024x655.jpg 1024w, https:\/\/mistersafari.com\/fr\/wp-content\/uploads\/sites\/2\/Amboseli-Serena-Lodge-Vue-Kilimanjaro-1-300x192.jpg 300w, https:\/\/mistersafari.com\/fr\/wp-content\/uploads\/sites\/2\/Amboseli-Serena-Lodge-Vue-Kilimanjaro-1-768x492.jpg 768w, https:\/\/mistersafari.com\/fr\/wp-content\/uploads\/sites\/2\/Amboseli-Serena-Lodge-Vue-Kilimanjaro-1-1536x983.jpg 1536w, https:\/\/mistersafari.com\/fr\/wp-content\/uploads\/sites\/2\/Amboseli-Serena-Lodge-Vue-Kilimanjaro-1.jpg 1200w\" sizes=\"auto, (max-width: 1024px) 100vw, 1024px\" \/><figcaption>Une vue imprenable sur le Kilimandjaro depuis l&rsquo;Amboseli Serena Lodge &#8211; <a aria-label=\" (opens in a new tab)\" href=\"https:\/\/www.serenahotels.com\" target=\"_blank\" rel=\"noreferrer noopener nofollow\" class=\"rank-math-link\">Source<\/a><\/figcaption><\/figure>\n\n\n\n<p>Le lodge dispose \u00e9galement d\u2019une piscine ombrag\u00e9e par les palmiers et entour\u00e9e de verdure s\u2019ouvrant la vue sur l\u2019immensit\u00e9 du parc. Vous pourrez aussi profiter de soins et de massages dans le spa.<\/p>\n\n\n\n<p>Toutes les chambres sont en rez-de-chauss\u00e9e et poss\u00e8dent une terrasse privative, avec vue sur la r\u00e9serve ou sur le jardin du lodge. La d\u00e9coration est raffin\u00e9e avec des peintures murales artisanales qui apportent un charme original.<\/p>\n\n\n\n<p>Le lodge organise des visites de village Masa\u00ef, des safaris matin et soir, des marches et des observations d\u2019oiseaux guid\u00e9es. Vous trouverez aussi une boutique proposant des pi\u00e8ces d\u2019artisanat Masa\u00ef.&nbsp;<\/p>\n\n\n\n<h2 class=\"wp-block-heading\"><span class=\"ez-toc-section\" id=\"localisation-du-amboseli-serena-safari-lodge\"><\/span>Localisation du Amboseli Serena Safari Lodge<span class=\"ez-toc-section-end\"><\/span><\/h2>\n\n\n\n<p>Proche de la fronti\u00e8re avec la Tanzanie, Amboseli Serena Safari Lodge est situ\u00e9 aux portes du <a href=\"https:\/\/mistersafari.com\/fr\/safari-kenya\/parcs-reserves\/parc-amboseli\/\">Parc Amboseli<\/a>. C\u2019est le point de d\u00e9part id\u00e9al pour vos safaris dans le parc. 250 km s\u00e9pare le lodge de Nairobi, soit un trajet en voiture d\u2019environ 4 heures. Le lodge se trouve \u00e0 11 km de l\u2019a\u00e9rodrome d\u2019Amboseli et propose un service de transferts si vous arrivez en avion.&nbsp;<\/p>\n\n\n\n<figure class=\"wp-block-image size-large\"><img loading=\"lazy\" decoding=\"async\" width=\"1024\" height=\"655\" src=\"https:\/\/mk0mistersafarimcosm.kinstacdn.com\/wp-content\/uploads\/sites\/2\/Amboseli-Serena-Lodge-Vue-ae\u0301rienne-1-1024x655.jpeg\" alt=\"Vue a\u00e9rienne de l'Amboseli Serena Lodge\" class=\"wp-image-2499\" srcset=\"https:\/\/mistersafari.com\/fr\/wp-content\/uploads\/sites\/2\/Amboseli-Serena-Lodge-Vue-ae\u0301rienne-1-1024x655.jpeg 1024w, https:\/\/mistersafari.com\/fr\/wp-content\/uploads\/sites\/2\/Amboseli-Serena-Lodge-Vue-ae\u0301rienne-1-300x192.jpeg 300w, https:\/\/mistersafari.com\/fr\/wp-content\/uploads\/sites\/2\/Amboseli-Serena-Lodge-Vue-ae\u0301rienne-1-768x492.jpeg 768w, https:\/\/mistersafari.com\/fr\/wp-content\/uploads\/sites\/2\/Amboseli-Serena-Lodge-Vue-ae\u0301rienne-1-1536x983.jpeg 1536w, https:\/\/mistersafari.com\/fr\/wp-content\/uploads\/sites\/2\/Amboseli-Serena-Lodge-Vue-ae\u0301rienne-1.jpeg 1200w\" sizes=\"auto, (max-width: 1024px) 100vw, 1024px\" \/><figcaption>Amboseli Serena Safari Lodge &#8211; Vue A\u00e9rienne &#8211; <a href=\"https:\/\/www.serenahotels.com\" target=\"_blank\" aria-label=\"Source (opens in a new tab)\" rel=\"noreferrer noopener nofollow\" class=\"rank-math-link\">Source<\/a><\/figcaption><\/figure>\n\n\n\n<p>Depuis le Lodge Amboseli Serena Safari, vous serez aussi proche du <a href=\"https:\/\/mistersafari.com\/fr\/safari-kenya\/parcs-reserves\/parc-tsavo-est-ouest\/\">Parc National Tsavo<\/a> Est (environ 2 heures de route) mais aussi de la Tanzanie avec le <a href=\"https:\/\/mistersafari.com\/fr\/safari-tanzanie\/parcs-reserves\/parc-national-kilimandjaro\/\">Parc du Mont Kilimandjaro<\/a> et le <a class=\"rank-math-link\" href=\"https:\/\/mistersafari.com\/fr\/safari-tanzanie\/parcs-reserves\/arusha\/\">Parc National d\u2019Arusha<\/a>.&nbsp;&nbsp;<\/p>\n\n\n\n<h2 class=\"wp-block-heading\"><span class=\"ez-toc-section\" id=\"equipements-du-amboseli-serena-safari-lodge\"><\/span>Equipements du Amboseli Serena Safari Lodge<span class=\"ez-toc-section-end\"><\/span><\/h2>\n\n\n\n<figure class=\"wp-block-table\"><table class=\"has-fixed-layout\"><thead><tr><th class=\"has-text-align-center\" data-align=\"center\"><strong>Equipement<\/strong><\/th><th class=\"has-text-align-center\" data-align=\"center\"><strong>Oui\/Non<\/strong><\/th><\/tr><\/thead><tbody><tr><td class=\"has-text-align-center\" data-align=\"center\">Wifi<\/td><td class=\"has-text-align-center\" data-align=\"center\">Oui<\/td><\/tr><tr><td class=\"has-text-align-center\" data-align=\"center\">Climatisation<\/td><td class=\"has-text-align-center\" data-align=\"center\">Non (uniquement dans la suite Ol Donyo Oibor)<\/td><\/tr><tr><td class=\"has-text-align-center\" data-align=\"center\">Ventilateur<\/td><td class=\"has-text-align-center\" data-align=\"center\">Oui<\/td><\/tr><tr><td class=\"has-text-align-center\" data-align=\"center\">Parking<\/td><td class=\"has-text-align-center\" data-align=\"center\">Oui<\/td><\/tr><tr><td class=\"has-text-align-center\" data-align=\"center\">Restaurant<\/td><td class=\"has-text-align-center\" data-align=\"center\">Oui<\/td><\/tr><tr><td class=\"has-text-align-center\" data-align=\"center\">Bar<\/td><td class=\"has-text-align-center\" data-align=\"center\">Oui<\/td><\/tr><tr><td class=\"has-text-align-center\" data-align=\"center\">Room service<\/td><td class=\"has-text-align-center\" data-align=\"center\">Oui<\/td><\/tr><tr><td class=\"has-text-align-center\" data-align=\"center\">Balcon\/terrasse priv\u00e9<\/td><td class=\"has-text-align-center\" data-align=\"center\">Oui<\/td><\/tr><tr><td class=\"has-text-align-center\" data-align=\"center\">Pressing<\/td><td class=\"has-text-align-center\" data-align=\"center\">Non<\/td><\/tr><tr><td class=\"has-text-align-center\" data-align=\"center\">Massage<\/td><td class=\"has-text-align-center\" data-align=\"center\">Oui<\/td><\/tr><tr><td class=\"has-text-align-center\" data-align=\"center\">Piscine<\/td><td class=\"has-text-align-center\" data-align=\"center\">Oui<\/td><\/tr><tr><td class=\"has-text-align-center\" data-align=\"center\">S\u00e9curit\u00e9<\/td><td class=\"has-text-align-center\" data-align=\"center\">Oui<\/td><\/tr><tr><td class=\"has-text-align-center\" data-align=\"center\">Navette a\u00e9roport<\/td><td class=\"has-text-align-center\" data-align=\"center\">Oui<\/td><\/tr><\/tbody><\/table><figcaption>Equipements du Amboseli Serena Safari Lodge<\/figcaption><\/figure>\n\n\n\n<h2 class=\"wp-block-heading\"><span class=\"ez-toc-section\" id=\"quels-sont-les-tarifs-damboseli-serena-safari-lodge\"><\/span>Quels sont les tarifs d\u2019Amboseli Serena Safari Lodge ?<span class=\"ez-toc-section-end\"><\/span><\/h2>\n\n\n\n<figure class=\"wp-block-table\"><table class=\"has-fixed-layout\"><thead><tr><th class=\"has-text-align-center\" data-align=\"center\">Type de chambre<\/th><th class=\"has-text-align-center\" data-align=\"center\">Prestations<\/th><th class=\"has-text-align-center\" data-align=\"center\">Tarif journalier (\u00e0 partir de)<\/th><\/tr><\/thead><tbody><tr><td class=\"has-text-align-center\" data-align=\"center\">Chambre Twin (lits jumeaux)<\/td><td class=\"has-text-align-center\" data-align=\"center\">Pension compl\u00e8te<\/td><td class=\"has-text-align-center\" data-align=\"center\">$124<\/td><\/tr><tr><td class=\"has-text-align-center\" data-align=\"center\">Chambre Double<\/td><td class=\"has-text-align-center\" data-align=\"center\">Pension compl\u00e8te<\/td><td class=\"has-text-align-center\" data-align=\"center\">$124<\/td><\/tr><tr><td class=\"has-text-align-center\" data-align=\"center\">Chambre Family<\/td><td class=\"has-text-align-center\" data-align=\"center\">Pension compl\u00e8te<\/td><td class=\"has-text-align-center\" data-align=\"center\">$124<\/td><\/tr><tr><td class=\"has-text-align-center\" data-align=\"center\">Suite Ol Donyo Oibor<\/td><td class=\"has-text-align-center\" data-align=\"center\">Pension compl\u00e8te<\/td><td class=\"has-text-align-center\" data-align=\"center\">Sur demande<\/td><\/tr><\/tbody><\/table><figcaption>Tarifs d\u2019Amboseli Serena Safari Lodge<\/figcaption><\/figure>\n\n\n\n<figure class=\"wp-block-image size-large\"><img loading=\"lazy\" decoding=\"async\" width=\"1024\" height=\"655\" src=\"https:\/\/mk0mistersafarimcosm.kinstacdn.com\/wp-content\/uploads\/sites\/2\/Amboseli-Serena-Lodge-Suite-Ol-Donyo-Oibor-1-1024x655.jpeg\" alt=\"Suite Ol Donyo Oibor \u00e0 l'Amboseli Serena Lodge\n\" class=\"wp-image-2501\" srcset=\"https:\/\/mistersafari.com\/fr\/wp-content\/uploads\/sites\/2\/Amboseli-Serena-Lodge-Suite-Ol-Donyo-Oibor-1-1024x655.jpeg 1024w, https:\/\/mistersafari.com\/fr\/wp-content\/uploads\/sites\/2\/Amboseli-Serena-Lodge-Suite-Ol-Donyo-Oibor-1-300x192.jpeg 300w, https:\/\/mistersafari.com\/fr\/wp-content\/uploads\/sites\/2\/Amboseli-Serena-Lodge-Suite-Ol-Donyo-Oibor-1-768x492.jpeg 768w, https:\/\/mistersafari.com\/fr\/wp-content\/uploads\/sites\/2\/Amboseli-Serena-Lodge-Suite-Ol-Donyo-Oibor-1-1536x983.jpeg 1536w, https:\/\/mistersafari.com\/fr\/wp-content\/uploads\/sites\/2\/Amboseli-Serena-Lodge-Suite-Ol-Donyo-Oibor-1.jpeg 1200w\" sizes=\"auto, (max-width: 1024px) 100vw, 1024px\" \/><figcaption>Amboseli Serena Lodge &#8211; Suite Ol Donyo Oibor &#8211; <a href=\"https:\/\/www.serenahotels.com\" target=\"_blank\" aria-label=\"Source (opens in a new tab)\" rel=\"noreferrer noopener nofollow\" class=\"rank-math-link\">Source<\/a><\/figcaption><\/figure>\n\n\n\n<p>Les chambres twin, double et family disposent des m\u00eames prestations dont le n\u00e9cessaire pour faire du th\u00e9 et du caf\u00e9, un ventilateur au plafond ou encore l\u2019acc\u00e8s Wi-Fi. Les tarifs varient de $124 \u00e0 $323 la nuit selon la p\u00e9riode de l\u2019ann\u00e9e. La suite quant \u00e0 elle propose des prestations de haut standing : coin salon, air climatis\u00e9, bain-jacuzzi, mini-bar, TV, \u2026&nbsp;<\/p>\n\n\n\n<h2 class=\"wp-block-heading\"><span class=\"ez-toc-section\" id=\"amboseli-serena-safari-lodge-avis-clients\"><\/span>Amboseli Serena Safari Lodge : avis clients<span class=\"ez-toc-section-end\"><\/span><\/h2>\n\n\n\n<p>A ce jour, Amboseli Serena Safari Lodge a re\u00e7u plus de 1000 avis sur TripAdvisor avec la note de 4,5\/5 et 12 avs sur Booking.com avec la note de 8,4\/10.&nbsp;<\/p>\n\n\n\n<p>Les voyageurs mettent en avant la localisation du lodge qui permet un acc\u00e8s rapide aux safaris. Le personnel est tr\u00e8s accueillant et \u00e0 l\u2019\u00e9coute des visiteurs. Le restaurant avec son buffet tr\u00e8s garni et abondant semble avoir convaincu. La piscine est appr\u00e9ci\u00e9e apr\u00e8s une sortie safari, de m\u00eame que la terrasse privative de chaque chambre. Les voyageurs jugent les chambres confortables et propres, bien que petites et \u00e0 la d\u00e9coration peu typique.<\/p>\n","protected":false},"excerpt":{"rendered":"<p>Amboseli Serena Safari Lodge est un h\u00e9bergement id\u00e9al pour acc\u00e9der aux safaris du Parc Amboseli. Ses prestations de qualit\u00e9 font de ce logement un lieu appr\u00e9ci\u00e9 pour se ressourcer apr\u00e8s les safaris exaltants du Kenya. Voici notre guide complet sur Amboseli Serena Safari Lodge.&nbsp; Pourquoi loger \u00e0 Amboseli Serena Safari Lodge ? Calme et paisible, &#8230; <a title=\"Amboseli Serena Lodge\" class=\"read-more\" href=\"https:\/\/mistersafari.com\/fr\/safari-kenya\/lodges\/amboseli-serena-lodge\/\" aria-label=\"En savoir plus sur Amboseli Serena Lodge\">Lire la suite<\/a><\/p>\n","protected":false},"author":3,"featured_media":2492,"parent":2470,"menu_order":0,"comment_status":"closed","ping_status":"closed","template":"","meta":{"_acf_changed":false,"footnotes":""},"content_type":[25],"country":[26],"class_list":{"0":"post-2485","1":"page","2":"type-page","3":"status-publish","4":"has-post-thumbnail","6":"content_type-lodge","7":"country-kenya","8":"no-featured-image-padding"},"acf":{"hreflang":null},"_links":{"self":[{"href":"https:\/\/mistersafari.com\/fr\/wp-json\/wp\/v2\/pages\/2485","targetHints":{"allow":["GET"]}}],"collection":[{"href":"https:\/\/mistersafari.com\/fr\/wp-json\/wp\/v2\/pages"}],"about":[{"href":"https:\/\/mistersafari.com\/fr\/wp-json\/wp\/v2\/types\/page"}],"author":[{"embeddable":true,"href":"https:\/\/mistersafari.com\/fr\/wp-json\/wp\/v2\/users\/3"}],"replies":[{"embeddable":true,"href":"https:\/\/mistersafari.com\/fr\/wp-json\/wp\/v2\/comments?post=2485"}],"version-history":[{"count":8,"href":"https:\/\/mistersafari.com\/fr\/wp-json\/wp\/v2\/pages\/2485\/revisions"}],"predecessor-version":[{"id":2507,"href":"https:\/\/mistersafari.com\/fr\/wp-json\/wp\/v2\/pages\/2485\/revisions\/2507"}],"up":[{"embeddable":true,"href":"https:\/\/mistersafari.com\/fr\/wp-json\/wp\/v2\/pages\/2470"}],"wp:featuredmedia":[{"embeddable":true,"href":"https:\/\/mistersafari.com\/fr\/wp-json\/wp\/v2\/media\/2492"}],"wp:attachment":[{"href":"https:\/\/mistersafari.com\/fr\/wp-json\/wp\/v2\/media?parent=2485"}],"wp:term":[{"taxonomy":"content_type","embeddable":true,"href":"https:\/\/mistersafari.com\/fr\/wp-json\/wp\/v2\/content_type?post=2485"},{"taxonomy":"country","embeddable":true,"href":"https:\/\/mistersafari.com\/fr\/wp-json\/wp\/v2\/country?post=2485"}],"curies":[{"name":"wp","href":"https:\/\/api.w.org\/{rel}","templated":true}]}}