{"id":2470,"date":"2021-04-19T07:58:27","date_gmt":"2021-04-19T07:58:27","guid":{"rendered":"https:\/\/mistersafari.com\/fr\/?page_id=2470"},"modified":"2021-06-28T07:29:55","modified_gmt":"2021-06-28T07:29:55","slug":"lodges","status":"publish","type":"page","link":"https:\/\/mistersafari.com\/fr\/safari-kenya\/lodges\/","title":{"rendered":"Lodges au Kenya"},"content":{"rendered":"\n<p>Pour profiter au maximum de votre s\u00e9jour au Kenya, le choix des camps et des lodges n&rsquo;est pas anodin. Que ce soit au niveau du budget mais surtout de l&rsquo;exp\u00e9rience, choisir les bons h\u00e9bergements vous garantira un safari qui vous ressemble. Pour vous aider \u00e0 y voir plus clair, voici une s\u00e9lection des meilleurs camps et lodges du Kenya. <\/p>\n\n\n\n<p>Entre les logements insolites comme le Giraffe Manor, o\u00f9 vous verrez des girafes \u00e0 votre balcon, les logements de luxe comme le lodge Angama Mara ou les camps plus traditionnels, vous aurez l&#8217;embarras du choix et l&rsquo;assurance de trouver un h\u00e9bergement qui correspond \u00e0 vos envies et votre budget.<\/p>\n\n\n\n<hr class=\"wp-block-separator\"\/>\n\n\n<style>.wp-show-posts-columns#wpsp-2194 {margin-left: -1px; }.wp-show-posts-columns#wpsp-2194 .wp-show-posts-inner {margin: 0 0 1px 1px; }<\/style><section id=\"wpsp-2194\" class=\" wp-show-posts\" style=\"\"><article class=\" wp-show-posts-single wpsp-clearfix post-2485 page type-page status-publish has-post-thumbnail content_type-lodge country-kenya\" itemtype=\"http:\/\/schema.org\/CreativeWork\" itemscope><div class=\"wp-show-posts-inner\" style=\"\">\t\t<div class=\"wp-show-posts-image  wpsp-image-left \">\n\t\t\t<a href=\"https:\/\/mistersafari.com\/fr\/safari-kenya\/lodges\/amboseli-serena-lodge\/\"  title=\"Amboseli Serena Lodge\">\t\t\t\t\t<img decoding=\"async\" src=\"https:\/\/mistersafari.com\/fr\/wp-content\/uploads\/sites\/2\/Amboseli-Serena-Lodge-200x120.jpeg\" alt=\"Amboseli Serena Lodge\" itemprop=\"image\" class=\"left\" \/>\n\t\t\t\t<\/a>\t\t<\/div>\n\t\t\t\t\t\t\t\t<header class=\"wp-show-posts-entry-header\">\n\t\t\t\t\t\t\t<h3 class=\"wp-show-posts-entry-title\" itemprop=\"headline\"><a href=\"https:\/\/mistersafari.com\/fr\/safari-kenya\/lodges\/amboseli-serena-lodge\/\" rel=\"bookmark\">Amboseli Serena Lodge<\/a><\/h3>\t\t\t\t\t\t<\/header><!-- .entry-header -->\n\t\t\t\t\t\t\t\t\t\t\t<div class=\"wp-show-posts-entry-summary\" itemprop=\"text\">\n\t\t\t\t\t\t\t<p>Amboseli Serena Safari Lodge est un h\u00e9bergement id\u00e9al pour acc\u00e9der aux safaris du Parc Amboseli. Ses prestations de qualit\u00e9 font de ce logement un lieu appr\u00e9ci\u00e9 pour se ressourcer apr\u00e8s&#8230;<\/p>\n\t\t\t\t\t\t<\/div><!-- .entry-summary -->\n\t\t\t\t\t<\/div><!-- wp-show-posts-inner --><div class=\"wpsp-clear\"><\/div><\/article><article class=\" wp-show-posts-single wpsp-clearfix post-2488 page type-page status-publish has-post-thumbnail content_type-lodge country-kenya\" itemtype=\"http:\/\/schema.org\/CreativeWork\" itemscope><div class=\"wp-show-posts-inner\" style=\"\">\t\t<div class=\"wp-show-posts-image  wpsp-image-left \">\n\t\t\t<a href=\"https:\/\/mistersafari.com\/fr\/safari-kenya\/lodges\/angama-mara\/\"  title=\"Angama Mara\">\t\t\t\t\t<img decoding=\"async\" src=\"https:\/\/mistersafari.com\/fr\/wp-content\/uploads\/sites\/2\/Angama-Mara-2-200x120.jpeg\" alt=\"Angama Mara\" itemprop=\"image\" class=\"left\" \/>\n\t\t\t\t<\/a>\t\t<\/div>\n\t\t\t\t\t\t\t\t<header class=\"wp-show-posts-entry-header\">\n\t\t\t\t\t\t\t<h3 class=\"wp-show-posts-entry-title\" itemprop=\"headline\"><a href=\"https:\/\/mistersafari.com\/fr\/safari-kenya\/lodges\/angama-mara\/\" rel=\"bookmark\">Angama Mara<\/a><\/h3>\t\t\t\t\t\t<\/header><!-- .entry-header -->\n\t\t\t\t\t\t\t\t\t\t\t<div class=\"wp-show-posts-entry-summary\" itemprop=\"text\">\n\t\t\t\t\t\t\t<p>Situ\u00e9 aux portes de la R\u00e9serve de Masa\u00ef Mara, le lodge Angama Mara est un endroit combinant luxe et nature \u00e0 la perfection. Si l\u2019on s\u2019arr\u00eate \u00e0 Angama Mara, c\u2019est&#8230;<\/p>\n\t\t\t\t\t\t<\/div><!-- .entry-summary -->\n\t\t\t\t\t<\/div><!-- wp-show-posts-inner --><div class=\"wpsp-clear\"><\/div><\/article><article class=\" wp-show-posts-single wpsp-clearfix post-2486 page type-page status-publish has-post-thumbnail content_type-lodge country-kenya\" itemtype=\"http:\/\/schema.org\/CreativeWork\" itemscope><div class=\"wp-show-posts-inner\" style=\"\">\t\t<div class=\"wp-show-posts-image  wpsp-image-left \">\n\t\t\t<a href=\"https:\/\/mistersafari.com\/fr\/safari-kenya\/lodges\/borana-lodge\/\"  title=\"Borana Lodge\">\t\t\t\t\t<img decoding=\"async\" src=\"https:\/\/mistersafari.com\/fr\/wp-content\/uploads\/sites\/2\/Borana-Lodge-200x120.jpg\" alt=\"Borana Lodge\" itemprop=\"image\" class=\"left\" \/>\n\t\t\t\t<\/a>\t\t<\/div>\n\t\t\t\t\t\t\t\t<header class=\"wp-show-posts-entry-header\">\n\t\t\t\t\t\t\t<h3 class=\"wp-show-posts-entry-title\" itemprop=\"headline\"><a href=\"https:\/\/mistersafari.com\/fr\/safari-kenya\/lodges\/borana-lodge\/\" rel=\"bookmark\">Borana Lodge<\/a><\/h3>\t\t\t\t\t\t<\/header><!-- .entry-header -->\n\t\t\t\t\t\t\t\t\t\t\t<div class=\"wp-show-posts-entry-summary\" itemprop=\"text\">\n\t\t\t\t\t\t\t<p>Impliqu\u00e9 dans la protection des rhinoc\u00e9ros, le Borana Lodge est un h\u00e9bergement de gamme sup\u00e9rieure situ\u00e9 au c\u0153ur du Kenya. Vous souhaitez en savoir plus sur ce lodge intimiste et&#8230;<\/p>\n\t\t\t\t\t\t<\/div><!-- .entry-summary -->\n\t\t\t\t\t<\/div><!-- wp-show-posts-inner --><div class=\"wpsp-clear\"><\/div><\/article><article class=\" wp-show-posts-single wpsp-clearfix post-2582 page type-page status-publish has-post-thumbnail content_type-lodge country-kenya\" itemtype=\"http:\/\/schema.org\/CreativeWork\" itemscope><div class=\"wp-show-posts-inner\" style=\"\">\t\t<div class=\"wp-show-posts-image  wpsp-image-left \">\n\t\t\t<a href=\"https:\/\/mistersafari.com\/fr\/safari-kenya\/lodges\/elewana-tortilis-camp\/\"  title=\"Elewana Tortilis Camp\">\t\t\t\t\t<img decoding=\"async\" src=\"https:\/\/mistersafari.com\/fr\/wp-content\/uploads\/sites\/2\/Elewana-Tortilis-Camp-200x120.jpeg\" alt=\"Elewana Tortilis Camp\" itemprop=\"image\" class=\"left\" \/>\n\t\t\t\t<\/a>\t\t<\/div>\n\t\t\t\t\t\t\t\t<header class=\"wp-show-posts-entry-header\">\n\t\t\t\t\t\t\t<h3 class=\"wp-show-posts-entry-title\" itemprop=\"headline\"><a href=\"https:\/\/mistersafari.com\/fr\/safari-kenya\/lodges\/elewana-tortilis-camp\/\" rel=\"bookmark\">Elewana Tortilis Camp<\/a><\/h3>\t\t\t\t\t\t<\/header><!-- .entry-header -->\n\t\t\t\t\t\t\t\t\t\t\t<div class=\"wp-show-posts-entry-summary\" itemprop=\"text\">\n\t\t\t\t\t\t\t<p>Des safaris en toute intimit\u00e9, de nombreux animaux dont une population importante d\u2019\u00e9l\u00e9phants et un h\u00e9bergement qui invite \u00e0 la d\u00e9tente : c\u2019est le combo parfait que propose le Elewana&#8230;<\/p>\n\t\t\t\t\t\t<\/div><!-- .entry-summary -->\n\t\t\t\t\t<\/div><!-- wp-show-posts-inner --><div class=\"wpsp-clear\"><\/div><\/article><article class=\" wp-show-posts-single wpsp-clearfix post-2487 page type-page status-publish has-post-thumbnail content_type-lodge country-kenya\" itemtype=\"http:\/\/schema.org\/CreativeWork\" itemscope><div class=\"wp-show-posts-inner\" style=\"\">\t\t<div class=\"wp-show-posts-image  wpsp-image-left \">\n\t\t\t<a href=\"https:\/\/mistersafari.com\/fr\/safari-kenya\/lodges\/giraffe-manor\/\"  title=\"Giraffe Manor\">\t\t\t\t\t<img decoding=\"async\" src=\"https:\/\/mistersafari.com\/fr\/wp-content\/uploads\/sites\/2\/Giraffe-Manor-200x120.jpeg\" alt=\"Giraffe Manor\" itemprop=\"image\" class=\"left\" \/>\n\t\t\t\t<\/a>\t\t<\/div>\n\t\t\t\t\t\t\t\t<header class=\"wp-show-posts-entry-header\">\n\t\t\t\t\t\t\t<h3 class=\"wp-show-posts-entry-title\" itemprop=\"headline\"><a href=\"https:\/\/mistersafari.com\/fr\/safari-kenya\/lodges\/giraffe-manor\/\" rel=\"bookmark\">Giraffe Manor<\/a><\/h3>\t\t\t\t\t\t<\/header><!-- .entry-header -->\n\t\t\t\t\t\t\t\t\t\t\t<div class=\"wp-show-posts-entry-summary\" itemprop=\"text\">\n\t\t\t\t\t\t\t<p>Vous cherchez un h\u00e9bergement hors du commun, vous offrant une exp\u00e9rience inoubliable et vous ouvrant les portes des safaris au Kenya&nbsp;? Le Giraffe Manor, situ\u00e9 pr\u00e8s de Nairobi, est certainement&#8230;<\/p>\n\t\t\t\t\t\t<\/div><!-- .entry-summary -->\n\t\t\t\t\t<\/div><!-- wp-show-posts-inner --><div class=\"wpsp-clear\"><\/div><\/article><article class=\" wp-show-posts-single wpsp-clearfix post-2583 page type-page status-publish has-post-thumbnail content_type-lodge country-kenya\" itemtype=\"http:\/\/schema.org\/CreativeWork\" itemscope><div class=\"wp-show-posts-inner\" style=\"\">\t\t<div class=\"wp-show-posts-image  wpsp-image-left \">\n\t\t\t<a href=\"https:\/\/mistersafari.com\/fr\/safari-kenya\/lodges\/sasaab-lodge\/\"  title=\"Sasaab Lodge\">\t\t\t\t\t<img decoding=\"async\" src=\"https:\/\/mistersafari.com\/fr\/wp-content\/uploads\/sites\/2\/Sasaab-Lodge-200x120.jpeg\" alt=\"Sasaab Lodge\" itemprop=\"image\" class=\"left\" \/>\n\t\t\t\t<\/a>\t\t<\/div>\n\t\t\t\t\t\t\t\t<header class=\"wp-show-posts-entry-header\">\n\t\t\t\t\t\t\t<h3 class=\"wp-show-posts-entry-title\" itemprop=\"headline\"><a href=\"https:\/\/mistersafari.com\/fr\/safari-kenya\/lodges\/sasaab-lodge\/\" rel=\"bookmark\">Sasaab Lodge<\/a><\/h3>\t\t\t\t\t\t<\/header><!-- .entry-header -->\n\t\t\t\t\t\t\t\t\t\t\t<div class=\"wp-show-posts-entry-summary\" itemprop=\"text\">\n\t\t\t\t\t\t\t<p>Au c\u0153ur d\u2019une nature pr\u00e9serv\u00e9e, le Sasaab Lodge accueille ses visiteurs dans un h\u00e9bergement de haut standing. Pourquoi se rendre au Sasaab Lodge ? D\u00e9couvrez-en plus sur ce lodge dans&#8230;<\/p>\n\t\t\t\t\t\t<\/div><!-- .entry-summary -->\n\t\t\t\t\t<\/div><!-- wp-show-posts-inner --><div class=\"wpsp-clear\"><\/div><\/article><\/section><!-- .wp-show-posts -->\n","protected":false},"excerpt":{"rendered":"<p>Pour profiter au maximum de votre s\u00e9jour au Kenya, le choix des camps et des lodges n&rsquo;est pas anodin. Que ce soit au niveau du budget mais surtout de l&rsquo;exp\u00e9rience, choisir les bons h\u00e9bergements vous garantira un safari qui vous ressemble. Pour vous aider \u00e0 y voir plus clair, voici une s\u00e9lection des meilleurs camps &#8230; <a title=\"Sasaab Lodge\" class=\"read-more\" href=\"https:\/\/mistersafari.com\/fr\/safari-kenya\/lodges\/sasaab-lodge\/\" aria-label=\"En savoir plus sur Sasaab Lodge\">Lire la suite<\/a><\/p>\n","protected":false},"author":3,"featured_media":0,"parent":924,"menu_order":0,"comment_status":"closed","ping_status":"closed","template":"","meta":{"_acf_changed":false,"footnotes":""},"content_type":[],"country":[],"class_list":["post-2470","page","type-page","status-publish","no-featured-image-padding"],"acf":{"hreflang":null},"_links":{"self":[{"href":"https:\/\/mistersafari.com\/fr\/wp-json\/wp\/v2\/pages\/2470","targetHints":{"allow":["GET"]}}],"collection":[{"href":"https:\/\/mistersafari.com\/fr\/wp-json\/wp\/v2\/pages"}],"about":[{"href":"https:\/\/mistersafari.com\/fr\/wp-json\/wp\/v2\/types\/page"}],"author":[{"embeddable":true,"href":"https:\/\/mistersafari.com\/fr\/wp-json\/wp\/v2\/users\/3"}],"replies":[{"embeddable":true,"href":"https:\/\/mistersafari.com\/fr\/wp-json\/wp\/v2\/comments?post=2470"}],"version-history":[{"count":22,"href":"https:\/\/mistersafari.com\/fr\/wp-json\/wp\/v2\/pages\/2470\/revisions"}],"predecessor-version":[{"id":3008,"href":"https:\/\/mistersafari.com\/fr\/wp-json\/wp\/v2\/pages\/2470\/revisions\/3008"}],"up":[{"embeddable":true,"href":"https:\/\/mistersafari.com\/fr\/wp-json\/wp\/v2\/pages\/924"}],"wp:attachment":[{"href":"https:\/\/mistersafari.com\/fr\/wp-json\/wp\/v2\/media?parent=2470"}],"wp:term":[{"taxonomy":"content_type","embeddable":true,"href":"https:\/\/mistersafari.com\/fr\/wp-json\/wp\/v2\/content_type?post=2470"},{"taxonomy":"country","embeddable":true,"href":"https:\/\/mistersafari.com\/fr\/wp-json\/wp\/v2\/country?post=2470"}],"curies":[{"name":"wp","href":"https:\/\/api.w.org\/{rel}","templated":true}]}}