{"id":2433,"date":"2021-04-16T12:29:55","date_gmt":"2021-04-16T12:29:55","guid":{"rendered":"https:\/\/mistersafari.com\/fr\/?page_id=2433"},"modified":"2022-05-20T08:09:46","modified_gmt":"2022-05-20T08:09:46","slug":"quand-partir","status":"publish","type":"page","link":"https:\/\/mistersafari.com\/fr\/safari-namibie\/quand-partir\/","title":{"rendered":"Quand partir en Namibie ?"},"content":{"rendered":"\n<p>Vous pr\u00e9voyez de vous rendre en Namibie mais vous vous demandez quelle est la meilleure p\u00e9riode pour un <a href=\"https:\/\/mistersafari.com\/fr\/safari-namibie\/\" class=\"rank-math-link\">safari en Namibie<\/a> ? Ce pays aride peut \u00eatre visit\u00e9 toute l\u2019ann\u00e9e, mais certaines p\u00e9riodes sont plus favorables \u00e0 l\u2019observation des animaux. Suivez ce guide pour savoir quand vous rendre en Namibie.&nbsp;<\/p>\n\n\n<div id=\"ez-toc-container\" class=\"ez-toc-v2_0_76 counter-flat ez-toc-counter ez-toc-custom ez-toc-container-direction\">\n<div class=\"ez-toc-title-container\"><p class=\"ez-toc-title\" style=\"cursor:inherit\">Sommaire<\/p>\n<\/div><nav><ul class='ez-toc-list ez-toc-list-level-1 ' ><li class='ez-toc-page-1'><a class=\"ez-toc-link ez-toc-heading-1\" href=\"https:\/\/mistersafari.com\/fr\/safari-namibie\/quand-partir\/#quand-partir-en-namibie-les-meilleurs-mois\" >Quand partir en Namibie : les meilleurs mois<\/a><\/li><li class='ez-toc-page-1'><a class=\"ez-toc-link ez-toc-heading-2\" href=\"https:\/\/mistersafari.com\/fr\/safari-namibie\/quand-partir\/#la-meteo-et-le-climat-en-namibie\" >La m\u00e9t\u00e9o et le climat en Namibie<\/a><\/li><li class='ez-toc-page-1'><a class=\"ez-toc-link ez-toc-heading-3\" href=\"https:\/\/mistersafari.com\/fr\/safari-namibie\/quand-partir\/#quand-partir-en-namibie-en-fonction-des-activites\" >Quand partir en Namibie en fonction des activit\u00e9s<\/a><\/li><\/ul><\/nav><\/div>\n\n\n\n\n<h2 class=\"wp-block-heading\"><span class=\"ez-toc-section\" id=\"quand-partir-en-namibie-les-meilleurs-mois\"><\/span>Quand partir en Namibie : les meilleurs mois<span class=\"ez-toc-section-end\"><\/span><\/h2>\n\n\n\n<p>Situ\u00e9e en Afrique du Sud-Ouest, la Namibie est un pays aride. Son climat est de type semi-d\u00e9sertique, c\u2019est-\u00e0-dire chaud le jour mais plut\u00f4t frais voire froid la nuit.&nbsp;<\/p>\n\n\n\n<p>Voici un tableau pr\u00e9sentant les meilleures p\u00e9riodes pour se rendre en Namibie :<\/p>\n\n\n\n<figure class=\"wp-block-table\"><table class=\"has-fixed-layout\"><thead><tr><th class=\"has-text-align-center\" data-align=\"center\">Janv<\/th><th class=\"has-text-align-center\" data-align=\"center\">Fevr<\/th><th class=\"has-text-align-center\" data-align=\"center\">Mars<\/th><th class=\"has-text-align-center\" data-align=\"center\">Avr<\/th><th class=\"has-text-align-center\" data-align=\"center\">Mai<\/th><th class=\"has-text-align-center\" data-align=\"center\">Juin<\/th><th class=\"has-text-align-center\" data-align=\"center\">Juill<\/th><th class=\"has-text-align-center\" data-align=\"center\">Ao\u00fbt<\/th><th class=\"has-text-align-center\" data-align=\"center\">Sept<\/th><th class=\"has-text-align-center\" data-align=\"center\">Oct<\/th><th class=\"has-text-align-center\" data-align=\"center\">Nov<\/th><th class=\"has-text-align-center\" data-align=\"center\">Dec<\/th><\/tr><\/thead><tbody><tr><td class=\"has-text-align-center\" data-align=\"center\">**<\/td><td class=\"has-text-align-center\" data-align=\"center\">**<\/td><td class=\"has-text-align-center\" data-align=\"center\">**<\/td><td class=\"has-text-align-center\" data-align=\"center\">**<\/td><td class=\"has-text-align-center\" data-align=\"center\">***<\/td><td class=\"has-text-align-center\" data-align=\"center\">***<\/td><td class=\"has-text-align-center\" data-align=\"center\">***<\/td><td class=\"has-text-align-center\" data-align=\"center\">***<\/td><td class=\"has-text-align-center\" data-align=\"center\">***<\/td><td class=\"has-text-align-center\" data-align=\"center\">**<\/td><td class=\"has-text-align-center\" data-align=\"center\">**<\/td><td class=\"has-text-align-center\" data-align=\"center\">**<\/td><\/tr><\/tbody><\/table><figcaption>Les meilleurs mois pour partir en Namibie<\/figcaption><\/figure>\n\n\n\n<p>Pour choisir le meilleur moment pour visiter la Namibie, il est n\u00e9cessaire de prendre en compte :&nbsp;<\/p>\n\n\n\n<ul class=\"wp-block-list\"><li>le climat ;<\/li><li>l\u2019affluence touristique ;&nbsp;<\/li><li>les activit\u00e9s que vous souhaitez r\u00e9aliser.&nbsp;<\/li><\/ul>\n\n\n\n<p><strong>La Namibie profite d\u2019un climat agr\u00e9able toute l\u2019ann\u00e9e, avec souvent une pr\u00e9f\u00e9rence des voyageurs pour la saison s\u00e8che de mai \u00e0 septembre.&nbsp;<\/strong><\/p>\n\n\n\n<p>Entre novembre et juin, c\u2019est la basse saison : les prix sont moins \u00e9lev\u00e9s et les touristes moins nombreux. Au contraire, les p\u00e9riodes les plus pris\u00e9es sont de juillet \u00e0 octobre mais aussi pendant les vacances locales ou d\u2019Afrique du Sud (fin d\u2019ann\u00e9e et P\u00e2ques). Dans tous les cas, la Namibie reste un pays calme et relativement peu fr\u00e9quent\u00e9. M\u00eame pendant la haute saison, vous ne devriez pas \u00eatre trop d\u00e9rang\u00e9 par des hordes de touristes.&nbsp;<\/p>\n\n\n\n<h2 class=\"wp-block-heading\"><span class=\"ez-toc-section\" id=\"la-meteo-et-le-climat-en-namibie\"><\/span>La m\u00e9t\u00e9o et le climat en Namibie<span class=\"ez-toc-section-end\"><\/span><\/h2>\n\n\n\n<h3 class=\"wp-block-heading\">Les saisons en Namibie&nbsp;<\/h3>\n\n\n\n<p>Situ\u00e9e dans l\u2019h\u00e9misph\u00e8re Sud, la Namibie conna\u00eet 3 saisons :<\/p>\n\n\n\n<ul class=\"wp-block-list\"><li>la saison interm\u00e9diaire d\u2019octobre \u00e0 d\u00e9cembre : c\u2019est la premi\u00e8re partie de l\u2019\u00e9t\u00e9. Le climat est chaud (les temp\u00e9ratures commencent \u00e0 monter) et sec avec malgr\u00e9 tout quelques pluies \u00e9parses ;<\/li><li>la saison des pluies de janvier \u00e0 avril : c\u2019est la deuxi\u00e8me partie de l\u2019\u00e9t\u00e9. Il fait chaud et humide avec de forts orages et averses ;<\/li><li>la saison s\u00e8che de mai \u00e0 septembre : c\u2019est l\u2019hiver. Le climat est sec et plus frais.&nbsp;<\/li><\/ul>\n\n\n\n<h3 class=\"wp-block-heading\">Les temp\u00e9ratures<\/h3>\n\n\n\n<p>La Namibie subit des \u00e9carts de temp\u00e9ratures tr\u00e8s importants dans tout le pays. Entre les saisons, mais aussi au cours d\u2019une m\u00eame journ\u00e9e. On peut donc facilement constater des moyennes maximales d\u00e9passant les 40\u00b0 en \u00e9t\u00e9 et des moyennes minimales proches de 0\u00b0 en hiver. Pendant l\u2019hiver, la nuit tombe vers 17h, contribuant aussi aux temp\u00e9ratures froides nocturnes.&nbsp;<\/p>\n\n\n\n<p>Les temp\u00e9ratures varient \u00e9galement en fonction des r\u00e9gions, comme nous le verrons plus loin.&nbsp;<\/p>\n\n\n\n<p>Quant \u00e0 la temp\u00e9rature de la mer, elle tourne autour de 18\u00b0 en moyenne, mais peut atteindre les 22\u00b0 sur la c\u00f4te nord du pays.&nbsp;<\/p>\n\n\n\n<h3 class=\"wp-block-heading\">La m\u00e9t\u00e9o selon les r\u00e9gions<\/h3>\n\n\n\n<p>M\u00eame si les saisons se suivent, on observe quelques diff\u00e9rences notables \u00e0 travers les diff\u00e9rentes r\u00e9gions.&nbsp;<\/p>\n\n\n\n<p>Le climat du littoral est influenc\u00e9 par le courant du Benguela. Les temp\u00e9ratures, plus fra\u00eeches que dans le reste du pays, varient entre 15\u00b0 et 25\u00b0. Les pluies sont rares mais on observe souvent des \u00e9pisodes de fortes brumes. Entre juin et ao\u00fbt, la r\u00e9gion subit aussi des temp\u00eates de sable occasionnelles sur Swakopmund et Walvis Bay.<\/p>\n\n\n\n<p>Le D\u00e9sert du Kalahari a un climat subtropical semi-aride. Mais puisqu\u2019il est situ\u00e9 en altitude (entre 600 et 1600 m\u00e8tres), m\u00eame les temp\u00e9ratures les plus chaudes restent tout \u00e0 fait agr\u00e9ables et supportables. On d\u00e9passe rarement les 30\u00b0. Les nuits sont quant \u00e0 elles plut\u00f4t fra\u00eeches.&nbsp;<\/p>\n\n\n\n<p>Dans la r\u00e9gion d&rsquo;Etosha, au Nord de la Namibie, les mois les plus froids et secs sont de mai \u00e0 septembre. Les temp\u00e9ratures avoisinent les 20\u00b0-25\u00b0 en hiver mais sont plus chaudes en \u00e9t\u00e9. C\u2019est une des r\u00e9gions les plus humides du pays.&nbsp;<\/p>\n\n\n\n<h2 class=\"wp-block-heading\"><span class=\"ez-toc-section\" id=\"quand-partir-en-namibie-en-fonction-des-activites\"><\/span>Quand partir en Namibie en fonction des activit\u00e9s<span class=\"ez-toc-section-end\"><\/span><\/h2>\n\n\n\n<p>Les safaris restent une activit\u00e9 saisonni\u00e8re, m\u00eame en Namibie qui se visite pourtant toute l\u2019ann\u00e9e. La fin de la saison s\u00e8che, entre ao\u00fbt et octobre, est souvent jug\u00e9e \u00eatre la meilleure p\u00e9riode pour un <a href=\"https:\/\/mistersafari.com\/fr\/safari-namibie\/\">safari en Namibie<\/a>. Les herbes sont rases et les animaux facilement observables. Cependant, les temp\u00e9ratures commencent \u00e0 grimper. Si vous souhaitez \u00e9viter les fortes chaleurs, privil\u00e9giez plut\u00f4t le d\u00e9but de l\u2019hiver de mai \u00e0 juillet. Au contraire, la saison des pluies est g\u00e9n\u00e9ralement \u00e0 \u00e9viter dans la majeure partie du pays. Les pistes sont parfois impraticables et certains parcs ferment m\u00eame leurs portes \u00e0 cause des grosses chaleurs.&nbsp;<\/p>\n\n\n\n<p>Seul le nord-ouest, dans le Damaraland et le Kunene, est int\u00e9ressant pendant la saison des pluies pour l\u2019observation des animaux et des oiseaux.&nbsp;<\/p>\n\n\n\n<p>Pour les randonn\u00e9es, treks et autres activit\u00e9s sportives, la plupart des pistes et sentiers deviennent aussi trop boueux durant la saison des pluies. La p\u00e9riode d\u2019avril \u00e0 novembre est le meilleur moment pour ce type d\u2019activit\u00e9s.&nbsp;<\/p>\n","protected":false},"excerpt":{"rendered":"<p>Vous pr\u00e9voyez de vous rendre en Namibie mais vous vous demandez quelle est la meilleure p\u00e9riode pour un safari en Namibie ? Ce pays aride peut \u00eatre visit\u00e9 toute l\u2019ann\u00e9e, mais certaines p\u00e9riodes sont plus favorables \u00e0 l\u2019observation des animaux. Suivez ce guide pour savoir quand vous rendre en Namibie.&nbsp; Quand partir en Namibie : &#8230; <a title=\"Quand partir en Namibie ?\" class=\"read-more\" href=\"https:\/\/mistersafari.com\/fr\/safari-namibie\/quand-partir\/\" aria-label=\"En savoir plus sur Quand partir en Namibie ?\">Lire la suite<\/a><\/p>\n","protected":false},"author":3,"featured_media":1831,"parent":1827,"menu_order":1,"comment_status":"closed","ping_status":"closed","template":"","meta":{"_acf_changed":false,"footnotes":""},"content_type":[],"country":[],"class_list":{"0":"post-2433","1":"page","2":"type-page","3":"status-publish","4":"has-post-thumbnail","6":"no-featured-image-padding"},"acf":{"hreflang":[{"alternative_url":"https:\/\/mistersafari.com\/namibia\/info\/best-time-to-visit\/","language":"en"}]},"_links":{"self":[{"href":"https:\/\/mistersafari.com\/fr\/wp-json\/wp\/v2\/pages\/2433","targetHints":{"allow":["GET"]}}],"collection":[{"href":"https:\/\/mistersafari.com\/fr\/wp-json\/wp\/v2\/pages"}],"about":[{"href":"https:\/\/mistersafari.com\/fr\/wp-json\/wp\/v2\/types\/page"}],"author":[{"embeddable":true,"href":"https:\/\/mistersafari.com\/fr\/wp-json\/wp\/v2\/users\/3"}],"replies":[{"embeddable":true,"href":"https:\/\/mistersafari.com\/fr\/wp-json\/wp\/v2\/comments?post=2433"}],"version-history":[{"count":7,"href":"https:\/\/mistersafari.com\/fr\/wp-json\/wp\/v2\/pages\/2433\/revisions"}],"predecessor-version":[{"id":6489,"href":"https:\/\/mistersafari.com\/fr\/wp-json\/wp\/v2\/pages\/2433\/revisions\/6489"}],"up":[{"embeddable":true,"href":"https:\/\/mistersafari.com\/fr\/wp-json\/wp\/v2\/pages\/1827"}],"wp:featuredmedia":[{"embeddable":true,"href":"https:\/\/mistersafari.com\/fr\/wp-json\/wp\/v2\/media\/1831"}],"wp:attachment":[{"href":"https:\/\/mistersafari.com\/fr\/wp-json\/wp\/v2\/media?parent=2433"}],"wp:term":[{"taxonomy":"content_type","embeddable":true,"href":"https:\/\/mistersafari.com\/fr\/wp-json\/wp\/v2\/content_type?post=2433"},{"taxonomy":"country","embeddable":true,"href":"https:\/\/mistersafari.com\/fr\/wp-json\/wp\/v2\/country?post=2433"}],"curies":[{"name":"wp","href":"https:\/\/api.w.org\/{rel}","templated":true}]}}