{"id":2423,"date":"2021-04-16T12:17:33","date_gmt":"2021-04-16T12:17:33","guid":{"rendered":"https:\/\/mistersafari.com\/fr\/?page_id=2423"},"modified":"2021-09-27T14:22:43","modified_gmt":"2021-09-27T14:22:43","slug":"quand-partir","status":"publish","type":"page","link":"https:\/\/mistersafari.com\/fr\/safari-botswana\/quand-partir\/","title":{"rendered":"Quand partir au Botswana ?"},"content":{"rendered":"\n<p>Encore peu pris\u00e9, le Botswana est pourtant un pays dont on tombe facilement en \u00e9moi. Encore faut-il choisir la bonne p\u00e9riode pour aller au Botswana ! Gr\u00e2ce \u00e0 ce guide, vous en saurez davantage sur le climat au Botswana et le meilleur moment pour vous y rendre.&nbsp;<\/p>\n\n\n<div id=\"ez-toc-container\" class=\"ez-toc-v2_0_76 counter-flat ez-toc-counter ez-toc-custom ez-toc-container-direction\">\n<div class=\"ez-toc-title-container\"><p class=\"ez-toc-title\" style=\"cursor:inherit\">Sommaire<\/p>\n<\/div><nav><ul class='ez-toc-list ez-toc-list-level-1 ' ><li class='ez-toc-page-1'><a class=\"ez-toc-link ez-toc-heading-1\" href=\"https:\/\/mistersafari.com\/fr\/safari-botswana\/quand-partir\/#quand-partir-au-botswana-les-meilleurs-mois\" >Quand partir au Botswana : les meilleurs mois<\/a><\/li><li class='ez-toc-page-1'><a class=\"ez-toc-link ez-toc-heading-2\" href=\"https:\/\/mistersafari.com\/fr\/safari-botswana\/quand-partir\/#la-meteo-et-le-climat-au-botswana\" >La m\u00e9t\u00e9o et le climat au Botswana<\/a><\/li><li class='ez-toc-page-1'><a class=\"ez-toc-link ez-toc-heading-3\" href=\"https:\/\/mistersafari.com\/fr\/safari-botswana\/quand-partir\/#quand-partir-au-botswana-en-fonction-des-activites\" >Quand partir au Botswana en fonction des activit\u00e9s<\/a><\/li><\/ul><\/nav><\/div>\n\n\n\n\n<h2 class=\"wp-block-heading\"><span class=\"ez-toc-section\" id=\"quand-partir-au-botswana-les-meilleurs-mois\"><\/span>Quand partir au Botswana : les meilleurs mois<span class=\"ez-toc-section-end\"><\/span><\/h2>\n\n\n\n<p>Loin de la mer, le climat du Botswana n\u2019est pas influenc\u00e9 par l\u2019oc\u00e9an mais b\u00e9n\u00e9ficie plut\u00f4t d\u2019un climat temp\u00e9r\u00e9. On observe deux grandes saisons (invers\u00e9es par rapport aux n\u00f4tres), avec toutefois des variations selon les r\u00e9gions :&nbsp;<\/p>\n\n\n\n<ul class=\"wp-block-list\"><li>l\u2019hiver austral, d\u2019avril \u00e0 octobre ;<\/li><li>l\u2019\u00e9t\u00e9, de novembre \u00e0 mars.&nbsp;<\/li><\/ul>\n\n\n\n<p>Ce tableau vous indique les meilleures p\u00e9riodes pour partir au Botswana :<\/p>\n\n\n\n<figure class=\"wp-block-table\"><table class=\"has-fixed-layout\"><thead><tr><th class=\"has-text-align-center\" data-align=\"center\">Janv<\/th><th class=\"has-text-align-center\" data-align=\"center\">F\u00e9vr<\/th><th class=\"has-text-align-center\" data-align=\"center\">Mars<\/th><th class=\"has-text-align-center\" data-align=\"center\">Avr<\/th><th class=\"has-text-align-center\" data-align=\"center\">Mai<\/th><th class=\"has-text-align-center\" data-align=\"center\">Juin<\/th><th class=\"has-text-align-center\" data-align=\"center\">Juill<\/th><th class=\"has-text-align-center\" data-align=\"center\">Ao\u00fbt<\/th><th class=\"has-text-align-center\" data-align=\"center\">Sept<\/th><th class=\"has-text-align-center\" data-align=\"center\">Octo<\/th><th class=\"has-text-align-center\" data-align=\"center\">Nov<\/th><th class=\"has-text-align-center\" data-align=\"center\">D\u00e9c<\/th><\/tr><\/thead><tbody><tr><td class=\"has-text-align-center\" data-align=\"center\">*<\/td><td class=\"has-text-align-center\" data-align=\"center\">*<\/td><td class=\"has-text-align-center\" data-align=\"center\">**<\/td><td class=\"has-text-align-center\" data-align=\"center\">***<\/td><td class=\"has-text-align-center\" data-align=\"center\">***<\/td><td class=\"has-text-align-center\" data-align=\"center\">***<\/td><td class=\"has-text-align-center\" data-align=\"center\">**<\/td><td class=\"has-text-align-center\" data-align=\"center\">**<\/td><td class=\"has-text-align-center\" data-align=\"center\">***<\/td><td class=\"has-text-align-center\" data-align=\"center\">***<\/td><td class=\"has-text-align-center\" data-align=\"center\">**<\/td><td class=\"has-text-align-center\" data-align=\"center\">*<\/td><\/tr><\/tbody><\/table><figcaption>Les meilleurs mois pour partir au Botswana<\/figcaption><\/figure>\n\n\n\n<p><strong>Les mois de mi-saison, et notamment avril et mai et septembre et octobre, sont les p\u00e9riodes les plus agr\u00e9ables pour <a href=\"https:\/\/mistersafari.com\/fr\/safari-botswana\/quand-partir\/\" class=\"rank-math-link\">visiter le Botswana et faire un safari<\/a>.<\/strong><\/p>\n\n\n\n<p>D\u2019une mani\u00e8re g\u00e9n\u00e9rale, le Botswana est un pays calme et peu touristique (en tout cas moins que d\u2019autres pays r\u00e9put\u00e9s pour les safaris comme le <a href=\"https:\/\/mistersafari.com\/fr\/safari-kenya\/\">Kenya<\/a> ou la <a href=\"https:\/\/mistersafari.com\/fr\/safari-tanzanie\/\">Tanzanie<\/a>). Vous ne devriez donc pas \u00eatre d\u00e9rang\u00e9 par un afflux de touristes, quelle que soit la p\u00e9riode o\u00f9 vous vous y rendez.&nbsp;<\/p>\n\n\n\n<h2 class=\"wp-block-heading\"><span class=\"ez-toc-section\" id=\"la-meteo-et-le-climat-au-botswana\"><\/span>La m\u00e9t\u00e9o et le climat au Botswana<span class=\"ez-toc-section-end\"><\/span><\/h2>\n\n\n\n<h3 class=\"wp-block-heading\">Les saisons au Botswana&nbsp;<\/h3>\n\n\n\n<p>Situ\u00e9 sur le Tropique du Capricorne dans l\u2019h\u00e9misph\u00e8re Sud, les saisons du Botswana sont invers\u00e9es aux n\u00f4tres.&nbsp;<\/p>\n\n\n\n<p>D\u2019avril \u00e0 octobre, c\u2019est l\u2019hiver et la saison s\u00e8che. Le climat est donc sec. Les journ\u00e9es sont chaudes et ensoleill\u00e9es mais les nuits sont fra\u00eeches. De novembre \u00e0 mars, c\u2019est l\u2019\u00e9t\u00e9 et la saison humide. Les journ\u00e9es sont ponctu\u00e9es par de forts orages et averses, surtout dans certaines r\u00e9gions. Le climat est lourd et humide et il fait tr\u00e8s chaud.&nbsp;<\/p>\n\n\n\n<h3 class=\"wp-block-heading\">Les temp\u00e9ratures<\/h3>\n\n\n\n<p>En hiver, les temp\u00e9ratures sont les plus supportables avec une moyenne aux alentours de 20\u00b0 \u00e0 25\u00b0 en journ\u00e9e. Le soleil se couche t\u00f4t (vers 17h) et les \u00e9carts de temp\u00e9rature entre jour et nuit sont importants. La nuit, les temp\u00e9ratures peuvent nettement chuter pour \u00eatre proche de z\u00e9ro. Il fait frais voir tr\u00e8s froid la nuit, avec parfois du gel selon les r\u00e9gions. A partir du mois de septembre, les temp\u00e9ratures commencent \u00e0 remonter.&nbsp;<\/p>\n\n\n\n<p>Pendant l\u2019\u00e9t\u00e9, les temp\u00e9ratures tournent autour de 30-35\u00b0 mais peuvent grimper jusqu\u2019\u00e0 40\u00b0 certains jours. Janvier est le mois le plus chaud. L\u2019air, lourd et humide, peut parfois \u00eatre difficile \u00e0 supporter.&nbsp;<\/p>\n\n\n\n<h3 class=\"wp-block-heading\">La m\u00e9t\u00e9o selon les r\u00e9gions<\/h3>\n\n\n\n<p>Le Botswana est un pays relativement plat, dont 84% du territoire est occup\u00e9 par le D\u00e9sert de Kalahari. ll n\u2019a de d\u00e9sert que le nom puisque bien qu\u2019aride, la r\u00e9gion de Kalahari conna\u00eet une saison des pluies, plus dense au Nord et \u00e0 l\u2019Est du d\u00e9sert, m\u00eame si elle est plus courte que dans le reste du pays. Le paysage est ainsi parsem\u00e9 de nombreuses v\u00e9g\u00e9tations. Gr\u00e2ce \u00e0 sa situation en altitude (entre 600 et 1600 m\u00e8tres), les temp\u00e9ratures restent chaudes mais agr\u00e9ables toute l\u2019ann\u00e9e, avec parfois des gel\u00e9es certaines nuits.&nbsp;&nbsp;<\/p>\n\n\n\n<p>Autour de Gaborone, la capitale du Botswana au Sud-Est du pays, le climat est semi-aride. Les pluies sont plus faibles mais pr\u00e9sentes tout au long de l\u2019ann\u00e9e. Les temp\u00e9ratures varient entre 12\u00b0 et 25\u00b0 en moyenne sur l\u2019ann\u00e9e, les maximales \u00e9tant observ\u00e9es en janvier et les minimales en juillet.&nbsp;<\/p>\n\n\n\n<p>Dans la r\u00e9gion du Parc National de Chobe et du Delta de l\u2019Okavango, plus on monte vers le nord, plus l\u2019hiver est doux alors que la p\u00e9riode la plus chaude court de septembre \u00e0 novembre.&nbsp;<\/p>\n\n\n\n<h2 class=\"wp-block-heading\"><span class=\"ez-toc-section\" id=\"quand-partir-au-botswana-en-fonction-des-activites\"><\/span>Quand partir au Botswana en fonction des activit\u00e9s<span class=\"ez-toc-section-end\"><\/span><\/h2>\n\n\n\n<p>La meilleure p\u00e9riode pour un <a href=\"https:\/\/mistersafari.com\/fr\/safari-botswana\/\">safari au Botswana<\/a> sont les mois de septembre et octobre. C\u2019est la fin de la saison s\u00e8che, les animaux se rassemblent autour des points d\u2019eau qui se font rares et sont ainsi plus facilement observables. Les temp\u00e9ratures sont aussi agr\u00e9ables partout dans le pays et tout au long de la journ\u00e9e et de la nuit.&nbsp;<\/p>\n\n\n\n<p>Alternativement, les mois d\u2019avril et mai disposent aussi d\u2019un climat agr\u00e9able, avec en plus une v\u00e9g\u00e9tation plus luxuriante, qui offre des paysages sublimes. Le Delta de l\u2019Okavango commence \u00e0 se remplir et les animaux se regroupent sur les \u00eeles rest\u00e9es accessibles. Avril est aussi la saison des naissances.&nbsp;<\/p>\n\n\n\n<p>Pour les amateurs d&rsquo;ornithologues et les admirateurs de la flore, la saison humide en d\u00e9but d\u2019ann\u00e9e est propice \u00e0 l\u2019observation des animaux et de la v\u00e9g\u00e9tation abondante, arros\u00e9e par les pluies.<\/p>\n","protected":false},"excerpt":{"rendered":"<p>Encore peu pris\u00e9, le Botswana est pourtant un pays dont on tombe facilement en \u00e9moi. Encore faut-il choisir la bonne p\u00e9riode pour aller au Botswana ! Gr\u00e2ce \u00e0 ce guide, vous en saurez davantage sur le climat au Botswana et le meilleur moment pour vous y rendre.&nbsp; Quand partir au Botswana : les meilleurs mois &#8230; <a title=\"Quand partir au Botswana ?\" class=\"read-more\" href=\"https:\/\/mistersafari.com\/fr\/safari-botswana\/quand-partir\/\" aria-label=\"En savoir plus sur Quand partir au Botswana ?\">Lire la suite<\/a><\/p>\n","protected":false},"author":3,"featured_media":1931,"parent":1772,"menu_order":3,"comment_status":"closed","ping_status":"closed","template":"","meta":{"_acf_changed":false,"footnotes":""},"content_type":[],"country":[27],"class_list":{"0":"post-2423","1":"page","2":"type-page","3":"status-publish","4":"has-post-thumbnail","6":"country-botswana","7":"no-featured-image-padding"},"acf":{"hreflang":null},"_links":{"self":[{"href":"https:\/\/mistersafari.com\/fr\/wp-json\/wp\/v2\/pages\/2423","targetHints":{"allow":["GET"]}}],"collection":[{"href":"https:\/\/mistersafari.com\/fr\/wp-json\/wp\/v2\/pages"}],"about":[{"href":"https:\/\/mistersafari.com\/fr\/wp-json\/wp\/v2\/types\/page"}],"author":[{"embeddable":true,"href":"https:\/\/mistersafari.com\/fr\/wp-json\/wp\/v2\/users\/3"}],"replies":[{"embeddable":true,"href":"https:\/\/mistersafari.com\/fr\/wp-json\/wp\/v2\/comments?post=2423"}],"version-history":[{"count":8,"href":"https:\/\/mistersafari.com\/fr\/wp-json\/wp\/v2\/pages\/2423\/revisions"}],"predecessor-version":[{"id":2445,"href":"https:\/\/mistersafari.com\/fr\/wp-json\/wp\/v2\/pages\/2423\/revisions\/2445"}],"up":[{"embeddable":true,"href":"https:\/\/mistersafari.com\/fr\/wp-json\/wp\/v2\/pages\/1772"}],"wp:featuredmedia":[{"embeddable":true,"href":"https:\/\/mistersafari.com\/fr\/wp-json\/wp\/v2\/media\/1931"}],"wp:attachment":[{"href":"https:\/\/mistersafari.com\/fr\/wp-json\/wp\/v2\/media?parent=2423"}],"wp:term":[{"taxonomy":"content_type","embeddable":true,"href":"https:\/\/mistersafari.com\/fr\/wp-json\/wp\/v2\/content_type?post=2423"},{"taxonomy":"country","embeddable":true,"href":"https:\/\/mistersafari.com\/fr\/wp-json\/wp\/v2\/country?post=2423"}],"curies":[{"name":"wp","href":"https:\/\/api.w.org\/{rel}","templated":true}]}}