{"id":2408,"date":"2021-04-16T11:48:13","date_gmt":"2021-04-16T11:48:13","guid":{"rendered":"https:\/\/mistersafari.com\/fr\/?page_id=2408"},"modified":"2021-09-08T08:28:26","modified_gmt":"2021-09-08T08:28:26","slug":"hluhluwe-umfolozi","status":"publish","type":"page","link":"https:\/\/mistersafari.com\/fr\/safari-afrique-du-sud\/parcs-reserves\/hluhluwe-umfolozi\/","title":{"rendered":"R\u00e9serve d&rsquo;Hluhluwe-Umfolozi"},"content":{"rendered":"\n<p>La R\u00e9serve d\u2019Umfolozi-Hluhluwe (prononc\u00e9e chlouchlouw\u00e9 ou klouklouw\u00e9 en zoulou et aussi \u00e9crit Imfolozi-Hluhluwe) a fait sa renomm\u00e9e mondiale pour ses mesures de protection et de r\u00e9introduction des rhinoc\u00e9ros. Mais c\u2019est aussi de nombreux animaux sauvages d\u2019Afrique que vous pourrez observer au c\u0153ur de cette r\u00e9serve naturelle. Suivez notre guide pour en d\u00e9couvrir plus sur la R\u00e9serve d\u2019Hluhluwe-Umfolozi.&nbsp;<\/p>\n\n\n<div id=\"ez-toc-container\" class=\"ez-toc-v2_0_76 counter-flat ez-toc-counter ez-toc-custom ez-toc-container-direction\">\n<div class=\"ez-toc-title-container\"><p class=\"ez-toc-title\" style=\"cursor:inherit\">Sommaire<\/p>\n<\/div><nav><ul class='ez-toc-list ez-toc-list-level-1 ' ><li class='ez-toc-page-1'><a class=\"ez-toc-link ez-toc-heading-1\" href=\"https:\/\/mistersafari.com\/fr\/safari-afrique-du-sud\/parcs-reserves\/hluhluwe-umfolozi\/#pourquoi-se-rendre-a-la-reserve-de-hluhluwe-umfolozi\" >Pourquoi se rendre \u00e0 la R\u00e9serve de Hluhluwe-Umfolozi ?<\/a><\/li><li class='ez-toc-page-1'><a class=\"ez-toc-link ez-toc-heading-2\" href=\"https:\/\/mistersafari.com\/fr\/safari-afrique-du-sud\/parcs-reserves\/hluhluwe-umfolozi\/#comment-se-rendre-a-la-reserve-de-hluhluwe-umfolozi\" >Comment se rendre \u00e0 la R\u00e9serve de Hluhluwe-Umfolozi ?<\/a><\/li><li class='ez-toc-page-1'><a class=\"ez-toc-link ez-toc-heading-3\" href=\"https:\/\/mistersafari.com\/fr\/safari-afrique-du-sud\/parcs-reserves\/hluhluwe-umfolozi\/#tarif-et-reglementation\" >Tarif et r\u00e9glementation<\/a><\/li><li class='ez-toc-page-1'><a class=\"ez-toc-link ez-toc-heading-4\" href=\"https:\/\/mistersafari.com\/fr\/safari-afrique-du-sud\/parcs-reserves\/hluhluwe-umfolozi\/#ou-dormir-dans-la-reserve-de-hluhluwe-umfolozi\" >O\u00f9 dormir dans la R\u00e9serve de Hluhluwe-Umfolozi ?<\/a><\/li><li class='ez-toc-page-1'><a class=\"ez-toc-link ez-toc-heading-5\" href=\"https:\/\/mistersafari.com\/fr\/safari-afrique-du-sud\/parcs-reserves\/hluhluwe-umfolozi\/#la-reserve-de-hluhluwe-umfolozi-autres-informations-pratiques\" >La&nbsp; R\u00e9serve de Hluhluwe-Umfolozi : autres informations pratiques<\/a><\/li><\/ul><\/nav><\/div>\n\n\n\n\n<h2 class=\"wp-block-heading\"><span class=\"ez-toc-section\" id=\"pourquoi-se-rendre-a-la-reserve-de-hluhluwe-umfolozi\"><\/span>Pourquoi se rendre \u00e0 la R\u00e9serve de Hluhluwe-Umfolozi ?<span class=\"ez-toc-section-end\"><\/span><\/h2>\n\n\n\n<h3 class=\"wp-block-heading\">Un safari dans la R\u00e9serve de Hluhluwe-Umfolozi<\/h3>\n\n\n\n<p>Cr\u00e9\u00e9e en 1895, la R\u00e9serve de Hluhluwe-Umfolozi est la plus ancienne r\u00e9serve d\u2019Afrique. A l\u2019instar du Parc Kruger, la R\u00e9serve de Hluhluwe-Umfolozi est l\u2019un des seuls lieux de la r\u00e9gion du Kwazulu-Natal qui autorise les safaris en self-drive.&nbsp;<\/p>\n\n\n\n<p><strong>C\u2019est aussi le seul parc animalier du Kwazulu-Natal (avec la r\u00e9serve priv\u00e9e de Phinda) o\u00f9 l\u2019on peut voir le <\/strong><a class=\"rank-math-link\" href=\"https:\/\/mistersafari.com\/fr\/safari-afrique-du-sud\/big-five\/\"><strong>Big Five<\/strong><\/a><strong> : lions, rhinoc\u00e9ros, buffles, l\u00e9opards et \u00e9l\u00e9phants.&nbsp;<\/strong><\/p>\n\n\n\n<p>Mais cette r\u00e9serve est surtout mondialement connue pour son immense travail en faveur de la protection des rhinoc\u00e9ros, notamment avec l\u2019 \u201cop\u00e9ration Rhinos\u201d dans les ann\u00e9es 50. Elle poss\u00e8de aujourd&rsquo;hui la plus grande concentration de rhinoc\u00e9ros au monde : on d\u00e9nombre plus de 1500 rhinoc\u00e9ros blancs et plus de 350 rhinoc\u00e9ros noirs.&nbsp;<\/p>\n\n\n\n<figure class=\"wp-block-image size-large\"><picture><source srcset=\"https:\/\/mistersafari.com\/fr\/wp-content\/uploads\/sites\/2\/Reserve-Hluhluwe-Umfolozi-Rhinoceros-1024x681.webp 1024w,https:\/\/mistersafari.com\/fr\/wp-content\/uploads\/sites\/2\/Reserve-Hluhluwe-Umfolozi-Rhinoceros-300x199.webp 300w,https:\/\/mistersafari.com\/fr\/wp-content\/uploads\/sites\/2\/Reserve-Hluhluwe-Umfolozi-Rhinoceros-768x511.webp 768w,https:\/\/mistersafari.com\/fr\/wp-content\/uploads\/sites\/2\/Reserve-Hluhluwe-Umfolozi-Rhinoceros-1536x1021.webp 1536w,https:\/\/mistersafari.com\/fr\/wp-content\/uploads\/sites\/2\/Reserve-Hluhluwe-Umfolozi-Rhinoceros-2048x1362.webp 2048w,https:\/\/mistersafari.com\/fr\/wp-content\/uploads\/sites\/2\/Reserve-Hluhluwe-Umfolozi-Rhinoceros-scaled.webp 1200w\" sizes=\"auto, (max-width: 1024px) 100vw, 1024px\" type=\"image\/webp\"><img src=\"https:\/\/mistersafari.com\/fr\/wp-content\/uploads\/sites\/2\/Reserve-Hluhluwe-Umfolozi-Rhinoceros-1024x681.jpg\" height=\"681\" width=\"1024\" srcset=\"https:\/\/mistersafari.com\/fr\/wp-content\/uploads\/sites\/2\/Reserve-Hluhluwe-Umfolozi-Rhinoceros-1024x681.jpg 1024w, https:\/\/mistersafari.com\/fr\/wp-content\/uploads\/sites\/2\/Reserve-Hluhluwe-Umfolozi-Rhinoceros-300x199.jpg 300w, https:\/\/mistersafari.com\/fr\/wp-content\/uploads\/sites\/2\/Reserve-Hluhluwe-Umfolozi-Rhinoceros-768x511.jpg 768w, https:\/\/mistersafari.com\/fr\/wp-content\/uploads\/sites\/2\/Reserve-Hluhluwe-Umfolozi-Rhinoceros-1536x1021.jpg 1536w, https:\/\/mistersafari.com\/fr\/wp-content\/uploads\/sites\/2\/Reserve-Hluhluwe-Umfolozi-Rhinoceros-2048x1362.jpg 2048w, https:\/\/mistersafari.com\/fr\/wp-content\/uploads\/sites\/2\/Reserve-Hluhluwe-Umfolozi-Rhinoceros-scaled.jpg 1200w\" sizes=\"auto, (max-width: 1024px) 100vw, 1024px\" class=\"wp-image-2419 sp-no-webp\" alt=\"Rhinoc\u00e9ros dans la r\u00e9serve d&#039;Hluhluwe-Umfolozi\" loading=\"lazy\" decoding=\"async\"  > <\/picture><\/figure>\n\n\n\n<p>Une esp\u00e8ce rare d\u2019antilope est aussi observable dans la R\u00e9serve de Hluhluwe-Umfolozi : le nyala. Et bien \u00e9videmment, de nombreux autres animaux d\u2019Afrique : gu\u00e9pards, hippopotames, gnous, z\u00e8bres, girafes, \u00e9lans, koudous, crocodiles, phacoch\u00e8res, babouins, quelques lycaons, \u2026&nbsp;<\/p>\n\n\n\n<p>Les amateurs d\u2019ornithologie auront peut-\u00eatre la chance de pouvoir rencontrer plus de 300 esp\u00e8ces d\u2019oiseaux : le tantale, l\u2019ibis, le gu\u00eapier nain, l&rsquo;aigle de Wahlberg, le coucou de Klaas, le vautour, et bien d\u2019autres.&nbsp;<\/p>\n\n\n\n<h3 class=\"wp-block-heading\">Les autres activit\u00e9s<\/h3>\n\n\n\n<p>De nombreux safaris \u00e0 pied sont organis\u00e9s dans la R\u00e9serve de Hluhluwe-Umfolozi. Ces randonn\u00e9es peuvent \u00eatre de quelques heures ou de quelques jours et suivent l\u2019un des iMfolozi Wilderness Trails. Il s\u2019agit de bush trails au c\u0153ur du Sud de la R\u00e9serve d\u2019Imfolozi o\u00f9 seuls les randonneurs, les rangers et les animaux se c\u00f4toient (pas de voiture !). Vous partirez alors \u00e0 pied sur les traces des rhinoc\u00e9ros.&nbsp;<\/p>\n\n\n\n<figure class=\"wp-block-image size-large\"><img loading=\"lazy\" decoding=\"async\" width=\"1024\" height=\"678\" src=\"https:\/\/mk0mistersafarimcosm.kinstacdn.com\/wp-content\/uploads\/sites\/2\/Reserve-Hluhluwe-Umfolozi-Antilopes-1024x678.jpg\" alt=\"Antilopes dans la r\u00e9serve d'Hluhluwe-Umfolozi\" class=\"wp-image-2420\" srcset=\"https:\/\/mistersafari.com\/fr\/wp-content\/uploads\/sites\/2\/Reserve-Hluhluwe-Umfolozi-Antilopes-1024x678.jpg 1024w, https:\/\/mistersafari.com\/fr\/wp-content\/uploads\/sites\/2\/Reserve-Hluhluwe-Umfolozi-Antilopes-300x199.jpg 300w, https:\/\/mistersafari.com\/fr\/wp-content\/uploads\/sites\/2\/Reserve-Hluhluwe-Umfolozi-Antilopes-768x509.jpg 768w, https:\/\/mistersafari.com\/fr\/wp-content\/uploads\/sites\/2\/Reserve-Hluhluwe-Umfolozi-Antilopes-1536x1017.jpg 1536w, https:\/\/mistersafari.com\/fr\/wp-content\/uploads\/sites\/2\/Reserve-Hluhluwe-Umfolozi-Antilopes-2048x1356.jpg 2048w, https:\/\/mistersafari.com\/fr\/wp-content\/uploads\/sites\/2\/Reserve-Hluhluwe-Umfolozi-Antilopes-scaled.jpg 1200w\" sizes=\"auto, (max-width: 1024px) 100vw, 1024px\" \/><\/figure>\n\n\n\n<p>Des excursions-safaris en bateau sont aussi propos\u00e9es sur la rivi\u00e8re Hluhluwe. Une occasion d\u2019observer les animaux aquatiques et autre faune vari\u00e9e d\u2019un point de vue diff\u00e9rent.&nbsp;<\/p>\n\n\n\n<h2 class=\"wp-block-heading\"><span class=\"ez-toc-section\" id=\"comment-se-rendre-a-la-reserve-de-hluhluwe-umfolozi\"><\/span>Comment se rendre \u00e0 la R\u00e9serve de Hluhluwe-Umfolozi ?<span class=\"ez-toc-section-end\"><\/span><\/h2>\n\n\n\n<p>Pour se rendre dans la R\u00e9serve de Hluhluwe-Umfolozi, vous pourrez tout d\u2019abord rejoindre l\u2019un des a\u00e9roports :<\/p>\n\n\n\n<ul class=\"wp-block-list\"><li>Oliver Tambo International \u00e0 Johannesburg, puis environ 6h de route ;<\/li><li>King Shaka International \u00e0 Durban, puis environ 2h30 de route ;<\/li><li>Richard\u2019s Bay, puis environ 1h de route.&nbsp;<\/li><\/ul>\n\n\n\n<p>La R\u00e9serve dispose de 3 portes d\u2019entr\u00e9e :<\/p>\n\n\n\n<ul class=\"wp-block-list\"><li>Nyalazi Gate au Sud-Est, dans la partie d\u2019Umfolozi ;<\/li><li>Cengeni Gate au Sud-Ouest, dans la partie d\u2019Umfolozi ;<\/li><li>Memorial Gate au Nord, dans la partie d\u2019Hluhluwe<strong>.&nbsp;<\/strong><\/li><\/ul>\n\n\n\n<p>Ces portes ouvrent normalement \u00e0 6h le matin et ferme \u00e0 17h, mais ces horaires peuvent varier selon le mois.&nbsp;<\/p>\n\n\n\n<h2 class=\"wp-block-heading\"><span class=\"ez-toc-section\" id=\"tarif-et-reglementation\"><\/span>Tarif et r\u00e9glementation<span class=\"ez-toc-section-end\"><\/span><\/h2>\n\n\n\n<h3 class=\"wp-block-heading\">Hluhluwe-Umfolozi : prix d\u2019entr\u00e9e<\/h3>\n\n\n\n<p>Les tarifs d\u2019entr\u00e9e de la R\u00e9serve Hluhluwe-Umfolozi sont les suivants :<\/p>\n\n\n\n<ul class=\"wp-block-list\"><li>R240 par adulte (environ 13,50\u20ac) ;<\/li><li>R120 par enfant de 4 \u00e0 12 ans (environ 7\u20ac).&nbsp;<\/li><\/ul>\n\n\n\n<h3 class=\"wp-block-heading\">La r\u00e9glementation de la R\u00e9serve de Hluhluwe-Umfolozi<\/h3>\n\n\n\n<p>Comme dans tous les parcs et r\u00e9serves d\u2019Afrique du Sud, des r\u00e8gles de s\u00e9curit\u00e9 et de pr\u00e9servation de la faune et de la flore doivent \u00eatre respect\u00e9es :<\/p>\n\n\n\n<ul class=\"wp-block-list\"><li>restez \u00e0 l\u2019int\u00e9rieur de votre v\u00e9hicule, avec portes et fen\u00eatres ferm\u00e9es ;<\/li><li>suivez les pistes et respectez les horaires d\u2019ouverture et de fermeture de la R\u00e9serve ;<\/li><li>ne nourrissez pas les animaux ;<\/li><li>ramassez vos d\u00e9chets ;<\/li><li>\u2026<\/li><\/ul>\n\n\n\n<h2 class=\"wp-block-heading\"><span class=\"ez-toc-section\" id=\"ou-dormir-dans-la-reserve-de-hluhluwe-umfolozi\"><\/span>O\u00f9 dormir dans la R\u00e9serve de Hluhluwe-Umfolozi ?<span class=\"ez-toc-section-end\"><\/span><\/h2>\n\n\n\n<p>Le nombre d\u2019h\u00e9bergements au sein de la R\u00e9serve Hluhluwe-Umfolozi est assez limit\u00e9 compte tenu de la superficie du parc. Les deux logements les plus connus sont :<\/p>\n\n\n\n<ul class=\"wp-block-list\"><li>Hilltop Camp dans la partie Hluhluwe ;<\/li><li>Mpila Camp ou Nselweni Camp dans la partie Umfolozi.<\/li><\/ul>\n\n\n\n<p>Hilltop Camp est un h\u00e9bergement plut\u00f4t haut de gamme avec de nombreuses prestations (restaurant, piscine, \u2026) et des logements en dur, certains disposant de leur propre cuisine. Mpila est un peu plus rustique, sans restaurant mais avec des kitchenettes dans chaque logement.&nbsp;<\/p>\n\n\n\n<p>Quelques autres camps de brousse ou lodges plus luxueux comme le Lodge Safari Rhino Ridge, existent \u00e0 l\u2019int\u00e9rieur de la R\u00e9serve, dans l\u2019une des r\u00e9serves priv\u00e9es attenantes ou en bordure du parc.&nbsp;<\/p>\n\n\n\n<h2 class=\"wp-block-heading\"><span class=\"ez-toc-section\" id=\"la-reserve-de-hluhluwe-umfolozi-autres-informations-pratiques\"><\/span>La&nbsp; R\u00e9serve de Hluhluwe-Umfolozi : autres informations pratiques<span class=\"ez-toc-section-end\"><\/span><\/h2>\n\n\n\n<h3 class=\"wp-block-heading\">G\u00e9ographie<\/h3>\n\n\n\n<p>La R\u00e9serve d\u2019Hluhluwe-Umfolozi est une vaste \u00e9tendue de 960 km2 situ\u00e9e \u00e0 l\u2019Est de l\u2019Afrique du Sud, dans la Province du KwaZulu-Natal. A l\u2019origine, elle est le regroupement de deux r\u00e9serves s\u00e9par\u00e9es par une route : Hluhluwe au Nord et Umfolozi au Sud. Hluhluwe est r\u00e9put\u00e9e pour sa concentration d\u2019animaux et Umfolozi est plus s\u00e8che et occup\u00e9e par de nombreux pr\u00e9dateurs.&nbsp;<\/p>\n\n\n\n<p>La paysage est compos\u00e9 de savane arbor\u00e9e et de collines. On compte trois rivi\u00e8res : Hluhluwe, Black Umfolozi et White Umfolozi.<\/p>\n\n\n\n<figure class=\"wp-block-image size-large\"><img loading=\"lazy\" decoding=\"async\" width=\"1024\" height=\"769\" src=\"https:\/\/mk0mistersafarimcosm.kinstacdn.com\/wp-content\/uploads\/sites\/2\/Reserve-Hluhluwe-Umfolozi-Rhinoceros-Blanc-1024x769.jpg\" alt=\"Rhinoc\u00e9ros blanc dans la r\u00e9serve d'Hluhluwe-Umfolozi\" class=\"wp-image-2421\" srcset=\"https:\/\/mistersafari.com\/fr\/wp-content\/uploads\/sites\/2\/Reserve-Hluhluwe-Umfolozi-Rhinoceros-Blanc-1024x769.jpg 1024w, https:\/\/mistersafari.com\/fr\/wp-content\/uploads\/sites\/2\/Reserve-Hluhluwe-Umfolozi-Rhinoceros-Blanc-300x225.jpg 300w, https:\/\/mistersafari.com\/fr\/wp-content\/uploads\/sites\/2\/Reserve-Hluhluwe-Umfolozi-Rhinoceros-Blanc-768x577.jpg 768w, https:\/\/mistersafari.com\/fr\/wp-content\/uploads\/sites\/2\/Reserve-Hluhluwe-Umfolozi-Rhinoceros-Blanc-1536x1153.jpg 1536w, https:\/\/mistersafari.com\/fr\/wp-content\/uploads\/sites\/2\/Reserve-Hluhluwe-Umfolozi-Rhinoceros-Blanc-2048x1537.jpg 2048w, https:\/\/mistersafari.com\/fr\/wp-content\/uploads\/sites\/2\/Reserve-Hluhluwe-Umfolozi-Rhinoceros-Blanc-scaled.jpg 1200w\" sizes=\"auto, (max-width: 1024px) 100vw, 1024px\" \/><\/figure>\n\n\n\n<p>Depuis sa cr\u00e9ation, la R\u00e9serve de Hluhluwe-Umfolozi a men\u00e9 l\u2019une des op\u00e9rations de lutte contre l\u2019extinction d\u2019une esp\u00e8ce (les rhinoc\u00e9ros) les plus efficaces dans le monde.&nbsp;<\/p>\n\n\n\n<h3 class=\"wp-block-heading\">M\u00e9t\u00e9o<\/h3>\n\n\n\n<p>Avec un climat subtropical, la R\u00e9serve de Hluhluwe-Umfolozi conna\u00eet deux saisons principales :<\/p>\n\n\n\n<ul class=\"wp-block-list\"><li>l\u2019\u00e9t\u00e9 : la saison humide de novembre \u00e0 mars ;<\/li><li>l\u2019hiver : la saison s\u00e8che d&rsquo;avril \u00e0 octobre.&nbsp;<\/li><\/ul>\n\n\n\n<p>Pendant l\u2019\u00e9t\u00e9, les temp\u00e9ratures sont \u00e9lev\u00e9es, l\u2019air est chaud et humide. L\u2019hiver offre des temp\u00e9ratures tr\u00e8s agr\u00e9ables avec des maximales de 25\u00b0 en moyenne.&nbsp;<\/p>\n\n\n\n<h3 class=\"wp-block-heading\">Quand visiter<\/h3>\n\n\n\n<p>La meilleure p\u00e9riode pour visiter la R\u00e9serve de Hluhluwe-Umfolozi est pendant l\u2019hiver austral, de mai \u00e0 octobre. C\u2019est la p\u00e9riode s\u00e8che : les animaux, qui se rassemblent pr\u00e8s des points d\u2019eau qui se font plus rares, sont alors plus facilement observables. Il est possible de visiter Hluhluwe-Umfolozi le reste de l\u2019ann\u00e9e, mais le climat est plus chaud et humide.<\/p>\n","protected":false},"excerpt":{"rendered":"<p>La R\u00e9serve d\u2019Umfolozi-Hluhluwe (prononc\u00e9e chlouchlouw\u00e9 ou klouklouw\u00e9 en zoulou et aussi \u00e9crit Imfolozi-Hluhluwe) a fait sa renomm\u00e9e mondiale pour ses mesures de protection et de r\u00e9introduction des rhinoc\u00e9ros. Mais c\u2019est aussi de nombreux animaux sauvages d\u2019Afrique que vous pourrez observer au c\u0153ur de cette r\u00e9serve naturelle. Suivez notre guide pour en d\u00e9couvrir plus sur la &#8230; <a title=\"R\u00e9serve d&rsquo;Hluhluwe-Umfolozi\" class=\"read-more\" href=\"https:\/\/mistersafari.com\/fr\/safari-afrique-du-sud\/parcs-reserves\/hluhluwe-umfolozi\/\" aria-label=\"En savoir plus sur R\u00e9serve d&rsquo;Hluhluwe-Umfolozi\">Lire la suite<\/a><\/p>\n","protected":false},"author":3,"featured_media":0,"parent":1095,"menu_order":13,"comment_status":"closed","ping_status":"closed","template":"","meta":{"_acf_changed":false,"footnotes":""},"content_type":[],"country":[],"class_list":{"0":"post-2408","1":"page","2":"type-page","3":"status-publish","5":"no-featured-image-padding"},"acf":{"hreflang":null},"_links":{"self":[{"href":"https:\/\/mistersafari.com\/fr\/wp-json\/wp\/v2\/pages\/2408","targetHints":{"allow":["GET"]}}],"collection":[{"href":"https:\/\/mistersafari.com\/fr\/wp-json\/wp\/v2\/pages"}],"about":[{"href":"https:\/\/mistersafari.com\/fr\/wp-json\/wp\/v2\/types\/page"}],"author":[{"embeddable":true,"href":"https:\/\/mistersafari.com\/fr\/wp-json\/wp\/v2\/users\/3"}],"replies":[{"embeddable":true,"href":"https:\/\/mistersafari.com\/fr\/wp-json\/wp\/v2\/comments?post=2408"}],"version-history":[{"count":8,"href":"https:\/\/mistersafari.com\/fr\/wp-json\/wp\/v2\/pages\/2408\/revisions"}],"predecessor-version":[{"id":4035,"href":"https:\/\/mistersafari.com\/fr\/wp-json\/wp\/v2\/pages\/2408\/revisions\/4035"}],"up":[{"embeddable":true,"href":"https:\/\/mistersafari.com\/fr\/wp-json\/wp\/v2\/pages\/1095"}],"wp:attachment":[{"href":"https:\/\/mistersafari.com\/fr\/wp-json\/wp\/v2\/media?parent=2408"}],"wp:term":[{"taxonomy":"content_type","embeddable":true,"href":"https:\/\/mistersafari.com\/fr\/wp-json\/wp\/v2\/content_type?post=2408"},{"taxonomy":"country","embeddable":true,"href":"https:\/\/mistersafari.com\/fr\/wp-json\/wp\/v2\/country?post=2408"}],"curies":[{"name":"wp","href":"https:\/\/api.w.org\/{rel}","templated":true}]}}