{"id":2393,"date":"2021-04-16T09:49:38","date_gmt":"2021-04-16T09:49:38","guid":{"rendered":"https:\/\/mistersafari.com\/fr\/?page_id=2393"},"modified":"2021-12-10T13:28:31","modified_gmt":"2021-12-10T13:28:31","slug":"drakensberg","status":"publish","type":"page","link":"https:\/\/mistersafari.com\/fr\/safari-afrique-du-sud\/parcs-reserves\/drakensberg\/","title":{"rendered":"Parc du Drakensberg"},"content":{"rendered":"\n<p>\u201cMontagnes du dragon\u201d en afrikaans ou \u201crempart de lances\u201d par les zoulous, les noms donn\u00e9s \u00e0 ce parc caract\u00e9risent sa singularit\u00e9. Le Parc du Drakensberg poss\u00e8de la plus grande cha\u00eene montagneuse d\u2019Afrique du Sud, offrant des paysages \u00e0 couper le souffle. Ses nombreuses attractions font le bonheur des randonneurs qui viennent ici enrichir leur <a href=\"https:\/\/mistersafari.com\/fr\/safari-afrique-du-sud\/\">safari en Afrique du Sud<\/a>. D\u00e9couvrez en plus sur ce parc gr\u00e2ce \u00e0 notre guide d\u00e9taill\u00e9.<\/p>\n\n\n<div id=\"ez-toc-container\" class=\"ez-toc-v2_0_76 counter-flat ez-toc-counter ez-toc-custom ez-toc-container-direction\">\n<div class=\"ez-toc-title-container\"><p class=\"ez-toc-title\" style=\"cursor:inherit\">Sommaire<\/p>\n<\/div><nav><ul class='ez-toc-list ez-toc-list-level-1 ' ><li class='ez-toc-page-1'><a class=\"ez-toc-link ez-toc-heading-1\" href=\"https:\/\/mistersafari.com\/fr\/safari-afrique-du-sud\/parcs-reserves\/drakensberg\/#pourquoi-se-rendre-au-parc-du-drakensberg\">Pourquoi se rendre au Parc du Drakensberg ?<\/a><\/li><li class='ez-toc-page-1'><a class=\"ez-toc-link ez-toc-heading-2\" href=\"https:\/\/mistersafari.com\/fr\/safari-afrique-du-sud\/parcs-reserves\/drakensberg\/#comment-se-rendre-au-parc-ukhahlamba-drakensberg\">Comment se rendre au Parc Ukhahlamba-Drakensberg ?<\/a><\/li><li class='ez-toc-page-1'><a class=\"ez-toc-link ez-toc-heading-3\" href=\"https:\/\/mistersafari.com\/fr\/safari-afrique-du-sud\/parcs-reserves\/drakensberg\/#tarif-et-reglementation\">Tarif et r\u00e9glementation<\/a><\/li><li class='ez-toc-page-1'><a class=\"ez-toc-link ez-toc-heading-4\" href=\"https:\/\/mistersafari.com\/fr\/safari-afrique-du-sud\/parcs-reserves\/drakensberg\/#ou-dormir-au-parc-ukhahlamba-drakensberg\">O\u00f9 dormir au Parc Ukhahlamba-Drakensberg ?<\/a><\/li><li class='ez-toc-page-1'><a class=\"ez-toc-link ez-toc-heading-5\" href=\"https:\/\/mistersafari.com\/fr\/safari-afrique-du-sud\/parcs-reserves\/drakensberg\/#le-parc-ukhahlamba-drakensberg-autres-informations-pratiques\">Le Parc Ukhahlamba-Drakensberg : autres informations pratiques<\/a><\/li><li class='ez-toc-page-1'><a class=\"ez-toc-link ez-toc-heading-6\" href=\"https:\/\/mistersafari.com\/fr\/safari-afrique-du-sud\/parcs-reserves\/drakensberg\/#faq\">FAQ<\/a><\/li><\/ul><\/nav><\/div>\n\n\n\n\n<h2 class=\"wp-block-heading\"><span class=\"ez-toc-section\" id=\"pourquoi-se-rendre-au-parc-du-drakensberg\"><\/span>Pourquoi se rendre au Parc du Drakensberg ?<span class=\"ez-toc-section-end\"><\/span><\/h2>\n\n\n\n<h3 class=\"wp-block-heading\">Un safari dans le Parc Ukhahlamba-Drakensberg<\/h3>\n\n\n\n<p>Haut-lieu de la randonn\u00e9e, les visiteurs qui se rendent dans le Parc Ukhahlamba-Drakensberg auront la chance de rencontrer au cours de leurs p\u00e9riples de nombreux animaux. Il se distingue des <a class=\"rank-math-link\" href=\"https:\/\/mistersafari.com\/fr\/safari-afrique-du-sud\/parcs-reserves\/\">autres parcs d\u2019Afrique du Sud<\/a> par ses paysages incroyables et riches. Un safari diff\u00e9rent des autres mais qui en vaut le d\u00e9tour !&nbsp;<\/p>\n\n\n\n<p>Le Parc de Drakensberg abrite des babouins, des \u00e9lans mais \u00e9galement des pr\u00e9dateurs comme le l\u00e9opard, le chacal, le caracal, le serval, la mangouste\u2026 On retrouve aussi plusieurs types d\u2019antilopes dont certaines embl\u00e9matiques de l\u2019Afrique du Sud : reedbuck des montagnes, p\u00e9l\u00e9a grise (ou rhebuck), duiker (cephalophinae), guib (bushbuk), or\u00e9otrague, oribi.&nbsp;<\/p>\n\n\n\n<p>Les montagnes sont un merveilleux rep\u00e8re pour les oiseaux. Plus de 300 esp\u00e8ces ont \u00e9t\u00e9 d\u00e9nombr\u00e9es, notamment des rapaces des falaises : des aigles de Verreaux, des vautours du Cap, des buses, des gypa\u00e8tes barbues, \u2026 32 esp\u00e8ces sont d\u2019ailleurs embl\u00e9matiques de l\u2019Afrique du Sud.<\/p>\n\n\n\n<div class=\"wp-block-image\"><figure class=\"aligncenter size-full\"><picture><source srcset=\"https:\/\/mistersafari.com\/fr\/wp-content\/uploads\/sites\/2\/Parc-du-Drakensberg-Oiseaux-scaled.webp 1200w,https:\/\/mistersafari.com\/fr\/wp-content\/uploads\/sites\/2\/Parc-du-Drakensberg-Oiseaux-300x215.webp 300w,https:\/\/mistersafari.com\/fr\/wp-content\/uploads\/sites\/2\/Parc-du-Drakensberg-Oiseaux-1024x735.webp 1024w,https:\/\/mistersafari.com\/fr\/wp-content\/uploads\/sites\/2\/Parc-du-Drakensberg-Oiseaux-768x551.webp 768w,https:\/\/mistersafari.com\/fr\/wp-content\/uploads\/sites\/2\/Parc-du-Drakensberg-Oiseaux-1536x1103.webp 1536w,https:\/\/mistersafari.com\/fr\/wp-content\/uploads\/sites\/2\/Parc-du-Drakensberg-Oiseaux-2048x1470.webp 2048w\" sizes=\"auto, (max-width: 1200px) 100vw, 1200px\" type=\"image\/webp\"><img src=\"https:\/\/mistersafari.com\/fr\/wp-content\/uploads\/sites\/2\/Parc-du-Drakensberg-Oiseaux-scaled.jpg\" height=\"862\" width=\"1200\" srcset=\"https:\/\/mistersafari.com\/fr\/wp-content\/uploads\/sites\/2\/Parc-du-Drakensberg-Oiseaux-scaled.jpg 1200w, https:\/\/mistersafari.com\/fr\/wp-content\/uploads\/sites\/2\/Parc-du-Drakensberg-Oiseaux-300x215.jpg 300w, https:\/\/mistersafari.com\/fr\/wp-content\/uploads\/sites\/2\/Parc-du-Drakensberg-Oiseaux-1024x735.jpg 1024w, https:\/\/mistersafari.com\/fr\/wp-content\/uploads\/sites\/2\/Parc-du-Drakensberg-Oiseaux-768x551.jpg 768w, https:\/\/mistersafari.com\/fr\/wp-content\/uploads\/sites\/2\/Parc-du-Drakensberg-Oiseaux-1536x1103.jpg 1536w, https:\/\/mistersafari.com\/fr\/wp-content\/uploads\/sites\/2\/Parc-du-Drakensberg-Oiseaux-2048x1470.jpg 2048w\" sizes=\"auto, (max-width: 1200px) 100vw, 1200px\" class=\"wp-image-2401 sp-no-webp\" alt=\"Aigle de verreaux au Parc Drakensberg\" loading=\"lazy\" decoding=\"async\"  > <\/picture><\/figure><\/div>\n\n\n\n<p>Le Parc National de Sehlathebe au Lesotho accueille \u00e9galement une esp\u00e8ce de poissons en voie d\u2019extinction et vivant exclusivement dans ce parc : le poisson Cyprinid\u00e9.<\/p>\n\n\n\n<p>Gr\u00e2ce \u00e0 des environnements diversifi\u00e9s, la flore du Parc Ukhahlamba-Drakensberg est aussi particuli\u00e8rement riche. Pr\u00e8s de 2500 plantes ont \u00e9t\u00e9 observ\u00e9es, dont 15% sont uniquement pr\u00e9sentes dans ce parc.&nbsp;<\/p>\n\n\n\n<p>Vous l\u2019aurez compris, on est loin de la <a href=\"https:\/\/mistersafari.com\/fr\/safari-afrique-du-sud\/animaux\/\">densit\u00e9 d\u2019animaux<\/a> que l\u2019on peut trouver dans d\u2019autres parcs d\u2019Afrique du Sud. Si vous souhaitez faire un safari pour rencontrer le <a href=\"https:\/\/mistersafari.com\/fr\/safari-afrique-du-sud\/big-five\/\">Big Five<\/a> ou d\u2019autres animaux sauvages typiques de l\u2019Afrique, alors il faudra plut\u00f4t vous diriger vers d\u2019autres parcs r\u00e9put\u00e9s pour leur safari, comme le <a href=\"https:\/\/mistersafari.com\/fr\/safari-afrique-du-sud\/parcs-reserves\/parc-kruger\/\">Parc Kruger<\/a>, le <a href=\"https:\/\/mistersafari.com\/fr\/safari-afrique-du-sud\/parcs-reserves\/addo-elephant-park\/\">Parc des \u00c9l\u00e9phants d\u2019Addo<\/a> ou encore la <a href=\"https:\/\/mistersafari.com\/fr\/safari-afrique-du-sud\/parcs-reserves\/reserve-madikwe\/\">R\u00e9serve de Madikwe<\/a>. Par contre, pour un s\u00e9jour au plus proche de la nature, avec des paysages splendides et l\u2019observation d\u2019oiseaux ou d\u2019esp\u00e8ces rares, le Parc Ukhahlamba-Drakensberg est la destination id\u00e9ale !<\/p>\n\n\n\n<p class=\"callout-green\"><strong>Le Parc Ukhahlamba-Drakensberg est compos\u00e9 de plusieurs parcs ou r\u00e9serves priv\u00e9es. Les types de safaris propos\u00e9s peuvent varier selon les lieux et les organisateurs : safari \u00e0 pied, en voiture, seul ou accompagn\u00e9, \u2026&nbsp;<\/strong><\/p>\n\n\n\n<h3 class=\"wp-block-heading\">Les autres activit\u00e9s<\/h3>\n\n\n\n<p>Si l\u2019on se rend dans le Parc de Drakensberg, c\u2019est surtout pour les paysages impressionnants et spectaculaires qu\u2019il offre, \u00e0 d\u00e9couvrir lors des nombreuses randonn\u00e9es disponibles dans le parc.&nbsp;<\/p>\n\n\n\n<div class=\"wp-block-image\"><figure class=\"aligncenter size-full\"><picture><source srcset=\"https:\/\/mistersafari.com\/fr\/wp-content\/uploads\/sites\/2\/park-drakensberg.webp 1200w,https:\/\/mistersafari.com\/fr\/wp-content\/uploads\/sites\/2\/park-drakensberg-300x169.webp 300w,https:\/\/mistersafari.com\/fr\/wp-content\/uploads\/sites\/2\/park-drakensberg-1024x575.webp 1024w,https:\/\/mistersafari.com\/fr\/wp-content\/uploads\/sites\/2\/park-drakensberg-768x431.webp 768w\" sizes=\"auto, (max-width: 1200px) 100vw, 1200px\" type=\"image\/webp\"><img src=\"https:\/\/mistersafari.com\/fr\/wp-content\/uploads\/sites\/2\/park-drakensberg.jpg\" height=\"674\" width=\"1200\" srcset=\"https:\/\/mistersafari.com\/fr\/wp-content\/uploads\/sites\/2\/park-drakensberg.jpg 1200w, https:\/\/mistersafari.com\/fr\/wp-content\/uploads\/sites\/2\/park-drakensberg-300x169.jpg 300w, https:\/\/mistersafari.com\/fr\/wp-content\/uploads\/sites\/2\/park-drakensberg-1024x575.jpg 1024w, https:\/\/mistersafari.com\/fr\/wp-content\/uploads\/sites\/2\/park-drakensberg-768x431.jpg 768w\" sizes=\"auto, (max-width: 1200px) 100vw, 1200px\" class=\"wp-image-6177 sp-no-webp\" alt=\"\" loading=\"lazy\" decoding=\"async\"  > <\/picture><\/figure><\/div>\n\n\n\n<p>Le Blyde River Canyon, l&rsquo;Amphith\u00e9\u00e2tre du Parc Royal Natal, les chutes de Tugela, les nombreux sommets comme le Pic de Sentinel, Cathedral Peak, le Mont-aux-Sources, Champagne Castle, Sani Pass et bien d\u2019autres : les attractions des Montagnes de Drakensberg sont \u00e0 couper le souffle. Elles raviront les amateurs de nature et de paysages impressionnants.&nbsp;<\/p>\n\n\n\n<p class=\"callout-blue\"><strong>Avec des randonn\u00e9es \u00e0 la journ\u00e9e ou sur plusieurs jours, il y en a pour tous les go\u00fbts et tous les niveaux.&nbsp;<\/strong><\/p>\n\n\n\n<p>De nombreuses autres activit\u00e9s peuvent \u00eatre r\u00e9alis\u00e9es dans le Parc Ukhahlamba-Drakensberg : des randonn\u00e9es \u00e0 cheval, en VTT, en quad, de l\u2019escalade, de la p\u00eache, des baignades dans les piscines naturelles, des vols en montgolfi\u00e8re ou en h\u00e9licopt\u00e8re, &#8230;<\/p>\n\n\n\n<p>La R\u00e9serve Giant\u2019s Castle vous ouvre les portes de l\u2019histoire de la culture San. Des caves abritent des peintures rupestres datant pour certaines de plusieurs milliers d\u2019ann\u00e9es. Particuli\u00e8rement bien conserv\u00e9es, elles repr\u00e9sentent la vie des bushmen.&nbsp;<\/p>\n\n\n\n<h2 class=\"wp-block-heading\"><span class=\"ez-toc-section\" id=\"comment-se-rendre-au-parc-ukhahlamba-drakensberg\"><\/span>Comment se rendre au Parc Ukhahlamba-Drakensberg ?<span class=\"ez-toc-section-end\"><\/span><\/h2>\n\n\n\n<p>Le Parc de Drakensberg est facilement accessible en voiture. Tout d\u00e9pend d\u2019o\u00f9 vous partez et de votre destination dans le parc.&nbsp;<\/p>\n\n\n\n<p>A titre d\u2019exemple, le Parc Royal Natal, au Nord, se situe \u00e0 \u00e9quidistance de Johannesburg et Durban. Il faudra compter environ 4 heures de route que ce soit depuis l\u2019a\u00e9roport Oliver Tambo International \u00e0 Johannesburg ou depuis l\u2019a\u00e9roport King Shaka International \u00e0 Durban.<\/p>\n\n\n\n<p>Mais selon la r\u00e9gion du parc que vous souhaitez visiter, vous pourrez y acc\u00e9der par l\u2019un des 12 points d\u2019entr\u00e9e : Cathedral Peak, Champagne Castle, Giant&rsquo;s Castle, Highmoor, Kamberg, Loteni, Vergelegen, Sani Pass (le Col du Sani), Drakensberg Garden et Bushmen&rsquo;s Nek.&nbsp;<\/p>\n\n\n\n<div class=\"wp-block-image\"><figure class=\"aligncenter size-full\"><picture><source srcset=\"https:\/\/mistersafari.com\/fr\/wp-content\/uploads\/sites\/2\/parc-drakensberg.webp 1200w,https:\/\/mistersafari.com\/fr\/wp-content\/uploads\/sites\/2\/parc-drakensberg-300x169.webp 300w,https:\/\/mistersafari.com\/fr\/wp-content\/uploads\/sites\/2\/parc-drakensberg-1024x575.webp 1024w,https:\/\/mistersafari.com\/fr\/wp-content\/uploads\/sites\/2\/parc-drakensberg-768x431.webp 768w\" sizes=\"auto, (max-width: 1200px) 100vw, 1200px\" type=\"image\/webp\"><img src=\"https:\/\/mistersafari.com\/fr\/wp-content\/uploads\/sites\/2\/parc-drakensberg.jpg\" height=\"674\" width=\"1200\" srcset=\"https:\/\/mistersafari.com\/fr\/wp-content\/uploads\/sites\/2\/parc-drakensberg.jpg 1200w, https:\/\/mistersafari.com\/fr\/wp-content\/uploads\/sites\/2\/parc-drakensberg-300x169.jpg 300w, https:\/\/mistersafari.com\/fr\/wp-content\/uploads\/sites\/2\/parc-drakensberg-1024x575.jpg 1024w, https:\/\/mistersafari.com\/fr\/wp-content\/uploads\/sites\/2\/parc-drakensberg-768x431.jpg 768w\" sizes=\"auto, (max-width: 1200px) 100vw, 1200px\" class=\"wp-image-6180 sp-no-webp\" alt=\"drakensberg\" loading=\"lazy\" decoding=\"async\"  > <\/picture><\/figure><\/div>\n\n\n\n<h2 class=\"wp-block-heading\"><span class=\"ez-toc-section\" id=\"tarif-et-reglementation\"><\/span>Tarif et r\u00e9glementation<span class=\"ez-toc-section-end\"><\/span><\/h2>\n\n\n\n<h3 class=\"wp-block-heading\">Ukhahlamba-Drakensberg : prix d\u2019entr\u00e9e<\/h3>\n\n\n\n<p>Le tarif d\u2019entr\u00e9e dans le Parc de Drakensberg varie selon la r\u00e9gion visit\u00e9e. A titre d\u2019exemple, le Parc Royal Natal requiert une admission de R25 par adulte, R15 par enfant et R35 par v\u00e9hicule par jour.&nbsp;<\/p>\n\n\n\n<h3 class=\"wp-block-heading\">La r\u00e9glementation du Parc Ukhahlamba-Drakensberg<\/h3>\n\n\n\n<p>Comme dans tous les parcs nationaux, des r\u00e8gles et du bon sens sont \u00e0 tenir lors de votre visite : suivez les pistes, ramassez vos d\u00e9chets, n\u2019approchez pas les animaux, ne cueillez pas de plantes, &#8230;<\/p>\n\n\n\n<p>En plus des r\u00e8gles de protection de la faune et de la flore, vous devrez aussi \u00eatre vigilant quant aux r\u00e8gles de s\u00e9curit\u00e9 lorsque l\u2019on se trouve dans les montagnes. Un \u00e9quipement ad\u00e9quat est imp\u00e9ratif. <\/p>\n\n\n\n<p class=\"callout-green\">La plupart des Centres d\u2019information ou des camps du parc demande aux randonneurs de compl\u00e9ter un registre afin de conna\u00eetre votre identit\u00e9 et veiller \u00e0 votre retour.<\/p>\n\n\n\n<h2 class=\"wp-block-heading\"><span class=\"ez-toc-section\" id=\"ou-dormir-au-parc-ukhahlamba-drakensberg\"><\/span>O\u00f9 dormir au Parc Ukhahlamba-Drakensberg ?<span class=\"ez-toc-section-end\"><\/span><\/h2>\n\n\n\n<p>Les options d\u2019h\u00e9bergement au sein du Parc Ukhahlamba-Drakensberg sont vastes, tout autant que l\u2019est son territoire ! Vous pourrez choisir entre des camps, des campings, des auberges de jeunesse, des h\u00f4tels, des chalets, des villages de vacances. Certains sont situ\u00e9s \u00e0 l\u2019int\u00e9rieur du parc, d\u2019autres \u00e0 proximit\u00e9 dans des r\u00e9serves priv\u00e9es ou \u00e0 l\u2019ext\u00e9rieur.&nbsp;<\/p>\n\n\n\n<p>On peut notamment citer :<\/p>\n\n\n\n<ul class=\"wp-block-list\"><li>l\u2019auberge de jeunesse de l\u2019<a href=\"https:\/\/www.booking.com\/hotel\/za\/amphitheatre-backpackers-lodge.fr.html?label=gen173nr-1DCAEoggI46AdIM1gEaE2IAQGYAQ24ARfIAQ_YAQPoAQGIAgGoAgO4AvyQkoMGwAIB0gIkZTM2NTEzZjktYmY1YS00NWE4LWJhYTgtM2JhOGE4ZmM5MGU12AIE4AIB;sid=b75bff9b21f2d90fc1d805892b54fbfc;dest_id=4134;dest_type=region;dist=0;group_adults=1;group_children=0;hapos=1;hpos=1;no_rooms=1;req_adults=1;req_children=0;room1=A;sb_price_type=total;sr_order=popularity;srepoch=1617201284;srpvid=71b26681f5120109;type=total;ucfs=1&amp;#hotelTmpl\" target=\"_blank\" rel=\"noopener\">Amphitheatre Backpacker Lodge<\/a> au Nord ;<\/li><li>le <a href=\"https:\/\/www.booking.com\/hotel\/za\/cleopatra-mountain-farmhouse.fr.html?aid=304142;label=gen173nr-1DCAEoggI46AdIM1gEaE2IAQGYAQ24ARfIAQ_YAQPoAQGIAgGoAgO4AvyQkoMGwAIB0gIkZTM2NTEzZjktYmY1YS00NWE4LWJhYTgtM2JhOGE4ZmM5MGU12AIE4AIB;sid=b75bff9b21f2d90fc1d805892b54fbfc;atlas_src=sr_iw_btn;dest_id=4134;dist=0;group_adults=1;group_children=0;no_rooms=1;room1=A;sb_price_type=total;type=total;ucfs=1&amp;\" target=\"_blank\" rel=\"noopener\">Cleopatra Mountain Farm House<\/a> pr\u00e8s de la R\u00e9serve de Giant\u2019s Castle ;<\/li><li>le <a href=\"https:\/\/www.booking.com\/hotel\/za\/sani-pass-resort.fr.html?aid=304142;label=gen173nr-1DCAEoggI46AdIM1gEaE2IAQGYAQ24ARfIAQ_YAQPoAQGIAgGoAgO4AvyQkoMGwAIB0gIkZTM2NTEzZjktYmY1YS00NWE4LWJhYTgtM2JhOGE4ZmM5MGU12AIE4AIB;sid=b75bff9b21f2d90fc1d805892b54fbfc;atlas_src=sr_iw_btn;dest_id=4134;dist=0;group_adults=1;group_children=0;no_rooms=1;room1=A;sb_price_type=total;type=total;ucfs=1&amp;\" target=\"_blank\" rel=\"noopener\">Premier Resort Sani Pass<\/a> au Sud.&nbsp;<\/li><\/ul>\n\n\n\n<h2 class=\"wp-block-heading\"><span class=\"ez-toc-section\" id=\"le-parc-ukhahlamba-drakensberg-autres-informations-pratiques\"><\/span>Le Parc Ukhahlamba-Drakensberg : autres informations pratiques<span class=\"ez-toc-section-end\"><\/span><\/h2>\n\n\n\n<h3 class=\"wp-block-heading\">G\u00e9ographie<\/h3>\n\n\n\n<p>Le Parc transfrontalier de Maloti-Drakensberg est un vaste parc naturel situ\u00e9 entre l\u2019Afrique du Sud et le Lesotho. Il est compos\u00e9 du Parc national de Sehlathebe au Lesotho et du Parc Ukhahlamba-Drakensberg en Afrique du Sud, regroupant lui-m\u00eame plusieurs parcs naturels, r\u00e9serves et r\u00e9gions. On retrouve notamment du Nord au Sud :<\/p>\n\n\n\n<ul class=\"wp-block-list\"><li>le Parc National de Blyde River Canyon, avec le 3\u00e8me plus grand canyon au monde ;<\/li><li>le Parc National Royal Natal et son amphith\u00e9\u00e2tre ;<\/li><li>la R\u00e9serve de Giant\u2019s Castle avec le c\u00e9l\u00e8bre Cathedral Peak et les arts rupestres San ;<\/li><li>le Sani Pass, col reliant le Lesotho et l\u2019Afrique du Sud.<\/li><\/ul>\n\n\n\n<div class=\"wp-block-image\"><figure class=\"aligncenter size-full\"><picture><source srcset=\"https:\/\/mistersafari.com\/fr\/wp-content\/uploads\/sites\/2\/blyde-river-canyon-1.webp 1200w,https:\/\/mistersafari.com\/fr\/wp-content\/uploads\/sites\/2\/blyde-river-canyon-1-300x200.webp 300w,https:\/\/mistersafari.com\/fr\/wp-content\/uploads\/sites\/2\/blyde-river-canyon-1-1024x683.webp 1024w,https:\/\/mistersafari.com\/fr\/wp-content\/uploads\/sites\/2\/blyde-river-canyon-1-768x512.webp 768w\" sizes=\"auto, (max-width: 1200px) 100vw, 1200px\" type=\"image\/webp\"><img src=\"https:\/\/mistersafari.com\/fr\/wp-content\/uploads\/sites\/2\/blyde-river-canyon-1.jpg\" height=\"800\" width=\"1200\" srcset=\"https:\/\/mistersafari.com\/fr\/wp-content\/uploads\/sites\/2\/blyde-river-canyon-1.jpg 1200w, https:\/\/mistersafari.com\/fr\/wp-content\/uploads\/sites\/2\/blyde-river-canyon-1-300x200.jpg 300w, https:\/\/mistersafari.com\/fr\/wp-content\/uploads\/sites\/2\/blyde-river-canyon-1-1024x683.jpg 1024w, https:\/\/mistersafari.com\/fr\/wp-content\/uploads\/sites\/2\/blyde-river-canyon-1-768x512.jpg 768w\" sizes=\"auto, (max-width: 1200px) 100vw, 1200px\" class=\"wp-image-6179 sp-no-webp\" alt=\"\" loading=\"lazy\" decoding=\"async\"  > <\/picture><figcaption>Parc National de Blyde River Canyon<\/figcaption><\/figure><\/div>\n\n\n\n<p>D\u2019une superficie d\u2019environ 2500 km2, le Parc Ukhahlamba-Drakensberg est inscrit au Patrimoine Mondial de l\u2019UNESCO. Les paysages sont tr\u00e8s vari\u00e9s. Plus d\u2019une douzaine de sommets composent le parc, avec des falaises escarp\u00e9es et des murs rocheux. L\u2019altitude moyenne est de 3000 m\u00e8tres. Mais des kilom\u00e8tres carr\u00e9s de plaines et de savanes forment aussi les plateaux du parc.&nbsp;<\/p>\n\n\n\n<h3 class=\"wp-block-heading\">M\u00e9t\u00e9o<\/h3>\n\n\n\n<p>En tant que r\u00e9cif montagneux, le Parc de Drakensberg conna\u00eet des changements de climat tr\u00e8s rapides et tr\u00e8s localis\u00e9s selon l\u2019endroit o\u00f9 vous vous trouvez dans le parc. D\u2019une mani\u00e8re g\u00e9n\u00e9rale, les orages sont relativement nombreux en \u00e9t\u00e9 alors que la neige est souvent pr\u00e9sente en hiver. Le vent est aussi souvent fort et froid, surtout en altitude.&nbsp;<\/p>\n\n\n\n<h3 class=\"wp-block-heading\">Quand visiter<\/h3>\n\n\n\n<p>Etant donn\u00e9 le climat et les motivations \u00e0 visiter le Parc de Drakensberg (c\u2019est-\u00e0-dire les randonn\u00e9es), les p\u00e9riodes de mi-saison, \u00e0 savoir le printemps en septembre et octobre et l\u2019automne en mars et avril, sont les meilleures saisons pour visiter les Montagnes de Drakensberg. Le climat est tr\u00e8s agr\u00e9able et les paysages sont gorg\u00e9s de couleurs.<\/p>\n\n\n\n<h2 class=\"gb-headline gb-headline-ca6efb96 gb-headline-text\"><span class=\"ez-toc-section\" id=\"faq\"><\/span>FAQ<span class=\"ez-toc-section-end\"><\/span><\/h2>\n\n\n<div id=\"rank-math-faq\" class=\"rank-math-block\">\n<div class=\"rank-math-list \">\n<div id=\"faq-question-1639142478474\" class=\"rank-math-list-item\">\n<h3 class=\"rank-math-question \"><strong>O\u00f9 se trouve le  Parc du Drakensberg ? <\/strong><\/h3>\n<div class=\"rank-math-answer \">\n\n<p> Le Parc  Ukhahlamba-Drakensberg  est  situ\u00e9 entre l\u2019Afrique du Sud et le Lesotho.  <\/p>\n\n<\/div>\n<\/div>\n<div id=\"faq-question-1639142517014\" class=\"rank-math-list-item\">\n<h3 class=\"rank-math-question \"><strong>Combien co\u00fbte l&rsquo;entr\u00e9e au Parc du Drakensberg ? <\/strong><\/h3>\n<div class=\"rank-math-answer \">\n\n<p> L&rsquo;entr\u00e9e au le Parc de Drakensberg varie selon la r\u00e9gion visit\u00e9e. <\/p>\n\n<\/div>\n<\/div>\n<div id=\"faq-question-1639142520327\" class=\"rank-math-list-item\">\n<h3 class=\"rank-math-question \"><strong>Quels animaux peut-on voir ?<\/strong><\/h3>\n<div class=\"rank-math-answer \">\n\n<p>Vous allez au moins voir des plusieurs types d&rsquo;antilopes, babouins, \u00e9lans, l\u00e9opards, chacals, caracals&#8230; ainsi que des centaines d&rsquo;oiseaux.<\/p>\n\n<\/div>\n<\/div>\n<\/div>\n<\/div>","protected":false},"excerpt":{"rendered":"<p>\u201cMontagnes du dragon\u201d en afrikaans ou \u201crempart de lances\u201d par les zoulous, les noms donn\u00e9s \u00e0 ce parc caract\u00e9risent sa singularit\u00e9. Le Parc du Drakensberg poss\u00e8de la plus grande cha\u00eene montagneuse d\u2019Afrique du Sud, offrant des paysages \u00e0 couper le souffle. Ses nombreuses attractions font le bonheur des randonneurs qui viennent ici enrichir leur safari &#8230; <a title=\"Parc du Drakensberg\" class=\"read-more\" href=\"https:\/\/mistersafari.com\/fr\/safari-afrique-du-sud\/parcs-reserves\/drakensberg\/\" aria-label=\"En savoir plus sur Parc du Drakensberg\">Lire la suite<\/a><\/p>\n","protected":false},"author":3,"featured_media":6176,"parent":1095,"menu_order":12,"comment_status":"closed","ping_status":"closed","template":"","meta":{"_acf_changed":false,"footnotes":""},"content_type":[],"country":[],"class_list":{"0":"post-2393","1":"page","2":"type-page","3":"status-publish","4":"has-post-thumbnail","6":"no-featured-image-padding"},"acf":{"hreflang":null},"_links":{"self":[{"href":"https:\/\/mistersafari.com\/fr\/wp-json\/wp\/v2\/pages\/2393","targetHints":{"allow":["GET"]}}],"collection":[{"href":"https:\/\/mistersafari.com\/fr\/wp-json\/wp\/v2\/pages"}],"about":[{"href":"https:\/\/mistersafari.com\/fr\/wp-json\/wp\/v2\/types\/page"}],"author":[{"embeddable":true,"href":"https:\/\/mistersafari.com\/fr\/wp-json\/wp\/v2\/users\/3"}],"replies":[{"embeddable":true,"href":"https:\/\/mistersafari.com\/fr\/wp-json\/wp\/v2\/comments?post=2393"}],"version-history":[{"count":14,"href":"https:\/\/mistersafari.com\/fr\/wp-json\/wp\/v2\/pages\/2393\/revisions"}],"predecessor-version":[{"id":6192,"href":"https:\/\/mistersafari.com\/fr\/wp-json\/wp\/v2\/pages\/2393\/revisions\/6192"}],"up":[{"embeddable":true,"href":"https:\/\/mistersafari.com\/fr\/wp-json\/wp\/v2\/pages\/1095"}],"wp:featuredmedia":[{"embeddable":true,"href":"https:\/\/mistersafari.com\/fr\/wp-json\/wp\/v2\/media\/6176"}],"wp:attachment":[{"href":"https:\/\/mistersafari.com\/fr\/wp-json\/wp\/v2\/media?parent=2393"}],"wp:term":[{"taxonomy":"content_type","embeddable":true,"href":"https:\/\/mistersafari.com\/fr\/wp-json\/wp\/v2\/content_type?post=2393"},{"taxonomy":"country","embeddable":true,"href":"https:\/\/mistersafari.com\/fr\/wp-json\/wp\/v2\/country?post=2393"}],"curies":[{"name":"wp","href":"https:\/\/api.w.org\/{rel}","templated":true}]}}