{"id":196,"date":"2020-02-21T11:43:28","date_gmt":"2020-02-21T11:43:28","guid":{"rendered":"http:\/\/safari.kinsta.cloud\/?page_id=196"},"modified":"2022-03-14T08:52:34","modified_gmt":"2022-03-14T08:52:34","slug":"quand-partir","status":"publish","type":"page","link":"https:\/\/mistersafari.com\/fr\/safari-kenya\/quand-partir\/","title":{"rendered":"Quand partir au Kenya ?"},"content":{"rendered":"\n<p>Vous voulez faire un <a class=\"rank-math-link\" href=\"https:\/\/mistersafari.com\/fr\/safari-kenya\/\">safari au Kenya<\/a> et vous vous demandez quand partir ? Le Kenya b\u00e9n\u00e9ficie d\u2019un climat relativement agr\u00e9able tout au long de l\u2019ann\u00e9e, gr\u00e2ce \u00e0 sa situation g\u00e9ographique sur la c\u00f4te est du continent africain (et travers\u00e9 par l&rsquo;Equateur) . On distingue quatre saisons, mais le pays conna\u00eet aussi des microclimats variants selon les r\u00e9gions.&nbsp;Le meilleur moment pour partir au Kenya va donc d\u00e9pendre de la r\u00e9gion o\u00f9 vous allez voyager et des activit\u00e9s que vous souhaitez faire.<\/p>\n\n\n\n\n\n\n<h2 class=\"wp-block-heading\">La m\u00e9t\u00e9o et le climat au Kenya<\/h2>\n\n\n\n<h3 class=\"wp-block-heading\">Les saisons au Kenya<\/h3>\n\n\n\n<p>Dot\u00e9 d\u2019un climat \u00e9quatorial et avec une forte influence de l\u2019oc\u00e9an indien, le Kenya est un pays qui se visite tout au long de l\u2019ann\u00e9e. Malgr\u00e9 tout, et comme certains autres pays d\u2019Afrique ou d\u2019Asie, on constate une alternance entre saisons s\u00e8ches et saisons des pluies :&nbsp;<\/p>\n\n\n\n<ul class=\"wp-block-list\"><li>une saison s\u00e8che de d\u00e9cembre \u00e0 Mars, c\u2019est l&rsquo;\u00e9t\u00e9<\/li><li>une saison des \u201cgrandes pluies\u201d d\u2019avril \u00e0 juin<\/li><li>une saison s\u00e8che de juillet \u00e0 octobre, la p\u00e9riode hivernale<\/li><li>une petite saison des pluies de novembre \u00e0 d\u00e9cembre<\/li><\/ul>\n\n\n\n<p>Les saisons s\u00e8ches, et notamment l\u2019\u00e9t\u00e9 Kenyan, sont les plus chaudes et les pluies se font rares. Les paysages  ass\u00e9ch\u00e9s se parent de teintes dor\u00e9es.&nbsp;<\/p>\n\n\n\n<p class=\"callout-green\"><strong>La saison s\u00e8che est une des meilleures p\u00e9riodes pour faire un safari au Kenya <\/strong>: Toutes les routes sont praticables. La v\u00e9g\u00e9tation est plus rase, ce qui permet d\u2019apercevoir plus d\u2019animaux. Ils se rassemblent autour des points d\u2019eau qui se font rares, maximisant les chances de pouvoir les observer.&nbsp;<\/p>\n\n\n\n<p><strong>Mais par cons\u00e9quent, vous ne serez s\u00fbrement pas les seuls ! Un grand nombre de voyageurs choisissent la saison s\u00e8che pour faire un safari, ce qui fait aussi grimper les prix.<\/strong><\/p>\n\n\n\n<p>Les p\u00e9riodes de mousson peuvent quant \u00e0 elles \u00eatre assez spectaculaires. Elles d\u00e9butent g\u00e9n\u00e9ralement par des pluies faibles au d\u00e9but du mois d\u2019avril. Les pr\u00e9cipitations s\u2019intensifient au fur et \u00e0 mesure que la saison avance, aussi bien en termes de fr\u00e9quence que de volume pluviom\u00e9trique. Puis, elles s\u2019arr\u00eatent progressivement pour laisser place \u00e0 la saison s\u00e8che.&nbsp;<\/p>\n\n\n\n<p><em>Une journ\u00e9e type pendant la saison des pluies consiste en une alternance de gros nuages noirs et de pluies fortes, voire d\u2019orages, suivis par de grandes p\u00e9riodes d\u2019ensoleillement. Ces \u00e9pisodes pluvieux sont relativement courts, environ 30 minutes, et les p\u00e9riodes d\u2019ensoleillement restent pr\u00e9dominantes. Et surtout, gr\u00e2ce aux temp\u00e9ratures cl\u00e9mentes, tout redevient sec rapidement, jusqu&rsquo;\u00e0 la prochaine pluie !&nbsp;<\/em><\/p>\n\n\n\n<div class=\"wp-block-image\"><figure class=\"aligncenter size-full\"><picture><source srcset=\"https:\/\/mistersafari.com\/fr\/wp-content\/uploads\/sites\/2\/elephants-kenya.webp 1200w,https:\/\/mistersafari.com\/fr\/wp-content\/uploads\/sites\/2\/elephants-kenya-300x200.webp 300w,https:\/\/mistersafari.com\/fr\/wp-content\/uploads\/sites\/2\/elephants-kenya-1024x683.webp 1024w,https:\/\/mistersafari.com\/fr\/wp-content\/uploads\/sites\/2\/elephants-kenya-768x512.webp 768w\" sizes=\"auto, (max-width: 1200px) 100vw, 1200px\" type=\"image\/webp\"><img src=\"https:\/\/mistersafari.com\/fr\/wp-content\/uploads\/sites\/2\/elephants-kenya.jpg\" height=\"800\" width=\"1200\" srcset=\"https:\/\/mistersafari.com\/fr\/wp-content\/uploads\/sites\/2\/elephants-kenya.jpg 1200w, https:\/\/mistersafari.com\/fr\/wp-content\/uploads\/sites\/2\/elephants-kenya-300x200.jpg 300w, https:\/\/mistersafari.com\/fr\/wp-content\/uploads\/sites\/2\/elephants-kenya-1024x683.jpg 1024w, https:\/\/mistersafari.com\/fr\/wp-content\/uploads\/sites\/2\/elephants-kenya-768x512.jpg 768w\" sizes=\"auto, (max-width: 1200px) 100vw, 1200px\" class=\"wp-image-6049 sp-no-webp\" alt=\"\" loading=\"lazy\" decoding=\"async\"  > <\/picture><\/figure><\/div>\n\n\n\n<p>Pendant les moussons, le paysage change et se teint de vert. La v\u00e9g\u00e9tation est luxuriante et les points d\u2019eau plus nombreux. Le taux d\u2019humidit\u00e9 plus \u00e9lev\u00e9, accompagn\u00e9 de chaleurs, peut rendre l\u2019atmosph\u00e8re assez \u00e9touffante.&nbsp;<\/p>\n\n\n\n<p class=\"callout-orange\"><strong>La saison des plus est une saison plus difficile pour faire un safari au Kenya<\/strong> : Certaines routes ne sont pas praticables et l\u2019utilisation d\u2019un v\u00e9hicule adapt\u00e9 est indispensable. Les animaux sont plus difficiles \u00e0 trouver, car camoufl\u00e9s dans les herbes hautes. Mais les photographes appr\u00e9cieront les lumi\u00e8res remarquables. <\/p>\n\n\n\n<div class=\"wp-block-image\"><figure class=\"aligncenter size-full\"><picture><source srcset=\"https:\/\/mistersafari.com\/fr\/wp-content\/uploads\/sites\/2\/pluie-kenya.webp 1200w,https:\/\/mistersafari.com\/fr\/wp-content\/uploads\/sites\/2\/pluie-kenya-300x203.webp 300w,https:\/\/mistersafari.com\/fr\/wp-content\/uploads\/sites\/2\/pluie-kenya-1024x693.webp 1024w,https:\/\/mistersafari.com\/fr\/wp-content\/uploads\/sites\/2\/pluie-kenya-768x520.webp 768w\" sizes=\"auto, (max-width: 1200px) 100vw, 1200px\" type=\"image\/webp\"><img src=\"https:\/\/mistersafari.com\/fr\/wp-content\/uploads\/sites\/2\/pluie-kenya.jpg\" height=\"812\" width=\"1200\" srcset=\"https:\/\/mistersafari.com\/fr\/wp-content\/uploads\/sites\/2\/pluie-kenya.jpg 1200w, https:\/\/mistersafari.com\/fr\/wp-content\/uploads\/sites\/2\/pluie-kenya-300x203.jpg 300w, https:\/\/mistersafari.com\/fr\/wp-content\/uploads\/sites\/2\/pluie-kenya-1024x693.jpg 1024w, https:\/\/mistersafari.com\/fr\/wp-content\/uploads\/sites\/2\/pluie-kenya-768x520.jpg 768w\" sizes=\"auto, (max-width: 1200px) 100vw, 1200px\" class=\"wp-image-6048 sp-no-webp\" alt=\"saison de pluie kenya\" loading=\"lazy\" decoding=\"async\"  > <\/picture><\/figure><\/div>\n\n\n\n<p><strong>En cons\u00e9quence les tarifs sont plus accessibles et les touristes moins pr\u00e9sents. Certains \u00e9tablissements en profitent d\u2019ailleurs pour fermer leurs portes pour cong\u00e9s. <\/strong><\/p>\n\n\n\n<h3 class=\"wp-block-heading\">Les temp\u00e9ratures&nbsp;<\/h3>\n\n\n\n<p>Globalement, le Kenya profite de temp\u00e9ratures \u00e9lev\u00e9es tout au long de l\u2019ann\u00e9e, de par sa situation g\u00e9ographique.&nbsp;<\/p>\n\n\n\n<ul class=\"wp-block-list\"><li><strong>Pendant l\u2019\u00e9t\u00e9<\/strong>, les temp\u00e9ratures peuvent grimper jusqu&rsquo;\u00e0 35 ou 40 degr\u00e9s en journ\u00e9e et descendent rarement en dessous des 25 degr\u00e9s la nuit. <\/li><li><strong>Pendant l\u2019hiver<\/strong>, on observe des temp\u00e9ratures en journ\u00e9e entre 30 et 35 degr\u00e9s en moyenne et autour de 20-25 degr\u00e9s la nuit.&nbsp;<\/li><\/ul>\n\n\n\n<p>C\u00f4t\u00e9 dur\u00e9e d\u2019ensoleillement, c\u2019est stable tout au long de l\u2019ann\u00e9e et plut\u00f4t semblable d\u2019une r\u00e9gion \u00e0 l\u2019autre du pays. Le jour se l\u00e8ve entre 6h et 6h30 le matin et la nuit tombe vers 18h30 ou 19h.&nbsp;<\/p>\n\n\n\n<h3 class=\"wp-block-heading\">La m\u00e9t\u00e9o selon les r\u00e9gions<\/h3>\n\n\n\n<p>Avec une superficie de presque 600 000 km\u00b2, plus de 500 km de c\u00f4tes maritimes et des variations d\u2019altitudes, le Kenya conna\u00eet tout de m\u00eame des diff\u00e9rences de climat selon les r\u00e9gions.&nbsp;<\/p>\n\n\n\n<p>Sur la c\u00f4te kenyane, les vents de mousson influent sur un climat plut\u00f4t tropical. Les temp\u00e9ratures sont \u00e9lev\u00e9es et l\u2019atmosph\u00e8re humide, mais les aliz\u00e9s adoucissent le climat.&nbsp;<\/p>\n\n\n\n<p>\u00c0 l\u2019ouest du pays, dans la r\u00e9gion du Lac Victoria, la saison s\u00e8che est tr\u00e8s courte (Janvier\/F\u00e9vrier) et les pluies fr\u00e9quentes tout au long de l\u2019ann\u00e9e. Le taux d\u2019humidit\u00e9 est \u00e9lev\u00e9.<\/p>\n\n\n\n<p>Au nord-est, le climat est tr\u00e8s sec et les temp\u00e9ratures tr\u00e8s \u00e9lev\u00e9es s\u2019apparentant \u00e0 un climat d\u00e9sertique. Quelques pluies sont pr\u00e9sentes en avril et en mai.&nbsp;<\/p>\n\n\n\n<div class=\"wp-block-image\"><figure class=\"aligncenter size-full\"><picture><source srcset=\"https:\/\/mistersafari.com\/fr\/wp-content\/uploads\/sites\/2\/girafe-kenya-1.webp 1200w,https:\/\/mistersafari.com\/fr\/wp-content\/uploads\/sites\/2\/girafe-kenya-1-300x172.webp 300w,https:\/\/mistersafari.com\/fr\/wp-content\/uploads\/sites\/2\/girafe-kenya-1-1024x587.webp 1024w,https:\/\/mistersafari.com\/fr\/wp-content\/uploads\/sites\/2\/girafe-kenya-1-768x440.webp 768w\" sizes=\"auto, (max-width: 1200px) 100vw, 1200px\" type=\"image\/webp\"><img src=\"https:\/\/mistersafari.com\/fr\/wp-content\/uploads\/sites\/2\/girafe-kenya-1.jpg\" height=\"688\" width=\"1200\" srcset=\"https:\/\/mistersafari.com\/fr\/wp-content\/uploads\/sites\/2\/girafe-kenya-1.jpg 1200w, https:\/\/mistersafari.com\/fr\/wp-content\/uploads\/sites\/2\/girafe-kenya-1-300x172.jpg 300w, https:\/\/mistersafari.com\/fr\/wp-content\/uploads\/sites\/2\/girafe-kenya-1-1024x587.jpg 1024w, https:\/\/mistersafari.com\/fr\/wp-content\/uploads\/sites\/2\/girafe-kenya-1-768x440.jpg 768w\" sizes=\"auto, (max-width: 1200px) 100vw, 1200px\" class=\"wp-image-6050 sp-no-webp\" alt=\"girafe kenya\" loading=\"lazy\" decoding=\"async\"  > <\/picture><\/figure><\/div>\n\n\n\n<p>Le centre et la r\u00e9gion des Hauts-Plateaux, les Highlands, connaissent un climat plus temp\u00e9r\u00e9, voire tr\u00e8s frais en altitude, et relativement stable tout au long de l\u2019ann\u00e9e. Les journ\u00e9es sont chaudes (mais agr\u00e9ables) et ensoleill\u00e9es et les nuits plus fra\u00eeches.&nbsp;<\/p>\n\n\n\n<h2 class=\"wp-block-heading\">Quand partir au Kenya en fonction des activit\u00e9s<\/h2>\n\n\n\n<p>Le Kenya est une destination riche en d\u00e9couvertes. Repos sur les longues plages de sable blanc, plong\u00e9e sous-marine, randonn\u00e9es, safaris, visites culturelles, \u2026 Nombreuses sont les activit\u00e9s \u00e0 pratiquer au Kenya.&nbsp;<\/p>\n\n\n\n<p><strong>Pour savoir quand partir au Kenya , il vous faudra surtout d\u00e9cider ce que vous souhaitez y faire et dans quelle(s) r\u00e9gion(s) cela est possible.&nbsp;<\/strong><\/p>\n\n\n\n<p>\u00c0 titre d\u2019exemples, les meilleurs mois pour se rendre sur la c\u00f4te kenyane sont janvier, f\u00e9vrier et de juin \u00e0 septembre. Pour un safari au Kenya, la p\u00e9riode de No\u00ebl \u00e0 Mars est id\u00e9ale pour observer la faune sauvage, mais pour plus de tranquillit\u00e9 vous pouvez aussi choisir de partir \u00e0 la mi-saison en juin ou septembre\/octobre.&nbsp;<\/p>\n\n\n\n<p>Enfin, n&rsquo;oubliez pas que le climat au Kenya reste plut\u00f4t agr\u00e9able toute l\u2019ann\u00e9e donc n\u2019h\u00e9sitez pas \u00e0 combiner les r\u00e9gions et les activit\u00e9s m\u00eame hors saison.&nbsp;<\/p>\n","protected":false},"excerpt":{"rendered":"<p>Vous voulez faire un safari au Kenya et vous vous demandez quand partir ? Le Kenya b\u00e9n\u00e9ficie d\u2019un climat relativement agr\u00e9able tout au long de l\u2019ann\u00e9e, gr\u00e2ce \u00e0 sa situation g\u00e9ographique sur la c\u00f4te est du continent africain (et travers\u00e9 par l&rsquo;Equateur) . On distingue quatre saisons, mais le pays conna\u00eet aussi des microclimats variants &#8230; <a title=\"Quand partir au Kenya ?\" class=\"read-more\" href=\"https:\/\/mistersafari.com\/fr\/safari-kenya\/quand-partir\/\" aria-label=\"En savoir plus sur Quand partir au Kenya ?\">Lire la suite<\/a><\/p>\n","protected":false},"author":3,"featured_media":668,"parent":924,"menu_order":14,"comment_status":"closed","ping_status":"closed","template":"","meta":{"_acf_changed":false,"footnotes":""},"content_type":[],"country":[],"class_list":{"0":"post-196","1":"page","2":"type-page","3":"status-publish","4":"has-post-thumbnail","6":"no-featured-image-padding"},"acf":{"hreflang":[{"alternative_url":"https:\/\/mistersafari.com\/kenya\/info\/best-time-to-visit\/","language":"en"}]},"_links":{"self":[{"href":"https:\/\/mistersafari.com\/fr\/wp-json\/wp\/v2\/pages\/196","targetHints":{"allow":["GET"]}}],"collection":[{"href":"https:\/\/mistersafari.com\/fr\/wp-json\/wp\/v2\/pages"}],"about":[{"href":"https:\/\/mistersafari.com\/fr\/wp-json\/wp\/v2\/types\/page"}],"author":[{"embeddable":true,"href":"https:\/\/mistersafari.com\/fr\/wp-json\/wp\/v2\/users\/3"}],"replies":[{"embeddable":true,"href":"https:\/\/mistersafari.com\/fr\/wp-json\/wp\/v2\/comments?post=196"}],"version-history":[{"count":18,"href":"https:\/\/mistersafari.com\/fr\/wp-json\/wp\/v2\/pages\/196\/revisions"}],"predecessor-version":[{"id":6454,"href":"https:\/\/mistersafari.com\/fr\/wp-json\/wp\/v2\/pages\/196\/revisions\/6454"}],"up":[{"embeddable":true,"href":"https:\/\/mistersafari.com\/fr\/wp-json\/wp\/v2\/pages\/924"}],"wp:featuredmedia":[{"embeddable":true,"href":"https:\/\/mistersafari.com\/fr\/wp-json\/wp\/v2\/media\/668"}],"wp:attachment":[{"href":"https:\/\/mistersafari.com\/fr\/wp-json\/wp\/v2\/media?parent=196"}],"wp:term":[{"taxonomy":"content_type","embeddable":true,"href":"https:\/\/mistersafari.com\/fr\/wp-json\/wp\/v2\/content_type?post=196"},{"taxonomy":"country","embeddable":true,"href":"https:\/\/mistersafari.com\/fr\/wp-json\/wp\/v2\/country?post=196"}],"curies":[{"name":"wp","href":"https:\/\/api.w.org\/{rel}","templated":true}]}}