{"id":1937,"date":"2021-03-30T08:48:43","date_gmt":"2021-03-30T08:48:43","guid":{"rendered":"https:\/\/mistersafari.com\/fr\/?page_id=1937"},"modified":"2021-04-21T07:48:46","modified_gmt":"2021-04-21T07:48:46","slug":"voyage-de-noces","status":"publish","type":"page","link":"https:\/\/mistersafari.com\/fr\/safari-kenya\/voyage-de-noces\/","title":{"rendered":"Voyage de noces au Kenya"},"content":{"rendered":"\n<p>Le Kenya est une destination privil\u00e9gi\u00e9e pour un voyage de noces inoubliable. Entre exp\u00e9riences au milieu des animaux sauvages, d\u00e9couvertes culturelles et farniente sur les plages de sable blanc, suivez ce guide pour pr\u00e9parer votre voyage de noces au Kenya.<\/p>\n\n\n<div id=\"ez-toc-container\" class=\"ez-toc-v2_0_76 counter-flat ez-toc-counter ez-toc-custom ez-toc-container-direction\">\n<div class=\"ez-toc-title-container\"><p class=\"ez-toc-title\" style=\"cursor:inherit\">Sommaire<\/p>\n<\/div><nav><ul class='ez-toc-list ez-toc-list-level-1 ' ><li class='ez-toc-page-1'><a class=\"ez-toc-link ez-toc-heading-1\" href=\"https:\/\/mistersafari.com\/fr\/safari-kenya\/voyage-de-noces\/#un-voyage-de-noces-au-kenya-quel-interet\" >Un voyage de noces au Kenya : quel int\u00e9r\u00eat ?<\/a><\/li><li class='ez-toc-page-1'><a class=\"ez-toc-link ez-toc-heading-2\" href=\"https:\/\/mistersafari.com\/fr\/safari-kenya\/voyage-de-noces\/#quelles-activites-prevoir-pour-un-voyage-de-noces-inoubliable-au-kenya\" >Quelles activit\u00e9s pr\u00e9voir pour un voyage de noces inoubliable au Kenya ?<\/a><\/li><li class='ez-toc-page-1'><a class=\"ez-toc-link ez-toc-heading-3\" href=\"https:\/\/mistersafari.com\/fr\/safari-kenya\/voyage-de-noces\/#quand-partir-pour-un-voyage-de-noces-au-kenya\" >Quand partir pour un voyage de noces au Kenya ?<\/a><\/li><li class='ez-toc-page-1'><a class=\"ez-toc-link ez-toc-heading-4\" href=\"https:\/\/mistersafari.com\/fr\/safari-kenya\/voyage-de-noces\/#quel-budget-prevoir-pour-votre-voyage-de-noces-au-kenya\" >Quel budget pr\u00e9voir pour votre voyage de noces au Kenya ?<\/a><\/li><li class='ez-toc-page-1'><a class=\"ez-toc-link ez-toc-heading-5\" href=\"https:\/\/mistersafari.com\/fr\/safari-kenya\/voyage-de-noces\/#exemples-de-voyage-de-noces-au-kenya\" >Exemples de voyage de noces au Kenya<\/a><\/li><li class='ez-toc-page-1'><a class=\"ez-toc-link ez-toc-heading-6\" href=\"https:\/\/mistersafari.com\/fr\/safari-kenya\/voyage-de-noces\/#faq\" >FAQ<\/a><\/li><\/ul><\/nav><\/div>\n\n\n\n\n<h2 class=\"wp-block-heading\"><span class=\"ez-toc-section\" id=\"un-voyage-de-noces-au-kenya-quel-interet\"><\/span>Un voyage de noces au Kenya : quel int\u00e9r\u00eat ?<span class=\"ez-toc-section-end\"><\/span><\/h2>\n\n\n\n<p>Un safari au Kenya est un voyage extraordinaire. Il est pour beaucoup de voyageurs le r\u00eave d\u2019une vie. Quoi de mieux que de c\u00e9l\u00e9brer l\u2019une des plus grandes \u00e9tapes de votre vie qu\u2019un <a class=\"rank-math-link\" href=\"https:\/\/mistersafari.com\/fr\/safari-kenya\/\">safari au Kenya<\/a> ?&nbsp;<\/p>\n\n\n\n<p>Le Kenya regorge de merveilles aux quatre coins du pays, permettant de profiter d\u2019un s\u00e9jour vari\u00e9, riche et d\u00e9paysant \u00e0 souhait : savane, for\u00eat, villes, plage,&#8230; Il y en a pour tous les go\u00fbts ! Une lune de miel au Kenya est aussi l\u2019occasion de vivre des exp\u00e9riences hors du commun en amoureux : safari vu du ciel, d\u00e9couverte de traditions ancestrales, observation de spectacles de chasse en pleine savane, \u2026<\/p>\n\n\n\n<div class=\"wp-block-image\"><figure class=\"aligncenter size-large\"><img loading=\"lazy\" decoding=\"async\" width=\"1024\" height=\"678\" src=\"https:\/\/mk0mistersafarimcosm.kinstacdn.com\/wp-content\/uploads\/sites\/2\/lion-kenya-1024x678.jpg\" alt=\"voyage de noces au Kenya\" class=\"wp-image-1940\" srcset=\"https:\/\/mistersafari.com\/fr\/wp-content\/uploads\/sites\/2\/lion-kenya-1024x678.jpg 1024w, https:\/\/mistersafari.com\/fr\/wp-content\/uploads\/sites\/2\/lion-kenya-300x199.jpg 300w, https:\/\/mistersafari.com\/fr\/wp-content\/uploads\/sites\/2\/lion-kenya-768x509.jpg 768w, https:\/\/mistersafari.com\/fr\/wp-content\/uploads\/sites\/2\/lion-kenya.jpg 1200w\" sizes=\"auto, (max-width: 1024px) 100vw, 1024px\" \/><\/figure><\/div>\n\n\n\n<p>Vous l\u2019aurez compris, les possibilit\u00e9s sont nombreuses lors d\u2019un voyage au Kenya. Mais la premi\u00e8re raison qui pousse les jeunes mari\u00e9s \u00e0 r\u00e9aliser leur voyage de noces au Kenya, ce sont bien s\u00fbr les safaris !<\/p>\n\n\n\n<h2 class=\"wp-block-heading\"><span class=\"ez-toc-section\" id=\"quelles-activites-prevoir-pour-un-voyage-de-noces-inoubliable-au-kenya\"><\/span>Quelles activit\u00e9s pr\u00e9voir pour un voyage de noces inoubliable au Kenya ?<span class=\"ez-toc-section-end\"><\/span><\/h2>\n\n\n\n<p>Le safari est l\u2019activit\u00e9 phare du Kenya. Gr\u00e2ce \u00e0 ses nombreux <a href=\"https:\/\/mistersafari.com\/fr\/safari-kenya\/parcs-reserves\/\" class=\"rank-math-link\">parcs et r\u00e9serves<\/a>, un s\u00e9jour sous forme de <a href=\"https:\/\/mistersafari.com\/fr\/safari-kenya\/circuit\/\" class=\"rank-math-link\">circuit au Kenya<\/a> permet de partir \u00e0 la rencontre des plus grands animaux d\u2019Afrique. Selon vos pr\u00e9f\u00e9rences et votre budget, vous pourrez combiner des logements insolites haut de gamme et\/ou des h\u00e9bergements en camping au milieu de la brousse. De m\u00eame, certains jeunes mari\u00e9s choisissent de vivre l\u2019aventure en toute autonomie en <a href=\"https:\/\/mistersafari.com\/fr\/safari-kenya\/location-voiture\/\">louant leur propre v\u00e9hicule<\/a> alors que d\u2019autres optent pour un circuit sur-mesure avec transferts en avion-taxi pour plus de confort. Au Kenya, tout est possible !&nbsp;<\/p>\n\n\n\n<p>Les plus grands parcs et r\u00e9serves d\u2019animaux sauvages vous attendent :<\/p>\n\n\n\n<ul class=\"wp-block-list\"><li>la <a href=\"https:\/\/mistersafari.com\/fr\/safari-kenya\/parcs-reserves\/masai-mara\/\">R\u00e9serve de Masa\u00ef Mara<\/a> et son c\u00e9l\u00e8bre mouvement migratoire ;<\/li><li>l\u2019immense <a href=\"https:\/\/mistersafari.com\/fr\/safari-kenya\/parcs-reserves\/parc-tsavo-est-ouest\/\">Parc National de Tsavo<\/a> ;<\/li><li>le <a href=\"https:\/\/mistersafari.com\/fr\/safari-kenya\/parcs-reserves\/parc-amboseli\/\">Parc National Amboseli<\/a> avec sa vue sur le Kilimandjaro ;<\/li><li>la R\u00e9serve de Lewa Downs et ses rhinoc\u00e9ros ;<\/li><li>et encore bien d\u2019<a href=\"https:\/\/mistersafari.com\/fr\/safari-kenya\/parcs-reserves\/\">autres parcs et r\u00e9serves<\/a>.<\/li><\/ul>\n\n\n\n<div class=\"wp-block-image\"><figure class=\"aligncenter size-large\"><picture><source srcset=\"https:\/\/mistersafari.com\/fr\/wp-content\/uploads\/sites\/2\/girafe-kenya-1024x683.webp 1024w,https:\/\/mistersafari.com\/fr\/wp-content\/uploads\/sites\/2\/girafe-kenya-300x200.webp 300w,https:\/\/mistersafari.com\/fr\/wp-content\/uploads\/sites\/2\/girafe-kenya-768x512.webp 768w,https:\/\/mistersafari.com\/fr\/wp-content\/uploads\/sites\/2\/girafe-kenya.webp 1200w\" sizes=\"auto, (max-width: 1024px) 100vw, 1024px\" type=\"image\/webp\"><img src=\"https:\/\/mistersafari.com\/fr\/wp-content\/uploads\/sites\/2\/girafe-kenya-1024x683.jpg\" height=\"683\" width=\"1024\" srcset=\"https:\/\/mistersafari.com\/fr\/wp-content\/uploads\/sites\/2\/girafe-kenya-1024x683.jpg 1024w, https:\/\/mistersafari.com\/fr\/wp-content\/uploads\/sites\/2\/girafe-kenya-300x200.jpg 300w, https:\/\/mistersafari.com\/fr\/wp-content\/uploads\/sites\/2\/girafe-kenya-768x512.jpg 768w, https:\/\/mistersafari.com\/fr\/wp-content\/uploads\/sites\/2\/girafe-kenya.jpg 1200w\" sizes=\"auto, (max-width: 1024px) 100vw, 1024px\" class=\"wp-image-1747 sp-no-webp\" alt=\"girafe kenya\" loading=\"lazy\" decoding=\"async\"  > <\/picture><\/figure><\/div>\n\n\n\n<p>Au-del\u00e0 des safaris, un voyage de noces au Kenya peut \u00eatre agr\u00e9ment\u00e9 de nombreuses autres activit\u00e9s.&nbsp;<\/p>\n\n\n\n<p>Comme nous l\u2019\u00e9voquions pr\u00e9c\u00e9demment, des safaris en montgolfi\u00e8re sont organis\u00e9s (dans la <a href=\"https:\/\/mistersafari.com\/fr\/safari-kenya\/parcs-reserves\/masai-mara\/\">R\u00e9serve de Masa\u00ef Mara<\/a> notamment) offrant une fa\u00e7on originale et insolite d\u2019observer la faune. De nombreux lieux vous permettent de d\u00e9couvrir la culture et les traditions locales : visite d\u2019un village Masa\u00ef, exploration de villes comme Nairobi ou Lamu, d\u00e9couverte de l\u2019artisanat swahili, \u2026&nbsp;<\/p>\n\n\n\n<p>Les plus sportifs seront servis avec de nombreuses randonn\u00e9es (notamment pour atteindre le sommet du Mont Kenya !), des balades \u00e0 cheval, en kayak, en bateau, de la p\u00eache, de la plong\u00e9e, \u2026 Une derni\u00e8re halte sur la c\u00f4te k\u00e9nyane de l\u2019Oc\u00e9an Indien ou parmi l\u2019Archipel de Lamu est d\u2019ailleurs souvent le choix que font les voyageurs en lune de miel au Kenya. D\u2019autres s\u2019aventurent jusqu\u2019\u00e0 <a class=\"rank-math-link\" href=\"https:\/\/mistersafari.com\/fr\/safari-tanzanie\/zanzibar\/\">Zanzibar<\/a> ou profitent m\u00eame d\u2019un voyage de noces combin\u00e9 Kenya-Seychelles. Quelques jours de farniente sur les <a href=\"https:\/\/mistersafari.com\/fr\/safari-kenya\/plages\/\" class=\"rank-math-link\">plages de sable blanc du Kenya<\/a>, face aux eaux turquoises de l\u2019Oc\u00e9an Indien cloturent \u00e0 la perfection un safari au Kenya !<\/p>\n\n\n\n<h2 class=\"wp-block-heading\"><span class=\"ez-toc-section\" id=\"quand-partir-pour-un-voyage-de-noces-au-kenya\"><\/span>Quand partir pour un voyage de noces au Kenya ?<span class=\"ez-toc-section-end\"><\/span><\/h2>\n\n\n\n<p>Pour faire un safari au Kenya pour votre voyage de noces, la meilleure p\u00e9riode est pendant l\u2019hiver. De juillet \u00e0 octobre, c\u2019est la saison s\u00e8che. Les herbes sont rases et les points d\u2019eau se font plus rares. Le climat est aussi le plus agr\u00e9able, avec des temp\u00e9ratures chaudes mais cl\u00e9mentes, id\u00e9al pour un s\u00e9jour baln\u00e9aire.&nbsp;<\/p>\n\n\n\n<p><strong>Pour aller plus loin : <\/strong><a href=\"https:\/\/mistersafari.com\/fr\/safari-kenya\/quand-partir\/\"><strong>Quand partir au Kenya ?<\/strong><\/a><strong>&nbsp;<\/strong><\/p>\n\n\n\n<h2 class=\"wp-block-heading\"><span class=\"ez-toc-section\" id=\"quel-budget-prevoir-pour-votre-voyage-de-noces-au-kenya\"><\/span>Quel budget pr\u00e9voir pour votre voyage de noces au Kenya ?<span class=\"ez-toc-section-end\"><\/span><\/h2>\n\n\n\n<p>Il est difficile de donner une estimation du budget d\u2019un voyage de noces au Kenya. En effet, le <a href=\"https:\/\/mistersafari.com\/fr\/safari-kenya\/prix\/\" class=\"rank-math-link\">prix d\u2019un safari au Kenya<\/a> repose sur de nombreux facteurs, comme la p\u00e9riode du voyage, le niveau des prestations d\u2019h\u00e9bergement, du transport et des activit\u00e9s, la dur\u00e9e du s\u00e9jour, etc\u2026<\/p>\n\n\n<div class=\"gb-container gb-container-8cc1ba80\"><div class=\"gb-inside-container\">\n<div class=\"gb-grid-wrapper gb-grid-wrapper-e0bc1c85\">\n<div class=\"gb-grid-column gb-grid-column-d873f923\"><div class=\"gb-container gb-container-d873f923\"><div class=\"gb-inside-container\">\n\n<div class=\"gb-headline gb-headline-974fb64d gb-headline-text\">Trouvez les meilleures offres pour votre Safari<\/div>\n\n\n\n<p class=\"gb-headline gb-headline-8fabdb11 gb-headline-text\">Mister Safari vous aide \u00e0 trouver les meilleurs prix et prestataires pour organiser le safari de vos r\u00eaves<\/p>\n\n\n<div class=\"gb-button-wrapper gb-button-wrapper-c8a43616\">\n\n<a class=\"gb-button gb-button-c1c54722 gb-button-text\" href=\"https:\/\/mistersafari.com\/fr\/demande-devis\/\">Obtenir un devis gratuit<\/a>\n\n<\/div>\n<\/div><\/div><\/div>\n<\/div>\n<\/div><\/div>\n\n\n<p>R\u00e9aliser un voyage de noce au Kenya avec un budget limit\u00e9 est possible. Il faudra alors opter pour un h\u00e9bergement en camping, r\u00e9aliser vos d\u00e9placements en autonomie et privil\u00e9gier un voyage en p\u00e9riode de basse saison. Dans ce cas, un tarif de 4000 \u00e0 5000\u20ac pour deux est envisageable. Au contraire, un voyage de noce de luxe au Kenya sera compos\u00e9 d\u2019h\u00e9bergements en logement 5 \u00e9toiles, de transferts et de safaris avec un chauffeur-guide priv\u00e9 et de nombreuses activit\u00e9s. Les tarifs peuvent aller jusqu\u2019\u00e0 15 000\u20ac pour deux pour un voyage inoubliable.<\/p>\n\n\n\n<h2 class=\"wp-block-heading\"><span class=\"ez-toc-section\" id=\"exemples-de-voyage-de-noces-au-kenya\"><\/span>Exemples de voyage de noces au Kenya<span class=\"ez-toc-section-end\"><\/span><\/h2>\n\n\n\n<h3 class=\"wp-block-heading\">Circuit safari 10 jours<\/h3>\n\n\n\n<p>Voici un exemple de circuit pour un voyage de noces au Kenya vous emmenant visiter les plus belles r\u00e9gions du pays :<\/p>\n\n\n\n<ul class=\"wp-block-list\"><li>Jour 1 : Arriv\u00e9e \u00e0 Nairobi et transfert vers Masa\u00ef Mara<\/li><li>Jour 2 et 3 : Safaris dans la R\u00e9serve de Masa\u00ef Mara&nbsp;<\/li><li>Jour 4 : Transfert vers la Lac Naivasha et safari en fin d\u2019apr\u00e8s-midi<\/li><li>Jour 5 : Transfert vers le Mont Kenya et safari en fin d\u2019apr\u00e8s-midi<\/li><li>Jour 6 : Safari dans le Parc National du Mont Kenya<\/li><li>Jour 7 : Transfert vers le Parc d\u2019Amboseli avec une visite de l\u2019orphelinat des \u00e9l\u00e9phanteaux de Sheldrick \u00e0 Nairobi<\/li><li>Jour 8 et 9 : Safaris dans le Parc d\u2019Amboseli<\/li><li>Jours 10 : Retour \u00e0 Nairobi et d\u00e9part<\/li><\/ul>\n\n\n\n<h3 class=\"wp-block-heading\">Combin\u00e9 Kenya Seychelles<\/h3>\n\n\n\n<p>Pour ceux qui souhaiteraient vivre l\u2019aventure des safaris au Kenya puis profiter de quelques jours de repos en bord de mer, voici un exemple de circuit combinant le Kenya et les Seychelles :<\/p>\n\n\n\n<ul class=\"wp-block-list\"><li>Jour 1 : Arriv\u00e9e \u00e0 Nairobi et transfert vers la R\u00e9serve de Samburu<\/li><li>Jour 2 et 3 : Safaris dans la R\u00e9serve de Samburu et transfert vers le Parc National d\u2019Aberdare<\/li><li>Jour 4 : Safaris dans le Parc National d\u2019Aberdare&nbsp;<\/li><li>Jour 5 : Safari matinal dans le Parc National d\u2019Aberdare et transfert vers la R\u00e9serve de Masa\u00ef Mara<\/li><li>Jour 6 et 7 : Safaris dans la R\u00e9serve de Masa\u00ef Mara&nbsp;<\/li><li>Jour 8 : Transfert vers le Parc National de Tsavo<\/li><li>Jour 9 et 10 :Safaris dans le Parc National de Tsavo<\/li><li>Jour 10 : Retour vers Nairobi et transfert vers l\u2019Archipel des Seychelles<\/li><li>Jour 11 \u00e0 13 : S\u00e9jour sur l\u2019Archipel des Seychelles<\/li><li>Jour 14 : D\u00e9part&nbsp;<\/li><\/ul>\n\n\n\n<div class=\"wp-block-image\"><figure class=\"aligncenter size-large\"><picture><source srcset=\"https:\/\/mistersafari.com\/fr\/wp-content\/uploads\/sites\/2\/plages-kenya-1024x682.webp 1024w,https:\/\/mistersafari.com\/fr\/wp-content\/uploads\/sites\/2\/plages-kenya-300x200.webp 300w,https:\/\/mistersafari.com\/fr\/wp-content\/uploads\/sites\/2\/plages-kenya-768x511.webp 768w,https:\/\/mistersafari.com\/fr\/wp-content\/uploads\/sites\/2\/plages-kenya.webp 1200w\" sizes=\"auto, (max-width: 1024px) 100vw, 1024px\" type=\"image\/webp\"><img src=\"https:\/\/mistersafari.com\/fr\/wp-content\/uploads\/sites\/2\/plages-kenya-1024x682.jpg\" height=\"682\" width=\"1024\" srcset=\"https:\/\/mistersafari.com\/fr\/wp-content\/uploads\/sites\/2\/plages-kenya-1024x682.jpg 1024w, https:\/\/mistersafari.com\/fr\/wp-content\/uploads\/sites\/2\/plages-kenya-300x200.jpg 300w, https:\/\/mistersafari.com\/fr\/wp-content\/uploads\/sites\/2\/plages-kenya-768x511.jpg 768w, https:\/\/mistersafari.com\/fr\/wp-content\/uploads\/sites\/2\/plages-kenya.jpg 1200w\" sizes=\"auto, (max-width: 1024px) 100vw, 1024px\" class=\"wp-image-1945 sp-no-webp\" alt=\"plages kenya\" loading=\"lazy\" decoding=\"async\"  > <\/picture><\/figure><\/div>\n\n\n\n<h2 class=\"wp-block-heading\"><span class=\"ez-toc-section\" id=\"faq\"><\/span>FAQ<span class=\"ez-toc-section-end\"><\/span><\/h2>\n\n\n<div id=\"rank-math-faq\" class=\"rank-math-block\">\n<div class=\"rank-math-list \">\n<div id=\"faq-question-1617093013833\" class=\"rank-math-list-item\">\n<h3 class=\"rank-math-question \">Que faire pendant un voyage de noces au Kenya ?\u00a0<\/h3>\n<div class=\"rank-math-answer \">\n\n<p>Un voyage de noces au Kenya est l\u2019occasion de r\u00e9aliser de nombreux safaris parmi les plus beaux parcs et r\u00e9serves du continent, de d\u00e9couvrir la culture locale, de profiter de quelques jours au bord de l\u2019Oc\u00e9an ou encore de s\u2019initier \u00e0 de nombreuses activit\u00e9s sportives.\u00a0<\/p>\n\n<\/div>\n<\/div>\n<div id=\"faq-question-1617093017965\" class=\"rank-math-list-item\">\n<h3 class=\"rank-math-question \">Combien co\u00fbte un voyage de noces au Kenya ?\u00a0<\/h3>\n<div class=\"rank-math-answer \">\n\n<p>Le prix d\u2019un voyage de noces au Kenya d\u00e9pend surtout du niveau de prestations que vous souhaitez. Il est possible de r\u00e9aliser un voyage de noces au avec un budget limit\u00e9, tout comme on peut profiter d\u2019un <a href=\"https:\/\/mistersafari.com\/fr\/safari-kenya\/luxe\/\">safari de luxe au Kenya<\/a>.<\/p>\n\n<\/div>\n<\/div>\n<div id=\"faq-question-1617093024861\" class=\"rank-math-list-item\">\n<h3 class=\"rank-math-question \">Quand partir pour un voyage de noces au Kenya ?<\/h3>\n<div class=\"rank-math-answer \">\n\n<p>La meilleure p\u00e9riode pour r\u00e9aliser un voyage de noces safari au Kenya est entre juillet et octobre. Pendant cette saison s\u00e8che, les animaux sont plus facilement observables et le climat est tr\u00e8s agr\u00e9able.\u00a0<\/p>\n\n<\/div>\n<\/div>\n<\/div>\n<\/div>","protected":false},"excerpt":{"rendered":"<p>Le Kenya est une destination privil\u00e9gi\u00e9e pour un voyage de noces inoubliable. Entre exp\u00e9riences au milieu des animaux sauvages, d\u00e9couvertes culturelles et farniente sur les plages de sable blanc, suivez ce guide pour pr\u00e9parer votre voyage de noces au Kenya. Un voyage de noces au Kenya : quel int\u00e9r\u00eat ? Un safari au Kenya est &#8230; <a title=\"Voyage de noces au Kenya\" class=\"read-more\" href=\"https:\/\/mistersafari.com\/fr\/safari-kenya\/voyage-de-noces\/\" aria-label=\"En savoir plus sur Voyage de noces au Kenya\">Lire la suite<\/a><\/p>\n","protected":false},"author":3,"featured_media":1963,"parent":924,"menu_order":4,"comment_status":"closed","ping_status":"closed","template":"","meta":{"_acf_changed":false,"footnotes":""},"content_type":[],"country":[],"class_list":{"0":"post-1937","1":"page","2":"type-page","3":"status-publish","4":"has-post-thumbnail","6":"no-featured-image-padding"},"acf":{"hreflang":null},"_links":{"self":[{"href":"https:\/\/mistersafari.com\/fr\/wp-json\/wp\/v2\/pages\/1937","targetHints":{"allow":["GET"]}}],"collection":[{"href":"https:\/\/mistersafari.com\/fr\/wp-json\/wp\/v2\/pages"}],"about":[{"href":"https:\/\/mistersafari.com\/fr\/wp-json\/wp\/v2\/types\/page"}],"author":[{"embeddable":true,"href":"https:\/\/mistersafari.com\/fr\/wp-json\/wp\/v2\/users\/3"}],"replies":[{"embeddable":true,"href":"https:\/\/mistersafari.com\/fr\/wp-json\/wp\/v2\/comments?post=1937"}],"version-history":[{"count":9,"href":"https:\/\/mistersafari.com\/fr\/wp-json\/wp\/v2\/pages\/1937\/revisions"}],"predecessor-version":[{"id":4085,"href":"https:\/\/mistersafari.com\/fr\/wp-json\/wp\/v2\/pages\/1937\/revisions\/4085"}],"up":[{"embeddable":true,"href":"https:\/\/mistersafari.com\/fr\/wp-json\/wp\/v2\/pages\/924"}],"wp:featuredmedia":[{"embeddable":true,"href":"https:\/\/mistersafari.com\/fr\/wp-json\/wp\/v2\/media\/1963"}],"wp:attachment":[{"href":"https:\/\/mistersafari.com\/fr\/wp-json\/wp\/v2\/media?parent=1937"}],"wp:term":[{"taxonomy":"content_type","embeddable":true,"href":"https:\/\/mistersafari.com\/fr\/wp-json\/wp\/v2\/content_type?post=1937"},{"taxonomy":"country","embeddable":true,"href":"https:\/\/mistersafari.com\/fr\/wp-json\/wp\/v2\/country?post=1937"}],"curies":[{"name":"wp","href":"https:\/\/api.w.org\/{rel}","templated":true}]}}