{"id":1922,"date":"2021-03-30T08:10:48","date_gmt":"2021-03-30T08:10:48","guid":{"rendered":"https:\/\/mistersafari.com\/fr\/?page_id=1922"},"modified":"2021-09-27T14:22:43","modified_gmt":"2021-09-27T14:22:43","slug":"prix","status":"publish","type":"page","link":"https:\/\/mistersafari.com\/fr\/safari-botswana\/prix\/","title":{"rendered":"Prix d&rsquo;un safari au Botswana"},"content":{"rendered":"\n<p>Souvent r\u00e9put\u00e9 pour \u00eatre une destination luxueuse pour un safari, le Botswana reste un pays tr\u00e8s pr\u00e9serv\u00e9 et sauvage. Le prix d\u2019un safari au Botswana s&rsquo;en retrouve alors justifi\u00e9, compte tenu de la qualit\u00e9 du voyage. Comment est constitu\u00e9 le prix d\u2019un safari au Botswana ? Peut-on y voyager avec un petit budget ?&nbsp;<\/p>\n\n\n<div id=\"ez-toc-container\" class=\"ez-toc-v2_0_76 counter-flat ez-toc-counter ez-toc-custom ez-toc-container-direction\">\n<div class=\"ez-toc-title-container\"><p class=\"ez-toc-title\" style=\"cursor:inherit\">Sommaire<\/p>\n<\/div><nav><ul class='ez-toc-list ez-toc-list-level-1 ' ><li class='ez-toc-page-1'><a class=\"ez-toc-link ez-toc-heading-1\" href=\"https:\/\/mistersafari.com\/fr\/safari-botswana\/prix\/#les-elements-qui-influencent-le-prix-dun-safari-au-botswana\" >Les \u00e9l\u00e9ments qui influencent le prix d\u2019un safari au Botswana<\/a><\/li><li class='ez-toc-page-1'><a class=\"ez-toc-link ez-toc-heading-2\" href=\"https:\/\/mistersafari.com\/fr\/safari-botswana\/prix\/#quel-budget-global-prevoir-pour-un-voyage-au-botswana\" >Quel budget global pr\u00e9voir pour un voyage au Botswana ?<\/a><\/li><li class='ez-toc-page-1'><a class=\"ez-toc-link ez-toc-heading-3\" href=\"https:\/\/mistersafari.com\/fr\/safari-botswana\/prix\/#un-safari-au-botswana-pas-cher-cest-possible\" >Un Safari au Botswana pas cher, c\u2019est possible ?<\/a><\/li><li class='ez-toc-page-1'><a class=\"ez-toc-link ez-toc-heading-4\" href=\"https:\/\/mistersafari.com\/fr\/safari-botswana\/prix\/#pour-resumer-le-prix-moyen-dun-safari-au-botswana\" >Pour r\u00e9sumer : le prix moyen d\u2019un safari au Botswana<\/a><\/li><li class='ez-toc-page-1'><a class=\"ez-toc-link ez-toc-heading-5\" href=\"https:\/\/mistersafari.com\/fr\/safari-botswana\/prix\/#faq\" >FAQ<\/a><\/li><\/ul><\/nav><\/div>\n\n\n\n\n<h2 class=\"wp-block-heading\"><span class=\"ez-toc-section\" id=\"les-elements-qui-influencent-le-prix-dun-safari-au-botswana\"><\/span><strong>Les \u00e9l\u00e9ments qui influencent le prix d\u2019un safari au Botswana<\/strong><span class=\"ez-toc-section-end\"><\/span><\/h2>\n\n\n\n<h3 class=\"wp-block-heading\"><strong>Le vol pour le Botswana<\/strong><\/h3>\n\n\n\n<p>Premi\u00e8re \u00e9tape dans l&rsquo;organisation de votre <a href=\"https:\/\/mistersafari.com\/fr\/safari-botswana\/\" data-type=\"page\" data-id=\"1772\">voyage au Botswana<\/a> : la r\u00e9servation du vol. Il n\u2019existe pas de vol direct entre la France et le Botswana.\u00a0<\/p>\n\n\n\n<p class=\"callout-blue\">Il faudra donc faire escale en Afrique du Sud, \u00e0 Johannesburg, avant de rejoindre Gaborone, la capitale du Botswana.<\/p>\n\n\n\n<p>Notamment du fait de l\u2019escale, les vols pour le Botswana sont plus chers que la plupart des vols desservant les pays safaris africains par liaison directe (<a href=\"https:\/\/mistersafari.com\/fr\/safari-kenya\/\" class=\"rank-math-link\">Kenya<\/a>, <a href=\"https:\/\/mistersafari.com\/fr\/safari-tanzanie\/\" class=\"rank-math-link\">Tanzanie <\/a>ou <a href=\"https:\/\/mistersafari.com\/fr\/safari-afrique-du-sud\/\" class=\"rank-math-link\">Afrique du Sud<\/a>). Les prix des vols France &#8211; Botswana varient en fonction des dates du s\u00e9jour et de la compagnie a\u00e9rienne choisie.<\/p>\n\n\n\n<h3 class=\"wp-block-heading\"><strong>Le transport sur place<\/strong><\/h3>\n\n\n\n<p>Lors d\u2019un safari au Botswana, plusieurs solutions de transport existent sur place mais n\u2019offrent pas du tout la m\u00eame exp\u00e9rience aux voyageurs. Certains optent pour des transferts en avion afin d\u2019acc\u00e9der rapidement aux r\u00e9serves et concessions priv\u00e9es particuli\u00e8rement isol\u00e9es (c\u2019est d\u2019ailleurs souvent le seul moyen d\u2019y acc\u00e9der). C\u2019est la version la plus luxueuse.<\/p>\n\n\n\n<p>D\u2019autres choisissent de louer leur propre v\u00e9hicule et d\u2019emprunter les routes et chemins des parcs nationaux. Ils sont alors plus limit\u00e9s en termes de couverture du territoire, mais c\u2019est un p\u00e9riple bien plus abordable et tout aussi proche de la nature.&nbsp;Il faudra trouver le juste \u00e9quilibre entre votre budget et le safari dont vous r\u00eavez.&nbsp;<\/p>\n\n\n\n<h3 class=\"wp-block-heading\"><strong>Les h\u00e9bergements<\/strong><\/h3>\n\n\n\n<p>Encore une fois, les h\u00e9bergements au Botswana vont souvent de pair avec le moyen de transport que vous utilisez et vice-versa. Dans la lign\u00e9e de leur politique de tourisme ma\u00eetris\u00e9, l\u2019offre d&rsquo;h\u00e9bergement au Botswana est globalement plus limit\u00e9e que dans d\u2019autres pays d\u2019Afrique.<\/p>\n\n\n<div class=\"gb-container gb-container-8cc1ba80\"><div class=\"gb-inside-container\">\n<div class=\"gb-grid-wrapper gb-grid-wrapper-e0bc1c85\">\n<div class=\"gb-grid-column gb-grid-column-d873f923\"><div class=\"gb-container gb-container-d873f923\"><div class=\"gb-inside-container\">\n\n<div class=\"gb-headline gb-headline-974fb64d gb-headline-text\">Trouvez les meilleures offres pour votre Safari<\/div>\n\n\n\n<p class=\"gb-headline gb-headline-8fabdb11 gb-headline-text\">Mister Safari vous aide \u00e0 trouver les meilleurs prix et prestataires pour organiser le safari de vos r\u00eaves<\/p>\n\n\n<div class=\"gb-button-wrapper gb-button-wrapper-c8a43616\">\n\n<a class=\"gb-button gb-button-c1c54722 gb-button-text\" href=\"https:\/\/mistersafari.com\/fr\/demande-devis\/\">Obtenir un devis gratuit<\/a>\n\n<\/div>\n<\/div><\/div><\/div>\n<\/div>\n<\/div><\/div>\n\n\n<p>Vous pouvez \u00eatre log\u00e9 dans des lodges luxueux, au c\u0153ur des parcs et r\u00e9serves, dont l\u2019acc\u00e8s est uniquement possible en transfert par avion organis\u00e9 par le lodge. A l\u2019inverse, si vous disposez de votre propre v\u00e9hicule, vous serez amen\u00e9 \u00e0 \u00eatre h\u00e9berg\u00e9 dans les logements aux abords ou \u00e0 l\u2019int\u00e9rieur des parcs nationaux uniquement. Tout va d\u00e9pendre de votre budget et des r\u00e9gions que vous souhaitez visiter.<\/p>\n\n\n\n<h3 class=\"wp-block-heading\"><strong>La nourriture<\/strong><\/h3>\n\n\n\n<p>Les supermarch\u00e9s pratiquent des prix assez semblables \u00e0 ceux de la France. Il y a peu de restaurants au Botswana, en dehors de ceux g\u00e9r\u00e9s par les lodges. Mais les prix des repas en lodge sont relativement chers, ou en tout cas en accord avec le tarif de l\u2019h\u00e9bergement lui-m\u00eame.&nbsp;<\/p>\n\n\n\n<h3 class=\"wp-block-heading\"><strong>Les parcs et r\u00e9serves<\/strong><\/h3>\n\n\n\n<p>L\u2019entr\u00e9e des parcs nationaux au Botswana est payante. Selon le nombre de voyageurs et le nombre de jours de visite, la facture peut vite grimper. Les tarifs s\u2019appliquent par tranche de 24h et les v\u00e9hicules et guides sont aussi payants.&nbsp;<\/p>\n\n\n\n<p>Les tarifs sont disponibles sur internet et vous pouvez ainsi estimer le budget en fonction de votre circuit safari au Botswana.&nbsp;<\/p>\n\n\n\n<figure class=\"wp-block-image size-large\"><img loading=\"lazy\" decoding=\"async\" width=\"1024\" height=\"682\" src=\"https:\/\/mk0mistersafarimcosm.kinstacdn.com\/wp-content\/uploads\/sites\/2\/lion-botswana-1024x682.jpg\" alt=\"\" class=\"wp-image-1931\" srcset=\"https:\/\/mistersafari.com\/fr\/wp-content\/uploads\/sites\/2\/lion-botswana-1024x682.jpg 1024w, https:\/\/mistersafari.com\/fr\/wp-content\/uploads\/sites\/2\/lion-botswana-300x200.jpg 300w, https:\/\/mistersafari.com\/fr\/wp-content\/uploads\/sites\/2\/lion-botswana-768x511.jpg 768w, https:\/\/mistersafari.com\/fr\/wp-content\/uploads\/sites\/2\/lion-botswana.jpg 1200w\" sizes=\"auto, (max-width: 1024px) 100vw, 1024px\" \/><\/figure>\n\n\n\n<h3 class=\"wp-block-heading\"><strong>Les autres activit\u00e9s<\/strong><\/h3>\n\n\n\n<p>M\u00eame si l\u2019objet principal de votre voyage au Botswana est le safari, vous serez s\u00fbrement amen\u00e9 \u00e0 d\u00e9couvrir d&rsquo;autres activit\u00e9s. Les tarifs sont g\u00e9n\u00e9ralement moins \u00e9lev\u00e9s qu\u2019en France, mais le type d\u2019activit\u00e9 fait qu\u2019il faudra malgr\u00e9 tout l\u2019estimer dans votre budget global. On pense notamment \u00e0 un vol en Montgolfi\u00e8re au-dessus du <a href=\"https:\/\/mistersafari.com\/fr\/safari-botswana\/parcs-reserves\/delta-okavango\/\" data-type=\"page\" data-id=\"3081\">Delta de l&rsquo;Okavango<\/a> ou encore une excursion aux Chutes Victoria.\u00a0<\/p>\n\n\n\n<h3 class=\"wp-block-heading\"><strong>Les autres d\u00e9penses<\/strong><\/h3>\n\n\n\n<p>Essence, pourboires, souvenirs viennent aussi impacter votre budget et sont \u00e0 pr\u00e9voir.&nbsp;<\/p>\n\n\n\n<h2 class=\"wp-block-heading\"><span class=\"ez-toc-section\" id=\"quel-budget-global-prevoir-pour-un-voyage-au-botswana\"><\/span><strong>Quel budget global pr\u00e9voir pour un voyage au Botswana ?<\/strong><span class=\"ez-toc-section-end\"><\/span><\/h2>\n\n\n\n<h3 class=\"wp-block-heading\"><strong>Les transports<\/strong><\/h3>\n\n\n\n<p>Pour un vol vers le Botswana au d\u00e9part de la France, il faudra compter environ 900\u20ac\/personne. Mais les prix peuvent varier en fonction de diff\u00e9rents \u00e9l\u00e9ments, et notamment la p\u00e9riode \u00e0 laquelle vous partez. En p\u00e9riode haute, les tarifs augmentent fortement.&nbsp;<\/p>\n\n\n\n<p>Sur place, cela va d\u00e9pendre de l\u2019option choisie.&nbsp;<\/p>\n\n\n\n<p><strong>Le budget transport peut passer du simple au triple selon si vous optez pour la location de v\u00e9hicule ou les transferts en avion.&nbsp;<\/strong><\/p>\n\n\n\n<p>Il faut compter au minimum 100\u20ac\/jour pour un 4&#215;4 classique avec l\u2019assurance de base. Les prix augmentent ensuite si vous choisissez un v\u00e9hicule avec une tente de toit par exemple. Si vous \u00eates h\u00e9berg\u00e9 en lodges, il est fort probable qu\u2019ils se chargent aussi de votre transport. Le prix est souvent inclus dans le logement. Pour les autres transferts par avion, les tarifs varient en fonction des liaisons.&nbsp;<\/p>\n\n\n\n<h3 class=\"wp-block-heading\"><strong>L\u2019h\u00e9bergement et la nourriture<\/strong><\/h3>\n\n\n\n<p>Ici aussi, les tarifs sont incomparables selon le logement choisi. Comptez quelques dizaines d\u2019euros pour une nuit en camping (m\u00eame si cela reste plus cher que dans d&rsquo;autres <a href=\"https:\/\/mistersafari.com\/fr\/safari-afrique\/\" class=\"rank-math-link\">pays pour faire un safari en Afrique<\/a>) et plusieurs centaines d\u2019euros (voire plus de 1000\u20ac) par nuit pour un h\u00e9bergement en lodge.&nbsp;<\/p>\n\n\n\n<p>Dans le premier cas, vous organisez vous-m\u00eame vos repas en faisant vos courses au supermarch\u00e9. Dans le cas des lodges, les repas sont g\u00e9n\u00e9ralement inclus dans le prix.&nbsp;<\/p>\n\n\n\n<h3 class=\"wp-block-heading\"><strong>Les activit\u00e9s sur place<\/strong><\/h3>\n\n\n\n<p>Contrairement \u00e0 ce que l\u2019on pourrait penser, le Botswana ne pratique pas des prix notablement \u00e9lev\u00e9s pour visiter ses parcs nationaux. Il faudra compter environ 10\u20ac\/jour\/personne (120 Pulas) pour visiter la majorit\u00e9 des parcs nationaux du Botswana.&nbsp;<\/p>\n\n\n\n<p>L\u2019acc\u00e8s aux r\u00e9serves priv\u00e9es et aux concessions est r\u00e9serv\u00e9 aux voyageurs qui s\u00e9journent dans le lodge. Le prix inclut donc l\u2019entr\u00e9e dans la concession et les game drives.&nbsp;<\/p>\n\n\n\n<h2 class=\"wp-block-heading\"><span class=\"ez-toc-section\" id=\"un-safari-au-botswana-pas-cher-cest-possible\"><\/span><strong>Un Safari au Botswana pas cher, c\u2019est possible ?<\/strong><span class=\"ez-toc-section-end\"><\/span><\/h2>\n\n\n\n<p>Le Botswana pratique un tourisme s\u00e9lectif. Les prix pratiqu\u00e9s, surtout par les h\u00e9bergements, sont \u00e9lev\u00e9s. Il existe cependant des astuces pour r\u00e9aliser un safari pas cher au Botswana :<\/p>\n\n\n\n<ul class=\"wp-block-list\"><li>organisez votre circuit vous-m\u00eame ;<\/li><li>dormez en camping en louant un v\u00e9hicule 4&#215;4 avec tente sur le toit ;<\/li><li>r\u00e9alisez vos safaris en self-drive ;<\/li><li>pr\u00e9parez vos repas et \u00e9vitez de manger au restaurant ;<\/li><li>limitez les activit\u00e9s autres que le safari.&nbsp;<\/li><\/ul>\n\n\n\n<p>Pour respecter votre budget pour un safari au Botswana, il va falloir faire des choix. Mais peu importe le type de voyage que vous pr\u00e9voyez, vous en prendrez plein les yeux !&nbsp;<\/p>\n\n\n\n<h2 class=\"wp-block-heading\"><span class=\"ez-toc-section\" id=\"pour-resumer-le-prix-moyen-dun-safari-au-botswana\"><\/span><strong>Pour r\u00e9sumer : le prix moyen d\u2019un safari au Botswana<\/strong><span class=\"ez-toc-section-end\"><\/span><\/h2>\n\n\n\n<p>Difficile de donner un prix moyen pour un safari au Botswana. Comme vous l\u2019aurez compris, le Botswana est l\u2019un des pays o\u00f9 il est possible d\u2019organiser des safaris aux budgets diam\u00e9tralement oppos\u00e9s.&nbsp;<\/p>\n\n\n\n<p>Voici donc deux exemples de voyage au Botswana.&nbsp;<\/p>\n\n\n\n<p>Pour un safari pas cher au Botswana, qui comprend :<\/p>\n\n\n\n<ul class=\"wp-block-list\"><li>les vols internationaux ;<\/li><li>la location d\u2019un 4&#215;4 avec tente sur le toit ;<\/li><li>l\u2019h\u00e9bergement en campings ;<\/li><li>l\u2019entr\u00e9e dans les parcs pour les game drives en autonomie ;<\/li><li>les repas ;<\/li><\/ul>\n\n\n\n<p>Il faudra compter au minimum 400\u20ac\/jour\/personne sur la base d\u2019un s\u00e9jour de 10 jours sur place \u00e0 deux.&nbsp;<\/p>\n\n\n\n<p>Pour un safari de luxe au Botswana, qui comprend :<\/p>\n\n\n\n<ul class=\"wp-block-list\"><li>les vols internationaux et transferts ;<\/li><li>les transferts en avion ou avec chauffeur priv\u00e9 ;<\/li><li>l\u2019h\u00e9bergement en lodges priv\u00e9s ;<\/li><li>les game drives guid\u00e9s ;<\/li><li>les repas ;<\/li><\/ul>\n\n\n\n<p>Il faudra compter au minimum 1100\u20ac\/jour\/personne sur la base d\u2019un s\u00e9jour de 10 jours sur place \u00e0 deux.&nbsp;<\/p>\n\n\n\n<p>Ces tarifs sont donn\u00e9s \u00e0 titre indicatif et peuvent nettement varier en fonction des conditions de voyage.&nbsp;<\/p>\n\n\n\n<h2 class=\"wp-block-heading\"><span class=\"ez-toc-section\" id=\"faq\"><\/span><strong>FAQ<\/strong><span class=\"ez-toc-section-end\"><\/span><\/h2>\n\n\n<div id=\"rank-math-faq\" class=\"rank-math-block\">\n<div class=\"rank-math-list \">\n<div id=\"faq-question-1617091316994\" class=\"rank-math-list-item\">\n<h3 class=\"rank-math-question \"><strong>Combien co\u00fbte un safari au Botswana ?<\/strong><\/h3>\n<div class=\"rank-math-answer \">\n\n<p>Dans le cadre d\u2019une politique touristique ma\u00eetris\u00e9e, le Botswana est l\u2019un des pays d\u2019Afrique les plus chers pour r\u00e9aliser un safari. Il est toutefois possible de faire un safari au Botswana avec un budget moindre. Il est difficile de donner un tarif moyen puisque beaucoup d\u2019\u00e9l\u00e9ments du voyage entrent en compte dans le calcul.\u00a0<\/p>\n\n<\/div>\n<\/div>\n<div id=\"faq-question-1617091320414\" class=\"rank-math-list-item\">\n<h3 class=\"rank-math-question \"><strong>O\u00f9 faire le plus beau safari ?<\/strong><\/h3>\n<div class=\"rank-math-answer \">\n\n<p>Le Botswana est r\u00e9put\u00e9 pour offrir des safaris au plus pr\u00e8s d\u2019une nature pr\u00e9serv\u00e9e et prot\u00e9g\u00e9e. D\u2019autres pays d\u2019Afrique, comme le <a href=\"https:\/\/mistersafari.com\/fr\/safari-kenya\/\">Kenya<\/a>, la <a href=\"https:\/\/mistersafari.com\/fr\/safari-tanzanie\/\">Tanzanie <\/a>ou l\u2019<a href=\"https:\/\/mistersafari.com\/fr\/safari-afrique-du-sud\/\">Afrique du Sud<\/a> organisent aussi des safaris inoubliables.\u00a0<\/p>\n\n<\/div>\n<\/div>\n<div id=\"faq-question-1617091328175\" class=\"rank-math-list-item\">\n<h3 class=\"rank-math-question \"><strong>Quand faire un safari au Botswana ?<\/strong><\/h3>\n<div class=\"rank-math-answer \">\n\n<p>Pour profiter au mieux de la beaut\u00e9 du pays en toute tranquillit\u00e9, les mi-saisons d\u2019avril \u00e0 juin et en octobre et novembre sont les meilleures p\u00e9riodes pour un safari au Botswana. Le pays se visite aussi durant l\u2019hiver austral.\u00a0<\/p>\n\n<\/div>\n<\/div>\n<\/div>\n<\/div>","protected":false},"excerpt":{"rendered":"<p>Souvent r\u00e9put\u00e9 pour \u00eatre une destination luxueuse pour un safari, le Botswana reste un pays tr\u00e8s pr\u00e9serv\u00e9 et sauvage. Le prix d\u2019un safari au Botswana s&rsquo;en retrouve alors justifi\u00e9, compte tenu de la qualit\u00e9 du voyage. Comment est constitu\u00e9 le prix d\u2019un safari au Botswana ? Peut-on y voyager avec un petit budget ?&nbsp; Les &#8230; <a title=\"Prix d&rsquo;un safari au Botswana\" class=\"read-more\" href=\"https:\/\/mistersafari.com\/fr\/safari-botswana\/prix\/\" aria-label=\"En savoir plus sur Prix d&rsquo;un safari au Botswana\">Lire la suite<\/a><\/p>\n","protected":false},"author":3,"featured_media":1933,"parent":1772,"menu_order":2,"comment_status":"closed","ping_status":"closed","template":"","meta":{"_acf_changed":false,"footnotes":""},"content_type":[],"country":[27],"class_list":{"0":"post-1922","1":"page","2":"type-page","3":"status-publish","4":"has-post-thumbnail","6":"country-botswana","7":"no-featured-image-padding"},"acf":{"hreflang":null},"_links":{"self":[{"href":"https:\/\/mistersafari.com\/fr\/wp-json\/wp\/v2\/pages\/1922","targetHints":{"allow":["GET"]}}],"collection":[{"href":"https:\/\/mistersafari.com\/fr\/wp-json\/wp\/v2\/pages"}],"about":[{"href":"https:\/\/mistersafari.com\/fr\/wp-json\/wp\/v2\/types\/page"}],"author":[{"embeddable":true,"href":"https:\/\/mistersafari.com\/fr\/wp-json\/wp\/v2\/users\/3"}],"replies":[{"embeddable":true,"href":"https:\/\/mistersafari.com\/fr\/wp-json\/wp\/v2\/comments?post=1922"}],"version-history":[{"count":14,"href":"https:\/\/mistersafari.com\/fr\/wp-json\/wp\/v2\/pages\/1922\/revisions"}],"predecessor-version":[{"id":3370,"href":"https:\/\/mistersafari.com\/fr\/wp-json\/wp\/v2\/pages\/1922\/revisions\/3370"}],"up":[{"embeddable":true,"href":"https:\/\/mistersafari.com\/fr\/wp-json\/wp\/v2\/pages\/1772"}],"wp:featuredmedia":[{"embeddable":true,"href":"https:\/\/mistersafari.com\/fr\/wp-json\/wp\/v2\/media\/1933"}],"wp:attachment":[{"href":"https:\/\/mistersafari.com\/fr\/wp-json\/wp\/v2\/media?parent=1922"}],"wp:term":[{"taxonomy":"content_type","embeddable":true,"href":"https:\/\/mistersafari.com\/fr\/wp-json\/wp\/v2\/content_type?post=1922"},{"taxonomy":"country","embeddable":true,"href":"https:\/\/mistersafari.com\/fr\/wp-json\/wp\/v2\/country?post=1922"}],"curies":[{"name":"wp","href":"https:\/\/api.w.org\/{rel}","templated":true}]}}