{"id":1912,"date":"2021-03-30T07:49:44","date_gmt":"2021-03-30T07:49:44","guid":{"rendered":"https:\/\/mistersafari.com\/fr\/?page_id=1912"},"modified":"2021-05-24T14:04:08","modified_gmt":"2021-05-24T14:04:08","slug":"prix","status":"publish","type":"page","link":"https:\/\/mistersafari.com\/fr\/safari-namibie\/prix\/","title":{"rendered":"Prix safari en Namibie"},"content":{"rendered":"\n<p>C\u2019est une destination moins connue pour les safaris et pourtant tout aussi magique. La Namibie propose de partir \u00e0 la rencontre des animaux sauvages, que vous ayez un budget limit\u00e9 ou au contraire que le prix ne soit pas un probl\u00e8me pour vous. Pour en savoir plus sur le prix d\u2019un safari en Namibie, suivez cet article.<\/p>\n\n\n<div id=\"ez-toc-container\" class=\"ez-toc-v2_0_76 counter-flat ez-toc-counter ez-toc-custom ez-toc-container-direction\">\n<div class=\"ez-toc-title-container\"><p class=\"ez-toc-title\" style=\"cursor:inherit\">Sommaire<\/p>\n<\/div><nav><ul class='ez-toc-list ez-toc-list-level-1 ' ><li class='ez-toc-page-1'><a class=\"ez-toc-link ez-toc-heading-1\" href=\"https:\/\/mistersafari.com\/fr\/safari-namibie\/prix\/#les-elements-qui-influencent-le-prix-dun-safari-en-namibie\" >Les \u00e9l\u00e9ments qui influencent le prix d\u2019un safari en Namibie<\/a><\/li><li class='ez-toc-page-1'><a class=\"ez-toc-link ez-toc-heading-2\" href=\"https:\/\/mistersafari.com\/fr\/safari-namibie\/prix\/#quel-budget-global-prevoir-pour-un-voyage-en-namibie\" >Quel budget global pr\u00e9voir pour un voyage en Namibie ?<\/a><\/li><li class='ez-toc-page-1'><a class=\"ez-toc-link ez-toc-heading-3\" href=\"https:\/\/mistersafari.com\/fr\/safari-namibie\/prix\/#un-safari-en-namibie-pas-cher-cest-possible\" >Un Safari en Namibie pas cher, c\u2019est possible ?<\/a><\/li><li class='ez-toc-page-1'><a class=\"ez-toc-link ez-toc-heading-4\" href=\"https:\/\/mistersafari.com\/fr\/safari-namibie\/prix\/#pour-resumer-le-prix-moyen-dun-safari-en-namibie\" >Pour r\u00e9sumer : le prix moyen d\u2019un safari en Namibie<\/a><\/li><li class='ez-toc-page-1'><a class=\"ez-toc-link ez-toc-heading-5\" href=\"https:\/\/mistersafari.com\/fr\/safari-namibie\/prix\/#faq\" >FAQ<\/a><\/li><\/ul><\/nav><\/div>\n\n\n\n\n<h2 class=\"wp-block-heading\"><span class=\"ez-toc-section\" id=\"les-elements-qui-influencent-le-prix-dun-safari-en-namibie\"><\/span><strong>Les \u00e9l\u00e9ments qui influencent le prix d\u2019un safari en Namibie<\/strong><span class=\"ez-toc-section-end\"><\/span><\/h2>\n\n\n\n<h3 class=\"wp-block-heading\"><strong>Le vol pour la Namibie<\/strong><\/h3>\n\n\n\n<p>C\u2019est s\u00fbrement le premier poste de d\u00e9pense de votre voyage en Namibie. Il n\u2019existe pas de vol direct entre la France et la Namibie. Vous devrez donc faire escale, dont le lieu varie en fonction de la compagnie a\u00e9rienne.&nbsp;<\/p>\n\n\n\n<p>Les vols pour la Namibie sont impact\u00e9s par cette escale obligatoire. Mais pas seulement. Les dates de votre s\u00e9jour peuvent modifier le prix du vol pour la Namibie du simple au double !&nbsp;<\/p>\n\n\n\n<h3 class=\"wp-block-heading\"><strong>Le transport sur place<\/strong><\/h3>\n\n\n\n<p>Sur place, un <a href=\"https:\/\/mistersafari.com\/fr\/safari-namibie\/\" class=\"rank-math-link\">safari en Namibie<\/a> peut \u00eatre r\u00e9alis\u00e9 de diverses fa\u00e7ons :<\/p>\n\n\n\n<ul class=\"wp-block-list\"><li>louer votre propre v\u00e9hicule ;<\/li><li>joindre un groupe organis\u00e9 ;<\/li><li>effectuer les transferts en avion-taxi.&nbsp;<\/li><\/ul>\n\n\n\n<p class=\"callout-blue\">Bien \u00e9videmment, la derni\u00e8re option fait gagner un temps ind\u00e9niable, mais c\u2019est aussi la plus on\u00e9reuse. Le choix du transport sur place va donc d\u00e9pendre de la formule de safari que vous souhaitez exp\u00e9rimenter.&nbsp;<\/p>\n\n\n\n<h3 class=\"wp-block-heading\"><strong>Les h\u00e9bergements<\/strong><\/h3>\n\n\n\n<p>Le choix des h\u00e9bergements sur place est g\u00e9n\u00e9ralement fonction des moyens de transport utilis\u00e9s. Concr\u00e8tement, il existe trois options principales pour l\u2019h\u00e9bergement lors d\u2019un safari, avec du moins cher au plus cher :<\/p>\n\n\n\n<ul class=\"wp-block-list\"><li>le camping en tente igloo ;<\/li><li>le camping en 4&#215;4 avec tente sur le toit ;<\/li><li>le lodge.&nbsp;<\/li><\/ul>\n\n\n\n<p>On trouve aussi des h\u00f4tels dans les villes, des auberges de jeunesse, des guesthouses, \u2026 D\u2019une mani\u00e8re g\u00e9n\u00e9rale, les h\u00e9bergements \u00e0 l\u2019int\u00e9rieur des parcs sont plus on\u00e9reux que ceux situ\u00e9s en bordure. De plus, les logements dans les r\u00e9gions plus isol\u00e9es (ou en tout cas moins touristiques) sont plus abordables.<\/p>\n\n\n<div class=\"gb-container gb-container-8cc1ba80\"><div class=\"gb-inside-container\">\n<div class=\"gb-grid-wrapper gb-grid-wrapper-e0bc1c85\">\n<div class=\"gb-grid-column gb-grid-column-d873f923\"><div class=\"gb-container gb-container-d873f923\"><div class=\"gb-inside-container\">\n\n<div class=\"gb-headline gb-headline-974fb64d gb-headline-text\">Trouvez les meilleures offres pour votre Safari<\/div>\n\n\n\n<p class=\"gb-headline gb-headline-8fabdb11 gb-headline-text\">Mister Safari vous aide \u00e0 trouver les meilleurs prix et prestataires pour organiser le safari de vos r\u00eaves<\/p>\n\n\n<div class=\"gb-button-wrapper gb-button-wrapper-c8a43616\">\n\n<a class=\"gb-button gb-button-c1c54722 gb-button-text\" href=\"https:\/\/mistersafari.com\/fr\/demande-devis\/\">Obtenir un devis gratuit<\/a>\n\n<\/div>\n<\/div><\/div><\/div>\n<\/div>\n<\/div><\/div>\n\n\n<h3 class=\"wp-block-heading\"><strong>La nourriture<\/strong><\/h3>\n\n\n\n<p>Le co\u00fbt de la vie en Namibie est l\u00e9g\u00e8rement inf\u00e9rieur \u00e0 celui de la France. Ceux qui disposent de leur propre \u00e9quipement de cuisine pourront s\u2019approvisionner dans les supermarch\u00e9s et sup\u00e9rettes. Les lodges fournissent g\u00e9n\u00e9ralement les repas.&nbsp;<\/p>\n\n\n\n<p>Il y a peu de restaurants en Namibie (certains lodges ouvrent leurs restaurants aux visiteurs) mais les tarifs pratiqu\u00e9s restent plut\u00f4t abordables.&nbsp;<\/p>\n\n\n\n<h3 class=\"wp-block-heading\"><strong>Les parcs et r\u00e9serves<\/strong><\/h3>\n\n\n\n<p>L\u2019entr\u00e9e des parcs de la Namibie est payante. Les tarifs sont moins chers que dans d\u2019autres pays d\u2019Afrique, comme le <a href=\"https:\/\/mistersafari.com\/fr\/safari-kenya\/\">Kenya <\/a>ou la <a href=\"https:\/\/mistersafari.com\/fr\/safari-tanzanie\/\">Tanzanie<\/a>. Ceci-dit, selon le nombre de jours de visite et le nombre de voyageurs, cette d\u00e9pense peut repr\u00e9senter une part importante de votre budget.&nbsp;<\/p>\n\n\n\n<h3 class=\"wp-block-heading\"><strong>Les autres activit\u00e9s<\/strong><\/h3>\n\n\n\n<p>Peut-\u00eatre allez vous souhaitez inclure d\u2019autres activit\u00e9s que des safaris lors de votre voyage en Namibie ? D\u2019une mani\u00e8re g\u00e9n\u00e9rale, le prix des activit\u00e9s, comme une excursion en kayak pour voir les otaries, est moins cher ou similaire \u00e0 ceux pratiqu\u00e9s en France. Mais encore une fois, pour \u00e9viter les surprises, mieux vaut se fixer un budget avant de partir.&nbsp;<\/p>\n\n\n\n<h3 class=\"wp-block-heading\"><strong>Les autres d\u00e9penses<\/strong><\/h3>\n\n\n\n<p>Sur place, vous serez amen\u00e9 \u00e0 devoir payer d\u2019autres d\u00e9penses :<\/p>\n\n\n\n<ul class=\"wp-block-list\"><li>l\u2019essence, si vous louez votre propre v\u00e9hicule : la Namibie est un vaste pays et vous allez certainement parcourir plusieurs centaines de kilom\u00e8tres durant votre s\u00e9jour. Le prix de l\u2019essence reste toutefois moins cher qu\u2019en France.&nbsp;<\/li><li>les pourboires : c\u2019est une pratique importante en Namibie, que ce soit au restaurant, pour les guides ou les rangers.&nbsp;<\/li><\/ul>\n\n\n\n<h2 class=\"wp-block-heading\"><span class=\"ez-toc-section\" id=\"quel-budget-global-prevoir-pour-un-voyage-en-namibie\"><\/span><strong>Quel budget global pr\u00e9voir pour un voyage en Namibie ?<\/strong><span class=\"ez-toc-section-end\"><\/span><\/h2>\n\n\n\n<h3 class=\"wp-block-heading\"><strong>Les transports<\/strong><\/h3>\n\n\n\n<p>Le prix d\u2019un vol pour la Namibie, depuis Paris avec escale, co\u00fbte en moyenne 800\u20ac. Selon les dates, des vols \u00e0 partir de 500\u20ac peuvent \u00eatre trouv\u00e9s. Un d\u00e9part depuis la province impacte g\u00e9n\u00e9ralement le co\u00fbt du vol \u00e0 la hausse.&nbsp;<\/p>\n\n\n\n<p>Une fois en Namibie, le co\u00fbt des transports varie fortement en fonction de votre mode de d\u00e9placement. Comptez au minimum une trentaine d\u2019euros par jour pour la location d\u2019un SUV. Le tarif double pour la location d\u2019un 4&#215;4. Les prix des transferts en avion sont tr\u00e8s variables en fonction des liaisons.&nbsp;<\/p>\n\n\n\n<h3 class=\"wp-block-heading\"><strong>L\u2019h\u00e9bergement et la nourriture<\/strong><\/h3>\n\n\n\n<p>Pour les petits budgets, le camping reste l\u2019option la plus abordable avec un tarif minimum d\u2019environ 20\u20ac\/nuit pour deux. Une nuit en camping dans le Parc d\u2019Etosha est plus on\u00e9reuse. Dans ce cas, le budget nourriture reste faible et surtout plus facilement ma\u00eetris\u00e9.&nbsp;<\/p>\n\n\n\n<p>Dans les lodges, les prix varient de 50\u20ac \u00e0 100\u20ac en moyenne par nuit pour les moins chers, voire plus en p\u00e9riode de forte affluence. Les repas sont g\u00e9n\u00e9ralement inclus.&nbsp;<\/p>\n\n\n\n<h3 class=\"wp-block-heading\"><strong>Les activit\u00e9s sur place<\/strong><\/h3>\n\n\n\n<p>Les prix d\u2019entr\u00e9e dans les parcs pourraient presque \u00eatre d\u00e9risoires compar\u00e9s aux autres pays d\u2019Afrique. Comptez quelques euros par personne et par jour dans la majorit\u00e9 des parcs. Le v\u00e9hicule est aussi payant (quelques centimes). Les game drives accompagn\u00e9s par un ranger sont payants, m\u00eame certains de ceux organis\u00e9s par les lodges. Les tarifs sont variables en fonction du lieu, du nombre de participants, \u2026 Renseignez-vous aupr\u00e8s du lodge.&nbsp;<\/p>\n\n\n\n<p>Pour les pourboires, comptez entre 10 et 15% de l\u2019addition au restaurant par exemple.&nbsp;<\/p>\n\n\n\n<h2 class=\"wp-block-heading\"><span class=\"ez-toc-section\" id=\"un-safari-en-namibie-pas-cher-cest-possible\"><\/span><strong>Un Safari en Namibie pas cher, c\u2019est possible ?<\/strong><span class=\"ez-toc-section-end\"><\/span><\/h2>\n\n\n\n<p>La Namibie est l\u2019un des pays d\u2019Afrique les plus abordables pour r\u00e9aliser un safari. Pour les petits budgets, quelques astuces vous permettent de ma\u00eetriser au mieux vos d\u00e9penses :<\/p>\n\n\n\n<ul class=\"wp-block-list\"><li>organiser votre safari vous-m\u00eame ;<\/li><li>louer une voiture SUV et dormir en tente igloo ;<\/li><li>amener votre mat\u00e9riel de camping ;<\/li><li>rejoindre un petit groupe lors des game-drives pour diviser les co\u00fbts ;<\/li><li>limiter les activit\u00e9s et les extras.<\/li><\/ul>\n\n\n\n<h2 class=\"wp-block-heading\"><span class=\"ez-toc-section\" id=\"pour-resumer-le-prix-moyen-dun-safari-en-namibie\"><\/span><strong>Pour r\u00e9sumer : le prix moyen d\u2019un safari en Namibie<\/strong><span class=\"ez-toc-section-end\"><\/span><\/h2>\n\n\n\n<p>Il est difficile, et s\u00fbrement peu repr\u00e9sentatif, de donner le prix moyen d\u2019un safari en Namibie. Voici plut\u00f4t deux types de voyage, au format diff\u00e9rent, pour vous donner une id\u00e9e du budget \u00e0 pr\u00e9voir pour un safari en Namibie.&nbsp;<\/p>\n\n\n\n<p>Pour un safari pas cher en Namibie, comprenant :<\/p>\n\n\n\n<ul class=\"wp-block-list\"><li>les vols internationaux ;<\/li><li>la location d\u2019une voiture SUV ;<\/li><li>l\u2019h\u00e9bergement en campings en tente igloo ;<\/li><li>l\u2019entr\u00e9e dans les parcs pour les game drives en autonomie ;<\/li><li>les repas ;<\/li><\/ul>\n\n\n\n<p>Comptez au minimum 100\u20ac\/jour\/personne pour un s\u00e9jour de deux semaines \u00e0 deux.&nbsp;<\/p>\n\n\n\n<p>Pour un safari de luxe en Namibie, comprenant :<\/p>\n\n\n\n<ul class=\"wp-block-list\"><li>les vols internationaux ;<\/li><li>les transferts en avion-taxi ou avec chauffeur priv\u00e9 ;<\/li><li>l\u2019h\u00e9bergement en lodges priv\u00e9s ;<\/li><li>les game drives guid\u00e9s ;<\/li><li>les repas ;<\/li><\/ul>\n\n\n\n<p>Comptez au minimum 800\u20ac\/jour\/personne pour un s\u00e9jour de deux semaines \u00e0 deux.&nbsp;<\/p>\n\n\n\n<p>Ces tarifs sont uniquement donn\u00e9s \u00e0 titre indicatif et peuvent nettement varier en fonction des caract\u00e9ristiques de votre voyage.&nbsp;<\/p>\n\n\n\n<h2 class=\"wp-block-heading\"><span class=\"ez-toc-section\" id=\"faq\"><\/span><strong>FAQ<\/strong><span class=\"ez-toc-section-end\"><\/span><\/h2>\n\n\n<div id=\"rank-math-faq\" class=\"rank-math-block\">\n<div class=\"rank-math-list \">\n<div id=\"faq-question-1617090079409\" class=\"rank-math-list-item\">\n<h3 class=\"rank-math-question \"><strong>Combien co\u00fbte un safari en Namibie ?<\/strong><\/h3>\n<div class=\"rank-math-answer \">\n\n<p>La Namibie est l\u2019une des destinations les plus abordables pour un safari. Il faudra compter au minimum 100\u20ac par jour. Des safaris de luxe en Namibie sont aussi possibles, les tarifs tournent alors aux alentours de 800 \u00e0 1000\u20ac par jour et par personne.\u00a0<\/p>\n\n<\/div>\n<\/div>\n<div id=\"faq-question-1617090083486\" class=\"rank-math-list-item\">\n<h3 class=\"rank-math-question \"><strong>O\u00f9 faire le plus beau safari ?<\/strong><\/h3>\n<div class=\"rank-math-answer \">\n\n<p>La Namibie est r\u00e9put\u00e9e pour l\u2019immensit\u00e9 de ses paysages, la pr\u00e9servation de sa nature, la densit\u00e9 d\u2019animaux sauvages et la tranquillit\u00e9 de ses r\u00e9gions. D\u2019autres pays d\u2019Afrique, comme le <a class=\"rank-math-link\" href=\"https:\/\/mistersafari.com\/fr\/safari-kenya\/\">Kenya<\/a>, la <a class=\"rank-math-link\" href=\"https:\/\/mistersafari.com\/fr\/safari-tanzanie\/\">Tanzanie<\/a>, l\u2019<a class=\"rank-math-link\" href=\"https:\/\/mistersafari.com\/fr\/safari-afrique-du-sud\/\">Afrique du Sud<\/a> ou le <a class=\"rank-math-link\" href=\"https:\/\/mistersafari.com\/fr\/safari-botswana\/\">Botswana <\/a>proposent aussi des safaris inoubliables.\u00a0<\/p>\n\n<\/div>\n<\/div>\n<div id=\"faq-question-1617090096253\" class=\"rank-math-list-item\">\n<h3 class=\"rank-math-question \"><strong>Quand faire un safari en Namibie ?<\/strong><\/h3>\n<div class=\"rank-math-answer \">\n\n<p>La Namibie se visite toute l\u2019ann\u00e9e. Mais la meilleure p\u00e9riode pour r\u00e9aliser un safari en Namibie est durant le printemps, de septembre \u00e0 novembre, ou \u00e0 l\u2019automne de mai \u00e0 juin.\u00a0<\/p>\n\n<\/div>\n<\/div>\n<\/div>\n<\/div>","protected":false},"excerpt":{"rendered":"<p>C\u2019est une destination moins connue pour les safaris et pourtant tout aussi magique. La Namibie propose de partir \u00e0 la rencontre des animaux sauvages, que vous ayez un budget limit\u00e9 ou au contraire que le prix ne soit pas un probl\u00e8me pour vous. Pour en savoir plus sur le prix d\u2019un safari en Namibie, suivez &#8230; <a title=\"Prix safari en Namibie\" class=\"read-more\" href=\"https:\/\/mistersafari.com\/fr\/safari-namibie\/prix\/\" aria-label=\"En savoir plus sur Prix safari en Namibie\">Lire la suite<\/a><\/p>\n","protected":false},"author":3,"featured_media":1919,"parent":1827,"menu_order":0,"comment_status":"closed","ping_status":"closed","template":"","meta":{"_acf_changed":false,"footnotes":""},"content_type":[],"country":[],"class_list":{"0":"post-1912","1":"page","2":"type-page","3":"status-publish","4":"has-post-thumbnail","6":"no-featured-image-padding"},"acf":{"hreflang":null},"_links":{"self":[{"href":"https:\/\/mistersafari.com\/fr\/wp-json\/wp\/v2\/pages\/1912","targetHints":{"allow":["GET"]}}],"collection":[{"href":"https:\/\/mistersafari.com\/fr\/wp-json\/wp\/v2\/pages"}],"about":[{"href":"https:\/\/mistersafari.com\/fr\/wp-json\/wp\/v2\/types\/page"}],"author":[{"embeddable":true,"href":"https:\/\/mistersafari.com\/fr\/wp-json\/wp\/v2\/users\/3"}],"replies":[{"embeddable":true,"href":"https:\/\/mistersafari.com\/fr\/wp-json\/wp\/v2\/comments?post=1912"}],"version-history":[{"count":8,"href":"https:\/\/mistersafari.com\/fr\/wp-json\/wp\/v2\/pages\/1912\/revisions"}],"predecessor-version":[{"id":2897,"href":"https:\/\/mistersafari.com\/fr\/wp-json\/wp\/v2\/pages\/1912\/revisions\/2897"}],"up":[{"embeddable":true,"href":"https:\/\/mistersafari.com\/fr\/wp-json\/wp\/v2\/pages\/1827"}],"wp:featuredmedia":[{"embeddable":true,"href":"https:\/\/mistersafari.com\/fr\/wp-json\/wp\/v2\/media\/1919"}],"wp:attachment":[{"href":"https:\/\/mistersafari.com\/fr\/wp-json\/wp\/v2\/media?parent=1912"}],"wp:term":[{"taxonomy":"content_type","embeddable":true,"href":"https:\/\/mistersafari.com\/fr\/wp-json\/wp\/v2\/content_type?post=1912"},{"taxonomy":"country","embeddable":true,"href":"https:\/\/mistersafari.com\/fr\/wp-json\/wp\/v2\/country?post=1912"}],"curies":[{"name":"wp","href":"https:\/\/api.w.org\/{rel}","templated":true}]}}