{"id":1865,"date":"2021-03-19T15:36:24","date_gmt":"2021-03-19T15:36:24","guid":{"rendered":"https:\/\/mistersafari.com\/fr\/?page_id=1865"},"modified":"2022-01-23T17:41:34","modified_gmt":"2022-01-23T17:41:34","slug":"monnaie","status":"publish","type":"page","link":"https:\/\/mistersafari.com\/fr\/safari-tanzanie\/monnaie\/","title":{"rendered":"Monnaie de Tanzanie"},"content":{"rendered":"\n<p>Lors de votre safari en Tanzanie, vous allez \u00eatre amen\u00e9 \u00e0 payer sur place certaines d\u00e9penses : logement, nourriture, entr\u00e9es dans les parcs, activit\u00e9s, etc\u2026 Quelle monnaie en Tanzanie est utilis\u00e9e et comment obtenir des esp\u00e8ces ? Retrouvez dans cet article toutes les informations utiles sur la monnaie en Tanzanie et \u00e0 Zanzibar.&nbsp;<\/p>\n\n\n<div id=\"ez-toc-container\" class=\"ez-toc-v2_0_76 counter-flat ez-toc-counter ez-toc-custom ez-toc-container-direction\">\n<div class=\"ez-toc-title-container\"><p class=\"ez-toc-title\" style=\"cursor:inherit\">Sommaire<\/p>\n<\/div><nav><ul class='ez-toc-list ez-toc-list-level-1 ' ><li class='ez-toc-page-1'><a class=\"ez-toc-link ez-toc-heading-1\" href=\"https:\/\/mistersafari.com\/fr\/safari-tanzanie\/monnaie\/#quelle-est-la-monnaie-officielle-en-tanzanie\" >Quelle est la monnaie officielle en Tanzanie?<\/a><\/li><li class='ez-toc-page-1'><a class=\"ez-toc-link ez-toc-heading-2\" href=\"https:\/\/mistersafari.com\/fr\/safari-tanzanie\/monnaie\/#quel-taux-de-change\" >Quel taux de change ?<\/a><\/li><li class='ez-toc-page-1'><a class=\"ez-toc-link ez-toc-heading-3\" href=\"https:\/\/mistersafari.com\/fr\/safari-tanzanie\/monnaie\/#faut-il-changer-sur-place-ou-avant-de-partir\" >Faut-il changer sur place ou avant de partir ?<\/a><\/li><\/ul><\/nav><\/div>\n\n\n\n\n<h2 class=\"wp-block-heading\"><span class=\"ez-toc-section\" id=\"quelle-est-la-monnaie-officielle-en-tanzanie\"><\/span>Quelle est la monnaie officielle en Tanzanie?<span class=\"ez-toc-section-end\"><\/span><\/h2>\n\n\n\n<p>En Tanzanie, la monnaie officielle est le Shilling tanzanien, avec son symbole Tsh. Il se divise en cents et on retrouve les coupures suivantes :<\/p>\n\n\n\n<ul class=\"wp-block-list\"><li>des billets de 500, 1000, 5000 et 10000 shilling ;<\/li><li>des pi\u00e8ces de 1, 5, 10, 20, 50, 100, 200 et 500 shilling.&nbsp;<\/li><\/ul>\n\n\n\n<p>Le dollar est aussi largement utilis\u00e9 en Tanzanie. Il vous servira notamment \u00e0 payer les entr\u00e9es dans les <a class=\"rank-math-link\" href=\"https:\/\/mistersafari.com\/fr\/safari-tanzanie\/parcs-reserves\/\">parcs et r\u00e9serves<\/a>, puisque c\u2019est la seule devise accept\u00e9e dans ce cas, et certains <a href=\"https:\/\/mistersafari.com\/fr\/safari-tanzanie\/luxe\/\" class=\"rank-math-link\">h\u00e9bergements de luxe<\/a> ou les compagnies maritimes pour vous rendre \u00e0 Zanzibar.&nbsp;<\/p>\n\n\n\n<p><em>Il faudra cependant \u00eatre vigilant quant au change de dollars que vous obtenez puisque les coupures datant de 2006 et avant sont refus\u00e9es (trop de faux billets).<\/em>&nbsp;<\/p>\n\n\n\n<p>L\u2019euro est aussi de plus en plus courant. Il peut cependant \u00eatre refus\u00e9 dans les petits commerces ou petits restaurants.&nbsp;<\/p>\n\n\n\n<p class=\"callout-blue\">L\u2019id\u00e9al est donc de disposer de shilling et de dollars en esp\u00e8ces au minimum, tout en sachant que vous pourrez certainement r\u00e9gler quelques d\u00e9penses en euros.&nbsp;<\/p>\n\n\n\n<p>Le paiement par carte bancaire est par contre assez limit\u00e9 en Tanzanie. Il est aussi cher puisqu\u2019une commission jusqu\u2019\u00e0 10% du montant est appliqu\u00e9e. Les cartes Visa, American Express, MasterCard et Diners Club sont g\u00e9n\u00e9ralement accept\u00e9es seulement dans les lodges, h\u00f4tels, agences de location de voiture et de voyage et quelques grands magasins. Pour tout le reste, il faudra payer en esp\u00e8ces.&nbsp;<\/p>\n\n\n\n<p>Les distributeurs automatiques sont tout aussi rares. Vous en trouverez facilement dans les grandes villes et aux a\u00e9roports (Dar es-Salaam, Arusha et Stone Town (Zanzibar)). Ailleurs, il vaudra mieux avoir du liquide sur vous. Et c\u2019est encore plus vrai \u00e0 <a href=\"https:\/\/mistersafari.com\/fr\/safari-tanzanie\/zanzibar\/\">Zanzibar <\/a>o\u00f9 beaucoup de paiements se font en esp\u00e8ces.&nbsp;<\/p>\n\n\n\n<h2 class=\"wp-block-heading\"><span class=\"ez-toc-section\" id=\"quel-taux-de-change\"><\/span>Quel taux de change ?<span class=\"ez-toc-section-end\"><\/span><\/h2>\n\n\n\n<h3 class=\"wp-block-heading\">Taux de change Shilling tanzanien &#8211; euros<\/h3>\n\n\n\n<figure class=\"wp-block-table\"><table class=\"has-fixed-layout\"><thead><tr><th class=\"has-text-align-center\" data-align=\"center\">Taux de change moyen<\/th><th class=\"has-text-align-center\" data-align=\"center\">EUR &#8211; TSH<\/th><th class=\"has-text-align-center\" data-align=\"center\">EUR &#8211; TSH<\/th><\/tr><\/thead><tbody><tr><td class=\"has-text-align-center\" data-align=\"center\">au 31\/12\/2018<\/td><td class=\"has-text-align-center\" data-align=\"center\">1 &#8211; 2 632,24<\/td><td class=\"has-text-align-center\" data-align=\"center\">1 &#8211; 0,0003799<\/td><\/tr><tr><td class=\"has-text-align-center\" data-align=\"center\">au 31\/12\/2019<\/td><td class=\"has-text-align-center\" data-align=\"center\">1 &#8211; 2 580,16<\/td><td class=\"has-text-align-center\" data-align=\"center\">1 &#8211; 0,0003876<\/td><\/tr><tr><td class=\"has-text-align-center\" data-align=\"center\">au 31\/12\/2020<\/td><td class=\"has-text-align-center\" data-align=\"center\">1 &#8211; 2 821,85<\/td><td class=\"has-text-align-center\" data-align=\"center\">1 &#8211; 0,0003544<\/td><\/tr><\/tbody><\/table><\/figure>\n\n\n\n<p>L\u2019\u00e9volution du taux de change de la monnaie de Tanzanie en Euros a augment\u00e9 en 2020 par rapport aux deux ann\u00e9es pr\u00e9c\u00e9dentes. Pensez \u00e0 v\u00e9rifier le niveau de la conversion de la monnaie en Tanzanie vers l\u2019Euro avant votre d\u00e9part pour estimer au mieux le <a class=\"rank-math-link\" href=\"https:\/\/mistersafari.com\/fr\/safari-tanzanie\/prix\/\">prix de votre safari en Tanzanie<\/a>.&nbsp;<\/p>\n\n\n\n<h3 class=\"wp-block-heading\">Taux de change shilling tanzanien &#8211; dollars<\/h3>\n\n\n\n<figure class=\"wp-block-table\"><table class=\"has-fixed-layout\"><thead><tr><th class=\"has-text-align-center\" data-align=\"center\">Taux de change moyen<\/th><th class=\"has-text-align-center\" data-align=\"center\">USD &#8211; TSH<\/th><th class=\"has-text-align-center\" data-align=\"center\">TSH &#8211; USD<\/th><\/tr><\/thead><tbody><tr><td class=\"has-text-align-center\" data-align=\"center\">au 31\/12\/2018<\/td><td class=\"has-text-align-center\" data-align=\"center\">1 &#8211; 2 300,00<\/td><td class=\"has-text-align-center\" data-align=\"center\">1 &#8211; 0,0004348<\/td><\/tr><tr><td class=\"has-text-align-center\" data-align=\"center\">au 31\/12\/2019<\/td><td class=\"has-text-align-center\" data-align=\"center\">1 &#8211; 2 303,00<\/td><td class=\"has-text-align-center\" data-align=\"center\">1 &#8211; 0,0004342<\/td><\/tr><tr><td class=\"has-text-align-center\" data-align=\"center\">au 31\/12\/2020<\/td><td class=\"has-text-align-center\" data-align=\"center\">1 &#8211; 2 334,22&nbsp;<\/td><td class=\"has-text-align-center\" data-align=\"center\">1 &#8211; 0,0004284<\/td><\/tr><\/tbody><\/table><\/figure>\n\n\n\n<h2 class=\"wp-block-heading\"><span class=\"ez-toc-section\" id=\"faut-il-changer-sur-place-ou-avant-de-partir\"><\/span>Faut-il changer sur place ou avant de partir ?<span class=\"ez-toc-section-end\"><\/span><\/h2>\n\n\n\n<p>Pour obtenir des shillings tanzaniens ou des dollars, vous pourrez vous orienter vers votre banque ou un bureau de change en France avant de partir. Cependant, cela implique de transporter une somme importante d\u2019esp\u00e8ces sur vous pendant votre voyage et au cours de votre <a href=\"https:\/\/mistersafari.com\/fr\/safari-tanzanie\/\">safari en Tanzanie<\/a>. Nous vous recommandons donc de convertir un peu de monnaie de la Tanzanie avant votre d\u00e9part pour les premiers jours, puis le reste sur place.&nbsp;<\/p>\n\n\n\n<p>En Tanzanie, les bureaux de change et les banques proposent le change de devise. Les bureaux de change sont ouverts presque tous les jours et proposent les taux de change les plus comp\u00e9titifs (sans commission). Certains h\u00f4tels ou h\u00e9bergements peuvent aussi vous changer de la monnaie en Tanzanie, mais les taux sont d\u00e9savantageux.&nbsp;<\/p>\n","protected":false},"excerpt":{"rendered":"<p>Lors de votre safari en Tanzanie, vous allez \u00eatre amen\u00e9 \u00e0 payer sur place certaines d\u00e9penses : logement, nourriture, entr\u00e9es dans les parcs, activit\u00e9s, etc\u2026 Quelle monnaie en Tanzanie est utilis\u00e9e et comment obtenir des esp\u00e8ces ? Retrouvez dans cet article toutes les informations utiles sur la monnaie en Tanzanie et \u00e0 Zanzibar.&nbsp; Quelle est &#8230; <a title=\"Monnaie de Tanzanie\" class=\"read-more\" href=\"https:\/\/mistersafari.com\/fr\/safari-tanzanie\/monnaie\/\" aria-label=\"En savoir plus sur Monnaie de Tanzanie\">Lire la suite<\/a><\/p>\n","protected":false},"author":2,"featured_media":1871,"parent":932,"menu_order":6,"comment_status":"closed","ping_status":"closed","template":"","meta":{"_acf_changed":false,"footnotes":""},"content_type":[],"country":[],"class_list":{"0":"post-1865","1":"page","2":"type-page","3":"status-publish","4":"has-post-thumbnail","6":"no-featured-image-padding"},"acf":{"hreflang":[{"alternative_url":"https:\/\/mistersafari.com\/tanzania\/info\/currency\/","language":"en"}]},"_links":{"self":[{"href":"https:\/\/mistersafari.com\/fr\/wp-json\/wp\/v2\/pages\/1865","targetHints":{"allow":["GET"]}}],"collection":[{"href":"https:\/\/mistersafari.com\/fr\/wp-json\/wp\/v2\/pages"}],"about":[{"href":"https:\/\/mistersafari.com\/fr\/wp-json\/wp\/v2\/types\/page"}],"author":[{"embeddable":true,"href":"https:\/\/mistersafari.com\/fr\/wp-json\/wp\/v2\/users\/2"}],"replies":[{"embeddable":true,"href":"https:\/\/mistersafari.com\/fr\/wp-json\/wp\/v2\/comments?post=1865"}],"version-history":[{"count":7,"href":"https:\/\/mistersafari.com\/fr\/wp-json\/wp\/v2\/pages\/1865\/revisions"}],"predecessor-version":[{"id":6311,"href":"https:\/\/mistersafari.com\/fr\/wp-json\/wp\/v2\/pages\/1865\/revisions\/6311"}],"up":[{"embeddable":true,"href":"https:\/\/mistersafari.com\/fr\/wp-json\/wp\/v2\/pages\/932"}],"wp:featuredmedia":[{"embeddable":true,"href":"https:\/\/mistersafari.com\/fr\/wp-json\/wp\/v2\/media\/1871"}],"wp:attachment":[{"href":"https:\/\/mistersafari.com\/fr\/wp-json\/wp\/v2\/media?parent=1865"}],"wp:term":[{"taxonomy":"content_type","embeddable":true,"href":"https:\/\/mistersafari.com\/fr\/wp-json\/wp\/v2\/content_type?post=1865"},{"taxonomy":"country","embeddable":true,"href":"https:\/\/mistersafari.com\/fr\/wp-json\/wp\/v2\/country?post=1865"}],"curies":[{"name":"wp","href":"https:\/\/api.w.org\/{rel}","templated":true}]}}