{"id":1857,"date":"2021-03-19T15:26:57","date_gmt":"2021-03-19T15:26:57","guid":{"rendered":"https:\/\/mistersafari.com\/fr\/?page_id=1857"},"modified":"2022-01-23T17:41:14","modified_gmt":"2022-01-23T17:41:14","slug":"vaccins","status":"publish","type":"page","link":"https:\/\/mistersafari.com\/fr\/safari-tanzanie\/vaccins\/","title":{"rendered":"Quels vaccins pour la Tanzanie ?"},"content":{"rendered":"\n<p>\u00c9tape importante dans la pr\u00e9paration de votre safari en Tanzanie, la question de la sant\u00e9 n\u2019est pas \u00e0 oublier. Quelle est la r\u00e9glementation en termes de vaccination ? Quelles sont les pr\u00e9cautions \u00e0 prendre sur place ? Retrouvez ici tous nos conseils concernant les vaccins pour la Tanzanie.&nbsp;<\/p>\n\n\n<div id=\"ez-toc-container\" class=\"ez-toc-v2_0_76 counter-flat ez-toc-counter ez-toc-custom ez-toc-container-direction\">\n<div class=\"ez-toc-title-container\"><p class=\"ez-toc-title\" style=\"cursor:inherit\">Sommaire<\/p>\n<\/div><nav><ul class='ez-toc-list ez-toc-list-level-1 ' ><li class='ez-toc-page-1'><a class=\"ez-toc-link ez-toc-heading-1\" href=\"https:\/\/mistersafari.com\/fr\/safari-tanzanie\/vaccins\/#existe-t-il-des-vaccins-obligatoires-pour-la-tanzanie\">Existe-t-il des vaccins obligatoires pour la Tanzanie ?<\/a><\/li><li class='ez-toc-page-1'><a class=\"ez-toc-link ez-toc-heading-2\" href=\"https:\/\/mistersafari.com\/fr\/safari-tanzanie\/vaccins\/#les-vaccins-recommandes-pour-la-tanzanie\">Les vaccins recommand\u00e9s pour la Tanzanie<\/a><\/li><li class='ez-toc-page-1'><a class=\"ez-toc-link ez-toc-heading-3\" href=\"https:\/\/mistersafari.com\/fr\/safari-tanzanie\/vaccins\/#les-recommandations-en-matiere-de-sante-en-tanzanie\">Les recommandations en mati\u00e8re de sant\u00e9 en Tanzanie<\/a><\/li><li class='ez-toc-page-1'><a class=\"ez-toc-link ez-toc-heading-4\" href=\"https:\/\/mistersafari.com\/fr\/safari-tanzanie\/vaccins\/#liens-utiles\">Liens utiles<\/a><\/li><li class='ez-toc-page-1'><a class=\"ez-toc-link ez-toc-heading-5\" href=\"https:\/\/mistersafari.com\/fr\/safari-tanzanie\/vaccins\/#faq\">FAQ<\/a><\/li><\/ul><\/nav><\/div>\n\n\n\n\n<h2 class=\"wp-block-heading\"><span class=\"ez-toc-section\" id=\"existe-t-il-des-vaccins-obligatoires-pour-la-tanzanie\"><\/span>Existe-t-il des vaccins obligatoires pour la Tanzanie ?<span class=\"ez-toc-section-end\"><\/span><\/h2>\n\n\n\n<p>Aucun vaccin n\u2019est en principe obligatoire pour vous rendre en Tanzanie. Les recommandations de <a href=\"https:\/\/www.pasteur.fr\/fr\/centre-medical\/preparer-son-voyage\/tanzanie\" target=\"_blank\" aria-label=\" (opens in a new tab)\" rel=\"noreferrer noopener\" class=\"rank-math-link\">l\u2019Institut Pasteur<\/a> sont d\u2019\u00eatre \u00e0 jour des vaccinations incluses dans le carnet vaccinal.&nbsp;<\/p>\n\n\n\n<p>Cependant, les informations concernant le vaccin de la fi\u00e8vre jaune fournies par les autorit\u00e9s tanzaniennes manquent de claret\u00e9. Ce vaccin est cens\u00e9 \u00eatre obligatoire uniquement si vous arrivez d&rsquo;un pays o\u00f9 la maladie est end\u00e9mique. Dans les faits, il est pourtant souvent demand\u00e9 au voyageur de pr\u00e9senter un certificat de vaccination pour pouvoir entrer dans le pays.&nbsp;<\/p>\n\n\n\n<h2 class=\"wp-block-heading\"><span class=\"ez-toc-section\" id=\"les-vaccins-recommandes-pour-la-tanzanie\"><\/span>Les vaccins recommand\u00e9s pour la Tanzanie<span class=\"ez-toc-section-end\"><\/span><\/h2>\n\n\n\n<figure class=\"wp-block-table\"><table><thead><tr><th>Vaccin<\/th><th>Recommand\u00e9 pour<\/th><th>Quand le faire ?<\/th><th>Rappel ?<\/th><\/tr><\/thead><tbody><tr><td>H\u00e9patite A<\/td><td>Recommand\u00e9 pour tous, pour tous les voyages et notamment pour les personnes souffrant d\u2019une maladie chronique du foie ou de mucoviscidose<\/td><td>1 injection 15 jours avant le d\u00e9part<\/td><td>Oui, 12 \u00e0 36 mois (ou 5 ans selon la sp\u00e9cialit\u00e9)<\/td><\/tr><tr><td>H\u00e9patite B<\/td><td>Recommand\u00e9 sur le carnet vaccinal, puis pour les voyages fr\u00e9quents ou prolong\u00e9s et l\u2019exposition \u00e0 des comportements \u00e0 risques (sexuels, drogues)<\/td><td>2 injections espac\u00e9es d\u2019un mois (vaccination en acc\u00e9l\u00e9r\u00e9 possible)<\/td><td>Oui, \u00e0 6 mois<\/td><\/tr><tr><td>Rage<\/td><td>Recommand\u00e9 pour les voyages prolong\u00e9s ou aventureux, dans des situations d\u2019isolement<\/td><td>3 injections \u00e0 J0, J7 et J21 ou 28 avant le d\u00e9part<\/td><td>Non, sauf si exposition av\u00e9r\u00e9e ou suspect\u00e9e<\/td><\/tr><tr><td>Typho\u00efde<\/td><td>Recommand\u00e9 pour les s\u00e9jours prolong\u00e9s, avec des conditions d\u2019hygi\u00e8ne faibles<\/td><td>1 injection 15 jours avant le d\u00e9part<\/td><td>Non<\/td><\/tr><tr><td>M\u00e9ningite<\/td><td>Recommand\u00e9 pour les s\u00e9jours pendant la saison s\u00e8che ou en cas de contact prolong\u00e9 avec la population locale<\/td><td>1 injection 10 jours avant le d\u00e9part&nbsp;<\/td><td>Non<\/td><\/tr><tr><td>Fi\u00e8vre jaune<\/td><td><a href=\"https:\/\/www.who.int\/ith\/chapters\/ithcountrylistFR.pdf?ua=1\" target=\"_blank\" rel=\"noopener\">Obligatoire<\/a> si vous arrivez d\u2019un pays o\u00f9 la fi\u00e8vre jaune est end\u00e9mique. Reste fortement recommand\u00e9.&nbsp;<\/td><td>1 injection au moins 10 jours avant le d\u00e9part<\/td><td>Non<\/td><\/tr><\/tbody><\/table><figcaption>Les vaccins conseill\u00e9s pour la Tanzanie<\/figcaption><\/figure>\n\n\n\n<h2 class=\"wp-block-heading\"><span class=\"ez-toc-section\" id=\"les-recommandations-en-matiere-de-sante-en-tanzanie\"><\/span>Les recommandations en mati\u00e8re de sant\u00e9 en Tanzanie<span class=\"ez-toc-section-end\"><\/span><\/h2>\n\n\n\n<h3 class=\"wp-block-heading\">Les risques sanitaires<\/h3>\n\n\n\n<p>Un <a class=\"rank-math-link\" href=\"https:\/\/mistersafari.com\/fr\/safari-tanzanie\/\">safari en Tanzanie<\/a>, comme dans beaucoup de pays d\u2019Afrique, n\u2019est pas sans risque pour la sant\u00e9. Il est bon de s\u2019informer et de se pr\u00e9parer au mieux pour toutes les \u00e9ventualit\u00e9s.<\/p>\n\n\n\n<p>Le paludisme est tr\u00e8s pr\u00e9sent toute l\u2019ann\u00e9e, dans tout le pays et notamment dans la r\u00e9gion de Dar-Es-Salaam. Cette maladie est transmise par les moustiques, qui sont encore plus largement pr\u00e9sents et actifs pendant les p\u00e9riodes chaudes et humides. Seules les zones au-del\u00e0 de 1500 m\u00e8tres d\u2019altitude sont relativement \u00e9pargn\u00e9es. Dengue et Chikungunya sont \u00e9galement des maladies v\u00e9hicul\u00e9es par les moustiques.&nbsp;<\/p>\n\n\n\n<p>La m\u00e9ningite est une maladie pr\u00e9sente en Tanzanie et il est important d\u2019\u00eatre \u00e0 jour de sa vaccination.&nbsp;<\/p>\n\n\n\n<p>On observe des cas de chol\u00e9ra dans les zones urbaines.&nbsp;<\/p>\n\n\n\n<p>De tr\u00e8s rares cas de trypanosomiase (ou maladie du sommeil) ont \u00e9t\u00e9 observ\u00e9s chez des touristes r\u00e9alisant un safari. Transmise par les mouches ts\u00e9-ts\u00e9, seule une protection contre les insectes est efficace.&nbsp;<\/p>\n\n\n\n<p>Enfin, le Nord du pays (r\u00e9gion d\u2019<a href=\"https:\/\/mistersafari.com\/fr\/safari-tanzanie\/parcs-reserves\/arusha\/\">Arusha<\/a>) est touch\u00e9 par des cas de fi\u00e8vre de la vall\u00e9e du Rift. Il s\u2019agit d\u2019une maladie du b\u00e9tail transmise par le lait, le sang ou les moustiques.&nbsp;<\/p>\n\n\n\n<h3 class=\"wp-block-heading\">Les pr\u00e9cautions \u00e0 prendre sur place<\/h3>\n\n\n\n<p>Pour vous prot\u00e9ger de ces maladies et limiter au maximum les risques, plusieurs bonnes pratiques sont \u00e0 adopter lors de votre safari en Tanzanie.&nbsp;<\/p>\n\n\n\n<p>Contre les moustiques, assurez-vous :<\/p>\n\n\n\n<ul class=\"wp-block-list\"><li>d\u2019appliquer des produits r\u00e9pulsifs, sur vous mais aussi vos v\u00eatements, les moustiquaires, votre v\u00e9hicule, \u2026 ;<\/li><li>de porter des v\u00eatements couvrants, amples et l\u00e9gers ;<\/li><li>d\u2019utiliser des moustiquaires aux fen\u00eatres de votre h\u00e9bergement, de votre v\u00e9hicule, d\u2019allumer la climatisation.&nbsp;<\/li><\/ul>\n\n\n\n<p><strong>Selon la ou les zones visit\u00e9es pendant votre <\/strong><a class=\"rank-math-link\" href=\"https:\/\/mistersafari.com\/fr\/safari-tanzanie\/circuit\/\"><strong>circuit safari<\/strong><\/a><strong> en Tanzanie, un traitement pr\u00e9ventif antipaludique peut \u00eatre envisag\u00e9. Parlez-en \u00e0 votre m\u00e9decin.&nbsp;<\/strong><\/p>\n\n\n\n<p>Les r\u00e8gles concernant l\u2019alimentation sont les suivantes :<\/p>\n\n\n\n<ul class=\"wp-block-list\"><li>manger des aliments cuits ;<\/li><li>laver et \u00e9plucher les fruits et l\u00e9gumes ;<\/li><li>\u00e9viter les jus de fruits frais, glaces, gla\u00e7ons, crudit\u00e9s, plats r\u00e9chauff\u00e9s ;<\/li><li>consommer du lait pasteuris\u00e9 ou bouilli ;<\/li><li>boire de l\u2019eau en bouteille ou rendue potable.<\/li><\/ul>\n\n\n\n<p>Enfin, quelques r\u00e8gles d\u2019hygi\u00e8ne sont \u00e0 respecter :<\/p>\n\n\n\n<ul class=\"wp-block-list\"><li>lavez-vous les mains r\u00e9guli\u00e8rement, avant et apr\u00e8s chaque repas et apr\u00e8s avoir utilis\u00e9 les toilettes ;<\/li><li>\u00e9loignez vous et ne touchez pas les animaux sauvages et errants, ni les d\u00e9jections ;&nbsp;<\/li><li>ne vous baignez pas dans des eaux stagnantes.<\/li><\/ul>\n\n\n\n<h3 class=\"wp-block-heading\">Les frais de sant\u00e9 sur place<\/h3>\n\n\n\n<p>Si pendant votre s\u00e9jour, vous devez vous faire procurer des soins de sant\u00e9, seule une assurance voyage pourra couvrir les frais li\u00e9s aux soins ou \u00e0 l\u2019\u00e9ventuel rapatriement, dans les limites de la garantie souscrite. Pensez donc \u00e0 souscrire \u00e0 une telle assurance et \u00e0 v\u00e9rifier le niveau de couverture avant votre d\u00e9part.&nbsp;<\/p>\n\n\n\n<p>Les infrastructures de sant\u00e9 en Tanzanie sont correctes, notamment \u00e0 Dar es-Salam, \u00e0 Arusha et \u00e0 Stone Town.&nbsp;<\/p>\n\n\n\n<h2 class=\"wp-block-heading\"><span class=\"ez-toc-section\" id=\"liens-utiles\"><\/span>Liens utiles<span class=\"ez-toc-section-end\"><\/span><\/h2>\n\n\n\n<ul class=\"wp-block-list\"><li><a href=\"https:\/\/www.diplomatie.gouv.fr\/fr\/conseils-aux-voyageurs\/conseils-par-pays-destination\/tanzanie\/#sante\" target=\"_blank\" aria-label=\" (opens in a new tab)\" rel=\"noreferrer noopener\" class=\"rank-math-link\">Les recommandations du Gouvernement&nbsp;<\/a><\/li><li><a href=\"https:\/\/www.pasteur.fr\/fr\/centre-medical\/preparer-son-voyage\/tanzanie\" target=\"_blank\" aria-label=\" (opens in a new tab)\" rel=\"noreferrer noopener\" class=\"rank-math-link\">Les recommandations de l\u2019Institut Pasteur<\/a><\/li><li><a class=\"rank-math-link\" href=\"https:\/\/www.pasteur.fr\/fr\/centre-medical\/vaccination\/calendrier-vaccinal\" target=\"_blank\" rel=\"noopener\">Le calendrier vaccinal&nbsp;<\/a><\/li><li><a class=\"rank-math-link\" href=\"https:\/\/www.who.int\/fr\/\" target=\"_blank\" rel=\"noopener\">L\u2019OMS<\/a> et<a href=\"https:\/\/www.who.int\/topics\/yellow_fever\/fr\/\" target=\"_blank\" aria-label=\" (opens in a new tab)\" rel=\"noreferrer noopener\" class=\"rank-math-link\"> La fi\u00e8vre jaune par l\u2019OMS<\/a><\/li><\/ul>\n\n\n\n<h2 class=\"wp-block-heading\"><span class=\"ez-toc-section\" id=\"faq\"><\/span>FAQ<span class=\"ez-toc-section-end\"><\/span><\/h2>\n\n\n<div id=\"rank-math-faq\" class=\"rank-math-block\">\n<div class=\"rank-math-list \">\n<div id=\"faq-question-1616167493417\" class=\"rank-math-list-item\">\n<h3 class=\"rank-math-question \">Quels sont les vaccins obligatoires pour la Tanzanie ?<\/h3>\n<div class=\"rank-math-answer \">\n\n<p>Aucun vaccin n\u2019est obligatoire pour la Tanzanie. Cependant, il est fortement recommand\u00e9 d\u2019\u00eatre \u00e0 jour de son carnet vaccinal. De plus, la l\u00e9gislation concernant la fi\u00e8vre jaune est ambig\u00fce et il est souvent conseill\u00e9 aux voyageurs de disposer d\u2019un certificat de vaccination pour entrer le territoire.\u00a0<\/p>\n\n<\/div>\n<\/div>\n<div id=\"faq-question-1616167497415\" class=\"rank-math-list-item\">\n<h3 class=\"rank-math-question \">Quelles sont les pr\u00e9cautions \u00e0 prendre en Afrique du Sud en termes de sant\u00e9 ?<\/h3>\n<div class=\"rank-math-answer \">\n\n<p>Lors d\u2019un safari en Tanzanie, des mesures de protection efficaces contre les moustiques sont primordiales. Il faudra aussi adopter de bonnes r\u00e8gles d\u2019hygi\u00e8ne et \u00eatre vigilant quant \u00e0 la nourriture.\u00a0<\/p>\n\n<\/div>\n<\/div>\n<\/div>\n<\/div>","protected":false},"excerpt":{"rendered":"<p>\u00c9tape importante dans la pr\u00e9paration de votre safari en Tanzanie, la question de la sant\u00e9 n\u2019est pas \u00e0 oublier. Quelle est la r\u00e9glementation en termes de vaccination ? Quelles sont les pr\u00e9cautions \u00e0 prendre sur place ? Retrouvez ici tous nos conseils concernant les vaccins pour la Tanzanie.&nbsp; Existe-t-il des vaccins obligatoires pour la Tanzanie &#8230; <a title=\"Quels vaccins pour la Tanzanie ?\" class=\"read-more\" href=\"https:\/\/mistersafari.com\/fr\/safari-tanzanie\/vaccins\/\" aria-label=\"En savoir plus sur Quels vaccins pour la Tanzanie ?\">Lire la suite<\/a><\/p>\n","protected":false},"author":2,"featured_media":1860,"parent":932,"menu_order":5,"comment_status":"closed","ping_status":"closed","template":"","meta":{"_acf_changed":false,"footnotes":""},"content_type":[],"country":[],"class_list":{"0":"post-1857","1":"page","2":"type-page","3":"status-publish","4":"has-post-thumbnail","6":"no-featured-image-padding"},"acf":{"hreflang":[{"alternative_url":"https:\/\/mistersafari.com\/tanzania\/info\/vaccines\/","language":"en"}]},"_links":{"self":[{"href":"https:\/\/mistersafari.com\/fr\/wp-json\/wp\/v2\/pages\/1857","targetHints":{"allow":["GET"]}}],"collection":[{"href":"https:\/\/mistersafari.com\/fr\/wp-json\/wp\/v2\/pages"}],"about":[{"href":"https:\/\/mistersafari.com\/fr\/wp-json\/wp\/v2\/types\/page"}],"author":[{"embeddable":true,"href":"https:\/\/mistersafari.com\/fr\/wp-json\/wp\/v2\/users\/2"}],"replies":[{"embeddable":true,"href":"https:\/\/mistersafari.com\/fr\/wp-json\/wp\/v2\/comments?post=1857"}],"version-history":[{"count":6,"href":"https:\/\/mistersafari.com\/fr\/wp-json\/wp\/v2\/pages\/1857\/revisions"}],"predecessor-version":[{"id":6310,"href":"https:\/\/mistersafari.com\/fr\/wp-json\/wp\/v2\/pages\/1857\/revisions\/6310"}],"up":[{"embeddable":true,"href":"https:\/\/mistersafari.com\/fr\/wp-json\/wp\/v2\/pages\/932"}],"wp:featuredmedia":[{"embeddable":true,"href":"https:\/\/mistersafari.com\/fr\/wp-json\/wp\/v2\/media\/1860"}],"wp:attachment":[{"href":"https:\/\/mistersafari.com\/fr\/wp-json\/wp\/v2\/media?parent=1857"}],"wp:term":[{"taxonomy":"content_type","embeddable":true,"href":"https:\/\/mistersafari.com\/fr\/wp-json\/wp\/v2\/content_type?post=1857"},{"taxonomy":"country","embeddable":true,"href":"https:\/\/mistersafari.com\/fr\/wp-json\/wp\/v2\/country?post=1857"}],"curies":[{"name":"wp","href":"https:\/\/api.w.org\/{rel}","templated":true}]}}