{"id":1849,"date":"2021-03-19T15:13:30","date_gmt":"2021-03-19T15:13:30","guid":{"rendered":"https:\/\/mistersafari.com\/fr\/?page_id=1849"},"modified":"2021-09-06T15:40:24","modified_gmt":"2021-09-06T15:40:24","slug":"animaux","status":"publish","type":"page","link":"https:\/\/mistersafari.com\/fr\/safari-tanzanie\/animaux\/","title":{"rendered":"Les animaux en Tanzanie"},"content":{"rendered":"\n<p>Un safari en Tanzanie, c\u2019est avant tout un voyage pour partir \u00e0 la rencontre des animaux les plus embl\u00e9matiques d\u2019Afrique dans des paysages inoubliables. D\u00e9couvrez dans cet article les principaux animaux sauvages que vous pourrez observer en Tanzanie.&nbsp;<\/p>\n\n\n<div id=\"ez-toc-container\" class=\"ez-toc-v2_0_76 counter-flat ez-toc-counter ez-toc-custom ez-toc-container-direction\">\n<div class=\"ez-toc-title-container\"><p class=\"ez-toc-title\" style=\"cursor:inherit\">Sommaire<\/p>\n<\/div><nav><ul class='ez-toc-list ez-toc-list-level-1 ' ><li class='ez-toc-page-1'><a class=\"ez-toc-link ez-toc-heading-1\" href=\"https:\/\/mistersafari.com\/fr\/safari-tanzanie\/animaux\/#quels-sont-les-principaux-animaux-de-la-tanzanie\" >Quels sont les principaux animaux de la Tanzanie ?<\/a><\/li><li class='ez-toc-page-1'><a class=\"ez-toc-link ez-toc-heading-2\" href=\"https:\/\/mistersafari.com\/fr\/safari-tanzanie\/animaux\/#ou-voir-les-animaux-en-tanzanie\" >O\u00f9 voir les animaux en Tanzanie ?<\/a><\/li><li class='ez-toc-page-1'><a class=\"ez-toc-link ez-toc-heading-3\" href=\"https:\/\/mistersafari.com\/fr\/safari-tanzanie\/animaux\/#quelle-est-la-meilleure-periode-pour-voir-les-animaux-en-tanzanie\" >Quelle est la meilleure p\u00e9riode pour voir les animaux en Tanzanie ?<\/a><\/li><li class='ez-toc-page-1'><a class=\"ez-toc-link ez-toc-heading-4\" href=\"https:\/\/mistersafari.com\/fr\/safari-tanzanie\/animaux\/#faq\" >FAQ<\/a><\/li><\/ul><\/nav><\/div>\n\n\n\n\n<h2 class=\"wp-block-heading\"><span class=\"ez-toc-section\" id=\"quels-sont-les-principaux-animaux-de-la-tanzanie\"><\/span>Quels sont les principaux animaux de la Tanzanie ?<span class=\"ez-toc-section-end\"><\/span><\/h2>\n\n\n\n<p>Avec ses vastes <a class=\"rank-math-link\" href=\"https:\/\/mistersafari.com\/fr\/safari-tanzanie\/parcs-reserves\/\">parcs et r\u00e9serves<\/a> non cl\u00f4tur\u00e9s, la Tanzanie est un lieu id\u00e9al pour les animaux sauvages qui peuvent circuler librement \u00e0 travers la savane tanzanienne. Le pays est notamment r\u00e9put\u00e9 pour ses c\u00e9l\u00e8bres mouvements migratoires. Esp\u00e8ces en voie de disparition ou populations denses, voici une liste non exhaustive des animaux qui vivent en Tanzanie.<\/p>\n\n\n\n<h3 class=\"wp-block-heading\">Les mammif\u00e8res terrestres<\/h3>\n\n\n\n<figure class=\"wp-block-table\"><table class=\"has-fixed-layout\"><thead><tr><th><strong>Nom<\/strong><\/th><th><strong>Taille<\/strong><\/th><th><strong>Poids<\/strong><\/th><th><strong>Long\u00e9vit\u00e9<\/strong><\/th><\/tr><\/thead><tbody><tr><td>Lion<\/td><td>1m \u00e0 1m30<\/td><td>Jusqu\u2019\u00e0 260 kg<\/td><td>13-15 ans<\/td><\/tr><tr><td>Rhinoc\u00e9ros noir&nbsp;<\/td><td>1m30 \u00e0 1m90<\/td><td>Jusqu\u2019\u00e0 1400 kg<\/td><td>40-50 ans<\/td><\/tr><tr><td>El\u00e9phant<\/td><td>5m50 \u00e0 6m50<\/td><td>Jusqu\u2019\u00e0 6000 kg<\/td><td>60-70 ans<\/td><\/tr><tr><td>Girafe (masa\u00ef)<\/td><td>5m \u00e0 6m50<\/td><td>Jusqu\u2019\u00e0 1500 kg<\/td><td>25-35 ans<\/td><\/tr><tr><td>L\u00e9opard<\/td><td>55 \u00e0 80 cm<\/td><td>Jusqu\u2019\u00e0 80 kg<\/td><td>12-17 ans<\/td><\/tr><tr><td>Buffle<\/td><td>1m60<\/td><td>Jusqu\u2019\u00e0 900 kg<\/td><td>15-18 ans<\/td><\/tr><tr><td>Gu\u00e9pard<\/td><td>75 \u00e0 85 cm<\/td><td>Jusqu\u2019\u00e0 70 kg<\/td><td>12-14 ans<\/td><\/tr><tr><td>Z\u00e8bre<\/td><td>1m20 \u00e0 1m40<\/td><td>Jusqu\u2019\u00e0 350 kg<\/td><td>25-30 ans<\/td><\/tr><tr><td>Hy\u00e8ne tachet\u00e9e<\/td><td>80 \u00e0 85 cm<\/td><td>Jusqu\u2019\u00e0 70 kg<\/td><td>12 ans<\/td><\/tr><tr><td>Hippopotame<\/td><td>1m50<\/td><td>Jusqu\u2019\u00e0 3000 kg<\/td><td>40-50 ans<\/td><\/tr><tr><td>Gnou bleu<\/td><td>98 \u00e0 147 cm<\/td><td>Jusqu\u2019\u00e0 270 kg<\/td><td>15 \u00e0 40 ans<\/td><\/tr><tr><td>Phacoch\u00e8re<\/td><td>90 \u00e0 150 cm<\/td><td>Jusqu\u2019\u00e0 150kg<\/td><td>15 \u00e0 18 ans<\/td><\/tr><tr><td>Impala<\/td><td>80cm \u00e0 90 cm<\/td><td>Jusqu\u2019\u00e0 75 kg<\/td><td>12 ans<\/td><\/tr><tr><td>Gazelle de Thomson<\/td><td>55 \u00e0 82 cm<\/td><td>Jusqu\u2019\u00e0 35 kg<\/td><td>10 ans<\/td><\/tr><tr><td>Eland du Cap<\/td><td>125 \u00e0 180 cm<\/td><td>Jusqu\u2019\u00e0 800 kg<\/td><td>15 \u00e0 18 ans<\/td><\/tr><tr><td>Singe bleu<\/td><td>50 \u00e0 60 cm<\/td><td>Jusqu\u2019\u00e0 6 kg<\/td><td>25 \u00e0 30 ans<\/td><\/tr><tr><td>Singe vervet<\/td><td>40 \u00e0 70 cm<\/td><td>Jusqu\u2019\u00e0 6 kg<\/td><td>12 ans<\/td><\/tr><tr><td>Babouin<\/td><td>69 cm<\/td><td>Jusqu\u2019\u00e0 18 kg<\/td><td>35 \u00e0 45 ans<\/td><\/tr><\/tbody><\/table><figcaption>Les principaux mammif\u00e8res terrestres de Tanzanie<\/figcaption><\/figure>\n\n\n\n<div class=\"wp-block-image\"><figure class=\"aligncenter size-large\"><img loading=\"lazy\" decoding=\"async\" width=\"1024\" height=\"683\" src=\"https:\/\/mk0mistersafarimcosm.kinstacdn.com\/wp-content\/uploads\/sites\/2\/girafe-tanzanie-1024x683.jpg\" alt=\"girafe tanzanie\" class=\"wp-image-1852\" srcset=\"https:\/\/mistersafari.com\/fr\/wp-content\/uploads\/sites\/2\/girafe-tanzanie-1024x683.jpg 1024w, https:\/\/mistersafari.com\/fr\/wp-content\/uploads\/sites\/2\/girafe-tanzanie-300x200.jpg 300w, https:\/\/mistersafari.com\/fr\/wp-content\/uploads\/sites\/2\/girafe-tanzanie-768x512.jpg 768w, https:\/\/mistersafari.com\/fr\/wp-content\/uploads\/sites\/2\/girafe-tanzanie.jpg 1200w\" sizes=\"auto, (max-width: 1024px) 100vw, 1024px\" \/><\/figure><\/div>\n\n\n\n<h3 class=\"wp-block-heading\">Les oiseaux<\/h3>\n\n\n\n<figure class=\"wp-block-table\"><table class=\"has-fixed-layout\"><thead><tr><th><strong>Nom<\/strong><\/th><th><strong>Taille<\/strong><\/th><th><strong>Poids<\/strong><\/th><th><strong>Long\u00e9vit\u00e9<\/strong><\/th><\/tr><\/thead><tbody><tr><td><\/td><td><\/td><td><strong>Poids<\/strong><\/td><td><strong>Long\u00e9vit\u00e9<\/strong><\/td><\/tr><tr><td>Martin chasseur<\/td><td>45 cm<\/td><td>500 gr<\/td><td>20 \u00e0 30 ans<\/td><\/tr><tr><td>Ibis sacr\u00e9<\/td><td>65 \u00e0 75 cm<\/td><td>Jusqu\u2019\u00e0 1500 gr<\/td><td>20 \u00e0 25 ans<\/td><\/tr><tr><td>Pelican<\/td><td>145 \u00e0 175 cm<\/td><td>Jusqu\u2019\u00e0 11 kg<\/td><td>20 \u00e0 25 ans<\/td><\/tr><tr><td>Grue royale<\/td><td>100 \u00e0 110 cm<\/td><td>Jusqu\u2019\u00e0 4 kg<\/td><td>15 \u00e0 20 ans<\/td><\/tr><tr><td>Marabout d\u2019Afrique<\/td><td>1m50<\/td><td>Jusqu\u2019\u00e0 9 kg<\/td><td>25 ans<\/td><\/tr><tr><td>Flamant rose<\/td><td>1m60<\/td><td>Jusqu\u2019\u00e0 3,5 kg<\/td><td>35 ans<\/td><\/tr><tr><td>Autruche<\/td><td>2m50<\/td><td>Jusqu\u2019\u00e0 150 kg<\/td><td>40 ans<\/td><\/tr><\/tbody><\/table><figcaption>Les principaux oiseaux de Tanzanie<\/figcaption><\/figure>\n\n\n\n<h3 class=\"wp-block-heading\">Les reptiles<\/h3>\n\n\n\n<figure class=\"wp-block-table\"><table class=\"has-fixed-layout\"><thead><tr><th><strong>Nom<\/strong><\/th><th><strong>Taille<\/strong><\/th><th><strong>Poids<\/strong><\/th><th><strong>Long\u00e9vit\u00e9<\/strong><\/th><\/tr><\/thead><tbody><tr><td>Crocodile<\/td><td>2 \u00e0 7m<\/td><td>Jusqu\u2019\u00e0 500 kg<\/td><td>70 \u00e0 100 ans<\/td><\/tr><tr><td>Tortue g\u00e9ante<\/td><td>1m<\/td><td>Jusqu\u2019\u00e0 250 kg<\/td><td>100 ans<\/td><\/tr><tr><td>Gecko<\/td><td>15 \u00e0 25 cm<\/td><td>Jusqu\u2019\u00e0 100 gr<\/td><td>10 \u00e0 20 ans<\/td><\/tr><\/tbody><\/table><figcaption>Les principaux reptiles de Tanzanie<\/figcaption><\/figure>\n\n\n\n<div class=\"wp-block-image\"><figure class=\"aligncenter size-large\"><img loading=\"lazy\" decoding=\"async\" width=\"1024\" height=\"682\" src=\"https:\/\/mk0mistersafarimcosm.kinstacdn.com\/wp-content\/uploads\/sites\/2\/reptile-tanzanie-1024x682.jpg\" alt=\"\" class=\"wp-image-1853\" srcset=\"https:\/\/mistersafari.com\/fr\/wp-content\/uploads\/sites\/2\/reptile-tanzanie-1024x682.jpg 1024w, https:\/\/mistersafari.com\/fr\/wp-content\/uploads\/sites\/2\/reptile-tanzanie-300x200.jpg 300w, https:\/\/mistersafari.com\/fr\/wp-content\/uploads\/sites\/2\/reptile-tanzanie-768x511.jpg 768w, https:\/\/mistersafari.com\/fr\/wp-content\/uploads\/sites\/2\/reptile-tanzanie.jpg 1200w\" sizes=\"auto, (max-width: 1024px) 100vw, 1024px\" \/><\/figure><\/div>\n\n\n\n<h3 class=\"wp-block-heading\">La faune aquatique<\/h3>\n\n\n\n<figure class=\"wp-block-table\"><table class=\"has-fixed-layout\"><thead><tr><th><strong>Nom<\/strong><\/th><th><strong>Taille<\/strong><\/th><th><strong>Poids<\/strong><\/th><th><strong>Long\u00e9vit\u00e9<\/strong><\/th><\/tr><\/thead><tbody><tr><td>Tortue<\/td><td>120 cm<\/td><td>Jusqu\u2019\u00e0 200 kg<\/td><td>70 ans<\/td><\/tr><tr><td>Dauphin<\/td><td>2m \u00e0 2m50<\/td><td>Jusqu\u2019\u00e0 150 kg<\/td><td>50 ans<\/td><\/tr><tr><td>Requin-baleine<\/td><td>4 \u00e0 14 m<\/td><td>Jusqu\u2019\u00e0 12 tonnes<\/td><td>100 \u00e0 150 ans<\/td><\/tr><\/tbody><\/table><figcaption>La faune aquatique de Tanzanie<\/figcaption><\/figure>\n\n\n\n<h2 class=\"wp-block-heading\"><span class=\"ez-toc-section\" id=\"ou-voir-les-animaux-en-tanzanie\"><\/span>O\u00f9 voir les animaux en Tanzanie ?<span class=\"ez-toc-section-end\"><\/span><\/h2>\n\n\n\n<p>La Tanzanie compte un large nombre de parcs et r\u00e9serves r\u00e9partis sur tout le territoire et avec chacun leurs sp\u00e9cificit\u00e9s.&nbsp;<\/p>\n\n\n\n<p>Le <a href=\"https:\/\/mistersafari.com\/fr\/safari-tanzanie\/parcs-reserves\/parc-national-serengeti\/\">Parc de Serengeti<\/a> et le <a href=\"https:\/\/mistersafari.com\/fr\/safari-tanzanie\/parcs-reserves\/cratere-ngorongoro\/\">Crat\u00e8re de Ngorongoro<\/a> au Nord du pays sont les plus c\u00e9l\u00e8bres et poss\u00e8dent les populations d\u2019animaux les plus denses. On d\u00e9nombre beaucoup de pr\u00e9dateurs (lions et hy\u00e8nes) aux c\u00f4t\u00e9s des herbivores offrant ainsi des spectacles de chasse insolites. Sans oublier le l\u00e9gendaire ph\u00e9nom\u00e8ne migratoire entre le Serengeti et la <a href=\"https:\/\/mistersafari.com\/fr\/safari-kenya\/parcs-reserves\/masai-mara\/\">R\u00e9serve de Masa\u00ef Mara<\/a> qui vaut le d\u00e9tour.<\/p>\n\n\n\n<p>Les \u00e9l\u00e9phants sont pr\u00e9sents en grand nombre dans la <a class=\"rank-math-link\" href=\"https:\/\/mistersafari.com\/fr\/safari-tanzanie\/parcs-reserves\/reserve-selous\/\">R\u00e9serve de Selous<\/a>, le <a class=\"rank-math-link\" href=\"https:\/\/mistersafari.com\/fr\/safari-tanzanie\/parcs-reserves\/parc-national-tarangire\/\">Parc de Tarangire<\/a>, le <a class=\"rank-math-link\" href=\"https:\/\/mistersafari.com\/fr\/safari-tanzanie\/parcs-reserves\/parc-ruaha\/\">Parc de Ruaha<\/a>  et le <a href=\"https:\/\/mistersafari.com\/fr\/safari-tanzanie\/parcs-reserves\/parc-national-saadani\/\" data-type=\"page\" data-id=\"3873\">Parc de Saadani<\/a>. C\u2019est aussi dans ces trois derniers parcs que vous pourrez observer de nombreuses esp\u00e8ces d\u2019oiseaux. On en d\u00e9nombre plus de 500 !\u00a0<\/p>\n\n\n\n<p>Concernant les esp\u00e8ces rares, le <a href=\"https:\/\/mistersafari.com\/fr\/safari-tanzanie\/parcs-reserves\/arusha\/\">Parc d\u2019Arusha<\/a> abrite de nombreux colobes noirs et blancs. Les lycaons sont aussi exceptionnellement pr\u00e9sents dans la <a href=\"https:\/\/mistersafari.com\/fr\/safari-tanzanie\/parcs-reserves\/reserve-selous\/\">R\u00e9serve de Selous<\/a>.&nbsp;<\/p>\n\n\n\n<p>Les amateurs de primates auront tout int\u00e9r\u00eat \u00e0 visiter le <a href=\"https:\/\/mistersafari.com\/fr\/safari-tanzanie\/parcs-reserves\/udzungwa\/\">Parc National d\u2019Udzungwa<\/a>. De m\u00eame, le <a href=\"https:\/\/mistersafari.com\/fr\/safari-tanzanie\/parcs-reserves\/parc-national-gombe\/\">Parc National de Gombe Stream<\/a> et le <a href=\"https:\/\/mistersafari.com\/fr\/safari-tanzanie\/parcs-reserves\/parc-monts-mahale\/\">Parc National des Monts Mahale<\/a> sont des espaces prot\u00e9g\u00e9s pour les chimpanz\u00e9s et autres primates.<\/p>\n\n\n\n<div class=\"wp-block-image\"><figure class=\"aligncenter size-large\"><img loading=\"lazy\" decoding=\"async\" width=\"1024\" height=\"768\" src=\"https:\/\/mk0mistersafarimcosm.kinstacdn.com\/wp-content\/uploads\/sites\/2\/troupeau-tanzanie-1024x768.jpg\" alt=\"troupeau tanzanie\" class=\"wp-image-1854\" srcset=\"https:\/\/mistersafari.com\/fr\/wp-content\/uploads\/sites\/2\/troupeau-tanzanie-1024x768.jpg 1024w, https:\/\/mistersafari.com\/fr\/wp-content\/uploads\/sites\/2\/troupeau-tanzanie-300x225.jpg 300w, https:\/\/mistersafari.com\/fr\/wp-content\/uploads\/sites\/2\/troupeau-tanzanie-768x576.jpg 768w, https:\/\/mistersafari.com\/fr\/wp-content\/uploads\/sites\/2\/troupeau-tanzanie.jpg 1200w\" sizes=\"auto, (max-width: 1024px) 100vw, 1024px\" \/><\/figure><\/div>\n\n\n\n<p>Vous l\u2019aurez compris, pour avoir toutes les chances de rencontrer un maximum d\u2019animaux, un safari en Tanzanie doit se r\u00e9aliser sous la forme d\u2019un <a class=\"rank-math-link\" href=\"https:\/\/mistersafari.com\/fr\/safari-tanzanie\/circuit\/\">circuit <\/a>qui vous emm\u00e8nera \u00e0 travers les diff\u00e9rentes r\u00e9gions du pays.&nbsp;<\/p>\n\n\n\n<h2 class=\"wp-block-heading\"><span class=\"ez-toc-section\" id=\"quelle-est-la-meilleure-periode-pour-voir-les-animaux-en-tanzanie\"><\/span>Quelle est la meilleure p\u00e9riode pour voir les animaux en Tanzanie ?<span class=\"ez-toc-section-end\"><\/span><\/h2>\n\n\n\n<p>La p\u00e9riode la plus propice pour observer les animaux en Tanzanie est pendant la saison s\u00e8che, c\u2019est-\u00e0-dire entre juin et octobre. Les points d\u2019eau s\u2019ass\u00e8chent et les animaux se rassemblent autour des sources qui se font de plus en plus rares. Les v\u00e9g\u00e9tations sont aussi plus rases, permettant de pouvoir apercevoir et observer les animaux m\u00eame de loin.&nbsp;nim<\/p>\n\n\n\n<p>M\u00eame s\u2019il existe des disparit\u00e9s d\u2019une r\u00e9gion \u00e0 l\u2019autre, le climat est dans l\u2019ensemble plus agr\u00e9able pendant cette saison. Le taux d\u2019humidit\u00e9 est bas et les temp\u00e9ratures tr\u00e8s cl\u00e9mentes.&nbsp;<\/p>\n\n\n\n<p>Pour en savoir plus :<a href=\"https:\/\/mistersafari.com\/fr\/safari-tanzanie\/quand-partir\/\"> Quand partir en Tanzanie (m\u00e9t\u00e9o et climat)<\/a> ?<\/p>\n\n\n\n<h2 class=\"wp-block-heading\"><span class=\"ez-toc-section\" id=\"faq\"><\/span>FAQ<span class=\"ez-toc-section-end\"><\/span><\/h2>\n\n\n<div id=\"rank-math-faq\" class=\"rank-math-block\">\n<div class=\"rank-math-list \">\n<div id=\"faq-question-1616166459018\" class=\"rank-math-list-item\">\n<h3 class=\"rank-math-question \">Quels animaux peut-on voir en Tanzanie ?\u00a0<\/h3>\n<div class=\"rank-math-answer \">\n\n<p>En Tanzanie, vous pourrez observer de vastes populations d\u2019animaux, dont le Big Five, mais aussi des girafes, crocodiles, z\u00e8bres et chimpanz\u00e9s, plus de 600 esp\u00e8ces d\u2019oiseaux et des animaux marins comme les dauphins, des poissons multicolores ou des tortues.\u00a0<\/p>\n\n<\/div>\n<\/div>\n<div id=\"faq-question-1616166464923\" class=\"rank-math-list-item\">\n<h3 class=\"rank-math-question \">Quels parcs visiter pour voir les animaux de la Tanzanie ?<\/h3>\n<div class=\"rank-math-answer \">\n\n<p>Chacun des parcs et r\u00e9serves de Tanzanie a sa propre particularit\u00e9 : le serengeti et ses herbivores et pr\u00e9dateurs, les \u00e9l\u00e9phants de Tarangire, les chimpanz\u00e9s de Gombe Stream, \u2026 L\u2019id\u00e9al est de r\u00e9aliser un circuit pour profiter au mieux de chaque r\u00e9gion.\u00a0<\/p>\n\n<\/div>\n<\/div>\n<div id=\"faq-question-1616166476456\" class=\"rank-math-list-item\">\n<h3 class=\"rank-math-question \">Quand faire un safari en Tanzanie pour voir les animaux ?\u00a0<\/h3>\n<div class=\"rank-math-answer \">\n\n<p>La saison id\u00e9ale pour observer le maximum d\u2019animaux en Tanzanie est pendant la saison s\u00e8che de juin \u00e0 octobre.\u00a0<\/p>\n\n<\/div>\n<\/div>\n<\/div>\n<\/div>","protected":false},"excerpt":{"rendered":"<p>Un safari en Tanzanie, c\u2019est avant tout un voyage pour partir \u00e0 la rencontre des animaux les plus embl\u00e9matiques d\u2019Afrique dans des paysages inoubliables. D\u00e9couvrez dans cet article les principaux animaux sauvages que vous pourrez observer en Tanzanie.&nbsp; Quels sont les principaux animaux de la Tanzanie ? Avec ses vastes parcs et r\u00e9serves non cl\u00f4tur\u00e9s, &#8230; <a title=\"Les animaux en Tanzanie\" class=\"read-more\" href=\"https:\/\/mistersafari.com\/fr\/safari-tanzanie\/animaux\/\" aria-label=\"En savoir plus sur Les animaux en Tanzanie\">Lire la suite<\/a><\/p>\n","protected":false},"author":3,"featured_media":1856,"parent":932,"menu_order":4,"comment_status":"closed","ping_status":"closed","template":"","meta":{"_acf_changed":false,"footnotes":""},"content_type":[],"country":[],"class_list":{"0":"post-1849","1":"page","2":"type-page","3":"status-publish","4":"has-post-thumbnail","6":"no-featured-image-padding"},"acf":{"hreflang":null},"_links":{"self":[{"href":"https:\/\/mistersafari.com\/fr\/wp-json\/wp\/v2\/pages\/1849","targetHints":{"allow":["GET"]}}],"collection":[{"href":"https:\/\/mistersafari.com\/fr\/wp-json\/wp\/v2\/pages"}],"about":[{"href":"https:\/\/mistersafari.com\/fr\/wp-json\/wp\/v2\/types\/page"}],"author":[{"embeddable":true,"href":"https:\/\/mistersafari.com\/fr\/wp-json\/wp\/v2\/users\/3"}],"replies":[{"embeddable":true,"href":"https:\/\/mistersafari.com\/fr\/wp-json\/wp\/v2\/comments?post=1849"}],"version-history":[{"count":5,"href":"https:\/\/mistersafari.com\/fr\/wp-json\/wp\/v2\/pages\/1849\/revisions"}],"predecessor-version":[{"id":3940,"href":"https:\/\/mistersafari.com\/fr\/wp-json\/wp\/v2\/pages\/1849\/revisions\/3940"}],"up":[{"embeddable":true,"href":"https:\/\/mistersafari.com\/fr\/wp-json\/wp\/v2\/pages\/932"}],"wp:featuredmedia":[{"embeddable":true,"href":"https:\/\/mistersafari.com\/fr\/wp-json\/wp\/v2\/media\/1856"}],"wp:attachment":[{"href":"https:\/\/mistersafari.com\/fr\/wp-json\/wp\/v2\/media?parent=1849"}],"wp:term":[{"taxonomy":"content_type","embeddable":true,"href":"https:\/\/mistersafari.com\/fr\/wp-json\/wp\/v2\/content_type?post=1849"},{"taxonomy":"country","embeddable":true,"href":"https:\/\/mistersafari.com\/fr\/wp-json\/wp\/v2\/country?post=1849"}],"curies":[{"name":"wp","href":"https:\/\/api.w.org\/{rel}","templated":true}]}}