{"id":1766,"date":"2021-02-19T08:53:50","date_gmt":"2021-02-19T08:53:50","guid":{"rendered":"https:\/\/mistersafari.com\/fr\/?page_id=1766"},"modified":"2021-04-10T18:44:50","modified_gmt":"2021-04-10T18:44:50","slug":"luxe","status":"publish","type":"page","link":"https:\/\/mistersafari.com\/fr\/safari-kenya\/luxe\/","title":{"rendered":"Safari de luxe au Kenya"},"content":{"rendered":"\n<p>Un safari au Kenya est un voyage d\u2019exception parmi les seuls \u00e0 offrir \u00e0 la fois la d\u00e9couverte de la savane africaine et le confort d\u2019un voyage luxueux et intimiste. D\u00e9couvrez tous nos conseils pour r\u00e9aliser un safari de luxe et notre s\u00e9lection des meilleurs lodges et h\u00f4tel de luxe au Kenya.<\/p>\n\n\n<div id=\"ez-toc-container\" class=\"ez-toc-v2_0_76 counter-flat ez-toc-counter ez-toc-custom ez-toc-container-direction\">\n<div class=\"ez-toc-title-container\"><p class=\"ez-toc-title\" style=\"cursor:inherit\">Sommaire<\/p>\n<\/div><nav><ul class='ez-toc-list ez-toc-list-level-1 ' ><li class='ez-toc-page-1'><a class=\"ez-toc-link ez-toc-heading-1\" href=\"https:\/\/mistersafari.com\/fr\/safari-kenya\/luxe\/#comment-organiser-un-safari-de-luxe-au-kenya\" >Comment organiser un safari de luxe au Kenya ?<\/a><\/li><li class='ez-toc-page-1'><a class=\"ez-toc-link ez-toc-heading-2\" href=\"https:\/\/mistersafari.com\/fr\/safari-kenya\/luxe\/#les-5-meilleurs-hotels-et-lodges-de-luxe-au-kenya\" >Les 5 meilleurs h\u00f4tels et lodges de luxe au Kenya<\/a><\/li><li class='ez-toc-page-1'><a class=\"ez-toc-link ez-toc-heading-3\" href=\"https:\/\/mistersafari.com\/fr\/safari-kenya\/luxe\/#safari-de-luxe-au-kenya-exemple-et-budget\" >Safari de luxe au Kenya : exemple et budget<\/a><\/li><li class='ez-toc-page-1'><a class=\"ez-toc-link ez-toc-heading-4\" href=\"https:\/\/mistersafari.com\/fr\/safari-kenya\/luxe\/#faq\" >FAQ<\/a><\/li><\/ul><\/nav><\/div>\n\n\n\n\n<h2 class=\"wp-block-heading\"><span class=\"ez-toc-section\" id=\"comment-organiser-un-safari-de-luxe-au-kenya\"><\/span>Comment organiser un safari de luxe au Kenya ?<span class=\"ez-toc-section-end\"><\/span><\/h2>\n\n\n\n<h3 class=\"wp-block-heading\">Avant le voyage<\/h3>\n\n\n\n<p>L\u2019organisation d\u2019un safari au Kenya de luxe est id\u00e9alement confi\u00e9e \u00e0 une agence sp\u00e9cialis\u00e9e dans les <a class=\"rank-math-link\" href=\"https:\/\/mistersafari.com\/fr\/safari-afrique\/\">safaris en Afrique<\/a> ou au Kenya. Leur connaissance, leur expertise et leur r\u00e9seau sur place permettent d\u2019acc\u00e9der \u00e0 des prestations luxueuses qui feront de votre s\u00e9jour un voyage exceptionnel. Vous aurez notamment la possibilit\u00e9 de visiter des concessions priv\u00e9es avec leurs logements exclusifs calmes et intimes, qui ne sont pas forc\u00e9ment ouverts aux touristes ind\u00e9pendants.&nbsp;<\/p>\n\n\n\n<p>Ces agences sont capables de concocter des safaris sur-mesure en fonction de vos pr\u00e9f\u00e9rences et de vos attentes. Vous gagnerez aussi beaucoup de temps dans les pr\u00e9paratifs de votre voyage : l\u2019organisation d\u2019un safari au Kenya est complexe.&nbsp;<\/p>\n\n\n\n<h3 class=\"wp-block-heading\">Sur place<\/h3>\n\n\n\n<p>Lors d\u2019un safari de luxe au Kenya, les voyageurs sont g\u00e9n\u00e9ralement accompagn\u00e9s et guid\u00e9s tout le long de leur voyage, avec une prise en charge depuis l\u2019a\u00e9roport. L\u2019utilisation d\u2019avion-taxis est fr\u00e9quente lors de votre <a href=\"https:\/\/mistersafari.com\/fr\/safari-kenya\/circuit\/\" class=\"rank-math-link\">circuit safari au Kenya<\/a>, afin d&rsquo;acc\u00e9der dans des temps records aux r\u00e9serves et lodges les plus privil\u00e9gi\u00e9s. Selon vos envies, certains parcs nationaux seront des incontournables de votre s\u00e9jour, comme le Parc Amboseli ou le <a href=\"https:\/\/mistersafari.com\/fr\/safari-kenya\/parcs-reserves\/parc-tsavo-est-ouest\/\">Parc Tsavo<\/a>.&nbsp;<\/p>\n\n\n\n<p>Cependant, pour r\u00e9ellement profiter d\u2019un s\u00e9jour luxueux, les r\u00e9serves priv\u00e9es sont plus exclusives et intimes et permettent d\u2019acc\u00e9der \u00e0 des zones prot\u00e9g\u00e9es. C\u2019est aussi ici que des activit\u00e9s originales ou insolites sont organis\u00e9es, comme des safaris \u00e0 pieds ou \u00e0 dos de chameaux, des tours en montgolfi\u00e8re\u2026&nbsp;<\/p>\n\n\n\n<p>Les safaris sont organis\u00e9s en 4&#215;4 avec guide\/chauffeur priv\u00e9. Vous \u00eates guid\u00e9 \u00e0 travers les <a href=\"https:\/\/mistersafari.com\/fr\/safari-kenya\/parcs-reserves\/\">parcs et r\u00e9serves du Kenya<\/a> et les guides partagent avec vous leur connaissance et capacit\u00e9 \u00e0 observer la faune.&nbsp;<\/p>\n\n\n\n<p>Un voyage luxueux au Kenya est aussi souvent agr\u00e9ment\u00e9 de quelques jours de repos sur la c\u00f4te ou sur l\u2019une des \u00eeles au large du Kenya pour profiter des <a class=\"rank-math-link\" href=\"https:\/\/mistersafari.com\/fr\/safari-kenya\/plages\/\">plages paradisiaques<\/a> de sable blanc et d\u2019eau turquoise.&nbsp;<\/p>\n\n\n\n<p>C\u2019est aussi le choix de vos h\u00e9bergements qui rendront votre s\u00e9jour le plus confortable et luxueux possible. Les camps de tentes safari de luxe sont g\u00e9n\u00e9ralement con\u00e7us de mani\u00e8re \u00e9coresponsable tout en disposant de tout le confort n\u00e9cessaire et de prestations de haut standing. Un lodge de luxe au Kenya propose des infrastructures confortables et luxueuses : service en chambre, spa et piscine, bar et restaurant&#8230; Vous pourriez oublier que vous \u00eates en plein c\u0153ur de la savane. Certains camps sont mobiles, comme dans la r\u00e9gion de Masa\u00ef Mara o\u00f9 ils permettent de suivre le ph\u00e9nom\u00e8ne de la grande migration au plus pr\u00e8s.&nbsp;<\/p>\n\n\n\n<h2 class=\"wp-block-heading\"><span class=\"ez-toc-section\" id=\"les-5-meilleurs-hotels-et-lodges-de-luxe-au-kenya\"><\/span>Les 5 meilleurs h\u00f4tels et lodges de luxe au Kenya<span class=\"ez-toc-section-end\"><\/span><\/h2>\n\n\n\n<h3 class=\"wp-block-heading\">Cottar&rsquo;s 1920s Safari Camp \u00e0 Masa\u00ef Mara<\/h3>\n\n\n\n<p>Etablissement familial depuis plus d\u2019un si\u00e8cle, le Cottar&rsquo;s 1920 Safari Camp est l\u2019un des plus anciens du Kenya. Situ\u00e9 \u00e0 moins d\u2019un kilom\u00e8tre de la <a class=\"rank-math-link\" href=\"https:\/\/mistersafari.com\/fr\/safari-kenya\/parcs-reserves\/masai-mara\/\">R\u00e9serve de Masa\u00ef Mara<\/a>, il est g\u00e9r\u00e9 dans le respect de la faune mais aussi de la population locale. D\u00e9cor\u00e9es dans la tradition africaine et kenyane, les 9 tentes sont largement espac\u00e9es pour assurer le calme et la tranquillit\u00e9 de chacun.<\/p>\n\n\n\n<p>Aux portes de la r\u00e9serve, le camp organise des safaris de jour et de nuit, des vols en montgolfi\u00e8re, des randonn\u00e9es \u00e0 pied dans le bush, des visites de villages Masa\u00ef&#8230; Un spa et une piscine de 25m sont \u00e0 disposition des visiteurs ainsi que des parties communes avec vue sur la savane.<\/p>\n\n\n\n<h3 class=\"wp-block-heading\">Tortilis Camp \u00e0 Amboseli<\/h3>\n\n\n\n<p>Tortilis Camp offre une vue imprenable sur le Mont Kilimandjaro, l\u2019un des grands attraits du <a href=\"https:\/\/mistersafari.com\/fr\/safari-kenya\/parcs-reserves\/parc-amboseli\/\">Parc Amboseli<\/a>. Ce camp, dont le nom est tir\u00e9 d\u2019une esp\u00e8ce d&rsquo;acacia, dispose de 18 tentes en toile spacieuses.&nbsp;<\/p>\n\n\n\n<div class=\"wp-block-image\"><figure class=\"aligncenter size-large\"><img loading=\"lazy\" decoding=\"async\" width=\"1024\" height=\"685\" src=\"https:\/\/mk0mistersafarimcosm.kinstacdn.com\/wp-content\/uploads\/sites\/2\/lodge-luxe-kenya-1024x685.jpg\" alt=\"\" class=\"wp-image-1768\" srcset=\"https:\/\/mistersafari.com\/fr\/wp-content\/uploads\/sites\/2\/lodge-luxe-kenya-1024x685.jpg 1024w, https:\/\/mistersafari.com\/fr\/wp-content\/uploads\/sites\/2\/lodge-luxe-kenya-300x201.jpg 300w, https:\/\/mistersafari.com\/fr\/wp-content\/uploads\/sites\/2\/lodge-luxe-kenya-768x514.jpg 768w, https:\/\/mistersafari.com\/fr\/wp-content\/uploads\/sites\/2\/lodge-luxe-kenya.jpg 1200w\" sizes=\"auto, (max-width: 1024px) 100vw, 1024px\" \/><\/figure><\/div>\n\n\n\n<p>Situ\u00e9 dans une r\u00e9serve priv\u00e9e au bord du Parc Amboseli, Tortilis Camp est l\u2019un des premiers camps \u00e9co-con\u00e7us et peut se vanter d\u2019\u00eatre aujourd\u2019hui enti\u00e8rement aliment\u00e9 par l\u2019\u00e9nergie solaire. Les clients de Tortilis Camp auront acc\u00e8s \u00e0 un restaurant et bar et une piscine avec vue sur les sommets enneig\u00e9s du Kili. Vous aurez la chance d&rsquo;exp\u00e9rimenter des safaris ou des randonn\u00e9es \u00e0 pied guid\u00e9s par un Masa\u00ef.&nbsp;<\/p>\n\n\n\n<h3 class=\"wp-block-heading\">Elsa\u2019s Kopje \u00e0 Meru<\/h3>\n\n\n\n<p>Nomm\u00e9 apr\u00e8s la lionne Elsa, le lodge Elsa\u2019s Kopje est construit en hauteur dans la roche et presque invisible \u00e0 distance. Une dizaine de logements dispose de la tranquillit\u00e9 du Parc Meru qu\u2019il domine, moins touristique que la plupart des autres parcs du Kenya. La d\u00e9coration int\u00e8gre la nature environnante \u00e0 la perfection. Le lounge et la salle \u00e0 manger offrent une vue imprenable sur la piscine \u00e0 d\u00e9bordement qui surplombe la savane.&nbsp;<\/p>\n\n\n\n<p>Le lodge organise des excursions dans le bush ou sur la rivi\u00e8re, des safaris de jour et de nuit ou encore des visites culturelles.&nbsp;<\/p>\n\n\n\n<h3 class=\"wp-block-heading\">Segera Retreat \u00e0 La\u00efpika<\/h3>\n\n\n\n<p>Segera Retreat est situ\u00e9 sur le plateau de La\u00efpika, zone sauvage r\u00e9put\u00e9e pour la diversit\u00e9 et l\u2019abondance de sa faune. Les 8 villas en bois sur pilotis avec terrasse privative surplombent la savane. Le lodge met l\u2019accent sur l&rsquo;accueil et le bien-\u00eatre de ses voyageurs. Des safaris de jour et de nuit en 4&#215;4, \u00e0 pied ou \u00e0 dos de chameaux, des excursions en h\u00e9licopt\u00e8re ou encore des pique-niques sont organis\u00e9s. Une collection d\u2019art, un jardin botanique et un espace de relaxation compl\u00e8tent l\u2019offre.&nbsp;<\/p>\n\n\n\n<h3 class=\"wp-block-heading\">Maji Beach Boutique Hotel \u00e0 Diani Beach<\/h3>\n\n\n\n<p>Situ\u00e9 sur la magnifique <a class=\"rank-math-link\" href=\"https:\/\/mistersafari.com\/fr\/safari-kenya\/plages\/\">plage de Diani<\/a>, le Maji Beach Boutique Hotel est un h\u00e9bergement luxueux compos\u00e9 de 15 chambres spacieuses avec vue mer ou jacuzzi priv\u00e9 sur la terrasse. Que ce soit au restaurant, au spa ou \u00e0 la piscine, cet \u00e9tablissement de style est un havre de paix pour les voyageurs en qu\u00eate de relaxation et de d\u00e9paysement. A quelques pas de l\u2019h\u00f4tel, vous profiterez de la plage idyllique de Diana Beach, avec ses eaux turquoises et sa barri\u00e8re de corail propice \u00e0 la plong\u00e9e sous-marine.&nbsp;<\/p>\n\n\n\n<h2 class=\"wp-block-heading\"><span class=\"ez-toc-section\" id=\"safari-de-luxe-au-kenya-exemple-et-budget\"><\/span>Safari de luxe au Kenya : exemple et budget<span class=\"ez-toc-section-end\"><\/span><\/h2>\n\n\n\n<p>Un safari de luxe au Kenya est un voyage sur-mesure que vous pourrez composer au gr\u00e9 de vos envies et r\u00eaves. Voici malgr\u00e9 tout un exemple de safari luxueux au Kenya :<\/p>\n\n\n\n<ul class=\"wp-block-list\"><li>Jour 1 : Arriv\u00e9e \u00e0 Nairobi et transfert vers le Conservatoire Lewa Wildlife<\/li><li>Jour 2 et 3 : Safari dans le Conservatoire Lewa Wildlife et h\u00e9bergement au Lewa Safari Camp<\/li><li>Jour 4 et 5 : Safari dans le Parc Meru et h\u00e9bergement au lodge Elsa\u2019s Kopje<\/li><li>Jour 6 \u00e0 8 : Safari sur les plateaux de La\u00efpika et h\u00e9bergement au Segera Retreat&nbsp;<\/li><li>Jour 9 : Transfert vers la r\u00e9serve de Masa\u00ef Mara<\/li><li>Jour 10 \u00e0 12 : Safari dans la r\u00e9serve de Masa\u00ef Mara et h\u00e9bergement au Cottar&rsquo;s 1920s Safari Camp<\/li><li>Jour 13 : Transfert vers Diana Beach<\/li><li>Jour 14 \u00e0 16 : S\u00e9jour au Maji Beach Boutique Hotel<\/li><li>Jour 17 : Retour \u00e0 Nairobi et d\u00e9part<\/li><\/ul>\n\n\n\n<p>Pour faciliter les d\u00e9placements, l\u2019ensemble des transferts les plus longs seront effectu\u00e9s en avion priv\u00e9. Les safaris, souvent organis\u00e9s par les h\u00e9bergeurs, seront accompagn\u00e9s d\u2019un guide priv\u00e9. Ce type de s\u00e9jour co\u00fbte environ 600\u20ac\/jour\/personne au minimum, mais vaut largement le coup, pour un voyage en famille ou un <a href=\"https:\/\/mistersafari.com\/fr\/safari-kenya\/voyage-de-noces\/\" class=\"rank-math-link\">voyage de noces<\/a> inoubliable.<\/p>\n\n\n\n<h2 class=\"wp-block-heading\"><span class=\"ez-toc-section\" id=\"faq\"><\/span>FAQ<span class=\"ez-toc-section-end\"><\/span><\/h2>\n\n\n<div id=\"rank-math-faq\" class=\"rank-math-block\">\n<div class=\"rank-math-list \">\n<div id=\"faq-question-1613723068683\" class=\"rank-math-list-item\">\n<h3 class=\"rank-math-question \">Dans quels autres pays peut-on organiser un safari haut de gamme ?<\/h3>\n<div class=\"rank-math-answer \">\n\n<p>Il est \u00e9galement possible d&rsquo;organiser un <a href=\"https:\/\/mistersafari.com\/fr\/safari-afrique-du-sud\/luxe\/\" class=\"rank-math-link\">safari de luxe en Afrique du Sud<\/a> ou en <a href=\"https:\/\/mistersafari.com\/fr\/safari-tanzanie\/luxe\/\" class=\"rank-math-link\">Tanzanie<\/a>.\u00a0<\/p>\n\n<\/div>\n<\/div>\n<div id=\"faq-question-1613723127902\" class=\"rank-math-list-item\">\n<h3 class=\"rank-math-question \">Combien co\u00fbte un safari de luxe au Kenya ?<\/h3>\n<div class=\"rank-math-answer \">\n\n<p>Il faudra compter au minimum 600\u20ac\/jour\/personne pour un safari de luxe au Kenya. Les tarifs peuvent \u00eatre plus \u00e9lev\u00e9s selon les prestations choisies.\u00a0<\/p>\n\n<\/div>\n<\/div>\n<div id=\"faq-question-1613723135241\" class=\"rank-math-list-item\">\n<h3 class=\"rank-math-question \">Comment organiser un safari de luxe au Kenya ?\u00a0<\/h3>\n<div class=\"rank-math-answer \">\n\n<p>Les agences de voyage sp\u00e9cialis\u00e9es dans les safaris en Afrique proposent d\u2019organiser des voyages sur-mesure d\u00e9finis selon vos envies.\u00a0<\/p>\n\n<\/div>\n<\/div>\n<\/div>\n<\/div>","protected":false},"excerpt":{"rendered":"<p>Un safari au Kenya est un voyage d\u2019exception parmi les seuls \u00e0 offrir \u00e0 la fois la d\u00e9couverte de la savane africaine et le confort d\u2019un voyage luxueux et intimiste. D\u00e9couvrez tous nos conseils pour r\u00e9aliser un safari de luxe et notre s\u00e9lection des meilleurs lodges et h\u00f4tel de luxe au Kenya. Comment organiser un &#8230; <a title=\"Safari de luxe au Kenya\" class=\"read-more\" href=\"https:\/\/mistersafari.com\/fr\/safari-kenya\/luxe\/\" aria-label=\"En savoir plus sur Safari de luxe au Kenya\">Lire la suite<\/a><\/p>\n","protected":false},"author":3,"featured_media":1769,"parent":924,"menu_order":13,"comment_status":"closed","ping_status":"closed","template":"","meta":{"_acf_changed":false,"footnotes":""},"content_type":[],"country":[],"class_list":{"0":"post-1766","1":"page","2":"type-page","3":"status-publish","4":"has-post-thumbnail","6":"no-featured-image-padding"},"acf":{"hreflang":null},"_links":{"self":[{"href":"https:\/\/mistersafari.com\/fr\/wp-json\/wp\/v2\/pages\/1766","targetHints":{"allow":["GET"]}}],"collection":[{"href":"https:\/\/mistersafari.com\/fr\/wp-json\/wp\/v2\/pages"}],"about":[{"href":"https:\/\/mistersafari.com\/fr\/wp-json\/wp\/v2\/types\/page"}],"author":[{"embeddable":true,"href":"https:\/\/mistersafari.com\/fr\/wp-json\/wp\/v2\/users\/3"}],"replies":[{"embeddable":true,"href":"https:\/\/mistersafari.com\/fr\/wp-json\/wp\/v2\/comments?post=1766"}],"version-history":[{"count":6,"href":"https:\/\/mistersafari.com\/fr\/wp-json\/wp\/v2\/pages\/1766\/revisions"}],"predecessor-version":[{"id":2128,"href":"https:\/\/mistersafari.com\/fr\/wp-json\/wp\/v2\/pages\/1766\/revisions\/2128"}],"up":[{"embeddable":true,"href":"https:\/\/mistersafari.com\/fr\/wp-json\/wp\/v2\/pages\/924"}],"wp:featuredmedia":[{"embeddable":true,"href":"https:\/\/mistersafari.com\/fr\/wp-json\/wp\/v2\/media\/1769"}],"wp:attachment":[{"href":"https:\/\/mistersafari.com\/fr\/wp-json\/wp\/v2\/media?parent=1766"}],"wp:term":[{"taxonomy":"content_type","embeddable":true,"href":"https:\/\/mistersafari.com\/fr\/wp-json\/wp\/v2\/content_type?post=1766"},{"taxonomy":"country","embeddable":true,"href":"https:\/\/mistersafari.com\/fr\/wp-json\/wp\/v2\/country?post=1766"}],"curies":[{"name":"wp","href":"https:\/\/api.w.org\/{rel}","templated":true}]}}