{"id":1759,"date":"2021-02-19T08:17:50","date_gmt":"2021-02-19T08:17:50","guid":{"rendered":"https:\/\/mistersafari.com\/fr\/?page_id=1759"},"modified":"2022-03-14T08:57:54","modified_gmt":"2022-03-14T08:57:54","slug":"vaccins","status":"publish","type":"page","link":"https:\/\/mistersafari.com\/fr\/safari-kenya\/vaccins\/","title":{"rendered":"Quels vaccins pour le Kenya ?"},"content":{"rendered":"\n<p>En pleine pr\u00e9paration de votre safari, il est temps de se pencher sur la question des vaccins pour le Kenya. Quels vaccins sont obligatoires pour le Kenya ou lesquels sont recommand\u00e9s ? Toutes les r\u00e9ponses dans cet article, ainsi que quelques conseils sur les bonnes pratiques \u00e0 adopter sur place.&nbsp;<\/p>\n\n\n<div id=\"ez-toc-container\" class=\"ez-toc-v2_0_76 counter-flat ez-toc-counter ez-toc-custom ez-toc-container-direction\">\n<div class=\"ez-toc-title-container\"><p class=\"ez-toc-title\" style=\"cursor:inherit\">Sommaire<\/p>\n<\/div><nav><ul class='ez-toc-list ez-toc-list-level-1 ' ><li class='ez-toc-page-1'><a class=\"ez-toc-link ez-toc-heading-1\" href=\"https:\/\/mistersafari.com\/fr\/safari-kenya\/vaccins\/#existe-t-il-des-vaccins-obligatoires-pour-le-kenya\">Existe-t-il des vaccins obligatoires pour le Kenya ?<\/a><\/li><li class='ez-toc-page-1'><a class=\"ez-toc-link ez-toc-heading-2\" href=\"https:\/\/mistersafari.com\/fr\/safari-kenya\/vaccins\/#les-vaccins-recommandes-pour-le-kenya\">Les vaccins recommand\u00e9s pour le Kenya<\/a><\/li><li class='ez-toc-page-1'><a class=\"ez-toc-link ez-toc-heading-3\" href=\"https:\/\/mistersafari.com\/fr\/safari-kenya\/vaccins\/#les-recommandations-en-matiere-de-sante-au-kenya\">Les recommandations en mati\u00e8re de sant\u00e9 au Kenya<\/a><\/li><li class='ez-toc-page-1'><a class=\"ez-toc-link ez-toc-heading-4\" href=\"https:\/\/mistersafari.com\/fr\/safari-kenya\/vaccins\/#liens-utiles\">Liens utiles<\/a><\/li><li class='ez-toc-page-1'><a class=\"ez-toc-link ez-toc-heading-5\" href=\"https:\/\/mistersafari.com\/fr\/safari-kenya\/vaccins\/#faq\">FAQ<\/a><\/li><\/ul><\/nav><\/div>\n\n\n\n\n<h2 class=\"wp-block-heading\"><span class=\"ez-toc-section\" id=\"existe-t-il-des-vaccins-obligatoires-pour-le-kenya\"><\/span>Existe-t-il des vaccins obligatoires pour le Kenya ?<span class=\"ez-toc-section-end\"><\/span><\/h2>\n\n\n\n<p>Pour vous rendre au Kenya, l\u2019<a href=\"https:\/\/www.pasteur.fr\/fr\/centre-medical\/preparer-son-voyage\/kenya\" target=\"_blank\" aria-label=\" (opens in a new tab)\" rel=\"noreferrer noopener\" class=\"rank-math-link\">Institut Pasteur<\/a> recommande simplement d\u2019\u00eatre \u00e0 jour des vaccins pr\u00e9sents dans le carnet vaccinal. Seul le vaccin contre la fi\u00e8vre jaune est obligatoire dans <a href=\"https:\/\/www.who.int\/ith\/chapters\/ithcountrylistFR.pdf?ua=1\" target=\"_blank\" aria-label=\" (opens in a new tab)\" rel=\"noreferrer noopener\" class=\"rank-math-link\">certains cas<\/a>.&nbsp;<\/p>\n\n\n\n<h2 class=\"wp-block-heading\"><span class=\"ez-toc-section\" id=\"les-vaccins-recommandes-pour-le-kenya\"><\/span>Les vaccins recommand\u00e9s pour le Kenya<span class=\"ez-toc-section-end\"><\/span><\/h2>\n\n\n\n<figure class=\"wp-block-table\"><table><thead><tr><th><strong>Vaccin<\/strong><\/th><th><strong>Recommand\u00e9 pour<\/strong><\/th><th><strong>Quand le faire ?<\/strong><\/th><th><strong>Rappel ?<\/strong><\/th><\/tr><\/thead><tbody><tr><td>H\u00e9patite A<\/td><td>Recommand\u00e9 pour tous, pour tous les voyages et notamment pour les personnes souffrant d\u2019une maladie chronique du foie ou de mucoviscidose<\/td><td>1 injection 15 jours avant le d\u00e9part<\/td><td>Oui, 12 \u00e0 36 mois (ou 5 ans selon la sp\u00e9cialit\u00e9)<\/td><\/tr><tr><td>H\u00e9patite B<\/td><td>Recommand\u00e9 sur le carnet vaccinal, puis pour les voyages fr\u00e9quents ou prolong\u00e9s et l\u2019exposition \u00e0 des comportements \u00e0 risques (sexuels, drogues)<\/td><td>2 injections espac\u00e9es d\u2019un mois (vaccination en acc\u00e9l\u00e9r\u00e9 possible)<\/td><td>Oui, \u00e0 6 mois<\/td><\/tr><tr><td>Rage<\/td><td>Recommand\u00e9 pour les voyages prolong\u00e9s ou aventureux, dans des situations d\u2019isolement<\/td><td>3 injections \u00e0 J0, J7 et J21 ou 28 avant le d\u00e9part<\/td><td>Non, sauf si exposition av\u00e9r\u00e9e ou suspect\u00e9e<\/td><\/tr><tr><td>Typho\u00efde<\/td><td>Recommand\u00e9 pour les s\u00e9jours prolong\u00e9s, avec des conditions d\u2019hygi\u00e8ne faibles<\/td><td>1 injection 15 jours avant le d\u00e9part<\/td><td>Non<\/td><\/tr><tr><td>M\u00e9ningite<\/td><td>Recommand\u00e9 pour les s\u00e9jours dans le nord-ouest du pays, en saison s\u00e8che ou en cas de contact prolong\u00e9 avec la population locale<\/td><td>1 injection en rattrapage si vaccin\u00e9 ant\u00e9rieurement<\/td><td>Non<\/td><\/tr><tr><td>Fi\u00e8vre jaune<\/td><td><a href=\"https:\/\/www.who.int\/ith\/chapters\/ithcountrylistFR.pdf?ua=1\" target=\"_blank\" rel=\"noopener\">Obligatoire<\/a> si vous arrivez d\u2019un pays o\u00f9 la fi\u00e8vre jaune est end\u00e9mique<\/td><td>1 injection au moins 10 jours avant le d\u00e9part<\/td><td>Non<\/td><\/tr><\/tbody><\/table><figcaption>Les vaccins conseill\u00e9s pour le Kenya<\/figcaption><\/figure>\n\n\n\n<h2 class=\"wp-block-heading\"><span class=\"ez-toc-section\" id=\"les-recommandations-en-matiere-de-sante-au-kenya\"><\/span>Les recommandations en mati\u00e8re de sant\u00e9 au Kenya<span class=\"ez-toc-section-end\"><\/span><\/h2>\n\n\n\n<h3 class=\"wp-block-heading\">Les risques sanitaires<\/h3>\n\n\n\n<p>En voyageant au Kenya, vous pouvez \u00eatre expos\u00e9 \u00e0 certains risques sanitaires qu\u2019il est bon d\u2019anticiper au mieux.&nbsp;<\/p>\n\n\n\n<p>La fi\u00e8vre jaune est end\u00e9mique au Nord, \u00e0 l\u2019Ouest et au Centre du pays.&nbsp;<\/p>\n\n\n\n<p>Le risque de paludisme est pr\u00e9sent toute l\u2019ann\u00e9e. Les r\u00e9gions les plus touch\u00e9es sont celles ne d\u00e9passant pas les 1500 m\u00e8tres d\u2019altitude. C\u2019est le cas du <a class=\"rank-math-link\" href=\"https:\/\/mistersafari.com\/fr\/safari-kenya\/parcs-reserves\/parc-tsavo-est-ouest\/\">Parc Tsavo<\/a>, alors que la majorit\u00e9 des autres <a class=\"rank-math-link\" href=\"https:\/\/mistersafari.com\/fr\/safari-kenya\/parcs-reserves\/\">parcs et r\u00e9serves du Kenya<\/a> sont situ\u00e9s \u00e0 une altitude sup\u00e9rieure, o\u00f9 le risque est donc moindre.&nbsp;<\/p>\n\n\n\n<p>Autres maladies transmises par les moustiques, la dengue et le chikungunya sont aussi pr\u00e9sents dans tout le pays, ainsi que la maladie Zika dans une moindre mesure.&nbsp;<\/p>\n\n\n\n<p>Des cas de chol\u00e9ra sont r\u00e9guli\u00e8rement observ\u00e9s dans les grandes villes. La fi\u00e8vre de la vall\u00e9e du Rift peut \u00eatre transmise par le sang ou le lait du b\u00e9tail ou par les moustiques.&nbsp;<\/p>\n\n\n\n<p>Enfin, la m\u00e9ningite est pr\u00e9sente principalement dans le Nord-Ouest du pays. Son risque de transmission s&rsquo;accro\u00eet pendant la saison s\u00e8che et en cas de contacts prolong\u00e9s avec la population locale.&nbsp;<\/p>\n\n\n\n<h3 class=\"wp-block-heading\">Les pr\u00e9cautions \u00e0 prendre sur place<\/h3>\n\n\n\n<p>Quelques bonnes pratiques \u00e0 mettre en place lors de votre voyage permettront de limiter au maximum les risques.<\/p>\n\n\n\n<p>Pour vous prot\u00e9ger des piq\u00fbres de moustiques, pensez \u00e0 :<\/p>\n\n\n\n<ul class=\"wp-block-list\"><li>porter des <a href=\"https:\/\/mistersafari.com\/fr\/blog\/preparer-valise-safari\/\" class=\"rank-math-link\">v\u00eatements de safari<\/a> couvrants, amples et l\u00e9gers ;<\/li><li>appliquer des produits r\u00e9pulsifs, aussi bien sur vous que dans votre environnement (v\u00e9hicule, logement) ;<\/li><li>utiliser des moustiquaires aux fen\u00eatres du logement (et potentiellement du v\u00e9hicule).&nbsp;<\/li><\/ul>\n\n\n\n<p class=\"callout-blue\">Si vous vous rendez dans les zones les plus expos\u00e9es, un traitement pr\u00e9ventif antipaludique est fortement recommand\u00e9.&nbsp;<\/p>\n\n\n\n<p>L\u2019alimentation \u00e9tant souvent source de contamination, quelques mesures sont \u00e0 respecter :<\/p>\n\n\n\n<ul class=\"wp-block-list\"><li>favoriser les aliments cuits et \u00e9viter la nourriture crue ou peu cuite, y compris les fruits et l\u00e9gumes ;<\/li><li>laver et \u00e9plucher les fruits et l\u00e9gumes ;<\/li><li>boire de l\u2019eau en bouteille ou rendue potable par traitement ;<\/li><li>boire du lait cuit ou pasteuris\u00e9.&nbsp;&nbsp;<\/li><\/ul>\n\n\n\n<p>Enfin, plusieurs r\u00e8gles d\u2019hygi\u00e8ne sont \u00e0 suivre \u00e0 la lettre :<\/p>\n\n\n\n<ul class=\"wp-block-list\"><li>lavez-vous les mains r\u00e9guli\u00e8rement, avant et apr\u00e8s chaque repas et apr\u00e8s avoir utilis\u00e9 les toilettes ;<\/li><li>s\u2019\u00e9loigner et ne pas toucher les animaux sauvages et errants, ni les d\u00e9jections ;&nbsp;<\/li><li>ne pas se baigner dans des eaux stagnantes.<\/li><\/ul>\n\n\n\n<h3 class=\"wp-block-heading\">Les frais de sant\u00e9 sur place<\/h3>\n\n\n\n<p>Les infrastructures sanitaires au Kenya sont correctes. Pour faire face aux d\u00e9penses li\u00e9es \u00e0 une maladie ou une hospitalisation sur place (voire un rapatriement), vous devez avoir souscrit une assurance voyage ou une assistance voyage. Selon le niveau de couverture (\u00e0 v\u00e9rifier m\u00e9ticuleusement avant de souscrire !), les frais de soins et\/ou d\u2019hospitalisation seront plus ou moins pris en charge.&nbsp;<\/p>\n\n\n\n<h2 class=\"wp-block-heading\"><span class=\"ez-toc-section\" id=\"liens-utiles\"><\/span>Liens utiles<span class=\"ez-toc-section-end\"><\/span><\/h2>\n\n\n\n<ul class=\"wp-block-list\"><li><a href=\"https:\/\/www.diplomatie.gouv.fr\/fr\/conseils-aux-voyageurs\/conseils-par-pays-destination\/kenya\/#sante\" target=\"_blank\" aria-label=\" (opens in a new tab)\" rel=\"noreferrer noopener\" class=\"rank-math-link\">Les recommandations du Gouvernement&nbsp;<\/a><\/li><li><a href=\"https:\/\/www.pasteur.fr\/fr\/centre-medical\/preparer-son-voyage\/kenya\" target=\"_blank\" aria-label=\" (opens in a new tab)\" rel=\"noreferrer noopener\" class=\"rank-math-link\">Les recommandations de l\u2019Institut Pasteur<\/a><\/li><li><a href=\"https:\/\/www.pasteur.fr\/fr\/centre-medical\/vaccination\/calendrier-vaccinal\" target=\"_blank\" aria-label=\" (opens in a new tab)\" rel=\"noreferrer noopener\" class=\"rank-math-link\">Le calendrier vaccinal&nbsp;<\/a><\/li><li><a href=\"https:\/\/www.who.int\/fr\/\" target=\"_blank\" aria-label=\" (opens in a new tab)\" rel=\"noreferrer noopener\" class=\"rank-math-link\">L\u2019OMS<\/a> et<a href=\"https:\/\/www.who.int\/topics\/yellow_fever\/fr\/\" target=\"_blank\" aria-label=\" (opens in a new tab)\" rel=\"noreferrer noopener\" class=\"rank-math-link\"> La fi\u00e8vre jaune par l\u2019OMS<\/a><\/li><\/ul>\n\n\n\n<h2 class=\"wp-block-heading\"><span class=\"ez-toc-section\" id=\"faq\"><\/span>FAQ<span class=\"ez-toc-section-end\"><\/span><\/h2>\n\n\n<div id=\"rank-math-faq\" class=\"rank-math-block\">\n<div class=\"rank-math-list \">\n<div id=\"faq-question-1613722590658\" class=\"rank-math-list-item\">\n<h3 class=\"rank-math-question \">Quels sont les vaccins obligatoires pour le Kenya ?\u00a0<\/h3>\n<div class=\"rank-math-answer \">\n\n<p>Il n\u2019y a pas de vaccin obligatoire pour le Kenya, hormis celui contre la fi\u00e8vre jaune si vous arrivez d\u2019un pays end\u00e9mique. Par contre, plusieurs vaccins pr\u00e9sents dans le carnet vaccinal sont fortement recommand\u00e9s.\u00a0<\/p>\n\n<\/div>\n<\/div>\n<div id=\"faq-question-1613722594125\" class=\"rank-math-list-item\">\n<h3 class=\"rank-math-question \">Comment limiter les risques de maladies lors d\u2019un voyage au Kenya ?<\/h3>\n<div class=\"rank-math-answer \">\n\n<p>Il faut tout d\u2019abord se prot\u00e9ger contre les piq\u00fbres de moustiques gr\u00e2ce \u00e0 des v\u00eatements couvrants et adapt\u00e9s ainsi que des produits r\u00e9pulsifs. C\u00f4t\u00e9 alimentation, privil\u00e9giez la nourriture bien cuite, bien lav\u00e9e, \u00e9pluch\u00e9e, et l\u2019eau en bouteille. Pensez aussi \u00e0 vous laver les mains r\u00e9guli\u00e8rement.\u00a0<\/p>\n\n<\/div>\n<\/div>\n<\/div>\n<\/div>","protected":false},"excerpt":{"rendered":"<p>En pleine pr\u00e9paration de votre safari, il est temps de se pencher sur la question des vaccins pour le Kenya. Quels vaccins sont obligatoires pour le Kenya ou lesquels sont recommand\u00e9s ? Toutes les r\u00e9ponses dans cet article, ainsi que quelques conseils sur les bonnes pratiques \u00e0 adopter sur place.&nbsp; Existe-t-il des vaccins obligatoires pour &#8230; <a title=\"Quels vaccins pour le Kenya ?\" class=\"read-more\" href=\"https:\/\/mistersafari.com\/fr\/safari-kenya\/vaccins\/\" aria-label=\"En savoir plus sur Quels vaccins pour le Kenya ?\">Lire la suite<\/a><\/p>\n","protected":false},"author":2,"featured_media":1763,"parent":924,"menu_order":12,"comment_status":"closed","ping_status":"closed","template":"","meta":{"_acf_changed":false,"footnotes":""},"content_type":[],"country":[],"class_list":{"0":"post-1759","1":"page","2":"type-page","3":"status-publish","4":"has-post-thumbnail","6":"no-featured-image-padding"},"acf":{"hreflang":[{"alternative_url":"https:\/\/mistersafari.com\/kenya\/info\/vaccines\/","language":"en"}]},"_links":{"self":[{"href":"https:\/\/mistersafari.com\/fr\/wp-json\/wp\/v2\/pages\/1759","targetHints":{"allow":["GET"]}}],"collection":[{"href":"https:\/\/mistersafari.com\/fr\/wp-json\/wp\/v2\/pages"}],"about":[{"href":"https:\/\/mistersafari.com\/fr\/wp-json\/wp\/v2\/types\/page"}],"author":[{"embeddable":true,"href":"https:\/\/mistersafari.com\/fr\/wp-json\/wp\/v2\/users\/2"}],"replies":[{"embeddable":true,"href":"https:\/\/mistersafari.com\/fr\/wp-json\/wp\/v2\/comments?post=1759"}],"version-history":[{"count":5,"href":"https:\/\/mistersafari.com\/fr\/wp-json\/wp\/v2\/pages\/1759\/revisions"}],"predecessor-version":[{"id":6460,"href":"https:\/\/mistersafari.com\/fr\/wp-json\/wp\/v2\/pages\/1759\/revisions\/6460"}],"up":[{"embeddable":true,"href":"https:\/\/mistersafari.com\/fr\/wp-json\/wp\/v2\/pages\/924"}],"wp:featuredmedia":[{"embeddable":true,"href":"https:\/\/mistersafari.com\/fr\/wp-json\/wp\/v2\/media\/1763"}],"wp:attachment":[{"href":"https:\/\/mistersafari.com\/fr\/wp-json\/wp\/v2\/media?parent=1759"}],"wp:term":[{"taxonomy":"content_type","embeddable":true,"href":"https:\/\/mistersafari.com\/fr\/wp-json\/wp\/v2\/content_type?post=1759"},{"taxonomy":"country","embeddable":true,"href":"https:\/\/mistersafari.com\/fr\/wp-json\/wp\/v2\/country?post=1759"}],"curies":[{"name":"wp","href":"https:\/\/api.w.org\/{rel}","templated":true}]}}