{"id":1754,"date":"2021-02-19T08:09:11","date_gmt":"2021-02-19T08:09:11","guid":{"rendered":"https:\/\/mistersafari.com\/fr\/?page_id=1754"},"modified":"2022-03-14T08:53:48","modified_gmt":"2022-03-14T08:53:48","slug":"monnaie","status":"publish","type":"page","link":"https:\/\/mistersafari.com\/fr\/safari-kenya\/monnaie\/","title":{"rendered":"Monnaie du Kenya"},"content":{"rendered":"\n<p>Le shilling kenyan, la monnaie du Kenya, vous sera indispensable pour payer vos d\u00e9penses si vous d\u00e9cidez d&rsquo;<a href=\"https:\/\/mistersafari.com\/fr\/safari-kenya\/comment-aller\/\" class=\"rank-math-link\">aller au Kenya<\/a>. Voici tout ce que vous devez savoir sur la monnaie utilis\u00e9e au Kenya.&nbsp;<\/p>\n\n\n<div id=\"ez-toc-container\" class=\"ez-toc-v2_0_76 counter-flat ez-toc-counter ez-toc-custom ez-toc-container-direction\">\n<div class=\"ez-toc-title-container\"><p class=\"ez-toc-title\" style=\"cursor:inherit\">Sommaire<\/p>\n<\/div><nav><ul class='ez-toc-list ez-toc-list-level-1 ' ><li class='ez-toc-page-1'><a class=\"ez-toc-link ez-toc-heading-1\" href=\"https:\/\/mistersafari.com\/fr\/safari-kenya\/monnaie\/#quelle-est-la-monnaie-officielle-du-kenya\" >Quelle est la monnaie officielle du Kenya ?<\/a><\/li><li class='ez-toc-page-1'><a class=\"ez-toc-link ez-toc-heading-2\" href=\"https:\/\/mistersafari.com\/fr\/safari-kenya\/monnaie\/#quel-taux-de-change\" >Quel taux de change ?<\/a><\/li><li class='ez-toc-page-1'><a class=\"ez-toc-link ez-toc-heading-3\" href=\"https:\/\/mistersafari.com\/fr\/safari-kenya\/monnaie\/#faut-il-changer-sur-place-ou-avant-de-partir\" >Faut-il changer sur place ou avant de partir ?<\/a><\/li><\/ul><\/nav><\/div>\n\n\n\n\n<h2 class=\"wp-block-heading\"><span class=\"ez-toc-section\" id=\"quelle-est-la-monnaie-officielle-du-kenya\"><\/span>Quelle est la monnaie officielle du Kenya ?<span class=\"ez-toc-section-end\"><\/span><\/h2>\n\n\n\n<p>La monnaie au Kenya est le Shilling kenyan (Ksh), qui se divise en 100 cents.&nbsp;<\/p>\n\n\n\n<p>Elle est compos\u00e9e de :<\/p>\n\n\n\n<ul class=\"wp-block-list\"><li>pi\u00e8ces de 5, 10, 50 cents, puis 1, 5, 10 et 20 Shillings ;<\/li><li>billets de 10, 20, 50, 100, 200, 500 et 1000 Shillings.<\/li><\/ul>\n\n\n\n<p>Les cartes de cr\u00e9dit Visa sont largement accept\u00e9es dans tout le pays. La Mastercard est uniquement accept\u00e9e dans quelques banques. Les distributeurs automatiques sont nombreux, aussi bien dans les grandes que les petites villes et souvent dans les centres commerciaux. Il est pr\u00e9f\u00e9rable de disposer d\u2019esp\u00e8ces pour les petites d\u00e9penses.&nbsp;<\/p>\n\n\n\n<h2 class=\"wp-block-heading\"><span class=\"ez-toc-section\" id=\"quel-taux-de-change\"><\/span>Quel taux de change ?<span class=\"ez-toc-section-end\"><\/span><\/h2>\n\n\n\n<h3 class=\"wp-block-heading\">Taux de change shilling kenyan &#8211; euros<\/h3>\n\n\n\n<figure class=\"wp-block-table\"><table class=\"has-fixed-layout\"><thead><tr><th>Taux de change moyen<\/th><th>EUR &#8211; KES<\/th><th>KES &#8211; EURO<\/th><\/tr><\/thead><tbody><tr><td>2018<\/td><td>1 &#8211; 117<\/td><td>1 &#8211; 0,008547<\/td><\/tr><tr><td>2019<\/td><td>1 &#8211; 113,65<\/td><td>1 &#8211; 0,008802<\/td><\/tr><tr><td>2020<\/td><td>1 &#8211; 134,04<\/td><td>1 &#8211; 0,007460<\/td><\/tr><\/tbody><\/table><\/figure>\n\n\n\n<p>Ces taux de change nous montrent une nette hausse \u00e0 la fin de l\u2019ann\u00e9e 2020 de la valeur de la monnaie du Kenya en euros. Pensez \u00e0 v\u00e9rifier le taux de change avant votre d\u00e9part pour estimer au mieux le budget de vos d\u00e9penses sur place.&nbsp;<\/p>\n\n\n\n<h3 class=\"wp-block-heading\">Taux de change shilling kenyan &#8211; dollars<\/h3>\n\n\n\n<figure class=\"wp-block-table\"><table class=\"has-fixed-layout\"><thead><tr><th>Taux de change moyen<\/th><th>USD &#8211; KES<\/th><th>KES &#8211; USD<\/th><\/tr><\/thead><tbody><tr><td>2018<\/td><td>1 &#8211; 101,90&nbsp;<\/td><td>1 &#8211; 0,009814<\/td><\/tr><tr><td>2019<\/td><td>1 &#8211; 101,35400<\/td><td>1 &#8211; 0,009869&nbsp;<\/td><\/tr><tr><td>2020<\/td><td>1 &#8211; 109,75&nbsp;<\/td><td>1 &#8211; 0,009112<\/td><\/tr><\/tbody><\/table><\/figure>\n\n\n\n<h2 class=\"wp-block-heading\"><span class=\"ez-toc-section\" id=\"faut-il-changer-sur-place-ou-avant-de-partir\"><\/span>Faut-il changer sur place ou avant de partir ?<span class=\"ez-toc-section-end\"><\/span><\/h2>\n\n\n\n<p>Afin d\u2019\u00e9viter de transporter un montant important en esp\u00e8ce, il est conseill\u00e9 de convertir vos euros dans la monnaie du Kenya lors de votre arriv\u00e9e ou au cours de votre s\u00e9jour. Les taux de change les plus avantageux sont g\u00e9n\u00e9ralement propos\u00e9s par les bureaux de change mais vous pouvez aussi convertir des euros ou faire un retrait d\u2019esp\u00e8ces dans une banque du Kenya. La plupart des lodges et h\u00f4tels peuvent aussi vous faire de la monnaie si besoin.&nbsp;<\/p>\n\n\n\n<p>Vous pouvez aussi choisir d\u2019obtenir des shillings kenyans avant de partir pour votre safari, depuis un bureau de change en France. Cela vous permet notamment d\u2019avoir \u00e0 disposition suffisamment d\u2019esp\u00e8ces pour les premiers jours de votre <a href=\"https:\/\/mistersafari.com\/fr\/safari-kenya\/\">safari au Kenya<\/a> par exemple.&nbsp;<\/p>\n","protected":false},"excerpt":{"rendered":"<p>Le shilling kenyan, la monnaie du Kenya, vous sera indispensable pour payer vos d\u00e9penses si vous d\u00e9cidez d&rsquo;aller au Kenya. Voici tout ce que vous devez savoir sur la monnaie utilis\u00e9e au Kenya.&nbsp; Quelle est la monnaie officielle du Kenya ? La monnaie au Kenya est le Shilling kenyan (Ksh), qui se divise en 100 &#8230; <a title=\"Monnaie du Kenya\" class=\"read-more\" href=\"https:\/\/mistersafari.com\/fr\/safari-kenya\/monnaie\/\" aria-label=\"En savoir plus sur Monnaie du Kenya\">Lire la suite<\/a><\/p>\n","protected":false},"author":2,"featured_media":1757,"parent":924,"menu_order":11,"comment_status":"closed","ping_status":"closed","template":"","meta":{"_acf_changed":false,"footnotes":""},"content_type":[],"country":[],"class_list":{"0":"post-1754","1":"page","2":"type-page","3":"status-publish","4":"has-post-thumbnail","6":"no-featured-image-padding"},"acf":{"hreflang":[{"alternative_url":"https:\/\/mistersafari.com\/kenya\/info\/currency\/","language":"en"}]},"_links":{"self":[{"href":"https:\/\/mistersafari.com\/fr\/wp-json\/wp\/v2\/pages\/1754","targetHints":{"allow":["GET"]}}],"collection":[{"href":"https:\/\/mistersafari.com\/fr\/wp-json\/wp\/v2\/pages"}],"about":[{"href":"https:\/\/mistersafari.com\/fr\/wp-json\/wp\/v2\/types\/page"}],"author":[{"embeddable":true,"href":"https:\/\/mistersafari.com\/fr\/wp-json\/wp\/v2\/users\/2"}],"replies":[{"embeddable":true,"href":"https:\/\/mistersafari.com\/fr\/wp-json\/wp\/v2\/comments?post=1754"}],"version-history":[{"count":6,"href":"https:\/\/mistersafari.com\/fr\/wp-json\/wp\/v2\/pages\/1754\/revisions"}],"predecessor-version":[{"id":6457,"href":"https:\/\/mistersafari.com\/fr\/wp-json\/wp\/v2\/pages\/1754\/revisions\/6457"}],"up":[{"embeddable":true,"href":"https:\/\/mistersafari.com\/fr\/wp-json\/wp\/v2\/pages\/924"}],"wp:featuredmedia":[{"embeddable":true,"href":"https:\/\/mistersafari.com\/fr\/wp-json\/wp\/v2\/media\/1757"}],"wp:attachment":[{"href":"https:\/\/mistersafari.com\/fr\/wp-json\/wp\/v2\/media?parent=1754"}],"wp:term":[{"taxonomy":"content_type","embeddable":true,"href":"https:\/\/mistersafari.com\/fr\/wp-json\/wp\/v2\/content_type?post=1754"},{"taxonomy":"country","embeddable":true,"href":"https:\/\/mistersafari.com\/fr\/wp-json\/wp\/v2\/country?post=1754"}],"curies":[{"name":"wp","href":"https:\/\/api.w.org\/{rel}","templated":true}]}}