{"id":1746,"date":"2021-02-19T08:00:04","date_gmt":"2021-02-19T08:00:04","guid":{"rendered":"https:\/\/mistersafari.com\/fr\/?page_id=1746"},"modified":"2021-07-05T13:59:40","modified_gmt":"2021-07-05T13:59:40","slug":"animaux","status":"publish","type":"page","link":"https:\/\/mistersafari.com\/fr\/safari-kenya\/animaux\/","title":{"rendered":"Les animaux du Kenya"},"content":{"rendered":"\n<p>Les pr\u00e8s de 50 000 km<sup>2<\/sup> de superficie du Kenya sont l\u2019habitat d\u2019une population impressionnante d\u2019animaux sauvages embl\u00e9matiques de l\u2019Afrique. Lors d\u2019un safari au Kenya, vous aurez la chance de d\u00e9couvrir la richesse de sa faune. Quels animaux peut-on rencontrer au Kenya ?<\/p>\n\n\n<div id=\"ez-toc-container\" class=\"ez-toc-v2_0_76 counter-flat ez-toc-counter ez-toc-custom ez-toc-container-direction\">\n<div class=\"ez-toc-title-container\"><p class=\"ez-toc-title\" style=\"cursor:inherit\">Sommaire<\/p>\n<\/div><nav><ul class='ez-toc-list ez-toc-list-level-1 ' ><li class='ez-toc-page-1'><a class=\"ez-toc-link ez-toc-heading-1\" href=\"https:\/\/mistersafari.com\/fr\/safari-kenya\/animaux\/#quels-sont-les-principaux-animaux-du-kenya\" >Quels sont les principaux animaux du Kenya ?<\/a><\/li><li class='ez-toc-page-1'><a class=\"ez-toc-link ez-toc-heading-2\" href=\"https:\/\/mistersafari.com\/fr\/safari-kenya\/animaux\/#ou-voir-les-animaux-au-kenya\" >O\u00f9 voir les animaux au Kenya ?<\/a><\/li><li class='ez-toc-page-1'><a class=\"ez-toc-link ez-toc-heading-3\" href=\"https:\/\/mistersafari.com\/fr\/safari-kenya\/animaux\/#quelle-est-la-meilleure-periode-pour-voir-les-animaux-du-kenya\" >Quelle est la meilleure p\u00e9riode pour voir les animaux du Kenya ?<\/a><\/li><li class='ez-toc-page-1'><a class=\"ez-toc-link ez-toc-heading-4\" href=\"https:\/\/mistersafari.com\/fr\/safari-kenya\/animaux\/#faq\" >FAQ<\/a><\/li><\/ul><\/nav><\/div>\n\n\n\n\n<h2 class=\"wp-block-heading\"><span class=\"ez-toc-section\" id=\"quels-sont-les-principaux-animaux-du-kenya\"><\/span>Quels sont les principaux animaux du Kenya ?<span class=\"ez-toc-section-end\"><\/span><\/h2>\n\n\n\n<p>Si le Kenya fait partie des principales destinations pour un safari de r\u00eave, c\u2019est incontestablement pour la richesse et la diversit\u00e9 de sa faune. Les plus de <a href=\"https:\/\/mistersafari.com\/fr\/safari-kenya\/parcs-reserves\/\">60 parcs et r\u00e9serves<\/a> du pays offrent un environnement id\u00e9al pour les nombreux animaux du Kenya. Voici quelques-uns des animaux que vous aurez s\u00fbrement la chance de rencontrer lors de votre safari.&nbsp;<\/p>\n\n\n\n<h3 class=\"wp-block-heading\">Les mammif\u00e8res terrestres<\/h3>\n\n\n\n<figure class=\"wp-block-table\"><table class=\"has-fixed-layout\"><thead><tr><th><strong>Nom<\/strong><\/th><th><strong>Taille<\/strong><\/th><th><strong>Poids<\/strong><\/th><th><strong>Long\u00e9vit\u00e9<\/strong><\/th><\/tr><\/thead><tbody><tr><td>Lion<\/td><td>1m \u00e0 1m30<\/td><td>Jusqu\u2019\u00e0 260 kg<\/td><td>13-15 ans<\/td><\/tr><tr><td>Rhinoc\u00e9ros noir et blanc<\/td><td>1m30 \u00e0 1m90<\/td><td>Jusqu\u2019\u00e0 1400 kg<\/td><td>40-50 ans<\/td><\/tr><tr><td>El\u00e9phant<\/td><td>5m50 \u00e0 6m50<\/td><td>Jusqu\u2019\u00e0 6000 kg<\/td><td>60-70 ans<\/td><\/tr><tr><td>Girafe r\u00e9ticul\u00e9e<\/td><td>3m50 \u00e0 4m70<\/td><td>Jusqu\u2019\u00e0 2000 kg<\/td><td>22-26 ans<\/td><\/tr><tr><td>L\u00e9opard<\/td><td>55 \u00e0 80 cm<\/td><td>Jusqu\u2019\u00e0 80 kg<\/td><td>12-17 ans<\/td><\/tr><tr><td>Buffle<\/td><td>1m60<\/td><td>Jusqu\u2019\u00e0 900 kg<\/td><td>15-18 ans<\/td><\/tr><tr><td>Gu\u00e9pard<\/td><td>75 \u00e0 85 cm<\/td><td>Jusqu\u2019\u00e0 70 kg<\/td><td>12-14 ans<\/td><\/tr><tr><td>Z\u00e8bre de Gr\u00e9vy<\/td><td>1m30 \u00e0 1m60<\/td><td>Jusqu\u2019\u00e0 450 kg<\/td><td>25-30 ans<\/td><\/tr><tr><td>Hy\u00e8ne tachet\u00e9e<\/td><td>80 \u00e0 85 cm<\/td><td>Jusqu\u2019\u00e0 70 kg<\/td><td>12 ans<\/td><\/tr><tr><td>Hippopotame<\/td><td>1m50<\/td><td>Jusqu\u2019\u00e0 3000 kg<\/td><td>40-50 ans<\/td><\/tr><tr><td>Lycaon<\/td><td>70 \u00e0 80 cm<\/td><td>Jusqu\u2019\u00e0 30 kg<\/td><td>10-12 ans<\/td><\/tr><tr><td>Babouin<\/td><td>69 cm<\/td><td>Jusqu\u2019\u00e0 18 kg<\/td><td>35 \u00e0 45 ans<\/td><\/tr><tr><td>Gnou<\/td><td>98 \u00e0 147 cm<\/td><td>Jusqu\u2019\u00e0 270 kg<\/td><td>15 \u00e0 40 ans<\/td><\/tr><tr><td>G\u00e9r\u00e9nuk (gazelle-girafe)<\/td><td>90 cm \u00e0 1m20<\/td><td>Jusqu\u2019\u00e0 52 kg<\/td><td>8 \u00e0 10 ans<\/td><\/tr><\/tbody><\/table><figcaption>Les principaux mammif\u00e8res terrestres du Kenya<\/figcaption><\/figure>\n\n\n\n<div class=\"wp-block-image\"><figure class=\"aligncenter size-large\"><img loading=\"lazy\" decoding=\"async\" width=\"1024\" height=\"683\" src=\"https:\/\/mk0mistersafarimcosm.kinstacdn.com\/wp-content\/uploads\/sites\/2\/girafe-kenya-1024x683.jpg\" alt=\"girafe Kebya\" class=\"wp-image-1747\" srcset=\"https:\/\/mistersafari.com\/fr\/wp-content\/uploads\/sites\/2\/girafe-kenya-1024x683.jpg 1024w, https:\/\/mistersafari.com\/fr\/wp-content\/uploads\/sites\/2\/girafe-kenya-300x200.jpg 300w, https:\/\/mistersafari.com\/fr\/wp-content\/uploads\/sites\/2\/girafe-kenya-768x512.jpg 768w, https:\/\/mistersafari.com\/fr\/wp-content\/uploads\/sites\/2\/girafe-kenya.jpg 1200w\" sizes=\"auto, (max-width: 1024px) 100vw, 1024px\" \/><\/figure><\/div>\n\n\n\n<h3 class=\"wp-block-heading\">Les oiseaux<\/h3>\n\n\n\n<figure class=\"wp-block-table\"><table class=\"has-fixed-layout\"><thead><tr><th><strong>Nom<\/strong><\/th><th><strong>Taille<\/strong><\/th><th><strong>Poids<\/strong><\/th><th><strong>Long\u00e9vit\u00e9<\/strong><\/th><\/tr><\/thead><tbody><tr><td>Flamand rose<\/td><td>1m60<\/td><td>Jusqu\u2019\u00e0 3,5 kg<\/td><td>35 ans<\/td><\/tr><tr><td>Marabout<\/td><td>1m50<\/td><td>Jusqu\u2019\u00e0 9 kg<\/td><td>25 ans<\/td><\/tr><tr><td>Grue couronn\u00e9e<\/td><td>1m<\/td><td>Jusqu\u2019\u00e0 4 kg<\/td><td>40 ans<\/td><\/tr><tr><td>Autruche de Somalie<\/td><td>2m \u00e0 2m40<\/td><td>Jusqu\u2019\u00e0 150 kg<\/td><td>40 ans<\/td><\/tr><\/tbody><\/table><figcaption>Les principaux oiseaux du Kenya<\/figcaption><\/figure>\n\n\n\n<h3 class=\"wp-block-heading\">Les reptiles<\/h3>\n\n\n\n<figure class=\"wp-block-table\"><table class=\"has-fixed-layout\"><thead><tr><th><strong>Nom<\/strong><\/th><th><strong>Taille<\/strong><\/th><th><strong>Poids<\/strong><\/th><th><strong>Long\u00e9vit\u00e9<\/strong><\/th><\/tr><\/thead><tbody><tr><td>Crocodile<\/td><td>2 \u00e0 7m<\/td><td>Jusqu\u2019\u00e0 500 kg<\/td><td>70 \u00e0 100 ans<\/td><\/tr><tr><td>Tortue terrestre<\/td><td>70 cm<\/td><td>Jusqu\u2019\u00e0 100 kg<\/td><td>50 ans<\/td><\/tr><tr><td>Varan<\/td><td>3 m<\/td><td>Jusqu\u2019\u00e0 80 kg<\/td><td>50 ans<\/td><\/tr><\/tbody><\/table><figcaption>Les principaux reptiles du Kenya<\/figcaption><\/figure>\n\n\n\n<h3 class=\"wp-block-heading\">La faune aquatique<\/h3>\n\n\n\n<figure class=\"wp-block-table\"><table class=\"has-fixed-layout\"><thead><tr><th><strong>Nom<\/strong><\/th><th><strong>Taille<\/strong><\/th><th><strong>Poids<\/strong><\/th><th><strong>Long\u00e9vit\u00e9<\/strong><\/th><\/tr><\/thead><tbody><tr><td>Tortue<\/td><td>120 cm<\/td><td>Jusqu\u2019\u00e0 200 kg<\/td><td>70 ans<\/td><\/tr><tr><td>Dauphin<\/td><td>2m \u00e0 2m50<\/td><td>Jusqu\u2019\u00e0 150 kg<\/td><td>50 ans<\/td><\/tr><tr><td>Requin-baleine<\/td><td>4 \u00e0 14 m<\/td><td>Jusqu\u2019\u00e0 12 tonnes<\/td><td>100 \u00e0 150 ans<\/td><\/tr><\/tbody><\/table><figcaption>La faune aquatique du Kenya<\/figcaption><\/figure>\n\n\n\n<h2 class=\"wp-block-heading\"><span class=\"ez-toc-section\" id=\"ou-voir-les-animaux-au-kenya\"><\/span>O\u00f9 voir les animaux au Kenya ?<span class=\"ez-toc-section-end\"><\/span><\/h2>\n\n\n\n<p>Tous les animaux ne sont pas forc\u00e9ment pr\u00e9sents dans tous les parcs du Kenya. Pour maximiser leurs chances, de nombreux voyageurs choisissent de r\u00e9aliser un <a class=\"rank-math-link\" href=\"https:\/\/mistersafari.com\/fr\/safari-kenya\/circuit\/\">circuit au Kenya<\/a> leur permettant ainsi de profiter de toute la diversit\u00e9 du pays.&nbsp;<\/p>\n\n\n\n<p>La <a href=\"https:\/\/mistersafari.com\/fr\/safari-kenya\/parcs-reserves\/masai-mara\/\">R\u00e9serve de Masa\u00ef Mara<\/a>, s\u00fbrement la plus c\u00e9l\u00e8bre du Kenya, offre le spectacle magnifique de l\u2019une des plus grandes migrations d\u2019animaux au monde. C\u2019est ici que vous observerez des millions de gnous, z\u00e8bres et antilopes traverser le parc et sa rivi\u00e8re, avec parfois de grands pr\u00e9dateurs \u00e0 leur trousse.&nbsp;<\/p>\n\n\n\n<figure class=\"wp-block-image size-large\"><img loading=\"lazy\" decoding=\"async\" width=\"1024\" height=\"678\" src=\"https:\/\/mk0mistersafarimcosm.kinstacdn.com\/wp-content\/uploads\/sites\/2\/vue-montgolfiere-masai-mara-1024x678.jpg\" alt=\"\" class=\"wp-image-1749\" srcset=\"https:\/\/mistersafari.com\/fr\/wp-content\/uploads\/sites\/2\/vue-montgolfiere-masai-mara-1024x678.jpg 1024w, https:\/\/mistersafari.com\/fr\/wp-content\/uploads\/sites\/2\/vue-montgolfiere-masai-mara-300x199.jpg 300w, https:\/\/mistersafari.com\/fr\/wp-content\/uploads\/sites\/2\/vue-montgolfiere-masai-mara-768x509.jpg 768w, https:\/\/mistersafari.com\/fr\/wp-content\/uploads\/sites\/2\/vue-montgolfiere-masai-mara.jpg 1200w\" sizes=\"auto, (max-width: 1024px) 100vw, 1024px\" \/><figcaption>Migration au Masai Mara<\/figcaption><\/figure>\n\n\n\n<p>Plus vaste parc d\u2019animaux sauvages du Kenya, voire d\u2019Afrique, le <a class=\"rank-math-link\" href=\"https:\/\/mistersafari.com\/fr\/safari-kenya\/parcs-reserves\/parc-tsavo-est-ouest\/\">Parc Tsavo<\/a> (divis\u00e9 en Est et Ouest) est embl\u00e9matique pour ses \u00e9l\u00e9phants aux longues d\u00e9fenses d\u2019ivoire par\u00e9s de boue rouge\u00e2tre (pr\u00e9sents aussi en grand nombre dans le <a class=\"rank-math-link\" href=\"https:\/\/mistersafari.com\/fr\/safari-kenya\/parcs-reserves\/parc-amboseli\/\">Parc Amboseli<\/a>). Ils cohabitent avec de nombreux autres animaux, dont le Big Five, mais aussi des plus rares comme les g\u00e9n\u00e9ruks, les dick-dicks ou encore le Z\u00e8bre de Gr\u00e9vy.<\/p>\n\n\n\n<p>Pour observer les rhinoc\u00e9ros, il faudra vous rendre dans le <a class=\"rank-math-link\" href=\"https:\/\/mistersafari.com\/fr\/safari-kenya\/parcs-reserves\/lac-nakuru\/\">Parc du Lac de Nakuru<\/a>, le <a href=\"https:\/\/mistersafari.com\/fr\/safari-kenya\/parcs-reserves\/aberdare\/\" data-type=\"page\" data-id=\"3306\">Parc d\u2019Aberdare<\/a> ou dans la R\u00e9serve de Lewa Downs. Quant \u00e0 la <a href=\"https:\/\/mistersafari.com\/fr\/safari-kenya\/parcs-reserves\/samburu\/\">R\u00e9serve de Samburu<\/a>, elle accueille la plus grande population de l\u00e9opards.\u00a0<\/p>\n\n\n\n<h2 class=\"wp-block-heading\"><span class=\"ez-toc-section\" id=\"quelle-est-la-meilleure-periode-pour-voir-les-animaux-du-kenya\"><\/span>Quelle est la meilleure p\u00e9riode pour voir les animaux du Kenya ?<span class=\"ez-toc-section-end\"><\/span><\/h2>\n\n\n\n<p>Un safari au Kenya pendant la saison s\u00e8che est la meilleure p\u00e9riode pour observer les animaux. En effet, entre d\u00e9cembre et mars, les herbes sont rases et les lacs et rivi\u00e8res s\u2019ass\u00e8chent.&nbsp;<\/p>\n\n\n\n<figure class=\"wp-block-image size-large\"><img loading=\"lazy\" decoding=\"async\" width=\"1024\" height=\"703\" src=\"https:\/\/mk0mistersafarimcosm.kinstacdn.com\/wp-content\/uploads\/sites\/2\/elephant-kenya-1024x703.jpg\" alt=\"Elephant Kenya\" class=\"wp-image-1750\" srcset=\"https:\/\/mistersafari.com\/fr\/wp-content\/uploads\/sites\/2\/elephant-kenya-1024x703.jpg 1024w, https:\/\/mistersafari.com\/fr\/wp-content\/uploads\/sites\/2\/elephant-kenya-300x206.jpg 300w, https:\/\/mistersafari.com\/fr\/wp-content\/uploads\/sites\/2\/elephant-kenya-768x527.jpg 768w, https:\/\/mistersafari.com\/fr\/wp-content\/uploads\/sites\/2\/elephant-kenya.jpg 1200w\" sizes=\"auto, (max-width: 1024px) 100vw, 1024px\" \/><\/figure>\n\n\n\n<p>Les animaux se rassemblent autour des quelques points d\u2019eau et sont ainsi plus facilement observables. De plus, les routes sont toutes praticables et les paysages typiques de la savane africaine.&nbsp;<\/p>\n\n\n\n<p>Pour en savoir plus : <a href=\"https:\/\/mistersafari.com\/fr\/safari-kenya\/quand-partir\/\">Quand partir au Kenya (m\u00e9t\u00e9o et climat) ?&nbsp;<\/a><\/p>\n\n\n\n<h2 class=\"wp-block-heading\"><span class=\"ez-toc-section\" id=\"faq\"><\/span>FAQ<span class=\"ez-toc-section-end\"><\/span><\/h2>\n\n\n<div id=\"rank-math-faq\" class=\"rank-math-block\">\n<div class=\"rank-math-list \">\n<div id=\"faq-question-1613721357750\" class=\"rank-math-list-item\">\n<h3 class=\"rank-math-question \">Quels animaux peut-on voir au Kenya ?\u00a0<\/h3>\n<div class=\"rank-math-answer \">\n\n<p>La faune du Kenya est tr\u00e8s riche et on peut y observer de nombreux animaux, parmi les plus c\u00e9l\u00e8bres d\u2019Afrique : Big Five, girafes, hippopotames, z\u00e8bres, gnous, singes, \u2026 mais aussi plusieurs centaines d\u2019esp\u00e8ces d\u2019oiseaux.\u00a0<\/p>\n\n<\/div>\n<\/div>\n<div id=\"faq-question-1613721362224\" class=\"rank-math-list-item\">\n<h3 class=\"rank-math-question \">Quels parcs visiter pour voir les animaux du Kenya ?<\/h3>\n<div class=\"rank-math-answer \">\n\n<p>Pour optimiser ses chances d\u2019observer la plus grande diversit\u00e9 d\u2019animaux, il est conseill\u00e9 de visiter plusieurs parcs. Certains ont quelques particularit\u00e9s, comme les \u00e9l\u00e9phants de Tsavo, les rhinoc\u00e9ros de Nakuru ou encore le mouvement migratoire des herbivores de Masa\u00ef Mara.\u00a0<\/p>\n\n<\/div>\n<\/div>\n<div id=\"faq-question-1613721367952\" class=\"rank-math-list-item\">\n<h3 class=\"rank-math-question \">Quand faire un safari au Kenya pour voir les animaux ?\u00a0<\/h3>\n<div class=\"rank-math-answer \">\n\n<p>La saison s\u00e8che, de d\u00e9cembre \u00e0 mars, est la p\u00e9riode la plus propice \u00e0 l\u2019observation des animaux au Kenya.\u00a0<\/p>\n\n<\/div>\n<\/div>\n<\/div>\n<\/div>","protected":false},"excerpt":{"rendered":"<p>Les pr\u00e8s de 50 000 km2 de superficie du Kenya sont l\u2019habitat d\u2019une population impressionnante d\u2019animaux sauvages embl\u00e9matiques de l\u2019Afrique. Lors d\u2019un safari au Kenya, vous aurez la chance de d\u00e9couvrir la richesse de sa faune. Quels animaux peut-on rencontrer au Kenya ? Quels sont les principaux animaux du Kenya ? Si le Kenya fait &#8230; <a title=\"Les animaux du Kenya\" class=\"read-more\" href=\"https:\/\/mistersafari.com\/fr\/safari-kenya\/animaux\/\" aria-label=\"En savoir plus sur Les animaux du Kenya\">Lire la suite<\/a><\/p>\n","protected":false},"author":3,"featured_media":1752,"parent":924,"menu_order":10,"comment_status":"closed","ping_status":"closed","template":"","meta":{"_acf_changed":false,"footnotes":""},"content_type":[],"country":[],"class_list":{"0":"post-1746","1":"page","2":"type-page","3":"status-publish","4":"has-post-thumbnail","6":"no-featured-image-padding"},"acf":{"hreflang":null},"_links":{"self":[{"href":"https:\/\/mistersafari.com\/fr\/wp-json\/wp\/v2\/pages\/1746","targetHints":{"allow":["GET"]}}],"collection":[{"href":"https:\/\/mistersafari.com\/fr\/wp-json\/wp\/v2\/pages"}],"about":[{"href":"https:\/\/mistersafari.com\/fr\/wp-json\/wp\/v2\/types\/page"}],"author":[{"embeddable":true,"href":"https:\/\/mistersafari.com\/fr\/wp-json\/wp\/v2\/users\/3"}],"replies":[{"embeddable":true,"href":"https:\/\/mistersafari.com\/fr\/wp-json\/wp\/v2\/comments?post=1746"}],"version-history":[{"count":2,"href":"https:\/\/mistersafari.com\/fr\/wp-json\/wp\/v2\/pages\/1746\/revisions"}],"predecessor-version":[{"id":3313,"href":"https:\/\/mistersafari.com\/fr\/wp-json\/wp\/v2\/pages\/1746\/revisions\/3313"}],"up":[{"embeddable":true,"href":"https:\/\/mistersafari.com\/fr\/wp-json\/wp\/v2\/pages\/924"}],"wp:featuredmedia":[{"embeddable":true,"href":"https:\/\/mistersafari.com\/fr\/wp-json\/wp\/v2\/media\/1752"}],"wp:attachment":[{"href":"https:\/\/mistersafari.com\/fr\/wp-json\/wp\/v2\/media?parent=1746"}],"wp:term":[{"taxonomy":"content_type","embeddable":true,"href":"https:\/\/mistersafari.com\/fr\/wp-json\/wp\/v2\/content_type?post=1746"},{"taxonomy":"country","embeddable":true,"href":"https:\/\/mistersafari.com\/fr\/wp-json\/wp\/v2\/country?post=1746"}],"curies":[{"name":"wp","href":"https:\/\/api.w.org\/{rel}","templated":true}]}}