{"id":1730,"date":"2021-01-20T10:38:24","date_gmt":"2021-01-20T10:38:24","guid":{"rendered":"https:\/\/mistersafari.com\/fr\/?page_id=1730"},"modified":"2022-01-10T19:25:50","modified_gmt":"2022-01-10T19:25:50","slug":"luxe","status":"publish","type":"page","link":"https:\/\/mistersafari.com\/fr\/safari-tanzanie\/luxe\/","title":{"rendered":"Safari de luxe en Tanzanie"},"content":{"rendered":"\n<p>La Tanzanie est une destination fascinante et convoit\u00e9e par les amoureux de la nature et des animaux. Vous envisagez de r\u00e9aliser un voyage de r\u00eave en Tanzanie ? Si votre budget n\u2019est pas un frein, voici notre guide pour organiser un safari en Tanzanie de luxe.<\/p>\n\n\n<div id=\"ez-toc-container\" class=\"ez-toc-v2_0_76 counter-flat ez-toc-counter ez-toc-custom ez-toc-container-direction\">\n<div class=\"ez-toc-title-container\"><p class=\"ez-toc-title\" style=\"cursor:inherit\">Sommaire<\/p>\n<\/div><nav><ul class='ez-toc-list ez-toc-list-level-1 ' ><li class='ez-toc-page-1'><a class=\"ez-toc-link ez-toc-heading-1\" href=\"https:\/\/mistersafari.com\/fr\/safari-tanzanie\/luxe\/#comment-organiser-un-safari-de-luxe-en-tanzanie\" >Comment organiser un safari de luxe en Tanzanie ?<\/a><\/li><li class='ez-toc-page-1'><a class=\"ez-toc-link ez-toc-heading-2\" href=\"https:\/\/mistersafari.com\/fr\/safari-tanzanie\/luxe\/#les-5-meilleurs-hotels-et-lodges-de-luxe-en-tanzanie\" >Les 5 meilleurs h\u00f4tels et lodges de luxe en Tanzanie<\/a><\/li><li class='ez-toc-page-1'><a class=\"ez-toc-link ez-toc-heading-3\" href=\"https:\/\/mistersafari.com\/fr\/safari-tanzanie\/luxe\/#safari-de-luxe-en-tanzanie-exemple-et-budget\" >Safari de luxe en Tanzanie : exemple et budget<\/a><\/li><li class='ez-toc-page-1'><a class=\"ez-toc-link ez-toc-heading-4\" href=\"https:\/\/mistersafari.com\/fr\/safari-tanzanie\/luxe\/#faq\" >FAQ<\/a><\/li><\/ul><\/nav><\/div>\n\n\n\n\n<h2 class=\"wp-block-heading\"><span class=\"ez-toc-section\" id=\"comment-organiser-un-safari-de-luxe-en-tanzanie\"><\/span>Comment organiser un safari de luxe en Tanzanie ?<span class=\"ez-toc-section-end\"><\/span><\/h2>\n\n\n\n<h3 class=\"wp-block-heading\">Avant le voyage<\/h3>\n\n\n\n<p>Pour organiser votre safari de luxe en Tanzanie, il est pr\u00e9f\u00e9rable de faire appel \u00e0 une agence de voyages sp\u00e9cialis\u00e9e dans les safaris tanzaniens. Leur connaissance accrue du pays et de l\u2019offre touristique vous permettra d\u2019acc\u00e9der \u00e0 des prestations de haute qualit\u00e9 dans le cadre d\u2019un voyage con\u00e7u sur-mesure. Plusieurs agences en ligne existent, sp\u00e9cialis\u00e9es sur la Tanzanie ou plus largement sur l\u2019Afrique. <\/p>\n\n\n\n<p>Avant de les contacter, d\u00e9finissez du mieux possible vos souhaits en termes d&rsquo;h\u00e9bergements, de moyens de transport, d\u2019activit\u00e9s, \u2026 afin de pouvoir obtenir un devis d\u00e9taill\u00e9.&nbsp; Pensez \u00e0 comparer plusieurs offres, aussi bien au niveau du tarif que du contenu du voyage.<\/p>\n\n\n\n<h3 class=\"wp-block-heading\">Sur place<\/h3>\n\n\n\n<p>Plusieurs \u00e9l\u00e9ments permettent de r\u00e9aliser un safari en Tanzanie de luxe.&nbsp;<\/p>\n\n\n\n<p>Tout d\u2019abord, les moyens de transport utilis\u00e9s ne sont pas \u00e0 n\u00e9gliger. Utiliser des taxis avions vous fera gagner du temps pour rejoindre les diff\u00e9rentes r\u00e9gions du pays et sera beaucoup moins fatigant. Vous pouvez r\u00e9aliser les safaris en 4&#215;4, avec un guide priv\u00e9, qui saura vous emmener dans les endroits les plus propices \u00e0 l\u2019observation des animaux.&nbsp;<\/p>\n\n\n\n<p>Pour un voyage de luxe en Tanzanie, privil\u00e9giez les r\u00e9serves priv\u00e9es qui proposent d&rsquo;agr\u00e9menter votre s\u00e9jour d\u2019activit\u00e9s originales pour vivre des exp\u00e9riences exceptionnelles : tour en montgolfi\u00e8re au lever du soleil, safari \u00e0 pied, d\u00eener dans le bush, excursion en bateau, acc\u00e8s au spa, \u2026 De nombreux voyageurs choisissent de terminer leur voyage en Tanzanie de luxe par quelques jours sur les <a class=\"rank-math-link\" href=\"https:\/\/mistersafari.com\/fr\/safari-tanzanie\/zanzibar\/plages\/\">plages idylliques de Zanzibar<\/a>.&nbsp;<\/p>\n\n\n\n<p>Mais c\u2019est surtout le choix de votre ou vos logements qui feront de votre safari un voyage de luxe. Le pays compte des h\u00e9bergements parmi les plus exceptionnels au monde. Leur situation, leur confort, leurs infrastructures, leurs services personnalis\u00e9s rendent le s\u00e9jour inoubliable.&nbsp;<\/p>\n\n\n\n<h2 class=\"wp-block-heading\"><span class=\"ez-toc-section\" id=\"les-5-meilleurs-hotels-et-lodges-de-luxe-en-tanzanie\"><\/span>Les 5 meilleurs h\u00f4tels et lodges de luxe en Tanzanie<span class=\"ez-toc-section-end\"><\/span><\/h2>\n\n\n\n<h3 class=\"wp-block-heading\">Ngorongoro Crater Lodge<\/h3>\n\n\n\n<p>Incontournable d\u2019un s\u00e9jour en Tanzanie, le <a href=\"https:\/\/mistersafari.com\/fr\/safari-tanzanie\/parcs-reserves\/cratere-ngorongoro\/\">crat\u00e8re de Ngorongoro<\/a> est un spectacle de nature inoubliable. De par sa position sur\u00e9lev\u00e9e, le Ngorongoro Crater Lodge offre des vues plongeantes imprenables sur le crat\u00e8re. Depuis la terrasse de votre suite, vous pourrez observer les animaux sauvages arpent\u00e9s ce site pr\u00e9historique.&nbsp;<\/p>\n\n\n\n<p>Le lodge, divis\u00e9 en trois parties, compte 30 suites. Le niveau de service est tr\u00e8s haut de gamme, avec une \u00e9quipe de majordome \u00e0 votre service.&nbsp; Les logements sur pilotis sont compos\u00e9s de toits en feuilles de bananier et de verdure et proposent un d\u00e9cor unique et atypique. Safaris, randonn\u00e9es \u00e0 pied et visites culturelles sont organis\u00e9s par le lodge.&nbsp;<\/p>\n\n\n\n<div class=\"wp-block-image\"><figure class=\"aligncenter size-large\"><img loading=\"lazy\" decoding=\"async\" width=\"1024\" height=\"768\" src=\"https:\/\/mk0mistersafarimcosm.kinstacdn.com\/wp-content\/uploads\/sites\/2\/ngorongoro-tanzanie-1024x768.jpg\" alt=\"\" class=\"wp-image-1733\" srcset=\"https:\/\/mistersafari.com\/fr\/wp-content\/uploads\/sites\/2\/ngorongoro-tanzanie-1024x768.jpg 1024w, https:\/\/mistersafari.com\/fr\/wp-content\/uploads\/sites\/2\/ngorongoro-tanzanie-300x225.jpg 300w, https:\/\/mistersafari.com\/fr\/wp-content\/uploads\/sites\/2\/ngorongoro-tanzanie-768x576.jpg 768w, https:\/\/mistersafari.com\/fr\/wp-content\/uploads\/sites\/2\/ngorongoro-tanzanie.jpg 1200w\" sizes=\"auto, (max-width: 1024px) 100vw, 1024px\" \/><\/figure><\/div>\n\n\n\n<h3 class=\"wp-block-heading\">Singita Sabora Tented Camp<\/h3>\n\n\n\n<p>Non loin du crat\u00e8re de Ngorongoro, le vaste <a href=\"https:\/\/mistersafari.com\/fr\/safari-tanzanie\/parcs-reserves\/parc-national-serengeti\/\">Parc National du Serengeti<\/a> abrite un autre lodge de luxe : le Singita Sabora Tented Camp. C\u2019est depuis les terrasses en bois communes du grand mess central que vous assisterez au spectacle incontournable du plus grand mouvement migratoire au monde.&nbsp;<\/p>\n\n\n\n<p class=\"callout-green\">Singita Sabora Tented Camp est une invitation au voyage au temps des grands explorateurs.&nbsp;<\/p>\n\n\n\n<p>Les 9 tentes en toile sur pilotis sont d\u00e9cor\u00e9es dans un style colonial, compos\u00e9 de bois exotique, d\u2019accessoires luxueux en cristal ou encore de tapis persans. Sur place, vous partirez pour des safaris en 4&#215;4, \u00e0 cheval ou en montgolfi\u00e8re, profiterez du spa ou de la piscine ou encore d\u2019activit\u00e9s sportives.&nbsp;<\/p>\n\n\n\n<h3 class=\"wp-block-heading\">Beho Beho<\/h3>\n\n\n\n<p>Situ\u00e9e \u00e0 l\u2019Est du pays, la <a class=\"rank-math-link\" href=\"https:\/\/mistersafari.com\/fr\/safari-tanzanie\/parcs-reserves\/reserve-selous\/\">R\u00e9serve de Selous<\/a> attire les voyageurs pour sa nature pr\u00e9serv\u00e9e et sa grande concentration d\u2019animaux. C\u2019est l\u2019un des rares parcs animaliers qui proposent des safaris en bateau.&nbsp;<\/p>\n\n\n\n<p>Beho Beho est un h\u00e9bergement compos\u00e9 de 8 cottages, construits \u00e0 partir de mat\u00e9riaux naturels et de r\u00e9cup\u00e9ration. Beho Beho pla\u00eet pour son aspect intime et tranquille. Les logements sont \u00e9quip\u00e9s avec go\u00fbt. Particularit\u00e9 de Beho Beho, les plus aventureux pourront partir pour une randonn\u00e9e dans le bush et passer la nuit dans l\u2019une des deux tentes install\u00e9es dans le lit d\u2019une rivi\u00e8re ass\u00e9ch\u00e9e, au milieu de la savane africaine.&nbsp;<\/p>\n\n\n\n<h3 class=\"wp-block-heading\">Chem Chem Safari Lodge<\/h3>\n\n\n\n<p>C\u2019est sur les bords du <a href=\"https:\/\/mistersafari.com\/fr\/safari-tanzanie\/parcs-reserves\/lac-manyara\/\">Lac Manyara<\/a> que les voyageurs sont invit\u00e9s \u00e0 pratiquer le \u201cslow safari\u201d. Ici, les 4&#215;4 sont d\u00e9laiss\u00e9s pour des safaris \u00e0 pied dans le bush, o\u00f9 l\u2019on prend le temps d\u2019observer, d\u2019\u00e9couter, de sentir et d\u2019appr\u00e9cier toute la beaut\u00e9 du pays.&nbsp;<\/p>\n\n\n\n<p>Compos\u00e9 de 8 tentes safaris luxueuses, Chem Chem Safari Lodge vous propose un s\u00e9jour confortable et paisible, en toute tranquillit\u00e9. Les visiteurs peuvent profiter des nombreuses activit\u00e9s offertes par le lodge : spa et massage, vol en h\u00e9licopt\u00e8re ou en montgolfi\u00e8re, safari \u00e0 cheval, \u2026&nbsp;<\/p>\n\n\n\n<h3 class=\"wp-block-heading\">Mnemba Island Lodge<\/h3>\n\n\n\n<p>Direction l\u2019archipel de <a class=\"rank-math-link\" href=\"https:\/\/mistersafari.com\/fr\/safari-tanzanie\/zanzibar\/\">Zanzibar<\/a>, et plus particuli\u00e8rement l\u2019\u00eele priv\u00e9e de Mnemba. C\u2019est un bijou terrestre, r\u00e9put\u00e9 mondialement pour sa faune aquatique et ses spots de plong\u00e9e sous-marine.&nbsp;<\/p>\n\n\n\n<p>Seuls les r\u00e9sidents de Mnemba Island Lodge ont acc\u00e8s \u00e0 l\u2019\u00eele et le lodge est compos\u00e9 de 10 bungalows (appel\u00e9s aussi bandas), espac\u00e9s les uns des autres pour garantir un s\u00e9jour intime. Le lodge est appr\u00e9ci\u00e9 pour son restaurant, avec au menu : fruits, l\u00e9gumes, poissons et fruits de mer locaux et frais, tout cela \u00e0 d\u00e9guster les pieds dans le sable blanc.&nbsp;<\/p>\n\n\n\n<h2 class=\"wp-block-heading\"><span class=\"ez-toc-section\" id=\"safari-de-luxe-en-tanzanie-exemple-et-budget\"><\/span>Safari de luxe en Tanzanie : exemple et budget<span class=\"ez-toc-section-end\"><\/span><\/h2>\n\n\n\n<p>Les possibilit\u00e9s pour concevoir un safari luxueux en Tanzanie sont vastes. Voici un exemple de circuit qui vous emm\u00e8nera d\u00e9couvrir les plus beaux endroits du pays.&nbsp;<\/p>\n\n\n\n<ul class=\"wp-block-list\"><li>Jour 1 : Arriv\u00e9e \u00e0 Dar Es-Salaam<\/li><li>Jour 2 et 3 : Safari dans le<a href=\"https:\/\/mistersafari.com\/fr\/safari-tanzanie\/parcs-reserves\/lac-manyara\/\"> Parc du Lac Manyara<\/a> et h\u00e9bergement au Chem Chem Safari Lodge<\/li><li>Jour 3 et 4 : Safaris dans le <a href=\"https:\/\/mistersafari.com\/fr\/safari-tanzanie\/parcs-reserves\/parc-national-tarangire\/\">Parc de Tarangire&nbsp;<\/a><\/li><li>Jour 5 et 6 : Safaris dans le<a href=\"https:\/\/mistersafari.com\/fr\/safari-tanzanie\/parcs-reserves\/cratere-ngorongoro\/\"> crat\u00e8re Ngorongoro<\/a> et h\u00e9bergement au Ngorongoro Crater Lodge&nbsp;<\/li><li>Jour 7 \u00e0 9 : Safaris dans le<a href=\"https:\/\/mistersafari.com\/fr\/safari-tanzanie\/parcs-reserves\/parc-national-serengeti\/\"> Parc du Serengeti<\/a> et h\u00e9bergement au Singita Sabora Tented Camp<\/li><li>Jour 10 : Transfert en avion priv\u00e9 vers le <a href=\"https:\/\/mistersafari.com\/fr\/safari-tanzanie\/parcs-reserves\/parc-ruaha\/\">Parc National de Ruaha<\/a><\/li><li>Jour 11 et 12 : Safaris dans le parc de Ruaha et h\u00e9bergement au Jongomero Lodge<\/li><li>Jour 12 : Transfert en avion priv\u00e9 vers Mnemba<\/li><li>Jour 13 et 14 : S\u00e9jour \u00e0 Mnemba et h\u00e9bergement au Mnemba Island Lodge&nbsp;<\/li><li>Jour 15 : Transfert vers Dar Es Salaam et d\u00e9part<\/li><\/ul>\n\n\n\n<p>Ce type de circuit inclut plusieurs types de safaris accompagn\u00e9s par un guide priv\u00e9 : en 4&#215;4, \u00e0 pied, en montgolfi\u00e8re, en bateau, \u2026 Les transferts se font en avion-taxi qui vous conduira directement \u00e0 votre lodge. Il faudra compter au minimum 1200\u20ac\/personne\/jour pour ce type de circuit.&nbsp;<\/p>\n\n\n\n<h2 class=\"wp-block-heading\"><span class=\"ez-toc-section\" id=\"faq\"><\/span>FAQ<span class=\"ez-toc-section-end\"><\/span><\/h2>\n\n\n<div id=\"rank-math-faq\" class=\"rank-math-block\">\n<div class=\"rank-math-list \">\n<div id=\"faq-question-1611139017683\" class=\"rank-math-list-item\">\n<h3 class=\"rank-math-question \"><strong>Quels autres pays pour organiser un safari haut de gamme ?<\/strong><\/h3>\n<div class=\"rank-math-answer \">\n\n<p>Un <a href=\"https:\/\/mistersafari.com\/fr\/safari-afrique-du-sud\/luxe\/\" class=\"rank-math-link\">safari de luxe en Afrique du Sud<\/a> ou <a href=\"https:\/\/mistersafari.com\/fr\/safari-kenya\/luxe\/\" class=\"rank-math-link\">encore au Kenya<\/a> sont de tr\u00e8s bonnes alternatives, ou m\u00eame un combin\u00e9 !<\/p>\n\n<\/div>\n<\/div>\n<div id=\"faq-question-1611139048757\" class=\"rank-math-list-item\">\n<h3 class=\"rank-math-question \"><strong>Quel est le budget pour un safari de luxe en Tanzanie ?<\/strong><\/h3>\n<div class=\"rank-math-answer \">\n\n<p>Le prix d\u2019un safari de luxe en Tanzanie d\u00e9pendra de plusieurs crit\u00e8res dont notamment les h\u00e9bergements et les moyens de transport choisis. Il faudra compter au minimum 1200\u20ac\/personne\/jour.\u00a0<\/p>\n\n<\/div>\n<\/div>\n<\/div>\n<\/div>","protected":false},"excerpt":{"rendered":"<p>La Tanzanie est une destination fascinante et convoit\u00e9e par les amoureux de la nature et des animaux. Vous envisagez de r\u00e9aliser un voyage de r\u00eave en Tanzanie ? Si votre budget n\u2019est pas un frein, voici notre guide pour organiser un safari en Tanzanie de luxe. Comment organiser un safari de luxe en Tanzanie ? &#8230; <a title=\"Safari de luxe en Tanzanie\" class=\"read-more\" href=\"https:\/\/mistersafari.com\/fr\/safari-tanzanie\/luxe\/\" aria-label=\"En savoir plus sur Safari de luxe en Tanzanie\">Lire la suite<\/a><\/p>\n","protected":false},"author":3,"featured_media":1734,"parent":932,"menu_order":7,"comment_status":"closed","ping_status":"closed","template":"","meta":{"_acf_changed":false,"footnotes":""},"content_type":[],"country":[],"class_list":{"0":"post-1730","1":"page","2":"type-page","3":"status-publish","4":"has-post-thumbnail","6":"no-featured-image-padding"},"acf":{"hreflang":[{"alternative_url":"https:\/\/mistersafari.com\/tanzania\/tours\/luxury\/","language":"en"}]},"_links":{"self":[{"href":"https:\/\/mistersafari.com\/fr\/wp-json\/wp\/v2\/pages\/1730","targetHints":{"allow":["GET"]}}],"collection":[{"href":"https:\/\/mistersafari.com\/fr\/wp-json\/wp\/v2\/pages"}],"about":[{"href":"https:\/\/mistersafari.com\/fr\/wp-json\/wp\/v2\/types\/page"}],"author":[{"embeddable":true,"href":"https:\/\/mistersafari.com\/fr\/wp-json\/wp\/v2\/users\/3"}],"replies":[{"embeddable":true,"href":"https:\/\/mistersafari.com\/fr\/wp-json\/wp\/v2\/comments?post=1730"}],"version-history":[{"count":8,"href":"https:\/\/mistersafari.com\/fr\/wp-json\/wp\/v2\/pages\/1730\/revisions"}],"predecessor-version":[{"id":6306,"href":"https:\/\/mistersafari.com\/fr\/wp-json\/wp\/v2\/pages\/1730\/revisions\/6306"}],"up":[{"embeddable":true,"href":"https:\/\/mistersafari.com\/fr\/wp-json\/wp\/v2\/pages\/932"}],"wp:featuredmedia":[{"embeddable":true,"href":"https:\/\/mistersafari.com\/fr\/wp-json\/wp\/v2\/media\/1734"}],"wp:attachment":[{"href":"https:\/\/mistersafari.com\/fr\/wp-json\/wp\/v2\/media?parent=1730"}],"wp:term":[{"taxonomy":"content_type","embeddable":true,"href":"https:\/\/mistersafari.com\/fr\/wp-json\/wp\/v2\/content_type?post=1730"},{"taxonomy":"country","embeddable":true,"href":"https:\/\/mistersafari.com\/fr\/wp-json\/wp\/v2\/country?post=1730"}],"curies":[{"name":"wp","href":"https:\/\/api.w.org\/{rel}","templated":true}]}}