{"id":1650,"date":"2021-01-18T16:39:24","date_gmt":"2021-01-18T16:39:24","guid":{"rendered":"https:\/\/mistersafari.com\/fr\/?page_id=1650"},"modified":"2021-02-19T09:37:33","modified_gmt":"2021-02-19T09:37:33","slug":"big-five","status":"publish","type":"page","link":"https:\/\/mistersafari.com\/fr\/safari-afrique-du-sud\/big-five\/","title":{"rendered":"O\u00f9 voir le Big Five en Afrique du Sud ?"},"content":{"rendered":"\n<p>L\u2019Afrique du Sud, son histoire, sa culture, ses paysages, mais aussi et surtout ses animaux sauvages ! Un safari en Afrique du Sud est l\u2019occasion de partir \u00e0 la rencontre des plus grands animaux d\u2019Afrique, et notamment le Big 5 en Afrique du Sud.<\/p>\n\n\n<div id=\"ez-toc-container\" class=\"ez-toc-v2_0_76 counter-flat ez-toc-counter ez-toc-custom ez-toc-container-direction\">\n<div class=\"ez-toc-title-container\"><p class=\"ez-toc-title\" style=\"cursor:inherit\">Sommaire<\/p>\n<\/div><nav><ul class='ez-toc-list ez-toc-list-level-1 ' ><li class='ez-toc-page-1'><a class=\"ez-toc-link ez-toc-heading-1\" href=\"https:\/\/mistersafari.com\/fr\/safari-afrique-du-sud\/big-five\/#big-five-en-afrique-du-sud-de-quoi-parle-t-on\" >Big Five en Afrique du Sud : de quoi parle-t-on ?<\/a><\/li><li class='ez-toc-page-1'><a class=\"ez-toc-link ez-toc-heading-2\" href=\"https:\/\/mistersafari.com\/fr\/safari-afrique-du-sud\/big-five\/#ou-voir-le-big-five-en-afrique-du-sud\" >O\u00f9 voir le Big Five en Afrique du Sud ?<\/a><\/li><li class='ez-toc-page-1'><a class=\"ez-toc-link ez-toc-heading-3\" href=\"https:\/\/mistersafari.com\/fr\/safari-afrique-du-sud\/big-five\/#faq\" >FAQ<\/a><\/li><\/ul><\/nav><\/div>\n\n\n\n\n<h2 class=\"wp-block-heading\"><span class=\"ez-toc-section\" id=\"big-five-en-afrique-du-sud-de-quoi-parle-t-on\"><\/span>Big Five en Afrique du Sud : de quoi parle-t-on ?<span class=\"ez-toc-section-end\"><\/span><\/h2>\n\n\n\n<p>D&rsquo;origine anglophone, l&rsquo;expression Big Five (ou Big 5) remonte au d\u00e9but du XXe&nbsp;si\u00e8cle et a \u00e9t\u00e9 d\u00e9finie par Ernest Hemingway dans son livre \u201c<em>Les neiges du Kilimandjaro<\/em>\u201d. Elle d\u00e9signe cinq grands animaux sauvages d\u2019Afrique d\u00e9crits comme les plus dangereux et les plus difficiles \u00e0 chasser.&nbsp;<\/p>\n\n\n\n<p>Il s\u2019agit :<\/p>\n\n\n\n<ul class=\"wp-block-list\"><li>du lion ;<\/li><li>de l\u2019\u00e9l\u00e9phant ;<\/li><li>du buffle ;<\/li><li>du l\u00e9opard ;<\/li><li>du rhinoc\u00e9ros noir.&nbsp;<\/li><\/ul>\n\n\n\n<p>\u00c0 l\u2019\u00e9poque, ces animaux sont pris\u00e9s par les chasseurs qui ont pour unique objectif de rapporter le fameux troph\u00e9e : la crini\u00e8re du lion, les d\u00e9fenses de l\u2019\u00e9l\u00e9phant, les cornes du buffle, etc\u2026 Devenus menac\u00e9s, des parcs nationaux sont rapidement cr\u00e9\u00e9s pour les prot\u00e9ger. Encore aujourd\u2019hui, le braconnage et m\u00eame des ench\u00e8res sauvages continuent de mettre en p\u00e9ril ces esp\u00e8ces. Seul le buffle, en raison de sa forte population, n\u2019est pas class\u00e9 comme esp\u00e8ce menac\u00e9e en Afrique.&nbsp;<\/p>\n\n\n\n<figure class=\"wp-block-image size-large\"><picture><source srcset=\"https:\/\/mistersafari.com\/fr\/wp-content\/uploads\/sites\/2\/buffle-afrique-sud-1024x711.webp 1024w,https:\/\/mistersafari.com\/fr\/wp-content\/uploads\/sites\/2\/buffle-afrique-sud-300x208.webp 300w,https:\/\/mistersafari.com\/fr\/wp-content\/uploads\/sites\/2\/buffle-afrique-sud-768x533.webp 768w,https:\/\/mistersafari.com\/fr\/wp-content\/uploads\/sites\/2\/buffle-afrique-sud.webp 1200w\" sizes=\"auto, (max-width: 1024px) 100vw, 1024px\" type=\"image\/webp\"><img src=\"https:\/\/mistersafari.com\/fr\/wp-content\/uploads\/sites\/2\/buffle-afrique-sud-1024x711.jpg\" height=\"711\" width=\"1024\" srcset=\"https:\/\/mistersafari.com\/fr\/wp-content\/uploads\/sites\/2\/buffle-afrique-sud-1024x711.jpg 1024w, https:\/\/mistersafari.com\/fr\/wp-content\/uploads\/sites\/2\/buffle-afrique-sud-300x208.jpg 300w, https:\/\/mistersafari.com\/fr\/wp-content\/uploads\/sites\/2\/buffle-afrique-sud-768x533.jpg 768w, https:\/\/mistersafari.com\/fr\/wp-content\/uploads\/sites\/2\/buffle-afrique-sud.jpg 1200w\" sizes=\"auto, (max-width: 1024px) 100vw, 1024px\" class=\"wp-image-1654 sp-no-webp\" alt=\"buffle afrique sud\" loading=\"lazy\" decoding=\"async\"  > <\/picture><\/figure>\n\n\n\n<p><strong>Les animaux du Big Five en Afrique du Sud sont un symbole du pays et ils restent tr\u00e8s pr\u00e9sents sur l\u2019ensemble du territoire.&nbsp; On retrouve m\u00eame une image de chaque animal imprim\u00e9 sur chacun des billets de banque Sud Africain !&nbsp;<\/strong><\/p>\n\n\n\n<p>L\u2019Afrique du Sud est de plus l\u2019unique pays au monde \u00e0 abriter non seulement le Big Five, mais aussi le Big Seven ! Aux c\u00f4t\u00e9s des animaux sauvages cit\u00e9s plus haut, vous aurez aussi la chance de rencontrer sur les c\u00f4tes Sud Africaine la baleine et le grand requin blanc.&nbsp; La nation arc-en-ciel est donc une destination phare pour les amoureux des animaux et un haut lieu du safari.<\/p>\n\n\n\n<h2 class=\"wp-block-heading\"><span class=\"ez-toc-section\" id=\"ou-voir-le-big-five-en-afrique-du-sud\"><\/span>O\u00f9 voir le Big Five en Afrique du Sud ?<span class=\"ez-toc-section-end\"><\/span><\/h2>\n\n\n\n<p>Lors d\u2019un safari en Afrique du Sud, le Big Five est bien souvent la rencontre esp\u00e9r\u00e9e par chaque voyageur. R\u00e9partis sur tout le pays, les nombreux <a href=\"https:\/\/mistersafari.com\/fr\/safari-afrique-du-sud\/parcs-reserves\/\" class=\"rank-math-link\">parcs et r\u00e9serves d\u2019Afrique du Sud<\/a> sont les lieux de rencontres id\u00e9aux du Big Five en Afrique du Sud.&nbsp;<\/p>\n\n\n\n<p>Dans quel parc le Big Five est pr\u00e9sent en Afrique du Sud ?<\/p>\n\n\n\n<p>Commen\u00e7ons par un incontournable du pays : le <a href=\"https:\/\/mistersafari.com\/fr\/safari-afrique-du-sud\/parcs-reserves\/parc-kruger\/\" class=\"rank-math-link\">Parc Kruger<\/a>.&nbsp; Situ\u00e9 au Nord-Est, il est le plus grand parc animalier d\u2019Afrique du Sud. Les cinq animaux du Big Five sont pr\u00e9sents dans le parc et vous pourrez facilement les trouver lors de votre safari gr\u00e2ce aux panneaux collaboratifs r\u00e9partis dans le parc. Ils cohabitent avec une faune riche compos\u00e9e de hy\u00e8nes, gu\u00e9pards, girafes, gazelles, \u00e9lans, hippopotames, crocodiles et plus de 500 esp\u00e8ces d\u2019oiseaux.&nbsp;<\/p>\n\n\n\n<p>Sur la c\u00f4te sud du pays, on retrouve le <a href=\"https:\/\/mistersafari.com\/fr\/safari-afrique-du-sud\/parcs-reserves\/addo-elephant-park\/\" class=\"rank-math-link\">Parc des \u00c9l\u00e9phants d\u2019Addo<\/a>.&nbsp;Comme son nom le laisse deviner, les mammif\u00e8res aux d\u00e9fenses d\u2019ivoire y sont tr\u00e8s nombreux. Gr\u00e2ce aux efforts de protection et de r\u00e9introduction, leur population a \u00e9t\u00e9 multipli\u00e9e par plusieurs dizaines au cours du dernier si\u00e8cle.<\/p>\n\n\n\n<div class=\"wp-block-image\"><figure class=\"aligncenter size-large\"><picture><source srcset=\"https:\/\/mistersafari.com\/fr\/wp-content\/uploads\/sites\/2\/elephant-afrique-sud.webp 400w,https:\/\/mistersafari.com\/fr\/wp-content\/uploads\/sites\/2\/elephant-afrique-sud-200x300.webp 200w\" sizes=\"auto, (max-width: 400px) 100vw, 400px\" type=\"image\/webp\"><img src=\"https:\/\/mistersafari.com\/fr\/wp-content\/uploads\/sites\/2\/elephant-afrique-sud.jpg\" height=\"600\" width=\"400\" srcset=\"https:\/\/mistersafari.com\/fr\/wp-content\/uploads\/sites\/2\/elephant-afrique-sud.jpg 400w, https:\/\/mistersafari.com\/fr\/wp-content\/uploads\/sites\/2\/elephant-afrique-sud-200x300.jpg 200w\" sizes=\"auto, (max-width: 400px) 100vw, 400px\" class=\"wp-image-1655 sp-no-webp\" alt=\"elephant afrique sud\" loading=\"lazy\" decoding=\"async\"  > <\/picture><\/figure><\/div>\n\n\n\n<p>C\u2019est aussi sur les c\u00f4tes maritimes de ce parc, au pied de l\u2019Oc\u00e9an Indien, que vous pourrez observer les baleines et les grands requins blancs qui composent le Big Seven.&nbsp; Un spectacle \u00e0 ne pas manquer donc !<\/p>\n\n\n\n<p>Derni\u00e8re de notre liste : la <a href=\"https:\/\/mistersafari.com\/fr\/safari-afrique-du-sud\/parcs-reserves\/reserve-madikwe\/\" class=\"rank-math-link\">R\u00e9serve de Madikwe<\/a>.&nbsp;Gr\u00e2ce \u00e0 un \u00e9norme travail de r\u00e9introduction des animaux sur cette zone \u00e0 la biodiversit\u00e9 tr\u00e8s riche, elle fait partie des destinations cl\u00e9s d\u2019un safari en Afrique du Sud. R\u00e9serve enti\u00e8rement cl\u00f4tur\u00e9e, le Big Five y est relativement facilement observable lors d\u2019un safari guid\u00e9 par un ranger qui saura vous amener \u00e0 leur rencontre. En chemin, vous pourrez observer de nombreux autres animaux, dont des esp\u00e8ces rares comme le lycaon ou la hy\u00e8ne tachet\u00e9e.<\/p>\n\n\n\n<h2 class=\"wp-block-heading\"><span class=\"ez-toc-section\" id=\"faq\"><\/span>FAQ<span class=\"ez-toc-section-end\"><\/span><\/h2>\n\n\n<div id=\"rank-math-faq\" class=\"rank-math-block\">\n<div class=\"rank-math-list \">\n<div id=\"faq-question-1610987890267\" class=\"rank-math-list-item\">\n<h3 class=\"rank-math-question \">Quels sont les animaux du Big Five ?<\/h3>\n<div class=\"rank-math-answer \">\n\n<p>Le Big Five est compos\u00e9 du lion, de l\u2019\u00e9l\u00e9phant, du rhinoc\u00e9ros noir, du buffle et du l\u00e9opard.\u00a0<\/p>\n\n<\/div>\n<\/div>\n<div id=\"faq-question-1610987896994\" class=\"rank-math-list-item\">\n<h3 class=\"rank-math-question \">Dans quel autre pays voir le Big Five ?<\/h3>\n<div class=\"rank-math-answer \">\n\n<p>Le Big Five est pr\u00e9sent dans de nombreux pays d\u2019Afrique dont l\u2019Afrique du Sud, le Kenya, la Tanzanie, le Zimbabwe, le <a href=\"https:\/\/mistersafari.com\/fr\/safari-botswana\/\" class=\"rank-math-link\">Botswana<\/a>, \u2026\u00a0<\/p>\n\n<\/div>\n<\/div>\n<\/div>\n<\/div>","protected":false},"excerpt":{"rendered":"<p>L\u2019Afrique du Sud, son histoire, sa culture, ses paysages, mais aussi et surtout ses animaux sauvages ! Un safari en Afrique du Sud est l\u2019occasion de partir \u00e0 la rencontre des plus grands animaux d\u2019Afrique, et notamment le Big 5 en Afrique du Sud. Big Five en Afrique du Sud : de quoi parle-t-on ? &#8230; <a title=\"O\u00f9 voir le Big Five en Afrique du Sud ?\" class=\"read-more\" href=\"https:\/\/mistersafari.com\/fr\/safari-afrique-du-sud\/big-five\/\" aria-label=\"En savoir plus sur O\u00f9 voir le Big Five en Afrique du Sud ?\">Lire la suite<\/a><\/p>\n","protected":false},"author":2,"featured_media":1653,"parent":1093,"menu_order":5,"comment_status":"closed","ping_status":"closed","template":"","meta":{"_acf_changed":false,"footnotes":""},"content_type":[],"country":[],"class_list":{"0":"post-1650","1":"page","2":"type-page","3":"status-publish","4":"has-post-thumbnail","6":"no-featured-image-padding"},"acf":{"hreflang":null},"_links":{"self":[{"href":"https:\/\/mistersafari.com\/fr\/wp-json\/wp\/v2\/pages\/1650","targetHints":{"allow":["GET"]}}],"collection":[{"href":"https:\/\/mistersafari.com\/fr\/wp-json\/wp\/v2\/pages"}],"about":[{"href":"https:\/\/mistersafari.com\/fr\/wp-json\/wp\/v2\/types\/page"}],"author":[{"embeddable":true,"href":"https:\/\/mistersafari.com\/fr\/wp-json\/wp\/v2\/users\/2"}],"replies":[{"embeddable":true,"href":"https:\/\/mistersafari.com\/fr\/wp-json\/wp\/v2\/comments?post=1650"}],"version-history":[{"count":7,"href":"https:\/\/mistersafari.com\/fr\/wp-json\/wp\/v2\/pages\/1650\/revisions"}],"predecessor-version":[{"id":1801,"href":"https:\/\/mistersafari.com\/fr\/wp-json\/wp\/v2\/pages\/1650\/revisions\/1801"}],"up":[{"embeddable":true,"href":"https:\/\/mistersafari.com\/fr\/wp-json\/wp\/v2\/pages\/1093"}],"wp:featuredmedia":[{"embeddable":true,"href":"https:\/\/mistersafari.com\/fr\/wp-json\/wp\/v2\/media\/1653"}],"wp:attachment":[{"href":"https:\/\/mistersafari.com\/fr\/wp-json\/wp\/v2\/media?parent=1650"}],"wp:term":[{"taxonomy":"content_type","embeddable":true,"href":"https:\/\/mistersafari.com\/fr\/wp-json\/wp\/v2\/content_type?post=1650"},{"taxonomy":"country","embeddable":true,"href":"https:\/\/mistersafari.com\/fr\/wp-json\/wp\/v2\/country?post=1650"}],"curies":[{"name":"wp","href":"https:\/\/api.w.org\/{rel}","templated":true}]}}