{"id":1638,"date":"2021-01-18T16:20:01","date_gmt":"2021-01-18T16:20:01","guid":{"rendered":"https:\/\/mistersafari.com\/fr\/?page_id=1638"},"modified":"2022-10-06T15:43:33","modified_gmt":"2022-10-06T15:43:33","slug":"animaux","status":"publish","type":"page","link":"https:\/\/mistersafari.com\/fr\/safari-afrique-du-sud\/animaux\/","title":{"rendered":"Les animaux d&rsquo;Afrique du Sud"},"content":{"rendered":"\n<p>L\u2019Afrique du Sud est un territoire riche aussi bien pour sa faune que pour sa flore. La diversit\u00e9 de ses climats en font des lieux d\u2019habitats adapt\u00e9s \u00e0 une grande vari\u00e9t\u00e9 d\u2019animaux. Quels animaux pourrez-vous observer en Afrique du Sud ? R\u00e9ponses dans cet article.<\/p>\n\n\n<div id=\"ez-toc-container\" class=\"ez-toc-v2_0_76 counter-flat ez-toc-counter ez-toc-custom ez-toc-container-direction\">\n<div class=\"ez-toc-title-container\"><p class=\"ez-toc-title\" style=\"cursor:inherit\">Sommaire<\/p>\n<\/div><nav><ul class='ez-toc-list ez-toc-list-level-1 ' ><li class='ez-toc-page-1'><a class=\"ez-toc-link ez-toc-heading-1\" href=\"https:\/\/mistersafari.com\/fr\/safari-afrique-du-sud\/animaux\/#quels-sont-les-principaux-animaux-dafrique-du-sud\" >Quels sont les principaux animaux d\u2019Afrique du Sud ?<\/a><\/li><li class='ez-toc-page-1'><a class=\"ez-toc-link ez-toc-heading-2\" href=\"https:\/\/mistersafari.com\/fr\/safari-afrique-du-sud\/animaux\/#ou-voir-les-animaux-en-afrique-du-sud\" >O\u00f9 voir les animaux en Afrique du Sud ?<\/a><\/li><li class='ez-toc-page-1'><a class=\"ez-toc-link ez-toc-heading-3\" href=\"https:\/\/mistersafari.com\/fr\/safari-afrique-du-sud\/animaux\/#quelle-est-la-meilleure-periode-pour-voir-les-animaux-dafrique-du-sud\" >Quelle est la meilleure p\u00e9riode pour voir les animaux d\u2019Afrique du Sud ?<\/a><\/li><li class='ez-toc-page-1'><a class=\"ez-toc-link ez-toc-heading-4\" href=\"https:\/\/mistersafari.com\/fr\/safari-afrique-du-sud\/animaux\/#faq\" >FAQ<\/a><\/li><\/ul><\/nav><\/div>\n\n\n\n\n<h2 class=\"wp-block-heading\"><span class=\"ez-toc-section\" id=\"quels-sont-les-principaux-animaux-dafrique-du-sud\"><\/span>Quels sont les principaux animaux d\u2019Afrique du Sud ?<span class=\"ez-toc-section-end\"><\/span><\/h2>\n\n\n\n<p>Destination de choix pour un safari, l\u2019Afrique du Sud abrite des milliers d\u2019esp\u00e8ces d\u2019animaux. Ses <a href=\"https:\/\/mistersafari.com\/fr\/safari-afrique-du-sud\/parcs-reserves\/\" class=\"rank-math-link\">parcs et r\u00e9serves<\/a> prot\u00e8gent et contribuent \u00e0 leur d\u00e9veloppement, qu\u2019il s\u2019agisse des plus grands animaux embl\u00e9matiques d\u2019Afrique (dont le <a href=\"https:\/\/mistersafari.com\/fr\/safari-afrique-du-sud\/big-five\/\" class=\"rank-math-link\">Big Five<\/a>), d\u2019esp\u00e8ces en voie de disparition, d&rsquo;oiseaux ou de reptiles. Enfin, avec pr\u00e8s de 3000 km de c\u00f4tes maritimes, un voyage en Afrique du Sud est aussi l\u2019occasion d\u2019observer des animaux marins.&nbsp; Voici quelques indications sur les principaux animaux sauvages d\u2019Afrique du Sud que vous aurez la chance de rencontrer lors de votre safari.&nbsp;<\/p>\n\n\n\n<h3 class=\"wp-block-heading\">Les mammif\u00e8res terrestres<\/h3>\n\n\n\n<figure class=\"wp-block-table\"><table class=\"has-fixed-layout\"><thead><tr><th class=\"has-text-align-center\" data-align=\"center\"><strong>Nom<\/strong><\/th><th class=\"has-text-align-center\" data-align=\"center\"><strong>Taille<\/strong><\/th><th class=\"has-text-align-center\" data-align=\"center\"><strong>Poids<\/strong><\/th><th class=\"has-text-align-center\" data-align=\"center\"><strong>Long\u00e9vit\u00e9<\/strong><\/th><\/tr><\/thead><tbody><tr><td class=\"has-text-align-center\" data-align=\"center\">Lion<\/td><td class=\"has-text-align-center\" data-align=\"center\">1m \u00e0 1m30<\/td><td class=\"has-text-align-center\" data-align=\"center\">Jusqu\u2019\u00e0 260 kg<\/td><td class=\"has-text-align-center\" data-align=\"center\">13-15 ans<\/td><\/tr><tr><td class=\"has-text-align-center\" data-align=\"center\">Rhinoc\u00e9ros<\/td><td class=\"has-text-align-center\" data-align=\"center\">1m30 \u00e0 1m90<\/td><td class=\"has-text-align-center\" data-align=\"center\">Jusqu\u2019\u00e0 1400 kg<\/td><td class=\"has-text-align-center\" data-align=\"center\">40-50 ans<\/td><\/tr><tr><td class=\"has-text-align-center\" data-align=\"center\">El\u00e9phant<\/td><td class=\"has-text-align-center\" data-align=\"center\">5m50 \u00e0 6m50<\/td><td class=\"has-text-align-center\" data-align=\"center\">Jusqu\u2019\u00e0 6000 kg<\/td><td class=\"has-text-align-center\" data-align=\"center\">60-70 ans<\/td><\/tr><tr><td class=\"has-text-align-center\" data-align=\"center\">Girafe<\/td><td class=\"has-text-align-center\" data-align=\"center\">3m50 \u00e0 5m20<\/td><td class=\"has-text-align-center\" data-align=\"center\">Jusqu\u2019\u00e0 1930 kg<\/td><td class=\"has-text-align-center\" data-align=\"center\">25 ans<\/td><\/tr><tr><td class=\"has-text-align-center\" data-align=\"center\">L\u00e9opard<\/td><td class=\"has-text-align-center\" data-align=\"center\">55 \u00e0 80 cm<\/td><td class=\"has-text-align-center\" data-align=\"center\">Jusqu\u2019\u00e0 80 kg<\/td><td class=\"has-text-align-center\" data-align=\"center\">12-17 ans<\/td><\/tr><tr><td class=\"has-text-align-center\" data-align=\"center\">Buffle<\/td><td class=\"has-text-align-center\" data-align=\"center\">1m60<\/td><td class=\"has-text-align-center\" data-align=\"center\">Jusqu\u2019\u00e0 900 kg<\/td><td class=\"has-text-align-center\" data-align=\"center\">15-18 ans<\/td><\/tr><tr><td class=\"has-text-align-center\" data-align=\"center\">Gu\u00e9pard<\/td><td class=\"has-text-align-center\" data-align=\"center\">75 \u00e0 85 cm<\/td><td class=\"has-text-align-center\" data-align=\"center\">Jusqu\u2019\u00e0 70 kg<\/td><td class=\"has-text-align-center\" data-align=\"center\">12-14 ans<\/td><\/tr><tr><td class=\"has-text-align-center\" data-align=\"center\">Z\u00e8bre<\/td><td class=\"has-text-align-center\" data-align=\"center\">1m20 \u00e0 1m40<\/td><td class=\"has-text-align-center\" data-align=\"center\">Jusqu\u2019\u00e0 350 kg<\/td><td class=\"has-text-align-center\" data-align=\"center\">25-30 ans<\/td><\/tr><tr><td class=\"has-text-align-center\" data-align=\"center\">Hy\u00e8ne tachet\u00e9e<\/td><td class=\"has-text-align-center\" data-align=\"center\">80 \u00e0 85 cm<\/td><td class=\"has-text-align-center\" data-align=\"center\">Jusqu\u2019\u00e0 70 kg<\/td><td class=\"has-text-align-center\" data-align=\"center\">12 ans<\/td><\/tr><tr><td class=\"has-text-align-center\" data-align=\"center\">Hippopotame<\/td><td class=\"has-text-align-center\" data-align=\"center\">1m50<\/td><td class=\"has-text-align-center\" data-align=\"center\">Jusqu\u2019\u00e0 3000 kg<\/td><td class=\"has-text-align-center\" data-align=\"center\">40-50 ans<\/td><\/tr><tr><td class=\"has-text-align-center\" data-align=\"center\">Lycaon<\/td><td class=\"has-text-align-center\" data-align=\"center\">70 \u00e0 80 cm<\/td><td class=\"has-text-align-center\" data-align=\"center\">Jusqu\u2019\u00e0 30 kg<\/td><td class=\"has-text-align-center\" data-align=\"center\">10-12 ans<\/td><\/tr><\/tbody><\/table><figcaption>Les principaux mammif\u00e8res terrestres d&rsquo;Afrique du Sud<\/figcaption><\/figure>\n\n\n\n<h3 class=\"wp-block-heading\">Les oiseaux<\/h3>\n\n\n\n<figure class=\"wp-block-table\"><table class=\"has-fixed-layout\"><thead><tr><th class=\"has-text-align-center\" data-align=\"center\"><strong>Nom<\/strong><\/th><th class=\"has-text-align-center\" data-align=\"center\"><strong>Taille<\/strong><\/th><th class=\"has-text-align-center\" data-align=\"center\"><strong>Poids<\/strong><\/th><th class=\"has-text-align-center\" data-align=\"center\"><strong>Long\u00e9vit\u00e9<\/strong><\/th><\/tr><\/thead><tbody><tr><td class=\"has-text-align-center\" data-align=\"center\">Manchot du Cap<\/td><td class=\"has-text-align-center\" data-align=\"center\">60 \u00e0 70 cm<\/td><td class=\"has-text-align-center\" data-align=\"center\">Jusqu\u2019\u00e0 4 kg<\/td><td class=\"has-text-align-center\" data-align=\"center\">25 \u00e0 28 ans<\/td><\/tr><tr><td class=\"has-text-align-center\" data-align=\"center\">Autruche<\/td><td class=\"has-text-align-center\" data-align=\"center\">2m50<\/td><td class=\"has-text-align-center\" data-align=\"center\">Jusqu\u2019\u00e0 150 kg<\/td><td class=\"has-text-align-center\" data-align=\"center\">40 ans<\/td><\/tr><tr><td class=\"has-text-align-center\" data-align=\"center\">Grue de Paradis<\/td><td class=\"has-text-align-center\" data-align=\"center\">1m20<\/td><td class=\"has-text-align-center\" data-align=\"center\">Jusqu\u2019\u00e0 5 kg<\/td><td class=\"has-text-align-center\" data-align=\"center\">30 ans<\/td><\/tr><tr><td class=\"has-text-align-center\" data-align=\"center\">Vautour<\/td><td class=\"has-text-align-center\" data-align=\"center\">98 cm<\/td><td class=\"has-text-align-center\" data-align=\"center\">Jusqu\u2019\u00e0 7 kg<\/td><td class=\"has-text-align-center\" data-align=\"center\">19 ans<\/td><\/tr><\/tbody><\/table><figcaption>Les principaux oiseaux d&rsquo;Afrique du Sud<\/figcaption><\/figure>\n\n\n<div class=\"wp-block-image\">\n<figure class=\"aligncenter size-large\"><img loading=\"lazy\" decoding=\"async\" width=\"1024\" height=\"683\" src=\"https:\/\/mk0mistersafarimcosm.kinstacdn.com\/wp-content\/uploads\/sites\/2\/oiseau-afrique-du-sud-1024x683.jpg\" alt=\"\" class=\"wp-image-1640\" srcset=\"https:\/\/mistersafari.com\/fr\/wp-content\/uploads\/sites\/2\/oiseau-afrique-du-sud-1024x683.jpg 1024w, https:\/\/mistersafari.com\/fr\/wp-content\/uploads\/sites\/2\/oiseau-afrique-du-sud-300x200.jpg 300w, https:\/\/mistersafari.com\/fr\/wp-content\/uploads\/sites\/2\/oiseau-afrique-du-sud-768x512.jpg 768w, https:\/\/mistersafari.com\/fr\/wp-content\/uploads\/sites\/2\/oiseau-afrique-du-sud.jpg 1200w\" sizes=\"auto, (max-width: 1024px) 100vw, 1024px\" \/><\/figure><\/div>\n\n\n<h3 class=\"wp-block-heading\">Les reptiles<\/h3>\n\n\n\n<figure class=\"wp-block-table\"><table class=\"has-fixed-layout\"><thead><tr><th class=\"has-text-align-center\" data-align=\"center\"><strong>Nom<\/strong><\/th><th class=\"has-text-align-center\" data-align=\"center\"><strong>Taille<\/strong><\/th><th class=\"has-text-align-center\" data-align=\"center\"><strong>Poids<\/strong><\/th><th class=\"has-text-align-center\" data-align=\"center\"><strong>Long\u00e9vit\u00e9<\/strong><\/th><\/tr><\/thead><tbody><tr><td class=\"has-text-align-center\" data-align=\"center\">Crocodile<\/td><td class=\"has-text-align-center\" data-align=\"center\">2 \u00e0 7m<\/td><td class=\"has-text-align-center\" data-align=\"center\">Jusqu\u2019\u00e0 500 kg<\/td><td class=\"has-text-align-center\" data-align=\"center\">70 \u00e0 100 ans<\/td><\/tr><tr><td class=\"has-text-align-center\" data-align=\"center\">Tortue<\/td><td class=\"has-text-align-center\" data-align=\"center\">70 cm<\/td><td class=\"has-text-align-center\" data-align=\"center\">Jusqu\u2019\u00e0 100 kg<\/td><td class=\"has-text-align-center\" data-align=\"center\">50 ans<\/td><\/tr><tr><td class=\"has-text-align-center\" data-align=\"center\">Varan du Nil<\/td><td class=\"has-text-align-center\" data-align=\"center\">Jusqu\u2019\u00e0 1m80<\/td><td class=\"has-text-align-center\" data-align=\"center\">Jusqu\u2019\u00e0 15 kg<\/td><td class=\"has-text-align-center\" data-align=\"center\">15 ans<\/td><\/tr><tr><td class=\"has-text-align-center\" data-align=\"center\">Python de Seba<\/td><td class=\"has-text-align-center\" data-align=\"center\">4 \u00e0 6m<\/td><td class=\"has-text-align-center\" data-align=\"center\">Jusqu\u2019\u00e0 100 kg<\/td><td class=\"has-text-align-center\" data-align=\"center\">15 \u00e0 20 ans<\/td><\/tr><\/tbody><\/table><figcaption>Les principaux reptiles d&rsquo;Afrique du Sud<\/figcaption><\/figure>\n\n\n\n<h3 class=\"wp-block-heading\">La faune aquatique<\/h3>\n\n\n\n<figure class=\"wp-block-table\"><table class=\"has-fixed-layout\"><thead><tr><th class=\"has-text-align-center\" data-align=\"center\"><strong>Nom<\/strong><\/th><th class=\"has-text-align-center\" data-align=\"center\"><strong>Taille<\/strong><\/th><th class=\"has-text-align-center\" data-align=\"center\"><strong>Poids<\/strong><\/th><th class=\"has-text-align-center\" data-align=\"center\"><strong>Long\u00e9vit\u00e9<\/strong><\/th><\/tr><\/thead><tbody><tr><td class=\"has-text-align-center\" data-align=\"center\">Baleine bleue<\/td><td class=\"has-text-align-center\" data-align=\"center\">30m<\/td><td class=\"has-text-align-center\" data-align=\"center\">170 tonnes<\/td><td class=\"has-text-align-center\" data-align=\"center\">80-90 ans<\/td><\/tr><tr><td class=\"has-text-align-center\" data-align=\"center\">Requin blanc<\/td><td class=\"has-text-align-center\" data-align=\"center\">4 \u00e0 7m<\/td><td class=\"has-text-align-center\" data-align=\"center\">Jusqu\u2019\u00e0 3 tonnes<\/td><td class=\"has-text-align-center\" data-align=\"center\">60 ans<\/td><\/tr><tr><td class=\"has-text-align-center\" data-align=\"center\">Dauphin<\/td><td class=\"has-text-align-center\" data-align=\"center\">2m \u00e0 2m50<\/td><td class=\"has-text-align-center\" data-align=\"center\">Jusqu\u2019\u00e0 150 kg<\/td><td class=\"has-text-align-center\" data-align=\"center\">50 ans<\/td><\/tr><tr><td class=\"has-text-align-center\" data-align=\"center\">Tortue Luth<\/td><td class=\"has-text-align-center\" data-align=\"center\">2m<\/td><td class=\"has-text-align-center\" data-align=\"center\">Jusqu\u2019\u00e0 700 kg<\/td><td class=\"has-text-align-center\" data-align=\"center\">50 ans<\/td><\/tr><\/tbody><\/table><figcaption>La faune aquatique d&rsquo;Afrique du Sud<\/figcaption><\/figure>\n\n\n\n<h2 class=\"wp-block-heading\"><span class=\"ez-toc-section\" id=\"ou-voir-les-animaux-en-afrique-du-sud\"><\/span>O\u00f9 voir les animaux en Afrique du Sud ?<span class=\"ez-toc-section-end\"><\/span><\/h2>\n\n\n\n<p>Pour avoir la chance d\u2019observer tous ces animaux d\u2019Afrique, vous devrez visiter plusieurs parcs d\u2019Afrique du Sud, lors d\u2019un <a href=\"https:\/\/mistersafari.com\/fr\/safari-afrique-du-sud\/circuit\/\" class=\"rank-math-link\">circuit <\/a>par exemple. Voici quelques-uns des parcs et r\u00e9serves d\u2019animaux en Afrique du Sud \u00e0 ne pas manquer.&nbsp;<\/p>\n\n\n\n<p>Le <a href=\"https:\/\/mistersafari.com\/fr\/safari-afrique-du-sud\/parcs-reserves\/parc-kruger\/\" class=\"rank-math-link\">Parc Kruger<\/a> est le plus grand et le plus populaire des parcs du pays. En passant quelques jours \u00e0 arpenter les chemins du parc, vous maximisez vos chances de rencontrer les pr\u00e8s de 150 mammif\u00e8res, centaines de reptiles et plus de 500 esp\u00e8ces d\u2019oiseaux d\u2019Afrique.&nbsp; Le Parc Kruger est l\u2019un des rares parcs o\u00f9 vous pourrez ais\u00e9ment r\u00e9aliser votre safari en toute autonomie en <a href=\"https:\/\/mistersafari.com\/fr\/safari-afrique-du-sud\/location-voiture\/\" class=\"rank-math-link\">louant une voiture<\/a>.&nbsp;<\/p>\n\n\n\n<p>Pour observer les animaux marins ou des mar\u00e9cages, il faudra se rapprocher des c\u00f4tes. Le <a href=\"https:\/\/mistersafari.com\/fr\/safari-afrique-du-sud\/parcs-reserves\/addo-elephant-park\/\" class=\"rank-math-link\">Parc d\u2019Addo Elephants<\/a>, la R\u00e9serve de Santa-Lucie ou encore le Parc National de Table Mountain offrent des points de vue sur l\u2019Oc\u00e9an Indien ou Atlantique permettant d\u2019observer baleines, requins, dauphins ou d&rsquo;approcher les hippopotames et crocodiles. Pour les manchots, il faudra vous rendre \u00e0 la plage de Boulders Beach. Certains parcs sont les seuls \u00e0 abriter des esp\u00e8ces menac\u00e9es. C\u2019est le cas des Oryxs dans le <a href=\"https:\/\/mistersafari.com\/fr\/safari-afrique-du-sud\/parcs-reserves\/parc-transfrontalier-kgalagadi\/\" class=\"rank-math-link\">Parc Transfrontalier de Kgalagadi<\/a> ou des lycaons dans le <a href=\"https:\/\/mistersafari.com\/fr\/safari-afrique-du-sud\/parcs-reserves\/pilanesberg\/\" class=\"rank-math-link\">Parc de Pilanesberg<\/a>.&nbsp;<\/p>\n\n\n\n<h2 class=\"wp-block-heading\"><span class=\"ez-toc-section\" id=\"quelle-est-la-meilleure-periode-pour-voir-les-animaux-dafrique-du-sud\"><\/span>Quelle est la meilleure p\u00e9riode pour voir les animaux d\u2019Afrique du Sud ?<span class=\"ez-toc-section-end\"><\/span><\/h2>\n\n\n\n<p>Pour une observation des animaux la plus facile possible, il faudra privil\u00e9gier un safari en Afrique du Sud pendant l\u2019hiver austral de mai \u00e0 octobre. Les herbes sont plus rases permettant d\u2019apercevoir les animaux m\u00eame de loin. C\u2019est aussi \u00e0 la fin de l\u2019hiver que les baleines se rapprochent des c\u00f4tes et peuvent ainsi \u00eatre observ\u00e9es depuis la terre.&nbsp;<\/p>\n\n\n\n<figure class=\"wp-block-image size-large\"><img loading=\"lazy\" decoding=\"async\" width=\"1024\" height=\"768\" src=\"https:\/\/mk0mistersafarimcosm.kinstacdn.com\/wp-content\/uploads\/sites\/2\/baleine-afrique-du-sud-1024x768.jpg\" alt=\"\" class=\"wp-image-1641\" srcset=\"https:\/\/mistersafari.com\/fr\/wp-content\/uploads\/sites\/2\/baleine-afrique-du-sud-1024x768.jpg 1024w, https:\/\/mistersafari.com\/fr\/wp-content\/uploads\/sites\/2\/baleine-afrique-du-sud-300x225.jpg 300w, https:\/\/mistersafari.com\/fr\/wp-content\/uploads\/sites\/2\/baleine-afrique-du-sud-768x576.jpg 768w, https:\/\/mistersafari.com\/fr\/wp-content\/uploads\/sites\/2\/baleine-afrique-du-sud.jpg 1200w\" sizes=\"auto, (max-width: 1024px) 100vw, 1024px\" \/><\/figure>\n\n\n\n<p>Par ailleurs, le climat est agr\u00e9able, sec et ensoleill\u00e9 pendant cette p\u00e9riode de l\u2019ann\u00e9e.&nbsp;<\/p>\n\n\n\n<p>Pour en savoir plus : <a href=\"https:\/\/mistersafari.com\/fr\/safari-afrique-du-sud\/quand-partir\/\" class=\"rank-math-link\">Quand partir en Afrique du Sud (m\u00e9t\u00e9o et climat)<\/a> ?<\/p>\n\n\n\n<h2 class=\"wp-block-heading\"><span class=\"ez-toc-section\" id=\"faq\"><\/span>FAQ<span class=\"ez-toc-section-end\"><\/span><\/h2>\n\n\n<div id=\"rank-math-faq\" class=\"rank-math-block\">\n<div class=\"rank-math-list \">\n<div id=\"faq-question-1610986636378\" class=\"rank-math-list-item\">\n<h3 class=\"rank-math-question \">Quels animaux vivent en Afrique du Sud ?\u00a0<\/h3>\n<div class=\"rank-math-answer \">\n\n<p>L\u2019Afrique du Sud abrite une grande diversit\u00e9 d\u2019animaux dont les plus grands animaux sauvages d\u2019Afrique (lions, \u00e9l\u00e9phants, girafes, \u2026), de nombreux oiseaux et reptiles mais aussi des animaux aquatiques (baleines, requins,&#8230;).\u00a0<\/p>\n\n<\/div>\n<\/div>\n<div id=\"faq-question-1610986641289\" class=\"rank-math-list-item\">\n<h3 class=\"rank-math-question \">O\u00f9 observer les animaux en Afrique du Sud ?\u00a0<\/h3>\n<div class=\"rank-math-answer \">\n\n<p>L\u2019Afrique du Sud compte de nombreux parcs et r\u00e9serves permettant de partir \u00e0 la rencontre des milliers d\u2019animaux lors d\u2019un safari seul ou accompagn\u00e9.\u00a0<\/p>\n\n<\/div>\n<\/div>\n<div id=\"faq-question-1610986650330\" class=\"rank-math-list-item\">\n<h3 class=\"rank-math-question \">Quelle est la meilleure saison pour l\u2019observation des animaux en Afrique du Sud ?\u00a0<\/h3>\n<div class=\"rank-math-answer \">\n\n<p>Pour avoir toutes les chances d\u2019observer le plus grand nombre d\u2019animaux en Afrique du Sud, il est conseill\u00e9 de privil\u00e9gier un safari pendant l\u2019hiver austral, de mai \u00e0 octobre.\u00a0<\/p>\n\n<\/div>\n<\/div>\n<\/div>\n<\/div>","protected":false},"excerpt":{"rendered":"<p>L\u2019Afrique du Sud est un territoire riche aussi bien pour sa faune que pour sa flore. La diversit\u00e9 de ses climats en font des lieux d\u2019habitats adapt\u00e9s \u00e0 une grande vari\u00e9t\u00e9 d\u2019animaux. Quels animaux pourrez-vous observer en Afrique du Sud ? R\u00e9ponses dans cet article. Quels sont les principaux animaux d\u2019Afrique du Sud ? Destination &#8230; <a title=\"Les animaux d&rsquo;Afrique du Sud\" class=\"read-more\" href=\"https:\/\/mistersafari.com\/fr\/safari-afrique-du-sud\/animaux\/\" aria-label=\"En savoir plus sur Les animaux d&rsquo;Afrique du Sud\">Lire la suite<\/a><\/p>\n","protected":false},"author":3,"featured_media":1639,"parent":1093,"menu_order":4,"comment_status":"closed","ping_status":"closed","template":"","meta":{"_acf_changed":false,"footnotes":""},"content_type":[],"country":[],"class_list":{"0":"post-1638","1":"page","2":"type-page","3":"status-publish","4":"has-post-thumbnail","6":"no-featured-image-padding"},"acf":{"hreflang":null},"_links":{"self":[{"href":"https:\/\/mistersafari.com\/fr\/wp-json\/wp\/v2\/pages\/1638","targetHints":{"allow":["GET"]}}],"collection":[{"href":"https:\/\/mistersafari.com\/fr\/wp-json\/wp\/v2\/pages"}],"about":[{"href":"https:\/\/mistersafari.com\/fr\/wp-json\/wp\/v2\/types\/page"}],"author":[{"embeddable":true,"href":"https:\/\/mistersafari.com\/fr\/wp-json\/wp\/v2\/users\/3"}],"replies":[{"embeddable":true,"href":"https:\/\/mistersafari.com\/fr\/wp-json\/wp\/v2\/comments?post=1638"}],"version-history":[{"count":14,"href":"https:\/\/mistersafari.com\/fr\/wp-json\/wp\/v2\/pages\/1638\/revisions"}],"predecessor-version":[{"id":6809,"href":"https:\/\/mistersafari.com\/fr\/wp-json\/wp\/v2\/pages\/1638\/revisions\/6809"}],"up":[{"embeddable":true,"href":"https:\/\/mistersafari.com\/fr\/wp-json\/wp\/v2\/pages\/1093"}],"wp:featuredmedia":[{"embeddable":true,"href":"https:\/\/mistersafari.com\/fr\/wp-json\/wp\/v2\/media\/1639"}],"wp:attachment":[{"href":"https:\/\/mistersafari.com\/fr\/wp-json\/wp\/v2\/media?parent=1638"}],"wp:term":[{"taxonomy":"content_type","embeddable":true,"href":"https:\/\/mistersafari.com\/fr\/wp-json\/wp\/v2\/content_type?post=1638"},{"taxonomy":"country","embeddable":true,"href":"https:\/\/mistersafari.com\/fr\/wp-json\/wp\/v2\/country?post=1638"}],"curies":[{"name":"wp","href":"https:\/\/api.w.org\/{rel}","templated":true}]}}