{"id":1629,"date":"2021-01-18T15:54:27","date_gmt":"2021-01-18T15:54:27","guid":{"rendered":"https:\/\/mistersafari.com\/fr\/?page_id=1629"},"modified":"2021-04-09T11:45:56","modified_gmt":"2021-04-09T11:45:56","slug":"monnaie","status":"publish","type":"page","link":"https:\/\/mistersafari.com\/fr\/safari-afrique-du-sud\/monnaie\/","title":{"rendered":"Monnaie d&rsquo;Afrique du Sud"},"content":{"rendered":"\n<p>Pour faire face \u00e0 vos d\u00e9penses sur place lors de votre safari, vous allez devoir utiliser la monnaie d\u2019Afrique du Sud : le Rand. Voici quelques rappels sur cette monnaie et les meilleures pratiques.<\/p>\n\n\n<div id=\"ez-toc-container\" class=\"ez-toc-v2_0_76 counter-flat ez-toc-counter ez-toc-custom ez-toc-container-direction\">\n<div class=\"ez-toc-title-container\"><p class=\"ez-toc-title\" style=\"cursor:inherit\">Sommaire<\/p>\n<\/div><nav><ul class='ez-toc-list ez-toc-list-level-1 ' ><li class='ez-toc-page-1'><a class=\"ez-toc-link ez-toc-heading-1\" href=\"https:\/\/mistersafari.com\/fr\/safari-afrique-du-sud\/monnaie\/#quelle-est-la-monnaie-officielle-en-afrique-du-sud\" >Quelle est la monnaie officielle en Afrique du Sud ?<\/a><\/li><li class='ez-toc-page-1'><a class=\"ez-toc-link ez-toc-heading-2\" href=\"https:\/\/mistersafari.com\/fr\/safari-afrique-du-sud\/monnaie\/#quel-taux-de-change\" >Quel taux de change ?<\/a><\/li><li class='ez-toc-page-1'><a class=\"ez-toc-link ez-toc-heading-3\" href=\"https:\/\/mistersafari.com\/fr\/safari-afrique-du-sud\/monnaie\/#faut-il-changer-sur-place-ou-avant-de-partir\" >Faut-il changer sur place ou avant de partir ?<\/a><\/li><\/ul><\/nav><\/div>\n\n\n\n\n<h2 class=\"wp-block-heading\"><span class=\"ez-toc-section\" id=\"quelle-est-la-monnaie-officielle-en-afrique-du-sud\"><\/span>Quelle est la monnaie officielle en Afrique du Sud ?<span class=\"ez-toc-section-end\"><\/span><\/h2>\n\n\n\n<p>La monnaie officielle de l\u2019Afrique du Sud est le Rand, avec pour sigle R ou ZAR.&nbsp;<\/p>\n\n\n\n<p>On compte 5 types de billets, avec chacun une repr\u00e9sentation de l\u2019un des Big Five :&nbsp;<\/p>\n\n\n\n<ul class=\"wp-block-list\"><li>10 Rands (le rhinoc\u00e9ros) ;<\/li><li>20 Rands (l\u2019\u00e9l\u00e9phant) ;<\/li><li>50 Rands (le lion) ;<\/li><li>100 Rands (le buffle) ;<\/li><li>200 Rands (le l\u00e9opard).&nbsp;<\/li><\/ul>\n\n\n\n<p>La monnaie d\u2019Afrique du Sud dispose aussi de 3 types de pi\u00e8ces, avec leur symbole :<\/p>\n\n\n\n<ul class=\"wp-block-list\"><li>1 Rand (le springbok);<\/li><li>2 Rands (le koudou);<\/li><li>5 Rands (le gnou).&nbsp;<\/li><\/ul>\n\n\n\n<p>Les paiements par carte de cr\u00e9dit sont tr\u00e8s courants. Il est m\u00eame imp\u00e9ratif de voyager avec une carte de cr\u00e9dit (v\u00e9rifiez sa validit\u00e9 avant de partir !), utile notamment lors de la <a href=\"https:\/\/mistersafari.com\/fr\/safari-afrique-du-sud\/location-voiture\/\" class=\"rank-math-link\">location d\u2019une voiture en Afrique du Sud<\/a>.&nbsp;<\/p>\n\n\n\n<h2 class=\"wp-block-heading\"><span class=\"ez-toc-section\" id=\"quel-taux-de-change\"><\/span>Quel taux de change ?<span class=\"ez-toc-section-end\"><\/span><\/h2>\n\n\n\n<h3 class=\"wp-block-heading\">Taux de change Rand &#8211; Euro<\/h3>\n\n\n\n<figure class=\"wp-block-table\"><table class=\"has-fixed-layout\"><thead><tr><th class=\"has-text-align-center\" data-align=\"center\">Taux de change&nbsp;<\/th><th class=\"has-text-align-center\" data-align=\"center\">Euro &#8211; Rand<\/th><th class=\"has-text-align-center\" data-align=\"center\">Rand &#8211; Euro<\/th><\/tr><\/thead><tbody><tr><td class=\"has-text-align-center\" data-align=\"center\">au 31\/12\/2018<\/td><td class=\"has-text-align-center\" data-align=\"center\">1 &#8211; 16,6439<\/td><td class=\"has-text-align-center\" data-align=\"center\">1 &#8211; 0,06008<\/td><\/tr><tr><td class=\"has-text-align-center\" data-align=\"center\">au 31\/12\/2019<\/td><td class=\"has-text-align-center\" data-align=\"center\">1- 15,6981<\/td><td class=\"has-text-align-center\" data-align=\"center\">1- 0,06370<\/td><\/tr><tr><td class=\"has-text-align-center\" data-align=\"center\">au 31\/12\/2020<\/td><td class=\"has-text-align-center\" data-align=\"center\">1- 17,9459&nbsp;<\/td><td class=\"has-text-align-center\" data-align=\"center\">1- 0,05572<\/td><\/tr><\/tbody><\/table><\/figure>\n\n\n\n<p>Au vu de l\u2019\u00e9volution de ces taux, on constate que le taux de conversion de la monnaie d\u2019Afrique du Sud en Euro est en hausse \u00e0 la fin de l\u2019ann\u00e9e 2020 par rapport aux ann\u00e9es pr\u00e9c\u00e9dentes. Pensez \u00e0 v\u00e9rifier la conversion Euro en monnaie d\u2019Afrique du Sud avant votre d\u00e9part pour \u00e9valuer au mieux les diff\u00e9rents co\u00fbts de votre voyage sur place.&nbsp;<\/p>\n\n\n\n<h3 class=\"wp-block-heading\">Taux de change Rand &#8211; Dollars<\/h3>\n\n\n\n<figure class=\"wp-block-table\"><table class=\"has-fixed-layout\"><thead><tr><th class=\"has-text-align-center\" data-align=\"center\">Taux de change&nbsp;<\/th><th class=\"has-text-align-center\" data-align=\"center\">USD &#8211; Rand<\/th><th class=\"has-text-align-center\" data-align=\"center\">Rand &#8211; USD<\/th><\/tr><\/thead><tbody><tr><td class=\"has-text-align-center\" data-align=\"center\">au 31\/12\/2018<\/td><td class=\"has-text-align-center\" data-align=\"center\">1 &#8211; 14,6224<\/td><td class=\"has-text-align-center\" data-align=\"center\">1 &#8211; 0,06839<\/td><\/tr><tr><td class=\"has-text-align-center\" data-align=\"center\">au 31\/12\/2018<\/td><td class=\"has-text-align-center\" data-align=\"center\">1 &#8211; 14,0006<\/td><td class=\"has-text-align-center\" data-align=\"center\">1 &#8211; 0,07143&nbsp;<\/td><\/tr><tr><td class=\"has-text-align-center\" data-align=\"center\">au 31\/12\/2020<\/td><td class=\"has-text-align-center\" data-align=\"center\">1 &#8211; 14,6934<\/td><td class=\"has-text-align-center\" data-align=\"center\">1 &#8211; 0,06806<\/td><\/tr><\/tbody><\/table><\/figure>\n\n\n\n<p>Le taux de change USD &#8211; Rand est stable depuis 3 ans.&nbsp;<\/p>\n\n\n\n<h2 class=\"wp-block-heading\"><span class=\"ez-toc-section\" id=\"faut-il-changer-sur-place-ou-avant-de-partir\"><\/span>Faut-il changer sur place ou avant de partir ?<span class=\"ez-toc-section-end\"><\/span><\/h2>\n\n\n\n<p>Vous pouvez choisir de changer vos Euros en Rands avant de partir, en faisant appel \u00e0 des prestataires comme Travelex par exemple. Mais cela vous obligera \u00e0 voyager avec une importante somme d\u2019argent en esp\u00e8ce sur vous.&nbsp;<\/p>\n\n\n\n<p class=\"callout-blue\"><strong>Il est tr\u00e8s facile de changer votre argent sur place.&nbsp;<\/strong><\/p>\n\n\n\n<p>Les bureaux de change et les banques proposent ce service un peu partout en Afrique du Sud. Leurs tarifs sont les plus comp\u00e9titifs. Une commission fixe et une commission variable sont g\u00e9n\u00e9ralement appliqu\u00e9es. Pour \u00e9viter les mauvaises surprises, pensez \u00e0 demander le montant total que vous r\u00e9cup\u00e9rez en Rand pour un certain montant (100\u20ac par exemple). Vous pourrez ainsi conna\u00eetre le taux de change r\u00e9el, frais compris, et le comparer avec d\u2019autres bureaux de change.&nbsp;<\/p>\n\n\n\n<p>On trouve aussi de nombreux distributeurs automatiques de billets, aupr\u00e8s desquels vous pourrez retirer des esp\u00e8ces en fonction des conditions d\u00e9finies par votre banque. Privil\u00e9giez plut\u00f4t les retraits dans les ATM des grandes banques sud africaines : First National Bank, Standard Bank, ABSA.&nbsp;<\/p>\n","protected":false},"excerpt":{"rendered":"<p>Pour faire face \u00e0 vos d\u00e9penses sur place lors de votre safari, vous allez devoir utiliser la monnaie d\u2019Afrique du Sud : le Rand. Voici quelques rappels sur cette monnaie et les meilleures pratiques. Quelle est la monnaie officielle en Afrique du Sud ? La monnaie officielle de l\u2019Afrique du Sud est le Rand, avec &#8230; <a title=\"Monnaie d&rsquo;Afrique du Sud\" class=\"read-more\" href=\"https:\/\/mistersafari.com\/fr\/safari-afrique-du-sud\/monnaie\/\" aria-label=\"En savoir plus sur Monnaie d&rsquo;Afrique du Sud\">Lire la suite<\/a><\/p>\n","protected":false},"author":2,"featured_media":1633,"parent":1093,"menu_order":3,"comment_status":"closed","ping_status":"closed","template":"","meta":{"_acf_changed":false,"footnotes":""},"content_type":[],"country":[],"class_list":{"0":"post-1629","1":"page","2":"type-page","3":"status-publish","4":"has-post-thumbnail","6":"no-featured-image-padding"},"acf":{"hreflang":null},"_links":{"self":[{"href":"https:\/\/mistersafari.com\/fr\/wp-json\/wp\/v2\/pages\/1629","targetHints":{"allow":["GET"]}}],"collection":[{"href":"https:\/\/mistersafari.com\/fr\/wp-json\/wp\/v2\/pages"}],"about":[{"href":"https:\/\/mistersafari.com\/fr\/wp-json\/wp\/v2\/types\/page"}],"author":[{"embeddable":true,"href":"https:\/\/mistersafari.com\/fr\/wp-json\/wp\/v2\/users\/2"}],"replies":[{"embeddable":true,"href":"https:\/\/mistersafari.com\/fr\/wp-json\/wp\/v2\/comments?post=1629"}],"version-history":[{"count":8,"href":"https:\/\/mistersafari.com\/fr\/wp-json\/wp\/v2\/pages\/1629\/revisions"}],"predecessor-version":[{"id":2079,"href":"https:\/\/mistersafari.com\/fr\/wp-json\/wp\/v2\/pages\/1629\/revisions\/2079"}],"up":[{"embeddable":true,"href":"https:\/\/mistersafari.com\/fr\/wp-json\/wp\/v2\/pages\/1093"}],"wp:featuredmedia":[{"embeddable":true,"href":"https:\/\/mistersafari.com\/fr\/wp-json\/wp\/v2\/media\/1633"}],"wp:attachment":[{"href":"https:\/\/mistersafari.com\/fr\/wp-json\/wp\/v2\/media?parent=1629"}],"wp:term":[{"taxonomy":"content_type","embeddable":true,"href":"https:\/\/mistersafari.com\/fr\/wp-json\/wp\/v2\/content_type?post=1629"},{"taxonomy":"country","embeddable":true,"href":"https:\/\/mistersafari.com\/fr\/wp-json\/wp\/v2\/country?post=1629"}],"curies":[{"name":"wp","href":"https:\/\/api.w.org\/{rel}","templated":true}]}}