{"id":1622,"date":"2021-01-18T15:40:03","date_gmt":"2021-01-18T15:40:03","guid":{"rendered":"https:\/\/mistersafari.com\/fr\/?page_id=1622"},"modified":"2021-06-01T20:32:37","modified_gmt":"2021-06-01T20:32:37","slug":"vaccins","status":"publish","type":"page","link":"https:\/\/mistersafari.com\/fr\/safari-afrique-du-sud\/vaccins\/","title":{"rendered":"Quels vaccins pour l&rsquo;Afrique du Sud ?"},"content":{"rendered":"\n<p>Vous pr\u00e9parez votre voyage ? D\u00e9couvrez dans cet article tout ce que vous devez savoir sur les vaccins en Afrique du Sud. Quel vaccin est obligatoire pour l\u2019Afrique du Sud ? Quelles sont les pr\u00e9cautions \u00e0 prendre avant et pendant votre voyage ?&nbsp;<\/p>\n\n\n<div id=\"ez-toc-container\" class=\"ez-toc-v2_0_76 counter-flat ez-toc-counter ez-toc-custom ez-toc-container-direction\">\n<div class=\"ez-toc-title-container\"><p class=\"ez-toc-title\" style=\"cursor:inherit\">Sommaire<\/p>\n<\/div><nav><ul class='ez-toc-list ez-toc-list-level-1 ' ><li class='ez-toc-page-1'><a class=\"ez-toc-link ez-toc-heading-1\" href=\"https:\/\/mistersafari.com\/fr\/safari-afrique-du-sud\/vaccins\/#existe-t-il-des-vaccins-obligatoires-pour-lafrique-du-sud\">Existe-t-il des vaccins obligatoires pour l\u2019Afrique du Sud ?<\/a><\/li><li class='ez-toc-page-1'><a class=\"ez-toc-link ez-toc-heading-2\" href=\"https:\/\/mistersafari.com\/fr\/safari-afrique-du-sud\/vaccins\/#les-vaccins-recommandes-pour-lafrique-du-sud\">Les vaccins recommand\u00e9s pour l\u2019Afrique du Sud<\/a><\/li><li class='ez-toc-page-1'><a class=\"ez-toc-link ez-toc-heading-3\" href=\"https:\/\/mistersafari.com\/fr\/safari-afrique-du-sud\/vaccins\/#les-recommandations-en-matiere-de-sante-en-afrique-du-sud\">Les recommandations en mati\u00e8re de sant\u00e9 en Afrique du Sud<\/a><\/li><li class='ez-toc-page-1'><a class=\"ez-toc-link ez-toc-heading-4\" href=\"https:\/\/mistersafari.com\/fr\/safari-afrique-du-sud\/vaccins\/#liens-utiles\">Liens utiles<\/a><\/li><li class='ez-toc-page-1'><a class=\"ez-toc-link ez-toc-heading-5\" href=\"https:\/\/mistersafari.com\/fr\/safari-afrique-du-sud\/vaccins\/#faq\">FAQ<\/a><\/li><\/ul><\/nav><\/div>\n\n\n\n\n<h2 class=\"wp-block-heading\"><span class=\"ez-toc-section\" id=\"existe-t-il-des-vaccins-obligatoires-pour-lafrique-du-sud\"><\/span>Existe-t-il des vaccins obligatoires pour l\u2019Afrique du Sud ?<span class=\"ez-toc-section-end\"><\/span><\/h2>\n\n\n\n<p>Aucun vaccin n\u2019est obligatoire pour se rendre en Afrique du Sud. Cependant, et comme dans de nombreux pays, certains vaccins sont recommand\u00e9s.&nbsp; D\u2019apr\u00e8s l\u2019<a aria-label=\" (opens in a new tab)\" href=\"https:\/\/www.pasteur.fr\/fr\/centre-medical\/preparer-son-voyage\/afrique-du-sud\" target=\"_blank\" rel=\"noreferrer noopener\" class=\"rank-math-link\">Institut Pasteur<\/a>, \u00eatre \u00e0 jour des vaccins indiqu\u00e9s dans le carnet vaccinal est suffisant et conseill\u00e9.&nbsp;<\/p>\n\n\n\n<h2 class=\"wp-block-heading\"><span class=\"ez-toc-section\" id=\"les-vaccins-recommandes-pour-lafrique-du-sud\"><\/span>Les vaccins recommand\u00e9s pour l\u2019Afrique du Sud<span class=\"ez-toc-section-end\"><\/span><\/h2>\n\n\n\n<figure class=\"wp-block-table\"><table><thead><tr><th><strong>Vaccin<\/strong><\/th><th><strong>Recommand\u00e9 pour<\/strong><\/th><th><strong>Quand le faire ?<\/strong><\/th><th><strong>Rappel ?<\/strong><\/th><\/tr><\/thead><tbody><tr><td>H\u00e9patite A<\/td><td>Recommand\u00e9 pour tous, pour tous les voyages et notamment pour les personnes souffrant d\u2019une maladie chronique du foie ou de mucoviscidose<\/td><td>1 injection 15 jours avant le d\u00e9part<\/td><td>Oui, \u00e0 6 \u00e0 12 mois (ou jusqu\u2019\u00e0 36 mois ou 5 ans selon la sp\u00e9cialit\u00e9)&nbsp;<\/td><\/tr><tr><td>H\u00e9patite B<\/td><td>Recommand\u00e9 sur le carnet vaccinal, puis pour les voyages fr\u00e9quents ou prolong\u00e9s et l\u2019exposition \u00e0 des comportements \u00e0 risques (sexuels, drogues)<\/td><td>2 injections espac\u00e9es d\u2019un mois (vaccination en acc\u00e9l\u00e9r\u00e9 possible)<\/td><td>Oui, \u00e0 6 mois<\/td><\/tr><tr><td>Rage<\/td><td>Recommand\u00e9 pour les voyages prolong\u00e9s ou aventureux, dans des situations d\u2019isolement&nbsp;<\/td><td>3 injections \u00e0 J0, J7 et J21 ou J28 avant le d\u00e9part&nbsp;<\/td><td>Non, sauf si exposition av\u00e9r\u00e9e ou suspect\u00e9e<\/td><\/tr><tr><td>Typho\u00efde<\/td><td>Recommand\u00e9 pour les s\u00e9jours prolong\u00e9s, avec des conditions d\u2019hygi\u00e8ne faibles&nbsp;<\/td><td>1 injection 15 jours avant le d\u00e9part<\/td><td>Non<\/td><\/tr><tr><td>Fi\u00e8vre Jaune<\/td><td><a href=\"https:\/\/www.who.int\/ith\/chapters\/ithcountrylistFR.pdf?ua=1\" target=\"_blank\" aria-label=\" (opens in a new tab)\" rel=\"noreferrer noopener\" class=\"rank-math-link\">Obligatoire <\/a>si vous arrivez d\u2019un pays o\u00f9 la fi\u00e8vre jaune est end\u00e9mique<\/td><td>1 injection au moins 10 jours avant le d\u00e9part<\/td><td>Non<\/td><\/tr><\/tbody><\/table><figcaption>Les vaccins conseill\u00e9s pour l&rsquo;Afrique du Sud<\/figcaption><\/figure>\n\n\n\n<h2 class=\"wp-block-heading\"><span class=\"ez-toc-section\" id=\"les-recommandations-en-matiere-de-sante-en-afrique-du-sud\"><\/span>Les recommandations en mati\u00e8re de sant\u00e9 en Afrique du Sud<span class=\"ez-toc-section-end\"><\/span><\/h2>\n\n\n\n<h3 class=\"wp-block-heading\">Les risques sanitaires<\/h3>\n\n\n\n<p>M\u00eame si l\u2019Afrique du Sud est, pour la majorit\u00e9, satisfaisante en mati\u00e8re de conditions sanitaires, quelques risques persistent.&nbsp; Certaines r\u00e9gions proches des fronti\u00e8res du Mozambique, du Swaziland et du Zimbabwe sont touch\u00e9es par le paludisme :<\/p>\n\n\n\n<ul class=\"wp-block-list\"><li>Province de Mpumalanga ;<\/li><li>Province du Limpopo ;<\/li><li>Province du KwaZulu-Natal.&nbsp;<\/li><\/ul>\n\n\n\n<p>Cette maladie est transmise par les moustiques tout au long de l\u2019ann\u00e9e, mais surtout pendant la saison des pluies d\u2019octobre \u00e0 mai. Il en est de m\u00eame pour la Dengue et le Chikungunya, pr\u00e9sents partout en dehors des grandes villes. Le premier sympt\u00f4me de ces maladies est l\u2019apparition de fi\u00e8vre.&nbsp;<\/p>\n\n\n\n<p>D\u2019autres maladies sont pr\u00e9sentes. La list\u00e9riose est rare, mais les cas peuvent \u00eatre graves. La tuberculose est plus largement r\u00e9pandue, notamment dans les milieux pr\u00e9caires.&nbsp;<\/p>\n\n\n\n<h3 class=\"wp-block-heading\">Les bonnes pratiques sur place<\/h3>\n\n\n\n<p>Pour limiter les risques au maximum, quelques mesures de pr\u00e9caution sont \u00e0 respecter.&nbsp;<\/p>\n\n\n\n<p><em>Contre les moustiques :<\/em><\/p>\n\n\n\n<ul class=\"wp-block-list\"><li>utiliser des produits r\u00e9pulsifs ;<\/li><li>porter des v\u00eatements l\u00e9gers, amples mais couvrants ;<\/li><li>\u00e9quiper le logement de moustiquaires et utiliser des r\u00e9pulsifs ;<\/li><li>supprimer les lieux de reproduction (eaux stagnantes).&nbsp;<\/li><\/ul>\n\n\n\n<p class=\"callout-blue\">Vous pouvez aussi prendre un traitement antipaludique pr\u00e9ventif. Demandez conseil \u00e0 votre m\u00e9decin.<\/p>\n\n\n\n<p><em>L\u2019hygi\u00e8ne :<\/em><\/p>\n\n\n\n<ul class=\"wp-block-list\"><li>laver ses mains avant, apr\u00e8s les repas et apr\u00e8s avoir utilis\u00e9 les toilettes ;<\/li><li>se tenir \u00e0 distance des animaux errants, ne pas les caresser, ne pas s\u2019approcher des cadavres et des d\u00e9jections.&nbsp;<\/li><li><\/li><\/ul>\n\n\n\n<p><em>L\u2019alimentation :<\/em><\/p>\n\n\n\n<ul class=\"wp-block-list\"><li>\u00e9viter les aliments crus ou peu cuits ;<\/li><li>privil\u00e9gier des aliments de qualit\u00e9, bien cuits ;<\/li><li>\u00e9plucher et laver les fruits et l\u00e9gumes ;<\/li><li>\u00e9viter les jus de fruits frais, glaces, gla\u00e7ons, crudit\u00e9s, plats r\u00e9chauff\u00e9s ;<\/li><li>consommer du lait pasteuris\u00e9 ou bouilli ;<\/li><li>boire de l\u2019eau en bouteille ou rendue potable.&nbsp;<\/li><\/ul>\n\n\n\n<h3 class=\"wp-block-heading\">Frais de sant\u00e9 sur place<\/h3>\n\n\n\n<p>Si toutefois vous deviez faire face \u00e0 une maladie ou une hospitalisation en Afrique du Sud, seule une assurance ou une assistance voyage incluant ces conditions pourra prendre en charge l\u2019ensemble des frais. Pensez d\u2019une part \u00e0 contracter une assurance voyage avant votre d\u00e9part, et d\u2019autre part \u00e0 v\u00e9rifier m\u00e9ticuleusement le niveau de couverture. Les frais d\u2019hospitalisation, de traitement, de rapatriement peuvent \u00eatre tr\u00e8s \u00e9lev\u00e9s.&nbsp;<\/p>\n\n\n\n<h2 class=\"wp-block-heading\"><span class=\"ez-toc-section\" id=\"liens-utiles\"><\/span>Liens utiles<span class=\"ez-toc-section-end\"><\/span><\/h2>\n\n\n\n<ul class=\"wp-block-list\"><li><a href=\"https:\/\/www.diplomatie.gouv.fr\/fr\/conseils-aux-voyageurs\/conseils-par-pays-destination\/afrique-du-sud\/#sante\" target=\"_blank\" rel=\"noopener\">Les recommandations du Gouvernement&nbsp;<\/a><\/li><li><a href=\"https:\/\/www.pasteur.fr\/fr\/centre-medical\/preparer-son-voyage\/afrique-du-sud\" target=\"_blank\" rel=\"noopener\">Les recommandations de l\u2019Institut Pasteur<\/a><\/li><li><a href=\"https:\/\/www.pasteur.fr\/fr\/centre-medical\/vaccination\/calendrier-vaccinal\" class=\"rank-math-link\" target=\"_blank\" rel=\"noopener\">Le calendrier vaccinal&nbsp;<\/a><\/li><li><a href=\"https:\/\/www.who.int\/fr\/\" class=\"rank-math-link\" target=\"_blank\" rel=\"noopener\">L\u2019OMS <\/a>et <a href=\"https:\/\/www.who.int\/topics\/yellow_fever\/fr\/\" target=\"_blank\" rel=\"noopener\">La fi\u00e8vre jaune par l\u2019OMS<\/a><\/li><\/ul>\n\n\n\n<h2 class=\"wp-block-heading\"><span class=\"ez-toc-section\" id=\"faq\"><\/span>FAQ<span class=\"ez-toc-section-end\"><\/span><\/h2>\n\n\n<div id=\"rank-math-faq\" class=\"rank-math-block\">\n<div class=\"rank-math-list \">\n<div id=\"faq-question-1610983811269\" class=\"rank-math-list-item\">\n<h3 class=\"rank-math-question \">Quels vaccins sont obligatoires pour se rendre en Afrique du Sud ?\u00a0<\/h3>\n<div class=\"rank-math-answer \">\n\n<p>Aucun vaccin n\u2019est obligatoire pour voyager en Afrique du Sud. \u00catre \u00e0 jour de son carnet vaccinal est cependant fortement recommand\u00e9.\u00a0<\/p>\n\n<\/div>\n<\/div>\n<div id=\"faq-question-1610983818795\" class=\"rank-math-list-item\">\n<h3 class=\"rank-math-question \">Quelles sont les pr\u00e9cautions \u00e0 prendre en Afrique du Sud en termes de sant\u00e9 ?\u00a0<\/h3>\n<div class=\"rank-math-answer \">\n\n<p>En Afrique du Sud, assurez-vous de vous prot\u00e9ger contre les moustiques (risque de paludisme), d\u2019avoir une bonne hygi\u00e8ne en vous lavant les mains r\u00e9guli\u00e8rement et de faire attention aux aliments et \u00e0 l\u2019eau : privil\u00e9giez les aliments cuits ou bien lav\u00e9s et \u00e9pluch\u00e9s par exemple.\u00a0<\/p>\n\n<\/div>\n<\/div>\n<\/div>\n<\/div>","protected":false},"excerpt":{"rendered":"<p>Vous pr\u00e9parez votre voyage ? D\u00e9couvrez dans cet article tout ce que vous devez savoir sur les vaccins en Afrique du Sud. Quel vaccin est obligatoire pour l\u2019Afrique du Sud ? Quelles sont les pr\u00e9cautions \u00e0 prendre avant et pendant votre voyage ?&nbsp; Existe-t-il des vaccins obligatoires pour l\u2019Afrique du Sud ? Aucun vaccin n\u2019est &#8230; <a title=\"Quels vaccins pour l&rsquo;Afrique du Sud ?\" class=\"read-more\" href=\"https:\/\/mistersafari.com\/fr\/safari-afrique-du-sud\/vaccins\/\" aria-label=\"En savoir plus sur Quels vaccins pour l&rsquo;Afrique du Sud ?\">Lire la suite<\/a><\/p>\n","protected":false},"author":2,"featured_media":1623,"parent":1093,"menu_order":14,"comment_status":"closed","ping_status":"closed","template":"","meta":{"_acf_changed":false,"footnotes":""},"content_type":[],"country":[],"class_list":{"0":"post-1622","1":"page","2":"type-page","3":"status-publish","4":"has-post-thumbnail","6":"no-featured-image-padding"},"acf":{"hreflang":null},"_links":{"self":[{"href":"https:\/\/mistersafari.com\/fr\/wp-json\/wp\/v2\/pages\/1622","targetHints":{"allow":["GET"]}}],"collection":[{"href":"https:\/\/mistersafari.com\/fr\/wp-json\/wp\/v2\/pages"}],"about":[{"href":"https:\/\/mistersafari.com\/fr\/wp-json\/wp\/v2\/types\/page"}],"author":[{"embeddable":true,"href":"https:\/\/mistersafari.com\/fr\/wp-json\/wp\/v2\/users\/2"}],"replies":[{"embeddable":true,"href":"https:\/\/mistersafari.com\/fr\/wp-json\/wp\/v2\/comments?post=1622"}],"version-history":[{"count":2,"href":"https:\/\/mistersafari.com\/fr\/wp-json\/wp\/v2\/pages\/1622\/revisions"}],"predecessor-version":[{"id":1762,"href":"https:\/\/mistersafari.com\/fr\/wp-json\/wp\/v2\/pages\/1622\/revisions\/1762"}],"up":[{"embeddable":true,"href":"https:\/\/mistersafari.com\/fr\/wp-json\/wp\/v2\/pages\/1093"}],"wp:featuredmedia":[{"embeddable":true,"href":"https:\/\/mistersafari.com\/fr\/wp-json\/wp\/v2\/media\/1623"}],"wp:attachment":[{"href":"https:\/\/mistersafari.com\/fr\/wp-json\/wp\/v2\/media?parent=1622"}],"wp:term":[{"taxonomy":"content_type","embeddable":true,"href":"https:\/\/mistersafari.com\/fr\/wp-json\/wp\/v2\/content_type?post=1622"},{"taxonomy":"country","embeddable":true,"href":"https:\/\/mistersafari.com\/fr\/wp-json\/wp\/v2\/country?post=1622"}],"curies":[{"name":"wp","href":"https:\/\/api.w.org\/{rel}","templated":true}]}}