{"id":1608,"date":"2021-01-18T15:15:33","date_gmt":"2021-01-18T15:15:33","guid":{"rendered":"https:\/\/mistersafari.com\/fr\/?page_id=1608"},"modified":"2021-04-12T15:27:46","modified_gmt":"2021-04-12T15:27:46","slug":"luxe","status":"publish","type":"page","link":"https:\/\/mistersafari.com\/fr\/safari-afrique-du-sud\/luxe\/","title":{"rendered":"Safari de luxe en Afrique du Sud"},"content":{"rendered":"\n<p>Vous souhaitez profiter de toute la beaut\u00e9 de l\u2019Afrique du Sud lors d\u2019un safari de luxe ? Voici tous nos conseils pour organiser un s\u00e9jour safari de luxe en Afrique du Sud et une s\u00e9lection des cinq meilleurs h\u00e9bergements.<\/p>\n\n\n<div id=\"ez-toc-container\" class=\"ez-toc-v2_0_76 counter-flat ez-toc-counter ez-toc-custom ez-toc-container-direction\">\n<div class=\"ez-toc-title-container\"><p class=\"ez-toc-title\" style=\"cursor:inherit\">Sommaire<\/p>\n<\/div><nav><ul class='ez-toc-list ez-toc-list-level-1 ' ><li class='ez-toc-page-1'><a class=\"ez-toc-link ez-toc-heading-1\" href=\"https:\/\/mistersafari.com\/fr\/safari-afrique-du-sud\/luxe\/#comment-organiser-un-safari-de-luxe-en-afrique-du-sud\" >Comment organiser un safari de luxe en Afrique du Sud ?<\/a><\/li><li class='ez-toc-page-1'><a class=\"ez-toc-link ez-toc-heading-2\" href=\"https:\/\/mistersafari.com\/fr\/safari-afrique-du-sud\/luxe\/#les-5-meilleurs-hotels-et-lodges-de-luxe-en-afrique-du-sud\" >Les 5 meilleurs h\u00f4tels et lodges de luxe en Afrique du Sud<\/a><\/li><li class='ez-toc-page-1'><a class=\"ez-toc-link ez-toc-heading-3\" href=\"https:\/\/mistersafari.com\/fr\/safari-afrique-du-sud\/luxe\/#safari-de-luxe-en-afrique-du-sud-exemple-et-budget\" >Safari de luxe en Afrique du Sud : exemple et budget<\/a><\/li><li class='ez-toc-page-1'><a class=\"ez-toc-link ez-toc-heading-4\" href=\"https:\/\/mistersafari.com\/fr\/safari-afrique-du-sud\/luxe\/#faq\" >FAQ<\/a><\/li><\/ul><\/nav><\/div>\n\n\n\n\n<h2 class=\"wp-block-heading\"><span class=\"ez-toc-section\" id=\"comment-organiser-un-safari-de-luxe-en-afrique-du-sud\"><\/span>Comment organiser un safari de luxe en Afrique du Sud ?<span class=\"ez-toc-section-end\"><\/span><\/h2>\n\n\n\n<h3 class=\"wp-block-heading\">Avant le voyage<\/h3>\n\n\n\n<p>Pour r\u00e9aliser un safari en Afrique du Sud de luxe, vous pouvez confier l\u2019organisation de votre voyage \u00e0 une agence sp\u00e9cialis\u00e9e. Ces experts des voyages animaliers concocteront un s\u00e9jour sur-mesure en fonction de vos crit\u00e8res et de vos envies. Il en existe plusieurs d\u00e9di\u00e9es \u00e0 l\u2019Afrique du Sud, d\u2019autres au continent africain.&nbsp; N\u2019h\u00e9sitez pas \u00e0 contacter plusieurs agences pour conna\u00eetre leurs offres et leurs tarifs.&nbsp;<\/p>\n\n\n\n<p>Il est aussi possible de pr\u00e9parer son voyage de luxe en Afrique du Sud seul. Mais l&rsquo;organisation d\u2019un safari n\u2019est pas facile. Et, en fonction du budget que vous \u00eates pr\u00eat \u00e0 allouer, vous aurez tout int\u00e9r\u00eat \u00e0 profiter des services des agences de voyages sp\u00e9cialis\u00e9es qui vous feront gagner du temps (et s\u00fbrement de l\u2019argent) et organiseront un voyage personnalis\u00e9.&nbsp;<\/p>\n\n\n\n<h3 class=\"wp-block-heading\">Sur place<\/h3>\n\n\n\n<p>Une fois arriv\u00e9 en Afrique du Sud, un safari de luxe est un voyage o\u00f9 vous \u00eates g\u00e9n\u00e9ralement pris en charge du d\u00e9but \u00e0 la fin. Depuis l\u2019a\u00e9roport, un transport en avion priv\u00e9 vous emm\u00e8ne directement \u00e0 votre h\u00e9bergement, dans l\u2019un des <a href=\"https:\/\/mistersafari.com\/fr\/safari-afrique-du-sud\/parcs-reserves\/\">parcs ou r\u00e9serves d\u2019Afrique du Sud<\/a>. Les transferts entre les diff\u00e9rentes \u00e9tapes de votre voyage si vous r\u00e9alisez un <a class=\"rank-math-link\" href=\"https:\/\/mistersafari.com\/fr\/safari-afrique-du-sud\/circuit\/\">circuit <\/a>se font aussi g\u00e9n\u00e9ralement en avion priv\u00e9.&nbsp;<\/p>\n\n\n\n<p id=\"callout-green\">Pour l\u2019activit\u00e9 safari, vous aurez tout int\u00e9r\u00eat \u00e0 privil\u00e9gier les r\u00e9serves priv\u00e9es, avec leurs services de haut standing.&nbsp;<\/p>\n\n\n\n<p>Mais certains parcs nationaux valent malgr\u00e9 tout le d\u00e9tour, comme le Parc Kruger. G\u00e9n\u00e9ralement situ\u00e9es pr\u00e8s des grands parcs nationaux, les r\u00e9serves sont plus calmes et plus intimes. Ce sont les r\u00e9serves qui organisent les game drives, \u00e0 bord de 4&#215;4 confortables, \u00e9quip\u00e9s de larges fen\u00eatres et de toit ouvrant, voire enti\u00e8rement ouverts pour se sentir au plus pr\u00e8s des animaux. Vous \u00eates guid\u00e9s par un ranger exp\u00e9riment\u00e9 qui gr\u00e2ce \u00e0 ses connaissances pointues de la brousse pourra vous emmener hors des sentiers battus pour rencontrer les animaux tant convoit\u00e9s. Vous pouvez choisir de r\u00e9aliser ces game drives seuls ou avec un groupe.&nbsp;<\/p>\n\n\n\n<p>Lors d\u2019un safari de luxe en Afrique du Sud, vous profitez d\u2019un voyage con\u00e7u exactement selon vos envies en int\u00e9grant par exemple des exp\u00e9riences originales ou exceptionnelles, comme plonger avec les requins, faire un safari \u00e0 pied, de nuit ou en h\u00e9licopt\u00e8re, sauter \u00e0 l\u2019\u00e9lastique, se baigner dans des piscines naturelles, go\u00fbter de d\u00e9licieux vins, se relaxer au spa&#8230;&nbsp; Encore une fois, en choisissant de faire appel \u00e0 une agence sp\u00e9cialis\u00e9e, ces activit\u00e9s d\u2019exception sont plus facilement organis\u00e9es.&nbsp;<\/p>\n\n\n\n<p>Enfin, en optant pour des safaris dans les r\u00e9serves priv\u00e9es, vous r\u00e9sidez dans des h\u00e9bergements haut de gamme tr\u00e8s luxueux. Lodges, boutique-h\u00f4tels, camps de tentes\u2026 le choix est vaste et le confort de mise. Log\u00e9 en pension compl\u00e8te, vous profitez d\u2019infrastructures de qualit\u00e9 : restaurant, bar, piscine, spa, \u2026&nbsp;<strong>C\u2019est ind\u00e9niablement le choix de votre h\u00e9bergement qui rendra votre s\u00e9jour \u00e0 la hauteur de vos attentes.<\/strong>&nbsp;<\/p>\n\n\n\n<h2 class=\"wp-block-heading\"><span class=\"ez-toc-section\" id=\"les-5-meilleurs-hotels-et-lodges-de-luxe-en-afrique-du-sud\"><\/span>Les 5 meilleurs h\u00f4tels et lodges de luxe en Afrique du Sud<span class=\"ez-toc-section-end\"><\/span><\/h2>\n\n\n\n<h3 class=\"wp-block-heading\">Ivory Lodge \u00e0 Lion Sands<\/h3>\n\n\n\n<p>Lion Sands est une r\u00e9serve priv\u00e9e de la r\u00e9serve r\u00e9put\u00e9e de Sabi Sands, jouxtant le <a class=\"rank-math-link\" href=\"https:\/\/mistersafari.com\/fr\/safari-afrique-du-sud\/parcs-reserves\/parc-kruger\/\">Parc Kruger<\/a>. Lions Sands est la seule r\u00e9serve \u00e0 avoir un acc\u00e8s direct \u00e0 la rivi\u00e8re Sabi sur plus de 10 kilom\u00e8tres. C\u2019est ainsi que de nombreux animaux viennent arpenter la brousse de la r\u00e9serve pour s\u2019abreuver.&nbsp;<\/p>\n\n\n\n<div class=\"wp-block-image\"><figure class=\"aligncenter size-large\"><img loading=\"lazy\" decoding=\"async\" width=\"1024\" height=\"584\" src=\"https:\/\/mk0mistersafarimcosm.kinstacdn.com\/wp-content\/uploads\/sites\/2\/zebre-safari-luxe-afrique-sud-1024x584.jpg\" alt=\"\" class=\"wp-image-1610\" srcset=\"https:\/\/mistersafari.com\/fr\/wp-content\/uploads\/sites\/2\/zebre-safari-luxe-afrique-sud-1024x584.jpg 1024w, https:\/\/mistersafari.com\/fr\/wp-content\/uploads\/sites\/2\/zebre-safari-luxe-afrique-sud-300x171.jpg 300w, https:\/\/mistersafari.com\/fr\/wp-content\/uploads\/sites\/2\/zebre-safari-luxe-afrique-sud-768x438.jpg 768w, https:\/\/mistersafari.com\/fr\/wp-content\/uploads\/sites\/2\/zebre-safari-luxe-afrique-sud.jpg 1200w\" sizes=\"auto, (max-width: 1024px) 100vw, 1024px\" \/><\/figure><\/div>\n\n\n\n<p>Plusieurs h\u00e9bergements de luxe sont propos\u00e9s \u00e0 l\u2019int\u00e9rieur de Lion Sands, dont l\u2019Ivory Lodge. Construit avec des mat\u00e9riaux naturels, il est compos\u00e9 de 9 magnifiques villas individuelles dot\u00e9es de piscine privative, d\u2019un spa, d\u2019une salle de sport, \u2026 Le personnel offre un service haut de gamme et reste \u00e0 votre disposition pour toutes vos demandes.&nbsp;<\/p>\n\n\n\n<p>Un s\u00e9jour \u00e0 Lion Sands est aussi l\u2019occasion de visiter l\u2019un de leurs logements dans les arbres. Ces treehouses de luxe offrent une exp\u00e9rience inoubliable de nuit \u00e0 la belle \u00e9toile dans le bush africain, avec tout le confort garanti.&nbsp;<\/p>\n\n\n\n<h3 class=\"wp-block-heading\">Rock Lodge et Safari Lodge \u00e0 Ulusaba<\/h3>\n\n\n\n<p>Situ\u00e9e le long du Parc Kruger, la R\u00e9serve d\u2019Ulusaba a \u00e9t\u00e9 cr\u00e9\u00e9e par Sir Richard Branson. Les voyageurs ont le choix entre deux lodges haut de gamme au c\u0153ur de la r\u00e9serve.&nbsp; Le Rock Lodge se trouve en haut d\u2019une falaise rocheuse, offrant une vue panoramique imprenable sur la brousse africaine. Il compte 4 chambres et 4 suites. Avec une bonne paire de jumelles, vous pourrez apercevoir les animaux sauvages \u00e0 des kilom\u00e8tres \u00e0 la ronde depuis le confort de votre chambre. Le Safari Lodge est quant \u00e0 lui compos\u00e9 de chalets sur pilotis, inspir\u00e9s des treehouses, plac\u00e9s sur les rives de la rivi\u00e8re ass\u00e9ch\u00e9e de Mabrak. Depuis votre terrasse privative, vous pourrez contempler les animaux venus rechercher les derni\u00e8res sources d\u2019eau.&nbsp;<\/p>\n\n\n\n<h3 class=\"wp-block-heading\">Vlei Lodge \u00e0 Phinda<\/h3>\n\n\n\n<p>Sur la c\u00f4te Est de l\u2019Afrique du Sud, la R\u00e9serve priv\u00e9e de Phinda s\u2019\u00e9tend sur la r\u00e9gion de KwaZulu-Natal au bord de l\u2019Oc\u00e9an Indien. Elle est dot\u00e9e de paysages vari\u00e9s qui font des habitats id\u00e9aux pour les animaux sauvages. C\u2019est aussi l\u2019occasion de visiter la plage de Cape Vidal, l\u2019une des <a href=\"https:\/\/mistersafari.com\/fr\/safari-afrique-du-sud\/plages\/\">plus belles plages d\u2019Afrique du Sud<\/a>.&nbsp;<\/p>\n\n\n\n<div class=\"wp-block-image\"><figure class=\"aligncenter size-large\"><img loading=\"lazy\" decoding=\"async\" width=\"1024\" height=\"683\" src=\"https:\/\/mk0mistersafarimcosm.kinstacdn.com\/wp-content\/uploads\/sites\/2\/lion-afrique-sud-1024x683.jpg\" alt=\"\" class=\"wp-image-1611\" srcset=\"https:\/\/mistersafari.com\/fr\/wp-content\/uploads\/sites\/2\/lion-afrique-sud-1024x683.jpg 1024w, https:\/\/mistersafari.com\/fr\/wp-content\/uploads\/sites\/2\/lion-afrique-sud-300x200.jpg 300w, https:\/\/mistersafari.com\/fr\/wp-content\/uploads\/sites\/2\/lion-afrique-sud-768x512.jpg 768w, https:\/\/mistersafari.com\/fr\/wp-content\/uploads\/sites\/2\/lion-afrique-sud.jpg 1200w\" sizes=\"auto, (max-width: 1024px) 100vw, 1024px\" \/><\/figure><\/div>\n\n\n\n<p>En bordure de for\u00eat, on retrouve le Vlei Lodge, un h\u00e9bergement sophistiqu\u00e9 aux d\u00e9cors d\u2019inspiration venant du Nord et de l\u2019Ouest du continent. La savane verte s\u2019\u00e9tire sur des kilom\u00e8tres devant votre terrasse priv\u00e9e. Les suites sont tr\u00e8s confortables et propices \u00e0 la d\u00e9tente, avec notamment une piscine priv\u00e9e sur la terrasse. Le service est haut de gamme et vous assure un s\u00e9jour inoubliable.&nbsp;<\/p>\n\n\n\n<h3 class=\"wp-block-heading\">Tswalu Motse \u00e0 Kalahari<\/h3>\n\n\n\n<p>Direction le Nord du pays, non loin du <a class=\"rank-math-link\" href=\"https:\/\/mistersafari.com\/fr\/safari-afrique-du-sud\/parcs-reserves\/parc-transfrontalier-kgalagadi\/\">Parc Transfrontalier de Kgalagadi<\/a>, dans la R\u00e9serve priv\u00e9e de Kalahari. Le d\u00e9sert du m\u00eame nom offre des paysages grandioses recouverts de v\u00e9g\u00e9tation, contrairement \u00e0 ce que l\u2019on pourrait imaginer.&nbsp;<\/p>\n\n\n\n<p>Tswalu Motse est un lodge compos\u00e9 de 9 suites et ayant re\u00e7u plusieurs r\u00e9compenses. Il propose des s\u00e9jours au plus proche de la nature. Piscine \u00e0 d\u00e9bordement et spa seront l\u2019occasion de se d\u00e9tendre apr\u00e8s les safaris organis\u00e9s. En 4&#215;4, \u00e0 pied, en montgolfi\u00e8re ou \u00e0 cheval, c\u2019est \u00e0 vous de choisir votre safari !<\/p>\n\n\n\n<h3 class=\"wp-block-heading\">Cape Grace \u00e0 Cape Town<\/h3>\n\n\n\n<p>On termine cette s\u00e9lection avec un h\u00f4tel de luxe en Afrique du Sud, au Cap : le Cape Grace. Situ\u00e9 sur un quai priv\u00e9, cet h\u00f4tel assure un s\u00e9jour en toute tranquillit\u00e9 au c\u0153ur de la ville anim\u00e9e de Cape Town, l\u2019un des <a class=\"rank-math-link\" href=\"https:\/\/mistersafari.com\/fr\/safari-afrique-du-sud\/que-faire\/\">lieux incontournables de l\u2019Afrique du Sud<\/a>. Il compte 120 suites toutes plus luxueuses les unes que les autres. Un restaurant gastronomique propose des repas aux h\u00f4tes. Spa, piscine et centre de fitness sont aussi \u00e0 la disposition des voyageurs.&nbsp;<\/p>\n\n\n\n<h2 class=\"wp-block-heading\"><span class=\"ez-toc-section\" id=\"safari-de-luxe-en-afrique-du-sud-exemple-et-budget\"><\/span>Safari de luxe en Afrique du Sud : exemple et budget<span class=\"ez-toc-section-end\"><\/span><\/h2>\n\n\n\n<p>Voici un exemple de safari de luxe en Afrique du Sud.&nbsp;<\/p>\n\n\n\n<ul class=\"wp-block-list\"><li>Jour 1 : Arriv\u00e9e \u00e0 Johannesburg et transfert vers le Parc Kruger<\/li><li>Jour 2 \u00e0 4 : Safari dans le <a href=\"https:\/\/mistersafari.com\/fr\/safari-afrique-du-sud\/parcs-reserves\/parc-kruger\/\">Parc National Kruger<\/a> et la R\u00e9serve d\u2019Ulusaba et logement au Safari Lodge d\u2019Ululusaba<\/li><li>Jour 5 et 6 : Safari dans la R\u00e9serve de Sabi Sands et logement au Lion Sands<\/li><li>Jour 7 et 8 : Safari dans le Parc National de Marakele et logement au Marataba Safari Lodge<\/li><li>Jour 9 : Transfert vers Port-Elizabeth<\/li><li>Jour 10 et 11 : Safari dans la R\u00e9serve de Shamwari et logement au Shamwari Sarili Lodge<\/li><li>Jour 12 : Transfert vers Cape Town et logement au Cape Grace<\/li><li>Jour 13 : Visite de Cape Town<\/li><li>Jour 14 : D\u00e9part depuis Cape Town<\/li><\/ul>\n\n\n\n<p>L\u2019ensemble des transferts sera effectu\u00e9 en avion priv\u00e9 et les safaris r\u00e9alis\u00e9s avec un ranger exp\u00e9riment\u00e9 et un 4&#215;4 priv\u00e9. Il faudra compter au minimum 800\u20ac\/personne\/jour pour ce type de s\u00e9jour.&nbsp;<\/p>\n\n\n\n<h2 class=\"wp-block-heading\"><span class=\"ez-toc-section\" id=\"faq\"><\/span>FAQ<span class=\"ez-toc-section-end\"><\/span><\/h2>\n\n\n<div id=\"rank-math-faq\" class=\"rank-math-block\">\n<div class=\"rank-math-list \">\n<div id=\"faq-question-1610981397419\" class=\"rank-math-list-item\">\n<h3 class=\"rank-math-question \">Quels autres pays pour organiser un safari haut de gamme ?<\/h3>\n<div class=\"rank-math-answer \">\n\n<p>Le <a href=\"http:\/\/lien\/\">Kenya <\/a>et la <a class=\"rank-math-link\" href=\"http:\/\/lien\/\">Tanzanie <\/a>font partie des destinations les plus pris\u00e9es pour un safari de luxe en Afrique.\u00a0<\/p>\n\n<\/div>\n<\/div>\n<div id=\"faq-question-1610981406185\" class=\"rank-math-list-item\">\n<h3 class=\"rank-math-question \">Quel est le budget pour un safari de luxe en Afrique du Sud ?<\/h3>\n<div class=\"rank-math-answer \">\n\n<p>Un safari de luxe en Afrique co\u00fbte au minimum 800 \u00e0 1000\u20ac\/personne\/jour. Cela inclut l\u2019h\u00e9bergement en lodges de luxe en pension compl\u00e8te, les transferts internes en avion, des safaris accompagn\u00e9s et d\u2019autres activit\u00e9s insolites.\u00a0<\/p>\n\n<\/div>\n<\/div>\n<\/div>\n<\/div>\n\n\n<p><\/p>\n","protected":false},"excerpt":{"rendered":"<p>Vous souhaitez profiter de toute la beaut\u00e9 de l\u2019Afrique du Sud lors d\u2019un safari de luxe ? Voici tous nos conseils pour organiser un s\u00e9jour safari de luxe en Afrique du Sud et une s\u00e9lection des cinq meilleurs h\u00e9bergements. Comment organiser un safari de luxe en Afrique du Sud ? Avant le voyage Pour r\u00e9aliser &#8230; <a title=\"Safari de luxe en Afrique du Sud\" class=\"read-more\" href=\"https:\/\/mistersafari.com\/fr\/safari-afrique-du-sud\/luxe\/\" aria-label=\"En savoir plus sur Safari de luxe en Afrique du Sud\">Lire la suite<\/a><\/p>\n","protected":false},"author":3,"featured_media":1609,"parent":1093,"menu_order":2,"comment_status":"closed","ping_status":"closed","template":"","meta":{"_acf_changed":false,"footnotes":""},"content_type":[],"country":[],"class_list":{"0":"post-1608","1":"page","2":"type-page","3":"status-publish","4":"has-post-thumbnail","6":"no-featured-image-padding"},"acf":{"hreflang":null},"_links":{"self":[{"href":"https:\/\/mistersafari.com\/fr\/wp-json\/wp\/v2\/pages\/1608","targetHints":{"allow":["GET"]}}],"collection":[{"href":"https:\/\/mistersafari.com\/fr\/wp-json\/wp\/v2\/pages"}],"about":[{"href":"https:\/\/mistersafari.com\/fr\/wp-json\/wp\/v2\/types\/page"}],"author":[{"embeddable":true,"href":"https:\/\/mistersafari.com\/fr\/wp-json\/wp\/v2\/users\/3"}],"replies":[{"embeddable":true,"href":"https:\/\/mistersafari.com\/fr\/wp-json\/wp\/v2\/comments?post=1608"}],"version-history":[{"count":9,"href":"https:\/\/mistersafari.com\/fr\/wp-json\/wp\/v2\/pages\/1608\/revisions"}],"predecessor-version":[{"id":2255,"href":"https:\/\/mistersafari.com\/fr\/wp-json\/wp\/v2\/pages\/1608\/revisions\/2255"}],"up":[{"embeddable":true,"href":"https:\/\/mistersafari.com\/fr\/wp-json\/wp\/v2\/pages\/1093"}],"wp:featuredmedia":[{"embeddable":true,"href":"https:\/\/mistersafari.com\/fr\/wp-json\/wp\/v2\/media\/1609"}],"wp:attachment":[{"href":"https:\/\/mistersafari.com\/fr\/wp-json\/wp\/v2\/media?parent=1608"}],"wp:term":[{"taxonomy":"content_type","embeddable":true,"href":"https:\/\/mistersafari.com\/fr\/wp-json\/wp\/v2\/content_type?post=1608"},{"taxonomy":"country","embeddable":true,"href":"https:\/\/mistersafari.com\/fr\/wp-json\/wp\/v2\/country?post=1608"}],"curies":[{"name":"wp","href":"https:\/\/api.w.org\/{rel}","templated":true}]}}