{"id":1545,"date":"2021-01-15T15:43:32","date_gmt":"2021-01-15T15:43:32","guid":{"rendered":"https:\/\/mistersafari.com\/fr\/?page_id=1545"},"modified":"2022-12-01T08:41:17","modified_gmt":"2022-12-01T08:41:17","slug":"zanzibar","status":"publish","type":"page","link":"https:\/\/mistersafari.com\/fr\/safari-tanzanie\/zanzibar\/","title":{"rendered":"Safari Zanzibar"},"content":{"rendered":"\n<p>Archipel au large de la Tanzanie, Zanzibar est r\u00e9put\u00e9 pour ses paysages idylliques, ses cultures d\u2019\u00e9pices et son patrimoine historique. Ces nombreuses raisons poussent les voyageurs \u00e0 combiner un safari en Tanzanie et un s\u00e9jour \u00e0 Zanzibar. Voici un concentr\u00e9 d\u2019informations utiles pour pr\u00e9parer votre voyage \u00e0 Zanzibar.<\/p>\n\n\n<div id=\"ez-toc-container\" class=\"ez-toc-v2_0_76 counter-flat ez-toc-counter ez-toc-custom ez-toc-container-direction\">\n<div class=\"ez-toc-title-container\"><p class=\"ez-toc-title\" style=\"cursor:inherit\">Sommaire<\/p>\n<\/div><nav><ul class='ez-toc-list ez-toc-list-level-1 ' ><li class='ez-toc-page-1'><a class=\"ez-toc-link ez-toc-heading-1\" href=\"https:\/\/mistersafari.com\/fr\/safari-tanzanie\/zanzibar\/#pourquoi-visiter-zanzibar\" >Pourquoi visiter Zanzibar ?<\/a><\/li><li class='ez-toc-page-1'><a class=\"ez-toc-link ez-toc-heading-2\" href=\"https:\/\/mistersafari.com\/fr\/safari-tanzanie\/zanzibar\/#comment-faire-un-safari-au-depart-de-zanzibar\" >Comment faire un safari au d\u00e9part de Zanzibar ?<\/a><\/li><li class='ez-toc-page-1'><a class=\"ez-toc-link ez-toc-heading-3\" href=\"https:\/\/mistersafari.com\/fr\/safari-tanzanie\/zanzibar\/#quand-partir-a-zanzibar-pour-un-safari-en-tanzanie\" >Quand partir \u00e0 Zanzibar pour un safari en Tanzanie ?<\/a><\/li><li class='ez-toc-page-1'><a class=\"ez-toc-link ez-toc-heading-4\" href=\"https:\/\/mistersafari.com\/fr\/safari-tanzanie\/zanzibar\/#quel-budget-pour-un-safari-au-depart-de-zanzibar\" >Quel budget pour un safari au d\u00e9part de Zanzibar ?<\/a><\/li><li class='ez-toc-page-1'><a class=\"ez-toc-link ez-toc-heading-5\" href=\"https:\/\/mistersafari.com\/fr\/safari-tanzanie\/zanzibar\/#organiser-son-voyage-a-zanzibar\" >Organiser son voyage \u00e0 Zanzibar<\/a><\/li><li class='ez-toc-page-1'><a class=\"ez-toc-link ez-toc-heading-6\" href=\"https:\/\/mistersafari.com\/fr\/safari-tanzanie\/zanzibar\/#preparer-son-safari-au-depart-de-zanzibar\" >Pr\u00e9parer son safari au d\u00e9part de Zanzibar<\/a><\/li><li class='ez-toc-page-1'><a class=\"ez-toc-link ez-toc-heading-7\" href=\"https:\/\/mistersafari.com\/fr\/safari-tanzanie\/zanzibar\/#faq\" >FAQ<\/a><\/li><\/ul><\/nav><\/div>\n\n\n\n\n<h2 class=\"wp-block-heading\"><span class=\"ez-toc-section\" id=\"pourquoi-visiter-zanzibar\"><\/span>Pourquoi visiter Zanzibar ?<span class=\"ez-toc-section-end\"><\/span><\/h2>\n\n\n\n<p>Zanzibar n\u2019est pas une destination safari \u00e0 proprement parler. Et pourtant, l\u2019archipel de l\u2019Oc\u00e9an Indien attire de nombreux voyageurs qui r\u00e9alisent un <a href=\"https:\/\/mistersafari.com\/fr\/safari-tanzanie\/\" class=\"rank-math-link\">safari en Tanzanie<\/a> avant ou apr\u00e8s la d\u00e9couverte de l\u2019\u00eele.&nbsp;<\/p>\n\n\n\n<p class=\"callout-green\">Un voyage \u00e0 Zanzibar est donc bien souvent une extension d\u2019un safari en Tanzanie.&nbsp;<\/p>\n\n\n\n<p>Apr\u00e8s avoir d\u00e9couvert <a href=\"https:\/\/mistersafari.com\/fr\/safari-tanzanie\/parcs-reserves\/\" class=\"rank-math-link\">les plus beaux parcs de Tanzanie<\/a>, les voyageurs se rendent sur l\u2019\u00eele pour profiter d\u2019une autre facette du pays. Il y a en effet beaucoup \u00e0 faire et \u00e0 d\u00e9couvrir \u00e0 Zanzibar.&nbsp;<\/p>\n\n\n<div class=\"gb-container gb-container-058b1c5c\"><div class=\"gb-inside-container\">\n\n<div class=\"gb-headline gb-headline-0548cee7 gb-headline-text\">Trouvez le combin\u00e9 Tanzanie Zanzibar de vos r\u00eaves !<\/div>\n\n\n\n<div class=\"gb-headline gb-headline-a429850a gb-headline-text\">Recevez plusieurs offres dans votre bo\u00eete mail en moins de 24H<\/div>\n\n\n<div class=\"gb-button-wrapper gb-button-wrapper-1a20370f\">\n\n<a class=\"gb-button gb-button-7a772a84 gb-button-text\" href=\"https:\/\/mistersafari.com\/fr\/demande-devis\/\">Obtenir mes devis<\/a>\n\n<\/div>\n<\/div><\/div>\n\n\n<p>Tout d\u2019abord, m\u00eame si le safari n\u2019est pas l\u2019activit\u00e9 reine de l\u2019archipel, les amoureux des animaux ne seront pas sans reste. L\u2019archipel compte de nombreux spots de plong\u00e9e qui font d\u2019elle une destination id\u00e9ale pour d\u00e9couvrir la faune marine. Ses r\u00e9cifs coralliens abritent de nombreuses esp\u00e8ces de poissons multicolores et de poissons plus gros. Vous partirez notamment \u00e0 la rencontre de requins-baleines, raie-mantas, barracudas, napol\u00e9ons, carangues, dauphins et tortues. Plusieurs endroits de l\u2019\u00eele proposent des excursions en mer pour aller nager avec les dauphins.&nbsp;<\/p>\n\n\n\n<p>Pr\u00e9f\u00e9rez un guide local pour r\u00e9aliser cette activit\u00e9 en toute tranquillit\u00e9 et dans le respect des dauphins, plut\u00f4t qu\u2019avec un tour op\u00e9rateur. &nbsp;<\/p>\n\n\n<div class=\"wp-block-image\">\n<figure class=\"aligncenter size-large\"><img loading=\"lazy\" decoding=\"async\" width=\"1024\" height=\"768\" src=\"https:\/\/mk0mistersafarimcosm.kinstacdn.com\/wp-content\/uploads\/sites\/2\/voyage-safari-zanzibar-1024x768.jpg\" alt=\"\" class=\"wp-image-1714\" srcset=\"https:\/\/mistersafari.com\/fr\/wp-content\/uploads\/sites\/2\/voyage-safari-zanzibar-1024x768.jpg 1024w, https:\/\/mistersafari.com\/fr\/wp-content\/uploads\/sites\/2\/voyage-safari-zanzibar-300x225.jpg 300w, https:\/\/mistersafari.com\/fr\/wp-content\/uploads\/sites\/2\/voyage-safari-zanzibar-768x576.jpg 768w, https:\/\/mistersafari.com\/fr\/wp-content\/uploads\/sites\/2\/voyage-safari-zanzibar.jpg 1200w\" sizes=\"auto, (max-width: 1024px) 100vw, 1024px\" \/><\/figure><\/div>\n\n\n<p>Pour profiter de l\u2019air marin, vous pouvez aussi participer \u00e0 un tour en dhow, le voilier traditionnel de l\u2019\u00eele. Cette croisi\u00e8re vous emm\u00e8ne \u00e0 travers les diff\u00e9rentes petites \u00eeles de l\u2019archipel. Sur les plages, la culture des algues est une activit\u00e9 traditionnellement r\u00e9alis\u00e9e par les femmes et une visite d\u2019une ferme coop\u00e9rative d\u2019algues est propos\u00e9e \u00e0 Paje notamment.&nbsp;<\/p>\n\n\n\n<p>En s&rsquo;enfon\u00e7ant un peu dans les terres de Zanzibar, la Jozani Forest est l\u2019habitat des singes colobes, une esp\u00e8ce embl\u00e9matique de l\u2019\u00eele.&nbsp;<\/p>\n\n\n\n<p><a class=\"rank-math-link\" href=\"https:\/\/mistersafari.com\/fr\/safari-tanzanie\/zanzibar\/plages\/\">L\u2019archipel de Zanzibar, c\u2019est aussi ses plages de r\u00eave <\/a>compos\u00e9es de sable blanc et d\u2019eau turquoise, la culture des \u00e9pices, ses villages de p\u00eacheurs, \u2026&nbsp;<\/p>\n\n\n\n<h2 class=\"wp-block-heading\"><span class=\"ez-toc-section\" id=\"comment-faire-un-safari-au-depart-de-zanzibar\"><\/span>Comment faire un safari au d\u00e9part de Zanzibar ?<span class=\"ez-toc-section-end\"><\/span><\/h2>\n\n\n\n<p>Il est en fait tr\u00e8s ais\u00e9 de combiner un safari en Tanzanie et \u00e0 Zanzibar. Gr\u00e2ce \u00e0 l\u2019a\u00e9roport international Abeid Amani Karume sur l&rsquo;\u00eele de Zanzibar et les navettes en bateau, vous avez plusieurs options :<\/p>\n\n\n\n<ul class=\"wp-block-list\"><li>atterrir \u00e0 l\u2019a\u00e9roport Abeid Amani Karume, s\u00e9journer sur Zanzibar, prendre un bateau pour rejoindre le continent, r\u00e9aliser votre s\u00e9jour safari en Tanzanie et enfin repartir depuis l\u2019a\u00e9roport Kilimandjaro pr\u00e8s d\u2019Arusha ou l\u2019a\u00e9roport Julius Nyerere \u00e0 Dar Es-Salaam ;<\/li><li>faire le circuit inverse (arriver sur le continent et repartir depuis Zanzibar) ;<\/li><li>arriver et repartir depuis Arusha ou Dar Es-Salaam et prendre une navette en bateau pour vous rendre \u00e0 Zanzibar au cours de votre s\u00e9jour ;<\/li><li>arriver et repartir depuis Zanzibar, et vous rendre sur le continent en bateau.&nbsp;<\/li><\/ul>\n\n\n\n<p>Votre choix se fera en fonction des tarifs (et de votre budget) et de vos pr\u00e9f\u00e9rences en termes de <a href=\"https:\/\/mistersafari.com\/fr\/safari-tanzanie\/circuit\/\">circuit<\/a>.&nbsp;<\/p>\n\n\n\n<h2 class=\"wp-block-heading\"><span class=\"ez-toc-section\" id=\"quand-partir-a-zanzibar-pour-un-safari-en-tanzanie\"><\/span>Quand partir \u00e0 Zanzibar pour un safari en Tanzanie ?<span class=\"ez-toc-section-end\"><\/span><\/h2>\n\n\n\n<p>Lors d\u2019un s\u00e9jour \u00e0 Zanzibar, vous passerez beaucoup de temps en bord de mer et souhaiterez certainement profiter de la plage et de baignades. Pour profiter au mieux aussi bien de l\u2019archipel de Zanzibar que de la partie continentale de la Tanzanie, les mois \u00e0 privil\u00e9gier sont juillet, ao\u00fbt et septembre. Juin et octobre restent aussi des p\u00e9riodes agr\u00e9ables.&nbsp;<\/p>\n\n\n\n<p><strong>Pour aller plus loin :<\/strong><\/p>\n\n\n\n<ul class=\"wp-block-list\"><li><a href=\"https:\/\/mistersafari.com\/fr\/safari-tanzanie\/zanzibar\/quand-partir\/\"><strong>Quand partir \u00e0 Zanzibar<\/strong><\/a><\/li><li><a href=\"https:\/\/mistersafari.com\/fr\/safari-tanzanie\/quand-partir\/\"><strong>Quand partir en Tanzanie<\/strong><\/a><\/li><\/ul>\n\n\n\n<h2 class=\"wp-block-heading\"><span class=\"ez-toc-section\" id=\"quel-budget-pour-un-safari-au-depart-de-zanzibar\"><\/span>Quel budget pour un safari au d\u00e9part de Zanzibar ?<span class=\"ez-toc-section-end\"><\/span><\/h2>\n\n\n\n<p>Le budget d\u2019un safari depuis Zanzibar repose sur plusieurs \u00e9l\u00e9ments :<\/p>\n\n\n\n<ul class=\"wp-block-list\"><li>le ou les moyens de d\u00e9placement choisis ;<\/li><li>le ou les types d\u2019h\u00e9bergement ;<\/li><li>la dur\u00e9e du voyage ;<\/li><li>le nombre de jours de safari ;<\/li><li>les autres activit\u00e9s ;<\/li><li>le nombre de voyageurs et le type d\u2019accompagnement (seul, avec un guide priv\u00e9, en groupe, \u2026) :<\/li><li>les repas.&nbsp;<\/li><\/ul>\n\n\n\n<p>Contrairement \u00e0 ce que l\u2019on pourrait penser, de nombreux voyageurs d\u00e9cident de passer quelques jours \u00e0 Zanzibar pour r\u00e9duire le <a class=\"rank-math-link\" href=\"https:\/\/mistersafari.com\/fr\/safari-tanzanie\/prix\/\">prix de leur safari en Tanzanie<\/a>. En effet, lors d\u2019un safari en Tanzanie, ce sont les visites de parcs et de r\u00e9serves qui repr\u00e9senteront la plus grosse partie de votre budget. Alors, pour faire quelques \u00e9conomies tout en profitant au mieux du voyage en Tanzanie, un voyage combin\u00e9 safari et Zanzibar est une astuce \u00e0 retenir.&nbsp;<\/p>\n\n\n\n<p>Il est tr\u00e8s difficile de donner un budget moyen puisque les crit\u00e8res et les possibilit\u00e9s sont nombreux. \u00c0 titre purement indicatif, il faudra compter entre 400 \u00e0 800\u20ac par personne et par jour en g\u00e9n\u00e9ral et au minimum.&nbsp;<\/p>\n\n\n\n<h2 class=\"wp-block-heading\"><span class=\"ez-toc-section\" id=\"organiser-son-voyage-a-zanzibar\"><\/span>Organiser son voyage \u00e0 Zanzibar<span class=\"ez-toc-section-end\"><\/span><\/h2>\n\n\n\n<p>Passons maintenant aux c\u00f4t\u00e9s pratiques de l\u2019organisation d\u2019un s\u00e9jour \u00e0 Zanzibar.&nbsp;<\/p>\n\n\n\n<h3 class=\"wp-block-heading\"><strong>Les diff\u00e9rentes options<\/strong><\/h3>\n\n\n\n<h4 class=\"wp-block-heading\"><strong>Organiser seul son safari \u00e0 Zanzibar<\/strong><\/h4>\n\n\n\n<p>Comme pour la plupart des voyages, o\u00f9 qu\u2019ils soient dans le monde, il est possible d\u2019organiser seul votre p\u00e9riple \u00e0 Zanzibar et en Tanzanie. L\u2019organisation d\u2019un safari n\u2019est pas toujours ais\u00e9e mais reste tout \u00e0 fait possible. Les voyageurs habitu\u00e9s aux safaris et au continent africain auront plus de facilit\u00e9. Pour les autres, il faudra prendre le temps de faire des recherches. Et m\u00eame malgr\u00e9 cela, ce n\u2019est toujours pas la solution la plus \u00e9conomique, contrairement \u00e0 ce que l\u2019on pourrait penser.&nbsp;<\/p>\n\n\n\n<h4 class=\"wp-block-heading\"><strong>Les tour-op\u00e9rateurs \u00ab classiques \u00bb<\/strong><\/h4>\n\n\n\n<p>Les plus grands tour-op\u00e9rateurs sont aussi capables d\u2019organiser des safaris en Tanzanie et \u00e0 Zanzibar. Moins personnalisable, il s\u2019agit g\u00e9n\u00e9ralement de voyages tout inclus, et parfois en groupe.&nbsp;<\/p>\n\n\n\n<h4 class=\"wp-block-heading\"><strong>Les agences de voyages d\u00e9di\u00e9es aux safaris<\/strong><\/h4>\n\n\n\n<p>La derni\u00e8re possibilit\u00e9, et s\u00fbrement la meilleure \u00e0 nos yeux, est de faire appel \u00e0 une agence de voyage sp\u00e9cialis\u00e9e dans l\u2019organisation de safaris. Leur expertise et leur r\u00e9seau de partenaires sur place leur permettent d\u2019organiser des voyages qualitatifs et sur-mesure (pour ceux qui le souhaitent). Leurs tarifs sont parfois plus \u00e9lev\u00e9s, mais le r\u00e9sultat vaut tr\u00e8s souvent cette d\u00e9pense suppl\u00e9mentaire.&nbsp;<\/p>\n\n\n\n<h3 class=\"wp-block-heading\"><strong>Les logements<\/strong><\/h3>\n\n\n\n<p>Au niveau du logement, le choix est vaste aussi bien en termes de confort que de budget.&nbsp;<\/p>\n\n\n\n<p>Sur l&rsquo;archipel de Zanzibar, certains choisissent de s\u00e9journer dans le m\u00eame h\u00e9bergement, alors que d\u2019autres pr\u00e9f\u00e8rent visiter l\u2019archipel sous la forme d\u2019un circuit. Bien souvent, les voyageurs pr\u00e9f\u00e8rent les h\u00f4tels, voire les complexes h\u00f4teliers, en bord de mer pour profiter au mieux d\u2019un s\u00e9jour relaxant.&nbsp;<\/p>\n\n\n\n<p>Sur le continent, un safari en Tanzanie prend g\u00e9n\u00e9ralement la forme d\u2019un circuit. Vous serez donc amen\u00e9 \u00e0 r\u00e9server diff\u00e9rents logements. Encore une fois, les possibilit\u00e9s sont nombreuses :<\/p>\n\n\n\n<ul class=\"wp-block-list\"><li>campings ;<\/li><li>tentes safaris ;<\/li><li>lodges ;<\/li><li>h\u00f4tels ;<\/li><li>chambres d&rsquo;h\u00f4tes ;<\/li><li>\u2026<\/li><\/ul>\n\n\n\n<h2 class=\"wp-block-heading\"><span class=\"ez-toc-section\" id=\"preparer-son-safari-au-depart-de-zanzibar\"><\/span>Pr\u00e9parer son safari au d\u00e9part de Zanzibar<span class=\"ez-toc-section-end\"><\/span><\/h2>\n\n\n\n<h3 class=\"wp-block-heading\"><strong>Les formalit\u00e9s d\u2019entr\u00e9e<\/strong><\/h3>\n\n\n\n<p>Tout comme lors d\u2019un safari en Tanzanie, un visa touristique est n\u00e9cessaire pour pouvoir visiter Zanzibar. Vous pouvez faire votre demande en ligne ou lors de votre arriv\u00e9e.&nbsp;<\/p>\n\n\n\n<p><strong>Pour aller plus loin <\/strong>: <a href=\"https:\/\/mistersafari.com\/fr\/safari-tanzanie\/visa\/\"><strong>Visa pour la Tanzanie<\/strong><\/a><\/p>\n\n\n\n<h3 class=\"wp-block-heading\"><strong>La sant\u00e9<\/strong><\/h3>\n\n\n\n<p><a href=\"https:\/\/mistersafari.com\/fr\/safari-tanzanie\/vaccins\/\" class=\"rank-math-link\">Aucun vaccin n\u2019est sp\u00e9cifiquement obligatoire<\/a> pour r\u00e9aliser un s\u00e9jour \u00e0 Zanzibar et un safari. Mais il est toutefois grandement recommand\u00e9 :<\/p>\n\n\n\n<ul class=\"wp-block-list\"><li>d\u2019\u00eatre \u00e0 jour des vaccins du carnet de vaccination ;<\/li><li>de se faire vacciner contre la fi\u00e8vre jaune ;<\/li><li>de prendre un traitement anti-paludisme.&nbsp;<\/li><\/ul>\n\n\n\n<p>Sur place, certaines pr\u00e9cautions sont \u00e0 prendre :<\/p>\n\n\n\n<ul class=\"wp-block-list\"><li>se laver les mains ;<\/li><li>laver et \u00e9plucher les l\u00e9gumes et les fruits ;<\/li><li>pr\u00e9f\u00e9rez des repas bien cuits ;<\/li><li>boire de l\u2019eau en bouteille.&nbsp;<\/li><\/ul>\n\n\n\n<h3 class=\"wp-block-heading\"><strong>Pr\u00e9parer sa valise pour un safari au Kenya<\/strong><\/h3>\n\n\n\n<p>Pour votre s\u00e9jour \u00e0 Zanzibar et en safari, quelques indispensables devront \u00eatre mis dans <a href=\"https:\/\/mistersafari.com\/fr\/blog\/preparer-valise-safari\/\" class=\"rank-math-link\">votre valise de safari<\/a> :<\/p>\n\n\n\n<ul class=\"wp-block-list\"><li>des v\u00eatements et des chaussures adapt\u00e9s pour les safaris ;<\/li><li>l\u2019\u00e9quipement pour immortaliser votre voyage : cam\u00e9ra, appareil photo, mais aussi jumelles, lampe torche, \u2026<\/li><li>des v\u00eatements l\u00e9gers et de plage.&nbsp;<\/li><\/ul>\n\n\n\n<h3 class=\"wp-block-heading\"><strong>La monnaie<\/strong><\/h3>\n\n\n\n<p>La monnaie officielle de Zanzibar et de la Tanzanie est le shilling tanzanien. Aussi appel\u00e9 le T-shilling, son symbole est TSh.<\/p>\n\n\n\n<h3 class=\"wp-block-heading\"><strong>Conduire \u00e0 Zanzibar<\/strong><\/h3>\n\n\n\n<p>Pour conduire \u00e0 Zanzibar, vous devrez tout d\u2019abord disposer d\u2019un permis de conduire international (valable aussi sur le continent en Tanzanie) ou faire une demande de permis local. Les routes principales sont en bon \u00e9tat, les autres routes et chemins d\u2019acc\u00e8s aux plages notamment le sont moins. La location d\u2019un 4&#215;4 est souvent recommand\u00e9e, m\u00eame si une voiture citadine conviendra aussi. D\u2019autres voyageurs optent pour un quad ou une moto.&nbsp;&nbsp;<\/p>\n\n\n<div class=\"wp-block-image\">\n<figure class=\"aligncenter size-large\"><img loading=\"lazy\" decoding=\"async\" width=\"1024\" height=\"683\" src=\"https:\/\/mk0mistersafarimcosm.kinstacdn.com\/wp-content\/uploads\/sites\/2\/safari-combine-zanzibar-tanzanie-1024x683.jpg\" alt=\"\" class=\"wp-image-1716\" srcset=\"https:\/\/mistersafari.com\/fr\/wp-content\/uploads\/sites\/2\/safari-combine-zanzibar-tanzanie-1024x683.jpg 1024w, https:\/\/mistersafari.com\/fr\/wp-content\/uploads\/sites\/2\/safari-combine-zanzibar-tanzanie-300x200.jpg 300w, https:\/\/mistersafari.com\/fr\/wp-content\/uploads\/sites\/2\/safari-combine-zanzibar-tanzanie-768x512.jpg 768w, https:\/\/mistersafari.com\/fr\/wp-content\/uploads\/sites\/2\/safari-combine-zanzibar-tanzanie.jpg 1200w\" sizes=\"auto, (max-width: 1024px) 100vw, 1024px\" \/><\/figure><\/div>\n\n\n<p>Il n\u2019est pas possible de traverser entre la Tanzanie et Zanzibar avec une voiture de location. Vous devrez donc certainement changer de v\u00e9hicules entre les deux zones.&nbsp;<\/p>\n\n\n\n<h3 class=\"wp-block-heading\"><strong>Les assurances<\/strong><\/h3>\n\n\n\n<p>Pour un safari en Tanzanie ou \u00e0 Zanzibar, il est recommand\u00e9 de poss\u00e9der une assurance voyage. Elle vous couvrira en cas d\u2019hospitalisation, de rapatriement ou d\u2019annulation de voyage notamment.&nbsp;<\/p>\n\n\n\n<p>La plupart des cartes de cr\u00e9dit proposent ce service, m\u00eame si le niveau de garantie peut nettement varier d\u2019une carte \u00e0 une autre et d\u2019un \u00e9tablissement bancaire \u00e0 un autre. Vous pouvez aussi souscrire aupr\u00e8s d\u2019une compagnie d\u2019assurance, sp\u00e9cialis\u00e9e ou non. Certains tour-op\u00e9rateurs offrent aussi cette option dans leur package. Dans tous les cas, pensez \u00e0 comparer les prix et les niveaux de garantie.&nbsp;<\/p>\n\n\n\n<h2 class=\"wp-block-heading\"><span class=\"ez-toc-section\" id=\"faq\"><\/span>FAQ<span class=\"ez-toc-section-end\"><\/span><\/h2>\n\n\n<div id=\"rank-math-faq\" class=\"rank-math-block\">\n<div class=\"rank-math-list \">\n<div id=\"faq-question-1611137720868\" class=\"rank-math-list-item\">\n<h3 class=\"rank-math-question \">O\u00f9 faire un safari \u00e0 Zanzibar ?\u00a0<\/h3>\n<div class=\"rank-math-answer \">\n\n<p>Depuis Zanzibar, un safari en Tanzanie vient souvent compl\u00e9ter le p\u00e9riple des voyageurs, gr\u00e2ce aux liaisons en ferry entre l\u2019\u00eele et le continent. L\u2019a\u00e9roport international de Zanzibar permet aussi de rejoindre rapidement d\u2019autres pays africains, pour faire un safari au Kenya notamment.\u00a0<\/p>\n\n<\/div>\n<\/div>\n<div id=\"faq-question-1611137726563\" class=\"rank-math-list-item\">\n<h3 class=\"rank-math-question \">Que faire et que voir \u00e0 Zanzibar ?<\/h3>\n<div class=\"rank-math-answer \">\n\n<p>Zanzibar est appr\u00e9ci\u00e9e pour ses plages idylliques, ses spots de plong\u00e9e sous-marine, la d\u00e9couverte de sa culture et de son patrimoine historique, la culture des \u00e9pices, ses villes et villages traditionnels, et encore bien d\u2019autres choses.\u00a0<\/p>\n\n<\/div>\n<\/div>\n<div id=\"faq-question-1611137734149\" class=\"rank-math-list-item\">\n<h3 class=\"rank-math-question \">Quel est le prix d\u2019un safari \u00e0 Zanzibar ?\u00a0<\/h3>\n<div class=\"rank-math-answer \">\n\n<p>Il est difficile de donner le budget d\u2019un safari depuis Zanzibar. Plusieurs \u00e9l\u00e9ments rentrent en compte et les prix peuvent nettement varier en fonction des options choisies. Comptez au minimum 500\u20ac\/personne\/jour.\u00a0<\/p>\n\n<\/div>\n<\/div>\n<\/div>\n<\/div>","protected":false},"excerpt":{"rendered":"<p>Archipel au large de la Tanzanie, Zanzibar est r\u00e9put\u00e9 pour ses paysages idylliques, ses cultures d\u2019\u00e9pices et son patrimoine historique. Ces nombreuses raisons poussent les voyageurs \u00e0 combiner un safari en Tanzanie et un s\u00e9jour \u00e0 Zanzibar. Voici un concentr\u00e9 d\u2019informations utiles pour pr\u00e9parer votre voyage \u00e0 Zanzibar. Pourquoi visiter Zanzibar ? Zanzibar n\u2019est pas &#8230; <a title=\"Safari Zanzibar\" class=\"read-more\" href=\"https:\/\/mistersafari.com\/fr\/safari-tanzanie\/zanzibar\/\" aria-label=\"En savoir plus sur Safari Zanzibar\">Lire la suite<\/a><\/p>\n","protected":false},"author":3,"featured_media":1715,"parent":932,"menu_order":0,"comment_status":"closed","ping_status":"closed","template":"","meta":{"_acf_changed":false,"footnotes":""},"content_type":[],"country":[],"class_list":{"0":"post-1545","1":"page","2":"type-page","3":"status-publish","4":"has-post-thumbnail","6":"no-featured-image-padding"},"acf":{"hreflang":[{"alternative_url":"https:\/\/mistersafari.com\/zanzibar\/","language":"en"}]},"_links":{"self":[{"href":"https:\/\/mistersafari.com\/fr\/wp-json\/wp\/v2\/pages\/1545","targetHints":{"allow":["GET"]}}],"collection":[{"href":"https:\/\/mistersafari.com\/fr\/wp-json\/wp\/v2\/pages"}],"about":[{"href":"https:\/\/mistersafari.com\/fr\/wp-json\/wp\/v2\/types\/page"}],"author":[{"embeddable":true,"href":"https:\/\/mistersafari.com\/fr\/wp-json\/wp\/v2\/users\/3"}],"replies":[{"embeddable":true,"href":"https:\/\/mistersafari.com\/fr\/wp-json\/wp\/v2\/comments?post=1545"}],"version-history":[{"count":34,"href":"https:\/\/mistersafari.com\/fr\/wp-json\/wp\/v2\/pages\/1545\/revisions"}],"predecessor-version":[{"id":6982,"href":"https:\/\/mistersafari.com\/fr\/wp-json\/wp\/v2\/pages\/1545\/revisions\/6982"}],"up":[{"embeddable":true,"href":"https:\/\/mistersafari.com\/fr\/wp-json\/wp\/v2\/pages\/932"}],"wp:featuredmedia":[{"embeddable":true,"href":"https:\/\/mistersafari.com\/fr\/wp-json\/wp\/v2\/media\/1715"}],"wp:attachment":[{"href":"https:\/\/mistersafari.com\/fr\/wp-json\/wp\/v2\/media?parent=1545"}],"wp:term":[{"taxonomy":"content_type","embeddable":true,"href":"https:\/\/mistersafari.com\/fr\/wp-json\/wp\/v2\/content_type?post=1545"},{"taxonomy":"country","embeddable":true,"href":"https:\/\/mistersafari.com\/fr\/wp-json\/wp\/v2\/country?post=1545"}],"curies":[{"name":"wp","href":"https:\/\/api.w.org\/{rel}","templated":true}]}}