{"id":1224,"date":"2020-11-27T18:56:41","date_gmt":"2020-11-27T18:56:41","guid":{"rendered":"https:\/\/mistersafari.com\/fr\/?page_id=1224"},"modified":"2021-07-12T21:14:19","modified_gmt":"2021-07-12T21:14:19","slug":"que-faire","status":"publish","type":"page","link":"https:\/\/mistersafari.com\/fr\/safari-afrique-du-sud\/que-faire\/","title":{"rendered":"Que faire en Afrique du Sud ?"},"content":{"rendered":"\n<p>Richesse culturelle, faune abondante, flore luxuriante, paysages surprenants, l\u2019Afrique du Sud, avec son surnom de nation arc-en-ciel, a mille et une choses \u00e0 offrir. Vous \u00eates en train de pr\u00e9parer votre voyage et vous vous demandez que faire en Afrique du Sud ? Nous partageons avec vous les meilleurs lieux \u00e0 visiter, activit\u00e9s \u00e0 faire et les inratables de l\u2019Afrique du Sud.&nbsp;<\/p>\n\n\n\n<h2 class=\"wp-block-heading\"><strong>Afrique du Sud : les diff\u00e9rentes r\u00e9gions \u00e0 visiter<\/strong><\/h2>\n\n\n\n<h3 class=\"wp-block-heading\"><strong>Carte des r\u00e9gions<\/strong><\/h3>\n\n\n\n<p>Cette carte de l\u2019Afrique du Sud indique les principaux points d\u2019attraction afin de vous aider \u00e0 organiser votre voyage.&nbsp;<\/p>\n\n\n\n<figure class=\"wp-block-image size-large is-resized\"><img loading=\"lazy\" decoding=\"async\" src=\"https:\/\/mk0mistersafarimcosm.kinstacdn.com\/wp-content\/uploads\/sites\/2\/carte-afrique-sud-1024x826.jpg\" alt=\"\" class=\"wp-image-1219\" width=\"1024\" height=\"826\" srcset=\"https:\/\/mistersafari.com\/fr\/wp-content\/uploads\/sites\/2\/carte-afrique-sud-1024x826.jpg 1024w, https:\/\/mistersafari.com\/fr\/wp-content\/uploads\/sites\/2\/carte-afrique-sud-300x242.jpg 300w, https:\/\/mistersafari.com\/fr\/wp-content\/uploads\/sites\/2\/carte-afrique-sud-768x620.jpg 768w, https:\/\/mistersafari.com\/fr\/wp-content\/uploads\/sites\/2\/carte-afrique-sud-1536x1240.jpg 1536w, https:\/\/mistersafari.com\/fr\/wp-content\/uploads\/sites\/2\/carte-afrique-sud.jpg 1200w\" sizes=\"auto, (max-width: 1024px) 100vw, 1024px\" \/><figcaption>Source <a href=\"https:\/\/www.larousse.fr\/encyclopedie\/cartes\/Afrique_du_Sud_-_Lesotho\/1306002\" class=\"rank-math-link\" target=\"_blank\" rel=\"noopener\">Larousse<\/a><\/figcaption><\/figure>\n\n\n\n<h3 class=\"wp-block-heading\"><strong>Les villes et lieux d\u2019int\u00e9r\u00eats en Afrique du Sud<\/strong><\/h3>\n\n\n\n<p>Ville la plus peupl\u00e9e du pays, nous commen\u00e7ons ce guide sur les choses \u00e0 faire en Afrique du Sud avec la ville de <strong>Johannesburg<\/strong>. La visite de la ville vous immerge dans les diff\u00e9rents quartiers, du quartier culturel de Newtown aux quartiers branch\u00e9s de Braamfontein ou Maboneng. Mais c\u2019est surtout pour une petite ville situ\u00e9e \u00e0 une 15 km au Sud-Ouest que l\u2019on s\u2019y attarde : la ville de <strong>Soweto<\/strong>. Gr\u00e2ce \u00e0 l\u2019accompagnement d\u2019un guide (fortement recommand\u00e9), vous partez sur les traces de l\u2019Apartheid, visitez plusieurs mus\u00e9es d\u00e9di\u00e9s, d\u00e9couvrez les maisons de Neslon Mandela et Desmond Tutu, deux figures de cette p\u00e9riode historique.&nbsp;<\/p>\n\n\n\n<p>Toujours au Sud-Ouest du pays, direction <strong>Cape Town<\/strong> (Le Cap) et<strong> Port Elizabeth<\/strong>, reli\u00e9es par la magnifique Route des Jardins dont nous parlerons plus tard. La premi\u00e8re est symbolis\u00e9e par les maisons color\u00e9es du quartier malais de Bo-Kaap, le quartier culturel et cr\u00e9atif de Woodstock et bien s\u00fbr le superbe front de mer. A Port-Elizabeth, on appr\u00e9cie le centre ville historique, ses grandes maisons coloniales et quelques monuments historiques.&nbsp;<\/p>\n\n\n\n<p>A mi-chemin entre Cape Town et Port-Elizabeth, n\u2019oubliez pas de vous arr\u00eater \u00e0 la petite ville de <strong>Knysna <\/strong>pour son paysage idyllique compos\u00e9 d\u2019un lagon bleu turquoise entour\u00e9 de falaises. La ville est aussi connue pour ses hu\u00eetres.&nbsp;<\/p>\n\n\n\n<p>Dernier stop sur la Route des Jardins avec la c\u00e9l\u00e8bre capitale des baleines : la ville d\u2019<strong>Hermanus<\/strong>. Depuis le front de mer de cette ville baln\u00e9aire ou lors d\u2019une excursion en bateau, vous pourrez observer ces grands mammif\u00e8res marins, notamment lorsqu\u2019elles mettent bas entre Juin et Novembre.&nbsp;&nbsp;<\/p>\n\n\n\n<h2 class=\"wp-block-heading\"><strong>Le safari : l\u2019activit\u00e9-phare \u00e0 faire en Afrique du Sud<\/strong><\/h2>\n\n\n\n<h3 class=\"wp-block-heading\"><strong>L\u2019Afrique du Sud, une destination mondiale de safari<\/strong><\/h3>\n\n\n\n<p>Tout comme le <a class=\"rank-math-link\" href=\"https:\/\/mistersafari.com\/fr\/safari-kenya\/\">Kenya <\/a>et la <a href=\"https:\/\/mistersafari.com\/fr\/safari-tanzanie\/\">Tanzanie<\/a>, l\u2019Afrique du Sud est une destination phare pour un safari. Les voyageurs viennent du monde entier pour profiter de la faune riche du pays.&nbsp;<\/p>\n\n\n\n<p>L\u2019observation des plus grands animaux sauvages d\u2019Afrique et la rencontre avec le Big Five sont en effet parmi les principaux attraits de la nation arc-en-ciel. Voici les trois parcs et r\u00e9serves incontournables pour un safari r\u00e9ussi en Afrique du Sud.&nbsp;<\/p>\n\n\n\n<h3 class=\"wp-block-heading\"><strong>Les 3 meilleurs parcs et r\u00e9serves \u00e0 visiter en Afrique du Sud<\/strong><\/h3>\n\n\n\n<h3 class=\"wp-block-heading\">Parc National Kruger<\/h3>\n\n\n\n<p>Plus grand parc animalier du pays avec une superficie proche de 20 000 km2, le <a class=\"rank-math-link\" href=\"https:\/\/mistersafari.com\/fr\/safari-afrique-du-sud\/parcs-reserves\/parc-kruger\/\">Parc National Kruger<\/a> est situ\u00e9 au Nord-Est. Il a pour avantage de pouvoir \u00eatre visit\u00e9 avec <a class=\"rank-math-link\" href=\"https:\/\/mistersafari.com\/fr\/safari-afrique-du-sud\/location-voiture\/\">votre propre v\u00e9hicule de location<\/a> en toute autonomie. Mais vous pourrez aussi exp\u00e9rimenter un safari accompagn\u00e9 par un ranger, un safari \u00e0 pieds, \u00e0 cheval, en h\u00e9licopt\u00e8re&#8230;<\/p>\n\n\n\n<p>Le Parc Kruger est appr\u00e9ci\u00e9 pour l\u2019extr\u00eame diversit\u00e9 de sa faune. Vous y rencontrerez le Big Five, mais aussi pr\u00e8s de 150 mammif\u00e8res et plus de 500 esp\u00e8ces d\u2019oiseaux. Pour compl\u00e9ter votre s\u00e9jour, plusieurs r\u00e9serves priv\u00e9es adjacentes au parc offrent des safaris en toute tranquillit\u00e9.&nbsp;<\/p>\n\n\n\n<h3 class=\"wp-block-heading\">R\u00e9serve Madikwe<\/h3>\n\n\n\n<p>Pour une exp\u00e9rience plus exclusive et intime, rendez-vous dans la <a href=\"https:\/\/mistersafari.com\/fr\/safari-afrique-du-sud\/parcs-reserves\/reserve-madikwe\/\">R\u00e9serve de Madikwe<\/a>. Cette zone cl\u00f4tur\u00e9e de 75 000 hectares est issue d\u2019une op\u00e9ration de r\u00e9introduction de plus de 8000 mammif\u00e8res de 28 esp\u00e8ces, men\u00e9e avec succ\u00e8s au d\u00e9but des ann\u00e9es 90.&nbsp;<\/p>\n\n\n\n<p>Les animaux vivent aujourd\u2019hui en harmonie et sont observables au cours de safaris organis\u00e9s par les lodges : Big Five, girafes, hippopotames, antilopes, ainsi que des esp\u00e8ces plus rares comme le lycaon.&nbsp; Le <a href=\"https:\/\/mistersafari.com\/fr\/safari-afrique-du-sud\/prix\/\" class=\"rank-math-link\">budget <\/a>est plus \u00e9lev\u00e9 que pour un safari dans le Kruger, mais l\u2019investissement en vaut le coup.&nbsp;<\/p>\n\n\n\n<h3 class=\"wp-block-heading\">Parc National des \u00c9l\u00e9phants D&rsquo;addo<\/h3>\n\n\n\n<p>Amoureux des \u00e9l\u00e9phants ? La visite du <a href=\"https:\/\/mistersafari.com\/fr\/safari-afrique-du-sud\/parcs-reserves\/addo-elephant-park\/\" class=\"rank-math-link\">Parc Addo<\/a> situ\u00e9 pr\u00e8s de Port-Elizabeth est un incontournable !<\/p>\n\n\n\n<p>Plus de 600 \u00e9l\u00e9phants vivent dans cet espace d\u00e9di\u00e9 \u00e0 la protection de l\u2019esp\u00e8ce. Ils cohabitent avec d\u2019autres animaux, dont le Big Five (seules les girafes sont absentes). Autre sp\u00e9cificit\u00e9 du parc : vous pourrez aussi observer les baleines et les grands requins blancs depuis sa r\u00e9serve maritime. Il est en effet l\u2019un des rares parcs animaliers au monde \u00e0 abriter le Big Seven !&nbsp;<\/p>\n\n\n\n<p class=\"callout-green\">Facile d\u2019acc\u00e8s, climat agr\u00e9able, absence de paludisme, faune riche, \u2026 le Parc National d\u2019Addo Elephants a tout pour plaire.&nbsp;<\/p>\n\n\n\n<p>N&rsquo;h\u00e9sitez pas \u00e0 consulter notre guide sur un <a class=\"rank-math-link\" href=\"https:\/\/mistersafari.com\/fr\/safari-afrique-du-sud\/\">safari en Afrique du Sud<\/a> pour pr\u00e9parer votre voyage.&nbsp;<\/p>\n\n\n\n<h2 class=\"wp-block-heading\"><strong>Les autres lieux g\u00e9ographiques d\u2019int\u00e9r\u00eats \u00e0 visiter en Afrique du Sud<\/strong><\/h2>\n\n\n\n<p>Au-del\u00e0 des villes et <a href=\"https:\/\/mistersafari.com\/fr\/safari-afrique-du-sud\/parcs-reserves\/\" class=\"rank-math-link\">des parcs et r\u00e9serves d&rsquo;Afrique du Sud<\/a>, vous cherchez d&rsquo;autres choses \u00e0 faire et \u00e0 voir pour rendre ce voyage exceptionnel ? Le pays regorge d\u2019autres merveilles qui valent le d\u00e9tour.&nbsp;<\/p>\n\n\n\n<h3 class=\"wp-block-heading\">La Route des Jardins<\/h3>\n\n\n\n<p>Nous l\u2019avons d\u00e9j\u00e0 \u00e9voqu\u00e9e, la Route des Jardins fait partie des beaut\u00e9s de l\u2019Afrique du Sud. Cette route pittoresque de plusieurs centaines de kilom\u00e8tres longe la c\u00f4te Sud du pays et parcourt les montagnes, le littoral, les vignes et les plaines entre Cape Town et Port-Elizabeth.&nbsp;<\/p>\n\n\n\n<p>Vous pourrez choisir entre deux axes : l\u2019un c\u00f4tier, l\u2019autre plus dans les terres. Outre Hermanus et Knysna que nous avons d\u00e9j\u00e0 cit\u00e9es, plusieurs \u00e9tapes ponctuent merveilleusement ce circuit&nbsp; :<\/p>\n\n\n\n<ul class=\"wp-block-list\"><li>Oudtshoorn pour rencontrer les autruches, Birds of Eden pour les oiseaux et Monkeyland pour les singes ;<\/li><li>les grottes de Cango ;<\/li><li>les villes baln\u00e9aires de Mossel Bay et Plettenberg Bay ;<\/li><li>la r\u00e9serve de Robberg Nature ;<\/li><li>le Mont Tsitsikamma culminant \u00e0 1 715 m\u00e8tres ;<\/li><li>les sources chaudes de Montagu.&nbsp;<\/li><\/ul>\n\n\n\n<p>Les panoramas qu\u2019offre ce circuit sont parmi les plus beaux \u00e0 voir en d\u2019Afrique du Sud et ce serait dommage de ne pas les inclure dans votre p\u00e9riple !&nbsp;<\/p>\n\n\n\n<h3 class=\"wp-block-heading\">Blyde River Canyon<\/h3>\n\n\n\n<p>Autre beaut\u00e9 de l\u2019Afrique du Sud, la r\u00e9gion de Blyde River Canyon offre des vues \u00e9poustouflantes. Situ\u00e9 non loin du <a class=\"rank-math-link\" href=\"https:\/\/mistersafari.com\/fr\/safari-afrique-du-sud\/parcs-reserves\/parc-kruger\/\">Parc Kruger<\/a>, ce canyon est le troisi\u00e8me plus grand au monde. De nombreux sentiers de randonn\u00e9es permettent de d\u00e9couvrir les paysages naturels compos\u00e9s de falaises, cascades et for\u00eats. Ou vous pourrez arpenter la \u201cpanorama route\u201d en voiture.&nbsp;<\/p>\n\n\n\n<p>Lors de votre visite, il faudra vous rendre aux Three Rondavels pour le plus beau point de vue, aux cascades Lisbon Falls et Berlin Falls, \u00e0 l\u2019ancienne ville mini\u00e8re de Pilgrim\u2019s Rest, et aux \u201cmarmites de g\u00e9ants\u201d de Bourke\u2019s Luck Potholes.&nbsp;<\/p>\n\n\n\n<h3 class=\"wp-block-heading\">La r\u00e9gion du Cap<\/h3>\n\n\n\n<p>La ville de Cape Town est entour\u00e9e de lieux \u00e0 voir en Afrique du Sud. Alors que faire au Cap en Afrique du Sud ?<\/p>\n\n\n\n<p>On commence avec le Cap de Bonne Esp\u00e9rance, inscrit au Patrimoine Mondial de l\u2019UNESCO. Contrairement \u00e0 ce que l\u2019on pourrait penser, la p\u00e9ninsule du Cap n\u2019est pas le point le plus m\u00e9ridional de l\u2019Afrique mais sa situation g\u00e9ographique n\u2019en fait pas moins un endroit magnifique. A la rencontre de l\u2019Oc\u00e9an Indien et de l\u2019Oc\u00e9an Atlantique, la route qui parcourt la p\u00e9ninsule offre de magnifiques paysages. Vous rencontrerez des autruches et des pingouins (notamment sur la plage de Boulders Beach).<\/p>\n\n\n\n<p>Au large de Cape Town, se trouve Robben Island. C\u2019est sur cette \u00eele-prison que fut emprisonn\u00e9 Nelson Mandela. Un mus\u00e9e peut aujourd\u2019hui \u00eatre visit\u00e9.&nbsp;<\/p>\n\n\n\n<p>Surplombant la ville du Cap, la Table Mountain est un embl\u00e8me de la r\u00e9gion. Du haut de ses 1085 m\u00e8tres, elle a \u00e9t\u00e9 nomm\u00e9e parmi les Sept Nouvelles Merveilles de la Nature. Vous pourrez choisir entre les sentiers de randonn\u00e9e ou le t\u00e9l\u00e9ph\u00e9rique pour rejoindre son sommet. La vue est imprenable et en s&rsquo;\u00e9loignant un peu, vous vous retrouverez au milieu de la nature.&nbsp;<\/p>\n\n\n\n<p>Enfin, dernier incontournable de la r\u00e9gion du Cap, le jardin botanique de Kirstenbosch est le lieu id\u00e9al pour une balade bucolique \u00e0 observer les 7000 vari\u00e9t\u00e9s de plantes du parc.&nbsp;<\/p>\n\n\n\n<h3 class=\"wp-block-heading\">Les montagnes Drakensberg<\/h3>\n\n\n\n<p>Situ\u00e9 au Sud du Lesotho, <a href=\"https:\/\/mistersafari.com\/fr\/safari-afrique-du-sud\/parcs-reserves\/drakensberg\/\" class=\"rank-math-link\">Drakensberg<\/a> est une cha\u00eene de montagnes class\u00e9e au Patrimoine Mondial de l\u2019UNESCO. Propice \u00e0 la randonn\u00e9e, son sommet culmine \u00e0 environ 3500 m\u00e8tres d\u2019altitude. Les couleurs du paysage changent au rythme des saisons et de nombreux mammif\u00e8res et oiseaux y ont \u00e9lu domicile. Outre la randonn\u00e9e, vous pourrez observer les peintures rupestres du peuple San ou vous baigner dans l\u2019une des piscines naturelles du parc.&nbsp;<\/p>\n\n\n\n<h3 class=\"wp-block-heading\">La route des vins&nbsp;<\/h3>\n\n\n\n<p>Un voyage en Afrique du Sud sera aussi l\u2019occasion de visiter les r\u00e9gions viticoles et de d\u00e9guster des vins locaux. Depuis Helderberg, Stellenbosch ou Franschhoek dans la r\u00e9gion de Cap-Ouest, des propri\u00e9t\u00e9s viticoles et champs de vignes s\u2019\u00e9tendent sur plusieurs hectares. Les paysages de montagne sont sublimes et ponctu\u00e9s par des b\u00e2timents historiques, les Cape Dutch.&nbsp;<\/p>\n\n\n\n<h3 class=\"wp-block-heading\">Santa-Lucia<\/h3>\n\n\n\n<p>Sur la c\u00f4te pr\u00e8s de Durban, la r\u00e9gion de Sainte-Lucie fait partie du Parc d\u2019iSimangaliso, class\u00e9 au Patrimoine Mondial de l\u2019UNESCO. Santa-Lucia est une petite ville baln\u00e9aire pleine de charme. L\u2019\u00e9cosyst\u00e8me est riche et abrite aussi bien des marais, que des plages, des mangroves, de la savane ou des for\u00eats. Les excursions en bateau sur l\u2019estuaire pour observer les animaux sont un incontournable : hippopotames, crocodiles, baleines, mais aussi tortues, \u00e9l\u00e9phants, l\u00e9opards ou rhinoc\u00e9ros sur terre.&nbsp;<\/p>\n\n\n\n<p>Les amateurs de baignade, de plong\u00e9e et de snorkeling se rendront \u00e0 Sodwana Bay ou \u00e0 Cap Vidal, qui font partie des <a class=\"rank-math-link\" href=\"https:\/\/mistersafari.com\/fr\/safari-afrique-du-sud\/plages\/\">plus belles plages d\u2019Afrique du Sud<\/a>.&nbsp;<\/p>\n\n\n\n<h3 class=\"wp-block-heading\">Cederberg<\/h3>\n\n\n\n<p>Au Nord de Cape Town, la r\u00e9gion du Cederberg est compos\u00e9e d\u2019une cha\u00eene montagneuse culminant \u00e0 plus de 2000 m\u00e8tres d\u2019altitude. Une route la traverse et offre des paysages \u00e0 couper le souffle. De nombreuses activit\u00e9s sont propos\u00e9es pour profiter de ce lieu naturel (randonn\u00e9e \u00e0 pied, VTT, kayak, visites culturelles et historiques).&nbsp;<\/p>\n\n\n\n<h2 class=\"wp-block-heading\"><strong>Les autres activit\u00e9s \u00e0 faire en Afrique du Sud<\/strong><\/h2>\n\n\n\n<p>M\u00eame si le safari est l\u2019activit\u00e9 reine en Afrique du Sud, la nation arc-en-ciel a encore plus \u00e0 offrir. Que vous soyez sportifs ou passionn\u00e9s d\u2019histoire ou de cultures, que vous voyagiez seul, entre amis ou en famille, il y a toujours de quoi faire en Afrique du Sud.&nbsp;<\/p>\n\n\n\n<h3 class=\"wp-block-heading\">La randonn\u00e9e<\/h3>\n\n\n\n<p>L\u2019Afrique du Sud est le terrain id\u00e9al pour les amateurs de randonn\u00e9es. Les nombreux sentiers, plus ou moins \u00e9prouvants, qui traversent le pays offrent des paysages et des vues imprenables. For\u00eats, montagnes, plaines, c\u00f4tes maritimes, il y en a pour tous les go\u00fbts et tous les niveaux.<\/p>\n\n\n\n<h3 class=\"wp-block-heading\">Les activit\u00e9s maritimes et nautiques&nbsp;<\/h3>\n\n\n\n<p>Avec plus de 3 000 km de c\u00f4tes maritimes, les activit\u00e9s nautiques sont \u00e0 l\u2019honneur en Afrique du Sud : surf, kitesurf, plong\u00e9e, snorkeling, canoeing, p\u00eache, excursion ou location de bateau,&#8230; Vous pourrez m\u00eame vous adonner \u00e0 une plong\u00e9e en cage avec les requins dans le couloir marin de Shark Alley.&nbsp;&nbsp;<\/p>\n\n\n\n<h3 class=\"wp-block-heading\">Les autres activit\u00e9s sportives&nbsp;<\/h3>\n\n\n\n<p>Pour les plus sportifs, on retrouve de nombreux spots de parapente gr\u00e2ce aux monts et montagnes sud-africains. Les amateurs de sensations fortes pourront aussi r\u00e9aliser le plus haut \u00e0 l\u2019\u00e9lastique du monde pr\u00e8s de Nature\u2019s Valley sur la c\u00f4te Sud. VTT, golf, escalade, \u00e9quitation sont aussi possibles dans diff\u00e9rents endroits du pays.&nbsp;<\/p>\n\n\n\n<h3 class=\"wp-block-heading\">Les d\u00e9couvertes culinaires<\/h3>\n\n\n\n<p>Riche de sa mixit\u00e9, la cuisine sud-africaine est m\u00e9tiss\u00e9e et color\u00e9e. Vous aurez l\u2019occasion de vous r\u00e9galer avec de nombreux plats traditionnels, de partager un braai (barbecue), de d\u00e9guster des hu\u00eetres et de d\u00e9couvrir les vins locaux.&nbsp;<\/p>\n\n\n\n<h3 class=\"wp-block-heading\">Les visites culturelles<\/h3>\n\n\n\n<p>Plusieurs mus\u00e9es retracent l\u2019histoire du pays, et notamment la p\u00e9riode marquante li\u00e9e \u00e0 l\u2019Apartheid. Les march\u00e9s traditionnels proposent de nombreux produits artisanaux et vous invitent \u00e0 rencontrer les populations locales.<\/p>\n","protected":false},"excerpt":{"rendered":"<p>Richesse culturelle, faune abondante, flore luxuriante, paysages surprenants, l\u2019Afrique du Sud, avec son surnom de nation arc-en-ciel, a mille et une choses \u00e0 offrir. Vous \u00eates en train de pr\u00e9parer votre voyage et vous vous demandez que faire en Afrique du Sud ? Nous partageons avec vous les meilleurs lieux \u00e0 visiter, activit\u00e9s \u00e0 faire &#8230; <a title=\"Que faire en Afrique du Sud ?\" class=\"read-more\" href=\"https:\/\/mistersafari.com\/fr\/safari-afrique-du-sud\/que-faire\/\" aria-label=\"En savoir plus sur Que faire en Afrique du Sud ?\">Lire la suite<\/a><\/p>\n","protected":false},"author":3,"featured_media":673,"parent":1093,"menu_order":13,"comment_status":"closed","ping_status":"closed","template":"","meta":{"_acf_changed":false,"footnotes":""},"content_type":[],"country":[],"class_list":{"0":"post-1224","1":"page","2":"type-page","3":"status-publish","4":"has-post-thumbnail","6":"no-featured-image-padding"},"acf":{"hreflang":null},"_links":{"self":[{"href":"https:\/\/mistersafari.com\/fr\/wp-json\/wp\/v2\/pages\/1224","targetHints":{"allow":["GET"]}}],"collection":[{"href":"https:\/\/mistersafari.com\/fr\/wp-json\/wp\/v2\/pages"}],"about":[{"href":"https:\/\/mistersafari.com\/fr\/wp-json\/wp\/v2\/types\/page"}],"author":[{"embeddable":true,"href":"https:\/\/mistersafari.com\/fr\/wp-json\/wp\/v2\/users\/3"}],"replies":[{"embeddable":true,"href":"https:\/\/mistersafari.com\/fr\/wp-json\/wp\/v2\/comments?post=1224"}],"version-history":[{"count":5,"href":"https:\/\/mistersafari.com\/fr\/wp-json\/wp\/v2\/pages\/1224\/revisions"}],"predecessor-version":[{"id":3377,"href":"https:\/\/mistersafari.com\/fr\/wp-json\/wp\/v2\/pages\/1224\/revisions\/3377"}],"up":[{"embeddable":true,"href":"https:\/\/mistersafari.com\/fr\/wp-json\/wp\/v2\/pages\/1093"}],"wp:featuredmedia":[{"embeddable":true,"href":"https:\/\/mistersafari.com\/fr\/wp-json\/wp\/v2\/media\/673"}],"wp:attachment":[{"href":"https:\/\/mistersafari.com\/fr\/wp-json\/wp\/v2\/media?parent=1224"}],"wp:term":[{"taxonomy":"content_type","embeddable":true,"href":"https:\/\/mistersafari.com\/fr\/wp-json\/wp\/v2\/content_type?post=1224"},{"taxonomy":"country","embeddable":true,"href":"https:\/\/mistersafari.com\/fr\/wp-json\/wp\/v2\/country?post=1224"}],"curies":[{"name":"wp","href":"https:\/\/api.w.org\/{rel}","templated":true}]}}