{"id":1213,"date":"2020-11-27T18:40:14","date_gmt":"2020-11-27T18:40:14","guid":{"rendered":"https:\/\/mistersafari.com\/fr\/?page_id=1213"},"modified":"2021-06-02T13:30:36","modified_gmt":"2021-06-02T13:30:36","slug":"circuit","status":"publish","type":"page","link":"https:\/\/mistersafari.com\/fr\/safari-afrique-du-sud\/circuit\/","title":{"rendered":"Circuit en Afrique du Sud"},"content":{"rendered":"\n<p>L\u2019Afrique du Sud est un pays extr\u00eamement vaste, avec des attraits r\u00e9partis aux quatre coins du territoire. Comment organiser le meilleur circuit en Afrique du Sud pour profiter de toutes les richesses du pays ? Retrouvez dans ce guide tous nos conseils pour d\u00e9finir votre voyage, avec des id\u00e9es de circuits en Afrique du Sud pour ceux en manque d&rsquo;inspiration !<\/p>\n\n\n<div id=\"ez-toc-container\" class=\"ez-toc-v2_0_76 counter-flat ez-toc-counter ez-toc-custom ez-toc-container-direction\">\n<div class=\"ez-toc-title-container\"><p class=\"ez-toc-title\" style=\"cursor:inherit\">Sommaire<\/p>\n<\/div><nav><ul class='ez-toc-list ez-toc-list-level-1 ' ><li class='ez-toc-page-1'><a class=\"ez-toc-link ez-toc-heading-1\" href=\"https:\/\/mistersafari.com\/fr\/safari-afrique-du-sud\/circuit\/#les-meilleurs-circuits-en-afrique-du-sud\" >Les meilleurs circuits en Afrique du Sud<\/a><\/li><li class='ez-toc-page-1'><a class=\"ez-toc-link ez-toc-heading-2\" href=\"https:\/\/mistersafari.com\/fr\/safari-afrique-du-sud\/circuit\/#comment-organiser-son-circuit-en-afrique-du-sud\" >Comment organiser son circuit en Afrique du Sud ?<\/a><\/li><li class='ez-toc-page-1'><a class=\"ez-toc-link ez-toc-heading-3\" href=\"https:\/\/mistersafari.com\/fr\/safari-afrique-du-sud\/circuit\/#circuit-en-afrique-du-sud-et-dans-dautres-pays\" >Circuit en Afrique du Sud et dans d\u2019autres pays<\/a><\/li><\/ul><\/nav><\/div>\n\n\n\n\n<h2 class=\"wp-block-heading\"><span class=\"ez-toc-section\" id=\"les-meilleurs-circuits-en-afrique-du-sud\"><\/span><strong>Les meilleurs circuits en Afrique du Sud<\/strong><span class=\"ez-toc-section-end\"><\/span><\/h2>\n\n\n\n<p>L\u2019organisation d\u2019un tel voyage n\u2019est pas toujours une mince affaire et de nombreux param\u00e8tres doivent \u00eatre pris en consid\u00e9ration. Nous vous proposons ici quelques id\u00e9es de circuits en Afrique du Sud en fonction de crit\u00e8res qui nous semblent importants. Bien s\u00fbr, il existe bien d\u2019autres possibilit\u00e9s donc n\u2019h\u00e9sitez pas \u00e0 composer votre propre circuit en vous aidant de toutes nos astuces pour organiser un <a class=\"rank-math-link\" href=\"https:\/\/mistersafari.com\/fr\/safari-afrique-du-sud\/\">safari en Afrique du Sud<\/a>.&nbsp;<\/p>\n\n\n\n<h3 class=\"wp-block-heading\"><strong>Le crit\u00e8re principal d\u2019un circuit en Afrique du Sud : le budget<\/strong><\/h3>\n\n\n\n<p>Bien souvent le premier \u00e9l\u00e9ment \u00e0 prendre en compte, chacun de vos choix peuvent l\u2019impacter \u00e0 la hausse ou \u00e0 la baisse : c\u2019est le budget. Notre article sur le <a class=\"rank-math-link\" href=\"https:\/\/mistersafari.com\/fr\/safari-afrique-du-sud\/prix\/\">prix d\u2019un safari en Afrique du Sud<\/a> devrait vous aider \u00e0 estimer le co\u00fbt de votre voyage.&nbsp;<\/p>\n\n\n\n<p>L\u2019Afrique Sud, et les safaris en g\u00e9n\u00e9ral, ont pour r\u00e9putation d\u2019\u00eatre des voyages on\u00e9reux, de luxe. Ils repr\u00e9sentent certes un certain budget, mais il est tout aussi possible de faire un safari en Afrique du Sud pas cher. Pour illustrer nos propos, voici deux exemples de circuits aux budgets diam\u00e9tralement oppos\u00e9s !<\/p>\n\n\n\n<p class=\"callout-green\">L\u2019avantage de l\u2019Afrique du Sud est que de nombreux parcs autorisent les safaris en self-drive.&nbsp;<\/p>\n\n\n\n<p>Vous n\u2019aurez donc que la <a href=\"https:\/\/mistersafari.com\/fr\/safari-afrique-du-sud\/location-voiture\/\" class=\"rank-math-link\">location d\u2019une voiture<\/a> \u00e0 payer, sans devoir recourir aux services d\u2019un chauffeur ou d\u2019un ranger. Pour respecter un petit budget, vous devrez aussi vous concentrer sur les visites de parcs, plut\u00f4t que des r\u00e9serves qui sont plus on\u00e9reuses.&nbsp;<\/p>\n\n\n\n<p><strong>Pour un circuit en Afrique du Sud pas cher <\/strong>: safari en self-drive de 10 jours (vols et transferts inclus) dans l\u2019Est et le Sud de l\u2019Afrique du Sud, log\u00e9 en campings.<\/p>\n\n\n\n<ul class=\"wp-block-list\"><li>Jour 1 : Arriv\u00e9e \u00e0 Johannesburg et transfert vers le Parc Kruger<\/li><li>Jour 2 \u00e0 4 : Safari dans le <a class=\"rank-math-link\" href=\"https:\/\/mistersafari.com\/fr\/safari-afrique-du-sud\/parcs-reserves\/parc-kruger\/\">Parc National Kruger<\/a><\/li><li>Jour 5 et 6 : Safari dans le <a href=\"https:\/\/mistersafari.com\/fr\/safari-afrique-du-sud\/parcs-reserves\/pilanesberg\/\">Parc Pilanesberg<\/a><\/li><li>Jour 7 : Transfert vers Sainte-Lucia<\/li><li>Jour 8 et 9 : Safari dans le Parc National d\u2019iSimangaliso<\/li><li>Jour 10 : Retour \u00e0 Johannesburg et d\u00e9part<\/li><\/ul>\n\n\n\n<p class=\"callout-blue\"><em><em>Pour un s\u00e9jour luxueux, les voyageurs au budget plus \u00e9lev\u00e9 pourront profiter du calme des r\u00e9serves priv\u00e9es, des logements dans des lodges luxueux et des transferts en avion.&nbsp;<\/em><\/em><\/p>\n\n\n\n<p><strong>Pour un circuit en Afrique du Sud de luxe<\/strong> : safari de 15 jours (vols et transferts compris) avec la visite de plusieurs parcs et r\u00e9serves, log\u00e9 en lodges de luxe.<\/p>\n\n\n\n<ul class=\"wp-block-list\"><li>Jour 1 : Arriv\u00e9e \u00e0 Johannesburg et transfert vers le Parc Kruger<\/li><li>Jour 2 \u00e0 4 : Safari dans le <a href=\"https:\/\/mistersafari.com\/fr\/safari-afrique-du-sud\/parcs-reserves\/parc-kruger\/\">Parc National Kruger<\/a><\/li><li>Jour 5 et 6 : Safari dans la <a href=\"https:\/\/mistersafari.com\/fr\/safari-afrique-du-sud\/parcs-reserves\/reserve-madikwe\/\">R\u00e9serve de Madikwe<\/a><\/li><li>Jour 7 et 8 : Safari dans le Parc National de Marakele<\/li><li>Jour 9 : Transfert vers Port-Elizabeth<\/li><li>Jour 10 et 11 : Safari dans la R\u00e9serve de Shamwari<\/li><li>Jour 12 et 13 : Safari dans le <a href=\"https:\/\/mistersafari.com\/fr\/safari-afrique-du-sud\/parcs-reserves\/addo-elephant-park\/\">Parc National des \u00c9l\u00e9phants d\u2019Addo<\/a><\/li><li>Jour 14 : Transfert vers Cape Town<\/li><li>Jour 15 : Visite de Cape Town et d\u00e9part<\/li><\/ul>\n\n\n\n<p>Ce circuit s\u2019adresse aux aguerris de safaris, qui se sentent pr\u00eats \u00e0 vivre l\u2019intensit\u00e9 des visites pendant 2 semaines. Pour un circuit touristique en Afrique du Sud plus accessible, vous pouvez bien s\u00fbr remplacer la visite d\u2019un parc ou d\u2019une r\u00e9serve par quelques jours de d\u00e9tente sur la c\u00f4te ou la visite d\u2019une ville.&nbsp;<\/p>\n\n\n\n<h3 class=\"wp-block-heading\"><strong>En famille, entre amis, seul ou en groupe : le second crit\u00e8re pour organiser son circuit safari en Afrique du Sud<\/strong><\/h3>\n\n\n\n<p>Vous et vos compagnons de voyage, et notamment vos envies et vos capacit\u00e9s, sont aussi des \u00e9l\u00e9ments \u00e0 consid\u00e9rer lors de la pr\u00e9paration de votre circuit. Voyagez-vous seul ? Entre amis ? Avec des enfants ? D\u2019ailleurs, certains pr\u00e9f\u00e8rent aussi opter pour des circuits en petit groupe accompagn\u00e9s en Afrique du Sud, avec les avantages et les inconv\u00e9nients que cela repr\u00e9sente !&nbsp;<\/p>\n\n\n\n<p><strong>Pour un circuit en Afrique du Sud avec des enfants<\/strong> : s\u00e9jour de 15 jours (vols et transferts compris) combinant safaris et d\u00e9tente.<\/p>\n\n\n\n<ul class=\"wp-block-list\"><li>Jour 1 : Arriv\u00e9e \u00e0 Johannesburg et transfert vers le Parc Kruger<\/li><li>Jour 2 \u00e0 5 : Safari dans le <a href=\"https:\/\/mistersafari.com\/fr\/safari-afrique-du-sud\/parcs-reserves\/parc-kruger\/\">Parc National Kruger<\/a><\/li><li>Jour 6 : Transfert vers Sainte-Lucia<\/li><li>Jour 7 : Repos et visite de la ville et des plages de Cape Vidal ou Sodwana Bay<\/li><li>Jour 8 : Safari dans le Parc National d\u2019iSimangaliso<\/li><li>Jour 9 : Transfert (en avion) vers Port-Elizabeth<\/li><li>Jour 10 et 11 : Safari dans le <a href=\"https:\/\/mistersafari.com\/fr\/safari-afrique-du-sud\/parcs-reserves\/addo-elephant-park\/\">Parc National des \u00c9l\u00e9phants d\u2019Addo<\/a><\/li><li>Jour 12 : Transfert vers Cape Town<\/li><li>Jour 13 \u00e0 15 : Visite de Cape Town, le Cap, Table Mountain, \u2026<\/li><li>Jour 15 : D\u00e9part depuis Cape Town<\/li><\/ul>\n\n\n\n<p>Cet exemple de circuit combine des journ\u00e9es de safaris et des journ\u00e9es pass\u00e9es \u00e0 d\u2019autres activit\u00e9s. Les safaris peuvent \u00eatre des voyages \u00e9prouvants pour les enfants. Vous pouvez bien s\u00fbr adapter le nombre de parcs et r\u00e9serves ou de jours de visite en fonction de l\u2019\u00e2ge de vos enfants.&nbsp;<\/p>\n\n\n\n<p><strong>Pour un circuit en Afrique du Sud longue dur\u00e9e entre amis<\/strong> : s\u00e9jour de 31 jours (vols et transferts compris) combinant safaris et visites du pays.<\/p>\n\n\n\n<ul class=\"wp-block-list\"><li>Jour 1 : Arriv\u00e9e \u00e0 Cape Town<\/li><li>Jour 2 \u00e0 4 : Visite de Cape Town, la p\u00e9ninsule, Table Mountain, Robben Island, \u2026<\/li><li>Jour 5 \u00e0 7 : Road trip sur La Route des Jardins<\/li><li>Jour 8 \u00e0 10 : Safari dans le <a href=\"https:\/\/mistersafari.com\/fr\/safari-afrique-du-sud\/parcs-reserves\/addo-elephant-park\/\">Parc National des \u00c9l\u00e9phants d\u2019Addo<\/a><\/li><li>Jour 11 et 12 : Safari dans la R\u00e9serve de Shamwari<\/li><li>Jour 13 : Transfert vers le Parc transfrontalier de Kgalagadi<\/li><li>Jour 14 \u00e0 16 : Safari dans le&nbsp; <a href=\"https:\/\/mistersafari.com\/fr\/safari-afrique-du-sud\/parcs-reserves\/parc-transfrontalier-kgalagadi\/\">Parc transfrontalier de Kgalagadi<\/a><\/li><li>Jour 17 : Transfert vers Durban<\/li><li>Jour 18 \u00e0 20 : S\u00e9jour dans la r\u00e9gion de Sainta-Lucia (Parc d\u2019iSimangaliso, plages, \u2026)<\/li><li>Jour 21 : Transfert vers le Parc Kruger<\/li><li>Jour 22 \u00e0 25 : Safari dans le <a href=\"https:\/\/mistersafari.com\/fr\/safari-afrique-du-sud\/parcs-reserves\/parc-kruger\/\">Parc National Kruger<\/a><\/li><li>Jour 26 et 27 : Safari dans la <a href=\"https:\/\/mistersafari.com\/fr\/safari-afrique-du-sud\/parcs-reserves\/reserve-madikwe\/\">R\u00e9serve de Madikwe<\/a><\/li><li>Jour 28 et 29 : Excursions au Blyde River Canyon<\/li><li>Jour 30 et 31 : Transfert vers Johannesburg, visite de la ville et d\u00e9part<\/li><\/ul>\n\n\n\n<p>Pour personnaliser votre voyage, jetez un \u0153il \u00e0 notre article sur les <a href=\"http:\/\/lien\">meilleures choses \u00e0 faire en Afrique du Sud<\/a>.&nbsp;<\/p>\n\n\n\n<h2 class=\"wp-block-heading\"><span class=\"ez-toc-section\" id=\"comment-organiser-son-circuit-en-afrique-du-sud\"><\/span><strong>Comment organiser son circuit en Afrique du Sud ?<\/strong><span class=\"ez-toc-section-end\"><\/span><\/h2>\n\n\n\n<p>Lors de l\u2019\u00e9laboration de votre circuit, vous allez \u00eatre amen\u00e9 \u00e0 r\u00e9fl\u00e9chir aux diff\u00e9rents \u00e9l\u00e9ments qui composent votre voyage et \u00e0 devoir faire des choix. Nous les avons list\u00e9s ci-dessous.&nbsp;<\/p>\n\n\n\n<h3 class=\"wp-block-heading\"><strong>Le nombre de jours sur place<\/strong><\/h3>\n\n\n\n<p>La dur\u00e9e de votre s\u00e9jour repose sur un juste \u00e9quilibre entre vos contraintes personnelles (p\u00e9riode, jours de cong\u00e9s, budget,&#8230;), les disponibilit\u00e9s (vol, h\u00e9bergement, \u2026) et le nombre de parcs et d\u2019activit\u00e9s que vous souhaitez faire.&nbsp;<\/p>\n\n\n\n<p>Avec seulement une heure de diff\u00e9rence avec la France, vous ne serez pas impact\u00e9 par le d\u00e9calage horaire. C\u2019est un bon point ! Malgr\u00e9 tout, le voyage pour <a class=\"rank-math-link\" href=\"https:\/\/mistersafari.com\/fr\/safari-afrique-du-sud\/comment-aller\/\">se rendre en Afrique du Sud<\/a> est long et il faudra id\u00e9alement y rester au moins 8 \u00e0 10 nuits pour rentabiliser le co\u00fbt du billet d\u2019avion.<\/p>\n\n\n\n<p>Ensuite, le nombre de jours va d\u00e9pendre de ce que vous souhaitez faire en Afrique du Sud. (Notre <a href=\"http:\/\/lien\">article d\u00e9di\u00e9<\/a> vous donnera d\u2019ailleurs de nombreuses id\u00e9es !). Les circuits safaris sont assez \u00e9prouvants. Les Game drives ont lieu au petit matin ou en fin de soir\u00e9e, \u00e0 bord de v\u00e9hicules pas toujours confortables et sur des routes parfois chaotiques. Pensez donc \u00e0 int\u00e9grer des jours de repos ou un combin\u00e9 entre safaris, plages et autres activit\u00e9s pour varier les plaisirs !&nbsp;<\/p>\n\n\n\n<h3 class=\"wp-block-heading\"><strong>Les activit\u00e9s<\/strong><\/h3>\n\n\n\n<p>Comme nous venons de l\u2019\u00e9voquer, l\u2019Afrique du Sud est une destination pris\u00e9e pour les safaris mais il est ais\u00e9 de compl\u00e9ter votre s\u00e9jour avec les <a href=\"https:\/\/mistersafari.com\/fr\/safari-afrique-du-sud\/que-faire\/\" class=\"rank-math-link\">nombreuses activit\u00e9s disponibles<\/a> dans le pays.&nbsp;<\/p>\n\n\n\n<p>Certaines r\u00e9gions offrent des paysages et des panoramas \u00e9poustouflants et il serait dommage de ne pas s\u2019y arr\u00eater lors d\u2019un voyage en Afrique du Sud. Chacun pourra profiter d\u2019activit\u00e9s vari\u00e9es. On pense notamment \u00e0 :<\/p>\n\n\n\n<ul class=\"wp-block-list\"><li>un road-trip sur la Route des Jardins, entre Cape Town et Port-Elizabeth ;<\/li><li>une visite de la ville de Cape Town, la r\u00e9gion et sa p\u00e9ninsule ;&nbsp;<\/li><li>une randonn\u00e9e dans le Blyde River Canyon ou <a href=\"https:\/\/mistersafari.com\/fr\/safari-afrique-du-sud\/parcs-reserves\/drakensberg\/\" class=\"rank-math-link\">les montagnes Drakensberg<\/a> ;<\/li><li>un s\u00e9jour sur la c\u00f4te et les <a href=\"https:\/\/mistersafari.com\/fr\/safari-afrique-du-sud\/plages\/\" class=\"rank-math-link\">plus belles plages d&rsquo;Afrique du Sud<\/a> comme Sodwana Bay, Plettenberg Bay ou Grotto Beach ;<\/li><li>la visite de vignobles ;<\/li><li>\u2026<\/li><\/ul>\n\n\n\n<p>Pour un voyage r\u00e9ussi, il est conseill\u00e9 de r\u00e9server quelques jours \u00e0 une ou plusieurs de ces visites et activit\u00e9s en fonction de vos pr\u00e9f\u00e9rences.&nbsp;<\/p>\n\n\n\n<h3 class=\"wp-block-heading\"><strong>Quand partir<\/strong> ?<\/h3>\n\n\n\n<p>Il varie un peu selon les r\u00e9gions et les saisons, mais le climat de l\u2019Afrique du Sud est globalement agr\u00e9able toute l\u2019ann\u00e9e. Les voyageurs privil\u00e9gient souvent les mi-saisons, c&rsquo;est-\u00e0-dire Mai et Juin et Octobre et Novembre, qui sont plus calmes et la m\u00e9t\u00e9o cl\u00e9mente.&nbsp;<\/p>\n\n\n\n<p class=\"calout-blue\">Retenez surtout que l\u2019Afrique du Sud est situ\u00e9e dans l\u2019h\u00e9misph\u00e8re Sud et les saisons sont invers\u00e9es par rapport aux n\u00f4tres !&nbsp;<\/p>\n\n\n\n<p>Avant-tout, ce sont surtout les r\u00e9gions que vous souhaitez visiter et les activit\u00e9s que vous allez faire qui dicteront la meilleure p\u00e9riode pour votre voyage. Notre <a href=\"https:\/\/mistersafari.com\/fr\/safari-afrique-du-sud\/quand-partir\/\">article d\u00e9di\u00e9<\/a> vous donnera toutes les informations utiles \u00e0 ce sujet.&nbsp;<\/p>\n\n\n\n<h3 class=\"wp-block-heading\"><strong>Le budget<\/strong><\/h3>\n\n\n\n<p>Le budget allou\u00e9 \u00e0 votre voyage fait ind\u00e9niablement partie des principaux crit\u00e8res pour l\u2019\u00e9laboration de votre circuit. Chacun des crit\u00e8res que nous listons ici impactera votre budget :<\/p>\n\n\n\n<ul class=\"wp-block-list\"><li>la p\u00e9riode et la dur\u00e9e ;<\/li><li>le nombre de parcs et r\u00e9serves visit\u00e9s et leur localisation ;<\/li><li>les moyens de transport utilis\u00e9s ;<\/li><li>les h\u00e9bergements choisis ;<\/li><li>le nombre de voyageurs.&nbsp;<\/li><\/ul>\n\n\n\n<p>Heureusement, cela vous donne aussi la possibilit\u00e9 de jouer sur ces diff\u00e9rents \u00e9l\u00e9ments pour organiser un circuit qui correspond \u00e0 votre budget.&nbsp;<\/p>\n\n\n\n<h3 class=\"wp-block-heading\"><strong>L\u2019organisation sur place<\/strong><\/h3>\n\n\n\n<h4 class=\"wp-block-heading\"><strong>Les logements<\/strong><\/h4>\n\n\n\n<p>Les possibilit\u00e9s d\u2019h\u00e9bergement en Afrique du Sud sont vari\u00e9es : camping, rest-camp, lodge\u2026 La principale information \u00e0 retenir est que les r\u00e9serves priv\u00e9es imposent g\u00e9n\u00e9ralement d\u2019\u00eatre h\u00e9berg\u00e9 dans la r\u00e9serve pendant un minimum de nuits (2 ou 3 g\u00e9n\u00e9ralement). La visite des parcs est plus souple et permet de se loger aussi bien \u00e0 l\u2019int\u00e9rieur qu\u2019\u00e0 l\u2019ext\u00e9rieur du parc.&nbsp;<\/p>\n\n\n\n<h4 class=\"wp-block-heading\"><strong>La nourriture<\/strong><\/h4>\n\n\n\n<p>Les logements du type lodges incluent les repas, vous n\u2019aurez donc pas \u00e0 vous en soucier. Dans les autres cas, vous devrez organiser vos repas vous-m\u00eames. Sup\u00e9rettes et magasins alimentaires sont facilement accessibles, aussi bien dans les villes, que dans les zones touristiques ou les parcs.&nbsp;<\/p>\n\n\n\n<h4 class=\"wp-block-heading\"><strong>Les d\u00e9placements et transferts<\/strong><\/h4>\n\n\n\n<p>L\u2019Afrique du Sud est un vaste pays et la question du moyen de transport est souvent la hantise des voyageurs. Les transferts en avion doivent parfois \u00eatre privil\u00e9gi\u00e9s pour \u00e9viter les longues heures \u201cperdues\u201d sur les routes. Mais d\u2019autres options sont aussi possibles : location de voiture, transport en bus et car.&nbsp;<\/p>\n\n\n\n<p>Encore une fois, tout va d\u00e9pendre des r\u00e9gions que vous souhaitez visiter. Si votre budget est limit\u00e9, il sera plus judicieux de se concentrer sur une r\u00e9gion. Ou peut-\u00eatre vous pourrez vous permettre un ou plusieurs transferts en avion pour rejoindre les r\u00e9gions plus excentr\u00e9es ou loin les unes des autres.&nbsp;<\/p>\n\n\n\n<h2 class=\"wp-block-heading\"><span class=\"ez-toc-section\" id=\"circuit-en-afrique-du-sud-et-dans-dautres-pays\"><\/span><strong>Circuit en Afrique du Sud et dans d\u2019autres pays<\/strong><span class=\"ez-toc-section-end\"><\/span><\/h2>\n\n\n\n<p>Pour profiter au mieux de la richesse du continent, de nombreux voyageurs combinent un safari en Afrique du Sud avec un autre pays. Il est par exemple ais\u00e9 d\u2019organiser un circuit safari Afrique du Sud \/ Mozambique et ses plages. Pour un s\u00e9jour uniquement orient\u00e9 safari, vous pouvez aussi visiter la Namibie ou le Botswana, des pays r\u00e9put\u00e9s pour leurs parcs animaliers. Un peu plus au Nord, les chutes Victoria entre la Zambie et le Zimbabwe valent aussi le d\u00e9tour.&nbsp;<\/p>\n\n\n\n<p>Enfin, gr\u00e2ce \u00e0 ses a\u00e9roports internationaux bien desservis, vous pouvez combiner un safari en Afrique du Sud puis au <a class=\"rank-math-link\" href=\"https:\/\/mistersafari.com\/fr\/safari-kenya\/\">Kenya<\/a> ou en Afrique du Sud puis en <a href=\"https:\/\/mistersafari.com\/fr\/safari-tanzanie\/\">Tanzanie<\/a>, deux autres destinations phares pour les safaris.&nbsp;<\/p>\n","protected":false},"excerpt":{"rendered":"<p>L\u2019Afrique du Sud est un pays extr\u00eamement vaste, avec des attraits r\u00e9partis aux quatre coins du territoire. Comment organiser le meilleur circuit en Afrique du Sud pour profiter de toutes les richesses du pays ? Retrouvez dans ce guide tous nos conseils pour d\u00e9finir votre voyage, avec des id\u00e9es de circuits en Afrique du Sud &#8230; <a title=\"Circuit en Afrique du Sud\" class=\"read-more\" href=\"https:\/\/mistersafari.com\/fr\/safari-afrique-du-sud\/circuit\/\" aria-label=\"En savoir plus sur Circuit en Afrique du Sud\">Lire la suite<\/a><\/p>\n","protected":false},"author":3,"featured_media":614,"parent":1093,"menu_order":12,"comment_status":"closed","ping_status":"closed","template":"","meta":{"_acf_changed":false,"footnotes":""},"content_type":[],"country":[],"class_list":{"0":"post-1213","1":"page","2":"type-page","3":"status-publish","4":"has-post-thumbnail","6":"no-featured-image-padding"},"acf":{"hreflang":null},"_links":{"self":[{"href":"https:\/\/mistersafari.com\/fr\/wp-json\/wp\/v2\/pages\/1213","targetHints":{"allow":["GET"]}}],"collection":[{"href":"https:\/\/mistersafari.com\/fr\/wp-json\/wp\/v2\/pages"}],"about":[{"href":"https:\/\/mistersafari.com\/fr\/wp-json\/wp\/v2\/types\/page"}],"author":[{"embeddable":true,"href":"https:\/\/mistersafari.com\/fr\/wp-json\/wp\/v2\/users\/3"}],"replies":[{"embeddable":true,"href":"https:\/\/mistersafari.com\/fr\/wp-json\/wp\/v2\/comments?post=1213"}],"version-history":[{"count":9,"href":"https:\/\/mistersafari.com\/fr\/wp-json\/wp\/v2\/pages\/1213\/revisions"}],"predecessor-version":[{"id":2924,"href":"https:\/\/mistersafari.com\/fr\/wp-json\/wp\/v2\/pages\/1213\/revisions\/2924"}],"up":[{"embeddable":true,"href":"https:\/\/mistersafari.com\/fr\/wp-json\/wp\/v2\/pages\/1093"}],"wp:featuredmedia":[{"embeddable":true,"href":"https:\/\/mistersafari.com\/fr\/wp-json\/wp\/v2\/media\/614"}],"wp:attachment":[{"href":"https:\/\/mistersafari.com\/fr\/wp-json\/wp\/v2\/media?parent=1213"}],"wp:term":[{"taxonomy":"content_type","embeddable":true,"href":"https:\/\/mistersafari.com\/fr\/wp-json\/wp\/v2\/content_type?post=1213"},{"taxonomy":"country","embeddable":true,"href":"https:\/\/mistersafari.com\/fr\/wp-json\/wp\/v2\/country?post=1213"}],"curies":[{"name":"wp","href":"https:\/\/api.w.org\/{rel}","templated":true}]}}