{"id":1197,"date":"2020-10-19T15:03:18","date_gmt":"2020-10-19T15:03:18","guid":{"rendered":"https:\/\/mistersafari.com\/fr\/?page_id=1197"},"modified":"2021-07-06T10:29:03","modified_gmt":"2021-07-06T10:29:03","slug":"prix","status":"publish","type":"page","link":"https:\/\/mistersafari.com\/fr\/safari-afrique-du-sud\/prix\/","title":{"rendered":"Prix d&rsquo;un safari en Afrique du Sud"},"content":{"rendered":"\n<p>La question du budget d\u2019un safari Afrique du Sud est g\u00e9n\u00e9ralement soulev\u00e9e d\u00e8s le d\u00e9but de l\u2019organisation du voyage. Comment estimer le prix d\u2019un safari en Afrique du Sud ? Quels sont les \u00e9l\u00e9ments \u00e0 prendre en compte ? R\u00e9ponses dans ce guide.<\/p>\n\n\n<div id=\"ez-toc-container\" class=\"ez-toc-v2_0_76 counter-flat ez-toc-counter ez-toc-custom ez-toc-container-direction\">\n<div class=\"ez-toc-title-container\"><p class=\"ez-toc-title\" style=\"cursor:inherit\">Sommaire<\/p>\n<\/div><nav><ul class='ez-toc-list ez-toc-list-level-1 ' ><li class='ez-toc-page-1'><a class=\"ez-toc-link ez-toc-heading-1\" href=\"https:\/\/mistersafari.com\/fr\/safari-afrique-du-sud\/prix\/#les-elements-qui-influencent-le-prix-dun-safari-en-afrique-du-sud\">Les \u00e9l\u00e9ments qui influencent le prix d\u2019un safari en Afrique du Sud<\/a><\/li><li class='ez-toc-page-1'><a class=\"ez-toc-link ez-toc-heading-2\" href=\"https:\/\/mistersafari.com\/fr\/safari-afrique-du-sud\/prix\/#quel-budget-global-prevoir-pour-un-voyage-en-afrique-du-sud\">Quel budget global pr\u00e9voir pour un voyage en Afrique du Sud ?<\/a><\/li><li class='ez-toc-page-1'><a class=\"ez-toc-link ez-toc-heading-3\" href=\"https:\/\/mistersafari.com\/fr\/safari-afrique-du-sud\/prix\/#un-safari-en-afrique-du-sud-pas-cher-cest-possible\">Un Safari en Afrique du Sud pas cher, c\u2019est possible ?<\/a><\/li><li class='ez-toc-page-1'><a class=\"ez-toc-link ez-toc-heading-4\" href=\"https:\/\/mistersafari.com\/fr\/safari-afrique-du-sud\/prix\/#pour-resumer-le-prix-moyen-dun-safari-en-afrique-du-sud\">Pour r\u00e9sumer : le prix moyen d\u2019un safari en Afrique du Sud<\/a><\/li><li class='ez-toc-page-1'><a class=\"ez-toc-link ez-toc-heading-5\" href=\"https:\/\/mistersafari.com\/fr\/safari-afrique-du-sud\/prix\/#faq\">FAQ<\/a><\/li><\/ul><\/nav><\/div>\n\n\n\n\n<h2 class=\"wp-block-heading\"><span class=\"ez-toc-section\" id=\"les-elements-qui-influencent-le-prix-dun-safari-en-afrique-du-sud\"><\/span><strong>Les \u00e9l\u00e9ments qui influencent le prix d\u2019un safari en Afrique du Sud<\/strong><span class=\"ez-toc-section-end\"><\/span><\/h2>\n\n\n\n<h3 class=\"wp-block-heading\"><strong>Le vol pour l\u2019Afrique du Sud<\/strong><\/h3>\n\n\n\n<p>Les tarifs des vols pour l\u2019Afrique du Sud varient en fonction :<\/p>\n\n\n\n<ul class=\"wp-block-list\"><li>des compagnies a\u00e9riennes ;<\/li><li>de la saison et des dates ;<\/li><li>des villes de d\u00e9part et d\u2019arriv\u00e9e ;<\/li><li>des vols directs ou avec escale(s).&nbsp;<\/li><\/ul>\n\n\n\n<p>Pour trouver un vol pas cher pour l\u2019Afrique du Sud, comparez et choisissez la meilleure p\u00e9riode pour <a href=\"https:\/\/mistersafari.com\/fr\/safari-afrique-du-sud\/comment-aller\/\" class=\"rank-math-link\">aller en Afrique du Sud<\/a>.<\/p>\n\n\n\n<h3 class=\"wp-block-heading\"><strong>Le transport sur place<\/strong><\/h3>\n\n\n\n<p>L\u2019Afrique du Sud est un vaste pays. Pour pr\u00e9parer au mieux votre safari en Afrique du Sud, vous devrez prendre en consid\u00e9ration les distances entre les diff\u00e9rentes r\u00e9gions que vous souhaitez visiter, mais aussi comment vous d\u00e9placer.&nbsp;<\/p>\n\n\n\n<p>De nombreux voyageurs combinent plusieurs moyens de transport afin d\u2019optimiser le temps et le co\u00fbt :<\/p>\n\n\n\n<ul class=\"wp-block-list\"><li>vols internes ;<\/li><li>location de voiture ;<\/li><li>transports en bus ;<\/li><li>transport en taxis dans les grandes villes.&nbsp;<\/li><\/ul>\n\n\n\n<p>Il s\u2019agit donc d\u2019\u00e9valuer votre budget, de choisir les r\u00e9gions que vous souhaitez visiter puis de d\u00e9cider quels sont les moyens de transport les plus adapt\u00e9s.&nbsp;<\/p>\n\n\n<div class=\"gb-container gb-container-8cc1ba80\"><div class=\"gb-inside-container\">\n<div class=\"gb-grid-wrapper gb-grid-wrapper-e0bc1c85\">\n<div class=\"gb-grid-column gb-grid-column-d873f923\"><div class=\"gb-container gb-container-d873f923\"><div class=\"gb-inside-container\">\n\n<div class=\"gb-headline gb-headline-974fb64d gb-headline-text\">Trouvez les meilleures offres pour votre Safari<\/div>\n\n\n\n<p class=\"gb-headline gb-headline-8fabdb11 gb-headline-text\">Mister Safari vous aide \u00e0 trouver les meilleurs prix et prestataires pour organiser le safari de vos r\u00eaves<\/p>\n\n\n<div class=\"gb-button-wrapper gb-button-wrapper-c8a43616\">\n\n<a class=\"gb-button gb-button-c1c54722 gb-button-text\" href=\"https:\/\/mistersafari.com\/fr\/demande-devis\/\">Obtenir un devis gratuit<\/a>\n\n<\/div>\n<\/div><\/div><\/div>\n<\/div>\n<\/div><\/div>\n\n\n<h3 class=\"wp-block-heading\"><strong>Les h\u00e9bergements<\/strong><\/h3>\n\n\n\n<p>Le prix d\u2019un safari en Afrique du Sud va aussi d\u00e9pendre des logements choisis. L\u2019Afrique du Sud dispose d\u2019une grande vari\u00e9t\u00e9 d\u2019h\u00e9bergements. Tout d\u00e9pendra de vos envies et de votre budget.&nbsp;<\/p>\n\n\n\n<p>Du lodge de luxe dans les r\u00e9serves priv\u00e9es aux aires de camping dans les parcs animaliers, les prix varient aussi en fonction des r\u00e9gions. Dans les r\u00e9serves priv\u00e9es, une dur\u00e9e minimum de s\u00e9jour (3 nuits g\u00e9n\u00e9ralement) est souvent impos\u00e9e. C\u2019est le cas de la <a class=\"rank-math-link\" href=\"https:\/\/mistersafari.com\/fr\/safari-afrique-du-sud\/parcs-reserves\/reserve-madikwe\/\">R\u00e9serve Madikwe<\/a>. Votre budget sera automatiquement impact\u00e9 en fonction du niveau de gamme de l\u2019h\u00e9bergement choisi.&nbsp;<\/p>\n\n\n\n<h3 class=\"wp-block-heading\"><strong>La nourriture<\/strong><\/h3>\n\n\n\n<p>Selon l\u2019h\u00e9bergement et le package que vous aurez choisis, les repas peuvent \u00eatre inclus. C\u2019est souvent une formule avantageuse et \u00e9conomique, o\u00f9 vous profiterez de buffets typiques et bien achaland\u00e9s.&nbsp;<\/p>\n\n\n\n<p>Si vous g\u00e9rez vos repas seul, les prix pratiqu\u00e9s par les supermarch\u00e9s sont corrects et les restaurants sont g\u00e9n\u00e9ralement abordables. Manger dehors en Afrique du Sud est courant et vous aurez l\u2019embarras du choix.&nbsp;<\/p>\n\n\n\n<h3 class=\"wp-block-heading\"><strong>Les parcs et r\u00e9serves<\/strong><\/h3>\n\n\n\n<p>L\u2019entr\u00e9e des<a href=\"https:\/\/mistersafari.com\/fr\/safari-afrique-du-sud\/parcs-reserves\/\" class=\"rank-math-link\"> parcs en Afrique du Sud<\/a> repr\u00e9sente une part importante de votre budget (m\u00eame si les prix restent inf\u00e9rieurs \u00e0 d\u2019autres pays du continent) mais elle est facilement estimable au pr\u00e9alable. Tous les tarifs d\u2019entr\u00e9e des parcs sont disponibles sur internet.&nbsp;<\/p>\n\n\n\n<p>La Wild Card est un pass annuel payant vous permettant de ne pas avoir \u00e0 payer les frais d\u2019entr\u00e9e dans chaque parc g\u00e9r\u00e9 par le SANParks. Elle peut vous faire r\u00e9aliser de grandes \u00e9conomies selon le nombre de parcs et de jours de visite et ainsi vous permettre de r\u00e9aliser un safari en Afrique du Sud pas cher.&nbsp;<\/p>\n\n\n\n<h3 class=\"wp-block-heading\"><strong>Les autres activit\u00e9s<\/strong><\/h3>\n\n\n\n<p>Certains lodges ou parcs proposent des activit\u00e9s, comme des safaris \u00e0 pied, des randonn\u00e9es en VTT, etc\u2026 Les tarifs sont plut\u00f4t \u00e9conomiques et valent souvent le coup pour enrichir votre s\u00e9jour.&nbsp;<\/p>\n\n\n\n<h3 class=\"wp-block-heading\"><strong>Les autres d\u00e9penses<\/strong><\/h3>\n\n\n\n<p>Pensez aussi aux pourboires, qui sont monnaie courante en Afrique du Sud. Personnels des lodges, serveurs, guides, pompistes aux stations essence, \u2026 Quelques rands sont souvent donn\u00e9s pour les remercier du service.&nbsp; Enfin, pas d\u2019inqui\u00e9tude pour le prix du visa pour l\u2019Afrique du Sud : il n\u2019est pas n\u00e9cessaire.&nbsp;<\/p>\n\n\n\n<h2 class=\"wp-block-heading\"><span class=\"ez-toc-section\" id=\"quel-budget-global-prevoir-pour-un-voyage-en-afrique-du-sud\"><\/span><strong>Quel budget global pr\u00e9voir pour un voyage en Afrique du Sud ?<\/strong><span class=\"ez-toc-section-end\"><\/span><\/h2>\n\n\n\n<h3 class=\"wp-block-heading\"><strong>Les transports<\/strong><\/h3>\n\n\n\n<p>Pour vous rendre en Afrique du Sud, vous trouverez quelques billets d\u2019avion d\u00e8s 500\u20ac mais les tarifs tournent g\u00e9n\u00e9ralement autour de 600\u20ac minimum, en vol direct depuis Paris. Ils varient notamment selon votre lieu de d\u00e9part, votre a\u00e9roport d\u2019arriv\u00e9e et les dates de votre voyage, mais comptez en moyenne 850\u20ac\/personne pour un vol aller\/retour.&nbsp;<\/p>\n\n\n\n<p>Une fois sur place, votre budget transport va d\u00e9pendre de la ou des options choisies :<\/p>\n\n\n\n<ul class=\"wp-block-list\"><li>une <a href=\"https:\/\/mistersafari.com\/fr\/safari-afrique-du-sud\/location-voiture\/\" class=\"rank-math-link\">location de voiture en Afrique du Sud<\/a> vous co\u00fbtera en moyenne 50\u20ac\/jour, elle est particuli\u00e8rement int\u00e9ressante \u00e0 partir de 2 ou 3 voyageurs ;<\/li><li>les tarifs des vols internes sont variables, certaines compagnies low-cost proposent des transferts \u00e0 partir de 70\u20ac\/personne ;<\/li><li>les bus sont un moyen \u00e9conomique de visiter le pays (surtout si vous voyagez seul), les tarifs d\u00e9pendent du trajet parcouru.&nbsp;<\/li><\/ul>\n\n\n\n<p>Le prix de l\u2019essence en Afrique du Sud est d\u2019environ 0,81\u20ac\/L, c\u2019est moins cher qu\u2019en France.&nbsp;<\/p>\n\n\n\n<h3 class=\"wp-block-heading\"><strong>L\u2019h\u00e9bergement et la nourriture<\/strong><\/h3>\n\n\n\n<p>Difficile de donner une estimation du budget logement et nourriture tant les options sont nombreuses.&nbsp;<\/p>\n\n\n\n<p>C\u2019est plut\u00f4t votre budget disponible qui va vous orienter vers tel ou tel h\u00e9bergement. Vous trouverez des exemples de logement et leur gamme de prix sur chacune des pages relatives aux <a href=\"http:\/\/lien\">parcs et r\u00e9serves d\u2019Afrique du Sud<\/a>.&nbsp;<\/p>\n\n\n\n<h3 class=\"wp-block-heading\"><strong>Les activit\u00e9s sur place<\/strong><\/h3>\n\n\n\n<p>Les prix des entr\u00e9es dans les parcs et r\u00e9serves sud africains sont parmi les moins chers d\u2019Afrique.&nbsp;<\/p>\n\n\n\n<p>Le <a href=\"https:\/\/mistersafari.com\/fr\/safari-afrique-du-sud\/parcs-reserves\/parc-kruger\/\">Parc Kruger<\/a> est l\u2019un des plus chers et le tarif d\u2019entr\u00e9e est d\u2019environ 21\u20ac (R 424) par adulte par jour. Le <a class=\"rank-math-link\" href=\"https:\/\/mistersafari.com\/fr\/safari-afrique-du-sud\/parcs-reserves\/pilanesberg\/\">Parc de Pilanesberg<\/a> est l\u2019un des moins chers, avec un tarif de 6\u20ac par adulte par jour.&nbsp;<\/p>\n\n\n\n<p>La <a href=\"https:\/\/www.sanparks.org\/wild_new\/\" target=\"_blank\" aria-label=\" (opens in a new tab)\" rel=\"noreferrer noopener\" class=\"rank-math-link\">Wild Card<\/a> permet d\u2019acc\u00e9der \u00e0 une grande majorit\u00e9 des parcs (la liste est disponible <a href=\"https:\/\/www.sanparks.org\/wild_new\/tourism\/pricing.php\" target=\"_blank\" aria-label=\" (opens in a new tab)\" rel=\"noreferrer noopener\" class=\"rank-math-link\">ici<\/a>) sans avoir \u00e0 s\u2019affranchir des tarifs d\u2019entr\u00e9e pour chacun. Les tarifs en 2020 sont de :<\/p>\n\n\n\n<ul class=\"wp-block-list\"><li>R 3105 pour une personne seule (soit environ 160\u20ac) ;<\/li><li>R 4805 pour un couple (soit environ 247\u20ac) ;<\/li><li>R 5800 pour une famille (jusqu\u2019\u00e0 7 personnes dont 2 adultes maximum) (soit environ 300\u20ac).<\/li><\/ul>\n\n\n\n<p>Elle est g\u00e9n\u00e9ralement rentabilis\u00e9e au bout de 7 nuits. \u00c0 vous de voir selon le nombre de voyageurs, le nombre de parcs visit\u00e9s et le nombre de jours sur place si elle vaut l\u2019investissement !<\/p>\n\n\n\n<h2 class=\"wp-block-heading\"><span class=\"ez-toc-section\" id=\"un-safari-en-afrique-du-sud-pas-cher-cest-possible\"><\/span>Un Safari en Afrique du Sud pas cher, c\u2019est possible ?<span class=\"ez-toc-section-end\"><\/span><\/h2>\n\n\n\n<p>L&rsquo;Afrique du Suf est  un pays assez cher pour y faire un safari. Les tarifs sont toutefois justifi\u00e9s par la qualit\u00e9 du voyage. Alors un voyage en Afrique du Sud pas cher, non, mais moins cher, peut-\u00eatre !<\/p>\n\n\n\n<p>Si votre budget est tr\u00e8s limit\u00e9, peut-\u00eatre que l\u2019une de ces astuces vous permettra de r\u00e9aliser un safari en Afrique du Sud dans vos prix.<\/p>\n\n\n\n<p>Pour optimiser le prix d\u2019un safari en Afriqu du Sud :<\/p>\n\n\n\n<ul class=\"wp-block-list\"><li>Certains parcs moins r\u00e9put\u00e9s sont beaucoup moins chers que d&rsquo;autres plus connus.<\/li><li>Mieux vaut limiter le nombre de parcs mais en profiter davantage sur place.<\/li><li>Pour r\u00e9duire votre budget global, pensez aussi \u00e0 passer quelques jours pr\u00e8s de l\u2019une des plus belles <a href=\"https:\/\/mistersafari.com\/fr\/safari-tanzanie\/plages\/\" class=\"rank-math-link\">plages d&rsquo;Afrique du Sud<\/a><\/li><\/ul>\n\n\n\n<p><em>Enfin, d\u2019autres pays, comme le <a href=\"https:\/\/mistersafari.com\/fr\/safari-kenya\/\" class=\"rank-math-link\">Kenya<\/a> par exemple, permettent de r\u00e9aliser un safari un peu moins cher.&nbsp;<\/em><\/p>\n\n\n\n<h2 class=\"wp-block-heading\"><span class=\"ez-toc-section\" id=\"pour-resumer-le-prix-moyen-dun-safari-en-afrique-du-sud\"><\/span><strong>Pour r\u00e9sumer : le prix moyen d\u2019un safari en Afrique du Sud<\/strong><span class=\"ez-toc-section-end\"><\/span><\/h2>\n\n\n\n<p>Vous vous demandez maintenant quel est le prix moyen d\u2019un safari en Afrique du Sud. Nous allons vous donner quelques prix indicatifs, pour vous faire une id\u00e9e du budget \u00e0 pr\u00e9voir. Mais retenez que les prix sont nettement influenc\u00e9s par vos propres choix de logements, de moyens de transport, de prestataires\u2026. Vous pourrez donc trouver des montants variables au cours de vos recherches.&nbsp;<\/p>\n\n\n\n<p><strong>Pour un safari pas cher en Afrique du Sud de 8 jours, incluant :<\/strong><\/p>\n\n\n\n<ul class=\"wp-block-list\"><li>les vols internationaux&nbsp;<\/li><li>les visites de plusieurs parcs (Kruger, Pilanesberg et Madikwe)&nbsp;<\/li><li>la location de voiture sur place&nbsp;<\/li><li>l\u2019h\u00e9bergement en campings&nbsp;<\/li><\/ul>\n\n\n\n<p>Comptez entre 3200 et 4000\u20ac pour deux personnes.&nbsp;<\/p>\n\n\n\n<p><strong>Pour un safari de luxe en Afrique du Sud de 15 jours, incluant :<\/strong><\/p>\n\n\n\n<ul class=\"wp-block-list\"><li>les vols internationaux sans escale<\/li><li>les visites de plusieurs parcs et r\u00e9serves priv\u00e9es, incluant les game drives avec chauffeur<\/li><li>les transferts internes en avion et la location de voiture sur place si n\u00e9cessaire<\/li><li>l\u2019h\u00e9bergement en lodges de luxe<\/li><\/ul>\n\n\n\n<p>Comptez 16 000\u20ac minimum pour deux personnes.&nbsp;<\/p>\n\n\n\n<p>Voici un tableau r\u00e9capitulatif, simplifi\u00e9 et indicatif du budget \u00e0 pr\u00e9voir pour un safari en Afrique du Sud :&nbsp;<\/p>\n\n\n\n<figure class=\"wp-block-table\"><table><thead><tr><th><\/th><th>Prix minimum par personne<\/th><th>Prix moyen <strong>par personn<\/strong>e<\/th><\/tr><\/thead><tbody><tr><td>Vol<\/td><td>550\u20ac<\/td><td>850\u20ac<\/td><\/tr><tr><td>H\u00e9bergement + pension (par jour)<\/td><td>80\u20ac<\/td><td>200\u20ac<\/td><\/tr><tr><td>Transport (par jour)<\/td><td>50\u20ac<\/td><td>150\u20ac<\/td><\/tr><tr><td>Parcs (par jour)<\/td><td>15\u20ac\/<\/td><td>20\u20ac<\/td><\/tr><tr><td>Total pour un safari de 8 jours<\/td><td>~ 1700\u20ac\/personne soit ~ 220\u20ac\/personne\/jour<\/td><td>~ 3900\u20ac\/personne soit ~ 260\u20ac\/personne\/jour<\/td><\/tr><tr><td>Total pour un safari de 15 jours<\/td><td>~ 2750\u20ac\/personne soit ~ 190\u20ac\/personne\/jour<\/td><td>~ 6400\u20ac\/personne soit ~ 430\u20ac\/personne\/jour<\/td><\/tr><\/tbody><\/table><figcaption>Prix d&rsquo;un voyage safari en Afrique du Sud<\/figcaption><\/figure>\n\n\n\n<h2 class=\"wp-block-heading\"><span class=\"ez-toc-section\" id=\"faq\"><\/span>FAQ<span class=\"ez-toc-section-end\"><\/span><\/h2>\n\n\n<div id=\"rank-math-faq\" class=\"rank-math-block\">\n<div class=\"rank-math-list \">\n<div id=\"faq-question-1608025174637\" class=\"rank-math-list-item\">\n<h3 class=\"rank-math-question \">Combien co\u00fbte un safari en Afrique du Sud ?<\/h3>\n<div class=\"rank-math-answer \">\n\n<p>Comme expliqu\u00e9 plus haut dans notre article, le tarif d&rsquo;un safari en Afrique du Sud d\u00e9pend de nombreux facteurs. Dans l&rsquo;ensemble, comptez entre 550 et 850\u20ac par personne et par jour.<\/p>\n\n<\/div>\n<\/div>\n<div id=\"faq-question-1608025302606\" class=\"rank-math-list-item\">\n<h3 class=\"rank-math-question \">O\u00f9 faire le plus beau safari ?<\/h3>\n<div class=\"rank-math-answer \">\n\n<p>L&rsquo;Afrique du Sud est une destination phare du safari. Parmi les alternatives principales, vous pouvez envisager un <a href=\"https:\/\/mistersafari.com\/fr\/blog\/kenya-ou-tanzanie\/\" data-type=\"post\" data-id=\"912\">safari au Kenya ou en Tanzanie<\/a>.<\/p>\n\n<\/div>\n<\/div>\n<div id=\"faq-question-1608025396946\" class=\"rank-math-list-item\">\n<h3 class=\"rank-math-question \">Quand faire un safari en Afrique du Sud ?<\/h3>\n<div class=\"rank-math-answer \">\n\n<p>La saison s\u00e8che est une des meilleures p\u00e9riodes pour <a href=\"https:\/\/mistersafari.com\/fr\/safari-afrique-du-sud\/comment-aller\/\" class=\"rank-math-link\">aller en Afrique du Sud<\/a>, puisque toutes les routes sont praticables.<\/p>\n\n<\/div>\n<\/div>\n<\/div>\n<\/div>","protected":false},"excerpt":{"rendered":"<p>La question du budget d\u2019un safari Afrique du Sud est g\u00e9n\u00e9ralement soulev\u00e9e d\u00e8s le d\u00e9but de l\u2019organisation du voyage. Comment estimer le prix d\u2019un safari en Afrique du Sud ? Quels sont les \u00e9l\u00e9ments \u00e0 prendre en compte ? R\u00e9ponses dans ce guide. Les \u00e9l\u00e9ments qui influencent le prix d\u2019un safari en Afrique du Sud &#8230; <a title=\"Prix d&rsquo;un safari en Afrique du Sud\" class=\"read-more\" href=\"https:\/\/mistersafari.com\/fr\/safari-afrique-du-sud\/prix\/\" aria-label=\"En savoir plus sur Prix d&rsquo;un safari en Afrique du Sud\">Lire la suite<\/a><\/p>\n","protected":false},"author":3,"featured_media":1200,"parent":1093,"menu_order":11,"comment_status":"closed","ping_status":"closed","template":"","meta":{"_acf_changed":false,"footnotes":""},"content_type":[],"country":[],"class_list":{"0":"post-1197","1":"page","2":"type-page","3":"status-publish","4":"has-post-thumbnail","6":"no-featured-image-padding"},"acf":{"hreflang":null},"_links":{"self":[{"href":"https:\/\/mistersafari.com\/fr\/wp-json\/wp\/v2\/pages\/1197","targetHints":{"allow":["GET"]}}],"collection":[{"href":"https:\/\/mistersafari.com\/fr\/wp-json\/wp\/v2\/pages"}],"about":[{"href":"https:\/\/mistersafari.com\/fr\/wp-json\/wp\/v2\/types\/page"}],"author":[{"embeddable":true,"href":"https:\/\/mistersafari.com\/fr\/wp-json\/wp\/v2\/users\/3"}],"replies":[{"embeddable":true,"href":"https:\/\/mistersafari.com\/fr\/wp-json\/wp\/v2\/comments?post=1197"}],"version-history":[{"count":21,"href":"https:\/\/mistersafari.com\/fr\/wp-json\/wp\/v2\/pages\/1197\/revisions"}],"predecessor-version":[{"id":5720,"href":"https:\/\/mistersafari.com\/fr\/wp-json\/wp\/v2\/pages\/1197\/revisions\/5720"}],"up":[{"embeddable":true,"href":"https:\/\/mistersafari.com\/fr\/wp-json\/wp\/v2\/pages\/1093"}],"wp:featuredmedia":[{"embeddable":true,"href":"https:\/\/mistersafari.com\/fr\/wp-json\/wp\/v2\/media\/1200"}],"wp:attachment":[{"href":"https:\/\/mistersafari.com\/fr\/wp-json\/wp\/v2\/media?parent=1197"}],"wp:term":[{"taxonomy":"content_type","embeddable":true,"href":"https:\/\/mistersafari.com\/fr\/wp-json\/wp\/v2\/content_type?post=1197"},{"taxonomy":"country","embeddable":true,"href":"https:\/\/mistersafari.com\/fr\/wp-json\/wp\/v2\/country?post=1197"}],"curies":[{"name":"wp","href":"https:\/\/api.w.org\/{rel}","templated":true}]}}