{"id":1193,"date":"2020-10-19T14:22:40","date_gmt":"2020-10-19T14:22:40","guid":{"rendered":"https:\/\/mistersafari.com\/fr\/?page_id=1193"},"modified":"2021-04-12T15:27:16","modified_gmt":"2021-04-12T15:27:16","slug":"visa","status":"publish","type":"page","link":"https:\/\/mistersafari.com\/fr\/safari-afrique-du-sud\/visa\/","title":{"rendered":"Visa pour l&rsquo;Afrique du Sud"},"content":{"rendered":"\n<p>Vous pr\u00e9parez votre voyage ou votre <a href=\"https:\/\/mistersafari.com\/fr\/safari-afrique-du-sud\/\" class=\"rank-math-link\">safari en Afrique du Sud<\/a> et vous vous demandez quelles sont les formalit\u00e9s \u00e0 effectuer pour pouvoir entrer le pays. Le visa est-il obligatoire ? Quelle est la dur\u00e9e de s\u00e9jour autoris\u00e9e sur le territoire ? Quelles sont les autres obligations ? Voici les r\u00e9ponses.&nbsp;<\/p>\n\n\n\n<h2 class=\"wp-block-heading\"><strong>Visa pour l\u2019Afrique du Sud et autres formalit\u00e9s obligatoires<\/strong><\/h2>\n\n\n\n<h3 class=\"wp-block-heading\"><strong>Le visa en Afrique du Sud<\/strong><\/h3>\n\n\n\n<p>Si vous comptez visiter l\u2019Afrique du Sud lors d\u2019un s\u00e9jour touristique de moins de 90 jours, la France fait partie des <a href=\"http:\/\/www.dha.gov.za\/index.php\/immigration-services\/exempt-countries\" target=\"_blank\" aria-label=\" (opens in a new tab)\" rel=\"noreferrer noopener\" class=\"rank-math-link\">pays dispens\u00e9s d\u2019un visa pr\u00e9alable<\/a>. Vous n\u2019avez donc pas \u00e0 obtenir de visa.&nbsp;<\/p>\n\n\n\n<p class=\"callout-blue\">Un permis de s\u00e9jour de 90 jours maximum vous sera d\u00e9livr\u00e9 \u00e0 l\u2019entr\u00e9e sur le territoire sud-africain.<\/p>\n\n\n\n<p>Pour pouvoir obtenir ce permis de s\u00e9jour et entrer le pays, vous devez tout de m\u00eame poss\u00e9der un passeport fran\u00e7ais valable au moins 30 jours apr\u00e8s la date de d\u00e9part du territoire sud-africain et disposant de deux pages vierges. Un billet d\u2019avion aller-retour est aussi requis.&nbsp;<\/p>\n\n\n\n<p>Si la dur\u00e9e du s\u00e9jour est sup\u00e9rieur \u00e0 90 jours, vous pourrez faire une demande de prorogation du visa (sous certaines conditions) pour 3 mois suppl\u00e9mentaires, au moins 60 jours avant l\u2019expiration du permis de s\u00e9jour. La demande, qui est payante, s\u2019effectue aupr\u00e8s des <a href=\"http:\/\/www.dha.gov.za\/index.php\/immigration-services\" target=\"_blank\" aria-label=\" (opens in a new tab)\" rel=\"noreferrer noopener\" class=\"rank-math-link\">services de l\u2019immigration d\u2019Afrique du Sud<\/a>.&nbsp;<\/p>\n\n\n\n<h3 class=\"wp-block-heading\"><strong>Le visa pour les pays voisins<\/strong><\/h3>\n\n\n\n<p>Les r\u00e8gles sont diff\u00e9rentes pour les pays voisins.&nbsp; Si vous visitez le Lesotho, lors d\u2019une escapade dans le <a href=\"https:\/\/mistersafari.com\/fr\/safari-afrique-du-sud\/parcs-reserves\/golden-gate-highlands-national-park\/\" target=\"_blank\" aria-label=\" (opens in a new tab)\" rel=\"noreferrer noopener\" class=\"rank-math-link\">Parc National des Golden Gate Highlands<\/a> par exemple, vous obtiendrez \u00e0 votre arriv\u00e9e un <a href=\"http:\/\/evisalesotho.com\/visa-exemptions\/\" target=\"_blank\" aria-label=\" (opens in a new tab)\" rel=\"noreferrer noopener\" class=\"rank-math-link\">permis de s\u00e9jour gratuit<\/a> d\u2019une dur\u00e9e de 14 jours. Au Swaziland, le visa n\u2019est pas non plus n\u00e9cessaire. A votre entr\u00e9e dans le pays, vous obtiendrez un permis de s\u00e9jour gratuit d\u2019une dur\u00e9e 30 jours.<\/p>\n\n\n\n<p class=\"callout-blue\">Pour ces deux pays, vous devrez poss\u00e9der un passeport fran\u00e7ais avec une date de validit\u00e9 de minimum 6 mois et deux pages vierges.&nbsp;<\/p>\n\n\n\n<h3 class=\"wp-block-heading\"><strong>Les autres formalit\u00e9s<\/strong><\/h3>\n\n\n\n<p>Concernant les mineurs, s\u2019ils sont accompagn\u00e9s, seul un passeport valable au moins 4 mois et avec deux pages vierges suffit pour entrer le territoire. Un mineur non accompagn\u00e9 devra en plus pr\u00e9senter plusieurs documents comme une copie du certificat de naissance et une lettre de consentement parental. La liste compl\u00e8te des documents est disponible <a href=\"https:\/\/www.afriquesud.net\/images\/docs\/immigration\/fr\/07-VOYAGER-EN-AFRIQUE-DU-SUD-AVEC-UN-ENFANT.PDF\" target=\"_blank\" aria-label=\" (opens in a new tab)\" rel=\"noreferrer noopener\" class=\"rank-math-link\">ici<\/a>.&nbsp;<\/p>\n\n\n\n<p>Selon votre pays d\u2019origine, vous devrez aussi fournir un certificat de vaccination de la fi\u00e8vre jaune datant de moins de 10 jours. C\u2019est notamment le cas si vous venez de r\u00e9aliser un <a class=\"rank-math-link\" href=\"https:\/\/mistersafari.com\/fr\/safari-kenya\/\">safa<\/a><a href=\"https:\/\/mistersafari.com\/fr\/safari-kenya\/\" target=\"_blank\" aria-label=\"r (opens in a new tab)\" rel=\"noreferrer noopener\" class=\"rank-math-link\">r<\/a><a class=\"rank-math-link\" href=\"https:\/\/mistersafari.com\/fr\/safari-kenya\/\">i au Kenya<\/a> ou un s\u00e9jour au Br\u00e9sil. La liste compl\u00e8te des pays est disponible <a href=\"https:\/\/www.diplomatie.gouv.fr\/fr\/conseils-aux-voyageurs\/conseils-par-pays-destination\/afrique-du-sud\/#entree\" target=\"_blank\" aria-label=\" (opens in a new tab)\" rel=\"noreferrer noopener\" class=\"rank-math-link\">ici<\/a>. Les enfants de moins de 1 an sont exempt\u00e9s.&nbsp;<\/p>\n\n\n\n<p>D\u2019autres vaccins sont recommand\u00e9s avant de visiter l\u2019Afrique du Sud :<\/p>\n\n\n\n<ul class=\"wp-block-list\"><li>H\u00e9patite A et B ;<\/li><li>Typho\u00efde ;<\/li><li>Rage ;<\/li><li>Paludisme ;<\/li><li>Chol\u00e9ra.&nbsp;<\/li><\/ul>\n\n\n\n<p>Pour en savoir plus, rendez-vous sur le <a href=\"https:\/\/www.pasteur.fr\/fr\/centre-medical\/preparer-son-voyage\/afrique-du-sud\" target=\"_blank\" aria-label=\" (opens in a new tab)\" rel=\"noreferrer noopener\" class=\"rank-math-link\">site de l\u2019Institut Pasteur<\/a> et demandez conseil \u00e0 votre m\u00e9decin.&nbsp;<\/p>\n\n\n\n<h2 class=\"wp-block-heading\"><strong>Contacts utiles pour votre s\u00e9jour en Afrique du Sud<\/strong><\/h2>\n\n\n\n<figure class=\"wp-block-table\"><table><thead><tr><th><\/th><th>Adresse<\/th><th>Coordonn\u00e9es<\/th><th>Site internet<\/th><\/tr><\/thead><tbody><tr><td>Ambassade de France en Afrique du Sud<\/td><td>250, Melk street &#8211; New Muckleneuk 0181 Pretoria<\/td><td>Tel : +27 12 425 1600 <br>Fax : +27 12 425 1609 <br>Courriel : france@ambafrance-rsa.org<\/td><td><a href=\"https:\/\/za.ambafrance.org\/-Francais-\" target=\"_blank\" aria-label=\" (opens in a new tab)\" rel=\"noreferrer noopener\" class=\"rank-math-link\">https:\/\/za.ambafrance.org\/-Francais-<\/a><\/td><\/tr><tr><td>Consulat G\u00e9n\u00e9ral de France \u00e0 Johannesburg<\/td><td>Standard Bank Building &#8211; 3e \u00e9tage &#8211; 191, Jan Smuts Avenue PO Box 1027 Parklands 2121 Johannesburg<\/td><td>Tel : +27 778 56 00 Permanence urgence les fins de semaine et jours f\u00e9ri\u00e9s : +27 82 467 2588 <br>Fax : +27 778 56 01 <br>Courriel : info.johannesburg-fslt@diplomatie.gouv.fr<\/td><td><a href=\"https:\/\/johannesburg.consulfrance.org\/\" target=\"_blank\" aria-label=\" (opens in a new tab)\" rel=\"noreferrer noopener\" class=\"rank-math-link\">https:\/\/johannesburg.consulfrance.org\/<\/a><\/td><\/tr><tr><td>Consulat G\u00e9n\u00e9ral de France au Cap<\/td><td>78, Queen Victoria Street Gardens 8001 Cape Town<\/td><td>Tel : +27 21 423 15 75 <br>Permanence urgence nuits, fins de semaine et jours f\u00e9ri\u00e9s :+27 834 604 360 <br>Courriel : consulat.le-cap-fslt@diplomatie.gouv.fr<\/td><td><a href=\"https:\/\/lecap.consulfrance.org\/\" target=\"_blank\" aria-label=\" (opens in a new tab)\" rel=\"noreferrer noopener\" class=\"rank-math-link\">https:\/\/lecap.consulfrance.org\/<\/a><\/td><\/tr><tr><td>Ambassade d\u2019Afrique du Sud \u00e0 Paris<\/td><td>59, Quai d&rsquo;Orsay 75343 Paris<\/td><td>Tel : +33 1 53 59 23 23info@afriquesud.net<\/td><td><a href=\"https:\/\/www.afriquesud.net\/\" target=\"_blank\" aria-label=\" (opens in a new tab)\" rel=\"noreferrer noopener\" class=\"rank-math-link\">https:\/\/www.afriquesud.net\/<\/a><\/td><\/tr><tr><td>Consulat G\u00e9n\u00e9ral d\u2019Honoraire d\u2019Afrique du Sud \u00e0 Lille<\/td><td>8, avenue Foch 59700 Marcq-en-Baroeul<\/td><td>Tel : +33 3 20 57 54 73<\/td><td><\/td><\/tr><tr><td>Consulat G\u00e9n\u00e9ral d\u2019Honoraire d\u2019Afrique du Sud \u00e0 Rennes<\/td><td>Centre d&rsquo;Affaires Ile-de-France &#8211; 4,avenue Charles Tillon 35000 Rennes<\/td><td>Tel : +33 2 23 46 14 18<\/td><td><\/td><\/tr><\/tbody><\/table><\/figure>\n\n\n\n<p>Autres num\u00e9ros utiles :<\/p>\n\n\n\n<ul class=\"wp-block-list\"><li>Agence consulaire de Durban : +27 31 569 16 00<\/li><li>Agence consulaire de Port Elizabeth : +27 41 360 27 30<\/li><li>Agence consulaire d\u2019East London : +27 (0) 43 735 2656 ou +27 (0) 83 700 4788<\/li><\/ul>\n","protected":false},"excerpt":{"rendered":"<p>Vous pr\u00e9parez votre voyage ou votre safari en Afrique du Sud et vous vous demandez quelles sont les formalit\u00e9s \u00e0 effectuer pour pouvoir entrer le pays. Le visa est-il obligatoire ? Quelle est la dur\u00e9e de s\u00e9jour autoris\u00e9e sur le territoire ? Quelles sont les autres obligations ? Voici les r\u00e9ponses.&nbsp; Visa pour l\u2019Afrique du &#8230; <a title=\"Visa pour l&rsquo;Afrique du Sud\" class=\"read-more\" href=\"https:\/\/mistersafari.com\/fr\/safari-afrique-du-sud\/visa\/\" aria-label=\"En savoir plus sur Visa pour l&rsquo;Afrique du Sud\">Lire la suite<\/a><\/p>\n","protected":false},"author":3,"featured_media":1196,"parent":1093,"menu_order":10,"comment_status":"closed","ping_status":"closed","template":"","meta":{"_acf_changed":false,"footnotes":""},"content_type":[],"country":[],"class_list":{"0":"post-1193","1":"page","2":"type-page","3":"status-publish","4":"has-post-thumbnail","6":"no-featured-image-padding"},"acf":{"hreflang":null},"_links":{"self":[{"href":"https:\/\/mistersafari.com\/fr\/wp-json\/wp\/v2\/pages\/1193","targetHints":{"allow":["GET"]}}],"collection":[{"href":"https:\/\/mistersafari.com\/fr\/wp-json\/wp\/v2\/pages"}],"about":[{"href":"https:\/\/mistersafari.com\/fr\/wp-json\/wp\/v2\/types\/page"}],"author":[{"embeddable":true,"href":"https:\/\/mistersafari.com\/fr\/wp-json\/wp\/v2\/users\/3"}],"replies":[{"embeddable":true,"href":"https:\/\/mistersafari.com\/fr\/wp-json\/wp\/v2\/comments?post=1193"}],"version-history":[{"count":5,"href":"https:\/\/mistersafari.com\/fr\/wp-json\/wp\/v2\/pages\/1193\/revisions"}],"predecessor-version":[{"id":2253,"href":"https:\/\/mistersafari.com\/fr\/wp-json\/wp\/v2\/pages\/1193\/revisions\/2253"}],"up":[{"embeddable":true,"href":"https:\/\/mistersafari.com\/fr\/wp-json\/wp\/v2\/pages\/1093"}],"wp:featuredmedia":[{"embeddable":true,"href":"https:\/\/mistersafari.com\/fr\/wp-json\/wp\/v2\/media\/1196"}],"wp:attachment":[{"href":"https:\/\/mistersafari.com\/fr\/wp-json\/wp\/v2\/media?parent=1193"}],"wp:term":[{"taxonomy":"content_type","embeddable":true,"href":"https:\/\/mistersafari.com\/fr\/wp-json\/wp\/v2\/content_type?post=1193"},{"taxonomy":"country","embeddable":true,"href":"https:\/\/mistersafari.com\/fr\/wp-json\/wp\/v2\/country?post=1193"}],"curies":[{"name":"wp","href":"https:\/\/api.w.org\/{rel}","templated":true}]}}