{"id":1186,"date":"2020-10-19T13:17:19","date_gmt":"2020-10-19T13:17:19","guid":{"rendered":"https:\/\/mistersafari.com\/fr\/?page_id=1186"},"modified":"2021-01-18T16:02:38","modified_gmt":"2021-01-18T16:02:38","slug":"plages","status":"publish","type":"page","link":"https:\/\/mistersafari.com\/fr\/safari-afrique-du-sud\/plages\/","title":{"rendered":"Les 10 plus belles plages en Afrique du Sud"},"content":{"rendered":"\n<p>Pour profiter d\u2019un temps de repos, pratiquer un sport nautique ou simplement observer l\u2019oc\u00e9an, les pr\u00e8s de 3000 km de c\u00f4tes d\u2019Afrique du Sud regorgent de coins magnifiques. Voici notre s\u00e9lection des 10 plus belles plages d\u2019Afrique du Sud.<\/p>\n\n\n<div id=\"ez-toc-container\" class=\"ez-toc-v2_0_76 counter-flat ez-toc-counter ez-toc-custom ez-toc-container-direction\">\n<div class=\"ez-toc-title-container\"><p class=\"ez-toc-title\" style=\"cursor:inherit\">Sommaire<\/p>\n<\/div><nav><ul class='ez-toc-list ez-toc-list-level-1 ' ><li class='ez-toc-page-1'><a class=\"ez-toc-link ez-toc-heading-1\" href=\"https:\/\/mistersafari.com\/fr\/safari-afrique-du-sud\/plages\/#bloubergstrand\">Bloubergstrand<\/a><\/li><li class='ez-toc-page-1'><a class=\"ez-toc-link ez-toc-heading-2\" href=\"https:\/\/mistersafari.com\/fr\/safari-afrique-du-sud\/plages\/#boulders-beach\">Boulders Beach<\/a><\/li><li class='ez-toc-page-1'><a class=\"ez-toc-link ez-toc-heading-3\" href=\"https:\/\/mistersafari.com\/fr\/safari-afrique-du-sud\/plages\/#grotto-beach\">Grotto Beach<\/a><\/li><li class='ez-toc-page-1'><a class=\"ez-toc-link ez-toc-heading-4\" href=\"https:\/\/mistersafari.com\/fr\/safari-afrique-du-sud\/plages\/#muizenberg\">Muizenberg<\/a><\/li><li class='ez-toc-page-1'><a class=\"ez-toc-link ez-toc-heading-5\" href=\"https:\/\/mistersafari.com\/fr\/safari-afrique-du-sud\/plages\/#kraalbaai\">Kraalbaai<\/a><\/li><li class='ez-toc-page-1'><a class=\"ez-toc-link ez-toc-heading-6\" href=\"https:\/\/mistersafari.com\/fr\/safari-afrique-du-sud\/plages\/#la-plage-de-cape-vidal\">La plage de Cape Vidal<\/a><\/li><li class='ez-toc-page-1'><a class=\"ez-toc-link ez-toc-heading-7\" href=\"https:\/\/mistersafari.com\/fr\/safari-afrique-du-sud\/plages\/#camps-bay\">Camps Bay<\/a><\/li><li class='ez-toc-page-1'><a class=\"ez-toc-link ez-toc-heading-8\" href=\"https:\/\/mistersafari.com\/fr\/safari-afrique-du-sud\/plages\/#plettenberg-bay\">Plettenberg Bay<\/a><\/li><li class='ez-toc-page-1'><a class=\"ez-toc-link ez-toc-heading-9\" href=\"https:\/\/mistersafari.com\/fr\/safari-afrique-du-sud\/plages\/#sodwana-bay\">Sodwana Bay<\/a><\/li><li class='ez-toc-page-1'><a class=\"ez-toc-link ez-toc-heading-10\" href=\"https:\/\/mistersafari.com\/fr\/safari-afrique-du-sud\/plages\/#fish-hoek\">Fish Hoek<\/a><\/li><\/ul><\/nav><\/div>\n\n\n\n\n<p>Parmi toutes les plages d\u2019Afrique du Sud, 10 valent ind\u00e9niablement le d\u00e9tour. Voici nos pr\u00e9f\u00e9r\u00e9es.\u00a0<\/p>\n\n\n\n<h2 class=\"wp-block-heading\"><span class=\"ez-toc-section\" id=\"bloubergstrand\"><\/span>Bloubergstrand<span class=\"ez-toc-section-end\"><\/span><\/h2>\n\n\n\n<p>Proche de Cape Town, la plage de Bloubergstrand offre des paysages somptueux sur le Cap et la Montagne de la table. Le vent \u00e9tant souvent pr\u00e9sent, les f\u00e9rus de surf et kite-surf seront combl\u00e9s. Pensez aussi \u00e0 faire un d\u00e9tour vers les plages voisines Table View et Lagoon Beach.&nbsp;<\/p>\n\n\n\n<div class=\"wp-block-image\"><figure class=\"aligncenter size-full\"><img loading=\"lazy\" decoding=\"async\" width=\"1200\" height=\"675\" src=\"https:\/\/mk0mistersafarimcosm.kinstacdn.com\/wp-content\/uploads\/sites\/2\/Bloubergstrand-plage-afrique-sud.jpg\" alt=\"plage de Bloubergstrand Afrique du sud\" class=\"wp-image-1190\" srcset=\"https:\/\/mistersafari.com\/fr\/wp-content\/uploads\/sites\/2\/Bloubergstrand-plage-afrique-sud.jpg 1200w, https:\/\/mistersafari.com\/fr\/wp-content\/uploads\/sites\/2\/Bloubergstrand-plage-afrique-sud-300x169.jpg 300w, https:\/\/mistersafari.com\/fr\/wp-content\/uploads\/sites\/2\/Bloubergstrand-plage-afrique-sud-1024x576.jpg 1024w, https:\/\/mistersafari.com\/fr\/wp-content\/uploads\/sites\/2\/Bloubergstrand-plage-afrique-sud-768x432.jpg 768w\" sizes=\"auto, (max-width: 1200px) 100vw, 1200px\" \/><figcaption>Plage de Bloubergstrand<\/figcaption><\/figure><\/div>\n\n\n\n<h2 class=\"wp-block-heading\"><span class=\"ez-toc-section\" id=\"boulders-beach\"><\/span>Boulders Beach<span class=\"ez-toc-section-end\"><\/span><\/h2>\n\n\n\n<p>Toujours dans la r\u00e9gion de Cap Town, partez\u00a0 \u00e0 la rencontre des manchots sur la plage de Boulders, d\u00e9sormais class\u00e9e comme R\u00e9serve Naturelle. Gr\u00e2ce \u00e0 des passerelles en bois et des points d\u2019observation am\u00e9nag\u00e9s, vous pourrez observer les colonies de cette esp\u00e8ce menac\u00e9e gambadant sur le sable blanc et fin.\u00a0<\/p>\n\n\n\n<figure class=\"wp-block-image size-full\"><img loading=\"lazy\" decoding=\"async\" width=\"1024\" height=\"683\" src=\"https:\/\/mk0mistersafarimcosm.kinstacdn.com\/wp-content\/uploads\/sites\/2\/plage-afrique-sud-boulders-1.jpg\" alt=\"Boulders beach\" class=\"wp-image-1426\" srcset=\"https:\/\/mistersafari.com\/fr\/wp-content\/uploads\/sites\/2\/plage-afrique-sud-boulders-1.jpg 1024w, https:\/\/mistersafari.com\/fr\/wp-content\/uploads\/sites\/2\/plage-afrique-sud-boulders-1-300x200.jpg 300w, https:\/\/mistersafari.com\/fr\/wp-content\/uploads\/sites\/2\/plage-afrique-sud-boulders-1-768x512.jpg 768w\" sizes=\"auto, (max-width: 1024px) 100vw, 1024px\" \/><figcaption>Cr\u00e9dits : Plage de Boulders, par <a href=\"https:\/\/www.flickr.com\/photos\/mattkieffer\/29014036657\/in\/photolist-LcSwgk-S7DY5w-RWF4p3-MQn2dQ-25LCg5h-27r6sqY-jjdhU-27r6vkW-ekWHua-ekWHsM-27r6wkb-LoLxy7-9AkSHX-29ohYZm-kzzhHB-kzBALN-28wzgUR-kzzcA2-JSJffa-25LBtpu-kzzjwM-kzyVCn-RsMRoD-LoKQrh-LcSuCk-28Snetf-LcSuVp-28zTaCH-28zTaxc-28zSZe6-LcSu5g-MQn5zE-LcSudT-kzzdP4-dgPWUf-kzzket-4mWELA-kzA3KK-29XSWSZ-28SniJ9-kzyRxX-63LyZf-S7S8ZC-LcSsRz-JF6Jz1-LoKTWd-LoKRfm-kzzQni-LcSv1K-LcStRa\" target=\"_blank\" aria-label=\" (opens in a new tab)\" rel=\"noreferrer noopener\" class=\"rank-math-link\">Matt Kiefer<\/a> (CC BY-SA <a href=\"https:\/\/creativecommons.org\/licenses\/by-sa\/2.0\/\" target=\"_blank\" aria-label=\" (opens in a new tab)\" rel=\"noreferrer noopener\" class=\"rank-math-link\">2.0<\/a>)<\/figcaption><\/figure>\n\n\n\n<h2 class=\"wp-block-heading\"><span class=\"ez-toc-section\" id=\"grotto-beach\"><\/span>Grotto Beach<span class=\"ez-toc-section-end\"><\/span><\/h2>\n\n\n\n<p>Place maintenant \u00e0 l\u2019observation des baleines dans leur environnement naturel depuis la plage de Grotto Beach. Situ\u00e9e proche de la ville d\u2019Hermanus, c\u2019est au cours de belles balades sur la plage entre juin et novembre que vous pourrez apercevoir ces grands mammif\u00e8res marins.\u00a0<\/p>\n\n\n\n<figure class=\"wp-block-image size-full\"><img loading=\"lazy\" decoding=\"async\" width=\"1024\" height=\"683\" src=\"https:\/\/mk0mistersafarimcosm.kinstacdn.com\/wp-content\/uploads\/sites\/2\/plage-afrique-sud-grotto.jpg\" alt=\"grotto beach\" class=\"wp-image-1427\" srcset=\"https:\/\/mistersafari.com\/fr\/wp-content\/uploads\/sites\/2\/plage-afrique-sud-grotto.jpg 1024w, https:\/\/mistersafari.com\/fr\/wp-content\/uploads\/sites\/2\/plage-afrique-sud-grotto-300x200.jpg 300w, https:\/\/mistersafari.com\/fr\/wp-content\/uploads\/sites\/2\/plage-afrique-sud-grotto-768x512.jpg 768w\" sizes=\"auto, (max-width: 1024px) 100vw, 1024px\" \/><figcaption>Cr\u00e9dits : Plage de Grotto, par <a aria-label=\" (opens in a new tab)\" href=\"https:\/\/www.flickr.com\/photos\/mazzali\/2512938829\/in\/photolist-4Q4tax-2jsy9Zx-n2Ne8T-g4mhC-g4mhD-awzwHS-atWV3k-N3pshV-c17pSY-c17rEq-2jsy8tr-c17os5-c17hhd-c17yzL-c17wFo-c17gz7-c17u9Y-Rk1tnN-c17Dz1-4Q4tvp-RHhEvL-kTFVUx-kTGzJZ-RnwnCj-MHMnBS-2dtqNy2-c17njW-grw6Wq-grx1rn-Ru8vuh-c17vsh-c17BgE-c17Eyw-c17GA5-2dLEpF9-c17A5S-64Urxe-RSUxh4-c17FpQ-4uzMU5-c17t1o-n2NhuH-3PsmT-c17CDs-c17xA5-n2NfGp-n2Nkea-3PsGb-grwBx6-S6Uk1M\/\" target=\"_blank\" rel=\"noreferrer noopener\" class=\"rank-math-link\">Mazzali<\/a> (CC BY-SA <a rel=\"noreferrer noopener\" class=\"rank-math-link\" href=\"https:\/\/creativecommons.org\/licenses\/by-sa\/2.0\/\" target=\"_blank\">2.0<\/a>)<\/figcaption><\/figure>\n\n\n\n<h2 class=\"wp-block-heading\"><span class=\"ez-toc-section\" id=\"muizenberg\"><\/span>Muizenberg<span class=\"ez-toc-section-end\"><\/span><\/h2>\n\n\n\n<p>La plage de Muizenberg est connue pour ses petites cabines en bois color\u00e9s en vert, rouge ou jaune, qui viennent contraster avec le sable clair. Elle est aussi appr\u00e9ci\u00e9e des surfeurs, aussi bien amateurs qu\u2019exp\u00e9riment\u00e9s. Enfin, vous aurez aussi peut-\u00eatre la chance d&rsquo;apercevoir derri\u00e8re vous le joli train jaune se dirigeant vers Simon\u2019s Town sur une voie ferr\u00e9e longeant la mer.\u00a0<\/p>\n\n\n\n<div class=\"wp-block-image\"><figure class=\"aligncenter size-full\"><img loading=\"lazy\" decoding=\"async\" width=\"1200\" height=\"799\" src=\"https:\/\/mk0mistersafarimcosm.kinstacdn.com\/wp-content\/uploads\/sites\/2\/Muizenberg-plage-afrique-sud.jpg\" alt=\"\" class=\"wp-image-1191\" srcset=\"https:\/\/mistersafari.com\/fr\/wp-content\/uploads\/sites\/2\/Muizenberg-plage-afrique-sud.jpg 1200w, https:\/\/mistersafari.com\/fr\/wp-content\/uploads\/sites\/2\/Muizenberg-plage-afrique-sud-300x200.jpg 300w, https:\/\/mistersafari.com\/fr\/wp-content\/uploads\/sites\/2\/Muizenberg-plage-afrique-sud-1024x682.jpg 1024w, https:\/\/mistersafari.com\/fr\/wp-content\/uploads\/sites\/2\/Muizenberg-plage-afrique-sud-768x511.jpg 768w\" sizes=\"auto, (max-width: 1200px) 100vw, 1200px\" \/><figcaption>Plage de Muizenberg<\/figcaption><\/figure><\/div>\n\n\n\n<h2 class=\"wp-block-heading\"><span class=\"ez-toc-section\" id=\"kraalbaai\"><\/span>Kraalbaai<span class=\"ez-toc-section-end\"><\/span><\/h2>\n\n\n\n<p>Appr\u00e9ci\u00e9e des locaux pour sa tranquillit\u00e9, la plage de Kraalbaai est bord\u00e9e par le lagon Langebaan offrant un lieu de baignade dans une eau un peu plus chaude que les autres plages de la c\u00f4te ouest. Les nombreux oiseaux sauvages pars\u00e8ment le ciel, au-dessus de l&rsquo;eau bleu turquoise. C\u2019est un spot r\u00e9put\u00e9 pour faire un braai, le barbecue local.<\/p>\n\n\n\n<figure class=\"wp-block-image size-full\"><img loading=\"lazy\" decoding=\"async\" width=\"1024\" height=\"683\" src=\"https:\/\/mk0mistersafarimcosm.kinstacdn.com\/wp-content\/uploads\/sites\/2\/plage-afrique-sud-kraalbaai.jpg\" alt=\"Kraalbaai\" class=\"wp-image-1430\" srcset=\"https:\/\/mistersafari.com\/fr\/wp-content\/uploads\/sites\/2\/plage-afrique-sud-kraalbaai.jpg 1024w, https:\/\/mistersafari.com\/fr\/wp-content\/uploads\/sites\/2\/plage-afrique-sud-kraalbaai-300x200.jpg 300w, https:\/\/mistersafari.com\/fr\/wp-content\/uploads\/sites\/2\/plage-afrique-sud-kraalbaai-768x512.jpg 768w\" sizes=\"auto, (max-width: 1024px) 100vw, 1024px\" \/><figcaption>Cr\u00e9dits : Plage de Kraalbaai, par <a aria-label=\"Raita Futo (opens in a new tab)\" href=\"https:\/\/www.flickr.com\/photos\/raita\/46475478255\/in\/photolist-mm3SS2-kG8KJR-kG8KoR-Zn6dAe-Zn62ip-21Hw9vP-ZCgrJY-2dNSYve-2fcK7R8-mm3LfV-mm4MeV-mm5PcS-mm5N9Q-mm3Xdr-mm5R5E-mm4L7e-mm4ykD-mm5UCb-mm3Wta-mm4Kf4-mm5TNL-mm5Qjm-mm4CSK\" target=\"_blank\" rel=\"noreferrer noopener\" class=\"rank-math-link\">Raita Futo<\/a> (CC BY-SA <a rel=\"noreferrer noopener\" href=\"https:\/\/creativecommons.org\/licenses\/by-sa\/2.0\/\" target=\"_blank\" class=\"rank-math-link\">2.0<\/a>)<\/figcaption><\/figure>\n\n\n\n<h2 class=\"gb-headline gb-headline-51bcbe79 gb-headline-text\"><span class=\"ez-toc-section\" id=\"la-plage-de-cape-vidal\"><\/span>La plage de Cape Vidal<span class=\"ez-toc-section-end\"><\/span><\/h2>\n\n\n\n<p>Sur la c\u00f4te Est de l\u2019Afrique du Sud, au c\u0153ur de la R\u00e9serve Naturelle de Greater Santa Lucia, on retrouve la plage sauvage de Cape Vidal. Accessible par un sentier, elle est compos\u00e9e de plusieurs petites criques entour\u00e9es de dunes sauvages. La temp\u00e9rature de l\u2019eau de l\u2019Oc\u00e9an Indien est agr\u00e9able et la plage est notamment fr\u00e9quent\u00e9e pendant la saison estivale.<\/p>\n\n\n\n<figure class=\"wp-block-image size-full\"><img loading=\"lazy\" decoding=\"async\" width=\"1024\" height=\"683\" src=\"https:\/\/mk0mistersafarimcosm.kinstacdn.com\/wp-content\/uploads\/sites\/2\/plage-afrique-sud-cape-vidal.jpg\" alt=\"plage de cape vidal\" class=\"wp-image-1431\" srcset=\"https:\/\/mistersafari.com\/fr\/wp-content\/uploads\/sites\/2\/plage-afrique-sud-cape-vidal.jpg 1024w, https:\/\/mistersafari.com\/fr\/wp-content\/uploads\/sites\/2\/plage-afrique-sud-cape-vidal-300x200.jpg 300w, https:\/\/mistersafari.com\/fr\/wp-content\/uploads\/sites\/2\/plage-afrique-sud-cape-vidal-768x512.jpg 768w\" sizes=\"auto, (max-width: 1024px) 100vw, 1024px\" \/><figcaption>Cr\u00e9dits : Plage de Cape Vidal, par <a href=\"https:\/\/www.flickr.com\/photos\/sgerner\/7849463424\/in\/photolist-cXCy1h-QhLVXP-SVo3yJ-2f4wjok-RV3f69-SXT3JJ-2jjAWQj-2jjAe1c-2jjw1MU-SVnpHE-pwKi93-8XXUGx-Jbzj21-Qjdunn-8XXTFP-RkEZw8-8MMHC3-8SDiuJ-dZaiYB-2dYsVYA-4VzJLD-8SAdn2-2jiAdjV-2dXCaH9-rJmfvQ-2jj2csZ-RQZecq-2jjyTG3-2jiAjPZ-bLVxCp-dZg1H9-8SDhgy-2f4wN3t-dZaj34-2e5xW9t-8Y1Wef-dZaiZF-8Y1Wjm-8XXVz8-8XXUQa-dZaj1T-8Y1XXC-4TWs3T-dZaiXt-8Y1WFs-8Y1XiL-8Y1Wzb-8Y1Y7Y-8XXUmp-8XXV2T\" target=\"_blank\" aria-label=\"Steven Gerner (opens in a new tab)\" rel=\"noreferrer noopener\" class=\"rank-math-link\">Steven Gerner<\/a> (CC BY-SA <a rel=\"noreferrer noopener\" href=\"https:\/\/creativecommons.org\/licenses\/by-sa\/2.0\/\" target=\"_blank\" class=\"rank-math-link\">2.0<\/a>)<\/figcaption><\/figure>\n\n\n\n<h2 class=\"wp-block-heading\"><span class=\"ez-toc-section\" id=\"camps-bay\"><\/span>Camps Bay<span class=\"ez-toc-section-end\"><\/span><\/h2>\n\n\n\n<p>Camps Bay est l\u2019une sinon la plus belle plage du Cap avec ses palmiers, ses rochers imposants et ses kilom\u00e8tres de sable fin. Situ\u00e9e \u00e0 seulement 5 km du centre, elle est facilement accessible et tr\u00e8s anim\u00e9e (et fr\u00e9quent\u00e9e !). C\u2019est l\u2019endroit parfait pour admirer le coucher du soleil.<\/p>\n\n\n\n<figure class=\"wp-block-image size-full\"><img loading=\"lazy\" decoding=\"async\" width=\"1024\" height=\"683\" src=\"https:\/\/mk0mistersafarimcosm.kinstacdn.com\/wp-content\/uploads\/sites\/2\/plage-afrique-sud-kraalbaai-1.jpg\" alt=\"\" class=\"wp-image-1432\" srcset=\"https:\/\/mistersafari.com\/fr\/wp-content\/uploads\/sites\/2\/plage-afrique-sud-kraalbaai-1.jpg 1024w, https:\/\/mistersafari.com\/fr\/wp-content\/uploads\/sites\/2\/plage-afrique-sud-kraalbaai-1-300x200.jpg 300w, https:\/\/mistersafari.com\/fr\/wp-content\/uploads\/sites\/2\/plage-afrique-sud-kraalbaai-1-768x512.jpg 768w\" sizes=\"auto, (max-width: 1024px) 100vw, 1024px\" \/><figcaption>Cr\u00e9dits : Plage de Camps Bay, par <a aria-label=\"Matt Kiefer (opens in a new tab)\" href=\"https:\/\/www.flickr.com\/photos\/mattkieffer\/43885204872\/in\/photolist-29RZ9tj-8YeTxT-aH3WKe-mLPyze-29RZ9YC-29RZbF5-29RZ8ty-29RZ9jb-29RZb2E-29RZc5m-2emEL7A-awzix5-29RZcdN-MPmmHu-awziyy-bQ89kH-awzhyQ-MPmoe5-eVtxNj-bBdv2d-2emEJku-2emEL4j-2dkcuyb-8YeTFD-G6r7vc-3FQkqT-5tGrxZ-2iRkz1u-mj8DS4-29RZ9HY-2iRg9Z7-Mnsoqs-4xQ5z-HJ95N-awzs7Y-24EF4Q5-MPmovh-MPmmyS-28QGV3u-29RZcB3-MPmobj-28ye1jp-MPmnpE-aKpVc4-5oY6Rx-bDZXNS-9aEfJy-hMcb8m-bSUG96-HRjmh\" target=\"_blank\" rel=\"noreferrer noopener\" class=\"rank-math-link\">Matt Kiefer<\/a> (CC BY-SA <a rel=\"noreferrer noopener\" href=\"https:\/\/creativecommons.org\/licenses\/by-sa\/2.0\/\" target=\"_blank\" class=\"rank-math-link\">2.0<\/a>)<\/figcaption><\/figure>\n\n\n\n<h2 class=\"wp-block-heading\"><span class=\"ez-toc-section\" id=\"plettenberg-bay\"><\/span>Plettenberg Bay<span class=\"ez-toc-section-end\"><\/span><\/h2>\n\n\n\n<p>Tr\u00e8s pris\u00e9e des locaux, Plettenberg Bay est situ\u00e9e le long de la fameuse Route des Jardins. Paisibles et sauvages, ses plages de sable blanc sont entour\u00e9es d\u2019une c\u00f4te escarp\u00e9e magnifique. Vous pourrez m\u00eame observer les baleines au loin pendant l\u2019hiver du haut des falaises !<\/p>\n\n\n\n<figure class=\"wp-block-image size-full\"><img loading=\"lazy\" decoding=\"async\" width=\"1024\" height=\"714\" src=\"https:\/\/mk0mistersafarimcosm.kinstacdn.com\/wp-content\/uploads\/sites\/2\/plage-afrique-sud-plettenberg-bay.jpg\" alt=\"plettenberg bay\" class=\"wp-image-1435\" srcset=\"https:\/\/mistersafari.com\/fr\/wp-content\/uploads\/sites\/2\/plage-afrique-sud-plettenberg-bay.jpg 1024w, https:\/\/mistersafari.com\/fr\/wp-content\/uploads\/sites\/2\/plage-afrique-sud-plettenberg-bay-300x209.jpg 300w, https:\/\/mistersafari.com\/fr\/wp-content\/uploads\/sites\/2\/plage-afrique-sud-plettenberg-bay-768x536.jpg 768w\" sizes=\"auto, (max-width: 1024px) 100vw, 1024px\" \/><figcaption>Cr\u00e9dits : Plage de Plettenberg, par <a rel=\"noreferrer noopener\" href=\"https:\/\/www.flickr.com\/photos\/south-african-tourism\/2417712635\/in\/photolist-4FDpJB-RuavQN-b8M5X8-Kvgj1-KvgiN-Kvgj3-kTGpNr-3FUQKs-6pisvm-9Nrjm-SH2WtN-23kfqXp-T2ssyR-ME4Zcx-KddfmQ-dXdLhY-KHDs6U-L9VE6i-3nCQwc-HbsDh7-81HM3z-Bsf2U-CGFWk2-aTqkNB-MMrhkF-6pek2T-6pekyM-Mkt2kY-6pitCq-6pisp9-6pipfq-6piop9-Cx8v2b-6pioto-BKaYad-9Nrgs-5z5LqW-64TYYc-CfydgY-C9byQx-6pefkZ-Cfy5NG-3FQjvc-CzoruD-CzobP6-3FQinM-Cx8PKJ-Cfyg7Y-BKb4F3-CEnSNG\" target=\"_blank\">South African Tourism<\/a> (CC BY <a rel=\"noreferrer noopener\" href=\"https:\/\/creativecommons.org\/licenses\/by\/2.0\/\" target=\"_blank\">2.0<\/a>)<\/figcaption><\/figure>\n\n\n\n<h2 class=\"wp-block-heading\"><span class=\"ez-toc-section\" id=\"sodwana-bay\"><\/span>Sodwana Bay<span class=\"ez-toc-section-end\"><\/span><\/h2>\n\n\n\n<p>Proche de la ville de Durban, Sodwana Bay est une plage paisible et peu fr\u00e9quent\u00e9e. Plusieurs activit\u00e9s sont accessibles sur ses \u00e9tendues : repos, baignade, plong\u00e9e, p\u00eache. Un endroit id\u00e9al pour profiter de votre s\u00e9jour en Afrique du Sud.<\/p>\n\n\n\n<figure class=\"wp-block-image size-full\"><img loading=\"lazy\" decoding=\"async\" width=\"1024\" height=\"683\" src=\"https:\/\/mk0mistersafarimcosm.kinstacdn.com\/wp-content\/uploads\/sites\/2\/plage-afrique-sud-sodwana-bay-1.jpg\" alt=\"sodwana\" class=\"wp-image-1442\" srcset=\"https:\/\/mistersafari.com\/fr\/wp-content\/uploads\/sites\/2\/plage-afrique-sud-sodwana-bay-1.jpg 1024w, https:\/\/mistersafari.com\/fr\/wp-content\/uploads\/sites\/2\/plage-afrique-sud-sodwana-bay-1-300x200.jpg 300w, https:\/\/mistersafari.com\/fr\/wp-content\/uploads\/sites\/2\/plage-afrique-sud-sodwana-bay-1-768x512.jpg 768w\" sizes=\"auto, (max-width: 1024px) 100vw, 1024px\" \/><figcaption>Cr\u00e9dits : Plage de Sodwana, par <a aria-label=\"H Dragon (opens in a new tab)\" href=\"https:\/\/www.flickr.com\/photos\/hllewellyn\/543711468\/in\/photolist-Q3EtE-nohLy6-swPy4-nDCMU9-swPyi-swPxM-4ALqBj-swPxq-5ENnt6-af5dsj-5hqqYQ-6KC8Nz-afeJGH-afHb8T-5hm4og-6x7AjS-6x3woe-5hm5LM-5hm6Mg-5hqpSG-5hqq8W-5hm5zk-5hqqLu-6x3wQH-afKVAE-5hqqyu-6x3vCB-5hqrkC-5hqqob-6x3no4-6x3vat-6x3jjM-6x3uPK-6x7B8b-6x7z1Q-6x7zjC-6x7uFC-6x7sQh-6x3pJK-6x7woE-6x7DaW-6x3vXz-6x7Esb-6x3eZP-6x7DC5-6x7sbJ-6x7qy7-6x7CmC-6x3nLF-6x3oJV\" target=\"_blank\" rel=\"noreferrer noopener\" class=\"rank-math-link\">H Dragon<\/a> (CC BY <a rel=\"noreferrer noopener\" href=\"https:\/\/creativecommons.org\/licenses\/by\/2.0\/\" target=\"_blank\">2.0<\/a>)<\/figcaption><\/figure>\n\n\n\n<h2 class=\"wp-block-heading\"><span class=\"ez-toc-section\" id=\"fish-hoek\"><\/span>Fish Hoek<span class=\"ez-toc-section-end\"><\/span><\/h2>\n\n\n\n<p>\u00c0 la rencontre de l\u2019Oc\u00e9an Indien et de l\u2019Oc\u00e9an Atlantique, la plage de Fish Hoek dans False Bay profite d\u2019une eau l\u00e9g\u00e8rement plus calme et plus chaude qu\u2019\u00e0 l\u2019ouest du pays. C\u2019est la premi\u00e8re plage \u00e0 utiliser des filets \u00e0 requins une partie de la journ\u00e9e, permettant ainsi de s\u2019y baigner en s\u00e9curit\u00e9.<\/p>\n\n\n\n<figure class=\"wp-block-image size-full\"><img loading=\"lazy\" decoding=\"async\" width=\"1024\" height=\"768\" src=\"https:\/\/mk0mistersafarimcosm.kinstacdn.com\/wp-content\/uploads\/sites\/2\/plage-afrique-sud-fish-hoek.jpg\" alt=\"\" class=\"wp-image-1444\" srcset=\"https:\/\/mistersafari.com\/fr\/wp-content\/uploads\/sites\/2\/plage-afrique-sud-fish-hoek.jpg 1024w, https:\/\/mistersafari.com\/fr\/wp-content\/uploads\/sites\/2\/plage-afrique-sud-fish-hoek-300x225.jpg 300w, https:\/\/mistersafari.com\/fr\/wp-content\/uploads\/sites\/2\/plage-afrique-sud-fish-hoek-768x576.jpg 768w\" sizes=\"auto, (max-width: 1024px) 100vw, 1024px\" \/><figcaption>Cr\u00e9dits : Plage de Sodwana, par <a rel=\"noreferrer noopener\" href=\"https:\/\/www.flickr.com\/photos\/hllewellyn\/543711468\/in\/photolist-Q3EtE-nohLy6-swPy4-nDCMU9-swPyi-swPxM-4ALqBj-swPxq-5ENnt6-af5dsj-5hqqYQ-6KC8Nz-afeJGH-afHb8T-5hm4og-6x7AjS-6x3woe-5hm5LM-5hm6Mg-5hqpSG-5hqq8W-5hm5zk-5hqqLu-6x3wQH-afKVAE-5hqqyu-6x3vCB-5hqrkC-5hqqob-6x3no4-6x3vat-6x3jjM-6x3uPK-6x7B8b-6x7z1Q-6x7zjC-6x7uFC-6x7sQh-6x3pJK-6x7woE-6x7DaW-6x3vXz-6x7Esb-6x3eZP-6x7DC5-6x7sbJ-6x7qy7-6x7CmC-6x3nLF-6x3oJV\" target=\"_blank\" class=\"rank-math-link\"><\/a><a href=\"https:\/\/www.flickr.com\/photos\/theocrazzolara\/32878471470\/in\/photolist-S6mL6L-nbAkux-nf5K2i-nt5GqX-7QMyyd-QMEr7-nf2AX1-SH2MqN-nuwSdW-nf7DsZ-7QJvp4-nwCM15-nf66YQ-nww9Lp-7QMyhQ-nf5LWc-7QJvWH-5sPm4y-7QJu2i-5sKjCh-nsNfRZ-8habsa-7QMRvb-8hdwfA-7QMLM3-7QMyKY-7QJxjT-7QJGAe-5sKmBq-29ToiXB-8h9UTH-8hdDcu-29P7mWE-8h9WLZ-8h9VMX-7QN1to-7QJJdP-8hddnm-8h9YDZ-8hdFbS-8hdEgm-8hdt8h-8hdgyb-8h9ZKp-5sF1wx-8hamVz-8hdiv1-8ha8Ce-8ha3b8-8haj6M\" class=\"rank-math-link\" target=\"_blank\" rel=\"noopener\">Theo Crazzolara<\/a> (CC BY <a rel=\"noreferrer noopener\" href=\"https:\/\/creativecommons.org\/licenses\/by\/2.0\/\" target=\"_blank\">2.0<\/a>)<\/figcaption><\/figure>\n\n\n\n<h2 class=\"wp-block-heading\"><strong>Visiter les plages d\u2019Afrique du Sud dans le cadre d\u2019un voyage plus complet<\/strong><\/h2>\n\n\n\n<p>Une visite des plages d\u2019Afrique du Sud est une exp\u00e9rience agr\u00e9able pour ponctuer ou clore votre s\u00e9jour en Afrique du Sud. Combin\u00e9e avec un safari dans les <a href=\"https:\/\/mistersafari.com\/fr\/safari-afrique-du-sud\/parcs-reserves\/\" class=\"rank-math-link\">parcs d\u2019Afrique du Sud<\/a>, vous aurez ainsi l&rsquo;occasion de profiter de ce que le pays offre de mieux.&nbsp;<\/p>\n\n\n\n<p>Voici quelques exemples de <a href=\"https:\/\/mistersafari.com\/fr\/safari-afrique-du-sud\/circuit\/\" class=\"rank-math-link\">circuits en Afrique du Sud<\/a> qui incluent des safaris et la d\u00e9couverte de plus belles plages d\u2019Afrique du Sud.\u00a0<\/p>\n\n\n\n<p>Circuit 1 : Focus sur les animaux (depuis Cape Town)<\/p>\n\n\n\n<ul class=\"wp-block-list\"><li>Visite de Boulders beach pour les manchots ;<\/li><li>Visite du Parc National des Z\u00e8bres de Montagne ;<\/li><li>Visite d\u2019<a class=\"rank-math-link\" href=\"https:\/\/mistersafari.com\/fr\/safari-afrique-du-sud\/parcs-reserves\/addo-elephant-park\/\">Addo Elephant Park <\/a>pour les \u00e9l\u00e9phants ;<\/li><li>Visite de Plettenberg Bay pour les baleines.<\/li><\/ul>\n\n\n\n<p>Circuit 2 : Pour la tranquillit\u00e9 (depuis Johanesburg)<\/p>\n\n\n\n<ul class=\"wp-block-list\"><li>Visite de la <a class=\"rank-math-link\" href=\"https:\/\/mistersafari.com\/fr\/safari-afrique-du-sud\/parcs-reserves\/reserve-madikwe\/\">R\u00e9serve de Madikwe<\/a> ;<\/li><li>Visite du <a href=\"https:\/\/mistersafari.com\/fr\/safari-afrique-du-sud\/parcs-reserves\/pilanesberg\/\">Parc de Pilanesberg<\/a> et la R\u00e9serve Black Rhino ;<\/li><li>Visite de la plage de Cape Vidal ;<\/li><li>Visite de la plage de Sodwana Bay.&nbsp;<\/li><\/ul>\n\n\n\n<p>Circuit : Les plus pris\u00e9s (depuis Johannesburg ou Cape Town selon le sens du circuit)<\/p>\n\n\n\n<ul class=\"wp-block-list\"><li>Visite du <a class=\"rank-math-link\" href=\"https:\/\/mistersafari.com\/fr\/safari-afrique-du-sud\/parcs-reserves\/parc-kruger\/\">Parc Kruger<\/a> ;<\/li><li>Visite du <a class=\"rank-math-link\" href=\"https:\/\/mistersafari.com\/fr\/safari-afrique-du-sud\/parcs-reserves\/parc-transfrontalier-kgalagadi\/\">Parc transfrontalier de Kgalagad<\/a>i ;<\/li><li>Visite du Parc du Namaqua ;<\/li><\/ul>\n\n\n\n<ul class=\"wp-block-list\"><li>Visite de la plage de Camps Bay ;<\/li><li>Visite de la plage de Muizenberg.&nbsp;<\/li><\/ul>\n","protected":false},"excerpt":{"rendered":"<p>Pour profiter d\u2019un temps de repos, pratiquer un sport nautique ou simplement observer l\u2019oc\u00e9an, les pr\u00e8s de 3000 km de c\u00f4tes d\u2019Afrique du Sud regorgent de coins magnifiques. Voici notre s\u00e9lection des 10 plus belles plages d\u2019Afrique du Sud. Parmi toutes les plages d\u2019Afrique du Sud, 10 valent ind\u00e9niablement le d\u00e9tour. Voici nos pr\u00e9f\u00e9r\u00e9es.\u00a0 Bloubergstrand &#8230; <a title=\"Les 10 plus belles plages en Afrique du Sud\" class=\"read-more\" href=\"https:\/\/mistersafari.com\/fr\/safari-afrique-du-sud\/plages\/\" aria-label=\"En savoir plus sur Les 10 plus belles plages en Afrique du Sud\">Lire la suite<\/a><\/p>\n","protected":false},"author":3,"featured_media":1187,"parent":1093,"menu_order":9,"comment_status":"closed","ping_status":"closed","template":"","meta":{"_acf_changed":false,"footnotes":""},"content_type":[],"country":[],"class_list":{"0":"post-1186","1":"page","2":"type-page","3":"status-publish","4":"has-post-thumbnail","6":"no-featured-image-padding"},"acf":{"hreflang":null},"_links":{"self":[{"href":"https:\/\/mistersafari.com\/fr\/wp-json\/wp\/v2\/pages\/1186","targetHints":{"allow":["GET"]}}],"collection":[{"href":"https:\/\/mistersafari.com\/fr\/wp-json\/wp\/v2\/pages"}],"about":[{"href":"https:\/\/mistersafari.com\/fr\/wp-json\/wp\/v2\/types\/page"}],"author":[{"embeddable":true,"href":"https:\/\/mistersafari.com\/fr\/wp-json\/wp\/v2\/users\/3"}],"replies":[{"embeddable":true,"href":"https:\/\/mistersafari.com\/fr\/wp-json\/wp\/v2\/comments?post=1186"}],"version-history":[{"count":12,"href":"https:\/\/mistersafari.com\/fr\/wp-json\/wp\/v2\/pages\/1186\/revisions"}],"predecessor-version":[{"id":5394,"href":"https:\/\/mistersafari.com\/fr\/wp-json\/wp\/v2\/pages\/1186\/revisions\/5394"}],"up":[{"embeddable":true,"href":"https:\/\/mistersafari.com\/fr\/wp-json\/wp\/v2\/pages\/1093"}],"wp:featuredmedia":[{"embeddable":true,"href":"https:\/\/mistersafari.com\/fr\/wp-json\/wp\/v2\/media\/1187"}],"wp:attachment":[{"href":"https:\/\/mistersafari.com\/fr\/wp-json\/wp\/v2\/media?parent=1186"}],"wp:term":[{"taxonomy":"content_type","embeddable":true,"href":"https:\/\/mistersafari.com\/fr\/wp-json\/wp\/v2\/content_type?post=1186"},{"taxonomy":"country","embeddable":true,"href":"https:\/\/mistersafari.com\/fr\/wp-json\/wp\/v2\/country?post=1186"}],"curies":[{"name":"wp","href":"https:\/\/api.w.org\/{rel}","templated":true}]}}