{"id":1182,"date":"2020-10-19T12:45:47","date_gmt":"2020-10-19T12:45:47","guid":{"rendered":"https:\/\/mistersafari.com\/fr\/?page_id=1182"},"modified":"2021-03-04T12:55:43","modified_gmt":"2021-03-04T12:55:43","slug":"location-voiture","status":"publish","type":"page","link":"https:\/\/mistersafari.com\/fr\/safari-afrique-du-sud\/location-voiture\/","title":{"rendered":"Louer une voiture en Afrique du Sud : Comment ? Combien \u00e7a co\u00fbte ?"},"content":{"rendered":"\n<p>Utiliser son propre moyen de transport gr\u00e2ce \u00e0 la location de voiture pour visiter un pays pr\u00e9sente souvent de nombreux avantages. Mais ce n\u2019est pas toujours l\u2019option id\u00e9ale pour tous. Est-ce la meilleure solution pour votre voyage en Afrique du Sud ? Voici un guide sur la location de voiture en Afrique du Sud pour vous aider \u00e0 d\u00e9cider.&nbsp;<\/p>\n\n\n\n<h2 class=\"wp-block-heading\"><strong>Louer une voiture en Afrique du Sud: la meilleure option pour votre voyage ?<\/strong><\/h2>\n\n\n\n<h3 class=\"wp-block-heading\"><strong>Les avantages de la location d\u2019une voiture en Afrique du Sud<\/strong><\/h3>\n\n\n\n<p>La location d\u2019une voiture en Afrique du Sud convainc de nombreux voyageurs. Les raisons sont multiples :<\/p>\n\n\n\n<ul class=\"wp-block-list\"><li>la libert\u00e9 de d\u00e9placement : vous pourrez vous rendre o\u00f9 vous voulez, quand vous le voulez ;<\/li><li>l\u2019unique mode de transport : une fois votre voiture r\u00e9cup\u00e9r\u00e9e, vous serez ind\u00e9pendant et n\u2019aurez pas \u00e0 multiplier les modes de transport ;<\/li><li>l\u2019acc\u00e8s aux zones recul\u00e9es : en ayant votre propre voiture, vous pourrez vous rendre facilement dans les r\u00e9gions les plus isol\u00e9es sans devoir opter pour la solution on\u00e9reuse de l\u2019avion, comme le<a class=\"rank-math-link\" href=\"https:\/\/mistersafari.com\/fr\/safari-afrique-du-sud\/parcs-reserves\/parc-transfrontalier-kgalagadi\/\"> Parc Transfrontalier de Kgalagadi<\/a>.&nbsp;<\/li><\/ul>\n\n\n\n<p>Les routes sont dans l\u2019ensemble en bon \u00e9tat. Les axes principaux sont goudronn\u00e9s et la conduite y est tr\u00e8s ais\u00e9e. Ce n\u2019est pas toujours le cas des routes secondaires, o\u00f9 l\u2019on observe parfois des nids-de-poule, mais elles sont largement praticables avec un peu d\u2019attention. Dans certains endroits tr\u00e8s recul\u00e9s, il faudra rouler sur des chemins de terre, qui restent malgr\u00e9 tout bien entretenus.&nbsp;<\/p>\n\n\n\n<p>Contrairement aux safaris dans d\u2019autres pays d&rsquo;Afrique, vous ne serez pas contraints de louer obligatoirement un 4&#215;4. Une SUV, voire une berline selon les parcs que vous visiterez, seront suffisants. Le tarif sera par cons\u00e9quent plus abordable aussi.&nbsp;<\/p>\n\n\n\n<h3 class=\"wp-block-heading\"><strong>Les inconv\u00e9nients<\/strong><\/h3>\n\n\n\n<p>Si vous comptez visiter des r\u00e9serves priv\u00e9es, comme la <a class=\"rank-math-link\" href=\"https:\/\/mistersafari.com\/fr\/safari-afrique-du-sud\/parcs-reserves\/reserve-madikwe\/\">R\u00e9serve Madikwe<\/a>, vous ne serez pas autoris\u00e9 \u00e0 utiliser votre propre v\u00e9hicule. Vous devrez joindre un Game drive organis\u00e9 par le lodge, qui inclut l\u2019excursion dans un 4&#215;4 conduit par un ranger.&nbsp;<\/p>\n\n\n\n<p>Le co\u00fbt de la location d\u2019une voiture peut aussi freiner certains. Au-del\u00e0 du tarif (qui reste plut\u00f4t bon march\u00e9 compar\u00e9 \u00e0 d\u2019autres pays du continent), il faut aussi prendre en compte les frais d\u2019essence, les p\u00e9ages, les frais d\u2019assurance et options additionnelles de votre location. Il n\u2019est pas toujours facile d\u2019estimer le co\u00fbt total au pr\u00e9alable. N\u2019h\u00e9sitez pas \u00e0 faire plusieurs devis aupr\u00e8s de diff\u00e9rentes agences de location.&nbsp;<\/p>\n\n\n\n<p>L\u2019Afrique du Sud a la r\u00e9putation d\u2019avoir un taux de criminalit\u00e9 assez \u00e9lev\u00e9. Les touristes sont souvent touch\u00e9s, surtout par manque de vigilance. Si vous optez pour la location de voiture, il faudra vous assurer de respecter quelques r\u00e8gles comme de ne pas laisser d\u2019objets \u00e0 port\u00e9e de vue, fermer la voiture la cl\u00e9, remonter les fen\u00eatres et verrouiller la voiture aux intersections\u2026&nbsp;<\/p>\n\n\n\n<p>Enfin, le dernier point concerne la conduite \u00e0 gauche sur les routes sud africaines. Ceux qui sont le moins \u00e0 l\u2019aise devront \u00eatre plus vigilants. Mais on s\u2019y fait vite.&nbsp;<\/p>\n\n\n\n<h3 class=\"wp-block-heading\"><strong>Les alternatives<\/strong> \u00e0 la location de voiture en Afrique du Sud<\/h3>\n\n\n\n<p>L\u2019immensit\u00e9 du pays pousse souvent les voyageurs \u00e0 opter pour les transferts internes en avion. Cette option fait gagner un temps pr\u00e9cieux pour rejoindre les principales r\u00e9gions du pays. Mais le co\u00fbt reste relativement \u00e9lev\u00e9 et s\u2019adresse surtout aux voyageurs aux budgets les plus \u00e9lev\u00e9s.&nbsp;<\/p>\n\n\n\n<p>Certains choisissent d\u2019utiliser les transports en commun terrestres : train, car, bus. Les trains sont nombreux mais les trajets tr\u00e8s longs. Mieux vaut opter pour les compagnies de car ou bus qui proposent des services abordables, de bon standard. Certains bus vous d\u00e9posent m\u00eame devant votre h\u00f4tel.&nbsp;<\/p>\n\n\n\n<h2 class=\"wp-block-heading\"><strong>O\u00f9 et comment louer sa voiture en Afrique du Sud ?<\/strong><\/h2>\n\n\n\n<h3 class=\"wp-block-heading\"><strong>Sur place ou avant de partir ?<\/strong><\/h3>\n\n\n\n<p>La location de votre voiture en Afrique du Sud peut se faire avant de partir, lors de l\u2019organisation de votre voyage. Vous aurez ainsi le temps de comparer les prix et les offres. Vous pouvez aussi louer une voiture directement sur place.&nbsp;<\/p>\n\n\n\n<p>Que ce soit depuis la France ou lors de votre s\u00e9jour en Afrique du Sud, vous pouvez vous adresser :<\/p>\n\n\n\n<ul class=\"wp-block-list\"><li>aux loueurs de voiture internationaux (en ligne ou en agence) ;<\/li><li>\u00e0 une agence de voyage avant votre d\u00e9part (si vous organisez votre voyage dans le cadre d\u2019un package) ;<\/li><li>aux loueurs de voiture locaux, pr\u00e9sents dans les grandes villes, aux a\u00e9roports, \u2026&nbsp;<\/li><\/ul>\n\n\n\n<h3 class=\"wp-block-heading\"><strong>Sous quelle formule ?<\/strong><\/h3>\n\n\n\n<p>Contrairement \u00e0 d\u2019autres pays comme la <a href=\"https:\/\/mistersafari.com\/fr\/safari-tanzanie\/location-voiture\/\">Tanzanie<\/a>, un chauffeur ne vous sera pas impos\u00e9. Vous pouvez donc librement louer un v\u00e9hicule, sous la formule de votre choix.<\/p>\n\n\n\n<h3 class=\"wp-block-heading\"><strong>Quel type de voiture louer ?<\/strong><\/h3>\n\n\n\n<p>Encore une fois, c\u2019est l\u2019un des avantages de l\u2019Afrique du Sud. Gr\u00e2ce \u00e0 ses routes en bon \u00e9tat, vous \u00eates libre de louer le v\u00e9hicule de votre choix. Un 4&#215;4 n\u2019est pas forc\u00e9ment n\u00e9cessaire. Une SUV, l\u00e9g\u00e8rement sur\u00e9lev\u00e9e, vous emm\u00e8nera sur toutes les routes d\u2019Afrique du Sud. Certains voyageurs r\u00e9alisent m\u00eame leurs <a href=\"https:\/\/mistersafari.com\/fr\/safari-afrique-du-sud\/\" class=\"rank-math-link\">safaris en Afrique du Sud<\/a> en Berline ou petite voiture. C\u2019est surtout une question de go\u00fbt et de budget !<\/p>\n\n\n\n<h3 class=\"wp-block-heading\"><strong>O\u00f9 r\u00e9cup\u00e9rer son v\u00e9hicule ?<\/strong><\/h3>\n\n\n\n<p>Lors de votre location, pensez \u00e0 v\u00e9rifier le lieu de collecte de la voiture. La plupart des loueurs, qu\u2019ils soient internationaux ou locaux, ont des agences dans les grandes villes et les a\u00e9roports.&nbsp;<\/p>\n\n\n\n<h3 class=\"wp-block-heading\"><strong>S\u2019approvisionner en essence<\/strong><\/h3>\n\n\n\n<p>Les stations essence sont nombreuses, aussi bien dans les grandes villes que sur les axes principaux et secondaires qu\u2019au coeur des parcs animaliers. Vous n\u2019aurez pas de difficult\u00e9 particuli\u00e8re \u00e0 vous approvisionner en essence.&nbsp;<\/p>\n\n\n\n<p>Il est courant de rencontrer des pompistes \u00e0 chaque station essence offrant leur service (faire le plein, nettoyer votre pare-brise). Ce service est g\u00e9n\u00e9ralement gratuit, mais il est coutume de leur donner un pourboire.&nbsp;<\/p>\n\n\n\n<h2 class=\"wp-block-heading\"><strong>Combien co\u00fbte la location d\u2019une voiture en Afrique du Sud<\/strong><\/h2>\n\n\n\n<p>Le prix de la location d\u2019une voiture en Afrique du Sud est relativement bon march\u00e9 par rapport \u00e0 d\u2019autres pays du continent. Les tarifs varient en fonction de nombreux crit\u00e8res, comme la dur\u00e9e de la location, le type de voiture, les lieux de collecte et de d\u00e9pose.<\/p>\n\n\n\n<p class=\"callout-blue\">Il est donc difficile de donner une estimation pr\u00e9cise du co\u00fbt de la location mais vous pouvez compter au minimum 15\u20ac par jour pour une petite voiture.&nbsp;<\/p>\n\n\n\n<p>Les tarifs grimpent ensuite en fonction des crit\u00e8res list\u00e9s ci-dessus.&nbsp;&nbsp;<\/p>\n\n\n\n<p>Lors de votre location, pensez \u00e0 v\u00e9rifier les points suivants :<\/p>\n\n\n\n<ul class=\"wp-block-list\"><li>le nombre de kilom\u00e8tres : le pays est vaste, vous risquez de parcourir de plusieurs centaines de kilom\u00e8tres ;<\/li><li>le tarif d\u2019un conducteur additionnel ;<\/li><li>les conditions de passage des fronti\u00e8res si vous pr\u00e9voyez de vous rendre au Swaziland ou au Lesotho.&nbsp;<\/li><\/ul>\n","protected":false},"excerpt":{"rendered":"<p>Utiliser son propre moyen de transport gr\u00e2ce \u00e0 la location de voiture pour visiter un pays pr\u00e9sente souvent de nombreux avantages. Mais ce n\u2019est pas toujours l\u2019option id\u00e9ale pour tous. Est-ce la meilleure solution pour votre voyage en Afrique du Sud ? Voici un guide sur la location de voiture en Afrique du Sud pour &#8230; <a title=\"Louer une voiture en Afrique du Sud : Comment ? Combien \u00e7a co\u00fbte ?\" class=\"read-more\" href=\"https:\/\/mistersafari.com\/fr\/safari-afrique-du-sud\/location-voiture\/\" aria-label=\"En savoir plus sur Louer une voiture en Afrique du Sud : Comment ? Combien \u00e7a co\u00fbte ?\">Lire la suite<\/a><\/p>\n","protected":false},"author":3,"featured_media":1185,"parent":1093,"menu_order":8,"comment_status":"closed","ping_status":"closed","template":"","meta":{"_acf_changed":false,"footnotes":""},"content_type":[],"country":[],"class_list":{"0":"post-1182","1":"page","2":"type-page","3":"status-publish","4":"has-post-thumbnail","6":"no-featured-image-padding"},"acf":{"hreflang":null},"_links":{"self":[{"href":"https:\/\/mistersafari.com\/fr\/wp-json\/wp\/v2\/pages\/1182","targetHints":{"allow":["GET"]}}],"collection":[{"href":"https:\/\/mistersafari.com\/fr\/wp-json\/wp\/v2\/pages"}],"about":[{"href":"https:\/\/mistersafari.com\/fr\/wp-json\/wp\/v2\/types\/page"}],"author":[{"embeddable":true,"href":"https:\/\/mistersafari.com\/fr\/wp-json\/wp\/v2\/users\/3"}],"replies":[{"embeddable":true,"href":"https:\/\/mistersafari.com\/fr\/wp-json\/wp\/v2\/comments?post=1182"}],"version-history":[{"count":4,"href":"https:\/\/mistersafari.com\/fr\/wp-json\/wp\/v2\/pages\/1182\/revisions"}],"predecessor-version":[{"id":1814,"href":"https:\/\/mistersafari.com\/fr\/wp-json\/wp\/v2\/pages\/1182\/revisions\/1814"}],"up":[{"embeddable":true,"href":"https:\/\/mistersafari.com\/fr\/wp-json\/wp\/v2\/pages\/1093"}],"wp:featuredmedia":[{"embeddable":true,"href":"https:\/\/mistersafari.com\/fr\/wp-json\/wp\/v2\/media\/1185"}],"wp:attachment":[{"href":"https:\/\/mistersafari.com\/fr\/wp-json\/wp\/v2\/media?parent=1182"}],"wp:term":[{"taxonomy":"content_type","embeddable":true,"href":"https:\/\/mistersafari.com\/fr\/wp-json\/wp\/v2\/content_type?post=1182"},{"taxonomy":"country","embeddable":true,"href":"https:\/\/mistersafari.com\/fr\/wp-json\/wp\/v2\/country?post=1182"}],"curies":[{"name":"wp","href":"https:\/\/api.w.org\/{rel}","templated":true}]}}