{"id":1171,"date":"2020-10-02T16:38:18","date_gmt":"2020-10-02T16:38:18","guid":{"rendered":"https:\/\/mistersafari.com\/fr\/?page_id=1171"},"modified":"2021-01-18T16:01:19","modified_gmt":"2021-01-18T16:01:19","slug":"comment-aller","status":"publish","type":"page","link":"https:\/\/mistersafari.com\/fr\/safari-afrique-du-sud\/comment-aller\/","title":{"rendered":"Comment aller en Afrique du Sud ?"},"content":{"rendered":"\n<p>Vous \u00eates en plein dans l&rsquo;organisation de votre voyage et vous vous demandez quelle est la meilleure option pour se rendre en Afrique du Sud. Quelle compagnie a\u00e9rienne choisir, quels sont les tarifs et comment r\u00e9server ? Suivez ce guide.&nbsp;<\/p>\n\n\n\n<h2 class=\"wp-block-heading\"><strong>Aller en Afrique du Sud : quelles options ?<\/strong><\/h2>\n\n\n\n<p>Pour vous rendre en Afrique du Sud depuis l\u2019Europe ou un autre continent, un vol international est la meilleure voire l\u2019unique option. Il faudra compter une dizaine d\u2019heures de vol depuis Paris.&nbsp;<\/p>\n\n\n\n<p>Mais votre visite de l\u2019Afrique du Sud peut aussi faire partie d\u2019un p\u00e9riple de <a href=\"https:\/\/mistersafari.com\/fr\/safari-afrique\/\" class=\"rank-math-link\">safaris en Afrique<\/a>. Depuis l\u2019un des pays voisins (Zimbabwe, Mozambique, Botswana ou Namibie), vous pourrez utiliser d\u2019autres moyens de transport comme le train, le bus ou encore la location de voiture, voire m\u00eame le bateau puisque le pays borde deux oc\u00e9ans.\u00a0<\/p>\n\n\n\n<h2 class=\"wp-block-heading\"><strong>Quels sont les a\u00e9roports en Afrique du Sud ? Comment choisir ?<\/strong><\/h2>\n\n\n\n<p>Trois a\u00e9roports internationaux sont r\u00e9partis dans le pays :<\/p>\n\n\n\n<ul class=\"wp-block-list\"><li>l\u2019A\u00e9roport international du Cap (le 22\u00e8me plus grand a\u00e9roport au monde) ;<\/li><li>Oliver Tambo International \u00e0 Johannesburg ;<\/li><li>King Shaka International \u00e0 Durban.<\/li><\/ul>\n\n\n\n<p>Tous re\u00e7oivent des vols venant des quatres coins du monde, mais aussi des vols int\u00e9rieurs.&nbsp;<\/p>\n\n\n\n<p>Si votre ville de d\u00e9part le permet, vous pourrez choisir l\u2019a\u00e9roport en fonction de sa localisation et de votre projet de voyage ou de <a href=\"https:\/\/mistersafari.com\/fr\/safari-afrique-du-sud\/\" class=\"rank-math-link\">safari en Afrique du Sud<\/a> :<\/p>\n\n\n\n<ul class=\"wp-block-list\"><li>Oliver Tambo International \u00e0 Johannesburg si vous vous rendez dans le Nord \/ Nord-Est du pays (au <a href=\"https:\/\/mistersafari.com\/fr\/safari-afrique-du-sud\/parcs-reserves\/parc-kruger\/\">Parc Kruger<\/a> par exemple) ;<\/li><li>A\u00e9roport international du Cap pour visiter le sud du pays, la r\u00e9gion du Cap, jusqu\u2019au <a href=\"https:\/\/mistersafari.com\/fr\/safari-afrique-du-sud\/parcs-reserves\/addo-elephant-park\/\">Addo Elephant Park<\/a> ;<\/li><li>King Shaka International \u00e0 Durban pour un s\u00e9jour sur les c\u00f4tes de l\u2019Oc\u00e9an Indien.&nbsp;<\/li><\/ul>\n\n\n\n<p>Il est aussi possible de combiner les lieux de d\u00e9part et d\u2019arriv\u00e9e. Vous pourriez par exemple arriv\u00e9e au Cap et repartir de Johannesburg, ou vice-versa. Il y a parfois un surco\u00fbt mais c\u2019est un bon moyen d\u2019optimiser le temps sur place.&nbsp;<\/p>\n\n\n\n<h2 class=\"wp-block-heading\"><strong>Quand et o\u00f9 r\u00e9server son vol pour aller en Afrique du Sud ?<\/strong><\/h2>\n\n\n\n<h3 class=\"wp-block-heading\"><strong>Options<\/strong><\/h3>\n\n\n\n<p>Pour r\u00e9server vos vols vers l\u2019Afrique du Sud, vous pourrez le faire en ligne directement sur le site de la compagnie a\u00e9rienne ou en utilisant un comparateur (l\u2019un n\u2019emp\u00eachant pas l\u2019autre, au contraire!). Certaines agences de voyage proposent des packages tout inclus et s\u2019occupent de r\u00e9server vos vols. Avec d\u2019autres, il faudra organiser votre moyen de transport par vous-m\u00eame.&nbsp;<\/p>\n\n\n\n<h3 class=\"wp-block-heading\"><strong>Les vols pour se rendre en Afrique du Sud<\/strong><\/h3>\n\n\n\n<p>De nombreuses compagnies assurent les liaisons vers l\u2019Afrique du Sud. Tout d\u00e9pendra de votre point de d\u00e9part.&nbsp;<\/p>\n\n\n\n<p>Seul Air France \/ KLM propose des vols directs depuis la France vers Johannesburg. Le vol est quotidien depuis Paris. Le d\u00e9part a lieu en soir\u00e9e pour arriver le lendemain matin. Au retour, vous d\u00e9collerez dans l\u2019apr\u00e8s-midi et arriverez le lendemain matin.&nbsp;<\/p>\n\n\n\n<p>Une autre liaison est disponible pendant l\u2019\u00e9t\u00e9 austral (d\u2019Octobre \u00e0 Avril) entre Paris et Le Cap. On compte 3 vols par semaine, avec des horaires \u00e0 peu pr\u00e8s similaires aux liaisons avec Johannesburg.&nbsp;<\/p>\n\n\n\n<p><em>Il n\u2019y a pas de d\u00e9calage horaire entre la France et l\u2019Afrique du Sud.&nbsp;<\/em><\/p>\n\n\n\n<p>D\u2019autres compagnies a\u00e9riennes desservent l\u2019Afrique du Sud et notamment les deux principaux a\u00e9roports, mais il faudra faire une escale :<\/p>\n\n\n\n<ul class=\"wp-block-list\"><li>South African Airways ;<\/li><li>Emirates (qui dessert aussi Durban) ;<\/li><li>British Airways ;<\/li><li>Qatar Airways ;<\/li><li>&#8230;&nbsp;<\/li><\/ul>\n\n\n\n<h2 class=\"wp-block-heading\"><strong>Aller en Afrique du Sud, combien \u00e7a co\u00fbte ?<\/strong><\/h2>\n\n\n\n<p>Les prix des vols vers et depuis l\u2019Afrique du Sud sont influenc\u00e9s par plusieurs facteurs, et notamment :<\/p>\n\n\n\n<ul class=\"wp-block-list\"><li>le d\u00e9lai entre la r\u00e9servation et le voyage ;<\/li><li>la p\u00e9riode du voyage ;<\/li><li>un vol avec ou sans escale ;<\/li><li>la compagnie a\u00e9rienne ;<\/li><li>le lieu de d\u00e9part et la destination.&nbsp;<\/li><\/ul>\n\n\n\n<p>Les mois de D\u00e9cembre, Janvier et Juillet \u00e0 Septembre sont g\u00e9n\u00e9ralement les plus chers. Les mois d\u2019Avril et Mai (hors vacances scolaires) et Novembre sont \u00e0 des tarifs plus bas.&nbsp;<\/p>\n\n\n\n<p>Un vol vers Johannesburg est g\u00e9n\u00e9ralement moins cher qu\u2019un vol vers Le Cap, parfois m\u00eame en ajoutant un vol int\u00e9rieur si besoin. Il est cependant possible d\u2019arriver et de partir de deux villes diff\u00e9rentes, \u00e0 des tarifs souvent peu sup\u00e9rieurs. Les vols avec escale sont aussi souvent plus \u00e9conomiques, mais n\u2019oubliez pas de prendre en compte le temps de voyage suppl\u00e9mentaire.&nbsp;<\/p>\n\n\n\n<p>En prenant votre r\u00e9servation suffisamment t\u00f4t, vous pouvez obtenir des vols A\/R Paris Johannesburg pour un peu plus de 600\u20ac. Le prix moyen tourne autour de 850\u20ac environ.\u00a0Il s\u2019agit ici seulement d&rsquo;une moyenne. Les prix peuvent fortement varier d\u2019une saison \u00e0 une autre.\u00a0<\/p>\n","protected":false},"excerpt":{"rendered":"<p>Vous \u00eates en plein dans l&rsquo;organisation de votre voyage et vous vous demandez quelle est la meilleure option pour se rendre en Afrique du Sud. Quelle compagnie a\u00e9rienne choisir, quels sont les tarifs et comment r\u00e9server ? Suivez ce guide.&nbsp; Aller en Afrique du Sud : quelles options ? Pour vous rendre en Afrique du &#8230; <a title=\"Comment aller en Afrique du Sud ?\" class=\"read-more\" href=\"https:\/\/mistersafari.com\/fr\/safari-afrique-du-sud\/comment-aller\/\" aria-label=\"En savoir plus sur Comment aller en Afrique du Sud ?\">Lire la suite<\/a><\/p>\n","protected":false},"author":3,"featured_media":1177,"parent":1093,"menu_order":7,"comment_status":"closed","ping_status":"closed","template":"","meta":{"_acf_changed":false,"footnotes":""},"content_type":[],"country":[],"class_list":{"0":"post-1171","1":"page","2":"type-page","3":"status-publish","4":"has-post-thumbnail","6":"no-featured-image-padding"},"acf":{"hreflang":null},"_links":{"self":[{"href":"https:\/\/mistersafari.com\/fr\/wp-json\/wp\/v2\/pages\/1171","targetHints":{"allow":["GET"]}}],"collection":[{"href":"https:\/\/mistersafari.com\/fr\/wp-json\/wp\/v2\/pages"}],"about":[{"href":"https:\/\/mistersafari.com\/fr\/wp-json\/wp\/v2\/types\/page"}],"author":[{"embeddable":true,"href":"https:\/\/mistersafari.com\/fr\/wp-json\/wp\/v2\/users\/3"}],"replies":[{"embeddable":true,"href":"https:\/\/mistersafari.com\/fr\/wp-json\/wp\/v2\/comments?post=1171"}],"version-history":[{"count":2,"href":"https:\/\/mistersafari.com\/fr\/wp-json\/wp\/v2\/pages\/1171\/revisions"}],"predecessor-version":[{"id":1176,"href":"https:\/\/mistersafari.com\/fr\/wp-json\/wp\/v2\/pages\/1171\/revisions\/1176"}],"up":[{"embeddable":true,"href":"https:\/\/mistersafari.com\/fr\/wp-json\/wp\/v2\/pages\/1093"}],"wp:featuredmedia":[{"embeddable":true,"href":"https:\/\/mistersafari.com\/fr\/wp-json\/wp\/v2\/media\/1177"}],"wp:attachment":[{"href":"https:\/\/mistersafari.com\/fr\/wp-json\/wp\/v2\/media?parent=1171"}],"wp:term":[{"taxonomy":"content_type","embeddable":true,"href":"https:\/\/mistersafari.com\/fr\/wp-json\/wp\/v2\/content_type?post=1171"},{"taxonomy":"country","embeddable":true,"href":"https:\/\/mistersafari.com\/fr\/wp-json\/wp\/v2\/country?post=1171"}],"curies":[{"name":"wp","href":"https:\/\/api.w.org\/{rel}","templated":true}]}}