{"id":1169,"date":"2020-10-02T16:29:28","date_gmt":"2020-10-02T16:29:28","guid":{"rendered":"https:\/\/mistersafari.com\/fr\/?page_id=1169"},"modified":"2021-09-07T15:45:15","modified_gmt":"2021-09-07T15:45:15","slug":"quand-partir","status":"publish","type":"page","link":"https:\/\/mistersafari.com\/fr\/safari-afrique-du-sud\/quand-partir\/","title":{"rendered":"Quand partir en Afrique du Sud ?"},"content":{"rendered":"\n<p>Avec ses 1000 km de long et 1500 km de large, l\u2019Afrique du Sud est un vaste pays. Influenc\u00e9 par l\u2019Oc\u00e9an Indien \u00e0 l\u2019Est et l\u2019Oc\u00e9an Atlantique \u00e0 l\u2019Ouest, le climat varie selon les r\u00e9gions. Savoir quand partir en Afrique du Sud d\u00e9pend surtout de la r\u00e9gion visit\u00e9e mais aussi des activit\u00e9s que vous souhaitez r\u00e9aliser. Quel est le meilleur moment pour visiter ce pays et profiter du meilleur climat pour faire un <a href=\"https:\/\/mistersafari.com\/fr\/safari-afrique-du-sud\/\" class=\"rank-math-link\">safari en Afrique du Sud<\/a> ? R\u00e9ponse dans ce guide !<\/p>\n\n\n\n<h2 class=\"wp-block-heading\"><strong>Quelle est la meilleure p\u00e9riode pour partir en Afrique du Sud ?<\/strong><\/h2>\n\n\n\n<p>L\u2019Afrique du Sud est situ\u00e9 dans l\u2019h\u00e9misph\u00e8re Sud, les saisons sont donc invers\u00e9es par rapport aux n\u00f4tres en Europe.&nbsp;<\/p>\n\n\n\n<ul class=\"wp-block-list\"><li>l\u2019\u00e9t\u00e9 austral s\u2019\u00e9tend de Novembre \u00e0 Mars ;<\/li><li>l\u2019hiver d\u2019Avril \u00e0 Octobre.&nbsp;<\/li><\/ul>\n\n\n\n<p>D\u2019une mani\u00e8re g\u00e9n\u00e9rale, l\u2019\u00e9t\u00e9 est chaud et humide et l\u2019hiver est froid et sec. Mais cela varie selon les r\u00e9gions comme nous le verrons plus loin.&nbsp;<\/p>\n\n\n\n<p>Suivez ce tableau pour savoir quand partir pour un safari en Afrique du Sud :&nbsp;<\/p>\n\n\n\n<figure class=\"wp-block-table\"><table><tbody><tr><td>Janvier<\/td><td>F\u00e9vrier<\/td><td>Mars<\/td><td>Avril<\/td><td>Mai<\/td><td>Juin<\/td><td>Juillet<\/td><td>Ao\u00fbt<\/td><td>Septembre<\/td><td>Octobre<\/td><td>Novembre<\/td><td>D\u00e9cembre<\/td><\/tr><tr><td>**<\/td><td>**<\/td><td>**<\/td><td>***<\/td><td>***<\/td><td>***<\/td><td>**<\/td><td>**<\/td><td>****<\/td><td>***<\/td><td>***<\/td><td>**<\/td><\/tr><\/tbody><\/table><\/figure>\n\n\n\n<p>Les mois de D\u00e9cembre et Janvier sont marqu\u00e9s par les grandes vacances et les f\u00eates de fin d\u2019ann\u00e9e en Afrique du Sud. On constate donc une hausse de la fr\u00e9quentation aussi bien sur la c\u00f4te que dans les parcs. C\u2019est \u00e0 prendre en consid\u00e9ration si vous pr\u00e9f\u00e9rez un voyage sans foule !&nbsp;<\/p>\n\n\n\n<h2 class=\"wp-block-heading\"><strong>La m\u00e9t\u00e9o et le climat en Afrique du Sud<\/strong><\/h2>\n\n\n\n<h3 class=\"wp-block-heading\"><strong>Les temp\u00e9ratures<\/strong><\/h3>\n\n\n\n<p>Mises \u00e0 part quelques r\u00e9gions du pays, les temp\u00e9ratures en Afrique du Sud sont plut\u00f4t agr\u00e9ables toute l\u2019ann\u00e9e.&nbsp;<\/p>\n\n\n\n<ul class=\"wp-block-list\"><li><strong>En hiver, les temp\u00e9ratures sont plus fra\u00eeches et tournent autour de 15 \u00e0 25\u00b0<\/strong>. C\u2019est surtout les \u00e9carts de temp\u00e9rature entre la nuit et le jour qui sont importants. <\/li><li><strong>En \u00e9t\u00e9, les temp\u00e9ratures s\u2019\u00e9l\u00e8vent \u00e0 25\u00b0 et d\u00e9passent rarement les 30\u00b0<\/strong>. Certaines zones d\u00e9sertiques, comme le d\u00e9sert de Kalahari, connaissent cependant des temp\u00e9ratures extr\u00eames et les temp\u00e9ratures d\u00e9passent les 40\u00b0.&nbsp;<\/li><\/ul>\n\n\n\n<h3 class=\"wp-block-heading\"><strong>La m\u00e9t\u00e9o selon les r\u00e9gion<\/strong><\/h3>\n\n\n\n<p>Elles sont le principal facteur qui justifient les diff\u00e9rences de climat du pays : les r\u00e9gions d\u2019Afrique du Sud.&nbsp;<\/p>\n\n\n\n<p>Dans la r\u00e9gion de Cape Town, le climat est m\u00e9diterran\u00e9en. Entre Septembre et Avril, les temp\u00e9ratures sont chaudes, les journ\u00e9es sont ensoleill\u00e9es et le climat est sec. Le vent souffle fort en cette saison. Inversement en hiver, les temp\u00e9ratures avoisinent les 8\u00b0, parfois moins avec des chutes de neige sur les hauteurs. Quant \u00e0 la mer, elle d\u00e9passe rarement les 20\u00b0.&nbsp;<\/p>\n\n\n\n<p>Sur les c\u00f4tes de l\u2019Oc\u00e9an Indien et autour de la r\u00e9gion de Durban, le climat est subtropical. Les \u00e9t\u00e9s sont chauds et humides. Les temp\u00e9ratures sont en moyenne de 28\u00b0et les pluies sont fr\u00e9quentes. L\u2019hiver quant \u00e0 lui est plut\u00f4t doux (20-25\u00b0) et les pluies se font plus rares. La mer atteint la temp\u00e9rature de 26\u00b0 en moyenne.<\/p>\n\n\n\n<p>Dans la r\u00e9gion de Johannesburg et de la <a href=\"https:\/\/mistersafari.com\/fr\/safari-afrique-du-sud\/parcs-reserves\/reserve-madikwe\/\" class=\"rank-math-link\">R\u00e9serve de Madikwe<\/a>, l\u2019\u00e9t\u00e9 est marqu\u00e9 par des pluies abondantes, souvent sous la forme d\u2019orages en fin d\u2019apr\u00e8s-midi. Les temp\u00e9ratures oscillent entre 25 et 30\u00b0. En hiver, le climat est sec et ensoleill\u00e9. L\u2019\u00e9cart de temp\u00e9ratures entre la nuit et le jour est important allant de valeurs n\u00e9gatives la nuit \u00e0 des temp\u00e9ratures entre 10 et 20\u00b0 la journ\u00e9e.&nbsp;<\/p>\n\n\n\n<h2 class=\"wp-block-heading\"><strong>Quand partir en Afrique du Sud en fonction des activit\u00e9s<\/strong><\/h2>\n\n\n\n<p>Avec un climat relativement agr\u00e9able toute l\u2019ann\u00e9e, il n\u2019y a pas de saison id\u00e9ale pour visiter l\u2019Afrique du Sud. Cela va surtout d\u00e9pendre de la ou des r\u00e9gions visit\u00e9es et de ce que vous souhaitez faire. Toutefois les mois de mi-saison (Automne en Mai et Juin et Printemps en Octobre et Novembre) sont souvent un bon compromis.&nbsp;<\/p>\n\n\n\n<p>Ce sont par exemple les meilleurs saisons pour visiter le <a class=\"rank-math-link\" href=\"https:\/\/mistersafari.com\/fr\/safari-afrique-du-sud\/parcs-reserves\/parc-transfrontalier-kgalagadi\/\">Parc Transfrontalier de Kgalagadi<\/a> avec son climat aride.&nbsp;<\/p>\n\n\n\n<p>Pour un safari en Afrique du Sud, les mois de Mai \u00e0 Octobre, c\u2019est-\u00e0-dire l\u2019hiver austral, est g\u00e9n\u00e9ralement une p\u00e9riode favorable \u00e0 l\u2019observation des animaux. Le climat est sec, le soleil est pr\u00e9sent et la v\u00e9g\u00e9tation est rase. Par contre, les nuits sont particuli\u00e8rement fra\u00eeches. C\u2019est notamment le cas du <a class=\"rank-math-link\" href=\"https:\/\/mistersafari.com\/fr\/safari-afrique-du-sud\/parcs-reserves\/parc-kruger\/\">Parc Kruger<\/a> qui se visite id\u00e9alement pendant cette p\u00e9riode. C\u2019est aussi pendant l\u2019hiver austral, plus pr\u00e9cis\u00e9ment de Juillet \u00e0 D\u00e9cembre mais surtout en Septembre et Octobre, que vous pourrez observer les baleines depuis la c\u00f4te.&nbsp;<\/p>\n\n\n\n<p>Pour un s\u00e9jour baln\u00e9aire, il faudra plut\u00f4t se rendre dans la r\u00e9gion du Cap de Novembre \u00e0 Mars ou sur la c\u00f4te de l\u2019Oc\u00e9an indien du Nord du Kwazulu-Natal pendant les mois d\u2019hiver.&nbsp;<\/p>\n","protected":false},"excerpt":{"rendered":"<p>Avec ses 1000 km de long et 1500 km de large, l\u2019Afrique du Sud est un vaste pays. Influenc\u00e9 par l\u2019Oc\u00e9an Indien \u00e0 l\u2019Est et l\u2019Oc\u00e9an Atlantique \u00e0 l\u2019Ouest, le climat varie selon les r\u00e9gions. Savoir quand partir en Afrique du Sud d\u00e9pend surtout de la r\u00e9gion visit\u00e9e mais aussi des activit\u00e9s que vous souhaitez &#8230; <a title=\"Quand partir en Afrique du Sud ?\" class=\"read-more\" href=\"https:\/\/mistersafari.com\/fr\/safari-afrique-du-sud\/quand-partir\/\" aria-label=\"En savoir plus sur Quand partir en Afrique du Sud ?\">Lire la suite<\/a><\/p>\n","protected":false},"author":3,"featured_media":646,"parent":1093,"menu_order":6,"comment_status":"closed","ping_status":"closed","template":"","meta":{"_acf_changed":false,"footnotes":""},"content_type":[],"country":[],"class_list":{"0":"post-1169","1":"page","2":"type-page","3":"status-publish","4":"has-post-thumbnail","6":"no-featured-image-padding"},"acf":{"hreflang":null},"_links":{"self":[{"href":"https:\/\/mistersafari.com\/fr\/wp-json\/wp\/v2\/pages\/1169","targetHints":{"allow":["GET"]}}],"collection":[{"href":"https:\/\/mistersafari.com\/fr\/wp-json\/wp\/v2\/pages"}],"about":[{"href":"https:\/\/mistersafari.com\/fr\/wp-json\/wp\/v2\/types\/page"}],"author":[{"embeddable":true,"href":"https:\/\/mistersafari.com\/fr\/wp-json\/wp\/v2\/users\/3"}],"replies":[{"embeddable":true,"href":"https:\/\/mistersafari.com\/fr\/wp-json\/wp\/v2\/comments?post=1169"}],"version-history":[{"count":6,"href":"https:\/\/mistersafari.com\/fr\/wp-json\/wp\/v2\/pages\/1169\/revisions"}],"predecessor-version":[{"id":4013,"href":"https:\/\/mistersafari.com\/fr\/wp-json\/wp\/v2\/pages\/1169\/revisions\/4013"}],"up":[{"embeddable":true,"href":"https:\/\/mistersafari.com\/fr\/wp-json\/wp\/v2\/pages\/1093"}],"wp:featuredmedia":[{"embeddable":true,"href":"https:\/\/mistersafari.com\/fr\/wp-json\/wp\/v2\/media\/646"}],"wp:attachment":[{"href":"https:\/\/mistersafari.com\/fr\/wp-json\/wp\/v2\/media?parent=1169"}],"wp:term":[{"taxonomy":"content_type","embeddable":true,"href":"https:\/\/mistersafari.com\/fr\/wp-json\/wp\/v2\/content_type?post=1169"},{"taxonomy":"country","embeddable":true,"href":"https:\/\/mistersafari.com\/fr\/wp-json\/wp\/v2\/country?post=1169"}],"curies":[{"name":"wp","href":"https:\/\/api.w.org\/{rel}","templated":true}]}}