{"id":1165,"date":"2020-10-02T16:17:20","date_gmt":"2020-10-02T16:17:20","guid":{"rendered":"https:\/\/mistersafari.com\/fr\/?page_id=1165"},"modified":"2021-05-05T06:39:23","modified_gmt":"2021-05-05T06:39:23","slug":"golden-gate-highlands-national-park","status":"publish","type":"page","link":"https:\/\/mistersafari.com\/fr\/safari-afrique-du-sud\/parcs-reserves\/golden-gate-highlands-national-park\/","title":{"rendered":"Golden Gate Highlands National Park"},"content":{"rendered":"\n<p>Compos\u00e9s de falaises et de formations de gr\u00e8s aux couleurs chaudes, le Parc National des Golden Gate Highlands abrite de nombreux animaux qui trouvent refuge dans ces paysages sublimes. Pr\u00e9parez votre visite du Golden Gate Highlands National Park gr\u00e2ce \u00e0 ce guide.<\/p>\n\n\n<div id=\"ez-toc-container\" class=\"ez-toc-v2_0_76 counter-flat ez-toc-counter ez-toc-custom ez-toc-container-direction\">\n<div class=\"ez-toc-title-container\"><p class=\"ez-toc-title\" style=\"cursor:inherit\">Sommaire<\/p>\n<\/div><nav><ul class='ez-toc-list ez-toc-list-level-1 ' ><li class='ez-toc-page-1'><a class=\"ez-toc-link ez-toc-heading-1\" href=\"https:\/\/mistersafari.com\/fr\/safari-afrique-du-sud\/parcs-reserves\/golden-gate-highlands-national-park\/#pourquoi-se-rendre-au-parc-national-des-golden-gate-highlands\">Pourquoi se rendre au Parc National des Golden Gate Highlands ?<\/a><\/li><li class='ez-toc-page-1'><a class=\"ez-toc-link ez-toc-heading-2\" href=\"https:\/\/mistersafari.com\/fr\/safari-afrique-du-sud\/parcs-reserves\/golden-gate-highlands-national-park\/#comment-se-rendre-au-parc-national-des-golden-gate-highlands\">Comment se rendre au Parc National des Golden Gate Highlands<\/a><\/li><li class='ez-toc-page-1'><a class=\"ez-toc-link ez-toc-heading-3\" href=\"https:\/\/mistersafari.com\/fr\/safari-afrique-du-sud\/parcs-reserves\/golden-gate-highlands-national-park\/#tarif-et-reglementation\">Tarif et r\u00e9glementation<\/a><\/li><li class='ez-toc-page-1'><a class=\"ez-toc-link ez-toc-heading-4\" href=\"https:\/\/mistersafari.com\/fr\/safari-afrique-du-sud\/parcs-reserves\/golden-gate-highlands-national-park\/#ou-dormir-au-parc-national-des-golden-gate-highlands\">O\u00f9 dormir au Parc National des Golden Gate Highlands ?<\/a><\/li><li class='ez-toc-page-1'><a class=\"ez-toc-link ez-toc-heading-5\" href=\"https:\/\/mistersafari.com\/fr\/safari-afrique-du-sud\/parcs-reserves\/golden-gate-highlands-national-park\/#le-parc-national-des-golden-gate-highlands-autres-informations-pratiques\">Le Parc National des Golden Gate Highlands : autres informations pratiques<\/a><\/li><\/ul><\/nav><\/div>\n\n\n\n\n<h2 class=\"wp-block-heading\"><span class=\"ez-toc-section\" id=\"pourquoi-se-rendre-au-parc-national-des-golden-gate-highlands\"><\/span>Pourquoi se rendre au Parc National des Golden Gate Highlands ?<span class=\"ez-toc-section-end\"><\/span><\/h2>\n\n\n\n<h3 class=\"wp-block-heading\">Un safari au Parc National des Golden Gate Highlands<\/h3>\n\n\n\n<p>M\u00eame s\u2019il est surtout connu pour ses paysages remarquables, le Parc National des Golden Gate Highlands ravira les amateurs de <a href=\"https:\/\/mistersafari.com\/fr\/safari-afrique-du-sud\/\" class=\"rank-math-link\">safaris qui se rendent en Afrique du Sud<\/a>.&nbsp;<\/p>\n\n\n\n<p>Au d\u00e9tour d\u2019une falaise ou broutant sur ses vastes plaines, vous pourrez observer de nombreuses esp\u00e8ces d\u2019antilopes : gnous noirs, blesboks, c\u00e9phalophes de Grimm, p\u00e9l\u00e9as, cobes de montagne, oribis, bubales rouges, springboks ou encore steenboks. On y trouve aussi une grande population de z\u00e8bres.&nbsp;<\/p>\n\n\n\n<p class=\"callout-green\">Les amateurs d\u2019ornithologie seront combl\u00e9s. Le parc est le refuge de pr\u00e8s de 250 esp\u00e8ces d\u2019oiseaux.&nbsp;<\/p>\n\n\n\n<p>Autruches, vautours, cigognes noires, ibis chauves, martinets et bien d\u2019autres habitent le parc. Le gypa\u00e8te barbu est l\u2019oiseau embl\u00e9matique du lieu mais on peut aussi observer des esp\u00e8ces plus rares comme des francolins, des pipits de rochers ou encore des serins des symons.&nbsp;<\/p>\n\n\n\n<p>Le Parc de Golden Gate Highlands est loin de disposer de la <a href=\"https:\/\/mistersafari.com\/fr\/safari-afrique-du-sud\/animaux\/\" class=\"rank-math-link\">vari\u00e9t\u00e9 d\u2019animaux<\/a> d\u2019autres parcs, comme le <a href=\"https:\/\/mistersafari.com\/fr\/safari-afrique-du-sud\/parcs-reserves\/parc-kruger\/\" class=\"rank-math-link\">Parc de Kruger<\/a>. Vous n\u2019y verrez pas le <a href=\"https:\/\/mistersafari.com\/fr\/safari-afrique-du-sud\/big-five\/\" class=\"rank-math-link\">Big Five<\/a> ni certaines autres esp\u00e8ces typiques d\u2019un safari en Afrique. N\u00e9anmoins, observer les animaux qui l\u2019habitent dans des paysages aussi magnifiques reste une \u00e9tape incontournable lors d\u2019un s\u00e9jour en Afrique du Sud.&nbsp;<\/p>\n\n\n\n<h3 class=\"wp-block-heading\">Les autres activit\u00e9s<\/h3>\n\n\n\n<p>Golden Gate Highlands Park propose de nombreuses activit\u00e9s \u00e0 ses visiteurs : randonn\u00e9es \u00e0 pieds de tous niveaux, randonn\u00e9es \u00e0 cheval, cano\u00eb, descente en rappel, baignade dans des piscines naturelles, \u2026&nbsp;<\/p>\n\n\n\n<p>L\u2019une des attractions du parc est aussi la visite du village de Basotho. D\u00e9couverte des habitations authentiques, \u00e9coute de musiques traditionnelles, rencontre avec le chef du village, d\u00e9gustation de bi\u00e8re locale seront au programme. Enfin, des peintures sur roche datant de la pr\u00e9histoire sont visibles dans certaines grottes.&nbsp;<\/p>\n\n\n\n<h2 class=\"wp-block-heading\"><span class=\"ez-toc-section\" id=\"comment-se-rendre-au-parc-national-des-golden-gate-highlands\"><\/span>Comment se rendre au Parc National des Golden Gate Highlands<span class=\"ez-toc-section-end\"><\/span><\/h2>\n\n\n\n<p>Le Parc National des Golden Gate Highlands se situe \u00e0 \u00e9quidistance entre Johannesburg, Durban and Bloemfontein. Il est facilement accessible par la route. C\u2019est l\u2019option choisie par la majorit\u00e9 des voyageurs qui loue une voiture.&nbsp;<\/p>\n\n\n\n<p><strong>Le parc est travers\u00e9 par une route nationale R172 et toutes les autres routes transversales sont aussi goudronn\u00e9es ; ce qui n\u2019emp\u00eache pas les animaux d\u2019y circuler donc soyez prudent !&nbsp;<\/strong><\/p>\n\n\n\n<p>Le parc est ouvert en continu au public. La route qui le traverse est une route publique et ne dispose pas de \u201cgates\u201d comme la majorit\u00e9 des autres <a href=\"https:\/\/mistersafari.com\/fr\/safari-afrique-du-sud\/parcs-reserves\/\" class=\"rank-math-link\">parcs d&rsquo;Afrique du Sud<\/a>. Vous devrez malgr\u00e9 tout vous rendre \u00e0 l\u2019une des deux r\u00e9ceptions du parc pour vous affranchir du ticket d\u2019entr\u00e9e, situ\u00e9es chacune le long de la R172 :<\/p>\n\n\n\n<ul class=\"wp-block-list\"><li>H\u00f4tel Golden Gate ;&nbsp;<\/li><li>Glen Reenen Rest Camp.<\/li><\/ul>\n\n\n\n<h2 class=\"wp-block-heading\"><span class=\"ez-toc-section\" id=\"tarif-et-reglementation\"><\/span>Tarif et r\u00e9glementation<span class=\"ez-toc-section-end\"><\/span><\/h2>\n\n\n\n<h3 class=\"wp-block-heading\">Golden Gate Highlands National Park : prix d\u2019entr\u00e9e<\/h3>\n\n\n\n<p>Les tarifs d\u2019entr\u00e9e du parc sont les suivants :<\/p>\n\n\n\n<ul class=\"wp-block-list\"><li>R224 par adulte par jour (soit environ 11\u20ac)<\/li><li>R112 par enfant par jour (soit environ 5,50\u20ac)<\/li><\/ul>\n\n\n\n<p class=\"callout-green\">Le Parc National de Golden Gate Highlands est g\u00e9r\u00e9 par le SANParks. Si vous poss\u00e9dez la Wild Card, vous n\u2019aurez pas de frais d\u2019entr\u00e9e \u00e0 payer.&nbsp;<\/p>\n\n\n\n<p>La Wild Card est un pass permettant de visiter une grande partie des parcs d\u2019Afrique du Sud sans devoir payer les prix d\u2019entr\u00e9e \u00e0 chaque fois. Payante, elle permet malgr\u00e9 tout de faire de grandes \u00e9conomies en fonction du nombre de jours et du nombre de parcs visit\u00e9s.&nbsp;<\/p>\n\n\n\n<h3 class=\"wp-block-heading\">La r\u00e9glementation du Parc National des Golden Gate Highlands<\/h3>\n\n\n\n<p>Comme dans tous les parcs g\u00e9r\u00e9s par le SANParks, il est recommand\u00e9 de respecter un certain nombre de r\u00e8gles lors de votre visite :<\/p>\n\n\n\n<ul class=\"wp-block-list\"><li>respect des limitations de vitesse ;<\/li><li>ne pas nourrir ou toucher les animaux ;<\/li><li>ne pas cueillir de plantes ;<\/li><li>rester \u00e0 bord du v\u00e9hicule ;<\/li><li>&#8230;<\/li><\/ul>\n\n\n\n<h2 class=\"wp-block-heading\"><span class=\"ez-toc-section\" id=\"ou-dormir-au-parc-national-des-golden-gate-highlands\"><\/span>O\u00f9 dormir au Parc National des Golden Gate Highlands ?<span class=\"ez-toc-section-end\"><\/span><\/h2>\n\n\n\n<p>Le Parc National des Golden Gate Highlands offre plusieurs types d\u2019h\u00e9bergement :<\/p>\n\n\n\n<ul class=\"wp-block-list\"><li>le <a href=\"https:\/\/www.goldengatehotel.co.za\/\" target=\"_blank\" aria-label=\" (opens in a new tab)\" rel=\"noreferrer noopener nofollow\" class=\"rank-math-link\">Golden Gate Highlands Hotel<\/a> dispose de chambres et de chalets ;<\/li><li>le Glen Reenen Rest Camp propose des espaces de camping et des bungalows ;<\/li><li>le Highlands Mountain Retreat offre des bungalows en rondins de bois ;<\/li><li>le Noord-Brabant Guest House est une chambre d\u2019h\u00f4tes dans un environnement isol\u00e9.&nbsp;<\/li><\/ul>\n\n\n\n<p>Le village de Basotho accueille aussi des visiteurs et les grands groupes pourront \u00eatre log\u00e9s dans le Centre d&rsquo;\u00c9ducation Environnemental de Wilgenhof.<\/p>\n\n\n\n<h2 class=\"wp-block-heading\"><span class=\"ez-toc-section\" id=\"le-parc-national-des-golden-gate-highlands-autres-informations-pratiques\"><\/span>Le Parc National des Golden Gate Highlands : autres informations pratiques<span class=\"ez-toc-section-end\"><\/span><\/h2>\n\n\n\n<h3 class=\"wp-block-heading\">G\u00e9ographie<\/h3>\n\n\n\n<p>Le Parc National des Golden Gate Highlands est situ\u00e9 dans la r\u00e9gion de l&rsquo;Etat Libre, pr\u00e8s du Lesotho. D\u00e8s 1963, presque 5 hectares sont d\u00e9clar\u00e9s Parc National et confi\u00e9s au SANParks pour la gestion. Le parc fait ensuite l\u2019objet de plusieurs agrandissements pour atteindre aujourd\u2019hui la superficie de 340 km.&nbsp;<\/p>\n\n\n\n<p>Son nom provient de la couleur de ses roches, dor\u00e9es, orang\u00e9es et ocres, notamment lorsque le soleil se couche sur ses falaises de gr\u00e8s.<\/p>\n\n\n\n<h3 class=\"wp-block-heading\">M\u00e9t\u00e9o<\/h3>\n\n\n\n<p>Le climat du Parc National des Golden Gate Highlands se divise en deux saisons :<\/p>\n\n\n\n<ul class=\"wp-block-list\"><li>l\u2019\u00e9t\u00e9 : saison des pluies d&rsquo;octobre \u00e0 avril ;<\/li><li>l\u2019hiver : saison s\u00e8che de mai \u00e0 octobre.<\/li><\/ul>\n\n\n\n<p>L\u2019\u00e9t\u00e9 est g\u00e9n\u00e9ralement doux avec des temp\u00e9ratures agr\u00e9ables, entre 15 et 25\u00b0. Mais elles peuvent grimper lorsque le soleil tape. Les pluies sont intensives mais ponctuelles. Elles prennent la forme d\u2019orages, parfois impressionnants, en fin d\u2019apr\u00e8s-midi. En hiver, les temp\u00e9ratures chutent et il peut faire tr\u00e8s froid aussi bien la nuit que le jour. Les pluies sont rares, et on observe parfois de la neige.&nbsp;<\/p>\n\n\n\n<h3 class=\"wp-block-heading\">Quand visiter<\/h3>\n\n\n\n<p>Le Parc National de Golden Gate Highlands se visite toute l\u2019ann\u00e9e mais il est recommand\u00e9 de privil\u00e9gier les mi-saisons. Les temp\u00e9ratures sont plus supportables et les paysages magnifiques, notamment apr\u00e8s la saison des pluies. Les d\u00e9grad\u00e9s de verts des collines et des \u00e9tendues de savane s&rsquo;harmonisent avec les couleurs dor\u00e9es des falaises. Le mois de f\u00e9vrier est un bon choix, mais on peut aussi se rendre au Golden Gate Highlands Park de Mars \u00e0 mai ou en novembre et d\u00e9cembre.&nbsp;<\/p>\n","protected":false},"excerpt":{"rendered":"<p>Compos\u00e9s de falaises et de formations de gr\u00e8s aux couleurs chaudes, le Parc National des Golden Gate Highlands abrite de nombreux animaux qui trouvent refuge dans ces paysages sublimes. Pr\u00e9parez votre visite du Golden Gate Highlands National Park gr\u00e2ce \u00e0 ce guide. Pourquoi se rendre au Parc National des Golden Gate Highlands ? Un safari &#8230; <a title=\"Golden Gate Highlands National Park\" class=\"read-more\" href=\"https:\/\/mistersafari.com\/fr\/safari-afrique-du-sud\/parcs-reserves\/golden-gate-highlands-national-park\/\" aria-label=\"En savoir plus sur Golden Gate Highlands National Park\">Lire la suite<\/a><\/p>\n","protected":false},"author":3,"featured_media":1168,"parent":1095,"menu_order":11,"comment_status":"closed","ping_status":"closed","template":"","meta":{"_acf_changed":false,"footnotes":""},"content_type":[],"country":[],"class_list":{"0":"post-1165","1":"page","2":"type-page","3":"status-publish","4":"has-post-thumbnail","6":"no-featured-image-padding"},"acf":{"hreflang":null},"_links":{"self":[{"href":"https:\/\/mistersafari.com\/fr\/wp-json\/wp\/v2\/pages\/1165","targetHints":{"allow":["GET"]}}],"collection":[{"href":"https:\/\/mistersafari.com\/fr\/wp-json\/wp\/v2\/pages"}],"about":[{"href":"https:\/\/mistersafari.com\/fr\/wp-json\/wp\/v2\/types\/page"}],"author":[{"embeddable":true,"href":"https:\/\/mistersafari.com\/fr\/wp-json\/wp\/v2\/users\/3"}],"replies":[{"embeddable":true,"href":"https:\/\/mistersafari.com\/fr\/wp-json\/wp\/v2\/comments?post=1165"}],"version-history":[{"count":6,"href":"https:\/\/mistersafari.com\/fr\/wp-json\/wp\/v2\/pages\/1165\/revisions"}],"predecessor-version":[{"id":2161,"href":"https:\/\/mistersafari.com\/fr\/wp-json\/wp\/v2\/pages\/1165\/revisions\/2161"}],"up":[{"embeddable":true,"href":"https:\/\/mistersafari.com\/fr\/wp-json\/wp\/v2\/pages\/1095"}],"wp:featuredmedia":[{"embeddable":true,"href":"https:\/\/mistersafari.com\/fr\/wp-json\/wp\/v2\/media\/1168"}],"wp:attachment":[{"href":"https:\/\/mistersafari.com\/fr\/wp-json\/wp\/v2\/media?parent=1165"}],"wp:term":[{"taxonomy":"content_type","embeddable":true,"href":"https:\/\/mistersafari.com\/fr\/wp-json\/wp\/v2\/content_type?post=1165"},{"taxonomy":"country","embeddable":true,"href":"https:\/\/mistersafari.com\/fr\/wp-json\/wp\/v2\/country?post=1165"}],"curies":[{"name":"wp","href":"https:\/\/api.w.org\/{rel}","templated":true}]}}