{"id":1157,"date":"2020-09-22T07:11:09","date_gmt":"2020-09-22T07:11:09","guid":{"rendered":"https:\/\/mistersafari.com\/fr\/?page_id=1157"},"modified":"2021-05-28T08:47:59","modified_gmt":"2021-05-28T08:47:59","slug":"reserve-madikwe","status":"publish","type":"page","link":"https:\/\/mistersafari.com\/fr\/safari-afrique-du-sud\/parcs-reserves\/reserve-madikwe\/","title":{"rendered":"R\u00e9serve Madikwe"},"content":{"rendered":"\n<p>Situ\u00e9e au Nord de l\u2019Afrique du Sud, la R\u00e9serve Madikwe est la troisi\u00e8me plus <a href=\"https:\/\/mistersafari.com\/fr\/safari-afrique-du-sud\/parcs-reserves\/\" class=\"rank-math-link\">grande r\u00e9serve du pays<\/a> avec une superficie de 75 000 hectares. Son \u00e9cosyst\u00e8me riche offre un habitat id\u00e9al pour la faune mais aussi des paysages magnifiques et diversifi\u00e9s. D\u00e9couvrez tous nos conseils pour profiter au mieux de votre visite dans la R\u00e9serve Madikwe (aussi appel\u00e9e Madikwe Game Reserve).<\/p>\n\n\n\n<h2 class=\"wp-block-heading\">Pourquoi se rendre \u00e0 la R\u00e9serve Madikwe ?<\/h2>\n\n\n\n<h3 class=\"wp-block-heading\">Un safari \u00e0 la R\u00e9serve Madikwe<\/h3>\n\n\n\n<p>Cr\u00e9\u00e9e il y a une trentaine d\u2019ann\u00e9es, la R\u00e9serve Madikwe a fait l\u2019objet d\u2019un travail commun entre l\u2019Etat, des acteurs priv\u00e9s et les communaut\u00e9s locales.&nbsp;<\/p>\n\n\n\n<p class=\"callout-green\">L\u2019op\u00e9ration Phoenix, qui a dur\u00e9 6 ans, a permis de r\u00e9introduire plus de 8 000 mammif\u00e8res de 28 esp\u00e8ces dans cette zone prot\u00e9g\u00e9e.&nbsp;<\/p>\n\n\n\n<p>Le territoire regroupant pas moins de 4 \u00e9cosyst\u00e8mes, les animaux se sont parfaitement adapt\u00e9s et le parfait \u00e9quilibre entre les esp\u00e8ces est d\u00e9sormais instaur\u00e9. Aujourd\u2019hui, Madikwe accueille le Big Five : lion, \u00e9l\u00e9phant, buffle, l\u00e9opard, rhinoc\u00e9ros. <\/p>\n\n\n\n<figure class=\"wp-block-image size-large\"><picture><source srcset=\"https:\/\/mistersafari.com\/fr\/wp-content\/uploads\/sites\/2\/madikwe-game-reserve.webp 799w,https:\/\/mistersafari.com\/fr\/wp-content\/uploads\/sites\/2\/madikwe-game-reserve-300x200.webp 300w,https:\/\/mistersafari.com\/fr\/wp-content\/uploads\/sites\/2\/madikwe-game-reserve-768x512.webp 768w\" sizes=\"auto, (max-width: 799px) 100vw, 799px\" type=\"image\/webp\"><img src=\"https:\/\/mistersafari.com\/fr\/wp-content\/uploads\/sites\/2\/madikwe-game-reserve.jpg\" height=\"533\" width=\"799\" srcset=\"https:\/\/mistersafari.com\/fr\/wp-content\/uploads\/sites\/2\/madikwe-game-reserve.jpg 799w, https:\/\/mistersafari.com\/fr\/wp-content\/uploads\/sites\/2\/madikwe-game-reserve-300x200.jpg 300w, https:\/\/mistersafari.com\/fr\/wp-content\/uploads\/sites\/2\/madikwe-game-reserve-768x512.jpg 768w\" sizes=\"auto, (max-width: 799px) 100vw, 799px\" class=\"wp-image-1160 sp-no-webp\" alt=\"\" loading=\"lazy\" decoding=\"async\"  > <\/picture><figcaption><a aria-label=\"Cr\u00e9dits (opens in a new tab)\" href=\"https:\/\/www.flickr.com\/photos\/flowcomm\/24538368931\/in\/photolist-Donybp-DtnXUS-Cyiw6v-DvFU8p-DtnBff-CybDAL-CybKRb-CXcGLi-DtobSL-DoqNC4-CybWUJ-Cyij6D-DvCWEe-CyffH2-CX9ahH-CyfkaZ-Cyj1J2-D4zP3Y-Dm7499-DvEZx4-CX9ica-CXctor-D4zCBC-DvGd9K-CyaBsj-CXcryp-CyhkKc-Dm7yFq-CXcjAg-DvFye6-D4yQJA-CyfHxe-Cyc4FQ-CyiNbg-D4yBdN-21EPZKy-Dm7mbA-CyiPnV-DvFS2k-8B4A45-CybAxG-CX9mEc-DvFTqH-x5WNVN-E5qa1M-E5qaEx-23FEmKu-Dm7P67-21EQ1md-DvFfyB\" target=\"_blank\" rel=\"noreferrer noopener nofollow\" class=\"rank-math-link\">Cr\u00e9dits<\/a> : Madikwe Game Reserve (Jaci&rsquo;s Lodge) par <a aria-label=\"flowcomm (opens in a new tab)\" href=\"https:\/\/www.flickr.com\/photos\/flowcomm\/\" target=\"_blank\" rel=\"noreferrer noopener nofollow\" class=\"rank-math-link\">flowcomm<\/a> <em>(CC BY <a rel=\"noreferrer noopener\" href=\"https:\/\/creativecommons.org\/licenses\/by\/2.0\/\" target=\"_blank\">2.0<\/a>)<\/em><\/figcaption><\/figure>\n\n\n\n<p>On rencontre aussi des girafes, hippopotames, z\u00e8bres, antilopes, gnous, impalas, phacoch\u00e8res, babouins\u2026 Les koudous, tout comme les l\u00e9opards, ont toujours \u00e9t\u00e9 pr\u00e9sents dans cette r\u00e9gion. Des esp\u00e8ces plus rares sont aussi visibles comme le gu\u00e9pard, la hy\u00e8ne brune, la hy\u00e8ne tachet\u00e9e ou encore le lycaon, ce qui en fait un destination phare des <a href=\"https:\/\/mistersafari.com\/fr\/safari-afrique-du-sud\/\" class=\"rank-math-link\">safaris en Afrique du Sud<\/a>.<\/p>\n\n\n\n<p>Plus de 300 esp\u00e8ces d\u2019oiseaux ont \u00e9t\u00e9 r\u00e9pertori\u00e9es dans la R\u00e9serve de Madikwe.&nbsp;Il s\u2019agit aussi bien d\u2019oiseaux migrateurs que de r\u00e9sidents. 42 esp\u00e8ces de reptile et 16 esp\u00e8ces d\u2019amphibiens ont \u00e9galement trouv\u00e9 refuge sur ce territoire.&nbsp;<\/p>\n\n\n\n<p>Les game drives de la R\u00e9serve Madikwe sont uniquement propos\u00e9s par les lodges. Il n\u2019est pas possible de faire un safari seul dans son propre v\u00e9hicule.&nbsp;Vous partirez \u00e0 bord d\u2019un 4&#215;4 conduit par un ranger (souvent accompagn\u00e9 d\u2019un pisteur assis sur le capot !) pour un safari t\u00f4t le matin et\/ou en milieu d\u2019apr\u00e8s-midi, lorsque les animaux sont les plus actifs. Les rangers communiquent entre eux par radio, ce qui permet de conna\u00eetre rapidement les bons spots pour observer la faune. Ils n\u2019h\u00e9sitent pas non plus \u00e0 pratiquer le hors-piste pour garantir de voir des animaux.&nbsp;<\/p>\n\n\n\n<h3 class=\"wp-block-heading\">Les autres activit\u00e9s<\/h3>\n\n\n\n<p>La R\u00e9serve Madikwe est avant tout un haut-lieu du safari. Mis \u00e0 part l\u2019organisation des game drives, les lodges, tous plut\u00f4t haut de gamme, disposent de leurs propres infrastructures avec souvent une piscine.&nbsp;<\/p>\n\n\n\n<h2 class=\"wp-block-heading\">Comment se rendre \u00e0 la R\u00e9serve Madikwe<\/h2>\n\n\n\n<p>La Madikwe Game Reserve est situ\u00e9 \u00e0 environ 400 km de Johannesburg. Pour vous y rendre, vous pourrez choisir entre :<\/p>\n\n\n\n<ul class=\"wp-block-list\"><li>un vol interne (2 par jour) entre Johannesburg et Madikwe : comptez environ 400 euros par personne et 1 heure de vol.&nbsp;<\/li><li>une location de voiture avec ou sans chauffeur : le trajet dure 4 \u00e0 5 heures.&nbsp;<\/li><\/ul>\n\n\n\n<p>La location de voiture est l\u2019option la plus \u00e9conomique, les tarifs d\u00e9pendent de la voiture et du nombre de jours de location.<\/p>\n\n\n\n<p>La R\u00e9serve Madikwe compte cinq portes d\u2019entr\u00e9e, ouvertes de 6h \u00e0 18h :<\/p>\n\n\n\n<ul class=\"wp-block-list\"><li>Porte Abjaterskop&nbsp;<\/li><li>Porte Wonderboom&nbsp;<\/li><li>Porte Tau&nbsp;<\/li><li>Porte Derdepourt&nbsp;<\/li><li>Porte Molatedi&nbsp;<\/li><\/ul>\n\n\n\n<p>La visite de la R\u00e9serve est uniquement possible si vous s\u00e9journez dans l\u2019un des lodges \u00e0 l\u2019int\u00e9rieur de la r\u00e9serve. Vous ne pouvez donc pas vous y rendre \u00e0 la journ\u00e9e.&nbsp; La porte par laquelle rentrer dans le parc vous sera indiqu\u00e9e par l\u2019h\u00e9bergeur lors de la r\u00e9servation.&nbsp;<\/p>\n\n\n\n<h2 class=\"wp-block-heading\">Tarif et r\u00e9glementation<\/h2>\n\n\n\n<h3 class=\"wp-block-heading\">R\u00e9serve Madikwe : prix d\u2019entr\u00e9e<\/h3>\n\n\n\n<p>Les tarifs d\u2019entr\u00e9e de la r\u00e9serve sont applicables par personne et par s\u00e9jour et s\u2019ajoutent au prix du logement. Il faudra d\u00e9penser :<\/p>\n\n\n\n<ul class=\"wp-block-list\"><li>R180 par adulte (environ 9\u20ac)<\/li><li>R80 par enfant (environ 4\u20ac)<\/li><\/ul>\n\n\n\n<h3 class=\"wp-block-heading\">La r\u00e9glementation de la R\u00e9serve Madikwe<\/h3>\n\n\n\n<p>La R\u00e9serve de Madikwe est un espace de conservation prot\u00e9g\u00e9. Il est demand\u00e9 aux visiteurs de respecter les lieux, la faune et la flore. Lors des game drives, toutes les instructions relatives \u00e0 votre s\u00e9curit\u00e9 vous seront communiqu\u00e9es par le ranger.&nbsp;<\/p>\n\n\n\n<h2 class=\"wp-block-heading\">O\u00f9 dormir \u00e0 la Madikwe Game Drive ?<\/h2>\n\n\n\n<p>La R\u00e9serve Madikwe dispose d\u2019une vingtaine de lodges, 4 ou 5 \u00e9toiles. Les visiteurs doivent r\u00e9server 2 nuits minimum dans l\u2019enceinte du parc. Les visites \u00e0 la journ\u00e9e ne sont donc pas autoris\u00e9es ce qui limite la fr\u00e9quentation au sein de la R\u00e9serve.&nbsp;<\/p>\n\n\n\n<p><strong>Pour profiter au mieux de la R\u00e9serve, un s\u00e9jour de 3 nuits minimum est conseill\u00e9.&nbsp;<\/strong><\/p>\n\n\n\n<p>Pour les petits budgets, le <a href=\"https:\/\/www.thebushcamp.com\/\" target=\"_blank\" aria-label=\" (opens in a new tab)\" rel=\"noreferrer noopener nofollow\" class=\"rank-math-link\">Mosetlha Bush Camp &amp; Eco Lodge<\/a> est un camp rustique sans \u00e9lectricit\u00e9, ni eau courante, ni cl\u00f4tures. Mais le confort est largement assur\u00e9 par la famille qui le g\u00e8re : panneaux solaires, gestion durable de l\u2019eau, cuisine au feu de bois, \u2026 C\u2019est une exp\u00e9rience originale au coeur du bush africain !&nbsp;<\/p>\n\n\n\n<p>Au Nord de la R\u00e9serve, pr\u00e8s de la Tau Gate, on retrouve un lodge du m\u00eame nom : le <a href=\"https:\/\/www.booking.com\/hotel\/za\/tau-game-lodge.fr.html?label=gen173nr-1DCAEoggI46AdIM1gEaE2IAQGYAQ24ARfIAQ_YAQPoAQGIAgGoAgO4AufdovsFwAIB0gIkNjRjMDc5MGMtN2E4OS00MDYyLTlmMTItZGFiNmQzMTA1YTIy2AIE4AIB;sid=b75bff9b21f2d90fc1d805892b54fbfc;dest_id=900053757;dest_type=city;dist=0;group_adults=2;group_children=0;hapos=1;hpos=1;no_rooms=1;room1=A%2CA;sb_price_type=total;sr_order=popularity;srepoch=1600696164;srpvid=94576132b1fa01b3;type=total;ucfs=1&amp;#hotelTmpl\" target=\"_blank\" rel=\"noopener\">Tau Game Lodge<\/a>. Chacun des chalets disposent d\u2019une vue sur le point d\u2019eau depuis sa terrasse, une salle de bain priv\u00e9e et la climatisation. Piscine, spa, restaurant et bar sont aussi propos\u00e9s aux clients.&nbsp;<\/p>\n\n\n\n<p>Pour une version tr\u00e8s luxueuse, l\u2019<a class=\"rank-math-link\" href=\"https:\/\/www.booking.com\/hotel\/za\/etali-safari-lodge.fr.html?label=gen173nr-1DCAEoggI46AdIM1gEaE2IAQGYAQ24ARfIAQ_YAQPoAQGIAgGoAgO4AufdovsFwAIB0gIkNjRjMDc5MGMtN2E4OS00MDYyLTlmMTItZGFiNmQzMTA1YTIy2AIE4AIB;sid=b75bff9b21f2d90fc1d805892b54fbfc;dest_id=900053757;dest_type=city;dist=0;group_adults=2;group_children=0;hapos=6;hpos=6;no_rooms=1;room1=A%2CA;sb_price_type=total;sr_order=popularity;srepoch=1600696164;srpvid=94576132b1fa01b3;type=total;ucfs=1&amp;#hotelTmpl\" target=\"_blank\" rel=\"noopener\">Etali Safari Lodge<\/a> vous accueille dans l\u2019un des 8 chalets priv\u00e9s et haut de gamme. L\u2019\u00e9tablissement dispose d\u2019un restaurant et d\u2019un bar, d\u2019une piscine, un spa et une salle de sport. Vous pourrez profiter du jacuzzi sur votre terrasse priv\u00e9e, tout en observant les animaux venus s\u2019abreuver dans le point d\u2019eau en contrebas.&nbsp;<\/p>\n\n\n\n<h2 class=\"wp-block-heading\">La R\u00e9serve Madikwe : autres informations pratiques<\/h2>\n\n\n\n<h3 class=\"wp-block-heading\">G\u00e9ographie<\/h3>\n\n\n\n<p>La R\u00e9serve Madikwe est une zone prot\u00e9g\u00e9e cr\u00e9\u00e9e au d\u00e9but des ann\u00e9es 1990 dans le cadre de l\u2019op\u00e9ration Phoenix. Cette mission a non seulement permis la r\u00e9introduction de plusieurs milliers d\u2019animaux, mais \u00e9galement d\u2019aider les populations locales en les impliquant dans ce projet.&nbsp;<\/p>\n\n\n\n<p>La R\u00e9serve s\u2019\u00e9tend sur 7500 km2 et est enti\u00e8rement clotur\u00e9e. Ses fronti\u00e8res sont naturellement marqu\u00e9es par le Botswana au Nord, la rivi\u00e8re Marico (dont elle tient le nom) \u00e0 l\u2019Est, les montagnes Dwarsberg au Sud et la route Gaborone &#8211; Zeerust \u00e0 l\u2019Ouest.&nbsp;<\/p>\n\n\n\n<p>Elle dispose d\u2019une biodiversit\u00e9 tr\u00e8s riche gr\u00e2ce \u00e0 sa localisation. Elle se situe en effet \u00e0 la rencontre de plusieurs \u00e9cosyst\u00e8mes, dont le d\u00e9sert de Kalahari et le bushveld.&nbsp;<\/p>\n\n\n\n<h3 class=\"wp-block-heading\">M\u00e9t\u00e9o<\/h3>\n\n\n\n<p>Madikwe est marqu\u00e9 par deux saisons :<\/p>\n\n\n\n<ul class=\"wp-block-list\"><li>l\u2019hiver austral de Mai \u00e0 Octobre, c\u2019est la saison s\u00e8che ;<\/li><li>l\u2019\u00e9t\u00e9 austral de Novembre \u00e0 Avril, c\u2019est la saison des pluies.&nbsp;<\/li><\/ul>\n\n\n\n<p class=\"callout-blue\">Pendant la saison s\u00e8che, le temps est clair. Les temp\u00e9ratures d\u00e9passent souvent les 20\u00b0 la journ\u00e9e, mais peuvent \u00eatre tr\u00e8s fra\u00eeches la nuit. Des \u00e9pisodes de gel en Juin et Juillet sont fr\u00e9quents.&nbsp;<\/p>\n\n\n\n<p>Pendant la saison des pluies, il s&rsquo;agit principalement d\u2019orages qui surviennent en fin de journ\u00e9e. Ils sont courts et souvent impressionnants. Les temp\u00e9ratures sont plus chaudes : 30 \u00e0 35\u00b0 en journ\u00e9e et 15 \u00e0 25\u00b0 la nuit.&nbsp;<\/p>\n\n\n\n<h3 class=\"wp-block-heading\">Quand visiter<\/h3>\n\n\n\n<p>La R\u00e9serve Madikwe peut se visiter toute l\u2019ann\u00e9e. Accompagn\u00e9 d\u2019un ranger pendant les game drives, vous aurez toutes les chances de voir des animaux quelque soit la saison.&nbsp;<\/p>\n\n\n\n<p>Cela \u00e9tant-dit, les mois de Juin \u00e0 Septembre sont plus propices \u00e0 l\u2019observation des animaux : la v\u00e9g\u00e9tation est rase et les points d\u2019eau sont plus rares. Les animaux se regroupent et sont plus facilement visibles. Au d\u00e9but de la saison des pluies, vous pourrez assister aux naissances et les oiseaux sont nombreux. A mesure que la saison avance, la v\u00e9g\u00e9tation est de plus en plus verdoyante, offrant des paysages magnifiques.&nbsp;<\/p>\n","protected":false},"excerpt":{"rendered":"<p>Situ\u00e9e au Nord de l\u2019Afrique du Sud, la R\u00e9serve Madikwe est la troisi\u00e8me plus grande r\u00e9serve du pays avec une superficie de 75 000 hectares. Son \u00e9cosyst\u00e8me riche offre un habitat id\u00e9al pour la faune mais aussi des paysages magnifiques et diversifi\u00e9s. D\u00e9couvrez tous nos conseils pour profiter au mieux de votre visite dans la &#8230; <a title=\"R\u00e9serve Madikwe\" class=\"read-more\" href=\"https:\/\/mistersafari.com\/fr\/safari-afrique-du-sud\/parcs-reserves\/reserve-madikwe\/\" aria-label=\"En savoir plus sur R\u00e9serve Madikwe\">Lire la suite<\/a><\/p>\n","protected":false},"author":3,"featured_media":658,"parent":1095,"menu_order":10,"comment_status":"closed","ping_status":"closed","template":"","meta":{"_acf_changed":false,"footnotes":""},"content_type":[],"country":[],"class_list":{"0":"post-1157","1":"page","2":"type-page","3":"status-publish","4":"has-post-thumbnail","6":"no-featured-image-padding"},"acf":{"hreflang":null},"_links":{"self":[{"href":"https:\/\/mistersafari.com\/fr\/wp-json\/wp\/v2\/pages\/1157","targetHints":{"allow":["GET"]}}],"collection":[{"href":"https:\/\/mistersafari.com\/fr\/wp-json\/wp\/v2\/pages"}],"about":[{"href":"https:\/\/mistersafari.com\/fr\/wp-json\/wp\/v2\/types\/page"}],"author":[{"embeddable":true,"href":"https:\/\/mistersafari.com\/fr\/wp-json\/wp\/v2\/users\/3"}],"replies":[{"embeddable":true,"href":"https:\/\/mistersafari.com\/fr\/wp-json\/wp\/v2\/comments?post=1157"}],"version-history":[{"count":6,"href":"https:\/\/mistersafari.com\/fr\/wp-json\/wp\/v2\/pages\/1157\/revisions"}],"predecessor-version":[{"id":2392,"href":"https:\/\/mistersafari.com\/fr\/wp-json\/wp\/v2\/pages\/1157\/revisions\/2392"}],"up":[{"embeddable":true,"href":"https:\/\/mistersafari.com\/fr\/wp-json\/wp\/v2\/pages\/1095"}],"wp:featuredmedia":[{"embeddable":true,"href":"https:\/\/mistersafari.com\/fr\/wp-json\/wp\/v2\/media\/658"}],"wp:attachment":[{"href":"https:\/\/mistersafari.com\/fr\/wp-json\/wp\/v2\/media?parent=1157"}],"wp:term":[{"taxonomy":"content_type","embeddable":true,"href":"https:\/\/mistersafari.com\/fr\/wp-json\/wp\/v2\/content_type?post=1157"},{"taxonomy":"country","embeddable":true,"href":"https:\/\/mistersafari.com\/fr\/wp-json\/wp\/v2\/country?post=1157"}],"curies":[{"name":"wp","href":"https:\/\/api.w.org\/{rel}","templated":true}]}}