{"id":1147,"date":"2020-09-22T06:59:51","date_gmt":"2020-09-22T06:59:51","guid":{"rendered":"https:\/\/mistersafari.com\/fr\/?page_id=1147"},"modified":"2021-10-24T19:59:53","modified_gmt":"2021-10-24T19:59:53","slug":"parc-transfrontalier-kgalagadi","status":"publish","type":"page","link":"https:\/\/mistersafari.com\/fr\/safari-afrique-du-sud\/parcs-reserves\/parc-transfrontalier-kgalagadi\/","title":{"rendered":"Parc Transfrontalier de Kgalagadi"},"content":{"rendered":"\n<p>Le Parc de Kgalagadi est un parc animalier transfrontalier qui se r\u00e9partit entre l\u2019Afrique du Sud et le Botswana. Compos\u00e9 principalement du d\u00e9sert de Kalahari, il offre des paysages atypiques et une faune riche y a \u00e9lu domicile. Suivez notre guide pour pr\u00e9parer votre visite du Parc Transfrontalier du Kgalagadi (Kgalagadi Transfrontier Park).<\/p>\n\n\n\n<h2 class=\"wp-block-heading\">Pourquoi se rendre au Parc Transfrontalier de Kgalagadi ?<\/h2>\n\n\n\n<h3 class=\"wp-block-heading\">Un safari au Parc transfrontalier de Kgalagadi<\/h3>\n\n\n\n<p>Le Parc Kgalagadi a \u00e9t\u00e9 initialement instaur\u00e9 pour prot\u00e9ger l\u2019oryx du braconnage. C\u2019est donc sans surprise qu\u2019on retrouve une vaste population de cet animal devenu embl\u00e9matique du parc. Il cohabite avec de nombreux gnous et bubales, ainsi que des \u00e9lans, des springboks et des gazelles, et c&rsquo;est une des raisons pour laquelle ce parc est souvent inclus dans un <a href=\"https:\/\/mistersafari.com\/fr\/safari-afrique-du-sud\/\" class=\"rank-math-link\">safari en Afrique du Sud<\/a>.<\/p>\n\n\n\n<p class=\"callout-blue\">Du c\u00f4t\u00e9 du Big Five, seuls deux sont pr\u00e9sents : le lion et le l\u00e9opard.&nbsp;<\/p>\n\n\n\n<p>Les \u00e9l\u00e9phants, buffles et rhinoc\u00e9ros sont absents, tout comme les hippopotames. Les autres pr\u00e9dateurs que l\u2019on peut observer sont les gu\u00e9pards, les hy\u00e8nes brunes et les hy\u00e8nes tachet\u00e9es. Quelques girafes se sont adapt\u00e9es au climat mais elles restent rares.&nbsp;<\/p>\n\n\n\n<div class=\"wp-block-image\"><figure class=\"aligncenter size-full\"><picture><source srcset=\"https:\/\/mistersafari.com\/fr\/wp-content\/uploads\/sites\/2\/kgalagadi-transfrontier-park.webp 800w,https:\/\/mistersafari.com\/fr\/wp-content\/uploads\/sites\/2\/kgalagadi-transfrontier-park-300x225.webp 300w,https:\/\/mistersafari.com\/fr\/wp-content\/uploads\/sites\/2\/kgalagadi-transfrontier-park-768x576.webp 768w\" sizes=\"auto, (max-width: 800px) 100vw, 800px\" type=\"image\/webp\"><img src=\"https:\/\/mistersafari.com\/fr\/wp-content\/uploads\/sites\/2\/kgalagadi-transfrontier-park.jpg\" height=\"600\" width=\"800\" srcset=\"https:\/\/mistersafari.com\/fr\/wp-content\/uploads\/sites\/2\/kgalagadi-transfrontier-park.jpg 800w, https:\/\/mistersafari.com\/fr\/wp-content\/uploads\/sites\/2\/kgalagadi-transfrontier-park-300x225.jpg 300w, https:\/\/mistersafari.com\/fr\/wp-content\/uploads\/sites\/2\/kgalagadi-transfrontier-park-768x576.jpg 768w\" sizes=\"auto, (max-width: 800px) 100vw, 800px\" class=\"wp-image-1152 sp-no-webp\" alt=\"Parc Transfrontalier de Kgalagadi\" loading=\"lazy\" decoding=\"async\"  > <\/picture><figcaption><em><a href=\"https:\/\/www.flickr.com\/photos\/alexhealing\/26312232485\/in\/photolist-G6851M-FZgBqX-G3Q42Q-SvEFn9-SwA2HJ-Sz2Yee-Sbz6hN-Sz164F-Sbxni9-SbuJoS-Sy5hWX-SGMJAh-SwELWu-Sz3HjT-aNgY72-Sy6kEF-79eHhn-FWXtaN-RwqSF2-RtXq8Q-RwsYTi-FZgyE6-SLnFng-aNLUaF-SvqeFh-RtUUxS-FF1vjL-79eHhH-SwDQt1-SbupU7-SvEq9d-7t2fWH-Sbzz5S-Sz1YoK-SazoiC-RtQDRA-SayzGS-SayK23-SbwJXU-Sbv8sN-SGKA7h-SbzPjJ-SbziSY-RwpCFF-RsUJQ1-SaA5rd-SbzbWJ-SvDdsE-79eLb6-FWXroS\" target=\"_blank\" aria-label=\" (opens in a new tab)\" rel=\"noreferrer noopener nofollow\" class=\"rank-math-link\">Cr\u00e9dits<\/a> : Kgalagadi Transfrontier Park par <a href=\"https:\/\/www.flickr.com\/photos\/alexhealing\/\" target=\"_blank\" aria-label=\"Alex Healing (opens in a new tab)\" rel=\"noreferrer noopener nofollow\" class=\"rank-math-link\">Alex Healing<\/a> (CC BY <a href=\"https:\/\/creativecommons.org\/licenses\/by\/2.0\/\" target=\"_blank\" aria-label=\"2.0 (opens in a new tab)\" rel=\"noreferrer noopener nofollow\" class=\"rank-math-link\">2.0<\/a>)<\/em><\/figcaption><\/figure><\/div>\n\n\n\n<p>Les suricates font aussi partie des animaux embl\u00e9matiques du parc.&nbsp; Ils se d\u00e9placent souvent en groupe, facilitant ainsi leur observation. Blaireaux, renards \u00e0 oreilles de chauve-souris, chacals et pangolins sont nombreux. Vous pourrez aussi rencontrer des \u00e9cureuils de terre du Cap.<\/p>\n\n\n\n<p>Visiter le Parc de Kgalagadi sera \u00e9galement l\u2019occasion de d\u00e9couvrir de nombreux oiseaux. On d\u00e9nombre plus de 280 esp\u00e8ces, dont beaucoup d\u2019oiseaux migrateurs mais aussi des oiseaux de proie.<\/p>\n\n\n\n<div class=\"wp-block-image\"><figure class=\"aligncenter size-full\"><picture><source srcset=\"https:\/\/mistersafari.com\/fr\/wp-content\/uploads\/sites\/2\/Outardes-Kgalagadi-.webp 1200w,https:\/\/mistersafari.com\/fr\/wp-content\/uploads\/sites\/2\/Outardes-Kgalagadi--300x188.webp 300w,https:\/\/mistersafari.com\/fr\/wp-content\/uploads\/sites\/2\/Outardes-Kgalagadi--1024x640.webp 1024w,https:\/\/mistersafari.com\/fr\/wp-content\/uploads\/sites\/2\/Outardes-Kgalagadi--768x480.webp 768w\" sizes=\"auto, (max-width: 1200px) 100vw, 1200px\" type=\"image\/webp\"><img src=\"https:\/\/mistersafari.com\/fr\/wp-content\/uploads\/sites\/2\/Outardes-Kgalagadi-.jpg\" height=\"750\" width=\"1200\" srcset=\"https:\/\/mistersafari.com\/fr\/wp-content\/uploads\/sites\/2\/Outardes-Kgalagadi-.jpg 1200w, https:\/\/mistersafari.com\/fr\/wp-content\/uploads\/sites\/2\/Outardes-Kgalagadi--300x188.jpg 300w, https:\/\/mistersafari.com\/fr\/wp-content\/uploads\/sites\/2\/Outardes-Kgalagadi--1024x640.jpg 1024w, https:\/\/mistersafari.com\/fr\/wp-content\/uploads\/sites\/2\/Outardes-Kgalagadi--768x480.jpg 768w\" sizes=\"auto, (max-width: 1200px) 100vw, 1200px\" class=\"wp-image-4254 sp-no-webp\" alt=\"outarde du parc Kgalagadi \" loading=\"lazy\" decoding=\"async\"  > <\/picture><figcaption>Outarde du parc national de Kgalagadi  <\/figcaption><\/figure><\/div>\n\n\n\n<p>Pour avoir la chance d\u2019observer le plus d\u2019animaux, il faudra concentrer votre visite autour des abords des rivi\u00e8res. C\u2019est d\u2019ailleurs l\u00e0 que les deux pistes principales du parc vous am\u00e8nent.<\/p>\n\n\n\n<h3 class=\"wp-block-heading\">Les autres activit\u00e9s<\/h3>\n\n\n\n<p>Le Parc Transfrontalier de Kgalagadi est principalement r\u00e9put\u00e9 pour l\u2019observation des animaux sauvages, mais vous pourrez aussi faire quelques activit\u00e9s dans le coin.<\/p>\n\n\n\n<p>Situ\u00e9 le long de la rivi\u00e8re Auob, le mus\u00e9e d\u2019Auchterlonie retrace l\u2019histoire du parc d\u2019il y a 1 si\u00e8cle. Vous pourrez aussi vous rendre dans des caches pr\u00e8s de points d\u2019eau \u00e0 Nossob et Mata Mata afin d\u2019observer les animaux en toute discr\u00e9tion.&nbsp;Enfin, certains h\u00e9bergements disposent de piscine, boutiques et autres facilit\u00e9s. Ils proposent aussi des game drives le matin ou en soir\u00e9e et des marches guid\u00e9es.<\/p>\n\n\n\n<h2 class=\"wp-block-heading\">Comment se rendre au Parc de Kgalagadi<\/h2>\n\n\n\n<p>Depuis Johannesburg, deux options s\u2019offrent \u00e0 vous pour rejoindre le Parc Transfrontalier de Kgalagadi :<\/p>\n\n\n\n<ul class=\"wp-block-list\"><li>prendre un vol interne entre Johannesburg et Upington, puis louer une voiture depuis l&rsquo;a\u00e9roport de Upington (250 km entre Upington et Kgalagadi) ;<\/li><li>louer une voiture depuis Johannesburg et emprunter les 900km de route, soit au minimum 11h de trajet.<\/li><\/ul>\n\n\n\n<p>La premi\u00e8re option \u00e9vite le long trajet mais est plus on\u00e9reuse.&nbsp; Si vous optez pour la route, il faudra privil\u00e9gier la route goudronn\u00e9e via Upington. Celle passant par Vanzylsrus est en gravier et assez d\u00e9grad\u00e9e.<\/p>\n\n\n\n<p>Cinq portes permettent d\u2019acc\u00e9der au parc :<\/p>\n\n\n\n<ul class=\"wp-block-list\"><li>Porte Twee Rivieren depuis l\u2019Afrique du Sud ;<\/li><li>Porte Mata-Mata depuis la Namibie ;<\/li><li>Portes Two Rivers (pr\u00e8s de Twee Rivieren), Mabuasehube ou Kaa depuis le Botswana.<\/li><\/ul>\n\n\n\n<p class=\"callout-blue\">Selon les mois, les portes ouvrent entre 5h30 et 7h30 et ferment entre 18h et 19h30. Pensez \u00e0 respecter ces horaires.&nbsp;<\/p>\n\n\n\n<p>Le passeport est requis pour entrer dans le parc seulement si vous pr\u00e9voyez de sortir du parc par une porte diff\u00e9rente.<\/p>\n\n\n\n<h2 class=\"wp-block-heading\">Tarif et r\u00e9glementation<\/h2>\n\n\n\n<h3 class=\"wp-block-heading\">Parc de Kgalagadi : prix d\u2019entr\u00e9e<\/h3>\n\n\n\n<p>L\u2019entr\u00e9e au parc est payante. Les tarifs sont les suivants :&nbsp;<\/p>\n\n\n\n<ul class=\"wp-block-list\"><li>R384 par adulte par jour (environ 20\u20ac)<\/li><li>R192 par enfant par jour (environ 10\u20ac)<\/li><\/ul>\n\n\n\n<p class=\"callout-green\">Le Parc de Kgalagadi \u00e9tant g\u00e9r\u00e9 par le SANParks, les d\u00e9tenteurs de la Wild Card ne paieront pas de frais d\u2019entr\u00e9e.&nbsp;<\/p>\n\n\n\n<p>La Wild Card est payante mais selon le nombre de parcs visit\u00e9s et la dur\u00e9e de votre s\u00e9jour en Afrique du Sud, elle peut permettre de faire des \u00e9conomies.<\/p>\n\n\n\n<h3 class=\"wp-block-heading\">La r\u00e9glementation du Parc de Kgalagadi<\/h3>\n\n\n\n<p>Comme dans tous les <a href=\"https:\/\/mistersafari.com\/fr\/safari-afrique-du-sud\/parcs-reserves\/\" class=\"rank-math-link\">parcs d\u2019Afrique du Sud<\/a> g\u00e9r\u00e9s par le SANParks, il faudra s\u2019assurer de respecter la r\u00e9glementation en vigueur. Ces r\u00e8gles font surtout appel au bon sens : respecter les animaux et de la flore, respecter les limitations de vitesse, rester sur les pistes, ne pas sortir de son v\u00e9hicule en dehors des zones autoris\u00e9es, &#8230;<\/p>\n\n\n\n<h2 class=\"wp-block-heading\">O\u00f9 dormir \u00e0 Kgalagadi ?<\/h2>\n\n\n\n<p>Plusieurs options de logement s\u2019offrent \u00e0 vous pour votre s\u00e9jour dans le Parc de Kgalagadi. Dans sa partie sud-africaine, le parc compte trois principaux camps qui disposent chacun de plusieurs types d\u2019h\u00e9bergement.<\/p>\n\n\n\n<p>Situ\u00e9 au Sud du parc, le camp Twee Rivieren est le plus grand camp et se trouve sur les berges de la rivi\u00e8re Nossob. Il est compos\u00e9 de 31 bungalows et 24 emplacements de camping avec \u00e9lectricit\u00e9 et 6 sans \u00e9lectricit\u00e9.&nbsp; C\u2019est le seul camp qui poss\u00e8de l\u2019\u00e9lectricit\u00e9 24h\/24 ainsi qu\u2019une connexion t\u00e9l\u00e9phonique.&nbsp;Les deux autres camps du parc sont le camp Mata Mata pr\u00e8s de la Namibie et le camp Nossob au centre du parc.<\/p>\n\n\n\n<div class=\"wp-block-image\"><figure class=\"aligncenter size-full\"><picture><source srcset=\"https:\/\/mistersafari.com\/fr\/wp-content\/uploads\/sites\/2\/oryx-kgalagadi.webp 1200w,https:\/\/mistersafari.com\/fr\/wp-content\/uploads\/sites\/2\/oryx-kgalagadi-300x191.webp 300w,https:\/\/mistersafari.com\/fr\/wp-content\/uploads\/sites\/2\/oryx-kgalagadi-1024x653.webp 1024w,https:\/\/mistersafari.com\/fr\/wp-content\/uploads\/sites\/2\/oryx-kgalagadi-768x490.webp 768w\" sizes=\"auto, (max-width: 1200px) 100vw, 1200px\" type=\"image\/webp\"><img src=\"https:\/\/mistersafari.com\/fr\/wp-content\/uploads\/sites\/2\/oryx-kgalagadi.jpg\" height=\"765\" width=\"1200\" srcset=\"https:\/\/mistersafari.com\/fr\/wp-content\/uploads\/sites\/2\/oryx-kgalagadi.jpg 1200w, https:\/\/mistersafari.com\/fr\/wp-content\/uploads\/sites\/2\/oryx-kgalagadi-300x191.jpg 300w, https:\/\/mistersafari.com\/fr\/wp-content\/uploads\/sites\/2\/oryx-kgalagadi-1024x653.jpg 1024w, https:\/\/mistersafari.com\/fr\/wp-content\/uploads\/sites\/2\/oryx-kgalagadi-768x490.jpg 768w\" sizes=\"auto, (max-width: 1200px) 100vw, 1200px\" class=\"wp-image-4256 sp-no-webp\" alt=\"oryx dans le parc nartional de Kgalagadi \" loading=\"lazy\" decoding=\"async\"  > <\/picture><figcaption>Un Oryx dans le parc nartional de Kgalagadi<\/figcaption><\/figure><\/div>\n\n\n\n<p>Les camps \u201cwilderness\u201d sont quant \u00e0 eux des h\u00e9bergements limit\u00e9s \u00e0 8 visiteurs. Ils garantissent un s\u00e9jour plus rustique, authentique et tranquille. Certains ne sont accessibles qu\u2019en 4&#215;4, d\u2019autres ne disposent pas d\u2019eau courante. On peut citer le camp Bitterpan, compos\u00e9 de bungalows sur pilotis qui surplombent un point d\u2019eau.&nbsp;<\/p>\n\n\n\n<p>Enfin, le Parc de Kgalagadi dispose aussi d\u2019un h\u00e9bergement haut de gamme : le <a href=\"https:\/\/www.booking.com\/hotel\/za\/xaus-lodge.fr.html?aid=1536449&amp;no_rooms=1&amp;group_adults=1\" class=\"rank-math-link\" target=\"_blank\" rel=\"noopener\">Xaus Lodge<\/a>.&nbsp;Les chambres priv\u00e9es profitent d\u2019une terrasse donnant sur le lac sal\u00e9 ass\u00e9ch\u00e9 o\u00f9 se retrouvent les animaux. La r\u00e9servation inclut la pension compl\u00e8te, des game drives le matin et en soir\u00e9e et des marches matinales dans les dunes.&nbsp;&nbsp;<\/p>\n\n\n\n<h2 class=\"wp-block-heading\">Le Parc transfrontalier de Kgalagadi : autres informations pratiques<\/h2>\n\n\n\n<h3 class=\"wp-block-heading\">G\u00e9ographie<\/h3>\n\n\n\n<p>Le Parc transfrontalier de Kgalagadi se situe entre l\u2019Afrique du Sud et le <a href=\"https:\/\/mistersafari.com\/fr\/safari-botswana\/\" class=\"rank-math-link\">Botswana<\/a>. Il regroupe deux anciens parcs nationaux : le Parc National Kalahari Gemsbok en Afrique du Sud et le Parc National de Gemsbok au Botswana. Il a \u00e9t\u00e9 cr\u00e9\u00e9 en 1999 et est cog\u00e9r\u00e9 par les deux pays. Sa superficie est de 38 000 km2, dont environ un quart en Afrique du Sud.<\/p>\n\n\n\n<p>Il est principalement constitu\u00e9 du d\u00e9sert de Kalahari et offre ainsi des paysages secs constitu\u00e9s de dunes teint\u00e9es de rouge, souvent recouvertes d\u2019une herbe dense. Il est aussi parsem\u00e9 d\u2019une v\u00e9g\u00e9tation riche, et notamment les acacias qui abritent les animaux du soleil.<\/p>\n\n\n\n<p>On compte deux rivi\u00e8res : la rivi\u00e8re Nossob qui sert de fronti\u00e8re entre l\u2019Afrique du Sud et le Botswana et la rivi\u00e8re Auob. Elles sont toutes deux ass\u00e9ch\u00e9es et les cinquante points d\u2019eau du parc proviennent de pompes \u00e9oliennes qui puisent l\u2019eau des puits artificiels cr\u00e9\u00e9s il y a une centaine d\u2019ann\u00e9es.<\/p>\n\n\n\n<h3 class=\"wp-block-heading\">M\u00e9t\u00e9o<\/h3>\n\n\n\n<p>Le Parc de Kgalagadi subit un climat aride. Les temp\u00e9ratures y sont extr\u00eames et les \u00e9carts entre le jour et la nuit et entre les saisons sont importants.<\/p>\n\n\n\n<p>Entre novembre et mars, c\u2019est l\u2019\u00e9t\u00e9 austral et la saison des pluies. Elles restent cependant occasionnelles et prennent surtout la forme de gros orages. Il fait tr\u00e8s chaud et les temp\u00e9ratures d\u00e9passent souvent les 40\u00b0.<\/p>\n\n\n\n<p>Le reste de l\u2019ann\u00e9e, les temp\u00e9ratures sont plus cl\u00e9mentes en journ\u00e9e : entre 25 et 30\u00b0. Par contre, les nuits sont tr\u00e8s fra\u00eeches et les temp\u00e9ratures descendent souvent en dessous de 0\u00b0. Les pluies sont rares, le climat est sec et le ciel est clair.<\/p>\n\n\n\n<h3 class=\"wp-block-heading\">Quand visiter<\/h3>\n\n\n\n<p>Les meilleures p\u00e9riodes pour visiter le Parc de Kgalagadi sont entre mars et juin et entre septembre et octobre.&nbsp;Pendant ces mi-saisons, le climat est plus temp\u00e9r\u00e9. Si les nuits froides ne vous d\u00e9rangent pas, vous pouvez aussi vous rendre au Parc de Kgalagadi pendant l\u2019\u00e9t\u00e9 (juin, juillet et ao\u00fbt). Les animaux se rassemblent autour des points d\u2019eau qui se font rares et sont donc plus facilement observables.<\/p>\n","protected":false},"excerpt":{"rendered":"<p>Le Parc de Kgalagadi est un parc animalier transfrontalier qui se r\u00e9partit entre l\u2019Afrique du Sud et le Botswana. Compos\u00e9 principalement du d\u00e9sert de Kalahari, il offre des paysages atypiques et une faune riche y a \u00e9lu domicile. Suivez notre guide pour pr\u00e9parer votre visite du Parc Transfrontalier du Kgalagadi (Kgalagadi Transfrontier Park). Pourquoi se &#8230; <a title=\"Parc Transfrontalier de Kgalagadi\" class=\"read-more\" href=\"https:\/\/mistersafari.com\/fr\/safari-afrique-du-sud\/parcs-reserves\/parc-transfrontalier-kgalagadi\/\" aria-label=\"En savoir plus sur Parc Transfrontalier de Kgalagadi\">Lire la suite<\/a><\/p>\n","protected":false},"author":3,"featured_media":627,"parent":1095,"menu_order":9,"comment_status":"closed","ping_status":"closed","template":"","meta":{"_acf_changed":false,"footnotes":""},"content_type":[],"country":[],"class_list":{"0":"post-1147","1":"page","2":"type-page","3":"status-publish","4":"has-post-thumbnail","6":"no-featured-image-padding"},"acf":{"hreflang":null},"_links":{"self":[{"href":"https:\/\/mistersafari.com\/fr\/wp-json\/wp\/v2\/pages\/1147","targetHints":{"allow":["GET"]}}],"collection":[{"href":"https:\/\/mistersafari.com\/fr\/wp-json\/wp\/v2\/pages"}],"about":[{"href":"https:\/\/mistersafari.com\/fr\/wp-json\/wp\/v2\/types\/page"}],"author":[{"embeddable":true,"href":"https:\/\/mistersafari.com\/fr\/wp-json\/wp\/v2\/users\/3"}],"replies":[{"embeddable":true,"href":"https:\/\/mistersafari.com\/fr\/wp-json\/wp\/v2\/comments?post=1147"}],"version-history":[{"count":14,"href":"https:\/\/mistersafari.com\/fr\/wp-json\/wp\/v2\/pages\/1147\/revisions"}],"predecessor-version":[{"id":5648,"href":"https:\/\/mistersafari.com\/fr\/wp-json\/wp\/v2\/pages\/1147\/revisions\/5648"}],"up":[{"embeddable":true,"href":"https:\/\/mistersafari.com\/fr\/wp-json\/wp\/v2\/pages\/1095"}],"wp:featuredmedia":[{"embeddable":true,"href":"https:\/\/mistersafari.com\/fr\/wp-json\/wp\/v2\/media\/627"}],"wp:attachment":[{"href":"https:\/\/mistersafari.com\/fr\/wp-json\/wp\/v2\/media?parent=1147"}],"wp:term":[{"taxonomy":"content_type","embeddable":true,"href":"https:\/\/mistersafari.com\/fr\/wp-json\/wp\/v2\/content_type?post=1147"},{"taxonomy":"country","embeddable":true,"href":"https:\/\/mistersafari.com\/fr\/wp-json\/wp\/v2\/country?post=1147"}],"curies":[{"name":"wp","href":"https:\/\/api.w.org\/{rel}","templated":true}]}}