{"id":1137,"date":"2020-09-14T15:41:32","date_gmt":"2020-09-14T15:41:32","guid":{"rendered":"https:\/\/mistersafari.com\/fr\/?page_id=1137"},"modified":"2021-01-20T10:26:34","modified_gmt":"2021-01-20T10:26:34","slug":"location-voiture","status":"publish","type":"page","link":"https:\/\/mistersafari.com\/fr\/safari-tanzanie\/zanzibar\/location-voiture\/","title":{"rendered":"Louer une voiture \u00e0 Zanzibar : Comment ? Combien \u00e7a co\u00fbte ?"},"content":{"rendered":"\n<p>Pour profiter des 80 km de long et 35 km de large de Zanzibar, organiser son moyen de transport est indispensable. Taxi, location de scooter, de voiture, dalas-dalas (petit bus \u00e0 toit ouvert), le choix est large et reposera sur vos pr\u00e9f\u00e9rences et vos activit\u00e9s. Vous trouverez dans ce guide toutes les informations sur la location de voiture \u00e0 Zanzibar.&nbsp;<\/p>\n\n\n<div id=\"ez-toc-container\" class=\"ez-toc-v2_0_76 counter-flat ez-toc-counter ez-toc-custom ez-toc-container-direction\">\n<div class=\"ez-toc-title-container\"><p class=\"ez-toc-title\" style=\"cursor:inherit\">Sommaire<\/p>\n<\/div><nav><ul class='ez-toc-list ez-toc-list-level-1 ' ><li class='ez-toc-page-1'><a class=\"ez-toc-link ez-toc-heading-1\" href=\"https:\/\/mistersafari.com\/fr\/safari-tanzanie\/zanzibar\/location-voiture\/#louer-une-voiture-a-zanzibar-la-meilleure-option-pour-votre-voyage\" >Louer une voiture \u00e0 Zanzibar : la meilleure option pour votre voyage ?<\/a><\/li><li class='ez-toc-page-1'><a class=\"ez-toc-link ez-toc-heading-2\" href=\"https:\/\/mistersafari.com\/fr\/safari-tanzanie\/zanzibar\/location-voiture\/#ou-et-comment-louer-sa-voiture-a-zanzibar\" >O\u00f9 et comment louer sa voiture \u00e0 Zanzibar ?<\/a><\/li><li class='ez-toc-page-1'><a class=\"ez-toc-link ez-toc-heading-3\" href=\"https:\/\/mistersafari.com\/fr\/safari-tanzanie\/zanzibar\/location-voiture\/#combien-coute-la-location-dune-voiture-a-zanzibar\" >Combien co\u00fbte la location d\u2019une voiture \u00e0 Zanzibar ?<\/a><\/li><\/ul><\/nav><\/div>\n\n\n\n\n<h2 class=\"wp-block-heading\"><span class=\"ez-toc-section\" id=\"louer-une-voiture-a-zanzibar-la-meilleure-option-pour-votre-voyage\"><\/span><strong>Louer une voiture \u00e0 Zanzibar : la meilleure option pour votre voyage ?<\/strong><span class=\"ez-toc-section-end\"><\/span><\/h2>\n\n\n\n<h3 class=\"wp-block-heading\"><strong>Les avantages de la location d\u2019une voiture \u00e0 Zanzibar<\/strong><\/h3>\n\n\n\n<p>La location d\u2019une voiture \u00e0 Zanzibar a pour principal avantage de vous permettre de d\u00e9couvrir l\u2019\u00eele en toute autonomie. Vous serez libre dans vos d\u00e9placements, aussi bien en termes de dur\u00e9e que de destinations. Vous pourrez aussi acc\u00e9der \u00e0 des coins de l\u2019\u00eele plus isol\u00e9s, pas forc\u00e9ment accessibles en transports en commun par exemple. Enfin, vous n\u2019aurez pas \u00e0 multiplier les moyens de transport ni \u00e0 les organiser ou les r\u00e9server \u00e0 l\u2019avance. Une fois votre voiture de location r\u00e9cup\u00e9r\u00e9e, vous \u00eates libre.\u00a0<\/p>\n\n\n\n<p><em>La question du prix est souvent soulev\u00e9e. Louer une voiture \u00e0 Zanzibar n\u2019est pas l\u2019option la plus ch\u00e8re, ni la moins ch\u00e8re. Pensez seulement \u00e0 estimer le budget avant de vous d\u00e9cider.&nbsp;<\/em><\/p>\n\n\n\n<h3 class=\"wp-block-heading\"><strong>Les inconv\u00e9nients<\/strong><\/h3>\n\n\n\n<p>Louer une voiture \u00e0 Zanzibar pr\u00e9sente aussi quelques inconv\u00e9nients.\u00a0 Tout d\u2019abord, vous devrez disposer d\u2019un permis international ou faire une demande de permis local \u00e0 votre arriv\u00e9e. Certaines agences de location de voiture s\u2019en chargent, mais pas toutes. Les contr\u00f4les de police sont fr\u00e9quents et m\u00e9ticuleux.\u00a0<\/p>\n\n\n\n<p id=\"callout-orange\">M\u00eame si les routes principales sont en bon \u00e9tat, ce n\u2019est pas toujours le cas des voies secondaires, pour acc\u00e9der aux plages notamment. <\/p>\n\n\n\n<p>Il s\u2019agit souvent de pistes, chemins ou routes ab\u00eem\u00e9es. Il faudra rouler \u00e0 gauche et faire attention \u00e0 sa s\u00e9curit\u00e9. Les autres chauffeurs, la pr\u00e9sence d\u2019enfants ou de b\u00e9tail sur les bas-c\u00f4t\u00e9s sont des obstacles parfois dangereux.&nbsp;<\/p>\n\n\n\n<p>Il faudra \u00e9galement faire face \u00e0 de grandes difficult\u00e9s de stationnement en ville si vous roulez en voiture de location \u00e0 Zanzibar City. En dehors de la ville, aucun souci.\u00a0<\/p>\n\n\n\n<h3 class=\"wp-block-heading\"><strong>Les alternatives<\/strong><\/h3>\n\n\n\n<p>Pour vous d\u00e9placer sur l\u2019\u00eele de Zanzibar, vous pouvez aussi opter pour la location de moto ou de quad. Plus maniable, vous pourrez facilement circuler et vous garer en ville. Encore une fois, il faudra \u00eatre prudent et \u00e0 l\u2019aise sur les routes.<\/p>\n\n\n\n<p>Le taxi ou les voitures avec chauffeur sont aussi souvent utilis\u00e9s par les voyageurs. Les tarifs sont plus \u00e9lev\u00e9s mais vous profitez des conseils d\u2019un guide local. Vous vous all\u00e9gez aussi les papiers administratifs et n\u2019avez plus \u00e0 vous soucier de la conduite sur place.&nbsp;<\/p>\n\n\n\n<p>D\u2019autres moyens de transport seront aussi indispensables pour visiter l\u2019archipel de Zanzibar. On pense notamment aux bateaux qui assurent les travers\u00e9es entre les \u00eeles.\u00a0<\/p>\n\n\n\n<h2 class=\"wp-block-heading\"><span class=\"ez-toc-section\" id=\"ou-et-comment-louer-sa-voiture-a-zanzibar\"><\/span><strong>O\u00f9 et comment louer sa voiture \u00e0 Zanzibar ?<\/strong><span class=\"ez-toc-section-end\"><\/span><\/h2>\n\n\n\n<h3 class=\"wp-block-heading\"><strong>Sur place ou avant de partir ?<\/strong><\/h3>\n\n\n\n<p>Si vous r\u00e9servez votre voyage avec une agence sp\u00e9cialis\u00e9e, certaines proposeront d\u2019int\u00e9grer la location de la voiture \u00e0 votre itin\u00e9raire. Vous pouvez aussi passer par une agence de location ou un comparateur en ligne pour faire votre r\u00e9servation avant le d\u00e9part.&nbsp;&nbsp;<\/p>\n\n\n\n<p>Il est aussi possible de louer votre voiture directement sur place. C\u2019est notamment le cas \u00e0 l\u2019a\u00e9roport international Abeid Amani Karume de Zanzibar mais aussi depuis Zanzibar Town et certains h\u00f4tels sur la c\u00f4te.&nbsp;<\/p>\n\n\n\n<p>\u00c0 Zanzibar, les agences de location de voiture sont des agences locales.&nbsp;Ne soyez pas surpris de ne pas trouver les grands loueurs internationaux.&nbsp;<\/p>\n\n\n\n<p>Pour les voyageurs qui visitent la Tanzanie continentale avec une voiture de location avant de se rendre \u00e0 Zanzibar, il ne sera pas possible de traverser sur le ferry avec votre voiture. Le ferry qui relie Dar Es-Salaam et Zanzibar est uniquement pi\u00e9ton.\u00a0 Dans le cadre d&rsquo;un <a href=\"https:\/\/mistersafari.com\/fr\/safari-tanzanie\/zanzibar\/\" class=\"rank-math-link\">combin\u00e9 safari tanzanie zanzibar<\/a>, il faudra louer deux v\u00e9hicules.<\/p>\n\n\n\n<h3 class=\"wp-block-heading\"><strong>Sous quelle formule ?<\/strong><\/h3>\n\n\n\n<p>Vous pouvez choisir de louer une voiture seule ou avec un chauffeur. En effet, contrairement \u00e0 la Tanzanie continentale, les agences de location n\u2019imposent pas de faire appel \u00e0 un chauffeur.&nbsp; La deuxi\u00e8me option apporte un certain confort, mais est bien plus co\u00fbteuse.&nbsp;<\/p>\n\n\n\n<h3 class=\"wp-block-heading\"><strong>Quel type de voiture louer ?<\/strong><\/h3>\n\n\n\n<p>Tous les types de v\u00e9hicule peuvent \u00eatre conduits \u00e0 Zanzibar. G\u00e9n\u00e9ralement, vous serez \u00e9quip\u00e9 avec un petit 4&#215;4 ou un minivan. Un 4&#215;4 sera plus confortable, notamment sur les pistes pour se rendre aux plages.<strong>&nbsp;<\/strong><\/p>\n\n\n\n<h3 class=\"wp-block-heading\"><strong>O\u00f9 r\u00e9cup\u00e9rer son v\u00e9hicule ?<\/strong><\/h3>\n\n\n\n<p>Vous pourrez r\u00e9cup\u00e9rer votre voiture de location \u00e0 l\u2019a\u00e9roport ou en ville. Certaines agences proposent aussi de vous livrer votre voiture sur le lieu de votre choix.\u00a0<\/p>\n\n\n\n<h3 class=\"wp-block-heading\"><strong>S\u2019approvisionner en essence<\/strong><\/h3>\n\n\n\n<p>L\u2019\u00eele n\u2019est pas tr\u00e8s grande, vous ne serez donc jamais tr\u00e8s loin d\u2019une station essence. Vous en trouverez sans probl\u00e8me \u00e0 Zanzibar Town, \u00e0 l\u2019a\u00e9roport ou en ville.&nbsp; Comptez environ 1 heure de route depuis la ville jusqu\u2019\u00e0 l\u2019une des c\u00f4tes.&nbsp;<\/p>\n\n\n\n<h2 class=\"wp-block-heading\"><span class=\"ez-toc-section\" id=\"combien-coute-la-location-dune-voiture-a-zanzibar\"><\/span><strong>Combien co\u00fbte la location d\u2019une voiture \u00e0 Zanzibar<\/strong> ?<span class=\"ez-toc-section-end\"><\/span><\/h2>\n\n\n\n<p>La location d\u2019une voiture \u00e0 Zanzibar est g\u00e9n\u00e9ralement moins ch\u00e8re qu\u2019une location en Tanzanie continentale. Les prix varient en fonction de la dur\u00e9e de la location, du type de v\u00e9hicule, des services annexes.&nbsp;<\/p>\n\n\n\n<p class=\"callout-blue\">Il faudra compter entre 30 et 40\u20ac par jour au minimum pour louer une voiture \u00e0 Zanzibar.&nbsp;<\/p>\n\n\n\n<p>D\u2019autres \u00e9l\u00e9ments influent ou s\u2019ajoutent au prix de la location :<\/p>\n\n\n\n<ul class=\"wp-block-list\"><li>assurance<\/li><li>carburant<\/li><li>assistance et franchise<\/li><li>suppl\u00e9ments (kilom\u00e8tres, \u2026)<\/li><\/ul>\n\n\n\n<p>Les formalit\u00e9s d\u2019obtention du permis de conduire local sont payantes (une dizaine d\u2019euros). Pensez \u00e0 v\u00e9rifier aupr\u00e8s de votre agence de location de voiture.&nbsp;<\/p>\n\n\n\n<p>Enfin, n\u2019h\u00e9sitez pas \u00e0 n\u00e9gocier les tarifs aupr\u00e8s des agences locales. Comme tout sur l\u2019\u00eele, elles proposent toujours le prix fort !<\/p>\n","protected":false},"excerpt":{"rendered":"<p>Pour profiter des 80 km de long et 35 km de large de Zanzibar, organiser son moyen de transport est indispensable. Taxi, location de scooter, de voiture, dalas-dalas (petit bus \u00e0 toit ouvert), le choix est large et reposera sur vos pr\u00e9f\u00e9rences et vos activit\u00e9s. Vous trouverez dans ce guide toutes les informations sur la &#8230; <a title=\"Louer une voiture \u00e0 Zanzibar : Comment ? Combien \u00e7a co\u00fbte ?\" class=\"read-more\" href=\"https:\/\/mistersafari.com\/fr\/safari-tanzanie\/zanzibar\/location-voiture\/\" aria-label=\"En savoir plus sur Louer une voiture \u00e0 Zanzibar : Comment ? Combien \u00e7a co\u00fbte ?\">Lire la suite<\/a><\/p>\n","protected":false},"author":3,"featured_media":1141,"parent":1545,"menu_order":3,"comment_status":"closed","ping_status":"closed","template":"","meta":{"_acf_changed":false,"footnotes":""},"content_type":[],"country":[],"class_list":{"0":"post-1137","1":"page","2":"type-page","3":"status-publish","4":"has-post-thumbnail","6":"no-featured-image-padding"},"acf":{"hreflang":null},"_links":{"self":[{"href":"https:\/\/mistersafari.com\/fr\/wp-json\/wp\/v2\/pages\/1137","targetHints":{"allow":["GET"]}}],"collection":[{"href":"https:\/\/mistersafari.com\/fr\/wp-json\/wp\/v2\/pages"}],"about":[{"href":"https:\/\/mistersafari.com\/fr\/wp-json\/wp\/v2\/types\/page"}],"author":[{"embeddable":true,"href":"https:\/\/mistersafari.com\/fr\/wp-json\/wp\/v2\/users\/3"}],"replies":[{"embeddable":true,"href":"https:\/\/mistersafari.com\/fr\/wp-json\/wp\/v2\/comments?post=1137"}],"version-history":[{"count":8,"href":"https:\/\/mistersafari.com\/fr\/wp-json\/wp\/v2\/pages\/1137\/revisions"}],"predecessor-version":[{"id":1724,"href":"https:\/\/mistersafari.com\/fr\/wp-json\/wp\/v2\/pages\/1137\/revisions\/1724"}],"up":[{"embeddable":true,"href":"https:\/\/mistersafari.com\/fr\/wp-json\/wp\/v2\/pages\/1545"}],"wp:featuredmedia":[{"embeddable":true,"href":"https:\/\/mistersafari.com\/fr\/wp-json\/wp\/v2\/media\/1141"}],"wp:attachment":[{"href":"https:\/\/mistersafari.com\/fr\/wp-json\/wp\/v2\/media?parent=1137"}],"wp:term":[{"taxonomy":"content_type","embeddable":true,"href":"https:\/\/mistersafari.com\/fr\/wp-json\/wp\/v2\/content_type?post=1137"},{"taxonomy":"country","embeddable":true,"href":"https:\/\/mistersafari.com\/fr\/wp-json\/wp\/v2\/country?post=1137"}],"curies":[{"name":"wp","href":"https:\/\/api.w.org\/{rel}","templated":true}]}}