{"id":1133,"date":"2020-09-14T15:33:15","date_gmt":"2020-09-14T15:33:15","guid":{"rendered":"https:\/\/mistersafari.com\/fr\/?page_id=1133"},"modified":"2021-05-21T13:22:06","modified_gmt":"2021-05-21T13:22:06","slug":"quand-partir","status":"publish","type":"page","link":"https:\/\/mistersafari.com\/fr\/safari-tanzanie\/zanzibar\/quand-partir\/","title":{"rendered":"Quand partir \u00e0 Zanzibar"},"content":{"rendered":"\n<p>Pour profiter d\u2019un peu de repos apr\u00e8s un safari en Tanzanie, direction l\u2019Archipel de Zanzibar au large des c\u00f4tes de l\u2019Oc\u00e9an Indien. Ses plages idylliques r\u00e9parties sur ses nombreuses \u00eeles en font une destination id\u00e9ale pour un s\u00e9jour farniente. Alors quand visiter Zanzibar ?&nbsp;<\/p>\n\n\n\n<h2 class=\"wp-block-heading\"><strong>Quand partir \u00e0 Zanzibar : les meilleurs mois<\/strong><\/h2>\n\n\n\n<p>Influenc\u00e9 par les vents de l\u2019Oc\u00e9an Indien, l\u2019archipel de Zanzibar conna\u00eet un climat \u00e9quatorial avec des temp\u00e9ratures \u00e9lev\u00e9es et une alternance de saisons s\u00e8ches et de saisons des pluies au cours de l\u2019ann\u00e9e.&nbsp;<\/p>\n\n\n\n<p>Pour savoir quand aller \u00e0 Zanzibar en fonction du climat mais aussi du niveau de fr\u00e9quentation,  suivez ce tableau :<\/p>\n\n\n\n<figure class=\"wp-block-table\"><table><tbody><tr><td><strong>Janvier<\/strong><\/td><td><strong>F\u00e9vrier<\/strong><\/td><td><strong>Mars<\/strong><\/td><td><strong>Avril<\/strong><\/td><td><strong>Mai<\/strong><\/td><td><strong>Juin<\/strong><\/td><td><strong>Juillet<\/strong><\/td><td><strong>Ao\u00fbt<\/strong><\/td><td><strong>Septembre<\/strong><\/td><td><strong>Octobre<\/strong><\/td><td><strong>Novembre<\/strong><\/td><td><strong>D\u00e9cembre<\/strong><\/td><\/tr><tr><td>**<\/td><td>**<\/td><td>*<\/td><td>*<\/td><td>*<\/td><td>**<\/td><td>***<\/td><td>***<\/td><td>***<\/td><td>**<\/td><td>**<\/td><td>**<\/td><\/tr><\/tbody><\/table><figcaption>Les meilleurs mois pour partir \u00e0 Zanzibar<\/figcaption><\/figure>\n\n\n\n<p>Pendant la saison s\u00e8che de juin \u00e0 octobre, les pluies sont rares et les temp\u00e9ratures agr\u00e9ables, avec notamment les aliz\u00e9s qui adoucissent l\u2019atmosph\u00e8re. C\u2019est la saison la plus touristique. En novembre et d\u00e9cembre, les temp\u00e9ratures commencent \u00e0 monter. Les quelques averses restent tr\u00e8s courtes et ne privent pas les voyageurs d\u2019un s\u00e9jour \u00e0 la plage.&nbsp;<\/p>\n\n\n\n<p>En janvier et f\u00e9vrier, les temp\u00e9ratures sont tr\u00e8s \u00e9lev\u00e9es et les visiteurs plus rares. On profite donc d\u2019une p\u00e9riode plus tranquille. Puis plus vous avancez dans le printemps chez nous et plus les pluies sont nombreuses et fortes, jusqu\u2019\u00e0 la saison des pluies de Mars \u00e0 mai. <\/p>\n\n\n\n<p class=\"callout-orange\">Cette p\u00e9riode est \u00e0 \u00e9viter. Certains h\u00f4tels ferment, des routes peuvent \u00eatre inaccessibles.&nbsp;<\/p>\n\n\n\n<p>Au-del\u00e0 du climat, l\u2019affluence touristique et votre budget seront aussi des crit\u00e8res \u00e0 prendre en consid\u00e9ration pour choisir quand partir \u00e0 Zanzibar.&nbsp;<\/p>\n\n\n\n<h2 class=\"wp-block-heading\"><strong>La m\u00e9t\u00e9o et le climat \u00e0 Zanzibar<\/strong><\/h2>\n\n\n\n<h3 class=\"wp-block-heading\"><strong>Les temp\u00e9ratures<\/strong><\/h3>\n\n\n\n<p>Zanzibar conna\u00eet des temp\u00e9ratures assez stables tout au long de l\u2019ann\u00e9e, agr\u00e9ables \u00e0 chaudes.&nbsp;<\/p>\n\n\n\n<p>Pendant la saison s\u00e8che de juin \u00e0 septembre, dite la p\u00e9riode \u201cfroide\u201d, les temp\u00e9ratures sont cl\u00e9mentes et s\u2019\u00e9l\u00e8vent en moyenne \u00e0 25\u00b0 en journ\u00e9e et 20\u00b0 la nuit. Pendant la saison humide de Mars \u00e0 mai, les temp\u00e9ratures sont l\u00e9g\u00e8rement plus \u00e9lev\u00e9es (autour de 26-27\u00b0 en moyenne) mais les nombreuses pluies rendent le climat lourd et humide. L\u2019hiver est la p\u00e9riode la plus chaude, avec un pic des temp\u00e9ratures en f\u00e9vrier jusqu\u2019\u00e0 32-35\u00b0. Les vents viennent all\u00e9ger l\u2019air parfois \u00e9touffant.&nbsp;<\/p>\n\n\n\n<p>Quant \u00e0 la temp\u00e9rature de l\u2019eau, pas d\u2019inqui\u00e9tude pour cette destination baln\u00e9aire. Vous pourrez profiter d\u2019une eau entre 25\u00b0 et 30\u00b0 toute l\u2019ann\u00e9e.&nbsp;<\/p>\n\n\n\n<h3 class=\"wp-block-heading\"><strong>La m\u00e9t\u00e9o selon les r\u00e9gions<\/strong><\/h3>\n\n\n\n<p>Avec ses trois \u00eeles principales (Pemba, Mafia et Unguja, surnomm\u00e9e Zanzibar) et ses nombreuses petites \u00eeles, la m\u00e9t\u00e9o peut varier d\u2019un endroit \u00e0 l\u2019autre de l\u2019Archipel.<\/p>\n\n\n\n<p><strong>Certaines r\u00e9gions sont en effet plus \u00e9pargn\u00e9es que d\u2019autres par les fortes pluies.&nbsp;<\/strong><\/p>\n\n\n\n<p>C\u2019est le cas de la c\u00f4te Ouest d\u2019Unguja et de Pemba o\u00f9, m\u00eame si les pluies restent pr\u00e9sentes pendant la saison des pluies, elles y sont moins abondantes. Le taux de pluviom\u00e9trie est trois fois plus \u00e9lev\u00e9 \u00e0 l\u2019Est qu\u2019\u00e0 l\u2019Ouest de ces \u00eeles.&nbsp;<\/p>\n\n\n\n<p>Si vous <a class=\"rank-math-link\" href=\"https:\/\/mistersafari.com\/fr\/safari-tanzanie\/que-faire\/\">visitez la Tanzanie<\/a> pendant la saison des pluies, pensez donc \u00e0 privil\u00e9gier ces r\u00e9gions pour un s\u00e9jour \u00e0 la mer plus agr\u00e9able.&nbsp;<\/p>\n\n\n\n<h2 class=\"wp-block-heading\"><strong>Que voir et que faire \u00e0 Zanzibar<\/strong><\/h2>\n\n\n\n<p>Destination baln\u00e9aire, l\u2019Archipel de Zanzibar est souvent choisi pour des vacances de quelques jours sur ses plages, dans le cadre d&rsquo;un <a href=\"https:\/\/mistersafari.com\/fr\/safari-tanzanie\/zanzibar\/\" class=\"rank-math-link\">safari en Tanzanie au d\u00e9part de Zanzibar<\/a>. Les \u00eeles sont r\u00e9put\u00e9es pour leur sable blanc, l\u2019eau turquoise et les cocotiers : paysage id\u00e9al pour un repos bien m\u00e9rit\u00e9.&nbsp;<\/p>\n\n\n\n<p>Mais, Zanzibar et ses \u00eeles regorgent de belles surprises. Des visites culturelles dans les villes et villages vous feront d\u00e9couvrir l\u2019histoire et les traditions locales. Les march\u00e9s aux poissons et les visites de plantations d\u2019\u00e9pices valent le d\u00e9tour. La ville de Stone Town est aussi un incontournable.&nbsp;<\/p>\n\n\n\n<p>Vous pourrez aussi poursuivre l\u2019ambiance safari avec une visite de la for\u00eat Jozani et partir \u00e0 la rencontre des singes, les colobes rouges.&nbsp;<\/p>\n\n\n\n<p>Avec des kilom\u00e8tres de <a href=\"https:\/\/mistersafari.com\/fr\/safari-tanzanie\/zanzibar\/plages\/\" class=\"rank-math-link\">plages \u00e0 Zanzibar<\/a>, l&rsquo;\u00eele est aussi une destination id\u00e9ale pour pratiquer des activit\u00e9s nautiques : snorkeling, plong\u00e9e, kitesurf, sortie en mer sur un bateau traditionnel, \u2026 vous aurez l\u2019embarras du choix.&nbsp;<\/p>\n","protected":false},"excerpt":{"rendered":"<p>Pour profiter d\u2019un peu de repos apr\u00e8s un safari en Tanzanie, direction l\u2019Archipel de Zanzibar au large des c\u00f4tes de l\u2019Oc\u00e9an Indien. Ses plages idylliques r\u00e9parties sur ses nombreuses \u00eeles en font une destination id\u00e9ale pour un s\u00e9jour farniente. Alors quand visiter Zanzibar ?&nbsp; Quand partir \u00e0 Zanzibar : les meilleurs mois Influenc\u00e9 par les &#8230; <a title=\"Quand partir \u00e0 Zanzibar\" class=\"read-more\" href=\"https:\/\/mistersafari.com\/fr\/safari-tanzanie\/zanzibar\/quand-partir\/\" aria-label=\"En savoir plus sur Quand partir \u00e0 Zanzibar\">Lire la suite<\/a><\/p>\n","protected":false},"author":3,"featured_media":1135,"parent":1545,"menu_order":2,"comment_status":"closed","ping_status":"closed","template":"","meta":{"_acf_changed":false,"footnotes":""},"content_type":[],"country":[],"class_list":{"0":"post-1133","1":"page","2":"type-page","3":"status-publish","4":"has-post-thumbnail","6":"no-featured-image-padding"},"acf":{"hreflang":null},"_links":{"self":[{"href":"https:\/\/mistersafari.com\/fr\/wp-json\/wp\/v2\/pages\/1133","targetHints":{"allow":["GET"]}}],"collection":[{"href":"https:\/\/mistersafari.com\/fr\/wp-json\/wp\/v2\/pages"}],"about":[{"href":"https:\/\/mistersafari.com\/fr\/wp-json\/wp\/v2\/types\/page"}],"author":[{"embeddable":true,"href":"https:\/\/mistersafari.com\/fr\/wp-json\/wp\/v2\/users\/3"}],"replies":[{"embeddable":true,"href":"https:\/\/mistersafari.com\/fr\/wp-json\/wp\/v2\/comments?post=1133"}],"version-history":[{"count":5,"href":"https:\/\/mistersafari.com\/fr\/wp-json\/wp\/v2\/pages\/1133\/revisions"}],"predecessor-version":[{"id":2878,"href":"https:\/\/mistersafari.com\/fr\/wp-json\/wp\/v2\/pages\/1133\/revisions\/2878"}],"up":[{"embeddable":true,"href":"https:\/\/mistersafari.com\/fr\/wp-json\/wp\/v2\/pages\/1545"}],"wp:featuredmedia":[{"embeddable":true,"href":"https:\/\/mistersafari.com\/fr\/wp-json\/wp\/v2\/media\/1135"}],"wp:attachment":[{"href":"https:\/\/mistersafari.com\/fr\/wp-json\/wp\/v2\/media?parent=1133"}],"wp:term":[{"taxonomy":"content_type","embeddable":true,"href":"https:\/\/mistersafari.com\/fr\/wp-json\/wp\/v2\/content_type?post=1133"},{"taxonomy":"country","embeddable":true,"href":"https:\/\/mistersafari.com\/fr\/wp-json\/wp\/v2\/country?post=1133"}],"curies":[{"name":"wp","href":"https:\/\/api.w.org\/{rel}","templated":true}]}}