{"id":1113,"date":"2020-09-10T11:25:48","date_gmt":"2020-09-10T11:25:48","guid":{"rendered":"https:\/\/mistersafari.com\/fr\/?page_id=1113"},"modified":"2022-10-08T12:35:03","modified_gmt":"2022-10-08T12:35:03","slug":"parc-kruger","status":"publish","type":"page","link":"https:\/\/mistersafari.com\/fr\/safari-afrique-du-sud\/parcs-reserves\/parc-kruger\/","title":{"rendered":"Parc Kruger"},"content":{"rendered":"\n<p>Situ\u00e9 au Nord-Est de l\u2019Afrique du Sud, le Parc Kruger (Kruger National Park en anglais) est la plus grande r\u00e9serve d\u2019animaux du pays. Cette vaste \u00e9tendue de plus de 20 000 km2 est appr\u00e9ci\u00e9e pour la pr\u00e9sence du fameux Big Five et la diversit\u00e9 des animaux et des paysages. Voici notre guide d\u00e9taill\u00e9 sur cette destination incontournable de l\u2019Afrique du Sud.<\/p>\n\n\n<div id=\"ez-toc-container\" class=\"ez-toc-v2_0_76 counter-flat ez-toc-counter ez-toc-custom ez-toc-container-direction\">\n<div class=\"ez-toc-title-container\"><p class=\"ez-toc-title\" style=\"cursor:inherit\">Sommaire<\/p>\n<\/div><nav><ul class='ez-toc-list ez-toc-list-level-1 ' ><li class='ez-toc-page-1'><a class=\"ez-toc-link ez-toc-heading-1\" href=\"https:\/\/mistersafari.com\/fr\/safari-afrique-du-sud\/parcs-reserves\/parc-kruger\/#pourquoi-se-rendre-au-parc-national-de-kruger\">Pourquoi se rendre au Parc National de Kruger ?<\/a><\/li><li class='ez-toc-page-1'><a class=\"ez-toc-link ez-toc-heading-2\" href=\"https:\/\/mistersafari.com\/fr\/safari-afrique-du-sud\/parcs-reserves\/parc-kruger\/#comment-se-rendre-au-parc-kruger\">Comment se rendre au Parc Kruger ?<\/a><\/li><li class='ez-toc-page-1'><a class=\"ez-toc-link ez-toc-heading-3\" href=\"https:\/\/mistersafari.com\/fr\/safari-afrique-du-sud\/parcs-reserves\/parc-kruger\/#tarif-et-reglementation\">Tarif et r\u00e9glementation<\/a><\/li><li class='ez-toc-page-1'><a class=\"ez-toc-link ez-toc-heading-4\" href=\"https:\/\/mistersafari.com\/fr\/safari-afrique-du-sud\/parcs-reserves\/parc-kruger\/#ou-dormir-au-parc-kruger\">O\u00f9 dormir au Parc Kruger ?<\/a><\/li><li class='ez-toc-page-1'><a class=\"ez-toc-link ez-toc-heading-5\" href=\"https:\/\/mistersafari.com\/fr\/safari-afrique-du-sud\/parcs-reserves\/parc-kruger\/#le-parc-national-de-kruger-autres-informations-pratiques\">Le Parc National de Kruger : autres informations pratiques<\/a><\/li><\/ul><\/nav><\/div>\n\n\n\n\n<h2 class=\"wp-block-heading\"><span class=\"ez-toc-section\" id=\"pourquoi-se-rendre-au-parc-national-de-kruger\"><\/span>Pourquoi se rendre au Parc National de Kruger ?<span class=\"ez-toc-section-end\"><\/span><\/h2>\n\n\n\n<h3 class=\"wp-block-heading\">Un safari au Parc National de Kruger<\/h3>\n\n\n\n<p>Le Parc National Kruger est un lieu mythique pour un <a href=\"https:\/\/mistersafari.com\/fr\/safari-afrique-du-sud\/\" class=\"rank-math-link\">safari en Afrique du Sud<\/a>. L&rsquo;extr\u00eame diversit\u00e9 des animaux pr\u00e9sents offre un spectacle inoubliable et vari\u00e9 selon les r\u00e9gions.&nbsp;<\/p>\n\n\n\n<p>Le parc ne compte pas moins de :<\/p>\n\n\n\n<ul class=\"wp-block-list\"><li>147 mammif\u00e8res ;<\/li><li>114 reptiles ;<\/li><li>507 oiseaux, dont plus de 200 end\u00e9miques du parc ;<\/li><li>34 amphibiens ;<\/li><li>49 poissons ;<\/li><li>336 esp\u00e8ces d\u2019arbre.&nbsp;<\/li><\/ul>\n\n\n\n<p>Parmi tous les <a href=\"https:\/\/mistersafari.com\/fr\/safari-afrique-du-sud\/animaux\/\" class=\"rank-math-link\">animaux que compte l&rsquo;Afrique du Sud<\/a>, on retrouve le Big Five : plusieurs milliers de lions, rhinoc\u00e9ros, \u00e9l\u00e9phants, buffles et l\u00e9opards arpentent les \u00e9tendues du parc. Ils c\u00f4toient aussi gu\u00e9pards, hy\u00e8nes, \u00e9lands, impalas, girafes, z\u00e8bres, hippopotames, phacoch\u00e8res, grands koudous, gnous, \u2026&nbsp;<\/p>\n\n\n\n<p class=\"callout-blue\">Pour avoir toutes les chances d\u2019observer le <a href=\"https:\/\/mistersafari.com\/fr\/safari-afrique-du-sud\/big-five\/\" class=\"rank-math-link\">Big Five<\/a>, il faudra privil\u00e9gier le Centre et le Sud du parc.&nbsp;<\/p>\n\n\n\n<p>Les amateurs d\u2019oiseaux ne seront pas sans reste. On retrouve des cigognes, pintades, autruches, drongos, mais aussi des aigles, des vautours, des circa\u00e8tes, des calaos, des perroquets, et bien d\u2019autres. Enfin, la flore est tr\u00e8s riche avec de nombreux arbres mill\u00e9naires, dont le Baobab chacal, symbole du parc.<\/p>\n\n\n<div class=\"wp-block-image\">\n<figure class=\"aligncenter size-large\"><picture><source srcset=\"https:\/\/mistersafari.com\/fr\/wp-content\/uploads\/sites\/2\/kruger-national-park.webp 799w,https:\/\/mistersafari.com\/fr\/wp-content\/uploads\/sites\/2\/kruger-national-park-300x200.webp 300w,https:\/\/mistersafari.com\/fr\/wp-content\/uploads\/sites\/2\/kruger-national-park-768x512.webp 768w\" sizes=\"auto, (max-width: 799px) 100vw, 799px\" type=\"image\/webp\"><img src=\"https:\/\/mistersafari.com\/fr\/wp-content\/uploads\/sites\/2\/kruger-national-park.jpg\" height=\"533\" width=\"799\" srcset=\"https:\/\/mistersafari.com\/fr\/wp-content\/uploads\/sites\/2\/kruger-national-park.jpg 799w, https:\/\/mistersafari.com\/fr\/wp-content\/uploads\/sites\/2\/kruger-national-park-300x200.jpg 300w, https:\/\/mistersafari.com\/fr\/wp-content\/uploads\/sites\/2\/kruger-national-park-768x512.jpg 768w\" sizes=\"auto, (max-width: 799px) 100vw, 799px\" class=\"wp-image-1117 sp-no-webp\" alt=\"parc kruger\" loading=\"lazy\" decoding=\"async\"  > <\/picture><figcaption><a href=\"https:\/\/www.flickr.com\/photos\/martie1swart\/27672528675\/in\/photolist-JajWFn-wxAZp5-dHaka5-dH4QVe-dHasq7-gryzDT-dHarf7-oxYUEK-dH4T78-dHanW5-dHahMj-oQvUUR-dH4V2t-dH4TUX-dHarXW-dH4MQ2-dH4RuR-dHaoi3-dHaoBf-dHarxL-oNrLEq-grys5s-oy2Fqv-KpcD7r-oy218J-oxZtyP-oy28V7-oy1Fen-oQkrRQ-oQeZZ8-oNu24S-oQvr9R-oQeyvH-oQeDXz-oy2ncg-oQf25K-oNu2RU-oQcR72-XFPZbL-oy2oJ5-Y5usjM-dH4W52-oQtBfr-oy29xu-Khhtjt-grxEEt-dHan6S-dH4VEa-dHaqE7-BsZBfu\" target=\"_blank\" aria-label=\"Cr\u00e9dits (opens in a new tab)\" rel=\"noreferrer noopener nofollow\" class=\"rank-math-link\">Cr\u00e9dits<\/a> : Kruger National Park par <a href=\"https:\/\/www.flickr.com\/photos\/martie1swart\/\" target=\"_blank\" aria-label=\"Martie Swart (opens in a new tab)\" rel=\"noreferrer noopener\" class=\"rank-math-link\">Martie Swart<\/a> (CC BY 2.0)<\/figcaption><\/figure><\/div>\n\n\n<p>Au parc Kruger, vous pourrez choisir de r\u00e9aliser votre safari seul en self drive. C\u2019est d\u2019ailleurs l\u2019un des <a href=\"http:\/\/lien\">parcs d\u2019Afrique du Sud<\/a> les plus adapt\u00e9s pour cela. Vous pourrez aussi choisir de participer aux safaris propos\u00e9s par votre h\u00e9bergement. Le matin, en soir\u00e9e ou la nuit sont les meilleurs moments pour partir \u00e0 la recherche des animaux sauvages.&nbsp; Pour une exp\u00e9rience originale, sont aussi disponibles des safaris \u00e0 pieds, \u00e0 dos de cheval, en h\u00e9licopt\u00e8re ou en montgolfi\u00e8re !&nbsp;<\/p>\n\n\n\n<p><em>Le Parc National de Kruger fait partie des r\u00e9gions \u00e0 risque pour le paludisme. Si vous partez faire un safari dans le Parc Kruger, un traitement de pr\u00e9vention contre le paludisme et certaines pr\u00e9cautions sont \u00e0 prendre. Prenez conseil aupr\u00e8s de votre m\u00e9decin.&nbsp;<\/em><\/p>\n\n\n\n<h3 class=\"wp-block-heading\">Les autres activit\u00e9s<\/h3>\n\n\n\n<p>Kruger National Park est avant tout une destination safari. Mais d\u2019autres activit\u00e9s sont propos\u00e9es aux voyageurs pour enrichir le s\u00e9jour.&nbsp;<\/p>\n\n\n\n<h4 class=\"wp-block-heading\">Morning walk<\/h4>\n\n\n\n<p>Une \u201cmorning walk\u201d est une alternative aux safaris traditionnels en 4&#215;4, propos\u00e9e par la majorit\u00e9 des h\u00e9bergements. L\u2019int\u00e9r\u00eat de cette activit\u00e9 est non pas de partir \u00e0 la rencontre des animaux (m\u00eame s\u2019il y a des chances que cela arrive !) mais plut\u00f4t de d\u00e9couvrir la savane \u00e0 pieds, d\u2019observer des choses que l\u2019on ne voit pas forc\u00e9ment \u00e0 bord d\u2019un v\u00e9hicule et de profiter des connaissances des guides sur la vie animali\u00e8re. La marche d\u00e9bute avant l\u2019ouverture des gates pour une randonn\u00e9e d\u2019environ 3 heures. Vous aurez l\u2019occasion d\u2019observer la nature de plus pr\u00e8s et de tomber sur des carcasses, des insectes, des empreintes, \u2026&nbsp;<\/p>\n\n\n\n<h4 class=\"wp-block-heading\">Les autres activit\u00e9s sportives&nbsp;<\/h4>\n\n\n\n<p>Golf, p\u00eache, VTT, randonn\u00e9es\u2026 les plus sportifs auront l\u2019embarras du choix. Toutes ces activit\u00e9s peuvent \u00eatre r\u00e9serv\u00e9es aupr\u00e8s des h\u00e9bergements. On citera notamment une randonn\u00e9e le long de l\u2019Olifant River (au d\u00e9part du camps du m\u00eame nom) pour observer les crocodiles et les autres animaux qui viennent s\u2019abreuver.<\/p>\n\n\n\n<h2 class=\"wp-block-heading\"><span class=\"ez-toc-section\" id=\"comment-se-rendre-au-parc-kruger\"><\/span>Comment se rendre au Parc Kruger ?<span class=\"ez-toc-section-end\"><\/span><\/h2>\n\n\n\n<p>La majorit\u00e9 des voyageurs se rend au Parc National de Kruger par avion et atterrit \u00e0 l\u2019un des a\u00e9roports en p\u00e9riph\u00e9rie du parc :&nbsp;<\/p>\n\n\n\n<ul class=\"wp-block-list\"><li>l\u2019a\u00e9roport Skukuza (vols journaliers depuis Johannesburg et Cape Town)<\/li><li>l\u2019a\u00e9roport Phalaborwa (vols journaliers depuis Johannesburg)<\/li><li>l\u2019a\u00e9roport Hoedspruit (vols journaliers depuis Johannesburg et Cape Town)<\/li><li>l\u2019a\u00e9roport international de Kruger\/Mpumalanga KMIA (vols journaliers depuis Johannesburg, Durban et Cape Town)<\/li><\/ul>\n\n\n\n<p>Ensuite, vous pourrez opter pour une navette depuis KMIA, des bus avec des agences de voyages ou la location de votre propre v\u00e9hicule.&nbsp; Si vous pr\u00e9f\u00e9rez vous y rendre en voiture, comptez environ 5 \u00e0 6 heures de route depuis Johannesburg jusqu\u2019au Sud-Ouest du parc.&nbsp;<\/p>\n\n\n\n<p>Le Parc National de Kruger compte 10 portes d\u2019entr\u00e9e (gate) :<\/p>\n\n\n\n<ul class=\"wp-block-list\"><li>Crocodile Bridge Gate (depuis le Sud)&nbsp;<\/li><li>Kruger Gate (depuis le Sud)<\/li><li>Malelane Gate (depuis le Sud)<\/li><li>Numbi Gate (depuis le Sud)&nbsp;<\/li><li>Orpen Gate (depuis le Centre, le Nord)<\/li><li>Pafuri Gate (depuis le Nord)<\/li><li>Phabeni Gate (depuis le Sud)<\/li><li>Phalaborwa Gate (depuis le Nord, le Centre)<\/li><li>Punda Maria Gate (depuis le Nord)<\/li><\/ul>\n\n\n\n<p>Une dixi\u00e8me est accessible depuis le Mozambique : le point d\u2019acc\u00e8s de Giriyondo.&nbsp;<\/p>\n\n\n\n<p class=\"callout-blue\">Le choix de votre porte d\u2019entr\u00e9e d\u00e9pendra de votre localisation de d\u00e9part et du lieu de votre h\u00e9bergement au sein du parc.<\/p>\n\n\n\n<p>Les horaires d\u2019ouverture et de fermeture des gates varient au cours de l\u2019ann\u00e9e, pour ouvrir g\u00e9n\u00e9ralement entre 5h30 et 6h et fermer entre 17h30 et 18h30.&nbsp;<\/p>\n\n\n<div class=\"wp-block-image\">\n<figure class=\"aligncenter size-large\"><picture><source srcset=\"https:\/\/mistersafari.com\/fr\/wp-content\/uploads\/sites\/2\/parc-kruger-carte.webp 300w,https:\/\/mistersafari.com\/fr\/wp-content\/uploads\/sites\/2\/parc-kruger-carte-116x300.webp 116w\" sizes=\"auto, (max-width: 300px) 100vw, 300px\" type=\"image\/webp\"><img src=\"https:\/\/mistersafari.com\/fr\/wp-content\/uploads\/sites\/2\/parc-kruger-carte.jpg\" height=\"779\" width=\"300\" srcset=\"https:\/\/mistersafari.com\/fr\/wp-content\/uploads\/sites\/2\/parc-kruger-carte.jpg 300w, https:\/\/mistersafari.com\/fr\/wp-content\/uploads\/sites\/2\/parc-kruger-carte-116x300.jpg 116w\" sizes=\"auto, (max-width: 300px) 100vw, 300px\" class=\"wp-image-1121 sp-no-webp\" alt=\"Carte du Parc Kruger\" loading=\"lazy\" decoding=\"async\"  > <\/picture><figcaption>Carte du Parc Kruger (<a href=\"https:\/\/www.sanparks.org\/parks\/kruger\/tourism\/map.php\" target=\"_blank\" aria-label=\" (opens in a new tab)\" rel=\"noreferrer noopener nofollow\" class=\"rank-math-link\">source<\/a>)<\/figcaption><\/figure><\/div>\n\n\n<p>Lors de votre passage par l\u2019une des gates, vous obtiendrez un permis qu\u2019il faudra conserver avec vous et montrer \u00e0 chaque h\u00e9bergement et lorsque vous quitterez le parc.<\/p>\n\n\n\n<h2 class=\"wp-block-heading\"><span class=\"ez-toc-section\" id=\"tarif-et-reglementation\"><\/span>Tarif et r\u00e9glementation<span class=\"ez-toc-section-end\"><\/span><\/h2>\n\n\n\n<h3 class=\"wp-block-heading\">Kruger : prix d\u2019entr\u00e9e<\/h3>\n\n\n\n<p>Pour acc\u00e9der au Parc National de Kruger, vous devrez payer des droits d\u2019entr\u00e9e :<\/p>\n\n\n\n<ul class=\"wp-block-list\"><li>R424 par adulte par jour (environ 21\u20ac)<\/li><li>R212 par enfant par jour (environ 10\u20ac)<\/li><\/ul>\n\n\n\n<p>SANParks propose un pass, la Wild Card, qui permet d\u2019acc\u00e9der \u00e0 plusieurs <a href=\"http:\/\/lien\">parcs et r\u00e9serves du pays<\/a>. Une fois la carte Individuel, Couple ou Famille achet\u00e9e, l\u2019entr\u00e9e des parcs est gratuite. Selon la dur\u00e9e de votre s\u00e9jour et le nombre de parcs visit\u00e9s, elle garantit parfois de belles \u00e9conomies.<\/p>\n\n\n\n<h3 class=\"wp-block-heading\">La r\u00e9glementation du Parc Kruger<\/h3>\n\n\n\n<p>Pour votre s\u00e9curit\u00e9, celle des animaux et de la flore, de nombreuses r\u00e8gles doivent \u00eatre respect\u00e9es, en voici quelques-unes :&nbsp;<\/p>\n\n\n\n<ul class=\"wp-block-list\"><li>toujours rester \u00e0 l\u2019int\u00e9rieur du v\u00e9hicule, portes et fen\u00eatres ferm\u00e9es, sauf dans les zones autoris\u00e9es ;<\/li><li>respecter les limitations de vitesse et rester sur les pistes ;<\/li><li>respecter les horaires d\u2019ouverture et de fermeture du parc ;<\/li><li>ne pas nourrir les animaux ou cueillir les plantes ;<\/li><li>\u2026<\/li><\/ul>\n\n\n\n<p>L\u2019ensemble des r\u00e9glementations est disponible \u00e0 chaque porte d\u2019entr\u00e9e du parc.&nbsp;<\/p>\n\n\n\n<h2 class=\"wp-block-heading\"><span class=\"ez-toc-section\" id=\"ou-dormir-au-parc-kruger\"><\/span>O\u00f9 dormir au Parc Kruger ?<span class=\"ez-toc-section-end\"><\/span><\/h2>\n\n\n\n<p>Pour profiter au mieux du parc Kruger, certains voyageurs choisissent de loger dans plusieurs endroits sous la forme d\u2019un circuit afin de d\u00e9couvrir diff\u00e9rentes r\u00e9gions.&nbsp;<\/p>\n\n\n\n<p>Le Parc National Kruger compte plusieurs types d\u2019h\u00e9bergement avec, au sein m\u00eame de ces lieux souvent plusieurs gammes de logement. Les r\u00e9servations se font g\u00e9n\u00e9ralement sur le site officiel du SANParks mais d&rsquo;autres sites de r\u00e9servation en ligne les proposent aussi (Booking.com par exemple). Les r\u00e9servations sont modifiables mais non remboursables.&nbsp;<\/p>\n\n\n\n<p>Nous vous conseillons de r\u00e9server plusieurs semaines \u00e0 l\u2019avance. Si un logement n\u2019est pas disponible, n\u2019h\u00e9sitez pas \u00e0 consulter r\u00e9guli\u00e8rement le site puisque les disponibilit\u00e9s changent souvent<\/p>\n\n\n\n<h3 class=\"wp-block-heading\">Le camping<\/h3>\n\n\n\n<p>Kruger dispose de plusieurs aires de camping, ouvertes aux tentes ou vans am\u00e9nag\u00e9s. La plupart ont l\u2019\u00e9lectricit\u00e9 (sauf Balule et quelques-uns \u00e0 Punda Maria). Certains (dans le Sud du parc) ont des espaces d\u00e9limit\u00e9s voire m\u00eame un acc\u00e8s individuel \u00e0 l&rsquo;eau courante.<\/p>\n\n\n\n<h3 class=\"wp-block-heading\">Les rest-camps<\/h3>\n\n\n\n<p>12 rest-camps sont r\u00e9partis sur le Parc de Kruger. Les rest-camps sont g\u00e9n\u00e9ralement compos\u00e9s de plusieurs types d\u2019h\u00e9bergement (emplacements de camping, chambres d&rsquo;h\u00f4tes, tentes en toile, bungalows,&#8230;) mais aussi de services annexes : sup\u00e9rette, pompes \u00e0 essence, restaurant, bar, piscine, banque, garage, golf\u2026<\/p>\n\n\n\n<p><a aria-label=\" (opens in a new tab)\" href=\"https:\/\/www.sanparks.org\/parks\/kruger\/camps\/skukuza\/tourism\/availability.php?camp_id=45\" target=\"_blank\" rel=\"noreferrer noopener nofollow\" class=\"rank-math-link\">Skukuza <\/a>est le plus grand rest-camp du parc et s\u2019apparente presque \u00e0 un petit village.&nbsp; Pour une ambiance plus authentique et proche de la nature, Mopani est au c\u0153ur d\u2019une v\u00e9g\u00e9tation sauvage. Olifants offre aussi une vue magnifique sur la rivi\u00e8re.&nbsp;<\/p>\n\n\n\n<p>Certains rest-camps g\u00e8rent aussi des camps \u201csatellites\u201d. Isol\u00e9s et de plus petite taille, ils sont plus tranquilles et ne disposent pas des services que l\u2019on trouve dans les camps auxquels ils sont rattach\u00e9s. On peut citer Malelane pr\u00e8s de la Malelane Gate.&nbsp;<\/p>\n\n\n\n<h3 class=\"wp-block-heading\">Les caches<\/h3>\n\n\n\n<p>Les caches sont des h\u00e9bergements atypiques, au c\u0153ur de la savane, avec pour but ultime de pouvoir observer et \u00eatre au plus proche des animaux en toute discr\u00e9tion, toute une nuit !&nbsp;<\/p>\n\n\n\n<p>Le parc Kruger en compte deux :&nbsp;<\/p>\n\n\n\n<ul class=\"wp-block-list\"><li>Sable dans le Centre du parc, qui surplombe un plan d\u2019eau ;<\/li><li>Shipandai dans le Nord du parc, o\u00f9 se retrouvent de nombreux \u00e9l\u00e9phants.&nbsp;<\/li><\/ul>\n\n\n\n<p>Les conditions d\u2019h\u00e9bergements sont assez rustiques mais cela ne freine pas les voyageurs qui prennent d&rsquo;assaut ces logements. Pensez \u00e0 faire votre r\u00e9servation le plus t\u00f4t possible !&nbsp;<\/p>\n\n\n\n<h3 class=\"wp-block-heading\">Les bushveld camps<\/h3>\n\n\n\n<p>Les bushveld camps sont des petits camps plut\u00f4t excentr\u00e9s, regroupant quelques logements de type bungalows, cottages ou \u00e9ventuellement tentes en toile. Ils ne disposent pas de services mais plut\u00f4t d\u2019une cuisine pour \u00eatre autonome et parfois d\u2019une r\u00e9ception. Bateleur au Nord du parc ou Talamati pour sa v\u00e9g\u00e9tation luxuriante sont \u00e0 visiter.&nbsp;<\/p>\n\n\n\n<h3 class=\"wp-block-heading\">Les bush lodges<\/h3>\n\n\n\n<p>R\u00e9serv\u00e9s uniquement \u00e0 leurs r\u00e9sidents, les bush lodges sont des h\u00e9bergements plus ou moins luxueux (certains n\u2019ont pas d\u2019\u00e9lectricit\u00e9) compos\u00e9s principalement de bungalows. Certains disposent d\u2019une r\u00e9ception, d\u2019une piscine ou de plateformes d\u2019observation. On en d\u00e9nombre trois : Boulders, Pafuri et Roodewal.<\/p>\n\n\n\n<h3 class=\"wp-block-heading\">Les lodges de luxe<\/h3>\n\n\n\n<p>Pour une offre haut de gamme, il faudra opter pour les lodges de luxe qui disposent de leurs propres concessions au sein du parc.<\/p>\n\n\n\n<p id=\"callout-green\">Cette formule comprend l\u2019h\u00e9bergement dans une suite luxueuse, la restauration ainsi que deux safaris par jour au c\u0153ur de leurs r\u00e9serves priv\u00e9es.<\/p>\n\n\n\n<p>Situ\u00e9 au Nord du parc, <a aria-label=\" (opens in a new tab)\" href=\"https:\/\/www.booking.com\/hotel\/za\/pafuri-camp.en-gb.html\" target=\"_blank\" rel=\"noreferrer noopener\" class=\"rank-math-link\">Pafuri Camp<\/a> est un camp de toile luxueux qui dispose d\u2019une concession de 24 000 hectares pour observer les animaux. Pour une zone tr\u00e8s dense en animaux, visitez le Lion Sands Kruger et ses quatre lodges luxueux dont le <a aria-label=\" (opens in a new tab)\" href=\"https:\/\/www.booking.com\/hotel\/za\/lion-sands-private-game-reserve.en-gb.html\" target=\"_blank\" rel=\"noreferrer noopener\" class=\"rank-math-link\">Lion Sands River Lodge<\/a>.<\/p>\n\n\n\n<p>D\u2019autres h\u00e9bergements sont situ\u00e9s \u00e0 l\u2019ext\u00e9rieur du parc. G\u00e9n\u00e9ralement moins chers, ils n\u2019offrent cependant pas la magie de dormir dans le parc.<\/p>\n\n\n\n<h2 class=\"wp-block-heading\"><span class=\"ez-toc-section\" id=\"le-parc-national-de-kruger-autres-informations-pratiques\"><\/span>Le Parc National de Kruger : autres informations pratiques<span class=\"ez-toc-section-end\"><\/span><\/h2>\n\n\n\n<h3 class=\"wp-block-heading\">G\u00e9ographie<\/h3>\n\n\n\n<p>Le Parc National de Kruger est situ\u00e9 \u00e0 l\u2019extr\u00eame Nord-Est de l\u2019Afrique du Sud, \u00e0 la fronti\u00e8re avec le Mozambique \u00e0 l\u2019Est et le Zimbabwe au Nord ainsi que les provinces de Limpopo et Mpumalanga \u00e0 l\u2019Ouest et au Sud. Il est ouvert au public en 1926 et est nomm\u00e9 apr\u00e8s le Pr\u00e9sident de l\u2019\u00e9poque, Paul Kruger.&nbsp;Le parc s\u2019\u00e9tire sur 350 km du Nord au Sud et 60 km d\u2019Est en Ouest.<\/p>\n\n\n\n<p class=\"callout-blue\">Avec pr\u00e8s de 20 000 km2 de superficie (autant que la Slov\u00e9nie !), le parc Kruger est le plus grand parc animalier d\u2019Afrique du Sud et est inscrit comme r\u00e9serve de biosph\u00e8re \u00e0 l\u2019UNESCO depuis 2001.<\/p>\n\n\n\n<p>Sa vaste \u00e9tendue est divis\u00e9e en six \u00e9cosyst\u00e8mes offrant des paysages vari\u00e9s du Nord au Sud : plaines arides, v\u00e9g\u00e9tation verdoyante, for\u00eats tropicales, \u2026 On y trouve plusieurs rivi\u00e8res comme Sabie, Olifants, Crocodile, Letaba, Luvuvhu et Limpopo. Son plus haut sommet culmine \u00e0 840 m\u00e8tres, au Sud-Ouest du parc.<\/p>\n\n\n\n<p>La moiti\u00e9 sud du parc est la plus visit\u00e9e et la concentration d\u2019animaux y est plus importante. Le Nord du parc est plus sauvage, avec ses nombreux oiseaux et baobabs mill\u00e9naires. Le parc re\u00e7oit environ 1,5 million de visiteurs par an.<\/p>\n\n\n\n<h3 class=\"wp-block-heading\">M\u00e9t\u00e9o<\/h3>\n\n\n\n<p>Le Parc de Kruger conna\u00eet un climat subtropical avec deux saisons principales :&nbsp;<\/p>\n\n\n\n<ul class=\"wp-block-list\"><li>une saison s\u00e8che d\u2019avril \u00e0 octobre<\/li><li>une saison humide de novembre \u00e0 Mars<\/li><\/ul>\n\n\n\n<p>Agr\u00e9ables toute l\u2019ann\u00e9e, les temp\u00e9ratures s\u2019\u00e9chelonnent entre 26\u00b0 en juin et 33\u00b0 en janvier en moyenne et restent douces la nuit. Pendant l\u2019\u00e9t\u00e9 austral, le climat est chaud et humide, avec parfois des orages violents.<\/p>\n\n\n\n<p>La grande superficie du parc induit que le climat varie au sein m\u00eame du parc : Skukuza au Sud du parc est g\u00e9n\u00e9ralement 2 \u00e0 3\u00b0en dessous que Pafuri au Nord par exemple.&nbsp;<\/p>\n\n\n\n<h3 class=\"wp-block-heading\">Quand visiter<\/h3>\n\n\n\n<p>Le parc se visite toute l\u2019ann\u00e9e, mais certaines p\u00e9riodes sont plus propices \u00e0 un safari dans le Parc National de Kruger. Pendant la saison s\u00e8che de mai \u00e0 octobre, la v\u00e9g\u00e9tation est plus rase, les points d\u2019eau plus rares. Les animaux se regroupent et sont donc plus facilement observables. Les temp\u00e9ratures sont aussi plus cl\u00e9mentes et les pluies quasi inexistantes.<\/p>\n\n\n\n<p>En octobre et novembre, le printemps l\u00e0-bas, vous pourrez observer les naissances.&nbsp;En d\u00e9cembre et janvier, la v\u00e9g\u00e9tation verdoyante est magnifique mais rend plus difficile l\u2019acc\u00e8s aux routes et l\u2019observation des animaux.<\/p>\n","protected":false},"excerpt":{"rendered":"<p>Situ\u00e9 au Nord-Est de l\u2019Afrique du Sud, le Parc Kruger (Kruger National Park en anglais) est la plus grande r\u00e9serve d\u2019animaux du pays. Cette vaste \u00e9tendue de plus de 20 000 km2 est appr\u00e9ci\u00e9e pour la pr\u00e9sence du fameux Big Five et la diversit\u00e9 des animaux et des paysages. Voici notre guide d\u00e9taill\u00e9 sur cette &#8230; <a title=\"Parc Kruger\" class=\"read-more\" href=\"https:\/\/mistersafari.com\/fr\/safari-afrique-du-sud\/parcs-reserves\/parc-kruger\/\" aria-label=\"En savoir plus sur Parc Kruger\">Lire la suite<\/a><\/p>\n","protected":false},"author":3,"featured_media":626,"parent":1095,"menu_order":8,"comment_status":"closed","ping_status":"closed","template":"","meta":{"_acf_changed":false,"footnotes":""},"content_type":[],"country":[],"class_list":{"0":"post-1113","1":"page","2":"type-page","3":"status-publish","4":"has-post-thumbnail","6":"no-featured-image-padding"},"acf":{"hreflang":null},"_links":{"self":[{"href":"https:\/\/mistersafari.com\/fr\/wp-json\/wp\/v2\/pages\/1113","targetHints":{"allow":["GET"]}}],"collection":[{"href":"https:\/\/mistersafari.com\/fr\/wp-json\/wp\/v2\/pages"}],"about":[{"href":"https:\/\/mistersafari.com\/fr\/wp-json\/wp\/v2\/types\/page"}],"author":[{"embeddable":true,"href":"https:\/\/mistersafari.com\/fr\/wp-json\/wp\/v2\/users\/3"}],"replies":[{"embeddable":true,"href":"https:\/\/mistersafari.com\/fr\/wp-json\/wp\/v2\/comments?post=1113"}],"version-history":[{"count":19,"href":"https:\/\/mistersafari.com\/fr\/wp-json\/wp\/v2\/pages\/1113\/revisions"}],"predecessor-version":[{"id":6810,"href":"https:\/\/mistersafari.com\/fr\/wp-json\/wp\/v2\/pages\/1113\/revisions\/6810"}],"up":[{"embeddable":true,"href":"https:\/\/mistersafari.com\/fr\/wp-json\/wp\/v2\/pages\/1095"}],"wp:featuredmedia":[{"embeddable":true,"href":"https:\/\/mistersafari.com\/fr\/wp-json\/wp\/v2\/media\/626"}],"wp:attachment":[{"href":"https:\/\/mistersafari.com\/fr\/wp-json\/wp\/v2\/media?parent=1113"}],"wp:term":[{"taxonomy":"content_type","embeddable":true,"href":"https:\/\/mistersafari.com\/fr\/wp-json\/wp\/v2\/content_type?post=1113"},{"taxonomy":"country","embeddable":true,"href":"https:\/\/mistersafari.com\/fr\/wp-json\/wp\/v2\/country?post=1113"}],"curies":[{"name":"wp","href":"https:\/\/api.w.org\/{rel}","templated":true}]}}