{"id":1106,"date":"2020-09-10T11:11:02","date_gmt":"2020-09-10T11:11:02","guid":{"rendered":"https:\/\/mistersafari.com\/fr\/?page_id=1106"},"modified":"2021-07-06T09:44:19","modified_gmt":"2021-07-06T09:44:19","slug":"addo-elephant-park","status":"publish","type":"page","link":"https:\/\/mistersafari.com\/fr\/safari-afrique-du-sud\/parcs-reserves\/addo-elephant-park\/","title":{"rendered":"Addo Elephant Park"},"content":{"rendered":"\n<p>Historiquement am\u00e9nag\u00e9 pour la protection des \u00e9l\u00e9phants, le Parc National des \u00c9l\u00e9phants d\u2019Addo est aujourd\u2019hui un parc dot\u00e9 d\u2019une faune et une flore riches. Situ\u00e9 sur la c\u00f4te Sud du pays, c\u2019est une destination familiale par excellence, avec la garantie de rencontrer des pachydermes bien s\u00fbr, mais aussi d&rsquo;autres animaux sauvages. Parcourez notre guide et organisez votre visite du Addo Elephant National Park.<\/p>\n\n\n<div id=\"ez-toc-container\" class=\"ez-toc-v2_0_76 counter-flat ez-toc-counter ez-toc-custom ez-toc-container-direction\">\n<div class=\"ez-toc-title-container\"><p class=\"ez-toc-title\" style=\"cursor:inherit\">Sommaire<\/p>\n<\/div><nav><ul class='ez-toc-list ez-toc-list-level-1 ' ><li class='ez-toc-page-1'><a class=\"ez-toc-link ez-toc-heading-1\" href=\"https:\/\/mistersafari.com\/fr\/safari-afrique-du-sud\/parcs-reserves\/addo-elephant-park\/#pourquoi-se-rendre-au-addo-elephant-park\">Pourquoi se rendre au Addo Elephant Park ?<\/a><\/li><li class='ez-toc-page-1'><a class=\"ez-toc-link ez-toc-heading-2\" href=\"https:\/\/mistersafari.com\/fr\/safari-afrique-du-sud\/parcs-reserves\/addo-elephant-park\/#comment-se-rendre-au-parc-national-des-elephants-daddo\">Comment se rendre au Parc National des \u00c9l\u00e9phants d\u2019Addo ?<\/a><\/li><li class='ez-toc-page-1'><a class=\"ez-toc-link ez-toc-heading-3\" href=\"https:\/\/mistersafari.com\/fr\/safari-afrique-du-sud\/parcs-reserves\/addo-elephant-park\/#tarif-et-reglementation\">Tarif et r\u00e9glementation<\/a><\/li><li class='ez-toc-page-1'><a class=\"ez-toc-link ez-toc-heading-4\" href=\"https:\/\/mistersafari.com\/fr\/safari-afrique-du-sud\/parcs-reserves\/addo-elephant-park\/#ou-dormir-au-parc-des-elephants-daddo\">O\u00f9 dormir au Parc des \u00c9l\u00e9phants d\u2019Addo ?<\/a><\/li><li class='ez-toc-page-1'><a class=\"ez-toc-link ez-toc-heading-5\" href=\"https:\/\/mistersafari.com\/fr\/safari-afrique-du-sud\/parcs-reserves\/addo-elephant-park\/#addo-elephant-park-autres-informations-pratiques\">Addo Elephant Park : autres informations pratiques<\/a><\/li><\/ul><\/nav><\/div>\n\n\n\n\n<h2 class=\"wp-block-heading\"><span class=\"ez-toc-section\" id=\"pourquoi-se-rendre-au-addo-elephant-park\"><\/span>Pourquoi se rendre au Addo Elephant Park ?<span class=\"ez-toc-section-end\"><\/span><\/h2>\n\n\n\n<h3 class=\"wp-block-heading\">Un safari au Parc National Addo<\/h3>\n\n\n\n<p>Fond\u00e9 en 1931 pour sauver la faible population d\u2019\u00e9l\u00e9phants restante sur ce territoire, le parc Addo abrite de nos jours de nombreuses autres esp\u00e8ces, ce qui en fait un des incontournables d&rsquo;un <a href=\"https:\/\/mistersafari.com\/fr\/safari-afrique-du-sud\/\" class=\"rank-math-link\">safari en Afrique du Sud<\/a>.<\/p>\n\n\n\n<p>Alors qu\u2019ils n\u2019\u00e9taient qu\u2019une dizaine il y a presque un si\u00e8cle, les \u00e9l\u00e9phants sont maintenant pr\u00e8s de 600 \u00e0 vivre au sein du parc. Progressivement, d\u2019autres animaux ont aussi \u00e9t\u00e9 prot\u00e9g\u00e9s et d\u2019autres introduits dans le parc pour cr\u00e9er un \u00e9cosyst\u00e8me \u00e9quilibr\u00e9. Les mammif\u00e8res aux d\u00e9fenses d\u2019ivoire partagent donc aujourd\u2019hui les \u00e9tendues du parc avec des rhinoc\u00e9ros, des lions, des hy\u00e8nes, des hippopotames, des buffles, des l\u00e9opards, plusieurs esp\u00e8ces d\u2019antilopes, des z\u00e8bres, des singes,&#8230; On notera cependant l\u2019absence de girafes.&nbsp;<\/p>\n\n\n\n<figure class=\"wp-block-image size-full\"><img loading=\"lazy\" decoding=\"async\" width=\"1024\" height=\"768\" src=\"https:\/\/mk0mistersafarimcosm.kinstacdn.com\/wp-content\/uploads\/sites\/2\/addo-elephant-park.jpg\" alt=\"Addo Elephant Park\" class=\"wp-image-1108\" srcset=\"https:\/\/mistersafari.com\/fr\/wp-content\/uploads\/sites\/2\/addo-elephant-park.jpg 1024w, https:\/\/mistersafari.com\/fr\/wp-content\/uploads\/sites\/2\/addo-elephant-park-300x225.jpg 300w, https:\/\/mistersafari.com\/fr\/wp-content\/uploads\/sites\/2\/addo-elephant-park-768x576.jpg 768w\" sizes=\"auto, (max-width: 1024px) 100vw, 1024px\" \/><figcaption><a href=\"https:\/\/www.flickr.com\/photos\/rickmccharles\/8647967998\/in\/photolist-ebc6Aw-awwy3T-d9Xtdo-ebccGW-d9Xsxe-ebbXgU-d9Xtwv-DWSN6-RvfQM9-DWS6C-DWTnK-DWRgJ-DWX35-d9Xx6b-d9XwRq-DWZhr-eb6kK8-64LPt1-awzgTU-awzgx7-awzgzd-awwSkZ-64GwtT-DWWPG-SJ7EUq-DWYtw-bv8Gkw-64GvEa-SAqwMF-RvfHKd-BHfWMA-5WyVAs-5WuAFV-g92GP-5WyTSq-5WyRob-64LNpS-g91nT-ieqaMB-5WySXJ-ieqaGg-5WuGgB-iepLP5-5bD6aX-iepXa3-iepTBw-5bHnGw-5bHnx1-5bD69c-ienzAK\" target=\"_blank\" aria-label=\"Cr\u00e9dits (opens in a new tab)\" rel=\"noreferrer noopener nofollow\" class=\"rank-math-link\">Cr\u00e9dits<\/a> : Addo Elephant Park par <a rel=\"nofollow noopener\" class=\"rank-math-link\" href=\"https:\/\/www.flickr.com\/photos\/rickmccharles\/\" target=\"_blank\">Rick McCharles<\/a> (CC BY <a rel=\"nofollow noopener\" class=\"rank-math-link\" href=\"https:\/\/creativecommons.org\/licenses\/by\/2.0\/\" target=\"_blank\">2.0<\/a>)<\/figcaption><\/figure>\n\n\n\n<p>Des cartes communautaires sont affich\u00e9es \u00e0 diff\u00e9rents endroits du parc et permettent aux visiteurs de marquer la pr\u00e9sence d\u2019animaux. Elles sont un bon outil pour maximiser vos chances de voir des animaux.&nbsp;<\/p>\n\n\n\n<p class=\"callout-green\">La particularit\u00e9 du Parc National d\u2019Addo Elephant est de pouvoir observer <a href=\"https:\/\/mistersafari.com\/fr\/safari-afrique-du-sud\/big-five\/\" class=\"rank-math-link\">non seulement le Big Five, mais aussi le Big Seven<\/a> !<\/p>\n\n\n\n<p>En effet, gr\u00e2ce \u00e0 ses c\u00f4tes maritimes, vous pourrez \u00e9galement observer des baleines et des grands requins blancs. Des dauphins nagent \u00e9galement au large.&nbsp;Les oiseaux sont tr\u00e8s pr\u00e9sents, notamment gr\u00e2ce \u00e0 l\u2019Ile aux Oiseaux, lieu de reproduction de nombreuses esp\u00e8ces, et \u00e0 la diversit\u00e9 de la flore.&nbsp;<\/p>\n\n\n\n<h3 class=\"wp-block-heading\">Les autres activit\u00e9s<\/h3>\n\n\n\n<h4 class=\"wp-block-heading\">Les randonn\u00e9es<\/h4>\n\n\n\n<p>Au-del\u00e0 des game drives (safaris en 4&#215;4), le parc Addo Elephant propose diff\u00e9rents types de randonn\u00e9es, accompagn\u00e9es ou non.&nbsp;<\/p>\n\n\n\n<p>Un circuit 4&#215;4 est accessible en autonomie mais sur r\u00e9servation et payant. La boucle vous permet de d\u00e9couvrir d&rsquo;autres zones du parc, apprendre sur son histoire et profiter de paysages uniques. Des sorties \u00e0 dos de cheval sont aussi propos\u00e9es le matin et l&rsquo;apr\u00e8s-midi. Elles sont r\u00e9serv\u00e9es aux personnes ayant d\u00e9j\u00e0 mont\u00e9 \u00e0 cheval. Enfin, plusieurs randonn\u00e9es \u00e0 pieds sont organis\u00e9es (certaines gratuites et d\u2019autres payantes), allant de quelques heures de marche \u00e0 2 jours de p\u00e9riple.<\/p>\n\n\n\n<h4 class=\"wp-block-heading\">Le spa<\/h4>\n\n\n\n<p>Addo Indlovu Spa accueille tout aussi bien ses r\u00e9sidents que des visiteurs \u00e0 la recherche d&rsquo;un moment de d\u00e9tente. Des massages avec des produits naturels et locaux sont propos\u00e9s, sur r\u00e9servation.&nbsp;<\/p>\n\n\n\n<h4 class=\"wp-block-heading\">Les activit\u00e9s maritimes<\/h4>\n\n\n\n<p>Avec sa c\u00f4te maritime, une visite du parc des \u00c9l\u00e9phants d&rsquo;Addo est aussi l\u2019occasion de profiter d\u2019une escapade sur l\u2019eau. Des croisi\u00e8res au large de Port-Elizabeth et Colchester sont organis\u00e9es afin de partir \u00e0 la rencontre des requins blancs, baleines, dauphins et nombreux oiseaux.&nbsp;<\/p>\n\n\n\n<h2 class=\"wp-block-heading\"><span class=\"ez-toc-section\" id=\"comment-se-rendre-au-parc-national-des-elephants-daddo\"><\/span>Comment se rendre au Parc National des \u00c9l\u00e9phants d\u2019Addo ?<span class=\"ez-toc-section-end\"><\/span><\/h2>\n\n\n\n<p>L\u2019avantage d\u2019Addo Elephant Park est sa facilit\u00e9 d\u2019acc\u00e8s.&nbsp; Depuis Cape Town ou Johannesburg, il faudra se rendre \u00e0 Port Elizabeth, la capitale du Cap-Oriental, par l\u2019un des vols internes r\u00e9guliers. Ensuite, une route bien entretenue de 75km permet de rejoindre le parc en 40 minutes.&nbsp;<\/p>\n\n\n\n<p class=\"callout-blue\">Si vous avez du temps \u00e0 disposition, la magnifique Route des Jardins longe la c\u00f4te entre Cape Town et Port Elizabeth, offrant des panoramas parmi les plus beaux du monde.&nbsp;<\/p>\n\n\n\n<p>Le Parc Addo Elephant dispose de deux portes d\u2019entr\u00e9e :<\/p>\n\n\n\n<ul class=\"wp-block-list\"><li>Main Entrance Gate, ouverte de 7h \u00e0 19h ;<\/li><li>Matyholweni Gate, ouverte de 7h \u00e0 18h30.&nbsp;<\/li><\/ul>\n\n\n\n<h2 class=\"wp-block-heading\"><span class=\"ez-toc-section\" id=\"tarif-et-reglementation\"><\/span>Tarif et r\u00e9glementation<span class=\"ez-toc-section-end\"><\/span><\/h2>\n\n\n\n<h3 class=\"wp-block-heading\">Addo Elephant National Park : prix d\u2019entr\u00e9e<\/h3>\n\n\n\n<p>La visite du Parc d\u2019Addo Elephant est payante :&nbsp;<\/p>\n\n\n\n<ul class=\"wp-block-list\"><li>R344 par adulte par jour (environ 17\u20ac)<\/li><li>R172 par adulte par jour (environ 9\u20ac)<\/li><\/ul>\n\n\n\n<p>L\u2019organisation qui g\u00e8re les <a href=\"https:\/\/mistersafari.com\/fr\/safari-afrique-du-sud\/parcs-reserves\/\" class=\"rank-math-link\">parcs d\u2019Afrique du Sud<\/a> (SANParks) propose un pass individuel, couple ou famille. Cette Wild Card est payante mais permet d\u2019entrer dans les parcs gratuitement. Si vous visitez plusieurs parcs et r\u00e9gions du pays, ce peut \u00eatre un bon investissement.&nbsp;&nbsp;<\/p>\n\n\n\n<h3 class=\"wp-block-heading\">La r\u00e9glementation du Parc National Addo Elephant<\/h3>\n\n\n\n<p>Comme tous les parcs d&rsquo;Afrique du Sud, Addo Elephant Park impose \u00e0 ses visiteurs plusieurs r\u00e8gles pour leur s\u00e9curit\u00e9 et celle des animaux.&nbsp;<\/p>\n\n\n\n<p>Limitation de vitesse, s\u00e9curit\u00e9 \u00e0 bord du v\u00e9hicule, interdiction de consommer de l\u2019alcool, ramassage des d\u00e9chets, respect des horaires sont quelques unes des r\u00e9glementations en vigueur. Elles sont disponibles sur le site officiel de SANParks et aux entr\u00e9es du parc.&nbsp;<\/p>\n\n\n\n<h2 class=\"wp-block-heading\"><span class=\"ez-toc-section\" id=\"ou-dormir-au-parc-des-elephants-daddo\"><\/span>O\u00f9 dormir au Parc des \u00c9l\u00e9phants d\u2019Addo ?<span class=\"ez-toc-section-end\"><\/span><\/h2>\n\n\n\n<p>L\u2019offre d\u2019h\u00e9bergements au sein du parc est vari\u00e9e et il y en a pour tous les budgets.&nbsp;<\/p>\n\n\n\n<p>Le Parc National d\u2019Addo Elephant compte quelques aires de camping avec des emplacements pour tentes ou caravanes ou des tentes en toile, comme le <a href=\"https:\/\/www.tripadvisor.fr\/Hotel_Review-g469382-d2083240-Reviews-Spekboom_Tented_Rest_Camp-Addo_Elephant_National_Park_Greater_Addo_Eastern_Cape.html\" target=\"_blank\" aria-label=\" (opens in a new tab)\" rel=\"noreferrer noopener\" class=\"rank-math-link\">Spekboom Tented Rest Camp<\/a>. Les camps sont ferm\u00e9s par des barri\u00e8res et il est souvent interdit d\u2019en sortir apr\u00e8s une certaine heure pass\u00e9e. Ils disposent g\u00e9n\u00e9ralement du n\u00e9cessaire pour faire la cuisine, mais vous devrez amener vos provisions.<\/p>\n\n\n\n<p>Pour une version en dur, d\u2019autres rest camps proposent des bungalows spacieux avec leur propre sanitaire et cuisine. Souvent sur pilotis, vous pourrez profiter d\u2019un balcon pour pouvoir observer la faune et la flore aux alentours.&nbsp;<\/p>\n\n\n\n<p>Le Narina Bush Camp offre une exp\u00e9rience authentique au coeur de la for\u00eat. Sans \u00e9lectricit\u00e9, il ne faudra pas oublier sa lampe torche !&nbsp;<\/p>\n\n\n\n<p>Enfin, des lodges de luxe proposent des h\u00e9bergements au sein de concessions priv\u00e9es. Gorah Elephant Camp est situ\u00e9 au coeur du parc et dispose d\u2019une piscine. Autre exemple avec le <a href=\"https:\/\/www.booking.com\/hotel\/za\/river-bend-lodge-addo.fr.html\" target=\"_blank\" aria-label=\" (opens in a new tab)\" rel=\"noreferrer noopener\" class=\"rank-math-link\">River Bend Lodge<\/a>, son restaurant gastronomique et son spa.&nbsp;<\/p>\n\n\n\n<p>Des logements sont aussi r\u00e9partis aux alentours du parc, \u00e0 des tarifs plus ou moins similaires. Nous vous conseillons malgr\u00e9 tout de choisir un h\u00e9bergement \u00e0 l\u2019int\u00e9rieur du parc dans la mesure du possible.&nbsp;&nbsp;<\/p>\n\n\n\n<h2 class=\"wp-block-heading\"><span class=\"ez-toc-section\" id=\"addo-elephant-park-autres-informations-pratiques\"><\/span>Addo Elephant Park : autres informations pratiques<span class=\"ez-toc-section-end\"><\/span><\/h2>\n\n\n\n<h3 class=\"wp-block-heading\">G\u00e9ographie<\/h3>\n\n\n\n<p>Avec une superficie de 120 000 hectares, l\u2019Addo Elephant Park est le troisi\u00e8me plus grand parc d\u2019Afrique du Sud. Il est situ\u00e9 au Sud du pays, \u00e0 quelques kilom\u00e8tres de Port Elizabeth, la capitale du Cap Oriental. Le parc est divis\u00e9 en trois section : Zuurberg, Darlington et Woody Cape. L\u2019altitude varie entre 250 m\u00e8tres et 970 m\u00e8tres dans la r\u00e9gion de Zuurberg.&nbsp;<\/p>\n\n\n\n<div class=\"wp-block-image\"><figure class=\"aligncenter size-large\"><picture><source srcset=\"https:\/\/mistersafari.com\/fr\/wp-content\/uploads\/sites\/2\/ADD-addo-map.webp 690w,https:\/\/mistersafari.com\/fr\/wp-content\/uploads\/sites\/2\/ADD-addo-map-300x186.webp 300w\" sizes=\"auto, (max-width: 690px) 100vw, 690px\" type=\"image\/webp\"><img src=\"https:\/\/mistersafari.com\/fr\/wp-content\/uploads\/sites\/2\/ADD-addo-map.jpg\" height=\"428\" width=\"690\" srcset=\"https:\/\/mistersafari.com\/fr\/wp-content\/uploads\/sites\/2\/ADD-addo-map.jpg 690w, https:\/\/mistersafari.com\/fr\/wp-content\/uploads\/sites\/2\/ADD-addo-map-300x186.jpg 300w\" sizes=\"auto, (max-width: 690px) 100vw, 690px\" class=\"wp-image-1109 sp-no-webp\" alt=\"Carte Addo Elephant Park\" loading=\"lazy\" decoding=\"async\"  > <\/picture><figcaption><a href=\"https:\/\/www.nationalparks.africa\/national-parks-information\/addo-elephant-national-park\/\" target=\"_blank\" aria-label=\" (opens in a new tab)\" rel=\"noreferrer noopener nofollow\" class=\"rank-math-link\">Source<\/a><\/figcaption><\/figure><\/div>\n\n\n\n<p>Le Parc National des \u00c9l\u00e9phants d\u2019Addo a pour particularit\u00e9 d\u2019inclure une r\u00e9serve marine.&nbsp;La biodiversit\u00e9 du parc est riche. On d\u00e9nombre cinq biomes, alors que d\u2019autres parcs comme le <a href=\"https:\/\/mistersafari.com\/fr\/safari-afrique-du-sud\/parcs-reserves\/parc-kruger\/\" class=\"rank-math-link\">Parc Kruge<\/a>r n\u2019en compte qu\u2019un. For\u00eats, for\u00eats tropophiles, prairies, brousses et \u00e9tendues semi-d\u00e9sertiques composent le paysage du parc.&nbsp;<\/p>\n\n\n\n<h3 class=\"wp-block-heading\">M\u00e9t\u00e9o<\/h3>\n\n\n\n<p>Le Parc Addo est situ\u00e9 dans une r\u00e9gion semi-aride \u00e0 aride. Le climat est relativement stable tout au long de l\u2019ann\u00e9e.&nbsp;<\/p>\n\n\n\n<p>On observe cependant deux p\u00e9riodes o\u00f9 les pluies sont plus intenses : Octobre-Novembre et F\u00e9vrier-Mars. Pendant l\u2019\u00e9t\u00e9 austral, de Novembre \u00e0 Avril, les temp\u00e9ratures s&rsquo;\u00e9l\u00e8vent en moyenne \u00e0 20-25\u00b0 avec des pics qui d\u00e9passent les 30\u00b0 pour les journ\u00e9es les plus chaudes. Pendant les mois d\u2019hiver, les temp\u00e9ratures baissent pour se situer autour des 10-15\u00b0, avec notamment des nuits fra\u00eeches. Le brouillard est fr\u00e9quent dans cette r\u00e9gion.&nbsp;<\/p>\n\n\n\n<h3 class=\"wp-block-heading\">Quand visiter<\/h3>\n\n\n\n<p>Avec son climat temp\u00e9r\u00e9, le Parc National des \u00c9l\u00e9phants d\u2019Addo se visite toute l\u2019ann\u00e9e. Pendant la saison s\u00e8che de D\u00e9cembre \u00e0 Avril, les animaux sont facilement observables autour des points d\u2019eau qui se font plus rares. Pendant les mois d\u2019hiver austral, la fra\u00eecheur \u00e0 l\u2019aube et au coucher du soleil cr\u00e9e de beaux spectacles de chasse.&nbsp;<\/p>\n\n\n\n<p><em>Le Parc fait partie des quelques lieux \u00e9pargn\u00e9s par le paludisme.&nbsp;<\/em><\/p>\n","protected":false},"excerpt":{"rendered":"<p>Historiquement am\u00e9nag\u00e9 pour la protection des \u00e9l\u00e9phants, le Parc National des \u00c9l\u00e9phants d\u2019Addo est aujourd\u2019hui un parc dot\u00e9 d\u2019une faune et une flore riches. Situ\u00e9 sur la c\u00f4te Sud du pays, c\u2019est une destination familiale par excellence, avec la garantie de rencontrer des pachydermes bien s\u00fbr, mais aussi d&rsquo;autres animaux sauvages. Parcourez notre guide et &#8230; <a title=\"Addo Elephant Park\" class=\"read-more\" href=\"https:\/\/mistersafari.com\/fr\/safari-afrique-du-sud\/parcs-reserves\/addo-elephant-park\/\" aria-label=\"En savoir plus sur Addo Elephant Park\">Lire la suite<\/a><\/p>\n","protected":false},"author":3,"featured_media":632,"parent":1095,"menu_order":7,"comment_status":"closed","ping_status":"closed","template":"","meta":{"_acf_changed":false,"footnotes":""},"content_type":[],"country":[],"class_list":{"0":"post-1106","1":"page","2":"type-page","3":"status-publish","4":"has-post-thumbnail","6":"no-featured-image-padding"},"acf":{"hreflang":null},"_links":{"self":[{"href":"https:\/\/mistersafari.com\/fr\/wp-json\/wp\/v2\/pages\/1106","targetHints":{"allow":["GET"]}}],"collection":[{"href":"https:\/\/mistersafari.com\/fr\/wp-json\/wp\/v2\/pages"}],"about":[{"href":"https:\/\/mistersafari.com\/fr\/wp-json\/wp\/v2\/types\/page"}],"author":[{"embeddable":true,"href":"https:\/\/mistersafari.com\/fr\/wp-json\/wp\/v2\/users\/3"}],"replies":[{"embeddable":true,"href":"https:\/\/mistersafari.com\/fr\/wp-json\/wp\/v2\/comments?post=1106"}],"version-history":[{"count":13,"href":"https:\/\/mistersafari.com\/fr\/wp-json\/wp\/v2\/pages\/1106\/revisions"}],"predecessor-version":[{"id":3354,"href":"https:\/\/mistersafari.com\/fr\/wp-json\/wp\/v2\/pages\/1106\/revisions\/3354"}],"up":[{"embeddable":true,"href":"https:\/\/mistersafari.com\/fr\/wp-json\/wp\/v2\/pages\/1095"}],"wp:featuredmedia":[{"embeddable":true,"href":"https:\/\/mistersafari.com\/fr\/wp-json\/wp\/v2\/media\/632"}],"wp:attachment":[{"href":"https:\/\/mistersafari.com\/fr\/wp-json\/wp\/v2\/media?parent=1106"}],"wp:term":[{"taxonomy":"content_type","embeddable":true,"href":"https:\/\/mistersafari.com\/fr\/wp-json\/wp\/v2\/content_type?post=1106"},{"taxonomy":"country","embeddable":true,"href":"https:\/\/mistersafari.com\/fr\/wp-json\/wp\/v2\/country?post=1106"}],"curies":[{"name":"wp","href":"https:\/\/api.w.org\/{rel}","templated":true}]}}