{"id":1097,"date":"2020-09-10T10:10:55","date_gmt":"2020-09-10T10:10:55","guid":{"rendered":"https:\/\/mistersafari.com\/fr\/?page_id=1097"},"modified":"2022-09-01T15:07:43","modified_gmt":"2022-09-01T15:07:43","slug":"pilanesberg","status":"publish","type":"page","link":"https:\/\/mistersafari.com\/fr\/safari-afrique-du-sud\/parcs-reserves\/pilanesberg\/","title":{"rendered":"Parc National du Pilanesberg"},"content":{"rendered":"\n<p>Situ\u00e9 au nord du pays, le Parc National du Pilanesberg (Pilanesberg National Park) est moins connu mais pr\u00e9sente pourtant beaucoup d\u2019attraits. Facilit\u00e9 d\u2019acc\u00e8s, abordable, exempt de malaria et surtout des animaux \u00e0 foison ! On vous dit tout sur ce parc incontournable d&rsquo;un <a class=\"rank-math-link\" href=\"https:\/\/mistersafari.com\/fr\/safari-afrique-du-sud\/\">safari en Afrique du Sud<\/a>.<\/p>\n\n\n<div id=\"ez-toc-container\" class=\"ez-toc-v2_0_76 counter-flat ez-toc-counter ez-toc-custom ez-toc-container-direction\">\n<div class=\"ez-toc-title-container\"><p class=\"ez-toc-title\" style=\"cursor:inherit\">Sommaire<\/p>\n<\/div><nav><ul class='ez-toc-list ez-toc-list-level-1 ' ><li class='ez-toc-page-1'><a class=\"ez-toc-link ez-toc-heading-1\" href=\"https:\/\/mistersafari.com\/fr\/safari-afrique-du-sud\/parcs-reserves\/pilanesberg\/#pourquoi-se-rendre-au-parc-national-du-pilanesberg\">Pourquoi se rendre au Parc National du Pilanesberg ?<\/a><\/li><li class='ez-toc-page-1'><a class=\"ez-toc-link ez-toc-heading-2\" href=\"https:\/\/mistersafari.com\/fr\/safari-afrique-du-sud\/parcs-reserves\/pilanesberg\/#comment-se-rendre-au-parc-du-pilanesberg\">Comment se rendre au Parc du Pilanesberg ?<\/a><\/li><li class='ez-toc-page-1'><a class=\"ez-toc-link ez-toc-heading-3\" href=\"https:\/\/mistersafari.com\/fr\/safari-afrique-du-sud\/parcs-reserves\/pilanesberg\/#tarif-et-reglementation\">Tarif et r\u00e9glementation<\/a><\/li><li class='ez-toc-page-1'><a class=\"ez-toc-link ez-toc-heading-4\" href=\"https:\/\/mistersafari.com\/fr\/safari-afrique-du-sud\/parcs-reserves\/pilanesberg\/#ou-dormir-au-parc-national-du-pilanesberg\">O\u00f9 dormir au Parc National du Pilanesberg ?<\/a><\/li><li class='ez-toc-page-1'><a class=\"ez-toc-link ez-toc-heading-5\" href=\"https:\/\/mistersafari.com\/fr\/safari-afrique-du-sud\/parcs-reserves\/pilanesberg\/#le-parc-du-pilanesberg-autres-informations-pratiques\">Le Parc du Pilanesberg : autres informations pratiques<\/a><\/li><\/ul><\/nav><\/div>\n\n\n\n\n<h2 class=\"wp-block-heading\"><span class=\"ez-toc-section\" id=\"pourquoi-se-rendre-au-parc-national-du-pilanesberg\"><\/span>Pourquoi se rendre au Parc National du Pilanesberg ?<span class=\"ez-toc-section-end\"><\/span><\/h2>\n\n\n\n<h3 class=\"wp-block-heading\">Un safari au Parc National du Pilanesberg<\/h3>\n\n\n\n<p>L\u2019histoire du Parc National du Pilanesberg est originale : il est l\u2019objet de l\u2019op\u00e9ration de repeuplement animalier Genesis lanc\u00e9e en 1979. La caldeira de 550 km2 fut cl\u00f4tur\u00e9e sur 110 km et plus de 6 000 animaux provenant d\u2019autres <a href=\"https:\/\/mistersafari.com\/fr\/safari-afrique-du-sud\/parcs-reserves\/\" class=\"rank-math-link\">parcs et r\u00e9serves d&rsquo;Afrique du Sud<\/a> y furent introduits.&nbsp;Ce sanctuaire animalier a trouv\u00e9 aujourd\u2019hui un \u00e9quilibre parfait et de nombreux animaux cohabitent.<\/p>\n\n\n\n<p class=\"callout-green\">Vous rencontrerez le <a href=\"https:\/\/mistersafari.com\/fr\/safari-afrique-du-sud\/big-five\/\" class=\"rank-math-link\">Big Five<\/a> (lion, l\u00e9opard, buffle, \u00e9l\u00e9phant et rhinoc\u00e9ros) mais aussi des gu\u00e9pards, girafes, gnous, grands koudous, \u00e9lands, phacoch\u00e8res, hippopotames.<\/p>\n\n\n\n<p>Plusieurs esp\u00e8ces de reptiles sont \u00e0 observer : tortues, crocodiles, l\u00e9zards, serpents, &#8230;&nbsp;Manquante \u00e0 l\u2019appel, la hy\u00e8ne tachet\u00e9e n\u2019a pas \u00e9t\u00e9 introduite \u00e0 cet \u00e9cosyst\u00e8me pour pr\u00e9server les b\u00e9b\u00e9s rhinoc\u00e9ros.<\/p>\n\n\n\n<figure class=\"wp-block-image size-large\"><picture><source srcset=\"https:\/\/mistersafari.com\/fr\/wp-content\/uploads\/sites\/2\/pilanesberg-national-park.webp 1024w,https:\/\/mistersafari.com\/fr\/wp-content\/uploads\/sites\/2\/pilanesberg-national-park-300x200.webp 300w,https:\/\/mistersafari.com\/fr\/wp-content\/uploads\/sites\/2\/pilanesberg-national-park-768x512.webp 768w\" sizes=\"auto, (max-width: 1024px) 100vw, 1024px\" type=\"image\/webp\"><img src=\"https:\/\/mistersafari.com\/fr\/wp-content\/uploads\/sites\/2\/pilanesberg-national-park.jpg\" height=\"683\" width=\"1024\" srcset=\"https:\/\/mistersafari.com\/fr\/wp-content\/uploads\/sites\/2\/pilanesberg-national-park.jpg 1024w, https:\/\/mistersafari.com\/fr\/wp-content\/uploads\/sites\/2\/pilanesberg-national-park-300x200.jpg 300w, https:\/\/mistersafari.com\/fr\/wp-content\/uploads\/sites\/2\/pilanesberg-national-park-768x512.jpg 768w\" sizes=\"auto, (max-width: 1024px) 100vw, 1024px\" class=\"wp-image-1104 sp-no-webp\" alt=\"Parc de Pilanesberg\" loading=\"lazy\" decoding=\"async\"  > <\/picture><figcaption><a href=\"https:\/\/www.flickr.com\/photos\/dkeats\/3476687615\/in\/photolist-6idW6V-6idVtX-6idRSK-6ii77W-6ie2Jp-6idXeD-6ii4sq-6ihJ8d-6ihZdh-6ie2x6-6iicKN-6iibJh-6idWMg-6ii9Dh-6idEm8-6idVU6-6idSgx-6ihJEb-6idUYk-6idQFk-6ii5r3-6idyVk-6ii4Rj-6idPXX-6ie2gn-6ihKJ5-6iidoy-6ihZrb-6ii8XQ-6idLFg-6idMFg-6ii9aC-6idPyR-6ihXf3-6iidyy-6ihPGy-6ie3kX-6ie4KD-6idzJp-6ihWky-6ihMEs-6ihLZu-6ihXHj-6idNA6-6idMnB-6idL5x-6idChR-6ihWas-6ihHgy-6ihL4E\" target=\"_blank\" aria-label=\"Cr\u00e9dits (opens in a new tab)\" rel=\"noreferrer noopener\" class=\"rank-math-link\">Cr\u00e9dits<\/a> : Pilanesberg National Park par <a aria-label=\"Derek Keats (opens in a new tab)\" rel=\"noreferrer noopener\" class=\"rank-math-link\" href=\"https:\/\/www.flickr.com\/photos\/dkeats\/\" target=\"_blank\">Derek Keats<\/a> (CC BY <a aria-label=\"2.0 (opens in a new tab)\" rel=\"noreferrer noopener\" class=\"rank-math-link\" href=\"https:\/\/creativecommons.org\/licenses\/by\/2.0\/\" target=\"_blank\">2.0<\/a>)<\/figcaption><\/figure>\n\n\n\n<p>Les ornithologues seront combl\u00e9s gr\u00e2ce \u00e0 la pr\u00e9sence de plus de 400 esp\u00e8ces d\u2019oiseaux : h\u00e9rons, autruches, francolins, martins-p\u00eacheurs, \u2026 Six caches sont r\u00e9parties au sein du parc, chacunes orient\u00e9es vers des points cardinaux diff\u00e9rents pour offrir des points de vue vari\u00e9s. La Mankwe hide est populaire pour l\u2019observation des oiseaux due \u00e0 sa forme en C qui offre une vue panoramique du matin au soir.<\/p>\n\n\n\n<p>\u00c0 l\u2019extr\u00e9mit\u00e9 Nord-Ouest du parc, se situe la R\u00e9serve Black Rhino. Il s&rsquo;agit d\u2019une r\u00e9serve priv\u00e9e de 15 000 hectares : l\u2019acc\u00e8s est r\u00e9serv\u00e9 \u00e0 ses r\u00e9sidents, qui peuvent voyager aussi bien dans la r\u00e9serve que dans le reste du parc. Sans cl\u00f4ture, les animaux peuvent quant \u00e0 eux aller de l\u2019un \u00e0 l\u2019autre \u00e0 leur guise.&nbsp;En tant que r\u00e9serve priv\u00e9e, la Black Rhino Reserve est g\u00e9n\u00e9ralement moins fr\u00e9quent\u00e9e que le reste du parc.<\/p>\n\n\n\n<h3 class=\"wp-block-heading\">Les autres activit\u00e9s dans le parc de Pilanesberg et aux alentours<\/h3>\n\n\n\n<h4 class=\"wp-block-heading\">Les safaris \u00e0 pied<\/h4>\n\n\n\n<p>Plusieurs kilom\u00e8tres de chemins de randonn\u00e9e parcourent le parc. D\u2019une dur\u00e9e de 4 heures et accompagn\u00e9 par un guide exp\u00e9riment\u00e9, ces marches organis\u00e9es sont l\u2019occasion de s\u2019immerger dans le parc, de d\u00e9couvrir des d\u00e9tails non-visibles depuis un v\u00e9hicule et de profiter des connaissances accrues d\u2019un guide sur les animaux et la savane.&nbsp;Ces randonn\u00e9es sont payantes et accessibles toute l\u2019ann\u00e9e.<\/p>\n\n\n\n<h4 class=\"wp-block-heading\">Un tour en montgolfi\u00e8re<\/h4>\n\n\n\n<p>Des vols en montgolfi\u00e8re sont organis\u00e9s depuis le Parc de Pilanesberg. Le point de vue en altitude permet d\u2019observer la configuration du crat\u00e8re, d\u2019apercevoir les troupeaux d\u2019animaux et de d\u00e9couvrir des paysages sur des kilom\u00e8tres \u00e0 la ronde.<\/p>\n\n\n\n<h4 class=\"wp-block-heading\">Les activit\u00e9s propos\u00e9es par les lodges<\/h4>\n\n\n\n<p>La plupart des lodges proposent toute une gamme d\u2019activit\u00e9s et de services : observation des oiseaux, danses et musiques traditionnelles, spa, quad, tennis, \u2026 Il y en a pour tous les go\u00fbts et tous les \u00e2ges.<\/p>\n\n\n\n<h2 class=\"wp-block-heading\"><span class=\"ez-toc-section\" id=\"comment-se-rendre-au-parc-du-pilanesberg\"><\/span>Comment se rendre au Parc du Pilanesberg ?<span class=\"ez-toc-section-end\"><\/span><\/h2>\n\n\n\n<p>Gr\u00e2ce \u00e0 sa proximit\u00e9 avec Johannesburg, le Parc du Pilanesberg est parmi les plus accessibles d\u2019Afrique du Sud. Vous devrez vous rendre \u00e0 l&rsquo;a\u00e9roport international O.R. Tambo \u00e0 Johannesburg, par vol international ou interne. Pour rejoindre le parc, vous pourrez choisir entre l\u2019avion ou la voiture.<\/p>\n\n\n\n<p>Si vous optez pour l\u2019avion, certains lodges proposent de venir vous chercher \u00e0 l\u2019a\u00e9roport de Pilanesberg. En voiture de location, il faudra compter environ 3 heures de route entre Johannesburg et une entr\u00e9e du parc.<\/p>\n\n\n\n<p>Trois portes d\u2019entr\u00e9e permettent d\u2019acc\u00e9der au parc :<\/p>\n\n\n\n<ul class=\"wp-block-list\"><li>Bakgatla Gate au Nord<\/li><li>Bakubung Gate au Sud<\/li><li>Manyane Gate \u00e0 l\u2019Est<\/li><\/ul>\n\n\n\n<p id=\"callout-orange\">Les horaires d\u2019acc\u00e8s varient : ouverture des portes entre 5h30 et 6h00 et fermeture entre 18h00 et 19h00 selon la p\u00e9riode de l\u2019ann\u00e9e.<\/p>\n\n\n\n<p>Certains lodges disposent aussi de leur propre entr\u00e9e. C\u2019est le cas du lodge Shepherds Tree au Sud-Ouest, du lodge Kwa-Maritane au Sud-Est et des lodges de la R\u00e9serve priv\u00e9e Black Rhino au Nord-Ouest.<\/p>\n\n\n\n<h2 class=\"wp-block-heading\"><span class=\"ez-toc-section\" id=\"tarif-et-reglementation\"><\/span>Tarif et r\u00e9glementation<span class=\"ez-toc-section-end\"><\/span><\/h2>\n\n\n\n<h3 class=\"wp-block-heading\">Pilanesberg : prix d\u2019entr\u00e9e<\/h3>\n\n\n\n<p>L\u2019entr\u00e9e au Parc de Pilanesberg est payante et valable pour toute la dur\u00e9e de votre s\u00e9jour dans l\u2019enceinte du parc. Les tarifs sont :<\/p>\n\n\n\n<ul class=\"wp-block-list\"><li>R110 par adulte (environ 6\u20ac)<\/li><li>R30 par enfant de 6 \u00e0 12 ans (environ 1,50\u20ac)<\/li><li>R40 par v\u00e9hicule (environ 2\u20ac)<\/li><\/ul>\n\n\n\n<p class=\"callout-green\">Si vous avez un budget limit\u00e9, c\u2019est l\u2019un des parcs et r\u00e9serves d\u2019Afrique du Sud les moins chers.<\/p>\n\n\n\n<p>Le Parc de Pilanesberg n\u2019est pas g\u00e9r\u00e9 par le SANParks. La Wild Card n\u2019est donc pas accept\u00e9e.<\/p>\n\n\n\n<h3 class=\"wp-block-heading\">La r\u00e9glementation du Parc Pilanesberg<\/h3>\n\n\n\n<p>Lors de votre visite du Parc Pilanesberg, il faudra respecter les r\u00e8gles communes aux <a href=\"http:\/\/lien\">parcs et r\u00e9serves du pays<\/a>. Le but est de prot\u00e9ger les animaux et la flore, mais aussi de garantir votre s\u00e9curit\u00e9. Par exemple, il faudra rester \u00e0 bord de votre v\u00e9hicule, respecter les limitations de vitesse ou encore ramasser vos d\u00e9chets. Pensez aussi \u00e0 respecter les horaires d\u2019ouverture et de fermeture des gates.<\/p>\n\n\n\n<h2 class=\"wp-block-heading\"><span class=\"ez-toc-section\" id=\"ou-dormir-au-parc-national-du-pilanesberg\"><\/span>O\u00f9 dormir au Parc National du Pilanesberg ?<span class=\"ez-toc-section-end\"><\/span><\/h2>\n\n\n\n<p>Le choix de logements dans le Parc du Pilanesberg est vari\u00e9 et conviendra \u00e0 tous les budgets. Plusieurs \u00e9tablissements proposent diff\u00e9rents types d\u2019h\u00e9bergement, allant de l\u2019emplacement de camping au chalet exclusif.<\/p>\n\n\n\n<p>C\u2019est le cas du Manyane Resort qui accueille les tentes et vans am\u00e9nag\u00e9s et dispose aussi de tentes safaris, studios ou chalets. On trouve sur place tout le n\u00e9cessaire : sup\u00e9rette, restaurant, piscine, mini-golf, \u2026&nbsp;<\/p>\n\n\n\n<p>Pour une version luxueuse, <a aria-label=\" (opens in a new tab)\" href=\"https:\/\/www.booking.com\/hotel\/za\/tshukudu-lodge.fr.html\" target=\"_blank\" rel=\"noreferrer noopener\" class=\"rank-math-link\">Tshukudu Bush Lodge<\/a> est situ\u00e9 sur les hauteurs du crat\u00e8re et surplombe un point d\u2019eau : id\u00e9al pour observer les animaux depuis le confort de votre logement.<\/p>\n\n\n\n<p>Au c\u0153ur de la R\u00e9serve Black Rhino, on retrouve toute une gamme de lodges, du milieu de gamme au luxueux. Le <a aria-label=\" (opens in a new tab)\" href=\"https:\/\/www.booking.com\/hotel\/za\/black-rhino-game-lodge.fr.html\" target=\"_blank\" rel=\"noreferrer noopener\" class=\"rank-math-link\">Black Rhino Lodge<\/a> est situ\u00e9 dans une zone calme du parc et propose des chambres priv\u00e9es modernes, une piscine et un restaurant.<\/p>\n\n\n\n<h2 class=\"wp-block-heading\"><span class=\"ez-toc-section\" id=\"le-parc-du-pilanesberg-autres-informations-pratiques\"><\/span>Le Parc du Pilanesberg : autres informations pratiques<span class=\"ez-toc-section-end\"><\/span><\/h2>\n\n\n\n<h3 class=\"wp-block-heading\">G\u00e9ographie<\/h3>\n\n\n\n<p>Le Parc National de Pilanesberg est situ\u00e9 dans une caldeira, un crat\u00e8re volcanique datant de plus d\u2019un milliard d\u2019ann\u00e9es. Avec une superficie d\u2019environ 550 km2, il est plus petit que le <a href=\"https:\/\/mistersafari.com\/fr\/safari-tanzanie\/parcs-reserves\/cratere-ngorongoro\/\" class=\"rank-math-link\">Crat\u00e8re de Ngorongoro<\/a> en Tanzanie, mais pas moins magnifique. Son altitude culmine \u00e0 environ 1600 m\u00e8tres.<\/p>\n\n\n\n<figure class=\"wp-block-image size-large is-resized\"><img loading=\"lazy\" decoding=\"async\" src=\"https:\/\/mk0mistersafarimcosm.kinstacdn.com\/wp-content\/uploads\/sites\/2\/Pilanesberg-National-Park-Map-1024x862.jpg\" alt=\"Carte du Pilanesberg National Park\" class=\"wp-image-1099\" width=\"768\" height=\"647\" srcset=\"https:\/\/mistersafari.com\/fr\/wp-content\/uploads\/sites\/2\/Pilanesberg-National-Park-Map-1024x862.jpg 1024w, https:\/\/mistersafari.com\/fr\/wp-content\/uploads\/sites\/2\/Pilanesberg-National-Park-Map-300x253.jpg 300w, https:\/\/mistersafari.com\/fr\/wp-content\/uploads\/sites\/2\/Pilanesberg-National-Park-Map-768x647.jpg 768w, https:\/\/mistersafari.com\/fr\/wp-content\/uploads\/sites\/2\/Pilanesberg-National-Park-Map-1536x1293.jpg 1536w, https:\/\/mistersafari.com\/fr\/wp-content\/uploads\/sites\/2\/Pilanesberg-National-Park-Map-2048x1725.jpg 2048w, https:\/\/mistersafari.com\/fr\/wp-content\/uploads\/sites\/2\/Pilanesberg-National-Park-Map-scaled.jpg 1200w\" sizes=\"auto, (max-width: 768px) 100vw, 768px\" \/><figcaption><em>Carte du Pilanesberg National Park (source : pilanesbergnationalpark.org)<\/em><\/figcaption><\/figure>\n\n\n\n<p>Ce parc artificiel se trouve \u00e0 la rencontre d\u2019une zone de v\u00e9g\u00e9tation humide et d\u2019une zone de v\u00e9g\u00e9tation s\u00e8che, permettant l\u2019adaptation d\u2019un \u00e9cosyst\u00e8me d\u00e9velopp\u00e9.<\/p>\n\n\n\n<h3 class=\"wp-block-heading\">M\u00e9t\u00e9o<\/h3>\n\n\n\n<p>Le Parc du Pilanesberg conna\u00eet deux saisons :<\/p>\n\n\n\n<ul class=\"wp-block-list\"><li>l\u2019hiver de mai \u00e0 septembre est sec et les temp\u00e9ratures sont fra\u00eeches, surtout la nuit ;<\/li><li>l\u2019\u00e9t\u00e9 d\u2019octobre \u00e0 avril est chaud et humide, marqu\u00e9 par des pluies fr\u00e9quentes et des orages.<\/li><\/ul>\n\n\n\n<p>En hiver, les temp\u00e9ratures varient 22\u00b0 \u00e0 27\u00b0 l\u2019apr\u00e8s-midi. L\u2019\u00e9t\u00e9, les temp\u00e9ratures d\u00e9passent les 30\u00b0 mais les \u00e9pisodes pluvieux fr\u00e9quents rafra\u00eechissent l\u2019atmosph\u00e8re.<\/p>\n\n\n\n<h3 class=\"wp-block-heading\">Quand visiter le Pilanesberg ?<\/h3>\n\n\n\n<p>La p\u00e9riode id\u00e9ale pour visiter le Parc National de Pilanesberg est de la fin de l\u2019hiver au d\u00e9but de l\u2019\u00e9t\u00e9, soit de juillet \u00e0 mi-Octobre. Pendant cette p\u00e9riode s\u00e8che, les herbes sont rases et les points d\u2019eau se rar\u00e9fient. Les animaux se rassemblent et sont plus faciles \u00e0 trouver. La m\u00e9t\u00e9o est agr\u00e9able.<\/p>\n\n\n\n<p>Cela \u00e9tant dit, d\u2019autres p\u00e9riodes sont aussi int\u00e9ressantes m\u00eame si le climat est moins propice :&nbsp;<\/p>\n\n\n\n<ul class=\"wp-block-list\"><li>la p\u00e9riode de reproduction \u00e0 partir de f\u00e9vrier, puis les naissances en octobre et novembre<\/li><li>la fin de la saison humide \u00e0 partir de Mars, pour observer les oiseaux pendant la p\u00e9riode de migration<\/li><\/ul>\n","protected":false},"excerpt":{"rendered":"<p>Situ\u00e9 au nord du pays, le Parc National du Pilanesberg (Pilanesberg National Park) est moins connu mais pr\u00e9sente pourtant beaucoup d\u2019attraits. Facilit\u00e9 d\u2019acc\u00e8s, abordable, exempt de malaria et surtout des animaux \u00e0 foison ! On vous dit tout sur ce parc incontournable d&rsquo;un safari en Afrique du Sud. Pourquoi se rendre au Parc National du &#8230; <a title=\"Parc National du Pilanesberg\" class=\"read-more\" href=\"https:\/\/mistersafari.com\/fr\/safari-afrique-du-sud\/parcs-reserves\/pilanesberg\/\" aria-label=\"En savoir plus sur Parc National du Pilanesberg\">Lire la suite<\/a><\/p>\n","protected":false},"author":3,"featured_media":638,"parent":1095,"menu_order":0,"comment_status":"closed","ping_status":"closed","template":"","meta":{"_acf_changed":false,"footnotes":""},"content_type":[],"country":[],"class_list":{"0":"post-1097","1":"page","2":"type-page","3":"status-publish","4":"has-post-thumbnail","6":"no-featured-image-padding"},"acf":{"hreflang":null},"_links":{"self":[{"href":"https:\/\/mistersafari.com\/fr\/wp-json\/wp\/v2\/pages\/1097","targetHints":{"allow":["GET"]}}],"collection":[{"href":"https:\/\/mistersafari.com\/fr\/wp-json\/wp\/v2\/pages"}],"about":[{"href":"https:\/\/mistersafari.com\/fr\/wp-json\/wp\/v2\/types\/page"}],"author":[{"embeddable":true,"href":"https:\/\/mistersafari.com\/fr\/wp-json\/wp\/v2\/users\/3"}],"replies":[{"embeddable":true,"href":"https:\/\/mistersafari.com\/fr\/wp-json\/wp\/v2\/comments?post=1097"}],"version-history":[{"count":11,"href":"https:\/\/mistersafari.com\/fr\/wp-json\/wp\/v2\/pages\/1097\/revisions"}],"predecessor-version":[{"id":6719,"href":"https:\/\/mistersafari.com\/fr\/wp-json\/wp\/v2\/pages\/1097\/revisions\/6719"}],"up":[{"embeddable":true,"href":"https:\/\/mistersafari.com\/fr\/wp-json\/wp\/v2\/pages\/1095"}],"wp:featuredmedia":[{"embeddable":true,"href":"https:\/\/mistersafari.com\/fr\/wp-json\/wp\/v2\/media\/638"}],"wp:attachment":[{"href":"https:\/\/mistersafari.com\/fr\/wp-json\/wp\/v2\/media?parent=1097"}],"wp:term":[{"taxonomy":"content_type","embeddable":true,"href":"https:\/\/mistersafari.com\/fr\/wp-json\/wp\/v2\/content_type?post=1097"},{"taxonomy":"country","embeddable":true,"href":"https:\/\/mistersafari.com\/fr\/wp-json\/wp\/v2\/country?post=1097"}],"curies":[{"name":"wp","href":"https:\/\/api.w.org\/{rel}","templated":true}]}}