{"id":1095,"date":"2020-09-10T09:55:28","date_gmt":"2020-09-10T09:55:28","guid":{"rendered":"https:\/\/mistersafari.com\/fr\/?page_id=1095"},"modified":"2022-10-05T12:13:29","modified_gmt":"2022-10-05T12:13:29","slug":"parcs-reserves","status":"publish","type":"page","link":"https:\/\/mistersafari.com\/fr\/safari-afrique-du-sud\/parcs-reserves\/","title":{"rendered":"Parcs et r\u00e9serves en Afrique du Sud"},"content":{"rendered":"\n<p>Sur le vaste territoire qu\u2019est l\u2019Afrique du Sud, 3% des terres sont consacr\u00e9es \u00e0 des zones de protection animali\u00e8re. R\u00e9partis dans tout le pays, les parcs et r\u00e9serves d\u2019Afrique du Sud regorgent d\u2019une faune et d\u2019une flore riches qui ravissent les amateurs de safaris authentiques.<\/p>\n\n\n<div id=\"ez-toc-container\" class=\"ez-toc-v2_0_76 counter-flat ez-toc-counter ez-toc-custom ez-toc-container-direction\">\n<div class=\"ez-toc-title-container\"><p class=\"ez-toc-title\" style=\"cursor:inherit\">Sommaire<\/p>\n<\/div><nav><ul class='ez-toc-list ez-toc-list-level-1 ' ><li class='ez-toc-page-1'><a class=\"ez-toc-link ez-toc-heading-1\" href=\"https:\/\/mistersafari.com\/fr\/safari-afrique-du-sud\/parcs-reserves\/#parcs-et-reserves-en-afrique-du-sud-quelles-differences\" >Parcs et r\u00e9serves en Afrique du Sud : quelles diff\u00e9rences<\/a><\/li><li class='ez-toc-page-1'><a class=\"ez-toc-link ez-toc-heading-2\" href=\"https:\/\/mistersafari.com\/fr\/safari-afrique-du-sud\/parcs-reserves\/#parcs-en-afrique-du-sud-quels-animaux-peut-on-voir\" >Parcs en Afrique du Sud : quels animaux peut-on voir ?<\/a><\/li><li class='ez-toc-page-1'><a class=\"ez-toc-link ez-toc-heading-3\" href=\"https:\/\/mistersafari.com\/fr\/safari-afrique-du-sud\/parcs-reserves\/#les-parcs-en-afrique-du-sud\" >Les parcs en Afrique du Sud<\/a><\/li><li class='ez-toc-page-1'><a class=\"ez-toc-link ez-toc-heading-4\" href=\"https:\/\/mistersafari.com\/fr\/safari-afrique-du-sud\/parcs-reserves\/#les-reserves-en-afrique-du-sud\" >Les r\u00e9serves en Afrique du Sud<\/a><\/li><li class='ez-toc-page-1'><a class=\"ez-toc-link ez-toc-heading-5\" href=\"https:\/\/mistersafari.com\/fr\/safari-afrique-du-sud\/parcs-reserves\/#temps-de-trajet-entre-les-parcs-et-reserves-en-afrique-du-sud\" >Temps de trajet entre les parcs et r\u00e9serves en Afrique du Sud<\/a><\/li><\/ul><\/nav><\/div>\n\n\n\n\n<p>Quels parcs et r\u00e9serves d\u2019Afrique du Sud visiter ? Suivez notre guide !&nbsp;<\/p>\n\n\n\n<h2 class=\"wp-block-heading\"><span class=\"ez-toc-section\" id=\"parcs-et-reserves-en-afrique-du-sud-quelles-differences\"><\/span><strong>Parcs et r\u00e9serves en Afrique du Sud : quelles diff\u00e9rences<\/strong><span class=\"ez-toc-section-end\"><\/span><\/h2>\n\n\n\n<p>En Afrique du Sud, on distingue :<\/p>\n\n\n\n<ul class=\"wp-block-list\"><li>les parcs nationaux ;<\/li><li>les r\u00e9serves priv\u00e9es (parfois aussi appel\u00e9es concessions priv\u00e9es).<\/li><\/ul>\n\n\n\n<p>Les r\u00e9serves priv\u00e9es sont g\u00e9n\u00e9ralement situ\u00e9es en bordure des parcs nationaux. Aucune barri\u00e8re ne les s\u00e9pare, les animaux peuvent donc se d\u00e9placer d\u2019un parc \u00e0 une r\u00e9serve et vice-versa. Pourtant, des diff\u00e9rences existent.&nbsp;<\/p>\n\n\n\n<p>Avec leurs tarifs abordables, les parcs nationaux sont plus fr\u00e9quent\u00e9s par les voyageurs, avec parfois m\u00eame des embouteillages pr\u00e8s d\u2019attroupements d\u2019animaux ! Vous \u00eates autoris\u00e9 \u00e0 r\u00e9aliser un safari en self-drive, c\u2019est-\u00e0-dire avec votre propre v\u00e9hicule. Vous \u00eates donc libre de mener votre safari comme vous le souhaitez, tout en respectant les r\u00e8gles de conduite du parc bien s\u00fbr. Le choix des logements est assez vari\u00e9, allant du camping au lodge confortable.&nbsp;<\/p>\n\n\n\n<p class=\"callout-blue\">Les r\u00e9serves priv\u00e9es sont quant \u00e0 elles plus intimistes gr\u00e2ce \u00e0 un nombre limit\u00e9 de voyageurs.&nbsp;<\/p>\n\n\n\n<p>Pour pouvoir visiter une r\u00e9serve, vous serez oblig\u00e9 de loger \u00e0 l\u2019int\u00e9rieur du parc pendant un certain nombre de nuit\u00e9es minimum (g\u00e9n\u00e9ralement 2 ou 3), dans l\u2019un des logements luxueux qu\u2019elles offrent. Les safaris sont uniquement r\u00e9alis\u00e9s \u00e0 bord d\u2019un v\u00e9hicule conduit par un guide ou un ranger. Vous devrez g\u00e9n\u00e9ralement partager le v\u00e9hicule avec d\u2019autres voyageurs du m\u00eame lodge, sauf si vous optez pour un safari priv\u00e9. Le hors piste est autoris\u00e9 et nombreux sont les lodges qui proposent des safaris de nuit, \u00e0 pied, \u00e0 dos de cheval\u2026 De m\u00eame, des activit\u00e9s atypiques peuvent \u00eatre r\u00e9serv\u00e9es comme un safari en montgolfi\u00e8re, une nuit \u00e0 la belle \u00e9toile\u2026\u00a0\u00a0<\/p>\n\n\n\n<p>L\u2019exp\u00e9rience peut donc s\u2019av\u00e9rer bien diff\u00e9rente entre un safari en Afrique du Sud dans un parc national ou dans une r\u00e9serve priv\u00e9e. Pour autant, chacune reste toujours m\u00e9morable. Notre conseil ? Combinez les deux durant votre s\u00e9jour !&nbsp;<\/p>\n\n\n\n<h2 class=\"wp-block-heading\"><span class=\"ez-toc-section\" id=\"parcs-en-afrique-du-sud-quels-animaux-peut-on-voir\"><\/span><strong>Parcs en Afrique du Sud : quels animaux peut-on voir ?<\/strong><span class=\"ez-toc-section-end\"><\/span><\/h2>\n\n\n\n<p>Lors d\u2019un <a href=\"https:\/\/mistersafari.com\/fr\/safari-afrique-du-sud\/\" class=\"rank-math-link\">safari en Afrique du Sud<\/a>, que ce soit dans un parc national ou une r\u00e9serve, vous aurez la chance de partir \u00e0 la rencontre de nombreux animaux sauvages, des plus embl\u00e9matiques aux plus rares. Il s\u2019agira de trouver le bon compromis entre passer plusieurs jours dans un endroit et visiter plusieurs r\u00e9serves ou parcs pour \u00eatre s\u00fbr de maximiser vos chances.&nbsp; Quels animaux peut-on voir dans un parc animalier d\u2019Afrique du Sud ?&nbsp;<\/p>\n\n\n\n<p class=\"callout-green\">Tout d\u2019abord, le Big Five est pr\u00e9sent dans le pays : lion, \u00e9l\u00e9phant, rhinoc\u00e9ros, buffle et l\u00e9opard.&nbsp;<\/p>\n\n\n\n<p>On parle aussi du Big Seven incluant les baleines et les grands requins blancs, visibles notamment depuis le <a class=\"rank-math-link\" href=\"https:\/\/mistersafari.com\/fr\/safari-afrique-du-sud\/parcs-reserves\/addo-elephant-park\/\">Parc National des \u00c9l\u00e9phants d\u2019Addo.<\/a>\u00a0D\u2019autres animaux d\u2019Afrique cohabitent : girafes, hippopotames, gu\u00e9pards, hy\u00e8nes, \u00e9lans, z\u00e8bres, phacoch\u00e8res, singes, suricates ou encore les rares lycaons dans la <a href=\"https:\/\/mistersafari.com\/fr\/safari-afrique-du-sud\/parcs-reserves\/reserve-madikwe\/\">R\u00e9serve de Madikwe<\/a>. Les gazelles, de plusieurs esp\u00e8ces, arpentent aussi les parcs naturels d\u2019Afrique du Sud.\u00a0<\/p>\n\n\n\n<p>Plusieurs centaines d\u2019esp\u00e8ces d\u2019oiseaux raviront les amateurs d&rsquo;ornithologies qui pourront observer des aigles, des circa\u00e8tes, des cigognes, des francolins, des martins-p\u00eacheurs, \u2026&nbsp;<\/p>\n\n\n\n<p>Passons maintenant \u00e0 notre s\u00e9lection des meilleurs parcs nationaux d\u2019Afrique du Sud.&nbsp;<\/p>\n\n\n\n<h2 class=\"wp-block-heading\"><span class=\"ez-toc-section\" id=\"les-parcs-en-afrique-du-sud\"><\/span><strong>Les parcs en Afrique du Sud<\/strong><span class=\"ez-toc-section-end\"><\/span><\/h2>\n\n\n\n<h3 class=\"wp-block-heading\">Parc National du Kruger<\/h3>\n\n\n\n<p>\u00c9tendu sur pr\u00e8s de 20 000 km2, le <a href=\"https:\/\/mistersafari.com\/fr\/safari-afrique-du-sud\/parcs-reserves\/parc-kruger\/\" class=\"rank-math-link\">Parc National de Kruger<\/a> est le plus grand parc animalier d\u2019Afrique du Sud et l\u2019un des plus grands du continent. La richesse de sa faune, et notamment la pr\u00e9sence du Big Five 5, fait de lui une \u00e9tape incontournable pour un safari en Afrique du Sud.&nbsp;<\/p>\n\n\n\n<p>La partie Nord du parc est plus sauvage alors que le Sud conna\u00eet la concentration d\u2019animaux la plus importante (et est par cons\u00e9quent la plus fr\u00e9quent\u00e9 !). Vous y verrez un grand nombre de lions et de l\u00e9opards mais aussi des rhinoc\u00e9ros blancs et des antilopes. La population d\u2019oiseaux est aussi impressionnante gr\u00e2ce \u00e0 la pr\u00e9sence de nombreuses rivi\u00e8res.\u00a0<\/p>\n\n\n\n<p>Particuli\u00e8rement adapt\u00e9 pour les safaris en self-drive, vous pourrez partir \u00e0 la d\u00e9couverte des <a href=\"https:\/\/mistersafari.com\/fr\/safari-afrique-du-sud\/animaux\/\" class=\"rank-math-link\">animaux d\u2019Afrique du Sud<\/a> \u00e0 bord de votre propre v\u00e9hicule \u00e0 travers les nombreux sentiers du parc.&nbsp;<\/p>\n\n\n\n<h3 class=\"wp-block-heading\">Parc National des \u00c9l\u00e9phants d\u2019Addo<\/h3>\n\n\n\n<p>Les amoureux des \u00e9l\u00e9phants auront tout int\u00e9r\u00eat \u00e0 visiter le <a href=\"https:\/\/mistersafari.com\/fr\/safari-afrique-du-sud\/parcs-reserves\/addo-elephant-park\/\">Parc National Addo Elephant.<\/a> Situ\u00e9 sur la c\u00f4te Sud du pays, il a \u00e9t\u00e9 cr\u00e9\u00e9 pour prot\u00e9ger et d\u00e9velopper la population d\u2019\u00e9l\u00e9phants. Et la mission semble r\u00e9ussie puisque plus de 600 \u00e9l\u00e9phants y ont \u00e9lu domicile.&nbsp;<\/p>\n\n\n\n<p>La superficie de plus de 1600 km2, qui le classe parmi les trois plus grands parcs du pays, abrite une biodiversit\u00e9 riche avec pas moins de 5 \u00e9cosyst\u00e8mes.&nbsp;<\/p>\n\n\n\n<p>Aux c\u00f4t\u00e9s des grands mammif\u00e8res aux d\u00e9fenses d\u2019ivoire, on retrouve des rhinoc\u00e9ros noirs, des lions, des buffles, des hy\u00e8nes, des l\u00e9opards, des hippopotames et bien d\u2019autres (seules les girafes sont absentes). Au-del\u00e0 des animaux terrestres, le Addo Elephant Park vaut le d\u00e9tour pour l\u2019observation des baleines et grands requins blancs qui nagent au large de l\u2019Oc\u00e9an Indien.&nbsp;<\/p>\n\n\n\n<h3 class=\"wp-block-heading\">Parc National Transfrontalier de Kgalagadi<\/h3>\n\n\n\n<p>Deuxi\u00e8me plus grand parc animalier d\u2019Afrique du Sud, le <a class=\"rank-math-link\" href=\"https:\/\/mistersafari.com\/fr\/safari-afrique-du-sud\/parcs-reserves\/parc-transfrontalier-kgalagadi\/\">Parc Transfrontalier de Kgalagadi<\/a> se d\u00e9marque par ses d\u00e9cors atypiques. R\u00e9parti entre le Botswana et l&rsquo;Afrique du Sud, il est majoritairement compos\u00e9 du d\u00e9sert aride de Kalahari.<\/p>\n\n\n\n<p>Les deux pistes principales qui traversent les 2 000 km2 du parc offrent des points de vue qui raviront les photographes (mais pas seulement !), surtout au coucher du soleil. Depuis ces hectares de dunes rouges, vous pourrez observer l\u2019animal embl\u00e9matique du parc : l\u2019oryx. Les grands fauves sont aussi \u00e0 l\u2019honneur. On rencontre des gu\u00e9pards et des hy\u00e8nes. Mais, du Big Five, seuls les lions et les l\u00e9opards sont pr\u00e9sents.&nbsp;<\/p>\n\n\n\n<h3 class=\"wp-block-heading\">Parc National Table Mountain&nbsp;<\/h3>\n\n\n\n<p>Situ\u00e9 sur la c\u00f4te sud-africaine, le Parc National de la Montagne de la Table regroupe la Montagne de la Table, paysage embl\u00e9matique du pays, et la Cap de Bonne Esp\u00e9rance, l\u2019extr\u00e9mit\u00e9 de l\u2019Afrique.&nbsp;<\/p>\n\n\n\n<p>D\u00e9sign\u00e9 comme l\u2019une des 7 merveilles du monde, le lieu a encore plus \u00e0 offrir que son magnifique d\u00e9cor. M\u00eame si les grands mammif\u00e8res africains, dont le Big Five, ne sont pas pr\u00e9sents, vous rencontrerez malgr\u00e9 tout de nombreux animaux, plut\u00f4t originaux. Antilopes, z\u00e8bres et caracals se comptent par milliers. Les babouins y ont \u00e9lu domicile et le nombre d\u2019esp\u00e8ces d\u2019oiseaux observables est impressionnant. Depuis les hauteurs de la montagne, au-del\u00e0 d\u2019une vue \u00e9poustouflante, vous apercevrez des dauphins et des baleines.\u00a0<\/p>\n\n\n\n<h3 class=\"wp-block-heading\">Parc National du Pilanesberg<\/h3>\n\n\n\n<p>Situ\u00e9 au c\u0153ur d\u2019une caldeira de plus de 500 km2, le <a href=\"https:\/\/mistersafari.com\/fr\/safari-afrique-du-sud\/parcs-reserves\/pilanesberg\/\">Parc National du Pilanesberg<\/a> abrite de nombreux animaux sauvages, introduits dans une d\u00e9marche de repeuplement animalier.&nbsp;<\/p>\n\n\n\n<p>Avec ses deux \u00e9cosyst\u00e8mes, d\u2019un c\u00f4t\u00e9 un d\u00e9sert aride et de l\u2019autre une v\u00e9g\u00e9tation luxuriante, il est l\u2019habitat id\u00e9al pour de nombreux animaux : le Big Five, girafes, hippopotames, gu\u00e9pards, \u00e9lans, \u2026&nbsp;<\/p>\n\n\n\n<p class=\"callout-blue\">La r\u00e9serve priv\u00e9e Black Rhino au Nord-Ouest du parc offrira une exp\u00e9rience encore plus intimiste.&nbsp;<\/p>\n\n\n\n<p>Le Parc de Pilanesberg est aussi connu des voyageurs pour la Sun City. Ce complexe h\u00f4telier est un parc d\u2019attraction qui ravira petits et grands avec ses exp\u00e9riences insolites.&nbsp;<\/p>\n\n\n\n<h3 class=\"wp-block-heading\">Parc National Marakele<\/h3>\n\n\n\n<p>Au croisement des r\u00e9gions s\u00e8ches de l\u2019Ouest et des zones humides de l\u2019Est, le Parc National Marakele est un habitat id\u00e9al pour de nombreuses esp\u00e8ces d\u2019animaux.&nbsp; D\u2019un c\u00f4t\u00e9 les hautes montagnes rouges et de l\u2019autre les plaines verdoyantes offrent des paysages parmi les plus beaux du pays. Vous pourrez notamment y observer la plus grande colonie de vautour du Cap, des oiseaux en voie de disparition, mais aussi le Big Five et bien d\u2019autres mammif\u00e8res et oiseaux. N\u2019oubliez pas de monter au Point View, d\u2019o\u00f9 la vue sur la vall\u00e9e est splendide.&nbsp;&nbsp;<\/p>\n\n\n\n<h2 class=\"wp-block-heading\"><span class=\"ez-toc-section\" id=\"les-reserves-en-afrique-du-sud\"><\/span><strong>Les r\u00e9serves<\/strong> en Afrique du Sud<span class=\"ez-toc-section-end\"><\/span><\/h2>\n\n\n\n<h3 class=\"wp-block-heading\">R\u00e9serve de Madikwe<\/h3>\n\n\n\n<p>Zone prot\u00e9g\u00e9e et cr\u00e9\u00e9e par l\u2019Homme il y a une trentaine d\u2019ann\u00e9es, la <a href=\"https:\/\/mistersafari.com\/fr\/safari-afrique-du-sud\/parcs-reserves\/reserve-madikwe\/\" class=\"rank-math-link\">R\u00e9serve de Madikwe<\/a> propose aux visiteurs des exp\u00e9riences inoubliables d\u2019observation des animaux. La faune et la flore y sont particuli\u00e8rement riches et vous aurez la chance de pouvoir les rencontrer en toute tranquillit\u00e9 au cours d\u2019un game drive organis\u00e9 par votre lodge.<\/p>\n\n\n\n<p>Plus de 28 esp\u00e8ces d\u2019animaux ont \u00e9t\u00e9 introduites dans cet espace prot\u00e9g\u00e9 et vivent aujourd\u2019hui en parfaite harmonie. Vous pourrez notamment observer de nombreux lycaons, une esp\u00e8ce menac\u00e9e. Sans oublier le Big Five, de nombreuses antilopes mais aussi des gu\u00e9pards et des hy\u00e8nes. Madikwe fait partie des r\u00e9serves naturelles d\u2019Afrique du Sud les plus appr\u00e9ci\u00e9es !&nbsp;<\/p>\n\n\n\n<h3 class=\"wp-block-heading\">R\u00e9serve de Hluhluwe-Umfolozi<\/h3>\n\n\n\n<p>C\u2019est la plus ancienne des r\u00e9serves africaines, elle est en fait compos\u00e9e de deux r\u00e9serves distinctes : Hluhluwe (prononc\u00e9 chlouchlouw\u00e9) et Imfolozi\/Umfolozi. Il s\u2019agit de l\u2019une des rares r\u00e9serves priv\u00e9es o\u00f9 vous pourrez r\u00e9aliser un safari en self-drive \u00e0 travers les 7 500 km2 de superficie enti\u00e8rement cl\u00f4tur\u00e9e.&nbsp;<\/p>\n\n\n\n<p>La <a href=\"https:\/\/mistersafari.com\/fr\/safari-afrique-du-sud\/parcs-reserves\/hluhluwe-umfolozi\/\" data-type=\"page\" data-id=\"2408\">R\u00e9serve de Hluhluwe-Umfolozi<\/a> dispose de la plus grande concentration de rhinoc\u00e9ros, noirs et blancs (les plus rares) au monde ! Ils cohabitent avec le Big Five et bien d\u2019autres mammif\u00e8res comme les girafes, les lycaons, les gu\u00e9pards ou encore les hippopotames. Les paysages profitent d\u2019une biodiversit\u00e9 riche et offrent des d\u00e9cors splendides.<\/p>\n\n\n\n<h3 class=\"wp-block-heading\">R\u00e9serve Sainte-Lucia<\/h3>\n\n\n\n<p>Pour une visite insolite et hors du commun, la R\u00e9serve de Santa Lucia est un incontournable. Class\u00e9e au patrimoine mondial de l\u2019UNESCO, elle est compos\u00e9e de lacs, de rivi\u00e8re, d\u2019un estuaire, de marais, de dunes, de r\u00e9cifs coralliens cr\u00e9ant ainsi un \u00e9cosyst\u00e8me riche. Les hippopotames et les crocodiles sont rois dans cette r\u00e9gion. C\u2019est aussi le paradis des oiseaux.&nbsp;<\/p>\n\n\n\n<p>Les activit\u00e9s sont nombreuses. Vous aurez l\u2019occasion de parcourir les kilom\u00e8tres de dunes au cours de randonn\u00e9es p\u00e9destres, r\u00e9aliser des croisi\u00e8res pour partir \u00e0 la rencontre des hippopotames et crocodiles, exp\u00e9rimenter les safaris de nuit en 4&#215;4 pour observer les l\u00e9opards ou encore vous essayer \u00e0 la plong\u00e9e en masque et tuba \u00e0 Sodwana Bay.&nbsp;<\/p>\n\n\n\n<h3 class=\"wp-block-heading\">R\u00e9serve Shamwari<\/h3>\n\n\n\n<p>Zone riche et prot\u00e9g\u00e9e, la R\u00e9serve de Shamwari a \u00e9t\u00e9 \u00e9lue meilleure r\u00e9serve mondiale de safari et de conservation pendant plusieurs ann\u00e9es cons\u00e9cutives. Cinq \u00e9cosyst\u00e8mes composent le paysage de Shamwari, qui signifie \u201cmon ami\u201d en langue shona.&nbsp;<\/p>\n\n\n\n<p>Un r\u00e9el travail de d\u00e9fense et de protection d&rsquo;esp\u00e8ces en voie de disparition a \u00e9t\u00e9 men\u00e9 et ces efforts ont port\u00e9 leurs fruits puisque la r\u00e9serve regorge aujourd\u2019hui d\u2019animaux sauvages. Le Big Five est pr\u00e9sent mais aussi des gu\u00e9pards, des rhinoc\u00e9ros, des z\u00e8bres et autres herbivores. La R\u00e9serve de Shamwari propose des prestations luxueuses de game drives matinaux ou en soir\u00e9e mais aussi des randonn\u00e9es \u00e0 pied dans le bush pour une exp\u00e9rience encore plus authentique.&nbsp;<\/p>\n\n\n\n<h2 class=\"wp-block-heading\"><span class=\"ez-toc-section\" id=\"temps-de-trajet-entre-les-parcs-et-reserves-en-afrique-du-sud\"><\/span><strong>Temps de trajet entre les parcs et r\u00e9serves en Afrique du Sud<\/strong><span class=\"ez-toc-section-end\"><\/span><\/h2>\n\n\n\n<p>Lors de l\u2019\u00e9laboration de votre <a href=\"https:\/\/mistersafari.com\/fr\/safari-afrique-du-sud\/circuit\/\" class=\"rank-math-link\">circuit en Afrique du Sud<\/a>, vous avez certainement constat\u00e9 ou vous constaterez que les distances entre les parcs et r\u00e9serves d\u2019Afrique du Sud sont tr\u00e8s grandes. C\u2019est pourquoi les voyageurs multiplient souvent les moyens de transport pour parcourir le pays : avion et <a href=\"https:\/\/mistersafari.com\/fr\/safari-afrique-du-sud\/location-voiture\/\" class=\"rank-math-link\">location de voiture<\/a> notamment.&nbsp;<\/p>\n\n\n\n<p>Pour vous donner un ordre d\u2019id\u00e9e, il faudra pr\u00e8s de 20 heures de trajet en voiture pour relier le pays d\u2019Est en Ouest et plus de 15 heures du Nord au Sud. Vous comprendrez pourquoi nombreux sont les voyageurs qui gagnent du temps en optant pour des transferts en avion.&nbsp;<\/p>\n\n\n\n<p>Voici quelques indications sur les temps de trajets entre les principaux parcs et r\u00e9serves. Comptez environ 15 heures de trajet en voiture pour rejoindre le Parc des \u00c9l\u00e9phants d\u2019Addo ou le Parc Transfrontalier de Kgalagadi depuis le Parc National de Kruger. Entre la R\u00e9serve de Madikwe et la R\u00e9serve de Shamwari, c\u2019est pr\u00e8s de 13 heures de trajet. Enfin, la distance entre le Parc de Pilanesberg et le Parc Table Mountain se parcourt en 17 heures.&nbsp;<\/p>\n","protected":false},"excerpt":{"rendered":"<p>Sur le vaste territoire qu\u2019est l\u2019Afrique du Sud, 3% des terres sont consacr\u00e9es \u00e0 des zones de protection animali\u00e8re. R\u00e9partis dans tout le pays, les parcs et r\u00e9serves d\u2019Afrique du Sud regorgent d\u2019une faune et d\u2019une flore riches qui ravissent les amateurs de safaris authentiques. Quels parcs et r\u00e9serves d\u2019Afrique du Sud visiter ? Suivez &#8230; <a title=\"Parcs et r\u00e9serves en Afrique du Sud\" class=\"read-more\" href=\"https:\/\/mistersafari.com\/fr\/safari-afrique-du-sud\/parcs-reserves\/\" aria-label=\"En savoir plus sur Parcs et r\u00e9serves en Afrique du Sud\">Lire la suite<\/a><\/p>\n","protected":false},"author":3,"featured_media":6737,"parent":1093,"menu_order":0,"comment_status":"closed","ping_status":"closed","template":"","meta":{"_acf_changed":false,"footnotes":""},"content_type":[],"country":[],"class_list":{"0":"post-1095","1":"page","2":"type-page","3":"status-publish","4":"has-post-thumbnail","6":"no-featured-image-padding"},"acf":{"hreflang":null},"_links":{"self":[{"href":"https:\/\/mistersafari.com\/fr\/wp-json\/wp\/v2\/pages\/1095","targetHints":{"allow":["GET"]}}],"collection":[{"href":"https:\/\/mistersafari.com\/fr\/wp-json\/wp\/v2\/pages"}],"about":[{"href":"https:\/\/mistersafari.com\/fr\/wp-json\/wp\/v2\/types\/page"}],"author":[{"embeddable":true,"href":"https:\/\/mistersafari.com\/fr\/wp-json\/wp\/v2\/users\/3"}],"replies":[{"embeddable":true,"href":"https:\/\/mistersafari.com\/fr\/wp-json\/wp\/v2\/comments?post=1095"}],"version-history":[{"count":11,"href":"https:\/\/mistersafari.com\/fr\/wp-json\/wp\/v2\/pages\/1095\/revisions"}],"predecessor-version":[{"id":6739,"href":"https:\/\/mistersafari.com\/fr\/wp-json\/wp\/v2\/pages\/1095\/revisions\/6739"}],"up":[{"embeddable":true,"href":"https:\/\/mistersafari.com\/fr\/wp-json\/wp\/v2\/pages\/1093"}],"wp:featuredmedia":[{"embeddable":true,"href":"https:\/\/mistersafari.com\/fr\/wp-json\/wp\/v2\/media\/6737"}],"wp:attachment":[{"href":"https:\/\/mistersafari.com\/fr\/wp-json\/wp\/v2\/media?parent=1095"}],"wp:term":[{"taxonomy":"content_type","embeddable":true,"href":"https:\/\/mistersafari.com\/fr\/wp-json\/wp\/v2\/content_type?post=1095"},{"taxonomy":"country","embeddable":true,"href":"https:\/\/mistersafari.com\/fr\/wp-json\/wp\/v2\/country?post=1095"}],"curies":[{"name":"wp","href":"https:\/\/api.w.org\/{rel}","templated":true}]}}